{"id":7912,"date":"2020-05-25T12:17:46","date_gmt":"2020-05-25T12:17:46","guid":{"rendered":"https:\/\/akum.lv\/veikals\/uncategorized\/powerline-6v-12v-4-5a-automatic-charger-for-lead-acid-gel-agm-lthium-lifepo4-battery-ladetajs\/"},"modified":"2020-05-25T13:09:54","modified_gmt":"2020-05-25T13:09:54","slug":"powerline-6v-12v-4-5a-automatic-charger-for-lead-acid-gel-agm-lthium-lifepo4-battery-ladetajs","status":"publish","type":"product","link":"https:\/\/akum.lv\/en\/prece\/powerline-6v-12v-4-5a-automatic-charger-for-lead-acid-gel-agm-lthium-lifepo4-battery-ladetajs\/","title":{"rendered":"POWERLINE 6V &#038; 12V-4,5A Automatic Charger for Lead-Acid, GEL, AGM, Lthium LiFePO4 battery (l\u0101d\u0113t\u0101js)"},"content":{"rendered":"","protected":false},"excerpt":{"rendered":"<p><strong>POWERLINE 6V &amp; 12V-4,5A<\/strong> Automatic Charger for Lead-Acid, GEL, AGM, Lthium LiFePO4 battery (l\u0101d\u0113t\u0101js)<\/p>\n<p>\u0410utom\u0101tiskais l\u0101d\u0113t\u0101js svina-sk\u0101bju, GEL, AGM, Lthium LiFePO4 akumulatoram (l\u0101d\u0113t\u0101js)<br \/>\n&#8211; Ar autom\u0101tisk\u0101s atmi\u0146as funkciju p\u0113c baro\u0161anas restart\u0113\u0161anas<br \/>\n&#8211; Pilna jaudas uzl\u0101de<br \/>\n&#8211; pastiprin\u0101\u0161anas re\u017e\u012bms un baro\u0161anas re\u017e\u012bms<br \/>\n&#8211; selekt\u012bvs re\u017e\u012bms AGM un ziemas apst\u0101k\u013ciem<br \/>\n&#8211; Piem\u0113rots kalcija \/ svina sk\u0101bes \/ AGM \/ GEL un litija LiFePO4 akumulatoriem<\/p>\n<p><strong>Model \u2013 6V &amp; 12V-4,5A<\/strong><\/p>\n<p>\u2013 With auto memory function after Power restart<br \/>\n\u2013 Full Power charging<br \/>\n\u2013 Boost mode and Power Supply mode<br \/>\n\u2013 Selective mode for AGM and Winter condition<br \/>\n\u2013 Fit for Calcium \/ Lead Acid \/ AGM \/ Gel and Lthium LiFePO4 batteries<\/p>\n<p>Input Voltage: AC 100-240V, 50\/60Hz<br \/>\nInput Power: Max. 75W<br \/>\nInput Cable: With Cable (Desktop Case)<br \/>\nCharging End Voltage<br \/>\n6V batteries: 7.2V<br \/>\n12V Batteries: 14.4V or 14.7<br \/>\nCharging Battery Type: 12V Batteries: 7-120AH<br \/>\nDead Battery Restoration: 6V &amp; 12V Batteries<br \/>\nAbnormal Protection: Short Circuit, Battery Defective, and Reverse Connection<br \/>\nCharging Mode: 6 Steps With Fully Automatic Switch Mode<br \/>\nMaterial Of Housing: Polycarbonate<br \/>\nApplication: Used in Motorcycle, Snowbike, Car<\/p>\n<p>&nbsp;<\/p>\n<p>&nbsp;<\/p>\n","protected":false},"featured_media":7910,"template":"","meta":[],"pwb-brand":[],"product_brand":[],"product_cat":[252],"product_tag":[393,387,325],"class_list":{"0":"post-7912","1":"product","2":"type-product","3":"status-publish","4":"has-post-thumbnail","6":"product_cat-chargers-for-lead-acid-and-lifepo4-batteries","7":"product_tag-news","8":"product_tag-products-for-automobiles","9":"product_tag-products-for-fishermans","11":"first","12":"instock","13":"taxable","14":"shipping-taxable","15":"purchasable","16":"product-type-simple"},"yoast_head":"<!-- This site is optimized with the Yoast SEO plugin v26.7 - https:\/\/yoast.com\/wordpress\/plugins\/seo\/ -->\n<title>POWERLINE 6V &amp; 12V-4,5A Automatic Charger for Lead-Acid, GEL, AGM, Lthium LiFePO4 battery (l\u0101d\u0113t\u0101js) - www.akum.lv<\/title>\n<meta name=\"robots\" content=\"index, follow, max-snippet:-1, max-image-preview:large, max-video-preview:-1\" \/>\n<link rel=\"canonical\" href=\"https:\/\/akum.lv\/en\/prece\/powerline-6v-12v-4-5a-automatic-charger-for-lead-acid-gel-agm-lthium-lifepo4-battery-ladetajs\/\" \/>\n<meta property=\"og:locale\" content=\"en_US\" \/>\n<meta property=\"og:type\" content=\"article\" \/>\n<meta property=\"og:title\" content=\"POWERLINE 6V &amp; 12V-4,5A Automatic Charger for Lead-Acid, GEL, AGM, Lthium LiFePO4 battery (l\u0101d\u0113t\u0101js) - www.akum.lv\" \/>\n<meta property=\"og:description\" content=\"POWERLINE 6V &amp; 12V-4,5A Automatic Charger for Lead-Acid, GEL, AGM, Lthium LiFePO4 battery (l\u0101d\u0113t\u0101js)  \u0410utom\u0101tiskais l\u0101d\u0113t\u0101js svina-sk\u0101bju, GEL, AGM, Lthium LiFePO4 akumulatoram (l\u0101d\u0113t\u0101js) - Ar autom\u0101tisk\u0101s atmi\u0146as funkciju p\u0113c baro\u0161anas restart\u0113\u0161anas - Pilna jaudas uzl\u0101de - pastiprin\u0101\u0161anas re\u017e\u012bms un baro\u0161anas re\u017e\u012bms - selekt\u012bvs re\u017e\u012bms AGM un ziemas apst\u0101k\u013ciem - Piem\u0113rots kalcija \/ svina sk\u0101bes \/ AGM \/ GEL un litija LiFePO4 akumulatoriem  Model \u2013 6V &amp; 12V-4,5A  \u2013 With auto memory function after Power restart \u2013 Full Power charging \u2013 Boost mode and Power Supply mode \u2013 Selective mode for AGM and Winter condition \u2013 Fit for Calcium \/ Lead Acid \/ AGM \/ Gel and Lthium LiFePO4 batteries  Input Voltage: AC 100-240V, 50\/60Hz Input Power: Max. 75W Input Cable: With Cable (Desktop Case) Charging End Voltage 6V batteries: 7.2V 12V Batteries: 14.4V or 14.7 Charging Battery Type: 12V Batteries: 7-120AH Dead Battery Restoration: 6V &amp; 12V Batteries Abnormal Protection: Short Circuit, Battery Defective, and Reverse Connection Charging Mode: 6 Steps With Fully Automatic Switch Mode Material Of Housing: Polycarbonate Application: Used in Motorcycle, Snowbike, Car  &nbsp;  &nbsp;\" \/>\n<meta property=\"og:url\" content=\"https:\/\/akum.lv\/en\/prece\/powerline-6v-12v-4-5a-automatic-charger-for-lead-acid-gel-agm-lthium-lifepo4-battery-ladetajs\/\" \/>\n<meta property=\"og:site_name\" content=\"www.akum.lv\" \/>\n<meta property=\"article:modified_time\" content=\"2020-05-25T13:09:54+00:00\" \/>\n<meta property=\"og:image\" content=\"https:\/\/akum.lv\/wp-content\/uploads\/2020\/05\/PL-12V-45A.jpg\" \/>\n\t<meta property=\"og:image:width\" content=\"545\" \/>\n\t<meta property=\"og:image:height\" content=\"450\" \/>\n\t<meta property=\"og:image:type\" content=\"image\/jpeg\" \/>\n<meta name=\"twitter:card\" content=\"summary_large_image\" \/>\n<script type=\"application\/ld+json\" class=\"yoast-schema-graph\">{\"@context\":\"https:\/\/schema.org\",\"@graph\":[{\"@type\":\"WebPage\",\"@id\":\"https:\/\/akum.lv\/en\/prece\/powerline-6v-12v-4-5a-automatic-charger-for-lead-acid-gel-agm-lthium-lifepo4-battery-ladetajs\/\",\"url\":\"https:\/\/akum.lv\/en\/prece\/powerline-6v-12v-4-5a-automatic-charger-for-lead-acid-gel-agm-lthium-lifepo4-battery-ladetajs\/\",\"name\":\"POWERLINE 6V & 12V-4,5A Automatic Charger for Lead-Acid, GEL, AGM, Lthium LiFePO4 battery (l\u0101d\u0113t\u0101js) - www.akum.lv\",\"isPartOf\":{\"@id\":\"https:\/\/akum.lv\/#website\"},\"primaryImageOfPage\":{\"@id\":\"https:\/\/akum.lv\/en\/prece\/powerline-6v-12v-4-5a-automatic-charger-for-lead-acid-gel-agm-lthium-lifepo4-battery-ladetajs\/#primaryimage\"},\"image\":{\"@id\":\"https:\/\/akum.lv\/en\/prece\/powerline-6v-12v-4-5a-automatic-charger-for-lead-acid-gel-agm-lthium-lifepo4-battery-ladetajs\/#primaryimage\"},\"thumbnailUrl\":\"https:\/\/akum.lv\/wp-content\/uploads\/2020\/05\/PL-12V-45A.jpg\",\"datePublished\":\"2020-05-25T12:17:46+00:00\",\"dateModified\":\"2020-05-25T13:09:54+00:00\",\"breadcrumb\":{\"@id\":\"https:\/\/akum.lv\/en\/prece\/powerline-6v-12v-4-5a-automatic-charger-for-lead-acid-gel-agm-lthium-lifepo4-battery-ladetajs\/#breadcrumb\"},\"inLanguage\":\"en-US\",\"potentialAction\":[{\"@type\":\"ReadAction\",\"target\":[\"https:\/\/akum.lv\/en\/prece\/powerline-6v-12v-4-5a-automatic-charger-for-lead-acid-gel-agm-lthium-lifepo4-battery-ladetajs\/\"]}]},{\"@type\":\"ImageObject\",\"inLanguage\":\"en-US\",\"@id\":\"https:\/\/akum.lv\/en\/prece\/powerline-6v-12v-4-5a-automatic-charger-for-lead-acid-gel-agm-lthium-lifepo4-battery-ladetajs\/#primaryimage\",\"url\":\"https:\/\/akum.lv\/wp-content\/uploads\/2020\/05\/PL-12V-45A.jpg\",\"contentUrl\":\"https:\/\/akum.lv\/wp-content\/uploads\/2020\/05\/PL-12V-45A.jpg\",\"width\":545,\"height\":450},{\"@type\":\"BreadcrumbList\",\"@id\":\"https:\/\/akum.lv\/en\/prece\/powerline-6v-12v-4-5a-automatic-charger-for-lead-acid-gel-agm-lthium-lifepo4-battery-ladetajs\/#breadcrumb\",\"itemListElement\":[{\"@type\":\"ListItem\",\"position\":1,\"name\":\"\u0413\u043b\u0430\u0432\u043d\u0430\u044f \u0441\u0442\u0440\u0430\u043d\u0438\u0446\u0430\",\"item\":\"https:\/\/akum.lv\/en\/\"},{\"@type\":\"ListItem\",\"position\":2,\"name\":\"PRECES\",\"item\":\"https:\/\/akum.lv\/produkti-preces\/\"},{\"@type\":\"ListItem\",\"position\":3,\"name\":\"POWERLINE 6V &#038; 12V-4,5A Automatic Charger for Lead-Acid, GEL, AGM, Lthium LiFePO4 battery (l\u0101d\u0113t\u0101js)\"}]},{\"@type\":\"WebSite\",\"@id\":\"https:\/\/akum.lv\/#website\",\"url\":\"https:\/\/akum.lv\/\",\"name\":\"www.akum.lv\",\"description\":\"Akumulatoru p\u0101rdev\u0113js | \u041f\u0440\u043e\u0434\u0430\u0432\u0435\u0446 \u0430\u043a\u043a\u0443\u043c\u0443\u043b\u044f\u0442\u043e\u0440\u043e\u0432 | Battery seller\",\"publisher\":{\"@id\":\"https:\/\/akum.lv\/#organization\"},\"potentialAction\":[{\"@type\":\"SearchAction\",\"target\":{\"@type\":\"EntryPoint\",\"urlTemplate\":\"https:\/\/akum.lv\/?s={search_term_string}\"},\"query-input\":{\"@type\":\"PropertyValueSpecification\",\"valueRequired\":true,\"valueName\":\"search_term_string\"}}],\"inLanguage\":\"en-US\"},{\"@type\":\"Organization\",\"@id\":\"https:\/\/akum.lv\/#organization\",\"name\":\"HubEnergy\",\"url\":\"https:\/\/akum.lv\/\",\"logo\":{\"@type\":\"ImageObject\",\"inLanguage\":\"en-US\",\"@id\":\"https:\/\/akum.lv\/#\/schema\/logo\/image\/\",\"url\":\"https:\/\/akum.lv\/wp-content\/uploads\/2018\/08\/Logo-hub-energy-2018-seller-dark-blue.png\",\"contentUrl\":\"https:\/\/akum.lv\/wp-content\/uploads\/2018\/08\/Logo-hub-energy-2018-seller-dark-blue.png\",\"width\":381,\"height\":75,\"caption\":\"HubEnergy\"},\"image\":{\"@id\":\"https:\/\/akum.lv\/#\/schema\/logo\/image\/\"}}]}<\/script>\n<!-- \/ Yoast SEO plugin. -->","yoast_head_json":{"title":"POWERLINE 6V & 12V-4,5A Automatic Charger for Lead-Acid, GEL, AGM, Lthium LiFePO4 battery (l\u0101d\u0113t\u0101js) - www.akum.lv","robots":{"index":"index","follow":"follow","max-snippet":"max-snippet:-1","max-image-preview":"max-image-preview:large","max-video-preview":"max-video-preview:-1"},"canonical":"https:\/\/akum.lv\/en\/prece\/powerline-6v-12v-4-5a-automatic-charger-for-lead-acid-gel-agm-lthium-lifepo4-battery-ladetajs\/","og_locale":"en_US","og_type":"article","og_title":"POWERLINE 6V & 12V-4,5A Automatic Charger for Lead-Acid, GEL, AGM, Lthium LiFePO4 battery (l\u0101d\u0113t\u0101js) - www.akum.lv","og_description":"POWERLINE 6V &amp; 12V-4,5A Automatic Charger for Lead-Acid, GEL, AGM, Lthium LiFePO4 battery (l\u0101d\u0113t\u0101js)  \u0410utom\u0101tiskais l\u0101d\u0113t\u0101js svina-sk\u0101bju, GEL, AGM, Lthium LiFePO4 akumulatoram (l\u0101d\u0113t\u0101js) - Ar autom\u0101tisk\u0101s atmi\u0146as funkciju p\u0113c baro\u0161anas restart\u0113\u0161anas - Pilna jaudas uzl\u0101de - pastiprin\u0101\u0161anas re\u017e\u012bms un baro\u0161anas re\u017e\u012bms - selekt\u012bvs re\u017e\u012bms AGM un ziemas apst\u0101k\u013ciem - Piem\u0113rots kalcija \/ svina sk\u0101bes \/ AGM \/ GEL un litija LiFePO4 akumulatoriem  Model \u2013 6V &amp; 12V-4,5A  \u2013 With auto memory function after Power restart \u2013 Full Power charging \u2013 Boost mode and Power Supply mode \u2013 Selective mode for AGM and Winter condition \u2013 Fit for Calcium \/ Lead Acid \/ AGM \/ Gel and Lthium LiFePO4 batteries  Input Voltage: AC 100-240V, 50\/60Hz Input Power: Max. 75W Input Cable: With Cable (Desktop Case) Charging End Voltage 6V batteries: 7.2V 12V Batteries: 14.4V or 14.7 Charging Battery Type: 12V Batteries: 7-120AH Dead Battery Restoration: 6V &amp; 12V Batteries Abnormal Protection: Short Circuit, Battery Defective, and Reverse Connection Charging Mode: 6 Steps With Fully Automatic Switch Mode Material Of Housing: Polycarbonate Application: Used in Motorcycle, Snowbike, Car  &nbsp;  &nbsp;","og_url":"https:\/\/akum.lv\/en\/prece\/powerline-6v-12v-4-5a-automatic-charger-for-lead-acid-gel-agm-lthium-lifepo4-battery-ladetajs\/","og_site_name":"www.akum.lv","article_modified_time":"2020-05-25T13:09:54+00:00","og_image":[{"width":545,"height":450,"url":"https:\/\/akum.lv\/wp-content\/uploads\/2020\/05\/PL-12V-45A.jpg","type":"image\/jpeg"}],"twitter_card":"summary_large_image","schema":{"@context":"https:\/\/schema.org","@graph":[{"@type":"WebPage","@id":"https:\/\/akum.lv\/en\/prece\/powerline-6v-12v-4-5a-automatic-charger-for-lead-acid-gel-agm-lthium-lifepo4-battery-ladetajs\/","url":"https:\/\/akum.lv\/en\/prece\/powerline-6v-12v-4-5a-automatic-charger-for-lead-acid-gel-agm-lthium-lifepo4-battery-ladetajs\/","name":"POWERLINE 6V & 12V-4,5A Automatic Charger for Lead-Acid, GEL, AGM, Lthium LiFePO4 battery (l\u0101d\u0113t\u0101js) - www.akum.lv","isPartOf":{"@id":"https:\/\/akum.lv\/#website"},"primaryImageOfPage":{"@id":"https:\/\/akum.lv\/en\/prece\/powerline-6v-12v-4-5a-automatic-charger-for-lead-acid-gel-agm-lthium-lifepo4-battery-ladetajs\/#primaryimage"},"image":{"@id":"https:\/\/akum.lv\/en\/prece\/powerline-6v-12v-4-5a-automatic-charger-for-lead-acid-gel-agm-lthium-lifepo4-battery-ladetajs\/#primaryimage"},"thumbnailUrl":"https:\/\/akum.lv\/wp-content\/uploads\/2020\/05\/PL-12V-45A.jpg","datePublished":"2020-05-25T12:17:46+00:00","dateModified":"2020-05-25T13:09:54+00:00","breadcrumb":{"@id":"https:\/\/akum.lv\/en\/prece\/powerline-6v-12v-4-5a-automatic-charger-for-lead-acid-gel-agm-lthium-lifepo4-battery-ladetajs\/#breadcrumb"},"inLanguage":"en-US","potentialAction":[{"@type":"ReadAction","target":["https:\/\/akum.lv\/en\/prece\/powerline-6v-12v-4-5a-automatic-charger-for-lead-acid-gel-agm-lthium-lifepo4-battery-ladetajs\/"]}]},{"@type":"ImageObject","inLanguage":"en-US","@id":"https:\/\/akum.lv\/en\/prece\/powerline-6v-12v-4-5a-automatic-charger-for-lead-acid-gel-agm-lthium-lifepo4-battery-ladetajs\/#primaryimage","url":"https:\/\/akum.lv\/wp-content\/uploads\/2020\/05\/PL-12V-45A.jpg","contentUrl":"https:\/\/akum.lv\/wp-content\/uploads\/2020\/05\/PL-12V-45A.jpg","width":545,"height":450},{"@type":"BreadcrumbList","@id":"https:\/\/akum.lv\/en\/prece\/powerline-6v-12v-4-5a-automatic-charger-for-lead-acid-gel-agm-lthium-lifepo4-battery-ladetajs\/#breadcrumb","itemListElement":[{"@type":"ListItem","position":1,"name":"\u0413\u043b\u0430\u0432\u043d\u0430\u044f \u0441\u0442\u0440\u0430\u043d\u0438\u0446\u0430","item":"https:\/\/akum.lv\/en\/"},{"@type":"ListItem","position":2,"name":"PRECES","item":"https:\/\/akum.lv\/produkti-preces\/"},{"@type":"ListItem","position":3,"name":"POWERLINE 6V &#038; 12V-4,5A Automatic Charger for Lead-Acid, GEL, AGM, Lthium LiFePO4 battery (l\u0101d\u0113t\u0101js)"}]},{"@type":"WebSite","@id":"https:\/\/akum.lv\/#website","url":"https:\/\/akum.lv\/","name":"www.akum.lv","description":"Akumulatoru p\u0101rdev\u0113js | \u041f\u0440\u043e\u0434\u0430\u0432\u0435\u0446 \u0430\u043a\u043a\u0443\u043c\u0443\u043b\u044f\u0442\u043e\u0440\u043e\u0432 | Battery seller","publisher":{"@id":"https:\/\/akum.lv\/#organization"},"potentialAction":[{"@type":"SearchAction","target":{"@type":"EntryPoint","urlTemplate":"https:\/\/akum.lv\/?s={search_term_string}"},"query-input":{"@type":"PropertyValueSpecification","valueRequired":true,"valueName":"search_term_string"}}],"inLanguage":"en-US"},{"@type":"Organization","@id":"https:\/\/akum.lv\/#organization","name":"HubEnergy","url":"https:\/\/akum.lv\/","logo":{"@type":"ImageObject","inLanguage":"en-US","@id":"https:\/\/akum.lv\/#\/schema\/logo\/image\/","url":"https:\/\/akum.lv\/wp-content\/uploads\/2018\/08\/Logo-hub-energy-2018-seller-dark-blue.png","contentUrl":"https:\/\/akum.lv\/wp-content\/uploads\/2018\/08\/Logo-hub-energy-2018-seller-dark-blue.png","width":381,"height":75,"caption":"HubEnergy"},"image":{"@id":"https:\/\/akum.lv\/#\/schema\/logo\/image\/"}}]}},"brands":[],"_links":{"self":[{"href":"https:\/\/akum.lv\/en\/wp-json\/wp\/v2\/product\/7912","targetHints":{"allow":["GET"]}}],"collection":[{"href":"https:\/\/akum.lv\/en\/wp-json\/wp\/v2\/product"}],"about":[{"href":"https:\/\/akum.lv\/en\/wp-json\/wp\/v2\/types\/product"}],"wp:featuredmedia":[{"embeddable":true,"href":"https:\/\/akum.lv\/en\/wp-json\/wp\/v2\/media\/7910"}],"wp:attachment":[{"href":"https:\/\/akum.lv\/en\/wp-json\/wp\/v2\/media?parent=7912"}],"wp:term":[{"taxonomy":"pwb-brand","embeddable":true,"href":"https:\/\/akum.lv\/en\/wp-json\/wp\/v2\/pwb-brand?post=7912"},{"taxonomy":"product_brand","embeddable":true,"href":"https:\/\/akum.lv\/en\/wp-json\/wp\/v2\/product_brand?post=7912"},{"taxonomy":"product_cat","embeddable":true,"href":"https:\/\/akum.lv\/en\/wp-json\/wp\/v2\/product_cat?post=7912"},{"taxonomy":"product_tag","embeddable":true,"href":"https:\/\/akum.lv\/en\/wp-json\/wp\/v2\/product_tag?post=7912"}],"curies":[{"name":"wp","href":"https:\/\/api.w.org\/{rel}","templated":true}]}}