{"id":7865,"date":"2020-05-20T10:36:25","date_gmt":"2020-05-20T10:36:25","guid":{"rendered":"https:\/\/akum.lv\/veikals\/uncategorized\/volt-polska-6a-max-6v-12v-6a-universal-charger-ladesanas-ierice\/"},"modified":"2020-05-20T10:51:22","modified_gmt":"2020-05-20T10:51:22","slug":"volt-polska-6a-max-6v-12v-6a-universal-charger-ladesanas-ierice","status":"publish","type":"product","link":"https:\/\/akum.lv\/en\/prece\/volt-polska-6a-max-6v-12v-6a-universal-charger-ladesanas-ierice\/","title":{"rendered":"VOLT POLSKA 6A MAX 6V \/ 12V &#8211; 6A Universal charger  l\u0101d\u0113\u0161anas ier\u012bce"},"content":{"rendered":"","protected":false},"excerpt":{"rendered":"<p>VOLT POLSKA 6A MAX 6V \/ 12V &#8211; 6A Universal charger l\u0101d\u0113\u0161anas ier\u012bce<\/p>\n<p>The initial charging current is 6A for 12V batteries, and 3V for 6V by default.<\/p>\n<p>A clear control panel with LEDs shows the current value of the charging current. When the battery is fully charged, the charger automatically enters the mode of maintaining voltage and charging with a low pulse current.<\/p>\n<p>A very useful feature is battery regeneration. It is designed to charge 12 V batteries with a voltage below 8 V. In this mode, the charger will begin to charge a battery with a low current of 1.5 A until it reaches 10.5 V \u00b1 0.25 V, and then switches to normal operation .<\/p>\n<p>Everything is made of good quality materials, which guarantees durability. The device complies with the IP65 standard, which means that it is dustproof and splashproof.<\/p>\n<p>Main advantages<br \/>\nFor charging lead acid batteries 6 V and 12 V (SLA (wet), MF, AGM and GEL)<br \/>\nAutomatic charge voltage selection<br \/>\nChoice of maximum charging current<br \/>\nNo risk of reloading<br \/>\nElectronic protection against incorrect pole connections<br \/>\noverheat protection<br \/>\nFull protection against short circuit and reverse polarity<br \/>\nClear performance<br \/>\nRegeneration of 12 V batteries: if the voltage of the 12 V battery drops to 8 V, you can use the regeneration mode<\/p>\n<p>Specifications:<br \/>\nInput voltage: 220 &#8211; 240 V ~ 50\/60 Hz<br \/>\nOutput voltage: 6 V (7.2 V \u00b1 0.2 V) \/ 12 V (14.4 V \u00b1 0.25 V)<br \/>\nStorage Temperature Range: -10 \u00b0 C to 40 \u00b0 C<br \/>\nRated Power: 72 W<br \/>\nRated current: 6 A \/ 3 A \/ 1.5 A<br \/>\nMaximum rechargeable battery capacity: up to 105 Ah<br \/>\nEnclosure rating: IP 65<\/p>\n","protected":false},"featured_media":7863,"template":"","meta":[],"pwb-brand":[611],"product_brand":[],"product_cat":[252],"product_tag":[387,325],"class_list":{"0":"post-7865","1":"product","2":"type-product","3":"status-publish","4":"has-post-thumbnail","6":"pwb-brand-volt-polska-en-2","7":"product_cat-chargers-for-lead-acid-and-lifepo4-batteries","8":"product_tag-products-for-automobiles","9":"product_tag-products-for-fishermans","11":"first","12":"instock","13":"taxable","14":"shipping-taxable","15":"purchasable","16":"product-type-simple"},"yoast_head":"<!-- This site is optimized with the Yoast SEO plugin v26.7 - https:\/\/yoast.com\/wordpress\/plugins\/seo\/ -->\n<title>VOLT POLSKA 6A MAX 6V \/ 12V - 6A Universal charger l\u0101d\u0113\u0161anas ier\u012bce - www.akum.lv<\/title>\n<meta name=\"robots\" content=\"index, follow, max-snippet:-1, max-image-preview:large, max-video-preview:-1\" \/>\n<link rel=\"canonical\" href=\"https:\/\/akum.lv\/en\/prece\/volt-polska-6a-max-6v-12v-6a-universal-charger-ladesanas-ierice\/\" \/>\n<meta property=\"og:locale\" content=\"en_US\" \/>\n<meta property=\"og:type\" content=\"article\" \/>\n<meta property=\"og:title\" content=\"VOLT POLSKA 6A MAX 6V \/ 12V - 6A Universal charger l\u0101d\u0113\u0161anas ier\u012bce - www.akum.lv\" \/>\n<meta property=\"og:description\" content=\"VOLT POLSKA 6A MAX 6V \/ 12V - 6A Universal charger l\u0101d\u0113\u0161anas ier\u012bce  The initial charging current is 6A for 12V batteries, and 3V for 6V by default.  A clear control panel with LEDs shows the current value of the charging current. When the battery is fully charged, the charger automatically enters the mode of maintaining voltage and charging with a low pulse current.  A very useful feature is battery regeneration. It is designed to charge 12 V batteries with a voltage below 8 V. In this mode, the charger will begin to charge a battery with a low current of 1.5 A until it reaches 10.5 V \u00b1 0.25 V, and then switches to normal operation .  Everything is made of good quality materials, which guarantees durability. The device complies with the IP65 standard, which means that it is dustproof and splashproof.  Main advantages For charging lead acid batteries 6 V and 12 V (SLA (wet), MF, AGM and GEL) Automatic charge voltage selection Choice of maximum charging current No risk of reloading Electronic protection against incorrect pole connections overheat protection Full protection against short circuit and reverse polarity Clear performance Regeneration of 12 V batteries: if the voltage of the 12 V battery drops to 8 V, you can use the regeneration mode  Specifications: Input voltage: 220 - 240 V ~ 50\/60 Hz Output voltage: 6 V (7.2 V \u00b1 0.2 V) \/ 12 V (14.4 V \u00b1 0.25 V) Storage Temperature Range: -10 \u00b0 C to 40 \u00b0 C Rated Power: 72 W Rated current: 6 A \/ 3 A \/ 1.5 A Maximum rechargeable battery capacity: up to 105 Ah Enclosure rating: IP 65\" \/>\n<meta property=\"og:url\" content=\"https:\/\/akum.lv\/en\/prece\/volt-polska-6a-max-6v-12v-6a-universal-charger-ladesanas-ierice\/\" \/>\n<meta property=\"og:site_name\" content=\"www.akum.lv\" \/>\n<meta property=\"article:modified_time\" content=\"2020-05-20T10:51:22+00:00\" \/>\n<meta property=\"og:image\" content=\"https:\/\/akum.lv\/wp-content\/uploads\/2020\/05\/6A-MAX.jpg\" \/>\n\t<meta property=\"og:image:width\" content=\"425\" \/>\n\t<meta property=\"og:image:height\" content=\"392\" \/>\n\t<meta property=\"og:image:type\" content=\"image\/jpeg\" \/>\n<meta name=\"twitter:card\" content=\"summary_large_image\" \/>\n<script type=\"application\/ld+json\" class=\"yoast-schema-graph\">{\"@context\":\"https:\/\/schema.org\",\"@graph\":[{\"@type\":\"WebPage\",\"@id\":\"https:\/\/akum.lv\/en\/prece\/volt-polska-6a-max-6v-12v-6a-universal-charger-ladesanas-ierice\/\",\"url\":\"https:\/\/akum.lv\/en\/prece\/volt-polska-6a-max-6v-12v-6a-universal-charger-ladesanas-ierice\/\",\"name\":\"VOLT POLSKA 6A MAX 6V \/ 12V - 6A Universal charger l\u0101d\u0113\u0161anas ier\u012bce - www.akum.lv\",\"isPartOf\":{\"@id\":\"https:\/\/akum.lv\/#website\"},\"primaryImageOfPage\":{\"@id\":\"https:\/\/akum.lv\/en\/prece\/volt-polska-6a-max-6v-12v-6a-universal-charger-ladesanas-ierice\/#primaryimage\"},\"image\":{\"@id\":\"https:\/\/akum.lv\/en\/prece\/volt-polska-6a-max-6v-12v-6a-universal-charger-ladesanas-ierice\/#primaryimage\"},\"thumbnailUrl\":\"https:\/\/akum.lv\/wp-content\/uploads\/2020\/05\/6A-MAX.jpg\",\"datePublished\":\"2020-05-20T10:36:25+00:00\",\"dateModified\":\"2020-05-20T10:51:22+00:00\",\"breadcrumb\":{\"@id\":\"https:\/\/akum.lv\/en\/prece\/volt-polska-6a-max-6v-12v-6a-universal-charger-ladesanas-ierice\/#breadcrumb\"},\"inLanguage\":\"en-US\",\"potentialAction\":[{\"@type\":\"ReadAction\",\"target\":[\"https:\/\/akum.lv\/en\/prece\/volt-polska-6a-max-6v-12v-6a-universal-charger-ladesanas-ierice\/\"]}]},{\"@type\":\"ImageObject\",\"inLanguage\":\"en-US\",\"@id\":\"https:\/\/akum.lv\/en\/prece\/volt-polska-6a-max-6v-12v-6a-universal-charger-ladesanas-ierice\/#primaryimage\",\"url\":\"https:\/\/akum.lv\/wp-content\/uploads\/2020\/05\/6A-MAX.jpg\",\"contentUrl\":\"https:\/\/akum.lv\/wp-content\/uploads\/2020\/05\/6A-MAX.jpg\",\"width\":425,\"height\":392},{\"@type\":\"BreadcrumbList\",\"@id\":\"https:\/\/akum.lv\/en\/prece\/volt-polska-6a-max-6v-12v-6a-universal-charger-ladesanas-ierice\/#breadcrumb\",\"itemListElement\":[{\"@type\":\"ListItem\",\"position\":1,\"name\":\"\u0413\u043b\u0430\u0432\u043d\u0430\u044f \u0441\u0442\u0440\u0430\u043d\u0438\u0446\u0430\",\"item\":\"https:\/\/akum.lv\/en\/\"},{\"@type\":\"ListItem\",\"position\":2,\"name\":\"PRECES\",\"item\":\"https:\/\/akum.lv\/produkti-preces\/\"},{\"@type\":\"ListItem\",\"position\":3,\"name\":\"VOLT POLSKA 6A MAX 6V \/ 12V &#8211; 6A Universal charger l\u0101d\u0113\u0161anas ier\u012bce\"}]},{\"@type\":\"WebSite\",\"@id\":\"https:\/\/akum.lv\/#website\",\"url\":\"https:\/\/akum.lv\/\",\"name\":\"www.akum.lv\",\"description\":\"Akumulatoru p\u0101rdev\u0113js | \u041f\u0440\u043e\u0434\u0430\u0432\u0435\u0446 \u0430\u043a\u043a\u0443\u043c\u0443\u043b\u044f\u0442\u043e\u0440\u043e\u0432 | Battery seller\",\"publisher\":{\"@id\":\"https:\/\/akum.lv\/#organization\"},\"potentialAction\":[{\"@type\":\"SearchAction\",\"target\":{\"@type\":\"EntryPoint\",\"urlTemplate\":\"https:\/\/akum.lv\/?s={search_term_string}\"},\"query-input\":{\"@type\":\"PropertyValueSpecification\",\"valueRequired\":true,\"valueName\":\"search_term_string\"}}],\"inLanguage\":\"en-US\"},{\"@type\":\"Organization\",\"@id\":\"https:\/\/akum.lv\/#organization\",\"name\":\"HubEnergy\",\"url\":\"https:\/\/akum.lv\/\",\"logo\":{\"@type\":\"ImageObject\",\"inLanguage\":\"en-US\",\"@id\":\"https:\/\/akum.lv\/#\/schema\/logo\/image\/\",\"url\":\"https:\/\/akum.lv\/wp-content\/uploads\/2018\/08\/Logo-hub-energy-2018-seller-dark-blue.png\",\"contentUrl\":\"https:\/\/akum.lv\/wp-content\/uploads\/2018\/08\/Logo-hub-energy-2018-seller-dark-blue.png\",\"width\":381,\"height\":75,\"caption\":\"HubEnergy\"},\"image\":{\"@id\":\"https:\/\/akum.lv\/#\/schema\/logo\/image\/\"}}]}<\/script>\n<!-- \/ Yoast SEO plugin. -->","yoast_head_json":{"title":"VOLT POLSKA 6A MAX 6V \/ 12V - 6A Universal charger l\u0101d\u0113\u0161anas ier\u012bce - www.akum.lv","robots":{"index":"index","follow":"follow","max-snippet":"max-snippet:-1","max-image-preview":"max-image-preview:large","max-video-preview":"max-video-preview:-1"},"canonical":"https:\/\/akum.lv\/en\/prece\/volt-polska-6a-max-6v-12v-6a-universal-charger-ladesanas-ierice\/","og_locale":"en_US","og_type":"article","og_title":"VOLT POLSKA 6A MAX 6V \/ 12V - 6A Universal charger l\u0101d\u0113\u0161anas ier\u012bce - www.akum.lv","og_description":"VOLT POLSKA 6A MAX 6V \/ 12V - 6A Universal charger l\u0101d\u0113\u0161anas ier\u012bce  The initial charging current is 6A for 12V batteries, and 3V for 6V by default.  A clear control panel with LEDs shows the current value of the charging current. When the battery is fully charged, the charger automatically enters the mode of maintaining voltage and charging with a low pulse current.  A very useful feature is battery regeneration. It is designed to charge 12 V batteries with a voltage below 8 V. In this mode, the charger will begin to charge a battery with a low current of 1.5 A until it reaches 10.5 V \u00b1 0.25 V, and then switches to normal operation .  Everything is made of good quality materials, which guarantees durability. The device complies with the IP65 standard, which means that it is dustproof and splashproof.  Main advantages For charging lead acid batteries 6 V and 12 V (SLA (wet), MF, AGM and GEL) Automatic charge voltage selection Choice of maximum charging current No risk of reloading Electronic protection against incorrect pole connections overheat protection Full protection against short circuit and reverse polarity Clear performance Regeneration of 12 V batteries: if the voltage of the 12 V battery drops to 8 V, you can use the regeneration mode  Specifications: Input voltage: 220 - 240 V ~ 50\/60 Hz Output voltage: 6 V (7.2 V \u00b1 0.2 V) \/ 12 V (14.4 V \u00b1 0.25 V) Storage Temperature Range: -10 \u00b0 C to 40 \u00b0 C Rated Power: 72 W Rated current: 6 A \/ 3 A \/ 1.5 A Maximum rechargeable battery capacity: up to 105 Ah Enclosure rating: IP 65","og_url":"https:\/\/akum.lv\/en\/prece\/volt-polska-6a-max-6v-12v-6a-universal-charger-ladesanas-ierice\/","og_site_name":"www.akum.lv","article_modified_time":"2020-05-20T10:51:22+00:00","og_image":[{"width":425,"height":392,"url":"https:\/\/akum.lv\/wp-content\/uploads\/2020\/05\/6A-MAX.jpg","type":"image\/jpeg"}],"twitter_card":"summary_large_image","schema":{"@context":"https:\/\/schema.org","@graph":[{"@type":"WebPage","@id":"https:\/\/akum.lv\/en\/prece\/volt-polska-6a-max-6v-12v-6a-universal-charger-ladesanas-ierice\/","url":"https:\/\/akum.lv\/en\/prece\/volt-polska-6a-max-6v-12v-6a-universal-charger-ladesanas-ierice\/","name":"VOLT POLSKA 6A MAX 6V \/ 12V - 6A Universal charger l\u0101d\u0113\u0161anas ier\u012bce - www.akum.lv","isPartOf":{"@id":"https:\/\/akum.lv\/#website"},"primaryImageOfPage":{"@id":"https:\/\/akum.lv\/en\/prece\/volt-polska-6a-max-6v-12v-6a-universal-charger-ladesanas-ierice\/#primaryimage"},"image":{"@id":"https:\/\/akum.lv\/en\/prece\/volt-polska-6a-max-6v-12v-6a-universal-charger-ladesanas-ierice\/#primaryimage"},"thumbnailUrl":"https:\/\/akum.lv\/wp-content\/uploads\/2020\/05\/6A-MAX.jpg","datePublished":"2020-05-20T10:36:25+00:00","dateModified":"2020-05-20T10:51:22+00:00","breadcrumb":{"@id":"https:\/\/akum.lv\/en\/prece\/volt-polska-6a-max-6v-12v-6a-universal-charger-ladesanas-ierice\/#breadcrumb"},"inLanguage":"en-US","potentialAction":[{"@type":"ReadAction","target":["https:\/\/akum.lv\/en\/prece\/volt-polska-6a-max-6v-12v-6a-universal-charger-ladesanas-ierice\/"]}]},{"@type":"ImageObject","inLanguage":"en-US","@id":"https:\/\/akum.lv\/en\/prece\/volt-polska-6a-max-6v-12v-6a-universal-charger-ladesanas-ierice\/#primaryimage","url":"https:\/\/akum.lv\/wp-content\/uploads\/2020\/05\/6A-MAX.jpg","contentUrl":"https:\/\/akum.lv\/wp-content\/uploads\/2020\/05\/6A-MAX.jpg","width":425,"height":392},{"@type":"BreadcrumbList","@id":"https:\/\/akum.lv\/en\/prece\/volt-polska-6a-max-6v-12v-6a-universal-charger-ladesanas-ierice\/#breadcrumb","itemListElement":[{"@type":"ListItem","position":1,"name":"\u0413\u043b\u0430\u0432\u043d\u0430\u044f \u0441\u0442\u0440\u0430\u043d\u0438\u0446\u0430","item":"https:\/\/akum.lv\/en\/"},{"@type":"ListItem","position":2,"name":"PRECES","item":"https:\/\/akum.lv\/produkti-preces\/"},{"@type":"ListItem","position":3,"name":"VOLT POLSKA 6A MAX 6V \/ 12V &#8211; 6A Universal charger l\u0101d\u0113\u0161anas ier\u012bce"}]},{"@type":"WebSite","@id":"https:\/\/akum.lv\/#website","url":"https:\/\/akum.lv\/","name":"www.akum.lv","description":"Akumulatoru p\u0101rdev\u0113js | \u041f\u0440\u043e\u0434\u0430\u0432\u0435\u0446 \u0430\u043a\u043a\u0443\u043c\u0443\u043b\u044f\u0442\u043e\u0440\u043e\u0432 | Battery seller","publisher":{"@id":"https:\/\/akum.lv\/#organization"},"potentialAction":[{"@type":"SearchAction","target":{"@type":"EntryPoint","urlTemplate":"https:\/\/akum.lv\/?s={search_term_string}"},"query-input":{"@type":"PropertyValueSpecification","valueRequired":true,"valueName":"search_term_string"}}],"inLanguage":"en-US"},{"@type":"Organization","@id":"https:\/\/akum.lv\/#organization","name":"HubEnergy","url":"https:\/\/akum.lv\/","logo":{"@type":"ImageObject","inLanguage":"en-US","@id":"https:\/\/akum.lv\/#\/schema\/logo\/image\/","url":"https:\/\/akum.lv\/wp-content\/uploads\/2018\/08\/Logo-hub-energy-2018-seller-dark-blue.png","contentUrl":"https:\/\/akum.lv\/wp-content\/uploads\/2018\/08\/Logo-hub-energy-2018-seller-dark-blue.png","width":381,"height":75,"caption":"HubEnergy"},"image":{"@id":"https:\/\/akum.lv\/#\/schema\/logo\/image\/"}}]}},"brands":[{"id":611,"name":"VOLT POLSKA","slug":"volt-polska-en-2"}],"_links":{"self":[{"href":"https:\/\/akum.lv\/en\/wp-json\/wp\/v2\/product\/7865","targetHints":{"allow":["GET"]}}],"collection":[{"href":"https:\/\/akum.lv\/en\/wp-json\/wp\/v2\/product"}],"about":[{"href":"https:\/\/akum.lv\/en\/wp-json\/wp\/v2\/types\/product"}],"wp:featuredmedia":[{"embeddable":true,"href":"https:\/\/akum.lv\/en\/wp-json\/wp\/v2\/media\/7863"}],"wp:attachment":[{"href":"https:\/\/akum.lv\/en\/wp-json\/wp\/v2\/media?parent=7865"}],"wp:term":[{"taxonomy":"pwb-brand","embeddable":true,"href":"https:\/\/akum.lv\/en\/wp-json\/wp\/v2\/pwb-brand?post=7865"},{"taxonomy":"product_brand","embeddable":true,"href":"https:\/\/akum.lv\/en\/wp-json\/wp\/v2\/product_brand?post=7865"},{"taxonomy":"product_cat","embeddable":true,"href":"https:\/\/akum.lv\/en\/wp-json\/wp\/v2\/product_cat?post=7865"},{"taxonomy":"product_tag","embeddable":true,"href":"https:\/\/akum.lv\/en\/wp-json\/wp\/v2\/product_tag?post=7865"}],"curies":[{"name":"wp","href":"https:\/\/api.w.org\/{rel}","templated":true}]}}