{"id":7768,"date":"2020-04-22T11:35:47","date_gmt":"2020-04-22T11:35:47","guid":{"rendered":"https:\/\/akum.lv\/veikals\/uncategorized\/volt-polska-10a-max-universal-charger-12v-10a-24v-5a-ladesanas-ierice\/"},"modified":"2020-05-20T12:57:02","modified_gmt":"2020-05-20T12:57:02","slug":"volt-polska-10a-max-universal-charger-12v-10a-24v-5a-ladesanas-ierice","status":"publish","type":"product","link":"https:\/\/akum.lv\/en\/prece\/volt-polska-10a-max-universal-charger-12v-10a-24v-5a-ladesanas-ierice\/","title":{"rendered":"VOLT POLSKA 10A MAX 12V-10A\/24V-5A Universal charger l\u0101d\u0113\u0161anas ier\u012bce"},"content":{"rendered":"","protected":false},"excerpt":{"rendered":"<p>VOLT POLSKA 10A MAX 12V-10A\/24V-5A Universal charger l\u0101d\u0113\u0161anas ier\u012bce<\/p>\n<p>Automatic charger (rectifier) \u200b\u200b2A \/ 5A \/ 10A for 12V and 2A \/ 5A for 24V lead-acid batteries. Also included are maintenance-free VRLA batteries (AGM and GEL), liquid acid electrolyte batteries, and MF (maintenance-free) batteries.<\/p>\n<p>The manufacturer is not liable for damage caused by improper use of the automatic charger. The household charger is not intended for commercial use.<\/p>\n<p>Device Features:<br \/>\n&#8211; Allows you to charge batteries to almost full original capacity<br \/>\n&#8211; Fully automatic charging, diagnostics, voltage maintenance and maintenance modes<br \/>\n&#8211; Appropriate precautions against overcharging batteries<br \/>\n&#8211; electronic protection against user errors<br \/>\n&#8211; spark protection, protection against overheating and short circuit<br \/>\n&#8211; has an operating mode of an energy generator (13.6 V \/ 4 A) &#8211; POWER MODE 13.6 V<br \/>\n&#8211; 12 V batteries: this mode is suitable for 14 &#8211; 230 Ah batteries. The rectifier provides a constant voltage of 13.6 V. This mode is useful in installations where the highest level of battery charge, such as electric wheelchairs, is required.<br \/>\n&#8211; can charge deeply discharged batteries (5 V)<\/p>\n<p>Device parameters and technical data:<br \/>\nInput voltage 200 &#8211; 260 V, 50 Hz<br \/>\nOutput voltage 12 V \/ 24 V (circuit breaker)<br \/>\nCharging voltage 14.4 V \/ 14.7 V \/ 28.8 V \/ 29.4 V<br \/>\nCharge level indication<br \/>\nCharging current 10A 12V and 5A 24V Power 240 W<br \/>\nAmbient temperature from -10 \u00b0 \u0421 to + 40 \u00b0 \u0421<br \/>\nIP65 degree of protection<\/p>\n","protected":false},"featured_media":7766,"template":"","meta":[],"pwb-brand":[611],"product_brand":[],"product_cat":[252],"product_tag":[],"class_list":{"0":"post-7768","1":"product","2":"type-product","3":"status-publish","4":"has-post-thumbnail","6":"pwb-brand-volt-polska-en-2","7":"product_cat-chargers-for-lead-acid-and-lifepo4-batteries","9":"first","10":"instock","11":"taxable","12":"shipping-taxable","13":"purchasable","14":"product-type-simple"},"yoast_head":"<!-- This site is optimized with the Yoast SEO plugin v26.7 - https:\/\/yoast.com\/wordpress\/plugins\/seo\/ -->\n<title>VOLT POLSKA 10A MAX 12V-10A\/24V-5A Universal charger l\u0101d\u0113\u0161anas ier\u012bce - www.akum.lv<\/title>\n<meta name=\"robots\" content=\"index, follow, max-snippet:-1, max-image-preview:large, max-video-preview:-1\" \/>\n<link rel=\"canonical\" href=\"https:\/\/akum.lv\/en\/prece\/volt-polska-10a-max-universal-charger-12v-10a-24v-5a-ladesanas-ierice\/\" \/>\n<meta property=\"og:locale\" content=\"en_US\" \/>\n<meta property=\"og:type\" content=\"article\" \/>\n<meta property=\"og:title\" content=\"VOLT POLSKA 10A MAX 12V-10A\/24V-5A Universal charger l\u0101d\u0113\u0161anas ier\u012bce - www.akum.lv\" \/>\n<meta property=\"og:description\" content=\"VOLT POLSKA 10A MAX 12V-10A\/24V-5A Universal charger l\u0101d\u0113\u0161anas ier\u012bce  Automatic charger (rectifier) \u200b\u200b2A \/ 5A \/ 10A for 12V and 2A \/ 5A for 24V lead-acid batteries. Also included are maintenance-free VRLA batteries (AGM and GEL), liquid acid electrolyte batteries, and MF (maintenance-free) batteries.  The manufacturer is not liable for damage caused by improper use of the automatic charger. The household charger is not intended for commercial use.  Device Features: - Allows you to charge batteries to almost full original capacity - Fully automatic charging, diagnostics, voltage maintenance and maintenance modes - Appropriate precautions against overcharging batteries - electronic protection against user errors - spark protection, protection against overheating and short circuit - has an operating mode of an energy generator (13.6 V \/ 4 A) - POWER MODE 13.6 V - 12 V batteries: this mode is suitable for 14 - 230 Ah batteries. The rectifier provides a constant voltage of 13.6 V. This mode is useful in installations where the highest level of battery charge, such as electric wheelchairs, is required. - can charge deeply discharged batteries (5 V)  Device parameters and technical data: Input voltage 200 - 260 V, 50 Hz Output voltage 12 V \/ 24 V (circuit breaker) Charging voltage 14.4 V \/ 14.7 V \/ 28.8 V \/ 29.4 V Charge level indication Charging current 10A 12V and 5A 24V Power 240 W Ambient temperature from -10 \u00b0 \u0421 to + 40 \u00b0 \u0421 IP65 degree of protection\" \/>\n<meta property=\"og:url\" content=\"https:\/\/akum.lv\/en\/prece\/volt-polska-10a-max-universal-charger-12v-10a-24v-5a-ladesanas-ierice\/\" \/>\n<meta property=\"og:site_name\" content=\"www.akum.lv\" \/>\n<meta property=\"article:modified_time\" content=\"2020-05-20T12:57:02+00:00\" \/>\n<meta property=\"og:image\" content=\"https:\/\/akum.lv\/wp-content\/uploads\/2020\/04\/10A-MAX.jpg\" \/>\n\t<meta property=\"og:image:width\" content=\"400\" \/>\n\t<meta property=\"og:image:height\" content=\"332\" \/>\n\t<meta property=\"og:image:type\" content=\"image\/jpeg\" \/>\n<meta name=\"twitter:card\" content=\"summary_large_image\" \/>\n<script type=\"application\/ld+json\" class=\"yoast-schema-graph\">{\"@context\":\"https:\/\/schema.org\",\"@graph\":[{\"@type\":\"WebPage\",\"@id\":\"https:\/\/akum.lv\/en\/prece\/volt-polska-10a-max-universal-charger-12v-10a-24v-5a-ladesanas-ierice\/\",\"url\":\"https:\/\/akum.lv\/en\/prece\/volt-polska-10a-max-universal-charger-12v-10a-24v-5a-ladesanas-ierice\/\",\"name\":\"VOLT POLSKA 10A MAX 12V-10A\/24V-5A Universal charger l\u0101d\u0113\u0161anas ier\u012bce - www.akum.lv\",\"isPartOf\":{\"@id\":\"https:\/\/akum.lv\/#website\"},\"primaryImageOfPage\":{\"@id\":\"https:\/\/akum.lv\/en\/prece\/volt-polska-10a-max-universal-charger-12v-10a-24v-5a-ladesanas-ierice\/#primaryimage\"},\"image\":{\"@id\":\"https:\/\/akum.lv\/en\/prece\/volt-polska-10a-max-universal-charger-12v-10a-24v-5a-ladesanas-ierice\/#primaryimage\"},\"thumbnailUrl\":\"https:\/\/akum.lv\/wp-content\/uploads\/2020\/04\/10A-MAX.jpg\",\"datePublished\":\"2020-04-22T11:35:47+00:00\",\"dateModified\":\"2020-05-20T12:57:02+00:00\",\"breadcrumb\":{\"@id\":\"https:\/\/akum.lv\/en\/prece\/volt-polska-10a-max-universal-charger-12v-10a-24v-5a-ladesanas-ierice\/#breadcrumb\"},\"inLanguage\":\"en-US\",\"potentialAction\":[{\"@type\":\"ReadAction\",\"target\":[\"https:\/\/akum.lv\/en\/prece\/volt-polska-10a-max-universal-charger-12v-10a-24v-5a-ladesanas-ierice\/\"]}]},{\"@type\":\"ImageObject\",\"inLanguage\":\"en-US\",\"@id\":\"https:\/\/akum.lv\/en\/prece\/volt-polska-10a-max-universal-charger-12v-10a-24v-5a-ladesanas-ierice\/#primaryimage\",\"url\":\"https:\/\/akum.lv\/wp-content\/uploads\/2020\/04\/10A-MAX.jpg\",\"contentUrl\":\"https:\/\/akum.lv\/wp-content\/uploads\/2020\/04\/10A-MAX.jpg\",\"width\":400,\"height\":332},{\"@type\":\"BreadcrumbList\",\"@id\":\"https:\/\/akum.lv\/en\/prece\/volt-polska-10a-max-universal-charger-12v-10a-24v-5a-ladesanas-ierice\/#breadcrumb\",\"itemListElement\":[{\"@type\":\"ListItem\",\"position\":1,\"name\":\"\u0413\u043b\u0430\u0432\u043d\u0430\u044f \u0441\u0442\u0440\u0430\u043d\u0438\u0446\u0430\",\"item\":\"https:\/\/akum.lv\/en\/\"},{\"@type\":\"ListItem\",\"position\":2,\"name\":\"PRECES\",\"item\":\"https:\/\/akum.lv\/produkti-preces\/\"},{\"@type\":\"ListItem\",\"position\":3,\"name\":\"VOLT POLSKA 10A MAX 12V-10A\/24V-5A Universal charger l\u0101d\u0113\u0161anas ier\u012bce\"}]},{\"@type\":\"WebSite\",\"@id\":\"https:\/\/akum.lv\/#website\",\"url\":\"https:\/\/akum.lv\/\",\"name\":\"www.akum.lv\",\"description\":\"Akumulatoru p\u0101rdev\u0113js | \u041f\u0440\u043e\u0434\u0430\u0432\u0435\u0446 \u0430\u043a\u043a\u0443\u043c\u0443\u043b\u044f\u0442\u043e\u0440\u043e\u0432 | Battery seller\",\"publisher\":{\"@id\":\"https:\/\/akum.lv\/#organization\"},\"potentialAction\":[{\"@type\":\"SearchAction\",\"target\":{\"@type\":\"EntryPoint\",\"urlTemplate\":\"https:\/\/akum.lv\/?s={search_term_string}\"},\"query-input\":{\"@type\":\"PropertyValueSpecification\",\"valueRequired\":true,\"valueName\":\"search_term_string\"}}],\"inLanguage\":\"en-US\"},{\"@type\":\"Organization\",\"@id\":\"https:\/\/akum.lv\/#organization\",\"name\":\"HubEnergy\",\"url\":\"https:\/\/akum.lv\/\",\"logo\":{\"@type\":\"ImageObject\",\"inLanguage\":\"en-US\",\"@id\":\"https:\/\/akum.lv\/#\/schema\/logo\/image\/\",\"url\":\"https:\/\/akum.lv\/wp-content\/uploads\/2018\/08\/Logo-hub-energy-2018-seller-dark-blue.png\",\"contentUrl\":\"https:\/\/akum.lv\/wp-content\/uploads\/2018\/08\/Logo-hub-energy-2018-seller-dark-blue.png\",\"width\":381,\"height\":75,\"caption\":\"HubEnergy\"},\"image\":{\"@id\":\"https:\/\/akum.lv\/#\/schema\/logo\/image\/\"}}]}<\/script>\n<!-- \/ Yoast SEO plugin. -->","yoast_head_json":{"title":"VOLT POLSKA 10A MAX 12V-10A\/24V-5A Universal charger l\u0101d\u0113\u0161anas ier\u012bce - www.akum.lv","robots":{"index":"index","follow":"follow","max-snippet":"max-snippet:-1","max-image-preview":"max-image-preview:large","max-video-preview":"max-video-preview:-1"},"canonical":"https:\/\/akum.lv\/en\/prece\/volt-polska-10a-max-universal-charger-12v-10a-24v-5a-ladesanas-ierice\/","og_locale":"en_US","og_type":"article","og_title":"VOLT POLSKA 10A MAX 12V-10A\/24V-5A Universal charger l\u0101d\u0113\u0161anas ier\u012bce - www.akum.lv","og_description":"VOLT POLSKA 10A MAX 12V-10A\/24V-5A Universal charger l\u0101d\u0113\u0161anas ier\u012bce  Automatic charger (rectifier) \u200b\u200b2A \/ 5A \/ 10A for 12V and 2A \/ 5A for 24V lead-acid batteries. Also included are maintenance-free VRLA batteries (AGM and GEL), liquid acid electrolyte batteries, and MF (maintenance-free) batteries.  The manufacturer is not liable for damage caused by improper use of the automatic charger. The household charger is not intended for commercial use.  Device Features: - Allows you to charge batteries to almost full original capacity - Fully automatic charging, diagnostics, voltage maintenance and maintenance modes - Appropriate precautions against overcharging batteries - electronic protection against user errors - spark protection, protection against overheating and short circuit - has an operating mode of an energy generator (13.6 V \/ 4 A) - POWER MODE 13.6 V - 12 V batteries: this mode is suitable for 14 - 230 Ah batteries. The rectifier provides a constant voltage of 13.6 V. This mode is useful in installations where the highest level of battery charge, such as electric wheelchairs, is required. - can charge deeply discharged batteries (5 V)  Device parameters and technical data: Input voltage 200 - 260 V, 50 Hz Output voltage 12 V \/ 24 V (circuit breaker) Charging voltage 14.4 V \/ 14.7 V \/ 28.8 V \/ 29.4 V Charge level indication Charging current 10A 12V and 5A 24V Power 240 W Ambient temperature from -10 \u00b0 \u0421 to + 40 \u00b0 \u0421 IP65 degree of protection","og_url":"https:\/\/akum.lv\/en\/prece\/volt-polska-10a-max-universal-charger-12v-10a-24v-5a-ladesanas-ierice\/","og_site_name":"www.akum.lv","article_modified_time":"2020-05-20T12:57:02+00:00","og_image":[{"width":400,"height":332,"url":"https:\/\/akum.lv\/wp-content\/uploads\/2020\/04\/10A-MAX.jpg","type":"image\/jpeg"}],"twitter_card":"summary_large_image","schema":{"@context":"https:\/\/schema.org","@graph":[{"@type":"WebPage","@id":"https:\/\/akum.lv\/en\/prece\/volt-polska-10a-max-universal-charger-12v-10a-24v-5a-ladesanas-ierice\/","url":"https:\/\/akum.lv\/en\/prece\/volt-polska-10a-max-universal-charger-12v-10a-24v-5a-ladesanas-ierice\/","name":"VOLT POLSKA 10A MAX 12V-10A\/24V-5A Universal charger l\u0101d\u0113\u0161anas ier\u012bce - www.akum.lv","isPartOf":{"@id":"https:\/\/akum.lv\/#website"},"primaryImageOfPage":{"@id":"https:\/\/akum.lv\/en\/prece\/volt-polska-10a-max-universal-charger-12v-10a-24v-5a-ladesanas-ierice\/#primaryimage"},"image":{"@id":"https:\/\/akum.lv\/en\/prece\/volt-polska-10a-max-universal-charger-12v-10a-24v-5a-ladesanas-ierice\/#primaryimage"},"thumbnailUrl":"https:\/\/akum.lv\/wp-content\/uploads\/2020\/04\/10A-MAX.jpg","datePublished":"2020-04-22T11:35:47+00:00","dateModified":"2020-05-20T12:57:02+00:00","breadcrumb":{"@id":"https:\/\/akum.lv\/en\/prece\/volt-polska-10a-max-universal-charger-12v-10a-24v-5a-ladesanas-ierice\/#breadcrumb"},"inLanguage":"en-US","potentialAction":[{"@type":"ReadAction","target":["https:\/\/akum.lv\/en\/prece\/volt-polska-10a-max-universal-charger-12v-10a-24v-5a-ladesanas-ierice\/"]}]},{"@type":"ImageObject","inLanguage":"en-US","@id":"https:\/\/akum.lv\/en\/prece\/volt-polska-10a-max-universal-charger-12v-10a-24v-5a-ladesanas-ierice\/#primaryimage","url":"https:\/\/akum.lv\/wp-content\/uploads\/2020\/04\/10A-MAX.jpg","contentUrl":"https:\/\/akum.lv\/wp-content\/uploads\/2020\/04\/10A-MAX.jpg","width":400,"height":332},{"@type":"BreadcrumbList","@id":"https:\/\/akum.lv\/en\/prece\/volt-polska-10a-max-universal-charger-12v-10a-24v-5a-ladesanas-ierice\/#breadcrumb","itemListElement":[{"@type":"ListItem","position":1,"name":"\u0413\u043b\u0430\u0432\u043d\u0430\u044f \u0441\u0442\u0440\u0430\u043d\u0438\u0446\u0430","item":"https:\/\/akum.lv\/en\/"},{"@type":"ListItem","position":2,"name":"PRECES","item":"https:\/\/akum.lv\/produkti-preces\/"},{"@type":"ListItem","position":3,"name":"VOLT POLSKA 10A MAX 12V-10A\/24V-5A Universal charger l\u0101d\u0113\u0161anas ier\u012bce"}]},{"@type":"WebSite","@id":"https:\/\/akum.lv\/#website","url":"https:\/\/akum.lv\/","name":"www.akum.lv","description":"Akumulatoru p\u0101rdev\u0113js | \u041f\u0440\u043e\u0434\u0430\u0432\u0435\u0446 \u0430\u043a\u043a\u0443\u043c\u0443\u043b\u044f\u0442\u043e\u0440\u043e\u0432 | Battery seller","publisher":{"@id":"https:\/\/akum.lv\/#organization"},"potentialAction":[{"@type":"SearchAction","target":{"@type":"EntryPoint","urlTemplate":"https:\/\/akum.lv\/?s={search_term_string}"},"query-input":{"@type":"PropertyValueSpecification","valueRequired":true,"valueName":"search_term_string"}}],"inLanguage":"en-US"},{"@type":"Organization","@id":"https:\/\/akum.lv\/#organization","name":"HubEnergy","url":"https:\/\/akum.lv\/","logo":{"@type":"ImageObject","inLanguage":"en-US","@id":"https:\/\/akum.lv\/#\/schema\/logo\/image\/","url":"https:\/\/akum.lv\/wp-content\/uploads\/2018\/08\/Logo-hub-energy-2018-seller-dark-blue.png","contentUrl":"https:\/\/akum.lv\/wp-content\/uploads\/2018\/08\/Logo-hub-energy-2018-seller-dark-blue.png","width":381,"height":75,"caption":"HubEnergy"},"image":{"@id":"https:\/\/akum.lv\/#\/schema\/logo\/image\/"}}]}},"brands":[{"id":611,"name":"VOLT POLSKA","slug":"volt-polska-en-2"}],"_links":{"self":[{"href":"https:\/\/akum.lv\/en\/wp-json\/wp\/v2\/product\/7768","targetHints":{"allow":["GET"]}}],"collection":[{"href":"https:\/\/akum.lv\/en\/wp-json\/wp\/v2\/product"}],"about":[{"href":"https:\/\/akum.lv\/en\/wp-json\/wp\/v2\/types\/product"}],"wp:featuredmedia":[{"embeddable":true,"href":"https:\/\/akum.lv\/en\/wp-json\/wp\/v2\/media\/7766"}],"wp:attachment":[{"href":"https:\/\/akum.lv\/en\/wp-json\/wp\/v2\/media?parent=7768"}],"wp:term":[{"taxonomy":"pwb-brand","embeddable":true,"href":"https:\/\/akum.lv\/en\/wp-json\/wp\/v2\/pwb-brand?post=7768"},{"taxonomy":"product_brand","embeddable":true,"href":"https:\/\/akum.lv\/en\/wp-json\/wp\/v2\/product_brand?post=7768"},{"taxonomy":"product_cat","embeddable":true,"href":"https:\/\/akum.lv\/en\/wp-json\/wp\/v2\/product_cat?post=7768"},{"taxonomy":"product_tag","embeddable":true,"href":"https:\/\/akum.lv\/en\/wp-json\/wp\/v2\/product_tag?post=7768"}],"curies":[{"name":"wp","href":"https:\/\/api.w.org\/{rel}","templated":true}]}}