{"id":7219,"date":"2020-02-26T08:40:53","date_gmt":"2020-02-26T08:40:53","guid":{"rendered":"https:\/\/akum.lv\/veikals\/uncategorized\/sblv-65-12i-vds-_ssb-akumulators-agm-12v-65ah-c10-terminal-m6-10-12-g-l350-w167-h179\/"},"modified":"2026-03-12T13:19:56","modified_gmt":"2026-03-12T13:19:56","slug":"sblv-65-12i-vds-_ssb-akumulators-agm-12v-65ah-c10-terminal-m6-10-12-g-l350-w167-h179","status":"publish","type":"product","link":"https:\/\/akum.lv\/en\/prece\/sblv-65-12i-vds-_ssb-akumulators-agm-12v-65ah-c10-terminal-m6-10-12-g-l350-w167-h179\/","title":{"rendered":"SBLV 65-12i (VdS)_SSB akumulators \/ AGM \/ 12V-65Ah \/ C10 \/ terminal M6 (10-12 g.) L350 W167 H179"},"content":{"rendered":"","protected":false},"excerpt":{"rendered":"<p>SBLV 65-12i (VdS)_SSB akumulators \/ AGM \/ 12V-65Ah \/ C10 \/ terminal M6 (10-12 g.) L350 W167 H179<\/p>\n<p><strong>Datasheet &#8211; <a href=\"https:\/\/akum.lv\/wp-content\/uploads\/2020\/02\/SBLV_65-12i.pdf\">SBLV_65-12i<\/a><\/strong><\/p>\n<p>High Performance battery with 10-12 years design life (EUROBAT)<\/p>\n<p>SIA ,,HUB ENERGY,, \u2013 ofici\u0101lais bateriju izplat\u012bt\u0101js ,,SSB battery GmbH,, Latvij\u0101, Lietuv\u0101 un Igaunij\u0101<br \/>\nSIA ,,HUB ENERGY,, \u2013 \u043e\u0444\u0438\u0446\u0438\u0430\u043b\u044c\u043d\u044b\u0439 \u0434\u0438\u0441\u0442\u0440\u0438\u0431\u044c\u044e\u0442\u043e\u0440 \u0431\u0430\u0442\u0430\u0440\u0435\u0439 ,,SSB battery GmbH,, \u0432 \u041b\u0430\u0442\u0432\u0438\u0438, \u041b\u0438\u0442\u0432\u0435 \u0438 \u042d\u0441\u0442\u043e\u043d\u0438\u0438<br \/>\nSIA ,,HUB ENERGY,, \u2013 official distributor of batteries ,,SSB battery GmbH,, in Latvia, Lithuania and Estonia<\/p>\n<p>Ja prece nav noliktav\u0101<br \/>\n\u0160\u012bs preces ir pieejamas p\u0113c pas\u016bt\u012bjuma!<br \/>\nPieg\u0101des laiks 2-3 ned.<br \/>\n\u0415\u0441\u043b\u0438 \u0442\u043e\u0432\u0430\u0440\u0430 \u043d\u0435\u0442 \u043d\u0430 \u0441\u043a\u043b\u0430\u0434\u0435<br \/>\n\u042d\u0442\u0438 \u0442\u043e\u0432\u0430\u0440\u044b \u0434\u043e\u0441\u0442\u0443\u043f\u043d\u044b \u043f\u043e\u0434 \u0437\u0430\u043a\u0430\u0437!<br \/>\n\u0412\u0440\u0435\u043c\u044f \u043f\u043e\u0441\u0442\u0430\u0432\u043a\u0438 2-3 \u043d\u0435\u0434.<\/p>\n","protected":false},"featured_media":7217,"template":"","meta":[],"pwb-brand":[344],"product_brand":[],"product_cat":[375,442,160,549,510,571],"product_tag":[],"class_list":{"0":"post-7219","1":"product","2":"type-product","3":"status-publish","4":"has-post-thumbnail","6":"pwb-brand-ssb-batteries-gmbh-en","7":"product_cat-agm-technology-batteries-eng","8":"product_cat-agm-12v-batteries","9":"product_cat-agm-akumulatori-signalizacijas-drosibas-sistemam","10":"product_cat-vds-certified-batteries","11":"product_cat-ssb-battery-gmbh","12":"product_cat-ssb-sb-sbh-series","14":"first","15":"instock","16":"taxable","17":"shipping-taxable","18":"purchasable","19":"product-type-simple"},"yoast_head":"<!-- This site is optimized with the Yoast SEO plugin v26.7 - https:\/\/yoast.com\/wordpress\/plugins\/seo\/ -->\n<title>SBLV 65-12i (VdS)_SSB akumulators \/ AGM \/ 12V-65Ah \/ C10 \/ terminal M6 (10-12 g.) L350 W167 H179 - www.akum.lv<\/title>\n<meta name=\"robots\" content=\"index, follow, max-snippet:-1, max-image-preview:large, max-video-preview:-1\" \/>\n<link rel=\"canonical\" href=\"https:\/\/akum.lv\/en\/prece\/sblv-65-12i-vds-_ssb-akumulators-agm-12v-65ah-c10-terminal-m6-10-12-g-l350-w167-h179\/\" \/>\n<meta property=\"og:locale\" content=\"en_US\" \/>\n<meta property=\"og:type\" content=\"article\" \/>\n<meta property=\"og:title\" content=\"SBLV 65-12i (VdS)_SSB akumulators \/ AGM \/ 12V-65Ah \/ C10 \/ terminal M6 (10-12 g.) L350 W167 H179 - www.akum.lv\" \/>\n<meta property=\"og:description\" content=\"SBLV 65-12i (VdS)_SSB akumulators \/ AGM \/ 12V-65Ah \/ C10 \/ terminal M6 (10-12 g.) L350 W167 H179  Datasheet - SBLV_65-12i  High Performance battery with 10-12 years design life (EUROBAT)  SIA ,,HUB ENERGY,, \u2013 ofici\u0101lais bateriju izplat\u012bt\u0101js ,,SSB battery GmbH,, Latvij\u0101, Lietuv\u0101 un Igaunij\u0101 SIA ,,HUB ENERGY,, \u2013 \u043e\u0444\u0438\u0446\u0438\u0430\u043b\u044c\u043d\u044b\u0439 \u0434\u0438\u0441\u0442\u0440\u0438\u0431\u044c\u044e\u0442\u043e\u0440 \u0431\u0430\u0442\u0430\u0440\u0435\u0439 ,,SSB battery GmbH,, \u0432 \u041b\u0430\u0442\u0432\u0438\u0438, \u041b\u0438\u0442\u0432\u0435 \u0438 \u042d\u0441\u0442\u043e\u043d\u0438\u0438 SIA ,,HUB ENERGY,, \u2013 official distributor of batteries ,,SSB battery GmbH,, in Latvia, Lithuania and Estonia  Ja prece nav noliktav\u0101 \u0160\u012bs preces ir pieejamas p\u0113c pas\u016bt\u012bjuma! Pieg\u0101des laiks 2-3 ned. \u0415\u0441\u043b\u0438 \u0442\u043e\u0432\u0430\u0440\u0430 \u043d\u0435\u0442 \u043d\u0430 \u0441\u043a\u043b\u0430\u0434\u0435 \u042d\u0442\u0438 \u0442\u043e\u0432\u0430\u0440\u044b \u0434\u043e\u0441\u0442\u0443\u043f\u043d\u044b \u043f\u043e\u0434 \u0437\u0430\u043a\u0430\u0437! \u0412\u0440\u0435\u043c\u044f \u043f\u043e\u0441\u0442\u0430\u0432\u043a\u0438 2-3 \u043d\u0435\u0434.\" \/>\n<meta property=\"og:url\" content=\"https:\/\/akum.lv\/en\/prece\/sblv-65-12i-vds-_ssb-akumulators-agm-12v-65ah-c10-terminal-m6-10-12-g-l350-w167-h179\/\" \/>\n<meta property=\"og:site_name\" content=\"www.akum.lv\" \/>\n<meta property=\"article:modified_time\" content=\"2026-03-12T13:19:56+00:00\" \/>\n<meta property=\"og:image\" content=\"https:\/\/akum.lv\/wp-content\/uploads\/2020\/02\/SBLV65-12i.jpg\" \/>\n\t<meta property=\"og:image:width\" content=\"500\" \/>\n\t<meta property=\"og:image:height\" content=\"295\" \/>\n\t<meta property=\"og:image:type\" content=\"image\/jpeg\" \/>\n<meta name=\"twitter:card\" content=\"summary_large_image\" \/>\n<script type=\"application\/ld+json\" class=\"yoast-schema-graph\">{\"@context\":\"https:\/\/schema.org\",\"@graph\":[{\"@type\":\"WebPage\",\"@id\":\"https:\/\/akum.lv\/en\/prece\/sblv-65-12i-vds-_ssb-akumulators-agm-12v-65ah-c10-terminal-m6-10-12-g-l350-w167-h179\/\",\"url\":\"https:\/\/akum.lv\/en\/prece\/sblv-65-12i-vds-_ssb-akumulators-agm-12v-65ah-c10-terminal-m6-10-12-g-l350-w167-h179\/\",\"name\":\"SBLV 65-12i (VdS)_SSB akumulators \/ AGM \/ 12V-65Ah \/ C10 \/ terminal M6 (10-12 g.) L350 W167 H179 - www.akum.lv\",\"isPartOf\":{\"@id\":\"https:\/\/akum.lv\/#website\"},\"primaryImageOfPage\":{\"@id\":\"https:\/\/akum.lv\/en\/prece\/sblv-65-12i-vds-_ssb-akumulators-agm-12v-65ah-c10-terminal-m6-10-12-g-l350-w167-h179\/#primaryimage\"},\"image\":{\"@id\":\"https:\/\/akum.lv\/en\/prece\/sblv-65-12i-vds-_ssb-akumulators-agm-12v-65ah-c10-terminal-m6-10-12-g-l350-w167-h179\/#primaryimage\"},\"thumbnailUrl\":\"https:\/\/akum.lv\/wp-content\/uploads\/2020\/02\/SBLV65-12i.jpg\",\"datePublished\":\"2020-02-26T08:40:53+00:00\",\"dateModified\":\"2026-03-12T13:19:56+00:00\",\"breadcrumb\":{\"@id\":\"https:\/\/akum.lv\/en\/prece\/sblv-65-12i-vds-_ssb-akumulators-agm-12v-65ah-c10-terminal-m6-10-12-g-l350-w167-h179\/#breadcrumb\"},\"inLanguage\":\"en-US\",\"potentialAction\":[{\"@type\":\"ReadAction\",\"target\":[\"https:\/\/akum.lv\/en\/prece\/sblv-65-12i-vds-_ssb-akumulators-agm-12v-65ah-c10-terminal-m6-10-12-g-l350-w167-h179\/\"]}]},{\"@type\":\"ImageObject\",\"inLanguage\":\"en-US\",\"@id\":\"https:\/\/akum.lv\/en\/prece\/sblv-65-12i-vds-_ssb-akumulators-agm-12v-65ah-c10-terminal-m6-10-12-g-l350-w167-h179\/#primaryimage\",\"url\":\"https:\/\/akum.lv\/wp-content\/uploads\/2020\/02\/SBLV65-12i.jpg\",\"contentUrl\":\"https:\/\/akum.lv\/wp-content\/uploads\/2020\/02\/SBLV65-12i.jpg\",\"width\":500,\"height\":295},{\"@type\":\"BreadcrumbList\",\"@id\":\"https:\/\/akum.lv\/en\/prece\/sblv-65-12i-vds-_ssb-akumulators-agm-12v-65ah-c10-terminal-m6-10-12-g-l350-w167-h179\/#breadcrumb\",\"itemListElement\":[{\"@type\":\"ListItem\",\"position\":1,\"name\":\"\u0413\u043b\u0430\u0432\u043d\u0430\u044f \u0441\u0442\u0440\u0430\u043d\u0438\u0446\u0430\",\"item\":\"https:\/\/akum.lv\/en\/\"},{\"@type\":\"ListItem\",\"position\":2,\"name\":\"PRECES\",\"item\":\"https:\/\/akum.lv\/produkti-preces\/\"},{\"@type\":\"ListItem\",\"position\":3,\"name\":\"SBLV 65-12i (VdS)_SSB akumulators \/ AGM \/ 12V-65Ah \/ C10 \/ terminal M6 (10-12 g.) L350 W167 H179\"}]},{\"@type\":\"WebSite\",\"@id\":\"https:\/\/akum.lv\/#website\",\"url\":\"https:\/\/akum.lv\/\",\"name\":\"www.akum.lv\",\"description\":\"Akumulatoru p\u0101rdev\u0113js | \u041f\u0440\u043e\u0434\u0430\u0432\u0435\u0446 \u0430\u043a\u043a\u0443\u043c\u0443\u043b\u044f\u0442\u043e\u0440\u043e\u0432 | Battery seller\",\"publisher\":{\"@id\":\"https:\/\/akum.lv\/#organization\"},\"potentialAction\":[{\"@type\":\"SearchAction\",\"target\":{\"@type\":\"EntryPoint\",\"urlTemplate\":\"https:\/\/akum.lv\/?s={search_term_string}\"},\"query-input\":{\"@type\":\"PropertyValueSpecification\",\"valueRequired\":true,\"valueName\":\"search_term_string\"}}],\"inLanguage\":\"en-US\"},{\"@type\":\"Organization\",\"@id\":\"https:\/\/akum.lv\/#organization\",\"name\":\"HubEnergy\",\"url\":\"https:\/\/akum.lv\/\",\"logo\":{\"@type\":\"ImageObject\",\"inLanguage\":\"en-US\",\"@id\":\"https:\/\/akum.lv\/#\/schema\/logo\/image\/\",\"url\":\"https:\/\/akum.lv\/wp-content\/uploads\/2018\/08\/Logo-hub-energy-2018-seller-dark-blue.png\",\"contentUrl\":\"https:\/\/akum.lv\/wp-content\/uploads\/2018\/08\/Logo-hub-energy-2018-seller-dark-blue.png\",\"width\":381,\"height\":75,\"caption\":\"HubEnergy\"},\"image\":{\"@id\":\"https:\/\/akum.lv\/#\/schema\/logo\/image\/\"}}]}<\/script>\n<!-- \/ Yoast SEO plugin. -->","yoast_head_json":{"title":"SBLV 65-12i (VdS)_SSB akumulators \/ AGM \/ 12V-65Ah \/ C10 \/ terminal M6 (10-12 g.) L350 W167 H179 - www.akum.lv","robots":{"index":"index","follow":"follow","max-snippet":"max-snippet:-1","max-image-preview":"max-image-preview:large","max-video-preview":"max-video-preview:-1"},"canonical":"https:\/\/akum.lv\/en\/prece\/sblv-65-12i-vds-_ssb-akumulators-agm-12v-65ah-c10-terminal-m6-10-12-g-l350-w167-h179\/","og_locale":"en_US","og_type":"article","og_title":"SBLV 65-12i (VdS)_SSB akumulators \/ AGM \/ 12V-65Ah \/ C10 \/ terminal M6 (10-12 g.) L350 W167 H179 - www.akum.lv","og_description":"SBLV 65-12i (VdS)_SSB akumulators \/ AGM \/ 12V-65Ah \/ C10 \/ terminal M6 (10-12 g.) L350 W167 H179  Datasheet - SBLV_65-12i  High Performance battery with 10-12 years design life (EUROBAT)  SIA ,,HUB ENERGY,, \u2013 ofici\u0101lais bateriju izplat\u012bt\u0101js ,,SSB battery GmbH,, Latvij\u0101, Lietuv\u0101 un Igaunij\u0101 SIA ,,HUB ENERGY,, \u2013 \u043e\u0444\u0438\u0446\u0438\u0430\u043b\u044c\u043d\u044b\u0439 \u0434\u0438\u0441\u0442\u0440\u0438\u0431\u044c\u044e\u0442\u043e\u0440 \u0431\u0430\u0442\u0430\u0440\u0435\u0439 ,,SSB battery GmbH,, \u0432 \u041b\u0430\u0442\u0432\u0438\u0438, \u041b\u0438\u0442\u0432\u0435 \u0438 \u042d\u0441\u0442\u043e\u043d\u0438\u0438 SIA ,,HUB ENERGY,, \u2013 official distributor of batteries ,,SSB battery GmbH,, in Latvia, Lithuania and Estonia  Ja prece nav noliktav\u0101 \u0160\u012bs preces ir pieejamas p\u0113c pas\u016bt\u012bjuma! Pieg\u0101des laiks 2-3 ned. \u0415\u0441\u043b\u0438 \u0442\u043e\u0432\u0430\u0440\u0430 \u043d\u0435\u0442 \u043d\u0430 \u0441\u043a\u043b\u0430\u0434\u0435 \u042d\u0442\u0438 \u0442\u043e\u0432\u0430\u0440\u044b \u0434\u043e\u0441\u0442\u0443\u043f\u043d\u044b \u043f\u043e\u0434 \u0437\u0430\u043a\u0430\u0437! \u0412\u0440\u0435\u043c\u044f \u043f\u043e\u0441\u0442\u0430\u0432\u043a\u0438 2-3 \u043d\u0435\u0434.","og_url":"https:\/\/akum.lv\/en\/prece\/sblv-65-12i-vds-_ssb-akumulators-agm-12v-65ah-c10-terminal-m6-10-12-g-l350-w167-h179\/","og_site_name":"www.akum.lv","article_modified_time":"2026-03-12T13:19:56+00:00","og_image":[{"width":500,"height":295,"url":"https:\/\/akum.lv\/wp-content\/uploads\/2020\/02\/SBLV65-12i.jpg","type":"image\/jpeg"}],"twitter_card":"summary_large_image","schema":{"@context":"https:\/\/schema.org","@graph":[{"@type":"WebPage","@id":"https:\/\/akum.lv\/en\/prece\/sblv-65-12i-vds-_ssb-akumulators-agm-12v-65ah-c10-terminal-m6-10-12-g-l350-w167-h179\/","url":"https:\/\/akum.lv\/en\/prece\/sblv-65-12i-vds-_ssb-akumulators-agm-12v-65ah-c10-terminal-m6-10-12-g-l350-w167-h179\/","name":"SBLV 65-12i (VdS)_SSB akumulators \/ AGM \/ 12V-65Ah \/ C10 \/ terminal M6 (10-12 g.) L350 W167 H179 - www.akum.lv","isPartOf":{"@id":"https:\/\/akum.lv\/#website"},"primaryImageOfPage":{"@id":"https:\/\/akum.lv\/en\/prece\/sblv-65-12i-vds-_ssb-akumulators-agm-12v-65ah-c10-terminal-m6-10-12-g-l350-w167-h179\/#primaryimage"},"image":{"@id":"https:\/\/akum.lv\/en\/prece\/sblv-65-12i-vds-_ssb-akumulators-agm-12v-65ah-c10-terminal-m6-10-12-g-l350-w167-h179\/#primaryimage"},"thumbnailUrl":"https:\/\/akum.lv\/wp-content\/uploads\/2020\/02\/SBLV65-12i.jpg","datePublished":"2020-02-26T08:40:53+00:00","dateModified":"2026-03-12T13:19:56+00:00","breadcrumb":{"@id":"https:\/\/akum.lv\/en\/prece\/sblv-65-12i-vds-_ssb-akumulators-agm-12v-65ah-c10-terminal-m6-10-12-g-l350-w167-h179\/#breadcrumb"},"inLanguage":"en-US","potentialAction":[{"@type":"ReadAction","target":["https:\/\/akum.lv\/en\/prece\/sblv-65-12i-vds-_ssb-akumulators-agm-12v-65ah-c10-terminal-m6-10-12-g-l350-w167-h179\/"]}]},{"@type":"ImageObject","inLanguage":"en-US","@id":"https:\/\/akum.lv\/en\/prece\/sblv-65-12i-vds-_ssb-akumulators-agm-12v-65ah-c10-terminal-m6-10-12-g-l350-w167-h179\/#primaryimage","url":"https:\/\/akum.lv\/wp-content\/uploads\/2020\/02\/SBLV65-12i.jpg","contentUrl":"https:\/\/akum.lv\/wp-content\/uploads\/2020\/02\/SBLV65-12i.jpg","width":500,"height":295},{"@type":"BreadcrumbList","@id":"https:\/\/akum.lv\/en\/prece\/sblv-65-12i-vds-_ssb-akumulators-agm-12v-65ah-c10-terminal-m6-10-12-g-l350-w167-h179\/#breadcrumb","itemListElement":[{"@type":"ListItem","position":1,"name":"\u0413\u043b\u0430\u0432\u043d\u0430\u044f \u0441\u0442\u0440\u0430\u043d\u0438\u0446\u0430","item":"https:\/\/akum.lv\/en\/"},{"@type":"ListItem","position":2,"name":"PRECES","item":"https:\/\/akum.lv\/produkti-preces\/"},{"@type":"ListItem","position":3,"name":"SBLV 65-12i (VdS)_SSB akumulators \/ AGM \/ 12V-65Ah \/ C10 \/ terminal M6 (10-12 g.) L350 W167 H179"}]},{"@type":"WebSite","@id":"https:\/\/akum.lv\/#website","url":"https:\/\/akum.lv\/","name":"www.akum.lv","description":"Akumulatoru p\u0101rdev\u0113js | \u041f\u0440\u043e\u0434\u0430\u0432\u0435\u0446 \u0430\u043a\u043a\u0443\u043c\u0443\u043b\u044f\u0442\u043e\u0440\u043e\u0432 | Battery seller","publisher":{"@id":"https:\/\/akum.lv\/#organization"},"potentialAction":[{"@type":"SearchAction","target":{"@type":"EntryPoint","urlTemplate":"https:\/\/akum.lv\/?s={search_term_string}"},"query-input":{"@type":"PropertyValueSpecification","valueRequired":true,"valueName":"search_term_string"}}],"inLanguage":"en-US"},{"@type":"Organization","@id":"https:\/\/akum.lv\/#organization","name":"HubEnergy","url":"https:\/\/akum.lv\/","logo":{"@type":"ImageObject","inLanguage":"en-US","@id":"https:\/\/akum.lv\/#\/schema\/logo\/image\/","url":"https:\/\/akum.lv\/wp-content\/uploads\/2018\/08\/Logo-hub-energy-2018-seller-dark-blue.png","contentUrl":"https:\/\/akum.lv\/wp-content\/uploads\/2018\/08\/Logo-hub-energy-2018-seller-dark-blue.png","width":381,"height":75,"caption":"HubEnergy"},"image":{"@id":"https:\/\/akum.lv\/#\/schema\/logo\/image\/"}}]}},"brands":[{"id":344,"name":"SSB Batteries GmbH","slug":"ssb-batteries-gmbh-en"}],"_links":{"self":[{"href":"https:\/\/akum.lv\/en\/wp-json\/wp\/v2\/product\/7219","targetHints":{"allow":["GET"]}}],"collection":[{"href":"https:\/\/akum.lv\/en\/wp-json\/wp\/v2\/product"}],"about":[{"href":"https:\/\/akum.lv\/en\/wp-json\/wp\/v2\/types\/product"}],"wp:featuredmedia":[{"embeddable":true,"href":"https:\/\/akum.lv\/en\/wp-json\/wp\/v2\/media\/7217"}],"wp:attachment":[{"href":"https:\/\/akum.lv\/en\/wp-json\/wp\/v2\/media?parent=7219"}],"wp:term":[{"taxonomy":"pwb-brand","embeddable":true,"href":"https:\/\/akum.lv\/en\/wp-json\/wp\/v2\/pwb-brand?post=7219"},{"taxonomy":"product_brand","embeddable":true,"href":"https:\/\/akum.lv\/en\/wp-json\/wp\/v2\/product_brand?post=7219"},{"taxonomy":"product_cat","embeddable":true,"href":"https:\/\/akum.lv\/en\/wp-json\/wp\/v2\/product_cat?post=7219"},{"taxonomy":"product_tag","embeddable":true,"href":"https:\/\/akum.lv\/en\/wp-json\/wp\/v2\/product_tag?post=7219"}],"curies":[{"name":"wp","href":"https:\/\/api.w.org\/{rel}","templated":true}]}}