{"id":6898,"date":"2020-01-14T11:47:47","date_gmt":"2020-01-14T11:47:47","guid":{"rendered":"https:\/\/akum.lv\/veikals\/uncategorized\/12ttb-130-12v-130ah-c20-q-batteries_tubular-plate-batteries-l245-w173-h284-a-terminal\/"},"modified":"2025-01-08T13:24:12","modified_gmt":"2025-01-08T13:24:12","slug":"12ttb-130-12v-130ah-c20-q-batteries_tubular-plate-batteries-l245-w173-h284-a-terminal","status":"publish","type":"product","link":"https:\/\/akum.lv\/en\/prece\/12ttb-130-12v-130ah-c20-q-batteries_tubular-plate-batteries-l245-w173-h284-a-terminal\/","title":{"rendered":"12TTB-130; 12V 130Ah-C20;\u00a0Q-BATTERIES_Tubular plate batteries L245 W173 H284 A-terminal"},"content":{"rendered":"","protected":false},"excerpt":{"rendered":"<p>12TTB-130; 12V 130Ah-C20; Q-BATTERIES_<strong>Tubular plate batteries<\/strong> L245 W173 H284 A-terminal, 37.30 kg<\/p>\n<p><strong><img loading=\"lazy\" decoding=\"async\" class=\"alignnone size-full wp-image-11436\" src=\"https:\/\/akum.lv\/wp-content\/uploads\/2021\/12\/pdf-icon.png\" alt=\"\" width=\"50\" height=\"50\" \/> \u2013 <a href=\"https:\/\/akum.lv\/wp-content\/uploads\/2020\/01\/Product-Line_TTB.pdf\">Product Line_TTB<\/a><\/strong><\/p>\n<p>TTB are vented traction batteries with positive tubular plates, also known as tubular plate technology. The tubular plate batteries are built to deliver superior performance in cleaning maschines, mobile lifting platforms, electric trucks and golf carts even in rough environments conditions. The optional water filling system allows easy and secure compensation for water loss of the batteries.<\/p>\n<p>Application:<br \/>\n\u25a0 floor cleaning<br \/>\n\u25a0 aerial work platform<br \/>\n\u25a0 driverless transport systems<br \/>\n\u25a0 pallet trucks<br \/>\n\u25a0 wheelchairs, scooter<br \/>\n\u25a0 marine \/ RV<br \/>\n\u25a0 solar systems and more<br \/>\nFeatures:<br \/>\n\u25a0 vented, low maintenance battery<br \/>\n\u25a0 excellent run time and cycle life<br \/>\n\u25a0 low self discharge, approx 5% per month<br \/>\n\u25a0 high reliability of operation<br \/>\n\u25a0 high discharge capacity<br \/>\n\u25a0 1200 \u2013 1500 cycles (75% DOD)<\/p>\n<p>SIA ,,HUB ENERGY,, \u2013 ofici\u0101lais bateriju izplat\u012bt\u0101js ,,Q-Batteries,, Latvij\u0101, Lietuv\u0101 un Igaunij\u0101.<br \/>\nSIA ,,HUB ENERGY,, \u2013 \u043e\u0444\u0438\u0446\u0438\u0430\u043b\u044c\u043d\u044b\u0439 \u0434\u0438\u0441\u0442\u0440\u0438\u0431\u044c\u044e\u0442\u043e\u0440 \u0431\u0430\u0442\u0430\u0440\u0435\u0439 ,, Q-Batteries,, \u0432 \u041b\u0430\u0442\u0432\u0438\u0438, \u041b\u0438\u0442\u0432\u0435 \u0438 \u042d\u0441\u0442\u043e\u043d\u0438\u0438.<br \/>\nSIA ,,HUB ENERGY,, \u2013 official distributor of batteries ,, Q-Batteries,, in Latvia, Lithuania and Estonia.<\/p>\n<p>Ja prece nav noliktav\u0101<br \/>\n\u0160\u012bs preces ir pieejamas p\u0113c pas\u016bt\u012bjuma!<br \/>\nPieg\u0101des laiks 5-7 darba dienas.<\/p>\n<p>\u0415\u0441\u043b\u0438 \u0442\u043e\u0432\u0430\u0440\u0430 \u043d\u0435\u0442 \u043d\u0430 \u0441\u043a\u043b\u0430\u0434\u0435<br \/>\n\u042d\u0442\u0438 \u0442\u043e\u0432\u0430\u0440\u044b \u0434\u043e\u0441\u0442\u0443\u043f\u043d\u044b \u043f\u043e\u0434 \u0437\u0430\u043a\u0430\u0437!<br \/>\n\u0412\u0440\u0435\u043c\u044f \u043f\u043e\u0441\u0442\u0430\u0432\u043a\u0438 5-7 \u0440\u0430\u0431\u043e\u0447\u0438\u0445 \u0434\u043d\u0435\u0439.<\/p>\n","protected":false},"featured_media":6896,"template":"","meta":[],"pwb-brand":[340],"product_brand":[],"product_cat":[487,131,128,126,579,161,130],"product_tag":[],"class_list":{"0":"post-6898","1":"product","2":"type-product","3":"status-publish","4":"has-post-thumbnail","6":"pwb-brand-q-batteries-en","7":"product_cat-green-energy","8":"product_cat-akumulatori-udens-transportu-en","9":"product_cat-akumulatori-laivu-elektromotoriem-eholotei","10":"product_cat-akumulatori-laivam-un-jahtam-en","11":"product_cat-batteries-wet-flooded-traction-1200-cycles-75-dod","12":"product_cat-akumulatori-elektro-transportam","13":"product_cat-batteries-for-scissor-platforms-construction-and-warehouse-machinery","15":"first","16":"instock","17":"taxable","18":"shipping-taxable","19":"purchasable","20":"product-type-simple"},"yoast_head":"<!-- This site is optimized with the Yoast SEO plugin v26.7 - https:\/\/yoast.com\/wordpress\/plugins\/seo\/ -->\n<title>12TTB-130; 12V 130Ah-C20;\u00a0Q-BATTERIES_Tubular plate batteries L245 W173 H284 A-terminal - www.akum.lv<\/title>\n<meta name=\"robots\" content=\"index, follow, max-snippet:-1, max-image-preview:large, max-video-preview:-1\" \/>\n<link rel=\"canonical\" href=\"https:\/\/akum.lv\/en\/prece\/12ttb-130-12v-130ah-c20-q-batteries_tubular-plate-batteries-l245-w173-h284-a-terminal\/\" \/>\n<meta property=\"og:locale\" content=\"en_US\" \/>\n<meta property=\"og:type\" content=\"article\" \/>\n<meta property=\"og:title\" content=\"12TTB-130; 12V 130Ah-C20;\u00a0Q-BATTERIES_Tubular plate batteries L245 W173 H284 A-terminal - www.akum.lv\" \/>\n<meta property=\"og:description\" content=\"12TTB-130; 12V 130Ah-C20; Q-BATTERIES_Tubular plate batteries L245 W173 H284 A-terminal, 37.30 kg   \u2013 Product Line_TTB  TTB are vented traction batteries with positive tubular plates, also known as tubular plate technology. The tubular plate batteries are built to deliver superior performance in cleaning maschines, mobile lifting platforms, electric trucks and golf carts even in rough environments conditions. The optional water filling system allows easy and secure compensation for water loss of the batteries.  Application: \u25a0 floor cleaning \u25a0 aerial work platform \u25a0 driverless transport systems \u25a0 pallet trucks \u25a0 wheelchairs, scooter \u25a0 marine \/ RV \u25a0 solar systems and more Features: \u25a0 vented, low maintenance battery \u25a0 excellent run time and cycle life \u25a0 low self discharge, approx 5% per month \u25a0 high reliability of operation \u25a0 high discharge capacity \u25a0 1200 \u2013 1500 cycles (75% DOD)  SIA ,,HUB ENERGY,, \u2013 ofici\u0101lais bateriju izplat\u012bt\u0101js ,,Q-Batteries,, Latvij\u0101, Lietuv\u0101 un Igaunij\u0101. SIA ,,HUB ENERGY,, \u2013 \u043e\u0444\u0438\u0446\u0438\u0430\u043b\u044c\u043d\u044b\u0439 \u0434\u0438\u0441\u0442\u0440\u0438\u0431\u044c\u044e\u0442\u043e\u0440 \u0431\u0430\u0442\u0430\u0440\u0435\u0439 ,, Q-Batteries,, \u0432 \u041b\u0430\u0442\u0432\u0438\u0438, \u041b\u0438\u0442\u0432\u0435 \u0438 \u042d\u0441\u0442\u043e\u043d\u0438\u0438. SIA ,,HUB ENERGY,, \u2013 official distributor of batteries ,, Q-Batteries,, in Latvia, Lithuania and Estonia.  Ja prece nav noliktav\u0101 \u0160\u012bs preces ir pieejamas p\u0113c pas\u016bt\u012bjuma! Pieg\u0101des laiks 5-7 darba dienas.  \u0415\u0441\u043b\u0438 \u0442\u043e\u0432\u0430\u0440\u0430 \u043d\u0435\u0442 \u043d\u0430 \u0441\u043a\u043b\u0430\u0434\u0435 \u042d\u0442\u0438 \u0442\u043e\u0432\u0430\u0440\u044b \u0434\u043e\u0441\u0442\u0443\u043f\u043d\u044b \u043f\u043e\u0434 \u0437\u0430\u043a\u0430\u0437! \u0412\u0440\u0435\u043c\u044f \u043f\u043e\u0441\u0442\u0430\u0432\u043a\u0438 5-7 \u0440\u0430\u0431\u043e\u0447\u0438\u0445 \u0434\u043d\u0435\u0439.\" \/>\n<meta property=\"og:url\" content=\"https:\/\/akum.lv\/en\/prece\/12ttb-130-12v-130ah-c20-q-batteries_tubular-plate-batteries-l245-w173-h284-a-terminal\/\" \/>\n<meta property=\"og:site_name\" content=\"www.akum.lv\" \/>\n<meta property=\"article:modified_time\" content=\"2025-01-08T13:24:12+00:00\" \/>\n<meta property=\"og:image\" content=\"https:\/\/akum.lv\/wp-content\/uploads\/2020\/01\/12TTB-130.jpg\" \/>\n\t<meta property=\"og:image:width\" content=\"400\" \/>\n\t<meta property=\"og:image:height\" content=\"361\" \/>\n\t<meta property=\"og:image:type\" content=\"image\/jpeg\" \/>\n<meta name=\"twitter:card\" content=\"summary_large_image\" \/>\n<script type=\"application\/ld+json\" class=\"yoast-schema-graph\">{\"@context\":\"https:\/\/schema.org\",\"@graph\":[{\"@type\":\"WebPage\",\"@id\":\"https:\/\/akum.lv\/en\/prece\/12ttb-130-12v-130ah-c20-q-batteries_tubular-plate-batteries-l245-w173-h284-a-terminal\/\",\"url\":\"https:\/\/akum.lv\/en\/prece\/12ttb-130-12v-130ah-c20-q-batteries_tubular-plate-batteries-l245-w173-h284-a-terminal\/\",\"name\":\"12TTB-130; 12V 130Ah-C20;\u00a0Q-BATTERIES_Tubular plate batteries L245 W173 H284 A-terminal - www.akum.lv\",\"isPartOf\":{\"@id\":\"https:\/\/akum.lv\/#website\"},\"primaryImageOfPage\":{\"@id\":\"https:\/\/akum.lv\/en\/prece\/12ttb-130-12v-130ah-c20-q-batteries_tubular-plate-batteries-l245-w173-h284-a-terminal\/#primaryimage\"},\"image\":{\"@id\":\"https:\/\/akum.lv\/en\/prece\/12ttb-130-12v-130ah-c20-q-batteries_tubular-plate-batteries-l245-w173-h284-a-terminal\/#primaryimage\"},\"thumbnailUrl\":\"https:\/\/akum.lv\/wp-content\/uploads\/2020\/01\/12TTB-130.jpg\",\"datePublished\":\"2020-01-14T11:47:47+00:00\",\"dateModified\":\"2025-01-08T13:24:12+00:00\",\"breadcrumb\":{\"@id\":\"https:\/\/akum.lv\/en\/prece\/12ttb-130-12v-130ah-c20-q-batteries_tubular-plate-batteries-l245-w173-h284-a-terminal\/#breadcrumb\"},\"inLanguage\":\"en-US\",\"potentialAction\":[{\"@type\":\"ReadAction\",\"target\":[\"https:\/\/akum.lv\/en\/prece\/12ttb-130-12v-130ah-c20-q-batteries_tubular-plate-batteries-l245-w173-h284-a-terminal\/\"]}]},{\"@type\":\"ImageObject\",\"inLanguage\":\"en-US\",\"@id\":\"https:\/\/akum.lv\/en\/prece\/12ttb-130-12v-130ah-c20-q-batteries_tubular-plate-batteries-l245-w173-h284-a-terminal\/#primaryimage\",\"url\":\"https:\/\/akum.lv\/wp-content\/uploads\/2020\/01\/12TTB-130.jpg\",\"contentUrl\":\"https:\/\/akum.lv\/wp-content\/uploads\/2020\/01\/12TTB-130.jpg\",\"width\":400,\"height\":361},{\"@type\":\"BreadcrumbList\",\"@id\":\"https:\/\/akum.lv\/en\/prece\/12ttb-130-12v-130ah-c20-q-batteries_tubular-plate-batteries-l245-w173-h284-a-terminal\/#breadcrumb\",\"itemListElement\":[{\"@type\":\"ListItem\",\"position\":1,\"name\":\"\u0413\u043b\u0430\u0432\u043d\u0430\u044f \u0441\u0442\u0440\u0430\u043d\u0438\u0446\u0430\",\"item\":\"https:\/\/akum.lv\/en\/\"},{\"@type\":\"ListItem\",\"position\":2,\"name\":\"PRECES\",\"item\":\"https:\/\/akum.lv\/produkti-preces\/\"},{\"@type\":\"ListItem\",\"position\":3,\"name\":\"12TTB-130; 12V 130Ah-C20;\u00a0Q-BATTERIES_Tubular plate batteries L245 W173 H284 A-terminal\"}]},{\"@type\":\"WebSite\",\"@id\":\"https:\/\/akum.lv\/#website\",\"url\":\"https:\/\/akum.lv\/\",\"name\":\"www.akum.lv\",\"description\":\"Akumulatoru p\u0101rdev\u0113js | \u041f\u0440\u043e\u0434\u0430\u0432\u0435\u0446 \u0430\u043a\u043a\u0443\u043c\u0443\u043b\u044f\u0442\u043e\u0440\u043e\u0432 | Battery seller\",\"publisher\":{\"@id\":\"https:\/\/akum.lv\/#organization\"},\"potentialAction\":[{\"@type\":\"SearchAction\",\"target\":{\"@type\":\"EntryPoint\",\"urlTemplate\":\"https:\/\/akum.lv\/?s={search_term_string}\"},\"query-input\":{\"@type\":\"PropertyValueSpecification\",\"valueRequired\":true,\"valueName\":\"search_term_string\"}}],\"inLanguage\":\"en-US\"},{\"@type\":\"Organization\",\"@id\":\"https:\/\/akum.lv\/#organization\",\"name\":\"HubEnergy\",\"url\":\"https:\/\/akum.lv\/\",\"logo\":{\"@type\":\"ImageObject\",\"inLanguage\":\"en-US\",\"@id\":\"https:\/\/akum.lv\/#\/schema\/logo\/image\/\",\"url\":\"https:\/\/akum.lv\/wp-content\/uploads\/2018\/08\/Logo-hub-energy-2018-seller-dark-blue.png\",\"contentUrl\":\"https:\/\/akum.lv\/wp-content\/uploads\/2018\/08\/Logo-hub-energy-2018-seller-dark-blue.png\",\"width\":381,\"height\":75,\"caption\":\"HubEnergy\"},\"image\":{\"@id\":\"https:\/\/akum.lv\/#\/schema\/logo\/image\/\"}}]}<\/script>\n<!-- \/ Yoast SEO plugin. -->","yoast_head_json":{"title":"12TTB-130; 12V 130Ah-C20;\u00a0Q-BATTERIES_Tubular plate batteries L245 W173 H284 A-terminal - www.akum.lv","robots":{"index":"index","follow":"follow","max-snippet":"max-snippet:-1","max-image-preview":"max-image-preview:large","max-video-preview":"max-video-preview:-1"},"canonical":"https:\/\/akum.lv\/en\/prece\/12ttb-130-12v-130ah-c20-q-batteries_tubular-plate-batteries-l245-w173-h284-a-terminal\/","og_locale":"en_US","og_type":"article","og_title":"12TTB-130; 12V 130Ah-C20;\u00a0Q-BATTERIES_Tubular plate batteries L245 W173 H284 A-terminal - www.akum.lv","og_description":"12TTB-130; 12V 130Ah-C20; Q-BATTERIES_Tubular plate batteries L245 W173 H284 A-terminal, 37.30 kg   \u2013 Product Line_TTB  TTB are vented traction batteries with positive tubular plates, also known as tubular plate technology. The tubular plate batteries are built to deliver superior performance in cleaning maschines, mobile lifting platforms, electric trucks and golf carts even in rough environments conditions. The optional water filling system allows easy and secure compensation for water loss of the batteries.  Application: \u25a0 floor cleaning \u25a0 aerial work platform \u25a0 driverless transport systems \u25a0 pallet trucks \u25a0 wheelchairs, scooter \u25a0 marine \/ RV \u25a0 solar systems and more Features: \u25a0 vented, low maintenance battery \u25a0 excellent run time and cycle life \u25a0 low self discharge, approx 5% per month \u25a0 high reliability of operation \u25a0 high discharge capacity \u25a0 1200 \u2013 1500 cycles (75% DOD)  SIA ,,HUB ENERGY,, \u2013 ofici\u0101lais bateriju izplat\u012bt\u0101js ,,Q-Batteries,, Latvij\u0101, Lietuv\u0101 un Igaunij\u0101. SIA ,,HUB ENERGY,, \u2013 \u043e\u0444\u0438\u0446\u0438\u0430\u043b\u044c\u043d\u044b\u0439 \u0434\u0438\u0441\u0442\u0440\u0438\u0431\u044c\u044e\u0442\u043e\u0440 \u0431\u0430\u0442\u0430\u0440\u0435\u0439 ,, Q-Batteries,, \u0432 \u041b\u0430\u0442\u0432\u0438\u0438, \u041b\u0438\u0442\u0432\u0435 \u0438 \u042d\u0441\u0442\u043e\u043d\u0438\u0438. SIA ,,HUB ENERGY,, \u2013 official distributor of batteries ,, Q-Batteries,, in Latvia, Lithuania and Estonia.  Ja prece nav noliktav\u0101 \u0160\u012bs preces ir pieejamas p\u0113c pas\u016bt\u012bjuma! Pieg\u0101des laiks 5-7 darba dienas.  \u0415\u0441\u043b\u0438 \u0442\u043e\u0432\u0430\u0440\u0430 \u043d\u0435\u0442 \u043d\u0430 \u0441\u043a\u043b\u0430\u0434\u0435 \u042d\u0442\u0438 \u0442\u043e\u0432\u0430\u0440\u044b \u0434\u043e\u0441\u0442\u0443\u043f\u043d\u044b \u043f\u043e\u0434 \u0437\u0430\u043a\u0430\u0437! \u0412\u0440\u0435\u043c\u044f \u043f\u043e\u0441\u0442\u0430\u0432\u043a\u0438 5-7 \u0440\u0430\u0431\u043e\u0447\u0438\u0445 \u0434\u043d\u0435\u0439.","og_url":"https:\/\/akum.lv\/en\/prece\/12ttb-130-12v-130ah-c20-q-batteries_tubular-plate-batteries-l245-w173-h284-a-terminal\/","og_site_name":"www.akum.lv","article_modified_time":"2025-01-08T13:24:12+00:00","og_image":[{"width":400,"height":361,"url":"https:\/\/akum.lv\/wp-content\/uploads\/2020\/01\/12TTB-130.jpg","type":"image\/jpeg"}],"twitter_card":"summary_large_image","schema":{"@context":"https:\/\/schema.org","@graph":[{"@type":"WebPage","@id":"https:\/\/akum.lv\/en\/prece\/12ttb-130-12v-130ah-c20-q-batteries_tubular-plate-batteries-l245-w173-h284-a-terminal\/","url":"https:\/\/akum.lv\/en\/prece\/12ttb-130-12v-130ah-c20-q-batteries_tubular-plate-batteries-l245-w173-h284-a-terminal\/","name":"12TTB-130; 12V 130Ah-C20;\u00a0Q-BATTERIES_Tubular plate batteries L245 W173 H284 A-terminal - www.akum.lv","isPartOf":{"@id":"https:\/\/akum.lv\/#website"},"primaryImageOfPage":{"@id":"https:\/\/akum.lv\/en\/prece\/12ttb-130-12v-130ah-c20-q-batteries_tubular-plate-batteries-l245-w173-h284-a-terminal\/#primaryimage"},"image":{"@id":"https:\/\/akum.lv\/en\/prece\/12ttb-130-12v-130ah-c20-q-batteries_tubular-plate-batteries-l245-w173-h284-a-terminal\/#primaryimage"},"thumbnailUrl":"https:\/\/akum.lv\/wp-content\/uploads\/2020\/01\/12TTB-130.jpg","datePublished":"2020-01-14T11:47:47+00:00","dateModified":"2025-01-08T13:24:12+00:00","breadcrumb":{"@id":"https:\/\/akum.lv\/en\/prece\/12ttb-130-12v-130ah-c20-q-batteries_tubular-plate-batteries-l245-w173-h284-a-terminal\/#breadcrumb"},"inLanguage":"en-US","potentialAction":[{"@type":"ReadAction","target":["https:\/\/akum.lv\/en\/prece\/12ttb-130-12v-130ah-c20-q-batteries_tubular-plate-batteries-l245-w173-h284-a-terminal\/"]}]},{"@type":"ImageObject","inLanguage":"en-US","@id":"https:\/\/akum.lv\/en\/prece\/12ttb-130-12v-130ah-c20-q-batteries_tubular-plate-batteries-l245-w173-h284-a-terminal\/#primaryimage","url":"https:\/\/akum.lv\/wp-content\/uploads\/2020\/01\/12TTB-130.jpg","contentUrl":"https:\/\/akum.lv\/wp-content\/uploads\/2020\/01\/12TTB-130.jpg","width":400,"height":361},{"@type":"BreadcrumbList","@id":"https:\/\/akum.lv\/en\/prece\/12ttb-130-12v-130ah-c20-q-batteries_tubular-plate-batteries-l245-w173-h284-a-terminal\/#breadcrumb","itemListElement":[{"@type":"ListItem","position":1,"name":"\u0413\u043b\u0430\u0432\u043d\u0430\u044f \u0441\u0442\u0440\u0430\u043d\u0438\u0446\u0430","item":"https:\/\/akum.lv\/en\/"},{"@type":"ListItem","position":2,"name":"PRECES","item":"https:\/\/akum.lv\/produkti-preces\/"},{"@type":"ListItem","position":3,"name":"12TTB-130; 12V 130Ah-C20;\u00a0Q-BATTERIES_Tubular plate batteries L245 W173 H284 A-terminal"}]},{"@type":"WebSite","@id":"https:\/\/akum.lv\/#website","url":"https:\/\/akum.lv\/","name":"www.akum.lv","description":"Akumulatoru p\u0101rdev\u0113js | \u041f\u0440\u043e\u0434\u0430\u0432\u0435\u0446 \u0430\u043a\u043a\u0443\u043c\u0443\u043b\u044f\u0442\u043e\u0440\u043e\u0432 | Battery seller","publisher":{"@id":"https:\/\/akum.lv\/#organization"},"potentialAction":[{"@type":"SearchAction","target":{"@type":"EntryPoint","urlTemplate":"https:\/\/akum.lv\/?s={search_term_string}"},"query-input":{"@type":"PropertyValueSpecification","valueRequired":true,"valueName":"search_term_string"}}],"inLanguage":"en-US"},{"@type":"Organization","@id":"https:\/\/akum.lv\/#organization","name":"HubEnergy","url":"https:\/\/akum.lv\/","logo":{"@type":"ImageObject","inLanguage":"en-US","@id":"https:\/\/akum.lv\/#\/schema\/logo\/image\/","url":"https:\/\/akum.lv\/wp-content\/uploads\/2018\/08\/Logo-hub-energy-2018-seller-dark-blue.png","contentUrl":"https:\/\/akum.lv\/wp-content\/uploads\/2018\/08\/Logo-hub-energy-2018-seller-dark-blue.png","width":381,"height":75,"caption":"HubEnergy"},"image":{"@id":"https:\/\/akum.lv\/#\/schema\/logo\/image\/"}}]}},"brands":[{"id":340,"name":"Q-Batteries","slug":"q-batteries-en"}],"_links":{"self":[{"href":"https:\/\/akum.lv\/en\/wp-json\/wp\/v2\/product\/6898","targetHints":{"allow":["GET"]}}],"collection":[{"href":"https:\/\/akum.lv\/en\/wp-json\/wp\/v2\/product"}],"about":[{"href":"https:\/\/akum.lv\/en\/wp-json\/wp\/v2\/types\/product"}],"wp:featuredmedia":[{"embeddable":true,"href":"https:\/\/akum.lv\/en\/wp-json\/wp\/v2\/media\/6896"}],"wp:attachment":[{"href":"https:\/\/akum.lv\/en\/wp-json\/wp\/v2\/media?parent=6898"}],"wp:term":[{"taxonomy":"pwb-brand","embeddable":true,"href":"https:\/\/akum.lv\/en\/wp-json\/wp\/v2\/pwb-brand?post=6898"},{"taxonomy":"product_brand","embeddable":true,"href":"https:\/\/akum.lv\/en\/wp-json\/wp\/v2\/product_brand?post=6898"},{"taxonomy":"product_cat","embeddable":true,"href":"https:\/\/akum.lv\/en\/wp-json\/wp\/v2\/product_cat?post=6898"},{"taxonomy":"product_tag","embeddable":true,"href":"https:\/\/akum.lv\/en\/wp-json\/wp\/v2\/product_tag?post=6898"}],"curies":[{"name":"wp","href":"https:\/\/api.w.org\/{rel}","templated":true}]}}