{"id":6309,"date":"2019-09-05T12:44:23","date_gmt":"2019-09-05T12:44:23","guid":{"rendered":"https:\/\/akum.lv\/veikals\/uncategorized\/8a-max-universal-charger-12v-8a-24v-4a-boost-rezims-ip65-ladesanas-ierice\/"},"modified":"2019-11-19T15:09:16","modified_gmt":"2019-11-19T15:09:16","slug":"8a-max-universal-charger-12v-8a-24v-4a-boost-rezims-ip65-ladesanas-ierice","status":"publish","type":"product","link":"https:\/\/akum.lv\/en\/prece\/8a-max-universal-charger-12v-8a-24v-4a-boost-rezims-ip65-ladesanas-ierice\/","title":{"rendered":"8A MAX universal charger 12V-8A\/24V-4A BOOST re\u017e\u012bms (IP65) l\u0101d\u0113\u0161anas ier\u012bce"},"content":{"rendered":"","protected":false},"excerpt":{"rendered":"<p>8A MAX universal charger 12V-8A\/24V-4A BOOST re\u017e\u012bms (IP65) l\u0101d\u0113\u0161anas ier\u012bce<\/p>\n<p><img loading=\"lazy\" decoding=\"async\" class=\"\" src=\"https:\/\/www.platronik.pl\/katalog\/allegro\/VOLT_LOGO_KOLOR.jpg\" alt=\"\u00d0\u009a\u00d0\u00b0\u00d1\u0080\u00d1\u0082\u00d0\u00b8\u00d0\u00bd\u00d0\u00ba\u00d0\u00b8 \u00d0\u00bf\u00d0\u00be \u00d0\u00b7\u00d0\u00b0\u00d0\u00bf\u00d1\u0080\u00d0\u00be\u00d1\u0081\u00d1\u0083 VOLT POLSKA logo\" width=\"300\" height=\"135\" \/><\/p>\n<p>Automatic charger (rectifier) designed to charge lead-acid car batteries 8A-12V &amp; 4A-24V.. Also included are maintenance-free VRLA batteries (AGM and GEL), liquid acid electrolyte batteries, and MF (maintenance-free) batteries.<\/p>\n<p>Device Features:<br \/>\n&#8211; allows you to charge batteries to almost full original capacity<br \/>\n&#8211; fully automatic charging, diagnostics, voltage maintenance and maintenance modes<br \/>\n&#8211; appropriate precautions against overcharging batteries<br \/>\n&#8211; electronic protection against user errors<br \/>\n&#8211; spark protection, protection against overheating and short circuit<br \/>\n&#8211; has a mode of operation as an energy generator (13.6V \/ 4 A)<br \/>\n&#8211; can charge deeply discharged batteries (4.5V)<\/p>\n<p>Device parameters and technical data:<br \/>\nInput voltage 200 &#8211; 260 V, 50 Hz<br \/>\n12V \/ 24V output voltage (auto switch)<br \/>\nCharging voltage 14.4V \/ 14.7V \/ 28.8V \/ 29.4V<br \/>\nBOOST mode<br \/>\nCharge Level Indication<br \/>\nCharging current 8A 12V and 4A 24V Power 190 W<br \/>\nAmbient temperature -10\u00b0C to + 40\u00b0C<br \/>\nIP65 degree of protection<\/p>\n","protected":false},"featured_media":6307,"template":"","meta":[],"pwb-brand":[611],"product_brand":[],"product_cat":[252],"product_tag":[],"class_list":{"0":"post-6309","1":"product","2":"type-product","3":"status-publish","4":"has-post-thumbnail","6":"pwb-brand-volt-polska-en-2","7":"product_cat-chargers-for-lead-acid-and-lifepo4-batteries","9":"first","10":"instock","11":"taxable","12":"shipping-taxable","13":"purchasable","14":"product-type-simple"},"yoast_head":"<!-- This site is optimized with the Yoast SEO plugin v26.7 - https:\/\/yoast.com\/wordpress\/plugins\/seo\/ -->\n<title>8A MAX universal charger 12V-8A\/24V-4A BOOST re\u017e\u012bms (IP65) l\u0101d\u0113\u0161anas ier\u012bce - www.akum.lv<\/title>\n<meta name=\"robots\" content=\"index, follow, max-snippet:-1, max-image-preview:large, max-video-preview:-1\" \/>\n<link rel=\"canonical\" href=\"https:\/\/akum.lv\/en\/prece\/8a-max-universal-charger-12v-8a-24v-4a-boost-rezims-ip65-ladesanas-ierice\/\" \/>\n<meta property=\"og:locale\" content=\"en_US\" \/>\n<meta property=\"og:type\" content=\"article\" \/>\n<meta property=\"og:title\" content=\"8A MAX universal charger 12V-8A\/24V-4A BOOST re\u017e\u012bms (IP65) l\u0101d\u0113\u0161anas ier\u012bce - www.akum.lv\" \/>\n<meta property=\"og:description\" content=\"8A MAX universal charger 12V-8A\/24V-4A BOOST re\u017e\u012bms (IP65) l\u0101d\u0113\u0161anas ier\u012bce    Automatic charger (rectifier) designed to charge lead-acid car batteries 8A-12V &amp; 4A-24V.. Also included are maintenance-free VRLA batteries (AGM and GEL), liquid acid electrolyte batteries, and MF (maintenance-free) batteries.  Device Features: - allows you to charge batteries to almost full original capacity - fully automatic charging, diagnostics, voltage maintenance and maintenance modes - appropriate precautions against overcharging batteries - electronic protection against user errors - spark protection, protection against overheating and short circuit - has a mode of operation as an energy generator (13.6V \/ 4 A) - can charge deeply discharged batteries (4.5V)  Device parameters and technical data: Input voltage 200 - 260 V, 50 Hz 12V \/ 24V output voltage (auto switch) Charging voltage 14.4V \/ 14.7V \/ 28.8V \/ 29.4V BOOST mode Charge Level Indication Charging current 8A 12V and 4A 24V Power 190 W Ambient temperature -10\u00b0C to + 40\u00b0C IP65 degree of protection\" \/>\n<meta property=\"og:url\" content=\"https:\/\/akum.lv\/en\/prece\/8a-max-universal-charger-12v-8a-24v-4a-boost-rezims-ip65-ladesanas-ierice\/\" \/>\n<meta property=\"og:site_name\" content=\"www.akum.lv\" \/>\n<meta property=\"article:modified_time\" content=\"2019-11-19T15:09:16+00:00\" \/>\n<meta property=\"og:image\" content=\"https:\/\/akum.lv\/wp-content\/uploads\/2019\/09\/VOLT-8A-MAX.jpg\" \/>\n\t<meta property=\"og:image:width\" content=\"450\" \/>\n\t<meta property=\"og:image:height\" content=\"258\" \/>\n\t<meta property=\"og:image:type\" content=\"image\/jpeg\" \/>\n<meta name=\"twitter:card\" content=\"summary_large_image\" \/>\n<script type=\"application\/ld+json\" class=\"yoast-schema-graph\">{\"@context\":\"https:\/\/schema.org\",\"@graph\":[{\"@type\":\"WebPage\",\"@id\":\"https:\/\/akum.lv\/en\/prece\/8a-max-universal-charger-12v-8a-24v-4a-boost-rezims-ip65-ladesanas-ierice\/\",\"url\":\"https:\/\/akum.lv\/en\/prece\/8a-max-universal-charger-12v-8a-24v-4a-boost-rezims-ip65-ladesanas-ierice\/\",\"name\":\"8A MAX universal charger 12V-8A\/24V-4A BOOST re\u017e\u012bms (IP65) l\u0101d\u0113\u0161anas ier\u012bce - www.akum.lv\",\"isPartOf\":{\"@id\":\"https:\/\/akum.lv\/#website\"},\"primaryImageOfPage\":{\"@id\":\"https:\/\/akum.lv\/en\/prece\/8a-max-universal-charger-12v-8a-24v-4a-boost-rezims-ip65-ladesanas-ierice\/#primaryimage\"},\"image\":{\"@id\":\"https:\/\/akum.lv\/en\/prece\/8a-max-universal-charger-12v-8a-24v-4a-boost-rezims-ip65-ladesanas-ierice\/#primaryimage\"},\"thumbnailUrl\":\"https:\/\/akum.lv\/wp-content\/uploads\/2019\/09\/VOLT-8A-MAX.jpg\",\"datePublished\":\"2019-09-05T12:44:23+00:00\",\"dateModified\":\"2019-11-19T15:09:16+00:00\",\"breadcrumb\":{\"@id\":\"https:\/\/akum.lv\/en\/prece\/8a-max-universal-charger-12v-8a-24v-4a-boost-rezims-ip65-ladesanas-ierice\/#breadcrumb\"},\"inLanguage\":\"en-US\",\"potentialAction\":[{\"@type\":\"ReadAction\",\"target\":[\"https:\/\/akum.lv\/en\/prece\/8a-max-universal-charger-12v-8a-24v-4a-boost-rezims-ip65-ladesanas-ierice\/\"]}]},{\"@type\":\"ImageObject\",\"inLanguage\":\"en-US\",\"@id\":\"https:\/\/akum.lv\/en\/prece\/8a-max-universal-charger-12v-8a-24v-4a-boost-rezims-ip65-ladesanas-ierice\/#primaryimage\",\"url\":\"https:\/\/akum.lv\/wp-content\/uploads\/2019\/09\/VOLT-8A-MAX.jpg\",\"contentUrl\":\"https:\/\/akum.lv\/wp-content\/uploads\/2019\/09\/VOLT-8A-MAX.jpg\",\"width\":450,\"height\":258},{\"@type\":\"BreadcrumbList\",\"@id\":\"https:\/\/akum.lv\/en\/prece\/8a-max-universal-charger-12v-8a-24v-4a-boost-rezims-ip65-ladesanas-ierice\/#breadcrumb\",\"itemListElement\":[{\"@type\":\"ListItem\",\"position\":1,\"name\":\"\u0413\u043b\u0430\u0432\u043d\u0430\u044f \u0441\u0442\u0440\u0430\u043d\u0438\u0446\u0430\",\"item\":\"https:\/\/akum.lv\/en\/\"},{\"@type\":\"ListItem\",\"position\":2,\"name\":\"PRECES\",\"item\":\"https:\/\/akum.lv\/produkti-preces\/\"},{\"@type\":\"ListItem\",\"position\":3,\"name\":\"8A MAX universal charger 12V-8A\/24V-4A BOOST re\u017e\u012bms (IP65) l\u0101d\u0113\u0161anas ier\u012bce\"}]},{\"@type\":\"WebSite\",\"@id\":\"https:\/\/akum.lv\/#website\",\"url\":\"https:\/\/akum.lv\/\",\"name\":\"www.akum.lv\",\"description\":\"Akumulatoru p\u0101rdev\u0113js | \u041f\u0440\u043e\u0434\u0430\u0432\u0435\u0446 \u0430\u043a\u043a\u0443\u043c\u0443\u043b\u044f\u0442\u043e\u0440\u043e\u0432 | Battery seller\",\"publisher\":{\"@id\":\"https:\/\/akum.lv\/#organization\"},\"potentialAction\":[{\"@type\":\"SearchAction\",\"target\":{\"@type\":\"EntryPoint\",\"urlTemplate\":\"https:\/\/akum.lv\/?s={search_term_string}\"},\"query-input\":{\"@type\":\"PropertyValueSpecification\",\"valueRequired\":true,\"valueName\":\"search_term_string\"}}],\"inLanguage\":\"en-US\"},{\"@type\":\"Organization\",\"@id\":\"https:\/\/akum.lv\/#organization\",\"name\":\"HubEnergy\",\"url\":\"https:\/\/akum.lv\/\",\"logo\":{\"@type\":\"ImageObject\",\"inLanguage\":\"en-US\",\"@id\":\"https:\/\/akum.lv\/#\/schema\/logo\/image\/\",\"url\":\"https:\/\/akum.lv\/wp-content\/uploads\/2018\/08\/Logo-hub-energy-2018-seller-dark-blue.png\",\"contentUrl\":\"https:\/\/akum.lv\/wp-content\/uploads\/2018\/08\/Logo-hub-energy-2018-seller-dark-blue.png\",\"width\":381,\"height\":75,\"caption\":\"HubEnergy\"},\"image\":{\"@id\":\"https:\/\/akum.lv\/#\/schema\/logo\/image\/\"}}]}<\/script>\n<!-- \/ Yoast SEO plugin. -->","yoast_head_json":{"title":"8A MAX universal charger 12V-8A\/24V-4A BOOST re\u017e\u012bms (IP65) l\u0101d\u0113\u0161anas ier\u012bce - www.akum.lv","robots":{"index":"index","follow":"follow","max-snippet":"max-snippet:-1","max-image-preview":"max-image-preview:large","max-video-preview":"max-video-preview:-1"},"canonical":"https:\/\/akum.lv\/en\/prece\/8a-max-universal-charger-12v-8a-24v-4a-boost-rezims-ip65-ladesanas-ierice\/","og_locale":"en_US","og_type":"article","og_title":"8A MAX universal charger 12V-8A\/24V-4A BOOST re\u017e\u012bms (IP65) l\u0101d\u0113\u0161anas ier\u012bce - www.akum.lv","og_description":"8A MAX universal charger 12V-8A\/24V-4A BOOST re\u017e\u012bms (IP65) l\u0101d\u0113\u0161anas ier\u012bce    Automatic charger (rectifier) designed to charge lead-acid car batteries 8A-12V &amp; 4A-24V.. Also included are maintenance-free VRLA batteries (AGM and GEL), liquid acid electrolyte batteries, and MF (maintenance-free) batteries.  Device Features: - allows you to charge batteries to almost full original capacity - fully automatic charging, diagnostics, voltage maintenance and maintenance modes - appropriate precautions against overcharging batteries - electronic protection against user errors - spark protection, protection against overheating and short circuit - has a mode of operation as an energy generator (13.6V \/ 4 A) - can charge deeply discharged batteries (4.5V)  Device parameters and technical data: Input voltage 200 - 260 V, 50 Hz 12V \/ 24V output voltage (auto switch) Charging voltage 14.4V \/ 14.7V \/ 28.8V \/ 29.4V BOOST mode Charge Level Indication Charging current 8A 12V and 4A 24V Power 190 W Ambient temperature -10\u00b0C to + 40\u00b0C IP65 degree of protection","og_url":"https:\/\/akum.lv\/en\/prece\/8a-max-universal-charger-12v-8a-24v-4a-boost-rezims-ip65-ladesanas-ierice\/","og_site_name":"www.akum.lv","article_modified_time":"2019-11-19T15:09:16+00:00","og_image":[{"width":450,"height":258,"url":"https:\/\/akum.lv\/wp-content\/uploads\/2019\/09\/VOLT-8A-MAX.jpg","type":"image\/jpeg"}],"twitter_card":"summary_large_image","schema":{"@context":"https:\/\/schema.org","@graph":[{"@type":"WebPage","@id":"https:\/\/akum.lv\/en\/prece\/8a-max-universal-charger-12v-8a-24v-4a-boost-rezims-ip65-ladesanas-ierice\/","url":"https:\/\/akum.lv\/en\/prece\/8a-max-universal-charger-12v-8a-24v-4a-boost-rezims-ip65-ladesanas-ierice\/","name":"8A MAX universal charger 12V-8A\/24V-4A BOOST re\u017e\u012bms (IP65) l\u0101d\u0113\u0161anas ier\u012bce - www.akum.lv","isPartOf":{"@id":"https:\/\/akum.lv\/#website"},"primaryImageOfPage":{"@id":"https:\/\/akum.lv\/en\/prece\/8a-max-universal-charger-12v-8a-24v-4a-boost-rezims-ip65-ladesanas-ierice\/#primaryimage"},"image":{"@id":"https:\/\/akum.lv\/en\/prece\/8a-max-universal-charger-12v-8a-24v-4a-boost-rezims-ip65-ladesanas-ierice\/#primaryimage"},"thumbnailUrl":"https:\/\/akum.lv\/wp-content\/uploads\/2019\/09\/VOLT-8A-MAX.jpg","datePublished":"2019-09-05T12:44:23+00:00","dateModified":"2019-11-19T15:09:16+00:00","breadcrumb":{"@id":"https:\/\/akum.lv\/en\/prece\/8a-max-universal-charger-12v-8a-24v-4a-boost-rezims-ip65-ladesanas-ierice\/#breadcrumb"},"inLanguage":"en-US","potentialAction":[{"@type":"ReadAction","target":["https:\/\/akum.lv\/en\/prece\/8a-max-universal-charger-12v-8a-24v-4a-boost-rezims-ip65-ladesanas-ierice\/"]}]},{"@type":"ImageObject","inLanguage":"en-US","@id":"https:\/\/akum.lv\/en\/prece\/8a-max-universal-charger-12v-8a-24v-4a-boost-rezims-ip65-ladesanas-ierice\/#primaryimage","url":"https:\/\/akum.lv\/wp-content\/uploads\/2019\/09\/VOLT-8A-MAX.jpg","contentUrl":"https:\/\/akum.lv\/wp-content\/uploads\/2019\/09\/VOLT-8A-MAX.jpg","width":450,"height":258},{"@type":"BreadcrumbList","@id":"https:\/\/akum.lv\/en\/prece\/8a-max-universal-charger-12v-8a-24v-4a-boost-rezims-ip65-ladesanas-ierice\/#breadcrumb","itemListElement":[{"@type":"ListItem","position":1,"name":"\u0413\u043b\u0430\u0432\u043d\u0430\u044f \u0441\u0442\u0440\u0430\u043d\u0438\u0446\u0430","item":"https:\/\/akum.lv\/en\/"},{"@type":"ListItem","position":2,"name":"PRECES","item":"https:\/\/akum.lv\/produkti-preces\/"},{"@type":"ListItem","position":3,"name":"8A MAX universal charger 12V-8A\/24V-4A BOOST re\u017e\u012bms (IP65) l\u0101d\u0113\u0161anas ier\u012bce"}]},{"@type":"WebSite","@id":"https:\/\/akum.lv\/#website","url":"https:\/\/akum.lv\/","name":"www.akum.lv","description":"Akumulatoru p\u0101rdev\u0113js | \u041f\u0440\u043e\u0434\u0430\u0432\u0435\u0446 \u0430\u043a\u043a\u0443\u043c\u0443\u043b\u044f\u0442\u043e\u0440\u043e\u0432 | Battery seller","publisher":{"@id":"https:\/\/akum.lv\/#organization"},"potentialAction":[{"@type":"SearchAction","target":{"@type":"EntryPoint","urlTemplate":"https:\/\/akum.lv\/?s={search_term_string}"},"query-input":{"@type":"PropertyValueSpecification","valueRequired":true,"valueName":"search_term_string"}}],"inLanguage":"en-US"},{"@type":"Organization","@id":"https:\/\/akum.lv\/#organization","name":"HubEnergy","url":"https:\/\/akum.lv\/","logo":{"@type":"ImageObject","inLanguage":"en-US","@id":"https:\/\/akum.lv\/#\/schema\/logo\/image\/","url":"https:\/\/akum.lv\/wp-content\/uploads\/2018\/08\/Logo-hub-energy-2018-seller-dark-blue.png","contentUrl":"https:\/\/akum.lv\/wp-content\/uploads\/2018\/08\/Logo-hub-energy-2018-seller-dark-blue.png","width":381,"height":75,"caption":"HubEnergy"},"image":{"@id":"https:\/\/akum.lv\/#\/schema\/logo\/image\/"}}]}},"brands":[{"id":611,"name":"VOLT POLSKA","slug":"volt-polska-en-2"}],"_links":{"self":[{"href":"https:\/\/akum.lv\/en\/wp-json\/wp\/v2\/product\/6309","targetHints":{"allow":["GET"]}}],"collection":[{"href":"https:\/\/akum.lv\/en\/wp-json\/wp\/v2\/product"}],"about":[{"href":"https:\/\/akum.lv\/en\/wp-json\/wp\/v2\/types\/product"}],"wp:featuredmedia":[{"embeddable":true,"href":"https:\/\/akum.lv\/en\/wp-json\/wp\/v2\/media\/6307"}],"wp:attachment":[{"href":"https:\/\/akum.lv\/en\/wp-json\/wp\/v2\/media?parent=6309"}],"wp:term":[{"taxonomy":"pwb-brand","embeddable":true,"href":"https:\/\/akum.lv\/en\/wp-json\/wp\/v2\/pwb-brand?post=6309"},{"taxonomy":"product_brand","embeddable":true,"href":"https:\/\/akum.lv\/en\/wp-json\/wp\/v2\/product_brand?post=6309"},{"taxonomy":"product_cat","embeddable":true,"href":"https:\/\/akum.lv\/en\/wp-json\/wp\/v2\/product_cat?post=6309"},{"taxonomy":"product_tag","embeddable":true,"href":"https:\/\/akum.lv\/en\/wp-json\/wp\/v2\/product_tag?post=6309"}],"curies":[{"name":"wp","href":"https:\/\/api.w.org\/{rel}","templated":true}]}}