{"id":5903,"date":"2019-07-23T16:08:05","date_gmt":"2019-07-23T16:08:05","guid":{"rendered":"https:\/\/akum.lv\/veikals\/uncategorized\/2v-cells\/"},"modified":"2020-03-10T09:26:20","modified_gmt":"2020-03-10T09:26:20","slug":"2v-cells","status":"publish","type":"product","link":"https:\/\/akum.lv\/en\/prece\/2v-cells\/","title":{"rendered":"EPzS; EPzB &#8211; GNB Marathon Classic batteries"},"content":{"rendered":"","protected":false},"excerpt":{"rendered":"<p><strong>EPzS; EPzB &#8211; GNB Marathon Classic batteries<\/strong><\/p>\n<p><span style=\"color: #000000;\"><strong>Katalogs \/ \u041a\u0430\u0442\u0430\u043b\u043e\u0433 \/ Catalog &#8211;<\/strong><\/span> <strong><a href=\"https:\/\/akum.lv\/wp-content\/uploads\/2019\/07\/GNB_Marathon_Classic_EPzS_EPzB_en.pdf\">GNB_Marathon_Classic_EPzS_EPzB_en<\/a><\/strong><\/p>\n<p>\u0160\u012bs baterijas ir pieejamas tikai p\u0113c piepras\u012bjuma.<br \/>\nBaterijas kast\u0113, piln\u012bb\u0101 samont\u0113tas, gatavas lieto\u0161anai.<br \/>\nJ\u016bs varat ar\u012b pas\u016bt\u012bt tikai 2 V \u0161\u016bnas. Minim\u0101lais pas\u016bt\u012bjuma daudzums ir 2 V \u0161\u016bnas, 6 gab.<\/p>\n<hr \/>\n<p>\u042d\u0442\u0438 \u0431\u0430\u0442\u0430\u0440\u0435\u0438 \u0434\u043e\u0441\u0442\u0443\u043f\u043d\u044b \u0442\u043e\u043b\u044c\u043a\u043e \u043f\u043e\u0434 \u0437\u0430\u043a\u0430\u0437.<br \/>\n\u0411\u0430\u0442\u0430\u0440\u0435\u0438 \u0432 \u044f\u0449\u0438\u043a\u0435, \u043f\u043e\u043b\u043d\u043e\u0441\u0442\u044c\u044e \u0432 \u0441\u0431\u043e\u0440\u0435, \u0433\u043e\u0442\u043e\u0432\u044b \u043a \u0440\u0430\u0431\u043e\u0442\u0435.<br \/>\n\u0422\u0430\u043a\u0436\u0435 \u043c\u043e\u0436\u043d\u043e \u0437\u0430\u043a\u0430\u0437\u0430\u0442\u044c \u0442\u043e\u043b\u044c\u043a\u043e 2\u0412 \u044f\u0447\u0435\u0439\u043a\u0438. \u041c\u0438\u043d\u0438\u043c\u0430\u043b\u044c\u043d\u043e\u0435 \u043a\u043e\u043b\u0438\u0447\u0435\u0441\u0442\u0432\u043e \u0437\u0430\u043a\u0430\u0437\u0430 2\u0412 \u044f\u0447\u0435\u0435\u043a, 6 \u0448\u0442.<\/p>\n<hr \/>\n<p>These batteries are available on request only.<br \/>\nBatteries in the box, fully assembled, ready to go.<br \/>\nYou can also order only 2V cells. The minimum order quantity is 2V cells, 6 pcs.<\/p>\n<hr \/>\n<p>EPzS &#8211; DIN standart<\/p>\n<p>Applications<br \/>\nEPzS batteries are the ideal energy source for all material handling applications. They can also supply the energy and cycle life required for cleaning machines, tow tractors, mobile lifting platforms, electric road vehicles and electric\/hybrid boats.<\/p>\n<p>EPzB &#8211; BS standart<\/p>\n<p>Applications<br \/>\nEPzB batteries are the ideal energy source for material handling trucks, cleaning machines, electrical road vehicles, tractors and other electrical vehicles with narrow battery installation space and high cyclic load.<\/p>\n","protected":false},"featured_media":5908,"template":"","meta":[],"pwb-brand":[337],"product_brand":[],"product_cat":[496],"product_tag":[406,391,498],"class_list":{"0":"post-5903","1":"product","2":"type-product","3":"status-publish","4":"has-post-thumbnail","6":"pwb-brand-exide-technologies-en","7":"product_cat-batteries-and-chargers-for-forklifts","8":"product_tag-batteries-and-chargers-for-cleaning-machines","9":"product_tag-batteries-and-chargers-for-construction-and-warehouse-equipment","10":"product_tag-batteries-and-chargers-for-electric-car","12":"first","13":"instock","14":"taxable","15":"shipping-taxable","16":"product-type-simple"},"yoast_head":"<!-- This site is optimized with the Yoast SEO plugin v26.7 - https:\/\/yoast.com\/wordpress\/plugins\/seo\/ -->\n<title>EPzS; EPzB - GNB Marathon Classic batteries - www.akum.lv<\/title>\n<meta name=\"robots\" content=\"index, follow, max-snippet:-1, max-image-preview:large, max-video-preview:-1\" \/>\n<link rel=\"canonical\" href=\"https:\/\/akum.lv\/prece\/2v-cells\/\" \/>\n<meta property=\"og:locale\" content=\"en_US\" \/>\n<meta property=\"og:type\" content=\"article\" \/>\n<meta property=\"og:title\" content=\"EPzS; EPzB - GNB Marathon Classic batteries - www.akum.lv\" \/>\n<meta property=\"og:description\" content=\"EPzS; EPzB - GNB Marathon Classic batteries  Katalogs \/ \u041a\u0430\u0442\u0430\u043b\u043e\u0433 \/ Catalog - GNB_Marathon_Classic_EPzS_EPzB_en  \u0160\u012bs baterijas ir pieejamas tikai p\u0113c piepras\u012bjuma. Baterijas kast\u0113, piln\u012bb\u0101 samont\u0113tas, gatavas lieto\u0161anai. J\u016bs varat ar\u012b pas\u016bt\u012bt tikai 2 V \u0161\u016bnas. Minim\u0101lais pas\u016bt\u012bjuma daudzums ir 2 V \u0161\u016bnas, 6 gab.    \u042d\u0442\u0438 \u0431\u0430\u0442\u0430\u0440\u0435\u0438 \u0434\u043e\u0441\u0442\u0443\u043f\u043d\u044b \u0442\u043e\u043b\u044c\u043a\u043e \u043f\u043e\u0434 \u0437\u0430\u043a\u0430\u0437. \u0411\u0430\u0442\u0430\u0440\u0435\u0438 \u0432 \u044f\u0449\u0438\u043a\u0435, \u043f\u043e\u043b\u043d\u043e\u0441\u0442\u044c\u044e \u0432 \u0441\u0431\u043e\u0440\u0435, \u0433\u043e\u0442\u043e\u0432\u044b \u043a \u0440\u0430\u0431\u043e\u0442\u0435. \u0422\u0430\u043a\u0436\u0435 \u043c\u043e\u0436\u043d\u043e \u0437\u0430\u043a\u0430\u0437\u0430\u0442\u044c \u0442\u043e\u043b\u044c\u043a\u043e 2\u0412 \u044f\u0447\u0435\u0439\u043a\u0438. \u041c\u0438\u043d\u0438\u043c\u0430\u043b\u044c\u043d\u043e\u0435 \u043a\u043e\u043b\u0438\u0447\u0435\u0441\u0442\u0432\u043e \u0437\u0430\u043a\u0430\u0437\u0430 2\u0412 \u044f\u0447\u0435\u0435\u043a, 6 \u0448\u0442.    These batteries are available on request only. Batteries in the box, fully assembled, ready to go. You can also order only 2V cells. The minimum order quantity is 2V cells, 6 pcs.    EPzS - DIN standart  Applications EPzS batteries are the ideal energy source for all material handling applications. They can also supply the energy and cycle life required for cleaning machines, tow tractors, mobile lifting platforms, electric road vehicles and electric\/hybrid boats.  EPzB - BS standart  Applications EPzB batteries are the ideal energy source for material handling trucks, cleaning machines, electrical road vehicles, tractors and other electrical vehicles with narrow battery installation space and high cyclic load.\" \/>\n<meta property=\"og:url\" content=\"https:\/\/akum.lv\/prece\/2v-cells\/\" \/>\n<meta property=\"og:site_name\" content=\"www.akum.lv\" \/>\n<meta property=\"article:modified_time\" content=\"2020-03-10T09:26:20+00:00\" \/>\n<meta property=\"og:image\" content=\"https:\/\/akum.lv\/wp-content\/uploads\/2019\/07\/EPzS.jpg\" \/>\n\t<meta property=\"og:image:width\" content=\"224\" \/>\n\t<meta property=\"og:image:height\" content=\"225\" \/>\n\t<meta property=\"og:image:type\" content=\"image\/jpeg\" \/>\n<meta name=\"twitter:card\" content=\"summary_large_image\" \/>\n<script type=\"application\/ld+json\" class=\"yoast-schema-graph\">{\"@context\":\"https:\/\/schema.org\",\"@graph\":[{\"@type\":\"WebPage\",\"@id\":\"https:\/\/akum.lv\/prece\/2v-cells\/\",\"url\":\"https:\/\/akum.lv\/prece\/2v-cells\/\",\"name\":\"EPzS; EPzB - GNB Marathon Classic batteries - www.akum.lv\",\"isPartOf\":{\"@id\":\"https:\/\/akum.lv\/#website\"},\"primaryImageOfPage\":{\"@id\":\"https:\/\/akum.lv\/prece\/2v-cells\/#primaryimage\"},\"image\":{\"@id\":\"https:\/\/akum.lv\/prece\/2v-cells\/#primaryimage\"},\"thumbnailUrl\":\"https:\/\/akum.lv\/wp-content\/uploads\/2019\/07\/EPzS.jpg\",\"datePublished\":\"2019-07-23T16:08:05+00:00\",\"dateModified\":\"2020-03-10T09:26:20+00:00\",\"breadcrumb\":{\"@id\":\"https:\/\/akum.lv\/prece\/2v-cells\/#breadcrumb\"},\"inLanguage\":\"en-US\",\"potentialAction\":[{\"@type\":\"ReadAction\",\"target\":[\"https:\/\/akum.lv\/prece\/2v-cells\/\"]}]},{\"@type\":\"ImageObject\",\"inLanguage\":\"en-US\",\"@id\":\"https:\/\/akum.lv\/prece\/2v-cells\/#primaryimage\",\"url\":\"https:\/\/akum.lv\/wp-content\/uploads\/2019\/07\/EPzS.jpg\",\"contentUrl\":\"https:\/\/akum.lv\/wp-content\/uploads\/2019\/07\/EPzS.jpg\",\"width\":224,\"height\":225},{\"@type\":\"BreadcrumbList\",\"@id\":\"https:\/\/akum.lv\/prece\/2v-cells\/#breadcrumb\",\"itemListElement\":[{\"@type\":\"ListItem\",\"position\":1,\"name\":\"\u0413\u043b\u0430\u0432\u043d\u0430\u044f \u0441\u0442\u0440\u0430\u043d\u0438\u0446\u0430\",\"item\":\"https:\/\/akum.lv\/en\/\"},{\"@type\":\"ListItem\",\"position\":2,\"name\":\"PRECES\",\"item\":\"https:\/\/akum.lv\/produkti-preces\/\"},{\"@type\":\"ListItem\",\"position\":3,\"name\":\"EPzS; EPzB &#8211; GNB Marathon Classic batteries\"}]},{\"@type\":\"WebSite\",\"@id\":\"https:\/\/akum.lv\/#website\",\"url\":\"https:\/\/akum.lv\/\",\"name\":\"www.akum.lv\",\"description\":\"Akumulatoru p\u0101rdev\u0113js | \u041f\u0440\u043e\u0434\u0430\u0432\u0435\u0446 \u0430\u043a\u043a\u0443\u043c\u0443\u043b\u044f\u0442\u043e\u0440\u043e\u0432 | Battery seller\",\"publisher\":{\"@id\":\"https:\/\/akum.lv\/#organization\"},\"potentialAction\":[{\"@type\":\"SearchAction\",\"target\":{\"@type\":\"EntryPoint\",\"urlTemplate\":\"https:\/\/akum.lv\/?s={search_term_string}\"},\"query-input\":{\"@type\":\"PropertyValueSpecification\",\"valueRequired\":true,\"valueName\":\"search_term_string\"}}],\"inLanguage\":\"en-US\"},{\"@type\":\"Organization\",\"@id\":\"https:\/\/akum.lv\/#organization\",\"name\":\"HubEnergy\",\"url\":\"https:\/\/akum.lv\/\",\"logo\":{\"@type\":\"ImageObject\",\"inLanguage\":\"en-US\",\"@id\":\"https:\/\/akum.lv\/#\/schema\/logo\/image\/\",\"url\":\"https:\/\/akum.lv\/wp-content\/uploads\/2018\/08\/Logo-hub-energy-2018-seller-dark-blue.png\",\"contentUrl\":\"https:\/\/akum.lv\/wp-content\/uploads\/2018\/08\/Logo-hub-energy-2018-seller-dark-blue.png\",\"width\":381,\"height\":75,\"caption\":\"HubEnergy\"},\"image\":{\"@id\":\"https:\/\/akum.lv\/#\/schema\/logo\/image\/\"}}]}<\/script>\n<!-- \/ Yoast SEO plugin. -->","yoast_head_json":{"title":"EPzS; EPzB - GNB Marathon Classic batteries - www.akum.lv","robots":{"index":"index","follow":"follow","max-snippet":"max-snippet:-1","max-image-preview":"max-image-preview:large","max-video-preview":"max-video-preview:-1"},"canonical":"https:\/\/akum.lv\/prece\/2v-cells\/","og_locale":"en_US","og_type":"article","og_title":"EPzS; EPzB - GNB Marathon Classic batteries - www.akum.lv","og_description":"EPzS; EPzB - GNB Marathon Classic batteries  Katalogs \/ \u041a\u0430\u0442\u0430\u043b\u043e\u0433 \/ Catalog - GNB_Marathon_Classic_EPzS_EPzB_en  \u0160\u012bs baterijas ir pieejamas tikai p\u0113c piepras\u012bjuma. Baterijas kast\u0113, piln\u012bb\u0101 samont\u0113tas, gatavas lieto\u0161anai. J\u016bs varat ar\u012b pas\u016bt\u012bt tikai 2 V \u0161\u016bnas. Minim\u0101lais pas\u016bt\u012bjuma daudzums ir 2 V \u0161\u016bnas, 6 gab.    \u042d\u0442\u0438 \u0431\u0430\u0442\u0430\u0440\u0435\u0438 \u0434\u043e\u0441\u0442\u0443\u043f\u043d\u044b \u0442\u043e\u043b\u044c\u043a\u043e \u043f\u043e\u0434 \u0437\u0430\u043a\u0430\u0437. \u0411\u0430\u0442\u0430\u0440\u0435\u0438 \u0432 \u044f\u0449\u0438\u043a\u0435, \u043f\u043e\u043b\u043d\u043e\u0441\u0442\u044c\u044e \u0432 \u0441\u0431\u043e\u0440\u0435, \u0433\u043e\u0442\u043e\u0432\u044b \u043a \u0440\u0430\u0431\u043e\u0442\u0435. \u0422\u0430\u043a\u0436\u0435 \u043c\u043e\u0436\u043d\u043e \u0437\u0430\u043a\u0430\u0437\u0430\u0442\u044c \u0442\u043e\u043b\u044c\u043a\u043e 2\u0412 \u044f\u0447\u0435\u0439\u043a\u0438. \u041c\u0438\u043d\u0438\u043c\u0430\u043b\u044c\u043d\u043e\u0435 \u043a\u043e\u043b\u0438\u0447\u0435\u0441\u0442\u0432\u043e \u0437\u0430\u043a\u0430\u0437\u0430 2\u0412 \u044f\u0447\u0435\u0435\u043a, 6 \u0448\u0442.    These batteries are available on request only. Batteries in the box, fully assembled, ready to go. You can also order only 2V cells. The minimum order quantity is 2V cells, 6 pcs.    EPzS - DIN standart  Applications EPzS batteries are the ideal energy source for all material handling applications. They can also supply the energy and cycle life required for cleaning machines, tow tractors, mobile lifting platforms, electric road vehicles and electric\/hybrid boats.  EPzB - BS standart  Applications EPzB batteries are the ideal energy source for material handling trucks, cleaning machines, electrical road vehicles, tractors and other electrical vehicles with narrow battery installation space and high cyclic load.","og_url":"https:\/\/akum.lv\/prece\/2v-cells\/","og_site_name":"www.akum.lv","article_modified_time":"2020-03-10T09:26:20+00:00","og_image":[{"width":224,"height":225,"url":"https:\/\/akum.lv\/wp-content\/uploads\/2019\/07\/EPzS.jpg","type":"image\/jpeg"}],"twitter_card":"summary_large_image","schema":{"@context":"https:\/\/schema.org","@graph":[{"@type":"WebPage","@id":"https:\/\/akum.lv\/prece\/2v-cells\/","url":"https:\/\/akum.lv\/prece\/2v-cells\/","name":"EPzS; EPzB - GNB Marathon Classic batteries - www.akum.lv","isPartOf":{"@id":"https:\/\/akum.lv\/#website"},"primaryImageOfPage":{"@id":"https:\/\/akum.lv\/prece\/2v-cells\/#primaryimage"},"image":{"@id":"https:\/\/akum.lv\/prece\/2v-cells\/#primaryimage"},"thumbnailUrl":"https:\/\/akum.lv\/wp-content\/uploads\/2019\/07\/EPzS.jpg","datePublished":"2019-07-23T16:08:05+00:00","dateModified":"2020-03-10T09:26:20+00:00","breadcrumb":{"@id":"https:\/\/akum.lv\/prece\/2v-cells\/#breadcrumb"},"inLanguage":"en-US","potentialAction":[{"@type":"ReadAction","target":["https:\/\/akum.lv\/prece\/2v-cells\/"]}]},{"@type":"ImageObject","inLanguage":"en-US","@id":"https:\/\/akum.lv\/prece\/2v-cells\/#primaryimage","url":"https:\/\/akum.lv\/wp-content\/uploads\/2019\/07\/EPzS.jpg","contentUrl":"https:\/\/akum.lv\/wp-content\/uploads\/2019\/07\/EPzS.jpg","width":224,"height":225},{"@type":"BreadcrumbList","@id":"https:\/\/akum.lv\/prece\/2v-cells\/#breadcrumb","itemListElement":[{"@type":"ListItem","position":1,"name":"\u0413\u043b\u0430\u0432\u043d\u0430\u044f \u0441\u0442\u0440\u0430\u043d\u0438\u0446\u0430","item":"https:\/\/akum.lv\/en\/"},{"@type":"ListItem","position":2,"name":"PRECES","item":"https:\/\/akum.lv\/produkti-preces\/"},{"@type":"ListItem","position":3,"name":"EPzS; EPzB &#8211; GNB Marathon Classic batteries"}]},{"@type":"WebSite","@id":"https:\/\/akum.lv\/#website","url":"https:\/\/akum.lv\/","name":"www.akum.lv","description":"Akumulatoru p\u0101rdev\u0113js | \u041f\u0440\u043e\u0434\u0430\u0432\u0435\u0446 \u0430\u043a\u043a\u0443\u043c\u0443\u043b\u044f\u0442\u043e\u0440\u043e\u0432 | Battery seller","publisher":{"@id":"https:\/\/akum.lv\/#organization"},"potentialAction":[{"@type":"SearchAction","target":{"@type":"EntryPoint","urlTemplate":"https:\/\/akum.lv\/?s={search_term_string}"},"query-input":{"@type":"PropertyValueSpecification","valueRequired":true,"valueName":"search_term_string"}}],"inLanguage":"en-US"},{"@type":"Organization","@id":"https:\/\/akum.lv\/#organization","name":"HubEnergy","url":"https:\/\/akum.lv\/","logo":{"@type":"ImageObject","inLanguage":"en-US","@id":"https:\/\/akum.lv\/#\/schema\/logo\/image\/","url":"https:\/\/akum.lv\/wp-content\/uploads\/2018\/08\/Logo-hub-energy-2018-seller-dark-blue.png","contentUrl":"https:\/\/akum.lv\/wp-content\/uploads\/2018\/08\/Logo-hub-energy-2018-seller-dark-blue.png","width":381,"height":75,"caption":"HubEnergy"},"image":{"@id":"https:\/\/akum.lv\/#\/schema\/logo\/image\/"}}]}},"brands":[{"id":337,"name":"EXIDE TECHNOLOGIES","slug":"exide-technologies-en"}],"_links":{"self":[{"href":"https:\/\/akum.lv\/en\/wp-json\/wp\/v2\/product\/5903","targetHints":{"allow":["GET"]}}],"collection":[{"href":"https:\/\/akum.lv\/en\/wp-json\/wp\/v2\/product"}],"about":[{"href":"https:\/\/akum.lv\/en\/wp-json\/wp\/v2\/types\/product"}],"wp:featuredmedia":[{"embeddable":true,"href":"https:\/\/akum.lv\/en\/wp-json\/wp\/v2\/media\/5908"}],"wp:attachment":[{"href":"https:\/\/akum.lv\/en\/wp-json\/wp\/v2\/media?parent=5903"}],"wp:term":[{"taxonomy":"pwb-brand","embeddable":true,"href":"https:\/\/akum.lv\/en\/wp-json\/wp\/v2\/pwb-brand?post=5903"},{"taxonomy":"product_brand","embeddable":true,"href":"https:\/\/akum.lv\/en\/wp-json\/wp\/v2\/product_brand?post=5903"},{"taxonomy":"product_cat","embeddable":true,"href":"https:\/\/akum.lv\/en\/wp-json\/wp\/v2\/product_cat?post=5903"},{"taxonomy":"product_tag","embeddable":true,"href":"https:\/\/akum.lv\/en\/wp-json\/wp\/v2\/product_tag?post=5903"}],"curies":[{"name":"wp","href":"https:\/\/api.w.org\/{rel}","templated":true}]}}