{"id":5833,"date":"2019-07-12T11:12:24","date_gmt":"2019-07-12T11:12:24","guid":{"rendered":"https:\/\/akum.lv\/veikals\/uncategorized\/sbl134r-12i_ssb-akumulators-agm-150ah-12v-terminal-fo-12-10-12-g-l341-w173-h288\/"},"modified":"2022-10-04T20:49:54","modified_gmt":"2022-10-04T20:49:54","slug":"sbl134r-12i_ssb-akumulators-agm-150ah-12v-terminal-fo-12-10-12-g-l341-w173-h288","status":"publish","type":"product","link":"https:\/\/akum.lv\/en\/prece\/sbl134r-12i_ssb-akumulators-agm-150ah-12v-terminal-fo-12-10-12-g-l341-w173-h288\/","title":{"rendered":"SBL 134-12i_SSB akumulators \/ AGM \/ 12V-141.6Ah\/C20 \/ terminal FO-12 (10-12 g.) L340 W173 H288"},"content":{"rendered":"","protected":false},"excerpt":{"rendered":"<p>SBL 134-12i_SSB akumulators \/ AGM \/ 12V-141.6Ah\/C20 \/ terminal FO-12 (10-12 g.) L340 W173 H288<\/p>\n<p><strong>Datasheet &#8211; <a href=\"https:\/\/akum.lv\/wp-content\/uploads\/2019\/07\/SBL-134-12i-.pdf\">SBL 134-12i<\/a><\/strong><\/p>\n<p>SBL 134-12i is a high performance battery with 10-12 years lifetime in standby service or more than 400 cycles at 50% depth of discharge in cycle service.<\/p>\n<p>SIA ,,HUB ENERGY,, &#8211; ofici\u0101lais bateriju izplat\u012bt\u0101js ,,SSB battery GmbH,, Latvij\u0101, Lietuv\u0101 un Igaunij\u0101<br \/>\nSIA ,,HUB ENERGY,, &#8211; \u043e\u0444\u0438\u0446\u0438\u0430\u043b\u044c\u043d\u044b\u0439 \u0434\u0438\u0441\u0442\u0440\u0438\u0431\u044c\u044e\u0442\u043e\u0440 \u0431\u0430\u0442\u0430\u0440\u0435\u0439 ,,SSB battery GmbH,, \u0432 \u041b\u0430\u0442\u0432\u0438\u0438, \u041b\u0438\u0442\u0432\u0435 \u0438 \u042d\u0441\u0442\u043e\u043d\u0438\u0438<br \/>\nSIA ,,HUB ENERGY,, &#8211; official distributor of batteries ,,SSB battery GmbH,, in Latvia, Lithuania and Estonia<\/p>\n<p>\u0160\u012bs preces ir pieejamas p\u0113c pas\u016bt\u012bjuma!<br \/>\nPieg\u0101des laiks 3-5 darba dienas.<\/p>\n<p>\u042d\u0442\u0438 \u0442\u043e\u0432\u0430\u0440\u044b \u0434\u043e\u0441\u0442\u0443\u043f\u043d\u044b \u043f\u043e\u0434 \u0437\u0430\u043a\u0430\u0437!<br \/>\n\u0412\u0440\u0435\u043c\u044f \u043f\u043e\u0441\u0442\u0430\u0432\u043a\u0438 3-5 \u0440\u0430\u0431\u043e\u0447\u0438\u0445 \u0434\u043d\u0435\u0439<\/p>\n","protected":false},"featured_media":5831,"template":"","meta":[],"pwb-brand":[344],"product_brand":[],"product_cat":[375,442,160,185,510,575],"product_tag":[],"class_list":{"0":"post-5833","1":"product","2":"type-product","3":"status-publish","4":"has-post-thumbnail","6":"pwb-brand-ssb-batteries-gmbh-en","7":"product_cat-agm-technology-batteries-eng","8":"product_cat-agm-12v-batteries","9":"product_cat-agm-akumulatori-signalizacijas-drosibas-sistemam","10":"product_cat-ups-telecom-batteries","11":"product_cat-ssb-battery-gmbh","12":"product_cat-ssb-sbl-series-en","14":"first","15":"instock","16":"taxable","17":"shipping-taxable","18":"purchasable","19":"product-type-simple"},"yoast_head":"<!-- This site is optimized with the Yoast SEO plugin v26.7 - https:\/\/yoast.com\/wordpress\/plugins\/seo\/ -->\n<title>SBL 134-12i_SSB akumulators \/ AGM \/ 12V-141.6Ah\/C20 \/ terminal FO-12 (10-12 g.) L340 W173 H288 - www.akum.lv<\/title>\n<meta name=\"robots\" content=\"index, follow, max-snippet:-1, max-image-preview:large, max-video-preview:-1\" \/>\n<link rel=\"canonical\" href=\"https:\/\/akum.lv\/en\/prece\/sbl134r-12i_ssb-akumulators-agm-150ah-12v-terminal-fo-12-10-12-g-l341-w173-h288\/\" \/>\n<meta property=\"og:locale\" content=\"en_US\" \/>\n<meta property=\"og:type\" content=\"article\" \/>\n<meta property=\"og:title\" content=\"SBL 134-12i_SSB akumulators \/ AGM \/ 12V-141.6Ah\/C20 \/ terminal FO-12 (10-12 g.) L340 W173 H288 - www.akum.lv\" \/>\n<meta property=\"og:description\" content=\"SBL 134-12i_SSB akumulators \/ AGM \/ 12V-141.6Ah\/C20 \/ terminal FO-12 (10-12 g.) L340 W173 H288  Datasheet - SBL 134-12i  SBL 134-12i is a high performance battery with 10-12 years lifetime in standby service or more than 400 cycles at 50% depth of discharge in cycle service.  SIA ,,HUB ENERGY,, - ofici\u0101lais bateriju izplat\u012bt\u0101js ,,SSB battery GmbH,, Latvij\u0101, Lietuv\u0101 un Igaunij\u0101 SIA ,,HUB ENERGY,, - \u043e\u0444\u0438\u0446\u0438\u0430\u043b\u044c\u043d\u044b\u0439 \u0434\u0438\u0441\u0442\u0440\u0438\u0431\u044c\u044e\u0442\u043e\u0440 \u0431\u0430\u0442\u0430\u0440\u0435\u0439 ,,SSB battery GmbH,, \u0432 \u041b\u0430\u0442\u0432\u0438\u0438, \u041b\u0438\u0442\u0432\u0435 \u0438 \u042d\u0441\u0442\u043e\u043d\u0438\u0438 SIA ,,HUB ENERGY,, - official distributor of batteries ,,SSB battery GmbH,, in Latvia, Lithuania and Estonia  \u0160\u012bs preces ir pieejamas p\u0113c pas\u016bt\u012bjuma! Pieg\u0101des laiks 3-5 darba dienas.  \u042d\u0442\u0438 \u0442\u043e\u0432\u0430\u0440\u044b \u0434\u043e\u0441\u0442\u0443\u043f\u043d\u044b \u043f\u043e\u0434 \u0437\u0430\u043a\u0430\u0437! \u0412\u0440\u0435\u043c\u044f \u043f\u043e\u0441\u0442\u0430\u0432\u043a\u0438 3-5 \u0440\u0430\u0431\u043e\u0447\u0438\u0445 \u0434\u043d\u0435\u0439\" \/>\n<meta property=\"og:url\" content=\"https:\/\/akum.lv\/en\/prece\/sbl134r-12i_ssb-akumulators-agm-150ah-12v-terminal-fo-12-10-12-g-l341-w173-h288\/\" \/>\n<meta property=\"og:site_name\" content=\"www.akum.lv\" \/>\n<meta property=\"article:modified_time\" content=\"2022-10-04T20:49:54+00:00\" \/>\n<meta property=\"og:image\" content=\"https:\/\/akum.lv\/wp-content\/uploads\/2019\/07\/SBL-134R-12i.jpg\" \/>\n\t<meta property=\"og:image:width\" content=\"400\" \/>\n\t<meta property=\"og:image:height\" content=\"400\" \/>\n\t<meta property=\"og:image:type\" content=\"image\/jpeg\" \/>\n<meta name=\"twitter:card\" content=\"summary_large_image\" \/>\n<script type=\"application\/ld+json\" class=\"yoast-schema-graph\">{\"@context\":\"https:\/\/schema.org\",\"@graph\":[{\"@type\":\"WebPage\",\"@id\":\"https:\/\/akum.lv\/en\/prece\/sbl134r-12i_ssb-akumulators-agm-150ah-12v-terminal-fo-12-10-12-g-l341-w173-h288\/\",\"url\":\"https:\/\/akum.lv\/en\/prece\/sbl134r-12i_ssb-akumulators-agm-150ah-12v-terminal-fo-12-10-12-g-l341-w173-h288\/\",\"name\":\"SBL 134-12i_SSB akumulators \/ AGM \/ 12V-141.6Ah\/C20 \/ terminal FO-12 (10-12 g.) L340 W173 H288 - www.akum.lv\",\"isPartOf\":{\"@id\":\"https:\/\/akum.lv\/#website\"},\"primaryImageOfPage\":{\"@id\":\"https:\/\/akum.lv\/en\/prece\/sbl134r-12i_ssb-akumulators-agm-150ah-12v-terminal-fo-12-10-12-g-l341-w173-h288\/#primaryimage\"},\"image\":{\"@id\":\"https:\/\/akum.lv\/en\/prece\/sbl134r-12i_ssb-akumulators-agm-150ah-12v-terminal-fo-12-10-12-g-l341-w173-h288\/#primaryimage\"},\"thumbnailUrl\":\"https:\/\/akum.lv\/wp-content\/uploads\/2019\/07\/SBL-134R-12i.jpg\",\"datePublished\":\"2019-07-12T11:12:24+00:00\",\"dateModified\":\"2022-10-04T20:49:54+00:00\",\"breadcrumb\":{\"@id\":\"https:\/\/akum.lv\/en\/prece\/sbl134r-12i_ssb-akumulators-agm-150ah-12v-terminal-fo-12-10-12-g-l341-w173-h288\/#breadcrumb\"},\"inLanguage\":\"en-US\",\"potentialAction\":[{\"@type\":\"ReadAction\",\"target\":[\"https:\/\/akum.lv\/en\/prece\/sbl134r-12i_ssb-akumulators-agm-150ah-12v-terminal-fo-12-10-12-g-l341-w173-h288\/\"]}]},{\"@type\":\"ImageObject\",\"inLanguage\":\"en-US\",\"@id\":\"https:\/\/akum.lv\/en\/prece\/sbl134r-12i_ssb-akumulators-agm-150ah-12v-terminal-fo-12-10-12-g-l341-w173-h288\/#primaryimage\",\"url\":\"https:\/\/akum.lv\/wp-content\/uploads\/2019\/07\/SBL-134R-12i.jpg\",\"contentUrl\":\"https:\/\/akum.lv\/wp-content\/uploads\/2019\/07\/SBL-134R-12i.jpg\",\"width\":400,\"height\":400},{\"@type\":\"BreadcrumbList\",\"@id\":\"https:\/\/akum.lv\/en\/prece\/sbl134r-12i_ssb-akumulators-agm-150ah-12v-terminal-fo-12-10-12-g-l341-w173-h288\/#breadcrumb\",\"itemListElement\":[{\"@type\":\"ListItem\",\"position\":1,\"name\":\"\u0413\u043b\u0430\u0432\u043d\u0430\u044f \u0441\u0442\u0440\u0430\u043d\u0438\u0446\u0430\",\"item\":\"https:\/\/akum.lv\/en\/\"},{\"@type\":\"ListItem\",\"position\":2,\"name\":\"PRECES\",\"item\":\"https:\/\/akum.lv\/produkti-preces\/\"},{\"@type\":\"ListItem\",\"position\":3,\"name\":\"SBL 134-12i_SSB akumulators \/ AGM \/ 12V-141.6Ah\/C20 \/ terminal FO-12 (10-12 g.) L340 W173 H288\"}]},{\"@type\":\"WebSite\",\"@id\":\"https:\/\/akum.lv\/#website\",\"url\":\"https:\/\/akum.lv\/\",\"name\":\"www.akum.lv\",\"description\":\"Akumulatoru p\u0101rdev\u0113js | \u041f\u0440\u043e\u0434\u0430\u0432\u0435\u0446 \u0430\u043a\u043a\u0443\u043c\u0443\u043b\u044f\u0442\u043e\u0440\u043e\u0432 | Battery seller\",\"publisher\":{\"@id\":\"https:\/\/akum.lv\/#organization\"},\"potentialAction\":[{\"@type\":\"SearchAction\",\"target\":{\"@type\":\"EntryPoint\",\"urlTemplate\":\"https:\/\/akum.lv\/?s={search_term_string}\"},\"query-input\":{\"@type\":\"PropertyValueSpecification\",\"valueRequired\":true,\"valueName\":\"search_term_string\"}}],\"inLanguage\":\"en-US\"},{\"@type\":\"Organization\",\"@id\":\"https:\/\/akum.lv\/#organization\",\"name\":\"HubEnergy\",\"url\":\"https:\/\/akum.lv\/\",\"logo\":{\"@type\":\"ImageObject\",\"inLanguage\":\"en-US\",\"@id\":\"https:\/\/akum.lv\/#\/schema\/logo\/image\/\",\"url\":\"https:\/\/akum.lv\/wp-content\/uploads\/2018\/08\/Logo-hub-energy-2018-seller-dark-blue.png\",\"contentUrl\":\"https:\/\/akum.lv\/wp-content\/uploads\/2018\/08\/Logo-hub-energy-2018-seller-dark-blue.png\",\"width\":381,\"height\":75,\"caption\":\"HubEnergy\"},\"image\":{\"@id\":\"https:\/\/akum.lv\/#\/schema\/logo\/image\/\"}}]}<\/script>\n<!-- \/ Yoast SEO plugin. -->","yoast_head_json":{"title":"SBL 134-12i_SSB akumulators \/ AGM \/ 12V-141.6Ah\/C20 \/ terminal FO-12 (10-12 g.) L340 W173 H288 - www.akum.lv","robots":{"index":"index","follow":"follow","max-snippet":"max-snippet:-1","max-image-preview":"max-image-preview:large","max-video-preview":"max-video-preview:-1"},"canonical":"https:\/\/akum.lv\/en\/prece\/sbl134r-12i_ssb-akumulators-agm-150ah-12v-terminal-fo-12-10-12-g-l341-w173-h288\/","og_locale":"en_US","og_type":"article","og_title":"SBL 134-12i_SSB akumulators \/ AGM \/ 12V-141.6Ah\/C20 \/ terminal FO-12 (10-12 g.) L340 W173 H288 - www.akum.lv","og_description":"SBL 134-12i_SSB akumulators \/ AGM \/ 12V-141.6Ah\/C20 \/ terminal FO-12 (10-12 g.) L340 W173 H288  Datasheet - SBL 134-12i  SBL 134-12i is a high performance battery with 10-12 years lifetime in standby service or more than 400 cycles at 50% depth of discharge in cycle service.  SIA ,,HUB ENERGY,, - ofici\u0101lais bateriju izplat\u012bt\u0101js ,,SSB battery GmbH,, Latvij\u0101, Lietuv\u0101 un Igaunij\u0101 SIA ,,HUB ENERGY,, - \u043e\u0444\u0438\u0446\u0438\u0430\u043b\u044c\u043d\u044b\u0439 \u0434\u0438\u0441\u0442\u0440\u0438\u0431\u044c\u044e\u0442\u043e\u0440 \u0431\u0430\u0442\u0430\u0440\u0435\u0439 ,,SSB battery GmbH,, \u0432 \u041b\u0430\u0442\u0432\u0438\u0438, \u041b\u0438\u0442\u0432\u0435 \u0438 \u042d\u0441\u0442\u043e\u043d\u0438\u0438 SIA ,,HUB ENERGY,, - official distributor of batteries ,,SSB battery GmbH,, in Latvia, Lithuania and Estonia  \u0160\u012bs preces ir pieejamas p\u0113c pas\u016bt\u012bjuma! Pieg\u0101des laiks 3-5 darba dienas.  \u042d\u0442\u0438 \u0442\u043e\u0432\u0430\u0440\u044b \u0434\u043e\u0441\u0442\u0443\u043f\u043d\u044b \u043f\u043e\u0434 \u0437\u0430\u043a\u0430\u0437! \u0412\u0440\u0435\u043c\u044f \u043f\u043e\u0441\u0442\u0430\u0432\u043a\u0438 3-5 \u0440\u0430\u0431\u043e\u0447\u0438\u0445 \u0434\u043d\u0435\u0439","og_url":"https:\/\/akum.lv\/en\/prece\/sbl134r-12i_ssb-akumulators-agm-150ah-12v-terminal-fo-12-10-12-g-l341-w173-h288\/","og_site_name":"www.akum.lv","article_modified_time":"2022-10-04T20:49:54+00:00","og_image":[{"width":400,"height":400,"url":"https:\/\/akum.lv\/wp-content\/uploads\/2019\/07\/SBL-134R-12i.jpg","type":"image\/jpeg"}],"twitter_card":"summary_large_image","schema":{"@context":"https:\/\/schema.org","@graph":[{"@type":"WebPage","@id":"https:\/\/akum.lv\/en\/prece\/sbl134r-12i_ssb-akumulators-agm-150ah-12v-terminal-fo-12-10-12-g-l341-w173-h288\/","url":"https:\/\/akum.lv\/en\/prece\/sbl134r-12i_ssb-akumulators-agm-150ah-12v-terminal-fo-12-10-12-g-l341-w173-h288\/","name":"SBL 134-12i_SSB akumulators \/ AGM \/ 12V-141.6Ah\/C20 \/ terminal FO-12 (10-12 g.) L340 W173 H288 - www.akum.lv","isPartOf":{"@id":"https:\/\/akum.lv\/#website"},"primaryImageOfPage":{"@id":"https:\/\/akum.lv\/en\/prece\/sbl134r-12i_ssb-akumulators-agm-150ah-12v-terminal-fo-12-10-12-g-l341-w173-h288\/#primaryimage"},"image":{"@id":"https:\/\/akum.lv\/en\/prece\/sbl134r-12i_ssb-akumulators-agm-150ah-12v-terminal-fo-12-10-12-g-l341-w173-h288\/#primaryimage"},"thumbnailUrl":"https:\/\/akum.lv\/wp-content\/uploads\/2019\/07\/SBL-134R-12i.jpg","datePublished":"2019-07-12T11:12:24+00:00","dateModified":"2022-10-04T20:49:54+00:00","breadcrumb":{"@id":"https:\/\/akum.lv\/en\/prece\/sbl134r-12i_ssb-akumulators-agm-150ah-12v-terminal-fo-12-10-12-g-l341-w173-h288\/#breadcrumb"},"inLanguage":"en-US","potentialAction":[{"@type":"ReadAction","target":["https:\/\/akum.lv\/en\/prece\/sbl134r-12i_ssb-akumulators-agm-150ah-12v-terminal-fo-12-10-12-g-l341-w173-h288\/"]}]},{"@type":"ImageObject","inLanguage":"en-US","@id":"https:\/\/akum.lv\/en\/prece\/sbl134r-12i_ssb-akumulators-agm-150ah-12v-terminal-fo-12-10-12-g-l341-w173-h288\/#primaryimage","url":"https:\/\/akum.lv\/wp-content\/uploads\/2019\/07\/SBL-134R-12i.jpg","contentUrl":"https:\/\/akum.lv\/wp-content\/uploads\/2019\/07\/SBL-134R-12i.jpg","width":400,"height":400},{"@type":"BreadcrumbList","@id":"https:\/\/akum.lv\/en\/prece\/sbl134r-12i_ssb-akumulators-agm-150ah-12v-terminal-fo-12-10-12-g-l341-w173-h288\/#breadcrumb","itemListElement":[{"@type":"ListItem","position":1,"name":"\u0413\u043b\u0430\u0432\u043d\u0430\u044f \u0441\u0442\u0440\u0430\u043d\u0438\u0446\u0430","item":"https:\/\/akum.lv\/en\/"},{"@type":"ListItem","position":2,"name":"PRECES","item":"https:\/\/akum.lv\/produkti-preces\/"},{"@type":"ListItem","position":3,"name":"SBL 134-12i_SSB akumulators \/ AGM \/ 12V-141.6Ah\/C20 \/ terminal FO-12 (10-12 g.) L340 W173 H288"}]},{"@type":"WebSite","@id":"https:\/\/akum.lv\/#website","url":"https:\/\/akum.lv\/","name":"www.akum.lv","description":"Akumulatoru p\u0101rdev\u0113js | \u041f\u0440\u043e\u0434\u0430\u0432\u0435\u0446 \u0430\u043a\u043a\u0443\u043c\u0443\u043b\u044f\u0442\u043e\u0440\u043e\u0432 | Battery seller","publisher":{"@id":"https:\/\/akum.lv\/#organization"},"potentialAction":[{"@type":"SearchAction","target":{"@type":"EntryPoint","urlTemplate":"https:\/\/akum.lv\/?s={search_term_string}"},"query-input":{"@type":"PropertyValueSpecification","valueRequired":true,"valueName":"search_term_string"}}],"inLanguage":"en-US"},{"@type":"Organization","@id":"https:\/\/akum.lv\/#organization","name":"HubEnergy","url":"https:\/\/akum.lv\/","logo":{"@type":"ImageObject","inLanguage":"en-US","@id":"https:\/\/akum.lv\/#\/schema\/logo\/image\/","url":"https:\/\/akum.lv\/wp-content\/uploads\/2018\/08\/Logo-hub-energy-2018-seller-dark-blue.png","contentUrl":"https:\/\/akum.lv\/wp-content\/uploads\/2018\/08\/Logo-hub-energy-2018-seller-dark-blue.png","width":381,"height":75,"caption":"HubEnergy"},"image":{"@id":"https:\/\/akum.lv\/#\/schema\/logo\/image\/"}}]}},"brands":[{"id":344,"name":"SSB Batteries GmbH","slug":"ssb-batteries-gmbh-en"}],"_links":{"self":[{"href":"https:\/\/akum.lv\/en\/wp-json\/wp\/v2\/product\/5833","targetHints":{"allow":["GET"]}}],"collection":[{"href":"https:\/\/akum.lv\/en\/wp-json\/wp\/v2\/product"}],"about":[{"href":"https:\/\/akum.lv\/en\/wp-json\/wp\/v2\/types\/product"}],"wp:featuredmedia":[{"embeddable":true,"href":"https:\/\/akum.lv\/en\/wp-json\/wp\/v2\/media\/5831"}],"wp:attachment":[{"href":"https:\/\/akum.lv\/en\/wp-json\/wp\/v2\/media?parent=5833"}],"wp:term":[{"taxonomy":"pwb-brand","embeddable":true,"href":"https:\/\/akum.lv\/en\/wp-json\/wp\/v2\/pwb-brand?post=5833"},{"taxonomy":"product_brand","embeddable":true,"href":"https:\/\/akum.lv\/en\/wp-json\/wp\/v2\/product_brand?post=5833"},{"taxonomy":"product_cat","embeddable":true,"href":"https:\/\/akum.lv\/en\/wp-json\/wp\/v2\/product_cat?post=5833"},{"taxonomy":"product_tag","embeddable":true,"href":"https:\/\/akum.lv\/en\/wp-json\/wp\/v2\/product_tag?post=5833"}],"curies":[{"name":"wp","href":"https:\/\/api.w.org\/{rel}","templated":true}]}}