{"id":5281,"date":"2019-03-25T12:11:06","date_gmt":"2019-03-25T12:11:06","guid":{"rendered":"https:\/\/akum.lv\/veikals\/uncategorized\/12-gel-105-q-batteries_gel-technologies-battery-12v-c5-105ah-c20-125ah-345-170-285-a-terminal\/"},"modified":"2024-05-10T12:43:38","modified_gmt":"2024-05-10T12:43:38","slug":"12-gel-105-q-batteries_gel-technologies-battery-12v-c5-105ah-c20-125ah-345-170-285-a-terminal","status":"publish","type":"product","link":"https:\/\/akum.lv\/en\/prece\/12-gel-105-q-batteries_gel-technologies-battery-12v-c5-105ah-c20-125ah-345-170-285-a-terminal\/","title":{"rendered":"12 GEL-105 Q-Batteries_GEL Technologies battery 12V \/ C5-105Ah; C20-125Ah (345*170*285) A-Terminal"},"content":{"rendered":"","protected":false},"excerpt":{"rendered":"<p><span style=\"color: #333333;\">12 GEL-105 Q-Batteries_GEL Technologies battery 12V \/ C5-105Ah; C20-125Ah (345*170*285) A-Terminal, 39.00 kg<\/span><\/p>\n<p><strong><img loading=\"lazy\" decoding=\"async\" class=\"alignnone size-full wp-image-11436\" src=\"https:\/\/akum.lv\/wp-content\/uploads\/2021\/12\/pdf-icon.png\" alt=\"\" width=\"50\" height=\"50\" \/> &#8211; <a href=\"https:\/\/akum.lv\/wp-content\/uploads\/2019\/03\/12GEL-105_Datascheet.pdf\">12GEL-105_Datascheet<\/a><\/strong><\/p>\n<p><span style=\"color: #333333;\">The Q-Batteries GEL series is especially suitable for extreme industrial applications. Even in particularly demanding applications such as in cleaning machines, these batteries perform due to high numbers of cycles and long life.<\/span><br \/>\n<span style=\"color: #333333;\">Sealed GEL batteries are maintenance free regarding water refilling. The increased use of precious raw material lead is an essential quality of this series.<\/span><\/p>\n<p><span style=\"color: #333333;\">Application:<\/span><br \/>\n<span style=\"color: #333333;\">\u25a0 floor cleaning<\/span><br \/>\n<span style=\"color: #333333;\">\u25a0 driverless transport systems<\/span><br \/>\n<span style=\"color: #333333;\">\u25a0 pallet trucks<\/span><br \/>\n<span style=\"color: #333333;\">\u25a0 HME \/ mobility<\/span><br \/>\n<span style=\"color: #333333;\">\u25a0 scooter<\/span><br \/>\n<span style=\"color: #333333;\">\u25a0 marine \/ RV<\/span><br \/>\n<span style=\"color: #333333;\">\u25a0 solar systems and more<\/span><br \/>\n<span style=\"color: #333333;\">Features:<\/span><br \/>\n<span style=\"color: #333333;\">\u25a0 maintenance free (no watering)<\/span><br \/>\n<span style=\"color: #333333;\">\u25a0 Valve Regulated Lead Acid (VRLA)<\/span><br \/>\n<span style=\"color: #333333;\">\u25a0 fixing of the electrolyte as gel<\/span><br \/>\n<span style=\"color: #333333;\">\u25a0 low self discharge, &lt; 3% per year<\/span><br \/>\n<span style=\"color: #333333;\">\u25a0 high reliability<\/span><br \/>\n<span style=\"color: #333333;\">\u25a0 excellent energy and storage properties<\/span><br \/>\n<span style=\"color: #333333;\">\u25a0 exhaustive discharge protection<\/span><br \/>\n<span style=\"color: #333333;\">\u25a0 700 cycles (75% DOD)<\/span><\/p>\n<p>SIA ,,HUB ENERGY,, &#8211; ofici\u0101lais bateriju izplat\u012bt\u0101js ,,Q-Batteries,, Latvij\u0101, Lietuv\u0101 un Igaunij\u0101.<br \/>\nSIA ,,HUB ENERGY,, &#8211; \u043e\u0444\u0438\u0446\u0438\u0430\u043b\u044c\u043d\u044b\u0439 \u0434\u0438\u0441\u0442\u0440\u0438\u0431\u044c\u044e\u0442\u043e\u0440 \u0431\u0430\u0442\u0430\u0440\u0435\u0439 ,, Q-Batteries,, \u0432 \u041b\u0430\u0442\u0432\u0438\u0438, \u041b\u0438\u0442\u0432\u0435 \u0438 \u042d\u0441\u0442\u043e\u043d\u0438\u0438.<br \/>\nSIA ,,HUB ENERGY,, &#8211; official distributor of batteries ,, Q-Batteries,, in Latvia, Lithuania and Estonia.<\/p>\n<p>Ja prece nav noliktav\u0101<br \/>\n\u0160\u012bs preces ir pieejamas p\u0113c pas\u016bt\u012bjuma!<br \/>\nPieg\u0101des laiks 5-7 darba dienas.<\/p>\n<p>\u0415\u0441\u043b\u0438 \u0442\u043e\u0432\u0430\u0440\u0430 \u043d\u0435\u0442 \u043d\u0430 \u0441\u043a\u043b\u0430\u0434\u0435<br \/>\n\u042d\u0442\u0438 \u0442\u043e\u0432\u0430\u0440\u044b \u0434\u043e\u0441\u0442\u0443\u043f\u043d\u044b \u043f\u043e\u0434 \u0437\u0430\u043a\u0430\u0437!<br \/>\n\u0412\u0440\u0435\u043c\u044f \u043f\u043e\u0441\u0442\u0430\u0432\u043a\u0438 5-7 \u0440\u0430\u0431\u043e\u0447\u0438\u0445 \u0434\u043d\u0435\u0439<\/p>\n","protected":false},"featured_media":5282,"template":"","meta":[],"pwb-brand":[340],"product_brand":[],"product_cat":[487,378,546,154,131,128,126,161,130,615],"product_tag":[],"class_list":{"0":"post-5281","1":"product","2":"type-product","3":"status-publish","4":"has-post-thumbnail","6":"pwb-brand-q-batteries-en","7":"product_cat-green-energy","8":"product_cat-akumulators-gel-technologies","9":"product_cat-12v-gel-en","10":"product_cat-batteries-gel-deep-cycle","11":"product_cat-akumulatori-udens-transportu-en","12":"product_cat-akumulatori-laivu-elektromotoriem-eholotei","13":"product_cat-akumulatori-laivam-un-jahtam-en","14":"product_cat-akumulatori-elektro-transportam","15":"product_cat-batteries-for-scissor-platforms-construction-and-warehouse-machinery","16":"product_cat-batteries-cleaning-equipment","18":"first","19":"instock","20":"taxable","21":"shipping-taxable","22":"purchasable","23":"product-type-simple"},"yoast_head":"<!-- This site is optimized with the Yoast SEO plugin v26.7 - https:\/\/yoast.com\/wordpress\/plugins\/seo\/ -->\n<title>12 GEL-105 Q-Batteries_GEL Technologies battery 12V \/ C5-105Ah; C20-125Ah (345*170*285) A-Terminal - www.akum.lv<\/title>\n<meta name=\"robots\" content=\"index, follow, max-snippet:-1, max-image-preview:large, max-video-preview:-1\" \/>\n<link rel=\"canonical\" href=\"https:\/\/akum.lv\/en\/prece\/12-gel-105-q-batteries_gel-technologies-battery-12v-c5-105ah-c20-125ah-345-170-285-a-terminal\/\" \/>\n<meta property=\"og:locale\" content=\"en_US\" \/>\n<meta property=\"og:type\" content=\"article\" \/>\n<meta property=\"og:title\" content=\"12 GEL-105 Q-Batteries_GEL Technologies battery 12V \/ C5-105Ah; C20-125Ah (345*170*285) A-Terminal - www.akum.lv\" \/>\n<meta property=\"og:description\" content=\"12 GEL-105 Q-Batteries_GEL Technologies battery 12V \/ C5-105Ah; C20-125Ah (345*170*285) A-Terminal, 39.00 kg   - 12GEL-105_Datascheet  The Q-Batteries GEL series is especially suitable for extreme industrial applications. Even in particularly demanding applications such as in cleaning machines, these batteries perform due to high numbers of cycles and long life. Sealed GEL batteries are maintenance free regarding water refilling. The increased use of precious raw material lead is an essential quality of this series.  Application: \u25a0 floor cleaning \u25a0 driverless transport systems \u25a0 pallet trucks \u25a0 HME \/ mobility \u25a0 scooter \u25a0 marine \/ RV \u25a0 solar systems and more Features: \u25a0 maintenance free (no watering) \u25a0 Valve Regulated Lead Acid (VRLA) \u25a0 fixing of the electrolyte as gel \u25a0 low self discharge, &lt; 3% per year \u25a0 high reliability \u25a0 excellent energy and storage properties \u25a0 exhaustive discharge protection \u25a0 700 cycles (75% DOD)  SIA ,,HUB ENERGY,, - ofici\u0101lais bateriju izplat\u012bt\u0101js ,,Q-Batteries,, Latvij\u0101, Lietuv\u0101 un Igaunij\u0101. SIA ,,HUB ENERGY,, - \u043e\u0444\u0438\u0446\u0438\u0430\u043b\u044c\u043d\u044b\u0439 \u0434\u0438\u0441\u0442\u0440\u0438\u0431\u044c\u044e\u0442\u043e\u0440 \u0431\u0430\u0442\u0430\u0440\u0435\u0439 ,, Q-Batteries,, \u0432 \u041b\u0430\u0442\u0432\u0438\u0438, \u041b\u0438\u0442\u0432\u0435 \u0438 \u042d\u0441\u0442\u043e\u043d\u0438\u0438. SIA ,,HUB ENERGY,, - official distributor of batteries ,, Q-Batteries,, in Latvia, Lithuania and Estonia.  Ja prece nav noliktav\u0101 \u0160\u012bs preces ir pieejamas p\u0113c pas\u016bt\u012bjuma! Pieg\u0101des laiks 5-7 darba dienas.  \u0415\u0441\u043b\u0438 \u0442\u043e\u0432\u0430\u0440\u0430 \u043d\u0435\u0442 \u043d\u0430 \u0441\u043a\u043b\u0430\u0434\u0435 \u042d\u0442\u0438 \u0442\u043e\u0432\u0430\u0440\u044b \u0434\u043e\u0441\u0442\u0443\u043f\u043d\u044b \u043f\u043e\u0434 \u0437\u0430\u043a\u0430\u0437! \u0412\u0440\u0435\u043c\u044f \u043f\u043e\u0441\u0442\u0430\u0432\u043a\u0438 5-7 \u0440\u0430\u0431\u043e\u0447\u0438\u0445 \u0434\u043d\u0435\u0439\" \/>\n<meta property=\"og:url\" content=\"https:\/\/akum.lv\/en\/prece\/12-gel-105-q-batteries_gel-technologies-battery-12v-c5-105ah-c20-125ah-345-170-285-a-terminal\/\" \/>\n<meta property=\"og:site_name\" content=\"www.akum.lv\" \/>\n<meta property=\"article:modified_time\" content=\"2024-05-10T12:43:38+00:00\" \/>\n<meta property=\"og:image\" content=\"https:\/\/akum.lv\/wp-content\/uploads\/2018\/08\/12GEL-105.jpg\" \/>\n\t<meta property=\"og:image:width\" content=\"600\" \/>\n\t<meta property=\"og:image:height\" content=\"600\" \/>\n\t<meta property=\"og:image:type\" content=\"image\/jpeg\" \/>\n<meta name=\"twitter:card\" content=\"summary_large_image\" \/>\n<script type=\"application\/ld+json\" class=\"yoast-schema-graph\">{\"@context\":\"https:\/\/schema.org\",\"@graph\":[{\"@type\":\"WebPage\",\"@id\":\"https:\/\/akum.lv\/en\/prece\/12-gel-105-q-batteries_gel-technologies-battery-12v-c5-105ah-c20-125ah-345-170-285-a-terminal\/\",\"url\":\"https:\/\/akum.lv\/en\/prece\/12-gel-105-q-batteries_gel-technologies-battery-12v-c5-105ah-c20-125ah-345-170-285-a-terminal\/\",\"name\":\"12 GEL-105 Q-Batteries_GEL Technologies battery 12V \/ C5-105Ah; C20-125Ah (345*170*285) A-Terminal - www.akum.lv\",\"isPartOf\":{\"@id\":\"https:\/\/akum.lv\/#website\"},\"primaryImageOfPage\":{\"@id\":\"https:\/\/akum.lv\/en\/prece\/12-gel-105-q-batteries_gel-technologies-battery-12v-c5-105ah-c20-125ah-345-170-285-a-terminal\/#primaryimage\"},\"image\":{\"@id\":\"https:\/\/akum.lv\/en\/prece\/12-gel-105-q-batteries_gel-technologies-battery-12v-c5-105ah-c20-125ah-345-170-285-a-terminal\/#primaryimage\"},\"thumbnailUrl\":\"https:\/\/akum.lv\/wp-content\/uploads\/2018\/08\/12GEL-105.jpg\",\"datePublished\":\"2019-03-25T12:11:06+00:00\",\"dateModified\":\"2024-05-10T12:43:38+00:00\",\"breadcrumb\":{\"@id\":\"https:\/\/akum.lv\/en\/prece\/12-gel-105-q-batteries_gel-technologies-battery-12v-c5-105ah-c20-125ah-345-170-285-a-terminal\/#breadcrumb\"},\"inLanguage\":\"en-US\",\"potentialAction\":[{\"@type\":\"ReadAction\",\"target\":[\"https:\/\/akum.lv\/en\/prece\/12-gel-105-q-batteries_gel-technologies-battery-12v-c5-105ah-c20-125ah-345-170-285-a-terminal\/\"]}]},{\"@type\":\"ImageObject\",\"inLanguage\":\"en-US\",\"@id\":\"https:\/\/akum.lv\/en\/prece\/12-gel-105-q-batteries_gel-technologies-battery-12v-c5-105ah-c20-125ah-345-170-285-a-terminal\/#primaryimage\",\"url\":\"https:\/\/akum.lv\/wp-content\/uploads\/2018\/08\/12GEL-105.jpg\",\"contentUrl\":\"https:\/\/akum.lv\/wp-content\/uploads\/2018\/08\/12GEL-105.jpg\",\"width\":600,\"height\":600},{\"@type\":\"BreadcrumbList\",\"@id\":\"https:\/\/akum.lv\/en\/prece\/12-gel-105-q-batteries_gel-technologies-battery-12v-c5-105ah-c20-125ah-345-170-285-a-terminal\/#breadcrumb\",\"itemListElement\":[{\"@type\":\"ListItem\",\"position\":1,\"name\":\"\u0413\u043b\u0430\u0432\u043d\u0430\u044f \u0441\u0442\u0440\u0430\u043d\u0438\u0446\u0430\",\"item\":\"https:\/\/akum.lv\/en\/\"},{\"@type\":\"ListItem\",\"position\":2,\"name\":\"PRECES\",\"item\":\"https:\/\/akum.lv\/produkti-preces\/\"},{\"@type\":\"ListItem\",\"position\":3,\"name\":\"12 GEL-105 Q-Batteries_GEL Technologies battery 12V \/ C5-105Ah; C20-125Ah (345*170*285) A-Terminal\"}]},{\"@type\":\"WebSite\",\"@id\":\"https:\/\/akum.lv\/#website\",\"url\":\"https:\/\/akum.lv\/\",\"name\":\"www.akum.lv\",\"description\":\"Akumulatoru p\u0101rdev\u0113js | \u041f\u0440\u043e\u0434\u0430\u0432\u0435\u0446 \u0430\u043a\u043a\u0443\u043c\u0443\u043b\u044f\u0442\u043e\u0440\u043e\u0432 | Battery seller\",\"publisher\":{\"@id\":\"https:\/\/akum.lv\/#organization\"},\"potentialAction\":[{\"@type\":\"SearchAction\",\"target\":{\"@type\":\"EntryPoint\",\"urlTemplate\":\"https:\/\/akum.lv\/?s={search_term_string}\"},\"query-input\":{\"@type\":\"PropertyValueSpecification\",\"valueRequired\":true,\"valueName\":\"search_term_string\"}}],\"inLanguage\":\"en-US\"},{\"@type\":\"Organization\",\"@id\":\"https:\/\/akum.lv\/#organization\",\"name\":\"HubEnergy\",\"url\":\"https:\/\/akum.lv\/\",\"logo\":{\"@type\":\"ImageObject\",\"inLanguage\":\"en-US\",\"@id\":\"https:\/\/akum.lv\/#\/schema\/logo\/image\/\",\"url\":\"https:\/\/akum.lv\/wp-content\/uploads\/2018\/08\/Logo-hub-energy-2018-seller-dark-blue.png\",\"contentUrl\":\"https:\/\/akum.lv\/wp-content\/uploads\/2018\/08\/Logo-hub-energy-2018-seller-dark-blue.png\",\"width\":381,\"height\":75,\"caption\":\"HubEnergy\"},\"image\":{\"@id\":\"https:\/\/akum.lv\/#\/schema\/logo\/image\/\"}}]}<\/script>\n<!-- \/ Yoast SEO plugin. -->","yoast_head_json":{"title":"12 GEL-105 Q-Batteries_GEL Technologies battery 12V \/ C5-105Ah; C20-125Ah (345*170*285) A-Terminal - www.akum.lv","robots":{"index":"index","follow":"follow","max-snippet":"max-snippet:-1","max-image-preview":"max-image-preview:large","max-video-preview":"max-video-preview:-1"},"canonical":"https:\/\/akum.lv\/en\/prece\/12-gel-105-q-batteries_gel-technologies-battery-12v-c5-105ah-c20-125ah-345-170-285-a-terminal\/","og_locale":"en_US","og_type":"article","og_title":"12 GEL-105 Q-Batteries_GEL Technologies battery 12V \/ C5-105Ah; C20-125Ah (345*170*285) A-Terminal - www.akum.lv","og_description":"12 GEL-105 Q-Batteries_GEL Technologies battery 12V \/ C5-105Ah; C20-125Ah (345*170*285) A-Terminal, 39.00 kg   - 12GEL-105_Datascheet  The Q-Batteries GEL series is especially suitable for extreme industrial applications. Even in particularly demanding applications such as in cleaning machines, these batteries perform due to high numbers of cycles and long life. Sealed GEL batteries are maintenance free regarding water refilling. The increased use of precious raw material lead is an essential quality of this series.  Application: \u25a0 floor cleaning \u25a0 driverless transport systems \u25a0 pallet trucks \u25a0 HME \/ mobility \u25a0 scooter \u25a0 marine \/ RV \u25a0 solar systems and more Features: \u25a0 maintenance free (no watering) \u25a0 Valve Regulated Lead Acid (VRLA) \u25a0 fixing of the electrolyte as gel \u25a0 low self discharge, &lt; 3% per year \u25a0 high reliability \u25a0 excellent energy and storage properties \u25a0 exhaustive discharge protection \u25a0 700 cycles (75% DOD)  SIA ,,HUB ENERGY,, - ofici\u0101lais bateriju izplat\u012bt\u0101js ,,Q-Batteries,, Latvij\u0101, Lietuv\u0101 un Igaunij\u0101. SIA ,,HUB ENERGY,, - \u043e\u0444\u0438\u0446\u0438\u0430\u043b\u044c\u043d\u044b\u0439 \u0434\u0438\u0441\u0442\u0440\u0438\u0431\u044c\u044e\u0442\u043e\u0440 \u0431\u0430\u0442\u0430\u0440\u0435\u0439 ,, Q-Batteries,, \u0432 \u041b\u0430\u0442\u0432\u0438\u0438, \u041b\u0438\u0442\u0432\u0435 \u0438 \u042d\u0441\u0442\u043e\u043d\u0438\u0438. SIA ,,HUB ENERGY,, - official distributor of batteries ,, Q-Batteries,, in Latvia, Lithuania and Estonia.  Ja prece nav noliktav\u0101 \u0160\u012bs preces ir pieejamas p\u0113c pas\u016bt\u012bjuma! Pieg\u0101des laiks 5-7 darba dienas.  \u0415\u0441\u043b\u0438 \u0442\u043e\u0432\u0430\u0440\u0430 \u043d\u0435\u0442 \u043d\u0430 \u0441\u043a\u043b\u0430\u0434\u0435 \u042d\u0442\u0438 \u0442\u043e\u0432\u0430\u0440\u044b \u0434\u043e\u0441\u0442\u0443\u043f\u043d\u044b \u043f\u043e\u0434 \u0437\u0430\u043a\u0430\u0437! \u0412\u0440\u0435\u043c\u044f \u043f\u043e\u0441\u0442\u0430\u0432\u043a\u0438 5-7 \u0440\u0430\u0431\u043e\u0447\u0438\u0445 \u0434\u043d\u0435\u0439","og_url":"https:\/\/akum.lv\/en\/prece\/12-gel-105-q-batteries_gel-technologies-battery-12v-c5-105ah-c20-125ah-345-170-285-a-terminal\/","og_site_name":"www.akum.lv","article_modified_time":"2024-05-10T12:43:38+00:00","og_image":[{"width":600,"height":600,"url":"https:\/\/akum.lv\/wp-content\/uploads\/2018\/08\/12GEL-105.jpg","type":"image\/jpeg"}],"twitter_card":"summary_large_image","schema":{"@context":"https:\/\/schema.org","@graph":[{"@type":"WebPage","@id":"https:\/\/akum.lv\/en\/prece\/12-gel-105-q-batteries_gel-technologies-battery-12v-c5-105ah-c20-125ah-345-170-285-a-terminal\/","url":"https:\/\/akum.lv\/en\/prece\/12-gel-105-q-batteries_gel-technologies-battery-12v-c5-105ah-c20-125ah-345-170-285-a-terminal\/","name":"12 GEL-105 Q-Batteries_GEL Technologies battery 12V \/ C5-105Ah; C20-125Ah (345*170*285) A-Terminal - www.akum.lv","isPartOf":{"@id":"https:\/\/akum.lv\/#website"},"primaryImageOfPage":{"@id":"https:\/\/akum.lv\/en\/prece\/12-gel-105-q-batteries_gel-technologies-battery-12v-c5-105ah-c20-125ah-345-170-285-a-terminal\/#primaryimage"},"image":{"@id":"https:\/\/akum.lv\/en\/prece\/12-gel-105-q-batteries_gel-technologies-battery-12v-c5-105ah-c20-125ah-345-170-285-a-terminal\/#primaryimage"},"thumbnailUrl":"https:\/\/akum.lv\/wp-content\/uploads\/2018\/08\/12GEL-105.jpg","datePublished":"2019-03-25T12:11:06+00:00","dateModified":"2024-05-10T12:43:38+00:00","breadcrumb":{"@id":"https:\/\/akum.lv\/en\/prece\/12-gel-105-q-batteries_gel-technologies-battery-12v-c5-105ah-c20-125ah-345-170-285-a-terminal\/#breadcrumb"},"inLanguage":"en-US","potentialAction":[{"@type":"ReadAction","target":["https:\/\/akum.lv\/en\/prece\/12-gel-105-q-batteries_gel-technologies-battery-12v-c5-105ah-c20-125ah-345-170-285-a-terminal\/"]}]},{"@type":"ImageObject","inLanguage":"en-US","@id":"https:\/\/akum.lv\/en\/prece\/12-gel-105-q-batteries_gel-technologies-battery-12v-c5-105ah-c20-125ah-345-170-285-a-terminal\/#primaryimage","url":"https:\/\/akum.lv\/wp-content\/uploads\/2018\/08\/12GEL-105.jpg","contentUrl":"https:\/\/akum.lv\/wp-content\/uploads\/2018\/08\/12GEL-105.jpg","width":600,"height":600},{"@type":"BreadcrumbList","@id":"https:\/\/akum.lv\/en\/prece\/12-gel-105-q-batteries_gel-technologies-battery-12v-c5-105ah-c20-125ah-345-170-285-a-terminal\/#breadcrumb","itemListElement":[{"@type":"ListItem","position":1,"name":"\u0413\u043b\u0430\u0432\u043d\u0430\u044f \u0441\u0442\u0440\u0430\u043d\u0438\u0446\u0430","item":"https:\/\/akum.lv\/en\/"},{"@type":"ListItem","position":2,"name":"PRECES","item":"https:\/\/akum.lv\/produkti-preces\/"},{"@type":"ListItem","position":3,"name":"12 GEL-105 Q-Batteries_GEL Technologies battery 12V \/ C5-105Ah; C20-125Ah (345*170*285) A-Terminal"}]},{"@type":"WebSite","@id":"https:\/\/akum.lv\/#website","url":"https:\/\/akum.lv\/","name":"www.akum.lv","description":"Akumulatoru p\u0101rdev\u0113js | \u041f\u0440\u043e\u0434\u0430\u0432\u0435\u0446 \u0430\u043a\u043a\u0443\u043c\u0443\u043b\u044f\u0442\u043e\u0440\u043e\u0432 | Battery seller","publisher":{"@id":"https:\/\/akum.lv\/#organization"},"potentialAction":[{"@type":"SearchAction","target":{"@type":"EntryPoint","urlTemplate":"https:\/\/akum.lv\/?s={search_term_string}"},"query-input":{"@type":"PropertyValueSpecification","valueRequired":true,"valueName":"search_term_string"}}],"inLanguage":"en-US"},{"@type":"Organization","@id":"https:\/\/akum.lv\/#organization","name":"HubEnergy","url":"https:\/\/akum.lv\/","logo":{"@type":"ImageObject","inLanguage":"en-US","@id":"https:\/\/akum.lv\/#\/schema\/logo\/image\/","url":"https:\/\/akum.lv\/wp-content\/uploads\/2018\/08\/Logo-hub-energy-2018-seller-dark-blue.png","contentUrl":"https:\/\/akum.lv\/wp-content\/uploads\/2018\/08\/Logo-hub-energy-2018-seller-dark-blue.png","width":381,"height":75,"caption":"HubEnergy"},"image":{"@id":"https:\/\/akum.lv\/#\/schema\/logo\/image\/"}}]}},"brands":[{"id":340,"name":"Q-Batteries","slug":"q-batteries-en"}],"_links":{"self":[{"href":"https:\/\/akum.lv\/en\/wp-json\/wp\/v2\/product\/5281","targetHints":{"allow":["GET"]}}],"collection":[{"href":"https:\/\/akum.lv\/en\/wp-json\/wp\/v2\/product"}],"about":[{"href":"https:\/\/akum.lv\/en\/wp-json\/wp\/v2\/types\/product"}],"wp:featuredmedia":[{"embeddable":true,"href":"https:\/\/akum.lv\/en\/wp-json\/wp\/v2\/media\/5282"}],"wp:attachment":[{"href":"https:\/\/akum.lv\/en\/wp-json\/wp\/v2\/media?parent=5281"}],"wp:term":[{"taxonomy":"pwb-brand","embeddable":true,"href":"https:\/\/akum.lv\/en\/wp-json\/wp\/v2\/pwb-brand?post=5281"},{"taxonomy":"product_brand","embeddable":true,"href":"https:\/\/akum.lv\/en\/wp-json\/wp\/v2\/product_brand?post=5281"},{"taxonomy":"product_cat","embeddable":true,"href":"https:\/\/akum.lv\/en\/wp-json\/wp\/v2\/product_cat?post=5281"},{"taxonomy":"product_tag","embeddable":true,"href":"https:\/\/akum.lv\/en\/wp-json\/wp\/v2\/product_tag?post=5281"}],"curies":[{"name":"wp","href":"https:\/\/api.w.org\/{rel}","templated":true}]}}