{"id":5131,"date":"2019-03-07T13:05:22","date_gmt":"2019-03-07T13:05:22","guid":{"rendered":"https:\/\/akum.lv\/veikals\/uncategorized\/optima-red-top-rt-s-3-7-12v-44ah-agm-starter-battery\/"},"modified":"2026-03-27T11:55:22","modified_gmt":"2026-03-27T11:55:22","slug":"optima-red-top-rt-s-3-7-12v-44ah-agm-starter-battery","status":"publish","type":"product","link":"https:\/\/akum.lv\/en\/prece\/optima-red-top-rt-s-3-7-12v-44ah-agm-starter-battery\/","title":{"rendered":"OPTIMA RED TOP RT S-3.7 \/ 12V 44Ah AGM STARTER BATTERY"},"content":{"rendered":"","protected":false},"excerpt":{"rendered":"<p>OPTIMA RED TOP RT S-3.7 \/ 8020-255 \/ 12V 44Ah AGM STARTER BATTERY<\/p>\n<p><strong>Datasheet &#8211;<\/strong><\/p>\n<p>\u0160\u012b prece ir tikai p\u0113c pas\u016bt\u012bjuma !<br \/>\n\u042d\u0442\u043e\u0442 \u0442\u043e\u0432\u0430\u0440 \u0442\u043e\u043b\u044c\u043a\u043e \u043f\u043e\u0434 \u0437\u0430\u043a\u0430\u0437 !<\/p>\n","protected":false},"featured_media":5132,"template":"","meta":[],"pwb-brand":[463],"product_brand":[],"product_cat":[375,442,122,149,140],"product_tag":[],"class_list":{"0":"post-5131","1":"product","2":"type-product","3":"status-publish","4":"has-post-thumbnail","6":"pwb-brand-optima-batteries-en","7":"product_cat-agm-technology-batteries-eng","8":"product_cat-agm-12v-batteries","9":"product_cat-optima-batteries-spiralcell-technology-en","10":"product_cat-optima-red-top","11":"product_cat-starter-batteries","13":"first","14":"outofstock","15":"taxable","16":"shipping-taxable","17":"purchasable","18":"product-type-simple"},"yoast_head":"<!-- This site is optimized with the Yoast SEO plugin v26.7 - https:\/\/yoast.com\/wordpress\/plugins\/seo\/ -->\n<title>OPTIMA RED TOP RT S-3.7 \/ 12V 44Ah AGM STARTER BATTERY - www.akum.lv<\/title>\n<meta name=\"robots\" content=\"index, follow, max-snippet:-1, max-image-preview:large, max-video-preview:-1\" \/>\n<link rel=\"canonical\" href=\"https:\/\/akum.lv\/en\/prece\/optima-red-top-rt-s-3-7-12v-44ah-agm-starter-battery\/\" \/>\n<meta property=\"og:locale\" content=\"en_US\" \/>\n<meta property=\"og:type\" content=\"article\" \/>\n<meta property=\"og:title\" content=\"OPTIMA RED TOP RT S-3.7 \/ 12V 44Ah AGM STARTER BATTERY - www.akum.lv\" \/>\n<meta property=\"og:description\" content=\"OPTIMA RED TOP RT S-3.7 \/ 8020-255 \/ 12V 44Ah AGM STARTER BATTERY  Datasheet -  \u0160\u012b prece ir tikai p\u0113c pas\u016bt\u012bjuma ! \u042d\u0442\u043e\u0442 \u0442\u043e\u0432\u0430\u0440 \u0442\u043e\u043b\u044c\u043a\u043e \u043f\u043e\u0434 \u0437\u0430\u043a\u0430\u0437 !\" \/>\n<meta property=\"og:url\" content=\"https:\/\/akum.lv\/en\/prece\/optima-red-top-rt-s-3-7-12v-44ah-agm-starter-battery\/\" \/>\n<meta property=\"og:site_name\" content=\"www.akum.lv\" \/>\n<meta property=\"article:modified_time\" content=\"2026-03-27T11:55:22+00:00\" \/>\n<meta property=\"og:image\" content=\"https:\/\/akum.lv\/wp-content\/uploads\/2018\/08\/RT-S-3.7.jpg\" \/>\n\t<meta property=\"og:image:width\" content=\"250\" \/>\n\t<meta property=\"og:image:height\" content=\"250\" \/>\n\t<meta property=\"og:image:type\" content=\"image\/jpeg\" \/>\n<meta name=\"twitter:card\" content=\"summary_large_image\" \/>\n<meta name=\"twitter:label1\" content=\"Est. reading time\" \/>\n\t<meta name=\"twitter:data1\" content=\"1 minute\" \/>\n<script type=\"application\/ld+json\" class=\"yoast-schema-graph\">{\"@context\":\"https:\/\/schema.org\",\"@graph\":[{\"@type\":\"WebPage\",\"@id\":\"https:\/\/akum.lv\/en\/prece\/optima-red-top-rt-s-3-7-12v-44ah-agm-starter-battery\/\",\"url\":\"https:\/\/akum.lv\/en\/prece\/optima-red-top-rt-s-3-7-12v-44ah-agm-starter-battery\/\",\"name\":\"OPTIMA RED TOP RT S-3.7 \/ 12V 44Ah AGM STARTER BATTERY - www.akum.lv\",\"isPartOf\":{\"@id\":\"https:\/\/akum.lv\/#website\"},\"primaryImageOfPage\":{\"@id\":\"https:\/\/akum.lv\/en\/prece\/optima-red-top-rt-s-3-7-12v-44ah-agm-starter-battery\/#primaryimage\"},\"image\":{\"@id\":\"https:\/\/akum.lv\/en\/prece\/optima-red-top-rt-s-3-7-12v-44ah-agm-starter-battery\/#primaryimage\"},\"thumbnailUrl\":\"https:\/\/akum.lv\/wp-content\/uploads\/2018\/08\/RT-S-3.7.jpg\",\"datePublished\":\"2019-03-07T13:05:22+00:00\",\"dateModified\":\"2026-03-27T11:55:22+00:00\",\"breadcrumb\":{\"@id\":\"https:\/\/akum.lv\/en\/prece\/optima-red-top-rt-s-3-7-12v-44ah-agm-starter-battery\/#breadcrumb\"},\"inLanguage\":\"en-US\",\"potentialAction\":[{\"@type\":\"ReadAction\",\"target\":[\"https:\/\/akum.lv\/en\/prece\/optima-red-top-rt-s-3-7-12v-44ah-agm-starter-battery\/\"]}]},{\"@type\":\"ImageObject\",\"inLanguage\":\"en-US\",\"@id\":\"https:\/\/akum.lv\/en\/prece\/optima-red-top-rt-s-3-7-12v-44ah-agm-starter-battery\/#primaryimage\",\"url\":\"https:\/\/akum.lv\/wp-content\/uploads\/2018\/08\/RT-S-3.7.jpg\",\"contentUrl\":\"https:\/\/akum.lv\/wp-content\/uploads\/2018\/08\/RT-S-3.7.jpg\",\"width\":250,\"height\":250},{\"@type\":\"BreadcrumbList\",\"@id\":\"https:\/\/akum.lv\/en\/prece\/optima-red-top-rt-s-3-7-12v-44ah-agm-starter-battery\/#breadcrumb\",\"itemListElement\":[{\"@type\":\"ListItem\",\"position\":1,\"name\":\"\u0413\u043b\u0430\u0432\u043d\u0430\u044f \u0441\u0442\u0440\u0430\u043d\u0438\u0446\u0430\",\"item\":\"https:\/\/akum.lv\/en\/\"},{\"@type\":\"ListItem\",\"position\":2,\"name\":\"PRECES\",\"item\":\"https:\/\/akum.lv\/produkti-preces\/\"},{\"@type\":\"ListItem\",\"position\":3,\"name\":\"OPTIMA RED TOP RT S-3.7 \/ 12V 44Ah AGM STARTER BATTERY\"}]},{\"@type\":\"WebSite\",\"@id\":\"https:\/\/akum.lv\/#website\",\"url\":\"https:\/\/akum.lv\/\",\"name\":\"www.akum.lv\",\"description\":\"Akumulatoru p\u0101rdev\u0113js | \u041f\u0440\u043e\u0434\u0430\u0432\u0435\u0446 \u0430\u043a\u043a\u0443\u043c\u0443\u043b\u044f\u0442\u043e\u0440\u043e\u0432 | Battery seller\",\"publisher\":{\"@id\":\"https:\/\/akum.lv\/#organization\"},\"potentialAction\":[{\"@type\":\"SearchAction\",\"target\":{\"@type\":\"EntryPoint\",\"urlTemplate\":\"https:\/\/akum.lv\/?s={search_term_string}\"},\"query-input\":{\"@type\":\"PropertyValueSpecification\",\"valueRequired\":true,\"valueName\":\"search_term_string\"}}],\"inLanguage\":\"en-US\"},{\"@type\":\"Organization\",\"@id\":\"https:\/\/akum.lv\/#organization\",\"name\":\"HubEnergy\",\"url\":\"https:\/\/akum.lv\/\",\"logo\":{\"@type\":\"ImageObject\",\"inLanguage\":\"en-US\",\"@id\":\"https:\/\/akum.lv\/#\/schema\/logo\/image\/\",\"url\":\"https:\/\/akum.lv\/wp-content\/uploads\/2018\/08\/Logo-hub-energy-2018-seller-dark-blue.png\",\"contentUrl\":\"https:\/\/akum.lv\/wp-content\/uploads\/2018\/08\/Logo-hub-energy-2018-seller-dark-blue.png\",\"width\":381,\"height\":75,\"caption\":\"HubEnergy\"},\"image\":{\"@id\":\"https:\/\/akum.lv\/#\/schema\/logo\/image\/\"}}]}<\/script>\n<!-- \/ Yoast SEO plugin. -->","yoast_head_json":{"title":"OPTIMA RED TOP RT S-3.7 \/ 12V 44Ah AGM STARTER BATTERY - www.akum.lv","robots":{"index":"index","follow":"follow","max-snippet":"max-snippet:-1","max-image-preview":"max-image-preview:large","max-video-preview":"max-video-preview:-1"},"canonical":"https:\/\/akum.lv\/en\/prece\/optima-red-top-rt-s-3-7-12v-44ah-agm-starter-battery\/","og_locale":"en_US","og_type":"article","og_title":"OPTIMA RED TOP RT S-3.7 \/ 12V 44Ah AGM STARTER BATTERY - www.akum.lv","og_description":"OPTIMA RED TOP RT S-3.7 \/ 8020-255 \/ 12V 44Ah AGM STARTER BATTERY  Datasheet -  \u0160\u012b prece ir tikai p\u0113c pas\u016bt\u012bjuma ! \u042d\u0442\u043e\u0442 \u0442\u043e\u0432\u0430\u0440 \u0442\u043e\u043b\u044c\u043a\u043e \u043f\u043e\u0434 \u0437\u0430\u043a\u0430\u0437 !","og_url":"https:\/\/akum.lv\/en\/prece\/optima-red-top-rt-s-3-7-12v-44ah-agm-starter-battery\/","og_site_name":"www.akum.lv","article_modified_time":"2026-03-27T11:55:22+00:00","og_image":[{"width":250,"height":250,"url":"https:\/\/akum.lv\/wp-content\/uploads\/2018\/08\/RT-S-3.7.jpg","type":"image\/jpeg"}],"twitter_card":"summary_large_image","twitter_misc":{"Est. reading time":"1 minute"},"schema":{"@context":"https:\/\/schema.org","@graph":[{"@type":"WebPage","@id":"https:\/\/akum.lv\/en\/prece\/optima-red-top-rt-s-3-7-12v-44ah-agm-starter-battery\/","url":"https:\/\/akum.lv\/en\/prece\/optima-red-top-rt-s-3-7-12v-44ah-agm-starter-battery\/","name":"OPTIMA RED TOP RT S-3.7 \/ 12V 44Ah AGM STARTER BATTERY - www.akum.lv","isPartOf":{"@id":"https:\/\/akum.lv\/#website"},"primaryImageOfPage":{"@id":"https:\/\/akum.lv\/en\/prece\/optima-red-top-rt-s-3-7-12v-44ah-agm-starter-battery\/#primaryimage"},"image":{"@id":"https:\/\/akum.lv\/en\/prece\/optima-red-top-rt-s-3-7-12v-44ah-agm-starter-battery\/#primaryimage"},"thumbnailUrl":"https:\/\/akum.lv\/wp-content\/uploads\/2018\/08\/RT-S-3.7.jpg","datePublished":"2019-03-07T13:05:22+00:00","dateModified":"2026-03-27T11:55:22+00:00","breadcrumb":{"@id":"https:\/\/akum.lv\/en\/prece\/optima-red-top-rt-s-3-7-12v-44ah-agm-starter-battery\/#breadcrumb"},"inLanguage":"en-US","potentialAction":[{"@type":"ReadAction","target":["https:\/\/akum.lv\/en\/prece\/optima-red-top-rt-s-3-7-12v-44ah-agm-starter-battery\/"]}]},{"@type":"ImageObject","inLanguage":"en-US","@id":"https:\/\/akum.lv\/en\/prece\/optima-red-top-rt-s-3-7-12v-44ah-agm-starter-battery\/#primaryimage","url":"https:\/\/akum.lv\/wp-content\/uploads\/2018\/08\/RT-S-3.7.jpg","contentUrl":"https:\/\/akum.lv\/wp-content\/uploads\/2018\/08\/RT-S-3.7.jpg","width":250,"height":250},{"@type":"BreadcrumbList","@id":"https:\/\/akum.lv\/en\/prece\/optima-red-top-rt-s-3-7-12v-44ah-agm-starter-battery\/#breadcrumb","itemListElement":[{"@type":"ListItem","position":1,"name":"\u0413\u043b\u0430\u0432\u043d\u0430\u044f \u0441\u0442\u0440\u0430\u043d\u0438\u0446\u0430","item":"https:\/\/akum.lv\/en\/"},{"@type":"ListItem","position":2,"name":"PRECES","item":"https:\/\/akum.lv\/produkti-preces\/"},{"@type":"ListItem","position":3,"name":"OPTIMA RED TOP RT S-3.7 \/ 12V 44Ah AGM STARTER BATTERY"}]},{"@type":"WebSite","@id":"https:\/\/akum.lv\/#website","url":"https:\/\/akum.lv\/","name":"www.akum.lv","description":"Akumulatoru p\u0101rdev\u0113js | \u041f\u0440\u043e\u0434\u0430\u0432\u0435\u0446 \u0430\u043a\u043a\u0443\u043c\u0443\u043b\u044f\u0442\u043e\u0440\u043e\u0432 | Battery seller","publisher":{"@id":"https:\/\/akum.lv\/#organization"},"potentialAction":[{"@type":"SearchAction","target":{"@type":"EntryPoint","urlTemplate":"https:\/\/akum.lv\/?s={search_term_string}"},"query-input":{"@type":"PropertyValueSpecification","valueRequired":true,"valueName":"search_term_string"}}],"inLanguage":"en-US"},{"@type":"Organization","@id":"https:\/\/akum.lv\/#organization","name":"HubEnergy","url":"https:\/\/akum.lv\/","logo":{"@type":"ImageObject","inLanguage":"en-US","@id":"https:\/\/akum.lv\/#\/schema\/logo\/image\/","url":"https:\/\/akum.lv\/wp-content\/uploads\/2018\/08\/Logo-hub-energy-2018-seller-dark-blue.png","contentUrl":"https:\/\/akum.lv\/wp-content\/uploads\/2018\/08\/Logo-hub-energy-2018-seller-dark-blue.png","width":381,"height":75,"caption":"HubEnergy"},"image":{"@id":"https:\/\/akum.lv\/#\/schema\/logo\/image\/"}}]}},"brands":[{"id":463,"name":"OPTIMA BATTERIES","slug":"optima-batteries-en"}],"_links":{"self":[{"href":"https:\/\/akum.lv\/en\/wp-json\/wp\/v2\/product\/5131","targetHints":{"allow":["GET"]}}],"collection":[{"href":"https:\/\/akum.lv\/en\/wp-json\/wp\/v2\/product"}],"about":[{"href":"https:\/\/akum.lv\/en\/wp-json\/wp\/v2\/types\/product"}],"wp:featuredmedia":[{"embeddable":true,"href":"https:\/\/akum.lv\/en\/wp-json\/wp\/v2\/media\/5132"}],"wp:attachment":[{"href":"https:\/\/akum.lv\/en\/wp-json\/wp\/v2\/media?parent=5131"}],"wp:term":[{"taxonomy":"pwb-brand","embeddable":true,"href":"https:\/\/akum.lv\/en\/wp-json\/wp\/v2\/pwb-brand?post=5131"},{"taxonomy":"product_brand","embeddable":true,"href":"https:\/\/akum.lv\/en\/wp-json\/wp\/v2\/product_brand?post=5131"},{"taxonomy":"product_cat","embeddable":true,"href":"https:\/\/akum.lv\/en\/wp-json\/wp\/v2\/product_cat?post=5131"},{"taxonomy":"product_tag","embeddable":true,"href":"https:\/\/akum.lv\/en\/wp-json\/wp\/v2\/product_tag?post=5131"}],"curies":[{"name":"wp","href":"https:\/\/api.w.org\/{rel}","templated":true}]}}