{"id":4661,"date":"2019-02-08T10:23:39","date_gmt":"2019-02-08T10:23:39","guid":{"rendered":"http:\/\/akum.lv\/veikals\/uncategorized\/mw7-12-mwpower-battery-agm-12v-7ah-terminal-t1-4-8-mm-l151-w65-h95-mm\/"},"modified":"2021-08-10T13:04:32","modified_gmt":"2021-08-10T13:04:32","slug":"mw7-12-mwpower-battery-agm-12v-7ah-terminal-t1-4-8-mm-l151-w65-h95-mm","status":"publish","type":"product","link":"https:\/\/akum.lv\/en\/prece\/mw7-12-mwpower-battery-agm-12v-7ah-terminal-t1-4-8-mm-l151-w65-h95-mm\/","title":{"rendered":"MW 7-12 MWPower battery \/ AGM \/ 12V-7Ah \/ terminal T1-4.8 mm \/ L151 W65 H95 mm"},"content":{"rendered":"","protected":false},"excerpt":{"rendered":"<p>MW 7-12 MWPower battery \/ AGM \/ 12V-7Ah \/ terminal T1-4.8 mm \/ L151 W65 H95 mm<\/p>\n<p>HUB ENERGY &#8211; oficialais izplat\u012bt\u0101js Latvij\u0101 ,,MWPower,,<br \/>\nHUB ENERGY &#8211; \u043e\u0444\u0438\u0446\u0438\u0430\u043b\u044c\u043d\u044b\u0439 \u0434\u0438\u0441\u0442\u0440\u0438\u0431\u044c\u044e\u0442\u043e\u0440 \u0431\u0430\u0442\u0430\u0440\u0435\u0439 ,,MWPower,, \u0432 \u041b\u0430\u0442\u0432\u0438\u0438<br \/>\nHUB ENERGY &#8211; official distributor of batteries ,,MWPower,, in Latvia<\/p>\n","protected":false},"featured_media":4731,"template":"","meta":[],"pwb-brand":[336],"product_brand":[],"product_cat":[375,442,160,517,521],"product_tag":[],"class_list":{"0":"post-4661","1":"product","2":"type-product","3":"status-publish","4":"has-post-thumbnail","6":"pwb-brand-mw-power-en","7":"product_cat-agm-technology-batteries-eng","8":"product_cat-agm-12v-batteries","9":"product_cat-agm-akumulatori-signalizacijas-drosibas-sistemam","10":"product_cat-mw-power-batteries-en","11":"product_cat-mwpower-mw-vrla-agm-series","13":"first","14":"instock","15":"taxable","16":"shipping-taxable","17":"purchasable","18":"product-type-simple"},"yoast_head":"<!-- This site is optimized with the Yoast SEO plugin v26.7 - https:\/\/yoast.com\/wordpress\/plugins\/seo\/ -->\n<title>MW 7-12 MWPower battery \/ AGM \/ 12V-7Ah \/ terminal T1-4.8 mm \/ L151 W65 H95 mm - www.akum.lv<\/title>\n<meta name=\"robots\" content=\"index, follow, max-snippet:-1, max-image-preview:large, max-video-preview:-1\" \/>\n<link rel=\"canonical\" href=\"https:\/\/akum.lv\/en\/prece\/mw7-12-mwpower-battery-agm-12v-7ah-terminal-t1-4-8-mm-l151-w65-h95-mm\/\" \/>\n<meta property=\"og:locale\" content=\"en_US\" \/>\n<meta property=\"og:type\" content=\"article\" \/>\n<meta property=\"og:title\" content=\"MW 7-12 MWPower battery \/ AGM \/ 12V-7Ah \/ terminal T1-4.8 mm \/ L151 W65 H95 mm - www.akum.lv\" \/>\n<meta property=\"og:description\" content=\"MW 7-12 MWPower battery \/ AGM \/ 12V-7Ah \/ terminal T1-4.8 mm \/ L151 W65 H95 mm  HUB ENERGY - oficialais izplat\u012bt\u0101js Latvij\u0101 ,,MWPower,, HUB ENERGY - \u043e\u0444\u0438\u0446\u0438\u0430\u043b\u044c\u043d\u044b\u0439 \u0434\u0438\u0441\u0442\u0440\u0438\u0431\u044c\u044e\u0442\u043e\u0440 \u0431\u0430\u0442\u0430\u0440\u0435\u0439 ,,MWPower,, \u0432 \u041b\u0430\u0442\u0432\u0438\u0438 HUB ENERGY - official distributor of batteries ,,MWPower,, in Latvia\" \/>\n<meta property=\"og:url\" content=\"https:\/\/akum.lv\/en\/prece\/mw7-12-mwpower-battery-agm-12v-7ah-terminal-t1-4-8-mm-l151-w65-h95-mm\/\" \/>\n<meta property=\"og:site_name\" content=\"www.akum.lv\" \/>\n<meta property=\"article:modified_time\" content=\"2021-08-10T13:04:32+00:00\" \/>\n<meta property=\"og:image\" content=\"https:\/\/akum.lv\/wp-content\/uploads\/2019\/02\/MW-7-12-1.jpg\" \/>\n\t<meta property=\"og:image:width\" content=\"370\" \/>\n\t<meta property=\"og:image:height\" content=\"325\" \/>\n\t<meta property=\"og:image:type\" content=\"image\/jpeg\" \/>\n<meta name=\"twitter:card\" content=\"summary_large_image\" \/>\n<script type=\"application\/ld+json\" class=\"yoast-schema-graph\">{\"@context\":\"https:\/\/schema.org\",\"@graph\":[{\"@type\":\"WebPage\",\"@id\":\"https:\/\/akum.lv\/en\/prece\/mw7-12-mwpower-battery-agm-12v-7ah-terminal-t1-4-8-mm-l151-w65-h95-mm\/\",\"url\":\"https:\/\/akum.lv\/en\/prece\/mw7-12-mwpower-battery-agm-12v-7ah-terminal-t1-4-8-mm-l151-w65-h95-mm\/\",\"name\":\"MW 7-12 MWPower battery \/ AGM \/ 12V-7Ah \/ terminal T1-4.8 mm \/ L151 W65 H95 mm - www.akum.lv\",\"isPartOf\":{\"@id\":\"https:\/\/akum.lv\/#website\"},\"primaryImageOfPage\":{\"@id\":\"https:\/\/akum.lv\/en\/prece\/mw7-12-mwpower-battery-agm-12v-7ah-terminal-t1-4-8-mm-l151-w65-h95-mm\/#primaryimage\"},\"image\":{\"@id\":\"https:\/\/akum.lv\/en\/prece\/mw7-12-mwpower-battery-agm-12v-7ah-terminal-t1-4-8-mm-l151-w65-h95-mm\/#primaryimage\"},\"thumbnailUrl\":\"https:\/\/akum.lv\/wp-content\/uploads\/2019\/02\/MW-7-12-1.jpg\",\"datePublished\":\"2019-02-08T10:23:39+00:00\",\"dateModified\":\"2021-08-10T13:04:32+00:00\",\"breadcrumb\":{\"@id\":\"https:\/\/akum.lv\/en\/prece\/mw7-12-mwpower-battery-agm-12v-7ah-terminal-t1-4-8-mm-l151-w65-h95-mm\/#breadcrumb\"},\"inLanguage\":\"en-US\",\"potentialAction\":[{\"@type\":\"ReadAction\",\"target\":[\"https:\/\/akum.lv\/en\/prece\/mw7-12-mwpower-battery-agm-12v-7ah-terminal-t1-4-8-mm-l151-w65-h95-mm\/\"]}]},{\"@type\":\"ImageObject\",\"inLanguage\":\"en-US\",\"@id\":\"https:\/\/akum.lv\/en\/prece\/mw7-12-mwpower-battery-agm-12v-7ah-terminal-t1-4-8-mm-l151-w65-h95-mm\/#primaryimage\",\"url\":\"https:\/\/akum.lv\/wp-content\/uploads\/2019\/02\/MW-7-12-1.jpg\",\"contentUrl\":\"https:\/\/akum.lv\/wp-content\/uploads\/2019\/02\/MW-7-12-1.jpg\",\"width\":370,\"height\":325},{\"@type\":\"BreadcrumbList\",\"@id\":\"https:\/\/akum.lv\/en\/prece\/mw7-12-mwpower-battery-agm-12v-7ah-terminal-t1-4-8-mm-l151-w65-h95-mm\/#breadcrumb\",\"itemListElement\":[{\"@type\":\"ListItem\",\"position\":1,\"name\":\"\u0413\u043b\u0430\u0432\u043d\u0430\u044f \u0441\u0442\u0440\u0430\u043d\u0438\u0446\u0430\",\"item\":\"https:\/\/akum.lv\/en\/\"},{\"@type\":\"ListItem\",\"position\":2,\"name\":\"PRECES\",\"item\":\"https:\/\/akum.lv\/produkti-preces\/\"},{\"@type\":\"ListItem\",\"position\":3,\"name\":\"MW 7-12 MWPower battery \/ AGM \/ 12V-7Ah \/ terminal T1-4.8 mm \/ L151 W65 H95 mm\"}]},{\"@type\":\"WebSite\",\"@id\":\"https:\/\/akum.lv\/#website\",\"url\":\"https:\/\/akum.lv\/\",\"name\":\"www.akum.lv\",\"description\":\"Akumulatoru p\u0101rdev\u0113js | \u041f\u0440\u043e\u0434\u0430\u0432\u0435\u0446 \u0430\u043a\u043a\u0443\u043c\u0443\u043b\u044f\u0442\u043e\u0440\u043e\u0432 | Battery seller\",\"publisher\":{\"@id\":\"https:\/\/akum.lv\/#organization\"},\"potentialAction\":[{\"@type\":\"SearchAction\",\"target\":{\"@type\":\"EntryPoint\",\"urlTemplate\":\"https:\/\/akum.lv\/?s={search_term_string}\"},\"query-input\":{\"@type\":\"PropertyValueSpecification\",\"valueRequired\":true,\"valueName\":\"search_term_string\"}}],\"inLanguage\":\"en-US\"},{\"@type\":\"Organization\",\"@id\":\"https:\/\/akum.lv\/#organization\",\"name\":\"HubEnergy\",\"url\":\"https:\/\/akum.lv\/\",\"logo\":{\"@type\":\"ImageObject\",\"inLanguage\":\"en-US\",\"@id\":\"https:\/\/akum.lv\/#\/schema\/logo\/image\/\",\"url\":\"https:\/\/akum.lv\/wp-content\/uploads\/2018\/08\/Logo-hub-energy-2018-seller-dark-blue.png\",\"contentUrl\":\"https:\/\/akum.lv\/wp-content\/uploads\/2018\/08\/Logo-hub-energy-2018-seller-dark-blue.png\",\"width\":381,\"height\":75,\"caption\":\"HubEnergy\"},\"image\":{\"@id\":\"https:\/\/akum.lv\/#\/schema\/logo\/image\/\"}}]}<\/script>\n<!-- \/ Yoast SEO plugin. -->","yoast_head_json":{"title":"MW 7-12 MWPower battery \/ AGM \/ 12V-7Ah \/ terminal T1-4.8 mm \/ L151 W65 H95 mm - www.akum.lv","robots":{"index":"index","follow":"follow","max-snippet":"max-snippet:-1","max-image-preview":"max-image-preview:large","max-video-preview":"max-video-preview:-1"},"canonical":"https:\/\/akum.lv\/en\/prece\/mw7-12-mwpower-battery-agm-12v-7ah-terminal-t1-4-8-mm-l151-w65-h95-mm\/","og_locale":"en_US","og_type":"article","og_title":"MW 7-12 MWPower battery \/ AGM \/ 12V-7Ah \/ terminal T1-4.8 mm \/ L151 W65 H95 mm - www.akum.lv","og_description":"MW 7-12 MWPower battery \/ AGM \/ 12V-7Ah \/ terminal T1-4.8 mm \/ L151 W65 H95 mm  HUB ENERGY - oficialais izplat\u012bt\u0101js Latvij\u0101 ,,MWPower,, HUB ENERGY - \u043e\u0444\u0438\u0446\u0438\u0430\u043b\u044c\u043d\u044b\u0439 \u0434\u0438\u0441\u0442\u0440\u0438\u0431\u044c\u044e\u0442\u043e\u0440 \u0431\u0430\u0442\u0430\u0440\u0435\u0439 ,,MWPower,, \u0432 \u041b\u0430\u0442\u0432\u0438\u0438 HUB ENERGY - official distributor of batteries ,,MWPower,, in Latvia","og_url":"https:\/\/akum.lv\/en\/prece\/mw7-12-mwpower-battery-agm-12v-7ah-terminal-t1-4-8-mm-l151-w65-h95-mm\/","og_site_name":"www.akum.lv","article_modified_time":"2021-08-10T13:04:32+00:00","og_image":[{"width":370,"height":325,"url":"https:\/\/akum.lv\/wp-content\/uploads\/2019\/02\/MW-7-12-1.jpg","type":"image\/jpeg"}],"twitter_card":"summary_large_image","schema":{"@context":"https:\/\/schema.org","@graph":[{"@type":"WebPage","@id":"https:\/\/akum.lv\/en\/prece\/mw7-12-mwpower-battery-agm-12v-7ah-terminal-t1-4-8-mm-l151-w65-h95-mm\/","url":"https:\/\/akum.lv\/en\/prece\/mw7-12-mwpower-battery-agm-12v-7ah-terminal-t1-4-8-mm-l151-w65-h95-mm\/","name":"MW 7-12 MWPower battery \/ AGM \/ 12V-7Ah \/ terminal T1-4.8 mm \/ L151 W65 H95 mm - www.akum.lv","isPartOf":{"@id":"https:\/\/akum.lv\/#website"},"primaryImageOfPage":{"@id":"https:\/\/akum.lv\/en\/prece\/mw7-12-mwpower-battery-agm-12v-7ah-terminal-t1-4-8-mm-l151-w65-h95-mm\/#primaryimage"},"image":{"@id":"https:\/\/akum.lv\/en\/prece\/mw7-12-mwpower-battery-agm-12v-7ah-terminal-t1-4-8-mm-l151-w65-h95-mm\/#primaryimage"},"thumbnailUrl":"https:\/\/akum.lv\/wp-content\/uploads\/2019\/02\/MW-7-12-1.jpg","datePublished":"2019-02-08T10:23:39+00:00","dateModified":"2021-08-10T13:04:32+00:00","breadcrumb":{"@id":"https:\/\/akum.lv\/en\/prece\/mw7-12-mwpower-battery-agm-12v-7ah-terminal-t1-4-8-mm-l151-w65-h95-mm\/#breadcrumb"},"inLanguage":"en-US","potentialAction":[{"@type":"ReadAction","target":["https:\/\/akum.lv\/en\/prece\/mw7-12-mwpower-battery-agm-12v-7ah-terminal-t1-4-8-mm-l151-w65-h95-mm\/"]}]},{"@type":"ImageObject","inLanguage":"en-US","@id":"https:\/\/akum.lv\/en\/prece\/mw7-12-mwpower-battery-agm-12v-7ah-terminal-t1-4-8-mm-l151-w65-h95-mm\/#primaryimage","url":"https:\/\/akum.lv\/wp-content\/uploads\/2019\/02\/MW-7-12-1.jpg","contentUrl":"https:\/\/akum.lv\/wp-content\/uploads\/2019\/02\/MW-7-12-1.jpg","width":370,"height":325},{"@type":"BreadcrumbList","@id":"https:\/\/akum.lv\/en\/prece\/mw7-12-mwpower-battery-agm-12v-7ah-terminal-t1-4-8-mm-l151-w65-h95-mm\/#breadcrumb","itemListElement":[{"@type":"ListItem","position":1,"name":"\u0413\u043b\u0430\u0432\u043d\u0430\u044f \u0441\u0442\u0440\u0430\u043d\u0438\u0446\u0430","item":"https:\/\/akum.lv\/en\/"},{"@type":"ListItem","position":2,"name":"PRECES","item":"https:\/\/akum.lv\/produkti-preces\/"},{"@type":"ListItem","position":3,"name":"MW 7-12 MWPower battery \/ AGM \/ 12V-7Ah \/ terminal T1-4.8 mm \/ L151 W65 H95 mm"}]},{"@type":"WebSite","@id":"https:\/\/akum.lv\/#website","url":"https:\/\/akum.lv\/","name":"www.akum.lv","description":"Akumulatoru p\u0101rdev\u0113js | \u041f\u0440\u043e\u0434\u0430\u0432\u0435\u0446 \u0430\u043a\u043a\u0443\u043c\u0443\u043b\u044f\u0442\u043e\u0440\u043e\u0432 | Battery seller","publisher":{"@id":"https:\/\/akum.lv\/#organization"},"potentialAction":[{"@type":"SearchAction","target":{"@type":"EntryPoint","urlTemplate":"https:\/\/akum.lv\/?s={search_term_string}"},"query-input":{"@type":"PropertyValueSpecification","valueRequired":true,"valueName":"search_term_string"}}],"inLanguage":"en-US"},{"@type":"Organization","@id":"https:\/\/akum.lv\/#organization","name":"HubEnergy","url":"https:\/\/akum.lv\/","logo":{"@type":"ImageObject","inLanguage":"en-US","@id":"https:\/\/akum.lv\/#\/schema\/logo\/image\/","url":"https:\/\/akum.lv\/wp-content\/uploads\/2018\/08\/Logo-hub-energy-2018-seller-dark-blue.png","contentUrl":"https:\/\/akum.lv\/wp-content\/uploads\/2018\/08\/Logo-hub-energy-2018-seller-dark-blue.png","width":381,"height":75,"caption":"HubEnergy"},"image":{"@id":"https:\/\/akum.lv\/#\/schema\/logo\/image\/"}}]}},"brands":[{"id":336,"name":"MW POWER","slug":"mw-power-en"}],"_links":{"self":[{"href":"https:\/\/akum.lv\/en\/wp-json\/wp\/v2\/product\/4661","targetHints":{"allow":["GET"]}}],"collection":[{"href":"https:\/\/akum.lv\/en\/wp-json\/wp\/v2\/product"}],"about":[{"href":"https:\/\/akum.lv\/en\/wp-json\/wp\/v2\/types\/product"}],"wp:featuredmedia":[{"embeddable":true,"href":"https:\/\/akum.lv\/en\/wp-json\/wp\/v2\/media\/4731"}],"wp:attachment":[{"href":"https:\/\/akum.lv\/en\/wp-json\/wp\/v2\/media?parent=4661"}],"wp:term":[{"taxonomy":"pwb-brand","embeddable":true,"href":"https:\/\/akum.lv\/en\/wp-json\/wp\/v2\/pwb-brand?post=4661"},{"taxonomy":"product_brand","embeddable":true,"href":"https:\/\/akum.lv\/en\/wp-json\/wp\/v2\/product_brand?post=4661"},{"taxonomy":"product_cat","embeddable":true,"href":"https:\/\/akum.lv\/en\/wp-json\/wp\/v2\/product_cat?post=4661"},{"taxonomy":"product_tag","embeddable":true,"href":"https:\/\/akum.lv\/en\/wp-json\/wp\/v2\/product_tag?post=4661"}],"curies":[{"name":"wp","href":"https:\/\/api.w.org\/{rel}","templated":true}]}}