{"id":4327,"date":"2019-01-28T15:19:37","date_gmt":"2019-01-28T15:19:37","guid":{"rendered":"http:\/\/akum.lv\/veikals\/uncategorized\/6-gel-240-q-batteries_gel-technologies-battery-6v-c5-240ah-c20-285ah-311-181-360-a-terminal\/"},"modified":"2024-10-22T11:48:15","modified_gmt":"2024-10-22T11:48:15","slug":"6-gel-240-q-batteries_gel-technologies-battery-6v-c5-240ah-c20-285ah-311-181-360-a-terminal","status":"publish","type":"product","link":"https:\/\/akum.lv\/en\/prece\/6-gel-240-q-batteries_gel-technologies-battery-6v-c5-240ah-c20-285ah-311-181-360-a-terminal\/","title":{"rendered":"6 GEL-240 Q-Batteries_GEL Technologies battery 6V \/ C5-240Ah; C20-285Ah (311*181*360) A-Terminal"},"content":{"rendered":"","protected":false},"excerpt":{"rendered":"<p>6 GEL-240 Q-Batteries_GEL Technologies battery 6V \/ C5-240Ah; C20-285Ah (311*181*360) A-Terminal<\/p>\n<p><strong>MOQ<\/strong>_Minim\u0101lais pas\u016bt\u012bjums 4 gab.!<br \/>\n\u041c\u0438\u043d\u0438\u043c\u0430\u043b\u044c\u043d\u044b\u0439 \u0437\u0430\u043a\u0430\u0437 4 \u0448\u0442!<\/p>\n<p><strong><img loading=\"lazy\" decoding=\"async\" class=\"alignnone size-full wp-image-11436\" src=\"https:\/\/akum.lv\/wp-content\/uploads\/2021\/12\/pdf-icon.png\" alt=\"\" width=\"50\" height=\"50\" \/> &#8211; <a href=\"https:\/\/akum.lv\/wp-content\/uploads\/2019\/01\/6GEL-240_Datascheet.pdf\">6GEL-240_Datascheet<\/a><\/strong><\/p>\n<p>The Q-Batteries GEL series is especially suitable for extreme industrial applications. Even in particularly demanding applications such as in cleaning machines, these batteries perform due to high numbers of cycles and long life.<br \/>\nSealed GEL batteries are maintenance free regarding water refilling. The increased use of precious raw material lead is an essential quality of this series.<\/p>\n<p>Application:<br \/>\n\u25a0 floor cleaning<br \/>\n\u25a0 driverless transport systems<br \/>\n\u25a0 pallet trucks<br \/>\n\u25a0 HME \/ mobility<br \/>\n\u25a0 scooter<br \/>\n\u25a0 marine \/ RV<br \/>\n\u25a0 solar systems and more<br \/>\nFeatures:<br \/>\n\u25a0 maintenance free (no watering)<br \/>\n\u25a0 Valve Regulated Lead Acid (VRLA)<br \/>\n\u25a0 fixing of the electrolyte as gel<br \/>\n\u25a0 low self discharge, &lt; 3% per year<br \/>\n\u25a0 high reliability<br \/>\n\u25a0 excellent energy and storage properties<br \/>\n\u25a0 exhaustive discharge protection<br \/>\n\u25a0 700 cycles (75% DOD)<\/p>\n<p>SIA ,,HUB ENERGY,, &#8211; ofici\u0101lais bateriju izplat\u012bt\u0101js ,,Q-Batteries,, Latvij\u0101, Lietuv\u0101 un Igaunij\u0101.<br \/>\nSIA ,,HUB ENERGY,, &#8211; \u043e\u0444\u0438\u0446\u0438\u0430\u043b\u044c\u043d\u044b\u0439 \u0434\u0438\u0441\u0442\u0440\u0438\u0431\u044c\u044e\u0442\u043e\u0440 \u0431\u0430\u0442\u0430\u0440\u0435\u0439 ,, Q-Batteries,, \u0432 \u041b\u0430\u0442\u0432\u0438\u0438, \u041b\u0438\u0442\u0432\u0435 \u0438 \u042d\u0441\u0442\u043e\u043d\u0438\u0438.<br \/>\nSIA ,,HUB ENERGY,, &#8211; official distributor of batteries ,, Q-Batteries,, in Latvia, Lithuania and Estonia.<\/p>\n<p>Ja prece nav noliktav\u0101<br \/>\n\u0160\u012bs preces ir pieejamas p\u0113c pas\u016bt\u012bjuma!<br \/>\nPieg\u0101des laiks 5-7 darba dienas.<\/p>\n<p>\u0415\u0441\u043b\u0438 \u0442\u043e\u0432\u0430\u0440\u0430 \u043d\u0435\u0442 \u043d\u0430 \u0441\u043a\u043b\u0430\u0434\u0435<br \/>\n\u042d\u0442\u0438 \u0442\u043e\u0432\u0430\u0440\u044b \u0434\u043e\u0441\u0442\u0443\u043f\u043d\u044b \u043f\u043e\u0434 \u0437\u0430\u043a\u0430\u0437!<br \/>\n\u0412\u0440\u0435\u043c\u044f \u043f\u043e\u0441\u0442\u0430\u0432\u043a\u0438 5-7 \u0440\u0430\u0431\u043e\u0447\u0438\u0445 \u0434\u043d\u0435\u0439<\/p>\n","protected":false},"featured_media":4352,"template":"","meta":[],"pwb-brand":[340],"product_brand":[],"product_cat":[487,378,543,154,161,130,615],"product_tag":[406,391],"class_list":{"0":"post-4327","1":"product","2":"type-product","3":"status-publish","4":"has-post-thumbnail","6":"pwb-brand-q-batteries-en","7":"product_cat-green-energy","8":"product_cat-akumulators-gel-technologies","9":"product_cat-6v-gel-en","10":"product_cat-batteries-gel-deep-cycle","11":"product_cat-akumulatori-elektro-transportam","12":"product_cat-batteries-for-scissor-platforms-construction-and-warehouse-machinery","13":"product_cat-batteries-cleaning-equipment","14":"product_tag-batteries-and-chargers-for-cleaning-machines","15":"product_tag-batteries-and-chargers-for-construction-and-warehouse-equipment","17":"first","18":"instock","19":"taxable","20":"shipping-taxable","21":"purchasable","22":"product-type-simple"},"yoast_head":"<!-- This site is optimized with the Yoast SEO plugin v26.7 - https:\/\/yoast.com\/wordpress\/plugins\/seo\/ -->\n<title>6 GEL-240 Q-Batteries_GEL Technologies battery 6V \/ C5-240Ah; C20-285Ah (311*181*360) A-Terminal - www.akum.lv<\/title>\n<meta name=\"robots\" content=\"index, follow, max-snippet:-1, max-image-preview:large, max-video-preview:-1\" \/>\n<link rel=\"canonical\" href=\"https:\/\/akum.lv\/en\/prece\/6-gel-240-q-batteries_gel-technologies-battery-6v-c5-240ah-c20-285ah-311-181-360-a-terminal\/\" \/>\n<meta property=\"og:locale\" content=\"en_US\" \/>\n<meta property=\"og:type\" content=\"article\" \/>\n<meta property=\"og:title\" content=\"6 GEL-240 Q-Batteries_GEL Technologies battery 6V \/ C5-240Ah; C20-285Ah (311*181*360) A-Terminal - www.akum.lv\" \/>\n<meta property=\"og:description\" content=\"6 GEL-240 Q-Batteries_GEL Technologies battery 6V \/ C5-240Ah; C20-285Ah (311*181*360) A-Terminal  MOQ_Minim\u0101lais pas\u016bt\u012bjums 4 gab.! \u041c\u0438\u043d\u0438\u043c\u0430\u043b\u044c\u043d\u044b\u0439 \u0437\u0430\u043a\u0430\u0437 4 \u0448\u0442!   - 6GEL-240_Datascheet  The Q-Batteries GEL series is especially suitable for extreme industrial applications. Even in particularly demanding applications such as in cleaning machines, these batteries perform due to high numbers of cycles and long life. Sealed GEL batteries are maintenance free regarding water refilling. The increased use of precious raw material lead is an essential quality of this series.  Application: \u25a0 floor cleaning \u25a0 driverless transport systems \u25a0 pallet trucks \u25a0 HME \/ mobility \u25a0 scooter \u25a0 marine \/ RV \u25a0 solar systems and more Features: \u25a0 maintenance free (no watering) \u25a0 Valve Regulated Lead Acid (VRLA) \u25a0 fixing of the electrolyte as gel \u25a0 low self discharge, &lt; 3% per year \u25a0 high reliability \u25a0 excellent energy and storage properties \u25a0 exhaustive discharge protection \u25a0 700 cycles (75% DOD)  SIA ,,HUB ENERGY,, - ofici\u0101lais bateriju izplat\u012bt\u0101js ,,Q-Batteries,, Latvij\u0101, Lietuv\u0101 un Igaunij\u0101. SIA ,,HUB ENERGY,, - \u043e\u0444\u0438\u0446\u0438\u0430\u043b\u044c\u043d\u044b\u0439 \u0434\u0438\u0441\u0442\u0440\u0438\u0431\u044c\u044e\u0442\u043e\u0440 \u0431\u0430\u0442\u0430\u0440\u0435\u0439 ,, Q-Batteries,, \u0432 \u041b\u0430\u0442\u0432\u0438\u0438, \u041b\u0438\u0442\u0432\u0435 \u0438 \u042d\u0441\u0442\u043e\u043d\u0438\u0438. SIA ,,HUB ENERGY,, - official distributor of batteries ,, Q-Batteries,, in Latvia, Lithuania and Estonia.  Ja prece nav noliktav\u0101 \u0160\u012bs preces ir pieejamas p\u0113c pas\u016bt\u012bjuma! Pieg\u0101des laiks 5-7 darba dienas.  \u0415\u0441\u043b\u0438 \u0442\u043e\u0432\u0430\u0440\u0430 \u043d\u0435\u0442 \u043d\u0430 \u0441\u043a\u043b\u0430\u0434\u0435 \u042d\u0442\u0438 \u0442\u043e\u0432\u0430\u0440\u044b \u0434\u043e\u0441\u0442\u0443\u043f\u043d\u044b \u043f\u043e\u0434 \u0437\u0430\u043a\u0430\u0437! \u0412\u0440\u0435\u043c\u044f \u043f\u043e\u0441\u0442\u0430\u0432\u043a\u0438 5-7 \u0440\u0430\u0431\u043e\u0447\u0438\u0445 \u0434\u043d\u0435\u0439\" \/>\n<meta property=\"og:url\" content=\"https:\/\/akum.lv\/en\/prece\/6-gel-240-q-batteries_gel-technologies-battery-6v-c5-240ah-c20-285ah-311-181-360-a-terminal\/\" \/>\n<meta property=\"og:site_name\" content=\"www.akum.lv\" \/>\n<meta property=\"article:modified_time\" content=\"2024-10-22T11:48:15+00:00\" \/>\n<meta property=\"og:image\" content=\"https:\/\/akum.lv\/wp-content\/uploads\/2018\/08\/6GEL-240.jpg\" \/>\n\t<meta property=\"og:image:width\" content=\"600\" \/>\n\t<meta property=\"og:image:height\" content=\"600\" \/>\n\t<meta property=\"og:image:type\" content=\"image\/jpeg\" \/>\n<meta name=\"twitter:card\" content=\"summary_large_image\" \/>\n<meta name=\"twitter:label1\" content=\"Est. reading time\" \/>\n\t<meta name=\"twitter:data1\" content=\"1 minute\" \/>\n<script type=\"application\/ld+json\" class=\"yoast-schema-graph\">{\"@context\":\"https:\/\/schema.org\",\"@graph\":[{\"@type\":\"WebPage\",\"@id\":\"https:\/\/akum.lv\/en\/prece\/6-gel-240-q-batteries_gel-technologies-battery-6v-c5-240ah-c20-285ah-311-181-360-a-terminal\/\",\"url\":\"https:\/\/akum.lv\/en\/prece\/6-gel-240-q-batteries_gel-technologies-battery-6v-c5-240ah-c20-285ah-311-181-360-a-terminal\/\",\"name\":\"6 GEL-240 Q-Batteries_GEL Technologies battery 6V \/ C5-240Ah; C20-285Ah (311*181*360) A-Terminal - www.akum.lv\",\"isPartOf\":{\"@id\":\"https:\/\/akum.lv\/#website\"},\"primaryImageOfPage\":{\"@id\":\"https:\/\/akum.lv\/en\/prece\/6-gel-240-q-batteries_gel-technologies-battery-6v-c5-240ah-c20-285ah-311-181-360-a-terminal\/#primaryimage\"},\"image\":{\"@id\":\"https:\/\/akum.lv\/en\/prece\/6-gel-240-q-batteries_gel-technologies-battery-6v-c5-240ah-c20-285ah-311-181-360-a-terminal\/#primaryimage\"},\"thumbnailUrl\":\"https:\/\/akum.lv\/wp-content\/uploads\/2018\/08\/6GEL-240.jpg\",\"datePublished\":\"2019-01-28T15:19:37+00:00\",\"dateModified\":\"2024-10-22T11:48:15+00:00\",\"breadcrumb\":{\"@id\":\"https:\/\/akum.lv\/en\/prece\/6-gel-240-q-batteries_gel-technologies-battery-6v-c5-240ah-c20-285ah-311-181-360-a-terminal\/#breadcrumb\"},\"inLanguage\":\"en-US\",\"potentialAction\":[{\"@type\":\"ReadAction\",\"target\":[\"https:\/\/akum.lv\/en\/prece\/6-gel-240-q-batteries_gel-technologies-battery-6v-c5-240ah-c20-285ah-311-181-360-a-terminal\/\"]}]},{\"@type\":\"ImageObject\",\"inLanguage\":\"en-US\",\"@id\":\"https:\/\/akum.lv\/en\/prece\/6-gel-240-q-batteries_gel-technologies-battery-6v-c5-240ah-c20-285ah-311-181-360-a-terminal\/#primaryimage\",\"url\":\"https:\/\/akum.lv\/wp-content\/uploads\/2018\/08\/6GEL-240.jpg\",\"contentUrl\":\"https:\/\/akum.lv\/wp-content\/uploads\/2018\/08\/6GEL-240.jpg\",\"width\":600,\"height\":600},{\"@type\":\"BreadcrumbList\",\"@id\":\"https:\/\/akum.lv\/en\/prece\/6-gel-240-q-batteries_gel-technologies-battery-6v-c5-240ah-c20-285ah-311-181-360-a-terminal\/#breadcrumb\",\"itemListElement\":[{\"@type\":\"ListItem\",\"position\":1,\"name\":\"\u0413\u043b\u0430\u0432\u043d\u0430\u044f \u0441\u0442\u0440\u0430\u043d\u0438\u0446\u0430\",\"item\":\"https:\/\/akum.lv\/en\/\"},{\"@type\":\"ListItem\",\"position\":2,\"name\":\"PRECES\",\"item\":\"https:\/\/akum.lv\/produkti-preces\/\"},{\"@type\":\"ListItem\",\"position\":3,\"name\":\"6 GEL-240 Q-Batteries_GEL Technologies battery 6V \/ C5-240Ah; C20-285Ah (311*181*360) A-Terminal\"}]},{\"@type\":\"WebSite\",\"@id\":\"https:\/\/akum.lv\/#website\",\"url\":\"https:\/\/akum.lv\/\",\"name\":\"www.akum.lv\",\"description\":\"Akumulatoru p\u0101rdev\u0113js | \u041f\u0440\u043e\u0434\u0430\u0432\u0435\u0446 \u0430\u043a\u043a\u0443\u043c\u0443\u043b\u044f\u0442\u043e\u0440\u043e\u0432 | Battery seller\",\"publisher\":{\"@id\":\"https:\/\/akum.lv\/#organization\"},\"potentialAction\":[{\"@type\":\"SearchAction\",\"target\":{\"@type\":\"EntryPoint\",\"urlTemplate\":\"https:\/\/akum.lv\/?s={search_term_string}\"},\"query-input\":{\"@type\":\"PropertyValueSpecification\",\"valueRequired\":true,\"valueName\":\"search_term_string\"}}],\"inLanguage\":\"en-US\"},{\"@type\":\"Organization\",\"@id\":\"https:\/\/akum.lv\/#organization\",\"name\":\"HubEnergy\",\"url\":\"https:\/\/akum.lv\/\",\"logo\":{\"@type\":\"ImageObject\",\"inLanguage\":\"en-US\",\"@id\":\"https:\/\/akum.lv\/#\/schema\/logo\/image\/\",\"url\":\"https:\/\/akum.lv\/wp-content\/uploads\/2018\/08\/Logo-hub-energy-2018-seller-dark-blue.png\",\"contentUrl\":\"https:\/\/akum.lv\/wp-content\/uploads\/2018\/08\/Logo-hub-energy-2018-seller-dark-blue.png\",\"width\":381,\"height\":75,\"caption\":\"HubEnergy\"},\"image\":{\"@id\":\"https:\/\/akum.lv\/#\/schema\/logo\/image\/\"}}]}<\/script>\n<!-- \/ Yoast SEO plugin. -->","yoast_head_json":{"title":"6 GEL-240 Q-Batteries_GEL Technologies battery 6V \/ C5-240Ah; C20-285Ah (311*181*360) A-Terminal - www.akum.lv","robots":{"index":"index","follow":"follow","max-snippet":"max-snippet:-1","max-image-preview":"max-image-preview:large","max-video-preview":"max-video-preview:-1"},"canonical":"https:\/\/akum.lv\/en\/prece\/6-gel-240-q-batteries_gel-technologies-battery-6v-c5-240ah-c20-285ah-311-181-360-a-terminal\/","og_locale":"en_US","og_type":"article","og_title":"6 GEL-240 Q-Batteries_GEL Technologies battery 6V \/ C5-240Ah; C20-285Ah (311*181*360) A-Terminal - www.akum.lv","og_description":"6 GEL-240 Q-Batteries_GEL Technologies battery 6V \/ C5-240Ah; C20-285Ah (311*181*360) A-Terminal  MOQ_Minim\u0101lais pas\u016bt\u012bjums 4 gab.! \u041c\u0438\u043d\u0438\u043c\u0430\u043b\u044c\u043d\u044b\u0439 \u0437\u0430\u043a\u0430\u0437 4 \u0448\u0442!   - 6GEL-240_Datascheet  The Q-Batteries GEL series is especially suitable for extreme industrial applications. Even in particularly demanding applications such as in cleaning machines, these batteries perform due to high numbers of cycles and long life. Sealed GEL batteries are maintenance free regarding water refilling. The increased use of precious raw material lead is an essential quality of this series.  Application: \u25a0 floor cleaning \u25a0 driverless transport systems \u25a0 pallet trucks \u25a0 HME \/ mobility \u25a0 scooter \u25a0 marine \/ RV \u25a0 solar systems and more Features: \u25a0 maintenance free (no watering) \u25a0 Valve Regulated Lead Acid (VRLA) \u25a0 fixing of the electrolyte as gel \u25a0 low self discharge, &lt; 3% per year \u25a0 high reliability \u25a0 excellent energy and storage properties \u25a0 exhaustive discharge protection \u25a0 700 cycles (75% DOD)  SIA ,,HUB ENERGY,, - ofici\u0101lais bateriju izplat\u012bt\u0101js ,,Q-Batteries,, Latvij\u0101, Lietuv\u0101 un Igaunij\u0101. SIA ,,HUB ENERGY,, - \u043e\u0444\u0438\u0446\u0438\u0430\u043b\u044c\u043d\u044b\u0439 \u0434\u0438\u0441\u0442\u0440\u0438\u0431\u044c\u044e\u0442\u043e\u0440 \u0431\u0430\u0442\u0430\u0440\u0435\u0439 ,, Q-Batteries,, \u0432 \u041b\u0430\u0442\u0432\u0438\u0438, \u041b\u0438\u0442\u0432\u0435 \u0438 \u042d\u0441\u0442\u043e\u043d\u0438\u0438. SIA ,,HUB ENERGY,, - official distributor of batteries ,, Q-Batteries,, in Latvia, Lithuania and Estonia.  Ja prece nav noliktav\u0101 \u0160\u012bs preces ir pieejamas p\u0113c pas\u016bt\u012bjuma! Pieg\u0101des laiks 5-7 darba dienas.  \u0415\u0441\u043b\u0438 \u0442\u043e\u0432\u0430\u0440\u0430 \u043d\u0435\u0442 \u043d\u0430 \u0441\u043a\u043b\u0430\u0434\u0435 \u042d\u0442\u0438 \u0442\u043e\u0432\u0430\u0440\u044b \u0434\u043e\u0441\u0442\u0443\u043f\u043d\u044b \u043f\u043e\u0434 \u0437\u0430\u043a\u0430\u0437! \u0412\u0440\u0435\u043c\u044f \u043f\u043e\u0441\u0442\u0430\u0432\u043a\u0438 5-7 \u0440\u0430\u0431\u043e\u0447\u0438\u0445 \u0434\u043d\u0435\u0439","og_url":"https:\/\/akum.lv\/en\/prece\/6-gel-240-q-batteries_gel-technologies-battery-6v-c5-240ah-c20-285ah-311-181-360-a-terminal\/","og_site_name":"www.akum.lv","article_modified_time":"2024-10-22T11:48:15+00:00","og_image":[{"width":600,"height":600,"url":"https:\/\/akum.lv\/wp-content\/uploads\/2018\/08\/6GEL-240.jpg","type":"image\/jpeg"}],"twitter_card":"summary_large_image","twitter_misc":{"Est. reading time":"1 minute"},"schema":{"@context":"https:\/\/schema.org","@graph":[{"@type":"WebPage","@id":"https:\/\/akum.lv\/en\/prece\/6-gel-240-q-batteries_gel-technologies-battery-6v-c5-240ah-c20-285ah-311-181-360-a-terminal\/","url":"https:\/\/akum.lv\/en\/prece\/6-gel-240-q-batteries_gel-technologies-battery-6v-c5-240ah-c20-285ah-311-181-360-a-terminal\/","name":"6 GEL-240 Q-Batteries_GEL Technologies battery 6V \/ C5-240Ah; C20-285Ah (311*181*360) A-Terminal - www.akum.lv","isPartOf":{"@id":"https:\/\/akum.lv\/#website"},"primaryImageOfPage":{"@id":"https:\/\/akum.lv\/en\/prece\/6-gel-240-q-batteries_gel-technologies-battery-6v-c5-240ah-c20-285ah-311-181-360-a-terminal\/#primaryimage"},"image":{"@id":"https:\/\/akum.lv\/en\/prece\/6-gel-240-q-batteries_gel-technologies-battery-6v-c5-240ah-c20-285ah-311-181-360-a-terminal\/#primaryimage"},"thumbnailUrl":"https:\/\/akum.lv\/wp-content\/uploads\/2018\/08\/6GEL-240.jpg","datePublished":"2019-01-28T15:19:37+00:00","dateModified":"2024-10-22T11:48:15+00:00","breadcrumb":{"@id":"https:\/\/akum.lv\/en\/prece\/6-gel-240-q-batteries_gel-technologies-battery-6v-c5-240ah-c20-285ah-311-181-360-a-terminal\/#breadcrumb"},"inLanguage":"en-US","potentialAction":[{"@type":"ReadAction","target":["https:\/\/akum.lv\/en\/prece\/6-gel-240-q-batteries_gel-technologies-battery-6v-c5-240ah-c20-285ah-311-181-360-a-terminal\/"]}]},{"@type":"ImageObject","inLanguage":"en-US","@id":"https:\/\/akum.lv\/en\/prece\/6-gel-240-q-batteries_gel-technologies-battery-6v-c5-240ah-c20-285ah-311-181-360-a-terminal\/#primaryimage","url":"https:\/\/akum.lv\/wp-content\/uploads\/2018\/08\/6GEL-240.jpg","contentUrl":"https:\/\/akum.lv\/wp-content\/uploads\/2018\/08\/6GEL-240.jpg","width":600,"height":600},{"@type":"BreadcrumbList","@id":"https:\/\/akum.lv\/en\/prece\/6-gel-240-q-batteries_gel-technologies-battery-6v-c5-240ah-c20-285ah-311-181-360-a-terminal\/#breadcrumb","itemListElement":[{"@type":"ListItem","position":1,"name":"\u0413\u043b\u0430\u0432\u043d\u0430\u044f \u0441\u0442\u0440\u0430\u043d\u0438\u0446\u0430","item":"https:\/\/akum.lv\/en\/"},{"@type":"ListItem","position":2,"name":"PRECES","item":"https:\/\/akum.lv\/produkti-preces\/"},{"@type":"ListItem","position":3,"name":"6 GEL-240 Q-Batteries_GEL Technologies battery 6V \/ C5-240Ah; C20-285Ah (311*181*360) A-Terminal"}]},{"@type":"WebSite","@id":"https:\/\/akum.lv\/#website","url":"https:\/\/akum.lv\/","name":"www.akum.lv","description":"Akumulatoru p\u0101rdev\u0113js | \u041f\u0440\u043e\u0434\u0430\u0432\u0435\u0446 \u0430\u043a\u043a\u0443\u043c\u0443\u043b\u044f\u0442\u043e\u0440\u043e\u0432 | Battery seller","publisher":{"@id":"https:\/\/akum.lv\/#organization"},"potentialAction":[{"@type":"SearchAction","target":{"@type":"EntryPoint","urlTemplate":"https:\/\/akum.lv\/?s={search_term_string}"},"query-input":{"@type":"PropertyValueSpecification","valueRequired":true,"valueName":"search_term_string"}}],"inLanguage":"en-US"},{"@type":"Organization","@id":"https:\/\/akum.lv\/#organization","name":"HubEnergy","url":"https:\/\/akum.lv\/","logo":{"@type":"ImageObject","inLanguage":"en-US","@id":"https:\/\/akum.lv\/#\/schema\/logo\/image\/","url":"https:\/\/akum.lv\/wp-content\/uploads\/2018\/08\/Logo-hub-energy-2018-seller-dark-blue.png","contentUrl":"https:\/\/akum.lv\/wp-content\/uploads\/2018\/08\/Logo-hub-energy-2018-seller-dark-blue.png","width":381,"height":75,"caption":"HubEnergy"},"image":{"@id":"https:\/\/akum.lv\/#\/schema\/logo\/image\/"}}]}},"brands":[{"id":340,"name":"Q-Batteries","slug":"q-batteries-en"}],"_links":{"self":[{"href":"https:\/\/akum.lv\/en\/wp-json\/wp\/v2\/product\/4327","targetHints":{"allow":["GET"]}}],"collection":[{"href":"https:\/\/akum.lv\/en\/wp-json\/wp\/v2\/product"}],"about":[{"href":"https:\/\/akum.lv\/en\/wp-json\/wp\/v2\/types\/product"}],"wp:featuredmedia":[{"embeddable":true,"href":"https:\/\/akum.lv\/en\/wp-json\/wp\/v2\/media\/4352"}],"wp:attachment":[{"href":"https:\/\/akum.lv\/en\/wp-json\/wp\/v2\/media?parent=4327"}],"wp:term":[{"taxonomy":"pwb-brand","embeddable":true,"href":"https:\/\/akum.lv\/en\/wp-json\/wp\/v2\/pwb-brand?post=4327"},{"taxonomy":"product_brand","embeddable":true,"href":"https:\/\/akum.lv\/en\/wp-json\/wp\/v2\/product_brand?post=4327"},{"taxonomy":"product_cat","embeddable":true,"href":"https:\/\/akum.lv\/en\/wp-json\/wp\/v2\/product_cat?post=4327"},{"taxonomy":"product_tag","embeddable":true,"href":"https:\/\/akum.lv\/en\/wp-json\/wp\/v2\/product_tag?post=4327"}],"curies":[{"name":"wp","href":"https:\/\/api.w.org\/{rel}","templated":true}]}}