{"id":3963,"date":"2019-01-11T11:04:37","date_gmt":"2019-01-11T11:04:37","guid":{"rendered":"http:\/\/akum.lv\/veikals\/uncategorized\/sbl-55-12i_ssb-akumulators-agm-55ah-12v-terminal-fo11-m6-10-12-g-l229-w138-h213\/"},"modified":"2026-02-17T14:35:53","modified_gmt":"2026-02-17T14:35:53","slug":"sbl-55-12i_ssb-akumulators-agm-55ah-12v-terminal-fo11-m6-10-12-g-l229-w138-h213","status":"publish","type":"product","link":"https:\/\/akum.lv\/en\/prece\/sbl-55-12i_ssb-akumulators-agm-55ah-12v-terminal-fo11-m6-10-12-g-l229-w138-h213\/","title":{"rendered":"SBL 55-12i_SSB akumulators \/ AGM \/ 12V-58.8\/C20 \/ terminal FO11 M6 (10-12 g.) L229 W138 H213"},"content":{"rendered":"","protected":false},"excerpt":{"rendered":"<p>SBL 55-12i_SSB akumulators \/ AGM \/ 12V-58.8\/C20 \/ terminal FO11 M6 (10-12 g.) L229 W138 H213, 18.00 kg<\/p>\n<p>P\u0113rkot vienu gabalu, cena\u00a0<strong>120,00 EUR<\/strong><br \/>\nP\u0113rkot <strong>(10 gb)<\/strong> cena <span style=\"color: #ff0000;\"><strong>114,95<\/strong><strong> EUR par 1 gb<\/strong><\/span><br \/>\n\u041f\u0440\u0438 \u043f\u043e\u043a\u0443\u043f\u043a\u0438 \u043e\u0434\u043d\u043e\u0439 \u0448\u0442\u0443\u043a\u0438 \u0446\u0435\u043d\u0430 \u2013<strong> 120,00 \u0415\u0412\u0420\u041e<\/strong><br \/>\n\u041f\u0440\u0438 \u043f\u043e\u043a\u0443\u043f\u043a\u0438 <strong>(10 \u0448\u0442)<\/strong> \u0446\u0435\u043d\u0430 \u2013 <span style=\"color: #ff0000;\"><strong>114,95<\/strong><\/span><span style=\"color: #ff0000;\"><strong>\u00a0\u0415\u0412\u0420\u041e \u0437\u0430 1 \u0448\u0442<\/strong><\/span><\/p>\n<p><strong><img loading=\"lazy\" decoding=\"async\" class=\"alignnone size-full wp-image-11436\" src=\"https:\/\/akum.lv\/wp-content\/uploads\/2021\/12\/pdf-icon.png\" alt=\"\" width=\"50\" height=\"50\" \/> &#8211; <a href=\"https:\/\/akum.lv\/wp-content\/uploads\/2019\/01\/SBL-55-12i-.pdf\">SBL 55-12i<\/a><\/strong><\/p>\n<p>SBL 55-12i is a high performance battery with 10-12 years lifetime in standby service or more than 400 cycles at 50% depth of discharge in cycle service.<\/p>\n<p>SIA ,,HUB ENERGY,, &#8211; ofici\u0101lais bateriju izplat\u012bt\u0101js ,,SSB battery GmbH,, Latvij\u0101, Lietuv\u0101 un Igaunij\u0101<br \/>\nSIA ,,HUB ENERGY,, &#8211; \u043e\u0444\u0438\u0446\u0438\u0430\u043b\u044c\u043d\u044b\u0439 \u0434\u0438\u0441\u0442\u0440\u0438\u0431\u044c\u044e\u0442\u043e\u0440 \u0431\u0430\u0442\u0430\u0440\u0435\u0439 ,,SSB battery GmbH,, \u0432 \u041b\u0430\u0442\u0432\u0438\u0438, \u041b\u0438\u0442\u0432\u0435 \u0438 \u042d\u0441\u0442\u043e\u043d\u0438\u0438<br \/>\nSIA ,,HUB ENERGY,, &#8211; official distributor of batteries ,,SSB battery GmbH,, in Latvia, Lithuania and Estonia<\/p>\n","protected":false},"featured_media":7244,"template":"","meta":[],"pwb-brand":[344],"product_brand":[],"product_cat":[375,442,160,185,510,575],"product_tag":[],"class_list":{"0":"post-3963","1":"product","2":"type-product","3":"status-publish","4":"has-post-thumbnail","6":"pwb-brand-ssb-batteries-gmbh-en","7":"product_cat-agm-technology-batteries-eng","8":"product_cat-agm-12v-batteries","9":"product_cat-agm-akumulatori-signalizacijas-drosibas-sistemam","10":"product_cat-ups-telecom-batteries","11":"product_cat-ssb-battery-gmbh","12":"product_cat-ssb-sbl-series-en","14":"first","15":"instock","16":"taxable","17":"shipping-taxable","18":"purchasable","19":"product-type-simple"},"yoast_head":"<!-- This site is optimized with the Yoast SEO plugin v26.7 - https:\/\/yoast.com\/wordpress\/plugins\/seo\/ -->\n<title>SBL 55-12i_SSB akumulators \/ AGM \/ 12V-58.8\/C20 \/ terminal FO11 M6 (10-12 g.) L229 W138 H213 - www.akum.lv<\/title>\n<meta name=\"robots\" content=\"index, follow, max-snippet:-1, max-image-preview:large, max-video-preview:-1\" \/>\n<link rel=\"canonical\" href=\"https:\/\/akum.lv\/en\/prece\/sbl-55-12i_ssb-akumulators-agm-55ah-12v-terminal-fo11-m6-10-12-g-l229-w138-h213\/\" \/>\n<meta property=\"og:locale\" content=\"en_US\" \/>\n<meta property=\"og:type\" content=\"article\" \/>\n<meta property=\"og:title\" content=\"SBL 55-12i_SSB akumulators \/ AGM \/ 12V-58.8\/C20 \/ terminal FO11 M6 (10-12 g.) L229 W138 H213 - www.akum.lv\" \/>\n<meta property=\"og:description\" content=\"SBL 55-12i_SSB akumulators \/ AGM \/ 12V-58.8\/C20 \/ terminal FO11 M6 (10-12 g.) L229 W138 H213, 18.00 kg  P\u0113rkot vienu gabalu, cena\u00a0120,00 EUR P\u0113rkot (10 gb) cena 114,95 EUR par 1 gb \u041f\u0440\u0438 \u043f\u043e\u043a\u0443\u043f\u043a\u0438 \u043e\u0434\u043d\u043e\u0439 \u0448\u0442\u0443\u043a\u0438 \u0446\u0435\u043d\u0430 \u2013 120,00 \u0415\u0412\u0420\u041e \u041f\u0440\u0438 \u043f\u043e\u043a\u0443\u043f\u043a\u0438 (10 \u0448\u0442) \u0446\u0435\u043d\u0430 \u2013 114,95\u00a0\u0415\u0412\u0420\u041e \u0437\u0430 1 \u0448\u0442   - SBL 55-12i  SBL 55-12i is a high performance battery with 10-12 years lifetime in standby service or more than 400 cycles at 50% depth of discharge in cycle service.  SIA ,,HUB ENERGY,, - ofici\u0101lais bateriju izplat\u012bt\u0101js ,,SSB battery GmbH,, Latvij\u0101, Lietuv\u0101 un Igaunij\u0101 SIA ,,HUB ENERGY,, - \u043e\u0444\u0438\u0446\u0438\u0430\u043b\u044c\u043d\u044b\u0439 \u0434\u0438\u0441\u0442\u0440\u0438\u0431\u044c\u044e\u0442\u043e\u0440 \u0431\u0430\u0442\u0430\u0440\u0435\u0439 ,,SSB battery GmbH,, \u0432 \u041b\u0430\u0442\u0432\u0438\u0438, \u041b\u0438\u0442\u0432\u0435 \u0438 \u042d\u0441\u0442\u043e\u043d\u0438\u0438 SIA ,,HUB ENERGY,, - official distributor of batteries ,,SSB battery GmbH,, in Latvia, Lithuania and Estonia\" \/>\n<meta property=\"og:url\" content=\"https:\/\/akum.lv\/en\/prece\/sbl-55-12i_ssb-akumulators-agm-55ah-12v-terminal-fo11-m6-10-12-g-l229-w138-h213\/\" \/>\n<meta property=\"og:site_name\" content=\"www.akum.lv\" \/>\n<meta property=\"article:modified_time\" content=\"2026-02-17T14:35:53+00:00\" \/>\n<meta property=\"og:image\" content=\"https:\/\/akum.lv\/wp-content\/uploads\/2019\/01\/SBL-55-12i.jpg\" \/>\n\t<meta property=\"og:image:width\" content=\"373\" \/>\n\t<meta property=\"og:image:height\" content=\"395\" \/>\n\t<meta property=\"og:image:type\" content=\"image\/jpeg\" \/>\n<meta name=\"twitter:card\" content=\"summary_large_image\" \/>\n<meta name=\"twitter:label1\" content=\"Est. reading time\" \/>\n\t<meta name=\"twitter:data1\" content=\"1 minute\" \/>\n<script type=\"application\/ld+json\" class=\"yoast-schema-graph\">{\"@context\":\"https:\/\/schema.org\",\"@graph\":[{\"@type\":\"WebPage\",\"@id\":\"https:\/\/akum.lv\/en\/prece\/sbl-55-12i_ssb-akumulators-agm-55ah-12v-terminal-fo11-m6-10-12-g-l229-w138-h213\/\",\"url\":\"https:\/\/akum.lv\/en\/prece\/sbl-55-12i_ssb-akumulators-agm-55ah-12v-terminal-fo11-m6-10-12-g-l229-w138-h213\/\",\"name\":\"SBL 55-12i_SSB akumulators \/ AGM \/ 12V-58.8\/C20 \/ terminal FO11 M6 (10-12 g.) L229 W138 H213 - www.akum.lv\",\"isPartOf\":{\"@id\":\"https:\/\/akum.lv\/#website\"},\"primaryImageOfPage\":{\"@id\":\"https:\/\/akum.lv\/en\/prece\/sbl-55-12i_ssb-akumulators-agm-55ah-12v-terminal-fo11-m6-10-12-g-l229-w138-h213\/#primaryimage\"},\"image\":{\"@id\":\"https:\/\/akum.lv\/en\/prece\/sbl-55-12i_ssb-akumulators-agm-55ah-12v-terminal-fo11-m6-10-12-g-l229-w138-h213\/#primaryimage\"},\"thumbnailUrl\":\"https:\/\/akum.lv\/wp-content\/uploads\/2019\/01\/SBL-55-12i.jpg\",\"datePublished\":\"2019-01-11T11:04:37+00:00\",\"dateModified\":\"2026-02-17T14:35:53+00:00\",\"breadcrumb\":{\"@id\":\"https:\/\/akum.lv\/en\/prece\/sbl-55-12i_ssb-akumulators-agm-55ah-12v-terminal-fo11-m6-10-12-g-l229-w138-h213\/#breadcrumb\"},\"inLanguage\":\"en-US\",\"potentialAction\":[{\"@type\":\"ReadAction\",\"target\":[\"https:\/\/akum.lv\/en\/prece\/sbl-55-12i_ssb-akumulators-agm-55ah-12v-terminal-fo11-m6-10-12-g-l229-w138-h213\/\"]}]},{\"@type\":\"ImageObject\",\"inLanguage\":\"en-US\",\"@id\":\"https:\/\/akum.lv\/en\/prece\/sbl-55-12i_ssb-akumulators-agm-55ah-12v-terminal-fo11-m6-10-12-g-l229-w138-h213\/#primaryimage\",\"url\":\"https:\/\/akum.lv\/wp-content\/uploads\/2019\/01\/SBL-55-12i.jpg\",\"contentUrl\":\"https:\/\/akum.lv\/wp-content\/uploads\/2019\/01\/SBL-55-12i.jpg\",\"width\":373,\"height\":395},{\"@type\":\"BreadcrumbList\",\"@id\":\"https:\/\/akum.lv\/en\/prece\/sbl-55-12i_ssb-akumulators-agm-55ah-12v-terminal-fo11-m6-10-12-g-l229-w138-h213\/#breadcrumb\",\"itemListElement\":[{\"@type\":\"ListItem\",\"position\":1,\"name\":\"\u0413\u043b\u0430\u0432\u043d\u0430\u044f \u0441\u0442\u0440\u0430\u043d\u0438\u0446\u0430\",\"item\":\"https:\/\/akum.lv\/en\/\"},{\"@type\":\"ListItem\",\"position\":2,\"name\":\"PRECES\",\"item\":\"https:\/\/akum.lv\/produkti-preces\/\"},{\"@type\":\"ListItem\",\"position\":3,\"name\":\"SBL 55-12i_SSB akumulators \/ AGM \/ 12V-58.8\/C20 \/ terminal FO11 M6 (10-12 g.) L229 W138 H213\"}]},{\"@type\":\"WebSite\",\"@id\":\"https:\/\/akum.lv\/#website\",\"url\":\"https:\/\/akum.lv\/\",\"name\":\"www.akum.lv\",\"description\":\"Akumulatoru p\u0101rdev\u0113js | \u041f\u0440\u043e\u0434\u0430\u0432\u0435\u0446 \u0430\u043a\u043a\u0443\u043c\u0443\u043b\u044f\u0442\u043e\u0440\u043e\u0432 | Battery seller\",\"publisher\":{\"@id\":\"https:\/\/akum.lv\/#organization\"},\"potentialAction\":[{\"@type\":\"SearchAction\",\"target\":{\"@type\":\"EntryPoint\",\"urlTemplate\":\"https:\/\/akum.lv\/?s={search_term_string}\"},\"query-input\":{\"@type\":\"PropertyValueSpecification\",\"valueRequired\":true,\"valueName\":\"search_term_string\"}}],\"inLanguage\":\"en-US\"},{\"@type\":\"Organization\",\"@id\":\"https:\/\/akum.lv\/#organization\",\"name\":\"HubEnergy\",\"url\":\"https:\/\/akum.lv\/\",\"logo\":{\"@type\":\"ImageObject\",\"inLanguage\":\"en-US\",\"@id\":\"https:\/\/akum.lv\/#\/schema\/logo\/image\/\",\"url\":\"https:\/\/akum.lv\/wp-content\/uploads\/2018\/08\/Logo-hub-energy-2018-seller-dark-blue.png\",\"contentUrl\":\"https:\/\/akum.lv\/wp-content\/uploads\/2018\/08\/Logo-hub-energy-2018-seller-dark-blue.png\",\"width\":381,\"height\":75,\"caption\":\"HubEnergy\"},\"image\":{\"@id\":\"https:\/\/akum.lv\/#\/schema\/logo\/image\/\"}}]}<\/script>\n<!-- \/ Yoast SEO plugin. -->","yoast_head_json":{"title":"SBL 55-12i_SSB akumulators \/ AGM \/ 12V-58.8\/C20 \/ terminal FO11 M6 (10-12 g.) L229 W138 H213 - www.akum.lv","robots":{"index":"index","follow":"follow","max-snippet":"max-snippet:-1","max-image-preview":"max-image-preview:large","max-video-preview":"max-video-preview:-1"},"canonical":"https:\/\/akum.lv\/en\/prece\/sbl-55-12i_ssb-akumulators-agm-55ah-12v-terminal-fo11-m6-10-12-g-l229-w138-h213\/","og_locale":"en_US","og_type":"article","og_title":"SBL 55-12i_SSB akumulators \/ AGM \/ 12V-58.8\/C20 \/ terminal FO11 M6 (10-12 g.) L229 W138 H213 - www.akum.lv","og_description":"SBL 55-12i_SSB akumulators \/ AGM \/ 12V-58.8\/C20 \/ terminal FO11 M6 (10-12 g.) L229 W138 H213, 18.00 kg  P\u0113rkot vienu gabalu, cena\u00a0120,00 EUR P\u0113rkot (10 gb) cena 114,95 EUR par 1 gb \u041f\u0440\u0438 \u043f\u043e\u043a\u0443\u043f\u043a\u0438 \u043e\u0434\u043d\u043e\u0439 \u0448\u0442\u0443\u043a\u0438 \u0446\u0435\u043d\u0430 \u2013 120,00 \u0415\u0412\u0420\u041e \u041f\u0440\u0438 \u043f\u043e\u043a\u0443\u043f\u043a\u0438 (10 \u0448\u0442) \u0446\u0435\u043d\u0430 \u2013 114,95\u00a0\u0415\u0412\u0420\u041e \u0437\u0430 1 \u0448\u0442   - SBL 55-12i  SBL 55-12i is a high performance battery with 10-12 years lifetime in standby service or more than 400 cycles at 50% depth of discharge in cycle service.  SIA ,,HUB ENERGY,, - ofici\u0101lais bateriju izplat\u012bt\u0101js ,,SSB battery GmbH,, Latvij\u0101, Lietuv\u0101 un Igaunij\u0101 SIA ,,HUB ENERGY,, - \u043e\u0444\u0438\u0446\u0438\u0430\u043b\u044c\u043d\u044b\u0439 \u0434\u0438\u0441\u0442\u0440\u0438\u0431\u044c\u044e\u0442\u043e\u0440 \u0431\u0430\u0442\u0430\u0440\u0435\u0439 ,,SSB battery GmbH,, \u0432 \u041b\u0430\u0442\u0432\u0438\u0438, \u041b\u0438\u0442\u0432\u0435 \u0438 \u042d\u0441\u0442\u043e\u043d\u0438\u0438 SIA ,,HUB ENERGY,, - official distributor of batteries ,,SSB battery GmbH,, in Latvia, Lithuania and Estonia","og_url":"https:\/\/akum.lv\/en\/prece\/sbl-55-12i_ssb-akumulators-agm-55ah-12v-terminal-fo11-m6-10-12-g-l229-w138-h213\/","og_site_name":"www.akum.lv","article_modified_time":"2026-02-17T14:35:53+00:00","og_image":[{"width":373,"height":395,"url":"https:\/\/akum.lv\/wp-content\/uploads\/2019\/01\/SBL-55-12i.jpg","type":"image\/jpeg"}],"twitter_card":"summary_large_image","twitter_misc":{"Est. reading time":"1 minute"},"schema":{"@context":"https:\/\/schema.org","@graph":[{"@type":"WebPage","@id":"https:\/\/akum.lv\/en\/prece\/sbl-55-12i_ssb-akumulators-agm-55ah-12v-terminal-fo11-m6-10-12-g-l229-w138-h213\/","url":"https:\/\/akum.lv\/en\/prece\/sbl-55-12i_ssb-akumulators-agm-55ah-12v-terminal-fo11-m6-10-12-g-l229-w138-h213\/","name":"SBL 55-12i_SSB akumulators \/ AGM \/ 12V-58.8\/C20 \/ terminal FO11 M6 (10-12 g.) L229 W138 H213 - www.akum.lv","isPartOf":{"@id":"https:\/\/akum.lv\/#website"},"primaryImageOfPage":{"@id":"https:\/\/akum.lv\/en\/prece\/sbl-55-12i_ssb-akumulators-agm-55ah-12v-terminal-fo11-m6-10-12-g-l229-w138-h213\/#primaryimage"},"image":{"@id":"https:\/\/akum.lv\/en\/prece\/sbl-55-12i_ssb-akumulators-agm-55ah-12v-terminal-fo11-m6-10-12-g-l229-w138-h213\/#primaryimage"},"thumbnailUrl":"https:\/\/akum.lv\/wp-content\/uploads\/2019\/01\/SBL-55-12i.jpg","datePublished":"2019-01-11T11:04:37+00:00","dateModified":"2026-02-17T14:35:53+00:00","breadcrumb":{"@id":"https:\/\/akum.lv\/en\/prece\/sbl-55-12i_ssb-akumulators-agm-55ah-12v-terminal-fo11-m6-10-12-g-l229-w138-h213\/#breadcrumb"},"inLanguage":"en-US","potentialAction":[{"@type":"ReadAction","target":["https:\/\/akum.lv\/en\/prece\/sbl-55-12i_ssb-akumulators-agm-55ah-12v-terminal-fo11-m6-10-12-g-l229-w138-h213\/"]}]},{"@type":"ImageObject","inLanguage":"en-US","@id":"https:\/\/akum.lv\/en\/prece\/sbl-55-12i_ssb-akumulators-agm-55ah-12v-terminal-fo11-m6-10-12-g-l229-w138-h213\/#primaryimage","url":"https:\/\/akum.lv\/wp-content\/uploads\/2019\/01\/SBL-55-12i.jpg","contentUrl":"https:\/\/akum.lv\/wp-content\/uploads\/2019\/01\/SBL-55-12i.jpg","width":373,"height":395},{"@type":"BreadcrumbList","@id":"https:\/\/akum.lv\/en\/prece\/sbl-55-12i_ssb-akumulators-agm-55ah-12v-terminal-fo11-m6-10-12-g-l229-w138-h213\/#breadcrumb","itemListElement":[{"@type":"ListItem","position":1,"name":"\u0413\u043b\u0430\u0432\u043d\u0430\u044f \u0441\u0442\u0440\u0430\u043d\u0438\u0446\u0430","item":"https:\/\/akum.lv\/en\/"},{"@type":"ListItem","position":2,"name":"PRECES","item":"https:\/\/akum.lv\/produkti-preces\/"},{"@type":"ListItem","position":3,"name":"SBL 55-12i_SSB akumulators \/ AGM \/ 12V-58.8\/C20 \/ terminal FO11 M6 (10-12 g.) L229 W138 H213"}]},{"@type":"WebSite","@id":"https:\/\/akum.lv\/#website","url":"https:\/\/akum.lv\/","name":"www.akum.lv","description":"Akumulatoru p\u0101rdev\u0113js | \u041f\u0440\u043e\u0434\u0430\u0432\u0435\u0446 \u0430\u043a\u043a\u0443\u043c\u0443\u043b\u044f\u0442\u043e\u0440\u043e\u0432 | Battery seller","publisher":{"@id":"https:\/\/akum.lv\/#organization"},"potentialAction":[{"@type":"SearchAction","target":{"@type":"EntryPoint","urlTemplate":"https:\/\/akum.lv\/?s={search_term_string}"},"query-input":{"@type":"PropertyValueSpecification","valueRequired":true,"valueName":"search_term_string"}}],"inLanguage":"en-US"},{"@type":"Organization","@id":"https:\/\/akum.lv\/#organization","name":"HubEnergy","url":"https:\/\/akum.lv\/","logo":{"@type":"ImageObject","inLanguage":"en-US","@id":"https:\/\/akum.lv\/#\/schema\/logo\/image\/","url":"https:\/\/akum.lv\/wp-content\/uploads\/2018\/08\/Logo-hub-energy-2018-seller-dark-blue.png","contentUrl":"https:\/\/akum.lv\/wp-content\/uploads\/2018\/08\/Logo-hub-energy-2018-seller-dark-blue.png","width":381,"height":75,"caption":"HubEnergy"},"image":{"@id":"https:\/\/akum.lv\/#\/schema\/logo\/image\/"}}]}},"brands":[{"id":344,"name":"SSB Batteries GmbH","slug":"ssb-batteries-gmbh-en"}],"_links":{"self":[{"href":"https:\/\/akum.lv\/en\/wp-json\/wp\/v2\/product\/3963","targetHints":{"allow":["GET"]}}],"collection":[{"href":"https:\/\/akum.lv\/en\/wp-json\/wp\/v2\/product"}],"about":[{"href":"https:\/\/akum.lv\/en\/wp-json\/wp\/v2\/types\/product"}],"wp:featuredmedia":[{"embeddable":true,"href":"https:\/\/akum.lv\/en\/wp-json\/wp\/v2\/media\/7244"}],"wp:attachment":[{"href":"https:\/\/akum.lv\/en\/wp-json\/wp\/v2\/media?parent=3963"}],"wp:term":[{"taxonomy":"pwb-brand","embeddable":true,"href":"https:\/\/akum.lv\/en\/wp-json\/wp\/v2\/pwb-brand?post=3963"},{"taxonomy":"product_brand","embeddable":true,"href":"https:\/\/akum.lv\/en\/wp-json\/wp\/v2\/product_brand?post=3963"},{"taxonomy":"product_cat","embeddable":true,"href":"https:\/\/akum.lv\/en\/wp-json\/wp\/v2\/product_cat?post=3963"},{"taxonomy":"product_tag","embeddable":true,"href":"https:\/\/akum.lv\/en\/wp-json\/wp\/v2\/product_tag?post=3963"}],"curies":[{"name":"wp","href":"https:\/\/api.w.org\/{rel}","templated":true}]}}