{"id":18039,"date":"2025-10-20T12:32:52","date_gmt":"2025-10-20T12:32:52","guid":{"rendered":"https:\/\/akum.lv\/prece\/parnesajamas-elektroenergijas-stacijas-marstek-m2200-2240wh-portable-power-station-2400w\/"},"modified":"2025-10-20T12:32:52","modified_gmt":"2025-10-20T12:32:52","slug":"parnesajamas-elektroenergijas-stacijas-marstek-m2200-2240wh-portable-power-station-2400w","status":"publish","type":"product","link":"https:\/\/akum.lv\/en\/prece\/parnesajamas-elektroenergijas-stacijas-marstek-m2200-2240wh-portable-power-station-2400w\/","title":{"rendered":"P\u0101rn\u0113s\u0101jam\u0101s elektroener\u0123ijas stacijas MARSTEK M2200-2240Wh | Portable Power Station 2400W"},"content":{"rendered":"","protected":false},"excerpt":{"rendered":"<p>MARSTEK MERCURY M2200 Portable Power Station<br \/>\n\u00b7 2400W Pure Sine Wave Inverter\uff084800W Surge\uff09<br \/>\n\u00b7 2000W AC Input, 1200W PV Input<br \/>\n\u00b7 2240Wh LFP Battery, Expandable up to 6720Wh<br \/>\n\u00b7 Cycle Life &gt;6000 LFP Battery<br \/>\n\u00b7 USB-C1 100W, USB-C2 45W, USB-A1\/A2 18W<br \/>\n\u00b7 Command with the MARSTEK App<\/p>\n<p><img loading=\"lazy\" decoding=\"async\" class=\"alignnone size-full wp-image-11436\" src=\"https:\/\/akum.lv\/wp-content\/uploads\/2021\/12\/pdf-icon.png\" alt=\"\" width=\"50\" height=\"50\" \/> <strong>&#8211; <a href=\"https:\/\/akum.lv\/wp-content\/uploads\/2025\/10\/marstek-m2200.pdf\">Marstek M2200<\/a><\/strong><\/p>\n","protected":false},"featured_media":18031,"template":"","meta":[],"pwb-brand":[904],"product_brand":[],"product_cat":[823,487,644],"product_tag":[],"class_list":{"0":"post-18039","1":"product","2":"type-product","3":"status-publish","4":"has-post-thumbnail","6":"pwb-brand-marstek-en","7":"product_cat-portable-power-stations","8":"product_cat-green-energy","9":"product_cat-solar-inverters-chargers-controllers","10":"pif-has-gallery","12":"first","13":"instock","14":"taxable","15":"shipping-taxable","16":"purchasable","17":"product-type-simple"},"yoast_head":"<!-- This site is optimized with the Yoast SEO plugin v26.7 - https:\/\/yoast.com\/wordpress\/plugins\/seo\/ -->\n<title>P\u0101rn\u0113s\u0101jam\u0101s elektroener\u0123ijas stacijas MARSTEK M2200-2240Wh | Portable Power Station 2400W - www.akum.lv<\/title>\n<meta name=\"robots\" content=\"index, follow, max-snippet:-1, max-image-preview:large, max-video-preview:-1\" \/>\n<link rel=\"canonical\" href=\"https:\/\/akum.lv\/en\/prece\/parnesajamas-elektroenergijas-stacijas-marstek-m2200-2240wh-portable-power-station-2400w\/\" \/>\n<meta property=\"og:locale\" content=\"en_US\" \/>\n<meta property=\"og:type\" content=\"article\" \/>\n<meta property=\"og:title\" content=\"P\u0101rn\u0113s\u0101jam\u0101s elektroener\u0123ijas stacijas MARSTEK M2200-2240Wh | Portable Power Station 2400W - www.akum.lv\" \/>\n<meta property=\"og:description\" content=\"MARSTEK MERCURY M2200 Portable Power Station \u00b7 2400W Pure Sine Wave Inverter\uff084800W Surge\uff09 \u00b7 2000W AC Input, 1200W PV Input \u00b7 2240Wh LFP Battery, Expandable up to 6720Wh \u00b7 Cycle Life &gt;6000 LFP Battery \u00b7 USB-C1 100W, USB-C2 45W, USB-A1\/A2 18W \u00b7 Command with the MARSTEK App   - Marstek M2200\" \/>\n<meta property=\"og:url\" content=\"https:\/\/akum.lv\/en\/prece\/parnesajamas-elektroenergijas-stacijas-marstek-m2200-2240wh-portable-power-station-2400w\/\" \/>\n<meta property=\"og:site_name\" content=\"www.akum.lv\" \/>\n<meta name=\"twitter:card\" content=\"summary_large_image\" \/>\n<script type=\"application\/ld+json\" class=\"yoast-schema-graph\">{\"@context\":\"https:\/\/schema.org\",\"@graph\":[{\"@type\":\"WebPage\",\"@id\":\"https:\/\/akum.lv\/en\/prece\/parnesajamas-elektroenergijas-stacijas-marstek-m2200-2240wh-portable-power-station-2400w\/\",\"url\":\"https:\/\/akum.lv\/en\/prece\/parnesajamas-elektroenergijas-stacijas-marstek-m2200-2240wh-portable-power-station-2400w\/\",\"name\":\"P\u0101rn\u0113s\u0101jam\u0101s elektroener\u0123ijas stacijas MARSTEK M2200-2240Wh | Portable Power Station 2400W - www.akum.lv\",\"isPartOf\":{\"@id\":\"https:\/\/akum.lv\/#website\"},\"primaryImageOfPage\":{\"@id\":\"https:\/\/akum.lv\/en\/prece\/parnesajamas-elektroenergijas-stacijas-marstek-m2200-2240wh-portable-power-station-2400w\/#primaryimage\"},\"image\":{\"@id\":\"https:\/\/akum.lv\/en\/prece\/parnesajamas-elektroenergijas-stacijas-marstek-m2200-2240wh-portable-power-station-2400w\/#primaryimage\"},\"thumbnailUrl\":\"https:\/\/akum.lv\/wp-content\/uploads\/2025\/10\/marstek-m2200_1.jpg\",\"datePublished\":\"2025-10-20T12:32:52+00:00\",\"breadcrumb\":{\"@id\":\"https:\/\/akum.lv\/en\/prece\/parnesajamas-elektroenergijas-stacijas-marstek-m2200-2240wh-portable-power-station-2400w\/#breadcrumb\"},\"inLanguage\":\"en-US\",\"potentialAction\":[{\"@type\":\"ReadAction\",\"target\":[\"https:\/\/akum.lv\/en\/prece\/parnesajamas-elektroenergijas-stacijas-marstek-m2200-2240wh-portable-power-station-2400w\/\"]}]},{\"@type\":\"ImageObject\",\"inLanguage\":\"en-US\",\"@id\":\"https:\/\/akum.lv\/en\/prece\/parnesajamas-elektroenergijas-stacijas-marstek-m2200-2240wh-portable-power-station-2400w\/#primaryimage\",\"url\":\"https:\/\/akum.lv\/wp-content\/uploads\/2025\/10\/marstek-m2200_1.jpg\",\"contentUrl\":\"https:\/\/akum.lv\/wp-content\/uploads\/2025\/10\/marstek-m2200_1.jpg\",\"width\":400,\"height\":400},{\"@type\":\"BreadcrumbList\",\"@id\":\"https:\/\/akum.lv\/en\/prece\/parnesajamas-elektroenergijas-stacijas-marstek-m2200-2240wh-portable-power-station-2400w\/#breadcrumb\",\"itemListElement\":[{\"@type\":\"ListItem\",\"position\":1,\"name\":\"\u0413\u043b\u0430\u0432\u043d\u0430\u044f \u0441\u0442\u0440\u0430\u043d\u0438\u0446\u0430\",\"item\":\"https:\/\/akum.lv\/en\/\"},{\"@type\":\"ListItem\",\"position\":2,\"name\":\"PRECES\",\"item\":\"https:\/\/akum.lv\/produkti-preces\/\"},{\"@type\":\"ListItem\",\"position\":3,\"name\":\"P\u0101rn\u0113s\u0101jam\u0101s elektroener\u0123ijas stacijas MARSTEK M2200-2240Wh | Portable Power Station 2400W\"}]},{\"@type\":\"WebSite\",\"@id\":\"https:\/\/akum.lv\/#website\",\"url\":\"https:\/\/akum.lv\/\",\"name\":\"www.akum.lv\",\"description\":\"Akumulatoru p\u0101rdev\u0113js | \u041f\u0440\u043e\u0434\u0430\u0432\u0435\u0446 \u0430\u043a\u043a\u0443\u043c\u0443\u043b\u044f\u0442\u043e\u0440\u043e\u0432 | Battery seller\",\"publisher\":{\"@id\":\"https:\/\/akum.lv\/#organization\"},\"potentialAction\":[{\"@type\":\"SearchAction\",\"target\":{\"@type\":\"EntryPoint\",\"urlTemplate\":\"https:\/\/akum.lv\/?s={search_term_string}\"},\"query-input\":{\"@type\":\"PropertyValueSpecification\",\"valueRequired\":true,\"valueName\":\"search_term_string\"}}],\"inLanguage\":\"en-US\"},{\"@type\":\"Organization\",\"@id\":\"https:\/\/akum.lv\/#organization\",\"name\":\"HubEnergy\",\"url\":\"https:\/\/akum.lv\/\",\"logo\":{\"@type\":\"ImageObject\",\"inLanguage\":\"en-US\",\"@id\":\"https:\/\/akum.lv\/#\/schema\/logo\/image\/\",\"url\":\"https:\/\/akum.lv\/wp-content\/uploads\/2018\/08\/Logo-hub-energy-2018-seller-dark-blue.png\",\"contentUrl\":\"https:\/\/akum.lv\/wp-content\/uploads\/2018\/08\/Logo-hub-energy-2018-seller-dark-blue.png\",\"width\":381,\"height\":75,\"caption\":\"HubEnergy\"},\"image\":{\"@id\":\"https:\/\/akum.lv\/#\/schema\/logo\/image\/\"}}]}<\/script>\n<!-- \/ Yoast SEO plugin. -->","yoast_head_json":{"title":"P\u0101rn\u0113s\u0101jam\u0101s elektroener\u0123ijas stacijas MARSTEK M2200-2240Wh | Portable Power Station 2400W - www.akum.lv","robots":{"index":"index","follow":"follow","max-snippet":"max-snippet:-1","max-image-preview":"max-image-preview:large","max-video-preview":"max-video-preview:-1"},"canonical":"https:\/\/akum.lv\/en\/prece\/parnesajamas-elektroenergijas-stacijas-marstek-m2200-2240wh-portable-power-station-2400w\/","og_locale":"en_US","og_type":"article","og_title":"P\u0101rn\u0113s\u0101jam\u0101s elektroener\u0123ijas stacijas MARSTEK M2200-2240Wh | Portable Power Station 2400W - www.akum.lv","og_description":"MARSTEK MERCURY M2200 Portable Power Station \u00b7 2400W Pure Sine Wave Inverter\uff084800W Surge\uff09 \u00b7 2000W AC Input, 1200W PV Input \u00b7 2240Wh LFP Battery, Expandable up to 6720Wh \u00b7 Cycle Life &gt;6000 LFP Battery \u00b7 USB-C1 100W, USB-C2 45W, USB-A1\/A2 18W \u00b7 Command with the MARSTEK App   - Marstek M2200","og_url":"https:\/\/akum.lv\/en\/prece\/parnesajamas-elektroenergijas-stacijas-marstek-m2200-2240wh-portable-power-station-2400w\/","og_site_name":"www.akum.lv","twitter_card":"summary_large_image","schema":{"@context":"https:\/\/schema.org","@graph":[{"@type":"WebPage","@id":"https:\/\/akum.lv\/en\/prece\/parnesajamas-elektroenergijas-stacijas-marstek-m2200-2240wh-portable-power-station-2400w\/","url":"https:\/\/akum.lv\/en\/prece\/parnesajamas-elektroenergijas-stacijas-marstek-m2200-2240wh-portable-power-station-2400w\/","name":"P\u0101rn\u0113s\u0101jam\u0101s elektroener\u0123ijas stacijas MARSTEK M2200-2240Wh | Portable Power Station 2400W - www.akum.lv","isPartOf":{"@id":"https:\/\/akum.lv\/#website"},"primaryImageOfPage":{"@id":"https:\/\/akum.lv\/en\/prece\/parnesajamas-elektroenergijas-stacijas-marstek-m2200-2240wh-portable-power-station-2400w\/#primaryimage"},"image":{"@id":"https:\/\/akum.lv\/en\/prece\/parnesajamas-elektroenergijas-stacijas-marstek-m2200-2240wh-portable-power-station-2400w\/#primaryimage"},"thumbnailUrl":"https:\/\/akum.lv\/wp-content\/uploads\/2025\/10\/marstek-m2200_1.jpg","datePublished":"2025-10-20T12:32:52+00:00","breadcrumb":{"@id":"https:\/\/akum.lv\/en\/prece\/parnesajamas-elektroenergijas-stacijas-marstek-m2200-2240wh-portable-power-station-2400w\/#breadcrumb"},"inLanguage":"en-US","potentialAction":[{"@type":"ReadAction","target":["https:\/\/akum.lv\/en\/prece\/parnesajamas-elektroenergijas-stacijas-marstek-m2200-2240wh-portable-power-station-2400w\/"]}]},{"@type":"ImageObject","inLanguage":"en-US","@id":"https:\/\/akum.lv\/en\/prece\/parnesajamas-elektroenergijas-stacijas-marstek-m2200-2240wh-portable-power-station-2400w\/#primaryimage","url":"https:\/\/akum.lv\/wp-content\/uploads\/2025\/10\/marstek-m2200_1.jpg","contentUrl":"https:\/\/akum.lv\/wp-content\/uploads\/2025\/10\/marstek-m2200_1.jpg","width":400,"height":400},{"@type":"BreadcrumbList","@id":"https:\/\/akum.lv\/en\/prece\/parnesajamas-elektroenergijas-stacijas-marstek-m2200-2240wh-portable-power-station-2400w\/#breadcrumb","itemListElement":[{"@type":"ListItem","position":1,"name":"\u0413\u043b\u0430\u0432\u043d\u0430\u044f \u0441\u0442\u0440\u0430\u043d\u0438\u0446\u0430","item":"https:\/\/akum.lv\/en\/"},{"@type":"ListItem","position":2,"name":"PRECES","item":"https:\/\/akum.lv\/produkti-preces\/"},{"@type":"ListItem","position":3,"name":"P\u0101rn\u0113s\u0101jam\u0101s elektroener\u0123ijas stacijas MARSTEK M2200-2240Wh | Portable Power Station 2400W"}]},{"@type":"WebSite","@id":"https:\/\/akum.lv\/#website","url":"https:\/\/akum.lv\/","name":"www.akum.lv","description":"Akumulatoru p\u0101rdev\u0113js | \u041f\u0440\u043e\u0434\u0430\u0432\u0435\u0446 \u0430\u043a\u043a\u0443\u043c\u0443\u043b\u044f\u0442\u043e\u0440\u043e\u0432 | Battery seller","publisher":{"@id":"https:\/\/akum.lv\/#organization"},"potentialAction":[{"@type":"SearchAction","target":{"@type":"EntryPoint","urlTemplate":"https:\/\/akum.lv\/?s={search_term_string}"},"query-input":{"@type":"PropertyValueSpecification","valueRequired":true,"valueName":"search_term_string"}}],"inLanguage":"en-US"},{"@type":"Organization","@id":"https:\/\/akum.lv\/#organization","name":"HubEnergy","url":"https:\/\/akum.lv\/","logo":{"@type":"ImageObject","inLanguage":"en-US","@id":"https:\/\/akum.lv\/#\/schema\/logo\/image\/","url":"https:\/\/akum.lv\/wp-content\/uploads\/2018\/08\/Logo-hub-energy-2018-seller-dark-blue.png","contentUrl":"https:\/\/akum.lv\/wp-content\/uploads\/2018\/08\/Logo-hub-energy-2018-seller-dark-blue.png","width":381,"height":75,"caption":"HubEnergy"},"image":{"@id":"https:\/\/akum.lv\/#\/schema\/logo\/image\/"}}]}},"brands":[{"id":904,"name":"MARSTEK","slug":"marstek-en"}],"_links":{"self":[{"href":"https:\/\/akum.lv\/en\/wp-json\/wp\/v2\/product\/18039","targetHints":{"allow":["GET"]}}],"collection":[{"href":"https:\/\/akum.lv\/en\/wp-json\/wp\/v2\/product"}],"about":[{"href":"https:\/\/akum.lv\/en\/wp-json\/wp\/v2\/types\/product"}],"wp:featuredmedia":[{"embeddable":true,"href":"https:\/\/akum.lv\/en\/wp-json\/wp\/v2\/media\/18031"}],"wp:attachment":[{"href":"https:\/\/akum.lv\/en\/wp-json\/wp\/v2\/media?parent=18039"}],"wp:term":[{"taxonomy":"pwb-brand","embeddable":true,"href":"https:\/\/akum.lv\/en\/wp-json\/wp\/v2\/pwb-brand?post=18039"},{"taxonomy":"product_brand","embeddable":true,"href":"https:\/\/akum.lv\/en\/wp-json\/wp\/v2\/product_brand?post=18039"},{"taxonomy":"product_cat","embeddable":true,"href":"https:\/\/akum.lv\/en\/wp-json\/wp\/v2\/product_cat?post=18039"},{"taxonomy":"product_tag","embeddable":true,"href":"https:\/\/akum.lv\/en\/wp-json\/wp\/v2\/product_tag?post=18039"}],"curies":[{"name":"wp","href":"https:\/\/api.w.org\/{rel}","templated":true}]}}