{"id":17119,"date":"2025-02-13T21:35:36","date_gmt":"2025-02-13T21:35:36","guid":{"rendered":"https:\/\/akum.lv\/prece\/12-8v-75ah-lifepo4-lj-batteries-ej1275hbt-lithium-battery-960wh-l260-w168-h218\/"},"modified":"2026-04-16T10:57:48","modified_gmt":"2026-04-16T10:57:48","slug":"12-8v-75ah-lifepo4-lj-batteries-ej1275hbt-lithium-battery-960wh-l260-w168-h218","status":"publish","type":"product","link":"https:\/\/akum.lv\/en\/prece\/12-8v-75ah-lifepo4-lj-batteries-ej1275hbt-lithium-battery-960wh-l260-w168-h218\/","title":{"rendered":"12.8V-75Ah LiFePO4 E&#038;J Technology EJ1275HBT | Lithium battery (960Wh) L260 W168 H218"},"content":{"rendered":"","protected":false},"excerpt":{"rendered":"<p>12.8V-75Ah LiFePO4 \/ L&amp;J-Batteries EJ1275HBT \/ Lithium battery (960Wh) L260 W168 H218<\/p>\n<p><img loading=\"lazy\" decoding=\"async\" class=\"alignnone size-full wp-image-11436\" src=\"https:\/\/akum.lv\/wp-content\/uploads\/2021\/12\/pdf-icon.png\" alt=\"\" width=\"50\" height=\"50\" \/> &#8211;<\/p>\n<p><strong>Ir ieb\u016bv\u0113ts\u00a0<span style=\"color: #0000ff;\">Bluetooth<\/span>\u00a0un\u00a0<span style=\"color: #ff0000;\">Self-heating<\/span>\u00a0(Iek\u0161\u0113j\u0101 apkure)!<\/strong><br \/>\n<strong>Kas \u013cauj \u0161o akumulatoru uzl\u0101d\u0113t gandr\u012bz jebkuros apst\u0101k\u013cos!<\/strong><br \/>\n<strong>\u0412\u0441\u0442\u0440\u043e\u0435\u043d\u043d\u044b\u0439\u00a0<span style=\"color: #0000ff;\">Bluetooth<\/span>\u00a0\u0438\u00a0<span style=\"color: #ff0000;\">Self-heating<\/span>\u00a0(\u0432\u043d\u0443\u0442\u0440\u0435\u043d\u043d\u0438\u0439 \u043e\u0431\u043e\u0433\u0440\u0435\u0432)!<\/strong><br \/>\n<strong>\u0427\u0442\u043e \u043f\u043e\u0437\u0432\u043e\u043b\u044f\u0435\u0442 \u0437\u0430\u0440\u044f\u0436\u0430\u0442\u044c \u044d\u0442\u043e\u0442 \u0430\u043a\u043a\u0443\u043c\u0443\u043b\u044f\u0442\u043e\u0440 \u043f\u0440\u0430\u043a\u0442\u0438\u0447\u0435\u0441\u043a\u0438 \u0432 \u043b\u044e\u0431\u044b\u0445 \u0443\u0441\u043b\u043e\u0432\u0438\u044f\u0445!<\/strong><\/p>\n","protected":false},"featured_media":17117,"template":"","meta":[],"pwb-brand":[863],"product_brand":[],"product_cat":[638,487,131,128,126,161,615],"product_tag":[],"class_list":{"0":"post-17119","1":"product","2":"type-product","3":"status-publish","4":"has-post-thumbnail","6":"pwb-brand-ej-technology-lithium-batteries-bms","7":"product_cat-lifepo4-lithium-batteries","8":"product_cat-green-energy","9":"product_cat-akumulatori-udens-transportu-en","10":"product_cat-akumulatori-laivu-elektromotoriem-eholotei","11":"product_cat-akumulatori-laivam-un-jahtam-en","12":"product_cat-akumulatori-elektro-transportam","13":"product_cat-batteries-cleaning-equipment","14":"pif-has-gallery","16":"first","17":"instock","18":"taxable","19":"shipping-taxable","20":"purchasable","21":"product-type-simple"},"yoast_head":"<!-- This site is optimized with the Yoast SEO plugin v26.7 - https:\/\/yoast.com\/wordpress\/plugins\/seo\/ -->\n<title>12.8V-75Ah LiFePO4 E&amp;J Technology EJ1275HBT | Lithium battery (960Wh) L260 W168 H218 - www.akum.lv<\/title>\n<meta name=\"robots\" content=\"index, follow, max-snippet:-1, max-image-preview:large, max-video-preview:-1\" \/>\n<link rel=\"canonical\" href=\"https:\/\/akum.lv\/en\/prece\/12-8v-75ah-lifepo4-lj-batteries-ej1275hbt-lithium-battery-960wh-l260-w168-h218\/\" \/>\n<meta property=\"og:locale\" content=\"en_US\" \/>\n<meta property=\"og:type\" content=\"article\" \/>\n<meta property=\"og:title\" content=\"12.8V-75Ah LiFePO4 E&amp;J Technology EJ1275HBT | Lithium battery (960Wh) L260 W168 H218 - www.akum.lv\" \/>\n<meta property=\"og:description\" content=\"12.8V-75Ah LiFePO4 \/ L&amp;J-Batteries EJ1275HBT \/ Lithium battery (960Wh) L260 W168 H218   -  Ir ieb\u016bv\u0113ts\u00a0Bluetooth\u00a0un\u00a0Self-heating\u00a0(Iek\u0161\u0113j\u0101 apkure)! Kas \u013cauj \u0161o akumulatoru uzl\u0101d\u0113t gandr\u012bz jebkuros apst\u0101k\u013cos! \u0412\u0441\u0442\u0440\u043e\u0435\u043d\u043d\u044b\u0439\u00a0Bluetooth\u00a0\u0438\u00a0Self-heating\u00a0(\u0432\u043d\u0443\u0442\u0440\u0435\u043d\u043d\u0438\u0439 \u043e\u0431\u043e\u0433\u0440\u0435\u0432)! \u0427\u0442\u043e \u043f\u043e\u0437\u0432\u043e\u043b\u044f\u0435\u0442 \u0437\u0430\u0440\u044f\u0436\u0430\u0442\u044c \u044d\u0442\u043e\u0442 \u0430\u043a\u043a\u0443\u043c\u0443\u043b\u044f\u0442\u043e\u0440 \u043f\u0440\u0430\u043a\u0442\u0438\u0447\u0435\u0441\u043a\u0438 \u0432 \u043b\u044e\u0431\u044b\u0445 \u0443\u0441\u043b\u043e\u0432\u0438\u044f\u0445!\" \/>\n<meta property=\"og:url\" content=\"https:\/\/akum.lv\/en\/prece\/12-8v-75ah-lifepo4-lj-batteries-ej1275hbt-lithium-battery-960wh-l260-w168-h218\/\" \/>\n<meta property=\"og:site_name\" content=\"www.akum.lv\" \/>\n<meta property=\"article:modified_time\" content=\"2026-04-16T10:57:48+00:00\" \/>\n<meta property=\"og:image\" content=\"https:\/\/akum.lv\/wp-content\/uploads\/2025\/02\/ej1275hbt.jpg\" \/>\n\t<meta property=\"og:image:width\" content=\"400\" \/>\n\t<meta property=\"og:image:height\" content=\"400\" \/>\n\t<meta property=\"og:image:type\" content=\"image\/jpeg\" \/>\n<meta name=\"twitter:card\" content=\"summary_large_image\" \/>\n<meta name=\"twitter:label1\" content=\"Est. reading time\" \/>\n\t<meta name=\"twitter:data1\" content=\"1 minute\" \/>\n<script type=\"application\/ld+json\" class=\"yoast-schema-graph\">{\"@context\":\"https:\/\/schema.org\",\"@graph\":[{\"@type\":\"WebPage\",\"@id\":\"https:\/\/akum.lv\/en\/prece\/12-8v-75ah-lifepo4-lj-batteries-ej1275hbt-lithium-battery-960wh-l260-w168-h218\/\",\"url\":\"https:\/\/akum.lv\/en\/prece\/12-8v-75ah-lifepo4-lj-batteries-ej1275hbt-lithium-battery-960wh-l260-w168-h218\/\",\"name\":\"12.8V-75Ah LiFePO4 E&J Technology EJ1275HBT | Lithium battery (960Wh) L260 W168 H218 - www.akum.lv\",\"isPartOf\":{\"@id\":\"https:\/\/akum.lv\/#website\"},\"primaryImageOfPage\":{\"@id\":\"https:\/\/akum.lv\/en\/prece\/12-8v-75ah-lifepo4-lj-batteries-ej1275hbt-lithium-battery-960wh-l260-w168-h218\/#primaryimage\"},\"image\":{\"@id\":\"https:\/\/akum.lv\/en\/prece\/12-8v-75ah-lifepo4-lj-batteries-ej1275hbt-lithium-battery-960wh-l260-w168-h218\/#primaryimage\"},\"thumbnailUrl\":\"https:\/\/akum.lv\/wp-content\/uploads\/2025\/02\/ej1275hbt.jpg\",\"datePublished\":\"2025-02-13T21:35:36+00:00\",\"dateModified\":\"2026-04-16T10:57:48+00:00\",\"breadcrumb\":{\"@id\":\"https:\/\/akum.lv\/en\/prece\/12-8v-75ah-lifepo4-lj-batteries-ej1275hbt-lithium-battery-960wh-l260-w168-h218\/#breadcrumb\"},\"inLanguage\":\"en-US\",\"potentialAction\":[{\"@type\":\"ReadAction\",\"target\":[\"https:\/\/akum.lv\/en\/prece\/12-8v-75ah-lifepo4-lj-batteries-ej1275hbt-lithium-battery-960wh-l260-w168-h218\/\"]}]},{\"@type\":\"ImageObject\",\"inLanguage\":\"en-US\",\"@id\":\"https:\/\/akum.lv\/en\/prece\/12-8v-75ah-lifepo4-lj-batteries-ej1275hbt-lithium-battery-960wh-l260-w168-h218\/#primaryimage\",\"url\":\"https:\/\/akum.lv\/wp-content\/uploads\/2025\/02\/ej1275hbt.jpg\",\"contentUrl\":\"https:\/\/akum.lv\/wp-content\/uploads\/2025\/02\/ej1275hbt.jpg\",\"width\":400,\"height\":400},{\"@type\":\"BreadcrumbList\",\"@id\":\"https:\/\/akum.lv\/en\/prece\/12-8v-75ah-lifepo4-lj-batteries-ej1275hbt-lithium-battery-960wh-l260-w168-h218\/#breadcrumb\",\"itemListElement\":[{\"@type\":\"ListItem\",\"position\":1,\"name\":\"\u0413\u043b\u0430\u0432\u043d\u0430\u044f \u0441\u0442\u0440\u0430\u043d\u0438\u0446\u0430\",\"item\":\"https:\/\/akum.lv\/en\/\"},{\"@type\":\"ListItem\",\"position\":2,\"name\":\"PRECES\",\"item\":\"https:\/\/akum.lv\/produkti-preces\/\"},{\"@type\":\"ListItem\",\"position\":3,\"name\":\"12.8V-75Ah LiFePO4 E&#038;J Technology EJ1275HBT | Lithium battery (960Wh) L260 W168 H218\"}]},{\"@type\":\"WebSite\",\"@id\":\"https:\/\/akum.lv\/#website\",\"url\":\"https:\/\/akum.lv\/\",\"name\":\"www.akum.lv\",\"description\":\"Akumulatoru p\u0101rdev\u0113js | \u041f\u0440\u043e\u0434\u0430\u0432\u0435\u0446 \u0430\u043a\u043a\u0443\u043c\u0443\u043b\u044f\u0442\u043e\u0440\u043e\u0432 | Battery seller\",\"publisher\":{\"@id\":\"https:\/\/akum.lv\/#organization\"},\"potentialAction\":[{\"@type\":\"SearchAction\",\"target\":{\"@type\":\"EntryPoint\",\"urlTemplate\":\"https:\/\/akum.lv\/?s={search_term_string}\"},\"query-input\":{\"@type\":\"PropertyValueSpecification\",\"valueRequired\":true,\"valueName\":\"search_term_string\"}}],\"inLanguage\":\"en-US\"},{\"@type\":\"Organization\",\"@id\":\"https:\/\/akum.lv\/#organization\",\"name\":\"HubEnergy\",\"url\":\"https:\/\/akum.lv\/\",\"logo\":{\"@type\":\"ImageObject\",\"inLanguage\":\"en-US\",\"@id\":\"https:\/\/akum.lv\/#\/schema\/logo\/image\/\",\"url\":\"https:\/\/akum.lv\/wp-content\/uploads\/2018\/08\/Logo-hub-energy-2018-seller-dark-blue.png\",\"contentUrl\":\"https:\/\/akum.lv\/wp-content\/uploads\/2018\/08\/Logo-hub-energy-2018-seller-dark-blue.png\",\"width\":381,\"height\":75,\"caption\":\"HubEnergy\"},\"image\":{\"@id\":\"https:\/\/akum.lv\/#\/schema\/logo\/image\/\"}}]}<\/script>\n<!-- \/ Yoast SEO plugin. -->","yoast_head_json":{"title":"12.8V-75Ah LiFePO4 E&J Technology EJ1275HBT | Lithium battery (960Wh) L260 W168 H218 - www.akum.lv","robots":{"index":"index","follow":"follow","max-snippet":"max-snippet:-1","max-image-preview":"max-image-preview:large","max-video-preview":"max-video-preview:-1"},"canonical":"https:\/\/akum.lv\/en\/prece\/12-8v-75ah-lifepo4-lj-batteries-ej1275hbt-lithium-battery-960wh-l260-w168-h218\/","og_locale":"en_US","og_type":"article","og_title":"12.8V-75Ah LiFePO4 E&J Technology EJ1275HBT | Lithium battery (960Wh) L260 W168 H218 - www.akum.lv","og_description":"12.8V-75Ah LiFePO4 \/ L&amp;J-Batteries EJ1275HBT \/ Lithium battery (960Wh) L260 W168 H218   -  Ir ieb\u016bv\u0113ts\u00a0Bluetooth\u00a0un\u00a0Self-heating\u00a0(Iek\u0161\u0113j\u0101 apkure)! Kas \u013cauj \u0161o akumulatoru uzl\u0101d\u0113t gandr\u012bz jebkuros apst\u0101k\u013cos! \u0412\u0441\u0442\u0440\u043e\u0435\u043d\u043d\u044b\u0439\u00a0Bluetooth\u00a0\u0438\u00a0Self-heating\u00a0(\u0432\u043d\u0443\u0442\u0440\u0435\u043d\u043d\u0438\u0439 \u043e\u0431\u043e\u0433\u0440\u0435\u0432)! \u0427\u0442\u043e \u043f\u043e\u0437\u0432\u043e\u043b\u044f\u0435\u0442 \u0437\u0430\u0440\u044f\u0436\u0430\u0442\u044c \u044d\u0442\u043e\u0442 \u0430\u043a\u043a\u0443\u043c\u0443\u043b\u044f\u0442\u043e\u0440 \u043f\u0440\u0430\u043a\u0442\u0438\u0447\u0435\u0441\u043a\u0438 \u0432 \u043b\u044e\u0431\u044b\u0445 \u0443\u0441\u043b\u043e\u0432\u0438\u044f\u0445!","og_url":"https:\/\/akum.lv\/en\/prece\/12-8v-75ah-lifepo4-lj-batteries-ej1275hbt-lithium-battery-960wh-l260-w168-h218\/","og_site_name":"www.akum.lv","article_modified_time":"2026-04-16T10:57:48+00:00","og_image":[{"width":400,"height":400,"url":"https:\/\/akum.lv\/wp-content\/uploads\/2025\/02\/ej1275hbt.jpg","type":"image\/jpeg"}],"twitter_card":"summary_large_image","twitter_misc":{"Est. reading time":"1 minute"},"schema":{"@context":"https:\/\/schema.org","@graph":[{"@type":"WebPage","@id":"https:\/\/akum.lv\/en\/prece\/12-8v-75ah-lifepo4-lj-batteries-ej1275hbt-lithium-battery-960wh-l260-w168-h218\/","url":"https:\/\/akum.lv\/en\/prece\/12-8v-75ah-lifepo4-lj-batteries-ej1275hbt-lithium-battery-960wh-l260-w168-h218\/","name":"12.8V-75Ah LiFePO4 E&J Technology EJ1275HBT | Lithium battery (960Wh) L260 W168 H218 - www.akum.lv","isPartOf":{"@id":"https:\/\/akum.lv\/#website"},"primaryImageOfPage":{"@id":"https:\/\/akum.lv\/en\/prece\/12-8v-75ah-lifepo4-lj-batteries-ej1275hbt-lithium-battery-960wh-l260-w168-h218\/#primaryimage"},"image":{"@id":"https:\/\/akum.lv\/en\/prece\/12-8v-75ah-lifepo4-lj-batteries-ej1275hbt-lithium-battery-960wh-l260-w168-h218\/#primaryimage"},"thumbnailUrl":"https:\/\/akum.lv\/wp-content\/uploads\/2025\/02\/ej1275hbt.jpg","datePublished":"2025-02-13T21:35:36+00:00","dateModified":"2026-04-16T10:57:48+00:00","breadcrumb":{"@id":"https:\/\/akum.lv\/en\/prece\/12-8v-75ah-lifepo4-lj-batteries-ej1275hbt-lithium-battery-960wh-l260-w168-h218\/#breadcrumb"},"inLanguage":"en-US","potentialAction":[{"@type":"ReadAction","target":["https:\/\/akum.lv\/en\/prece\/12-8v-75ah-lifepo4-lj-batteries-ej1275hbt-lithium-battery-960wh-l260-w168-h218\/"]}]},{"@type":"ImageObject","inLanguage":"en-US","@id":"https:\/\/akum.lv\/en\/prece\/12-8v-75ah-lifepo4-lj-batteries-ej1275hbt-lithium-battery-960wh-l260-w168-h218\/#primaryimage","url":"https:\/\/akum.lv\/wp-content\/uploads\/2025\/02\/ej1275hbt.jpg","contentUrl":"https:\/\/akum.lv\/wp-content\/uploads\/2025\/02\/ej1275hbt.jpg","width":400,"height":400},{"@type":"BreadcrumbList","@id":"https:\/\/akum.lv\/en\/prece\/12-8v-75ah-lifepo4-lj-batteries-ej1275hbt-lithium-battery-960wh-l260-w168-h218\/#breadcrumb","itemListElement":[{"@type":"ListItem","position":1,"name":"\u0413\u043b\u0430\u0432\u043d\u0430\u044f \u0441\u0442\u0440\u0430\u043d\u0438\u0446\u0430","item":"https:\/\/akum.lv\/en\/"},{"@type":"ListItem","position":2,"name":"PRECES","item":"https:\/\/akum.lv\/produkti-preces\/"},{"@type":"ListItem","position":3,"name":"12.8V-75Ah LiFePO4 E&#038;J Technology EJ1275HBT | Lithium battery (960Wh) L260 W168 H218"}]},{"@type":"WebSite","@id":"https:\/\/akum.lv\/#website","url":"https:\/\/akum.lv\/","name":"www.akum.lv","description":"Akumulatoru p\u0101rdev\u0113js | \u041f\u0440\u043e\u0434\u0430\u0432\u0435\u0446 \u0430\u043a\u043a\u0443\u043c\u0443\u043b\u044f\u0442\u043e\u0440\u043e\u0432 | Battery seller","publisher":{"@id":"https:\/\/akum.lv\/#organization"},"potentialAction":[{"@type":"SearchAction","target":{"@type":"EntryPoint","urlTemplate":"https:\/\/akum.lv\/?s={search_term_string}"},"query-input":{"@type":"PropertyValueSpecification","valueRequired":true,"valueName":"search_term_string"}}],"inLanguage":"en-US"},{"@type":"Organization","@id":"https:\/\/akum.lv\/#organization","name":"HubEnergy","url":"https:\/\/akum.lv\/","logo":{"@type":"ImageObject","inLanguage":"en-US","@id":"https:\/\/akum.lv\/#\/schema\/logo\/image\/","url":"https:\/\/akum.lv\/wp-content\/uploads\/2018\/08\/Logo-hub-energy-2018-seller-dark-blue.png","contentUrl":"https:\/\/akum.lv\/wp-content\/uploads\/2018\/08\/Logo-hub-energy-2018-seller-dark-blue.png","width":381,"height":75,"caption":"HubEnergy"},"image":{"@id":"https:\/\/akum.lv\/#\/schema\/logo\/image\/"}}]}},"brands":[{"id":863,"name":"E&amp;J Technology","slug":"ej-technology-lithium-batteries-bms"}],"_links":{"self":[{"href":"https:\/\/akum.lv\/en\/wp-json\/wp\/v2\/product\/17119","targetHints":{"allow":["GET"]}}],"collection":[{"href":"https:\/\/akum.lv\/en\/wp-json\/wp\/v2\/product"}],"about":[{"href":"https:\/\/akum.lv\/en\/wp-json\/wp\/v2\/types\/product"}],"wp:featuredmedia":[{"embeddable":true,"href":"https:\/\/akum.lv\/en\/wp-json\/wp\/v2\/media\/17117"}],"wp:attachment":[{"href":"https:\/\/akum.lv\/en\/wp-json\/wp\/v2\/media?parent=17119"}],"wp:term":[{"taxonomy":"pwb-brand","embeddable":true,"href":"https:\/\/akum.lv\/en\/wp-json\/wp\/v2\/pwb-brand?post=17119"},{"taxonomy":"product_brand","embeddable":true,"href":"https:\/\/akum.lv\/en\/wp-json\/wp\/v2\/product_brand?post=17119"},{"taxonomy":"product_cat","embeddable":true,"href":"https:\/\/akum.lv\/en\/wp-json\/wp\/v2\/product_cat?post=17119"},{"taxonomy":"product_tag","embeddable":true,"href":"https:\/\/akum.lv\/en\/wp-json\/wp\/v2\/product_tag?post=17119"}],"curies":[{"name":"wp","href":"https:\/\/api.w.org\/{rel}","templated":true}]}}