{"id":17058,"date":"2025-01-29T12:04:43","date_gmt":"2025-01-29T12:04:43","guid":{"rendered":"https:\/\/akum.lv\/prece\/duracell-cr123-lithium-photo-battery\/"},"modified":"2025-01-29T12:12:40","modified_gmt":"2025-01-29T12:12:40","slug":"duracell-cr123-lithium-photo-battery","status":"publish","type":"product","link":"https:\/\/akum.lv\/en\/prece\/duracell-cr123-lithium-photo-battery\/","title":{"rendered":"Duracell CR123 lithium photo battery"},"content":{"rendered":"","protected":false},"excerpt":{"rendered":"<p>Duracell CR123 lithium photo battery (tray 400 pcs \/ kast\u0113 400 gab) Bulk<\/p>\n<p>Minim\u0101lais pas\u016bt\u012bjums 400 gab. &#8211; Cena 800.00 ar PVN<br \/>\n\u041c\u0438\u043d\u0438\u043c\u0430\u043b\u044c\u043d\u044b\u0439 \u0437\u0430\u043a\u0430\u0437 400 \u0448\u0442. &#8211; \u0426\u0435\u043d\u0430 800,00 \u0441 \u041d\u0414\u0421<br \/>\nMinimum order 400 pcs. &#8211; Price 800.00 VAT included<\/p>\n<p>Pieg\u0101des laiks aptuveni 5-7 darba dienas<br \/>\n\u0412\u0440\u0435\u043c\u044f \u043f\u043e\u0441\u0442\u0430\u0432\u043a\u0438 \u043f\u0440\u0438\u043c\u0435\u0440\u043d\u043e 5-7 \u0440\u0430\u0431\u043e\u0447\u0438\u0445 \u0434\u043d\u0435\u0439<\/p>\n<p>Batteries with a long shelf life.<br \/>\nProduct features Duracell CR123 lithium photo battery &#8211; 400 pieces<br \/>\nModel \/ Manufacturer Code: BFDU237B400<br \/>\nBattery Type Designation: Lithium Battery<br \/>\nGeneral range of special faucets : CR123 \/ CR123A \/ DL123 \/ DL123A<br \/>\nBattery size marking: 123<br \/>\nVoltage [V]: 3,00<br \/>\nDiameter [mm]: 16,8<br \/>\nHeight [mm]: 34,5<br \/>\nContents: carton 400 pcs.<\/p>\n<p>&nbsp;<\/p>\n","protected":false},"featured_media":17050,"template":"","meta":[],"pwb-brand":[238],"product_brand":[],"product_cat":[398,383,143,239],"product_tag":[],"class_list":{"0":"post-17058","1":"product","2":"type-product","3":"status-publish","4":"has-post-thumbnail","6":"pwb-brand-duracell","7":"product_cat-cylindrical-lithium-batteries","8":"product_cat-all-types-of-primary-batteries-and-rechargeable-batteries","9":"product_cat-photo-batteries","10":"product_cat-lithium-batteries-other","11":"pif-has-gallery","13":"first","14":"instock","15":"taxable","16":"shipping-taxable","17":"purchasable","18":"product-type-simple"},"yoast_head":"<!-- This site is optimized with the Yoast SEO plugin v26.7 - https:\/\/yoast.com\/wordpress\/plugins\/seo\/ -->\n<title>Duracell CR123 lithium photo battery - www.akum.lv<\/title>\n<meta name=\"robots\" content=\"index, follow, max-snippet:-1, max-image-preview:large, max-video-preview:-1\" \/>\n<link rel=\"canonical\" href=\"https:\/\/akum.lv\/en\/prece\/duracell-cr123-lithium-photo-battery\/\" \/>\n<meta property=\"og:locale\" content=\"en_US\" \/>\n<meta property=\"og:type\" content=\"article\" \/>\n<meta property=\"og:title\" content=\"Duracell CR123 lithium photo battery - www.akum.lv\" \/>\n<meta property=\"og:description\" content=\"Duracell CR123 lithium photo battery (tray 400 pcs \/ kast\u0113 400 gab) Bulk  Minim\u0101lais pas\u016bt\u012bjums 400 gab. - Cena 800.00 ar PVN \u041c\u0438\u043d\u0438\u043c\u0430\u043b\u044c\u043d\u044b\u0439 \u0437\u0430\u043a\u0430\u0437 400 \u0448\u0442. - \u0426\u0435\u043d\u0430 800,00 \u0441 \u041d\u0414\u0421 Minimum order 400 pcs. - Price 800.00 VAT included  Pieg\u0101des laiks aptuveni 5-7 darba dienas \u0412\u0440\u0435\u043c\u044f \u043f\u043e\u0441\u0442\u0430\u0432\u043a\u0438 \u043f\u0440\u0438\u043c\u0435\u0440\u043d\u043e 5-7 \u0440\u0430\u0431\u043e\u0447\u0438\u0445 \u0434\u043d\u0435\u0439  Batteries with a long shelf life. Product features Duracell CR123 lithium photo battery - 400 pieces Model \/ Manufacturer Code: BFDU237B400 Battery Type Designation: Lithium Battery General range of special faucets : CR123 \/ CR123A \/ DL123 \/ DL123A Battery size marking: 123 Voltage [V]: 3,00 Diameter [mm]: 16,8 Height [mm]: 34,5 Contents: carton 400 pcs.  &nbsp;\" \/>\n<meta property=\"og:url\" content=\"https:\/\/akum.lv\/en\/prece\/duracell-cr123-lithium-photo-battery\/\" \/>\n<meta property=\"og:site_name\" content=\"www.akum.lv\" \/>\n<meta property=\"article:modified_time\" content=\"2025-01-29T12:12:40+00:00\" \/>\n<meta property=\"og:image\" content=\"https:\/\/akum.lv\/wp-content\/uploads\/2025\/01\/duracell-cr123-400.jpg\" \/>\n\t<meta property=\"og:image:width\" content=\"400\" \/>\n\t<meta property=\"og:image:height\" content=\"382\" \/>\n\t<meta property=\"og:image:type\" content=\"image\/jpeg\" \/>\n<meta name=\"twitter:card\" content=\"summary_large_image\" \/>\n<meta name=\"twitter:label1\" content=\"Est. reading time\" \/>\n\t<meta name=\"twitter:data1\" content=\"1 minute\" \/>\n<script type=\"application\/ld+json\" class=\"yoast-schema-graph\">{\"@context\":\"https:\/\/schema.org\",\"@graph\":[{\"@type\":\"WebPage\",\"@id\":\"https:\/\/akum.lv\/en\/prece\/duracell-cr123-lithium-photo-battery\/\",\"url\":\"https:\/\/akum.lv\/en\/prece\/duracell-cr123-lithium-photo-battery\/\",\"name\":\"Duracell CR123 lithium photo battery - www.akum.lv\",\"isPartOf\":{\"@id\":\"https:\/\/akum.lv\/#website\"},\"primaryImageOfPage\":{\"@id\":\"https:\/\/akum.lv\/en\/prece\/duracell-cr123-lithium-photo-battery\/#primaryimage\"},\"image\":{\"@id\":\"https:\/\/akum.lv\/en\/prece\/duracell-cr123-lithium-photo-battery\/#primaryimage\"},\"thumbnailUrl\":\"https:\/\/akum.lv\/wp-content\/uploads\/2025\/01\/duracell-cr123-400.jpg\",\"datePublished\":\"2025-01-29T12:04:43+00:00\",\"dateModified\":\"2025-01-29T12:12:40+00:00\",\"breadcrumb\":{\"@id\":\"https:\/\/akum.lv\/en\/prece\/duracell-cr123-lithium-photo-battery\/#breadcrumb\"},\"inLanguage\":\"en-US\",\"potentialAction\":[{\"@type\":\"ReadAction\",\"target\":[\"https:\/\/akum.lv\/en\/prece\/duracell-cr123-lithium-photo-battery\/\"]}]},{\"@type\":\"ImageObject\",\"inLanguage\":\"en-US\",\"@id\":\"https:\/\/akum.lv\/en\/prece\/duracell-cr123-lithium-photo-battery\/#primaryimage\",\"url\":\"https:\/\/akum.lv\/wp-content\/uploads\/2025\/01\/duracell-cr123-400.jpg\",\"contentUrl\":\"https:\/\/akum.lv\/wp-content\/uploads\/2025\/01\/duracell-cr123-400.jpg\",\"width\":400,\"height\":382},{\"@type\":\"BreadcrumbList\",\"@id\":\"https:\/\/akum.lv\/en\/prece\/duracell-cr123-lithium-photo-battery\/#breadcrumb\",\"itemListElement\":[{\"@type\":\"ListItem\",\"position\":1,\"name\":\"\u0413\u043b\u0430\u0432\u043d\u0430\u044f \u0441\u0442\u0440\u0430\u043d\u0438\u0446\u0430\",\"item\":\"https:\/\/akum.lv\/en\/\"},{\"@type\":\"ListItem\",\"position\":2,\"name\":\"PRECES\",\"item\":\"https:\/\/akum.lv\/produkti-preces\/\"},{\"@type\":\"ListItem\",\"position\":3,\"name\":\"Duracell CR123 lithium photo battery\"}]},{\"@type\":\"WebSite\",\"@id\":\"https:\/\/akum.lv\/#website\",\"url\":\"https:\/\/akum.lv\/\",\"name\":\"www.akum.lv\",\"description\":\"Akumulatoru p\u0101rdev\u0113js | \u041f\u0440\u043e\u0434\u0430\u0432\u0435\u0446 \u0430\u043a\u043a\u0443\u043c\u0443\u043b\u044f\u0442\u043e\u0440\u043e\u0432 | Battery seller\",\"publisher\":{\"@id\":\"https:\/\/akum.lv\/#organization\"},\"potentialAction\":[{\"@type\":\"SearchAction\",\"target\":{\"@type\":\"EntryPoint\",\"urlTemplate\":\"https:\/\/akum.lv\/?s={search_term_string}\"},\"query-input\":{\"@type\":\"PropertyValueSpecification\",\"valueRequired\":true,\"valueName\":\"search_term_string\"}}],\"inLanguage\":\"en-US\"},{\"@type\":\"Organization\",\"@id\":\"https:\/\/akum.lv\/#organization\",\"name\":\"HubEnergy\",\"url\":\"https:\/\/akum.lv\/\",\"logo\":{\"@type\":\"ImageObject\",\"inLanguage\":\"en-US\",\"@id\":\"https:\/\/akum.lv\/#\/schema\/logo\/image\/\",\"url\":\"https:\/\/akum.lv\/wp-content\/uploads\/2018\/08\/Logo-hub-energy-2018-seller-dark-blue.png\",\"contentUrl\":\"https:\/\/akum.lv\/wp-content\/uploads\/2018\/08\/Logo-hub-energy-2018-seller-dark-blue.png\",\"width\":381,\"height\":75,\"caption\":\"HubEnergy\"},\"image\":{\"@id\":\"https:\/\/akum.lv\/#\/schema\/logo\/image\/\"}}]}<\/script>\n<!-- \/ Yoast SEO plugin. -->","yoast_head_json":{"title":"Duracell CR123 lithium photo battery - www.akum.lv","robots":{"index":"index","follow":"follow","max-snippet":"max-snippet:-1","max-image-preview":"max-image-preview:large","max-video-preview":"max-video-preview:-1"},"canonical":"https:\/\/akum.lv\/en\/prece\/duracell-cr123-lithium-photo-battery\/","og_locale":"en_US","og_type":"article","og_title":"Duracell CR123 lithium photo battery - www.akum.lv","og_description":"Duracell CR123 lithium photo battery (tray 400 pcs \/ kast\u0113 400 gab) Bulk  Minim\u0101lais pas\u016bt\u012bjums 400 gab. - Cena 800.00 ar PVN \u041c\u0438\u043d\u0438\u043c\u0430\u043b\u044c\u043d\u044b\u0439 \u0437\u0430\u043a\u0430\u0437 400 \u0448\u0442. - \u0426\u0435\u043d\u0430 800,00 \u0441 \u041d\u0414\u0421 Minimum order 400 pcs. - Price 800.00 VAT included  Pieg\u0101des laiks aptuveni 5-7 darba dienas \u0412\u0440\u0435\u043c\u044f \u043f\u043e\u0441\u0442\u0430\u0432\u043a\u0438 \u043f\u0440\u0438\u043c\u0435\u0440\u043d\u043e 5-7 \u0440\u0430\u0431\u043e\u0447\u0438\u0445 \u0434\u043d\u0435\u0439  Batteries with a long shelf life. Product features Duracell CR123 lithium photo battery - 400 pieces Model \/ Manufacturer Code: BFDU237B400 Battery Type Designation: Lithium Battery General range of special faucets : CR123 \/ CR123A \/ DL123 \/ DL123A Battery size marking: 123 Voltage [V]: 3,00 Diameter [mm]: 16,8 Height [mm]: 34,5 Contents: carton 400 pcs.  &nbsp;","og_url":"https:\/\/akum.lv\/en\/prece\/duracell-cr123-lithium-photo-battery\/","og_site_name":"www.akum.lv","article_modified_time":"2025-01-29T12:12:40+00:00","og_image":[{"width":400,"height":382,"url":"https:\/\/akum.lv\/wp-content\/uploads\/2025\/01\/duracell-cr123-400.jpg","type":"image\/jpeg"}],"twitter_card":"summary_large_image","twitter_misc":{"Est. reading time":"1 minute"},"schema":{"@context":"https:\/\/schema.org","@graph":[{"@type":"WebPage","@id":"https:\/\/akum.lv\/en\/prece\/duracell-cr123-lithium-photo-battery\/","url":"https:\/\/akum.lv\/en\/prece\/duracell-cr123-lithium-photo-battery\/","name":"Duracell CR123 lithium photo battery - www.akum.lv","isPartOf":{"@id":"https:\/\/akum.lv\/#website"},"primaryImageOfPage":{"@id":"https:\/\/akum.lv\/en\/prece\/duracell-cr123-lithium-photo-battery\/#primaryimage"},"image":{"@id":"https:\/\/akum.lv\/en\/prece\/duracell-cr123-lithium-photo-battery\/#primaryimage"},"thumbnailUrl":"https:\/\/akum.lv\/wp-content\/uploads\/2025\/01\/duracell-cr123-400.jpg","datePublished":"2025-01-29T12:04:43+00:00","dateModified":"2025-01-29T12:12:40+00:00","breadcrumb":{"@id":"https:\/\/akum.lv\/en\/prece\/duracell-cr123-lithium-photo-battery\/#breadcrumb"},"inLanguage":"en-US","potentialAction":[{"@type":"ReadAction","target":["https:\/\/akum.lv\/en\/prece\/duracell-cr123-lithium-photo-battery\/"]}]},{"@type":"ImageObject","inLanguage":"en-US","@id":"https:\/\/akum.lv\/en\/prece\/duracell-cr123-lithium-photo-battery\/#primaryimage","url":"https:\/\/akum.lv\/wp-content\/uploads\/2025\/01\/duracell-cr123-400.jpg","contentUrl":"https:\/\/akum.lv\/wp-content\/uploads\/2025\/01\/duracell-cr123-400.jpg","width":400,"height":382},{"@type":"BreadcrumbList","@id":"https:\/\/akum.lv\/en\/prece\/duracell-cr123-lithium-photo-battery\/#breadcrumb","itemListElement":[{"@type":"ListItem","position":1,"name":"\u0413\u043b\u0430\u0432\u043d\u0430\u044f \u0441\u0442\u0440\u0430\u043d\u0438\u0446\u0430","item":"https:\/\/akum.lv\/en\/"},{"@type":"ListItem","position":2,"name":"PRECES","item":"https:\/\/akum.lv\/produkti-preces\/"},{"@type":"ListItem","position":3,"name":"Duracell CR123 lithium photo battery"}]},{"@type":"WebSite","@id":"https:\/\/akum.lv\/#website","url":"https:\/\/akum.lv\/","name":"www.akum.lv","description":"Akumulatoru p\u0101rdev\u0113js | \u041f\u0440\u043e\u0434\u0430\u0432\u0435\u0446 \u0430\u043a\u043a\u0443\u043c\u0443\u043b\u044f\u0442\u043e\u0440\u043e\u0432 | Battery seller","publisher":{"@id":"https:\/\/akum.lv\/#organization"},"potentialAction":[{"@type":"SearchAction","target":{"@type":"EntryPoint","urlTemplate":"https:\/\/akum.lv\/?s={search_term_string}"},"query-input":{"@type":"PropertyValueSpecification","valueRequired":true,"valueName":"search_term_string"}}],"inLanguage":"en-US"},{"@type":"Organization","@id":"https:\/\/akum.lv\/#organization","name":"HubEnergy","url":"https:\/\/akum.lv\/","logo":{"@type":"ImageObject","inLanguage":"en-US","@id":"https:\/\/akum.lv\/#\/schema\/logo\/image\/","url":"https:\/\/akum.lv\/wp-content\/uploads\/2018\/08\/Logo-hub-energy-2018-seller-dark-blue.png","contentUrl":"https:\/\/akum.lv\/wp-content\/uploads\/2018\/08\/Logo-hub-energy-2018-seller-dark-blue.png","width":381,"height":75,"caption":"HubEnergy"},"image":{"@id":"https:\/\/akum.lv\/#\/schema\/logo\/image\/"}}]}},"brands":[{"id":238,"name":"DURACELL","slug":"duracell"}],"_links":{"self":[{"href":"https:\/\/akum.lv\/en\/wp-json\/wp\/v2\/product\/17058","targetHints":{"allow":["GET"]}}],"collection":[{"href":"https:\/\/akum.lv\/en\/wp-json\/wp\/v2\/product"}],"about":[{"href":"https:\/\/akum.lv\/en\/wp-json\/wp\/v2\/types\/product"}],"wp:featuredmedia":[{"embeddable":true,"href":"https:\/\/akum.lv\/en\/wp-json\/wp\/v2\/media\/17050"}],"wp:attachment":[{"href":"https:\/\/akum.lv\/en\/wp-json\/wp\/v2\/media?parent=17058"}],"wp:term":[{"taxonomy":"pwb-brand","embeddable":true,"href":"https:\/\/akum.lv\/en\/wp-json\/wp\/v2\/pwb-brand?post=17058"},{"taxonomy":"product_brand","embeddable":true,"href":"https:\/\/akum.lv\/en\/wp-json\/wp\/v2\/product_brand?post=17058"},{"taxonomy":"product_cat","embeddable":true,"href":"https:\/\/akum.lv\/en\/wp-json\/wp\/v2\/product_cat?post=17058"},{"taxonomy":"product_tag","embeddable":true,"href":"https:\/\/akum.lv\/en\/wp-json\/wp\/v2\/product_tag?post=17058"}],"curies":[{"name":"wp","href":"https:\/\/api.w.org\/{rel}","templated":true}]}}