{"id":16869,"date":"2025-01-17T11:55:30","date_gmt":"2025-01-17T11:55:30","guid":{"rendered":"https:\/\/akum.lv\/prece\/12-8v-10ah-lithium-battery-vision-lfp12-10-lifepo4-128wh-terminal-t2-l151-w65-h94\/"},"modified":"2025-03-14T12:08:00","modified_gmt":"2025-03-14T12:08:00","slug":"12-8v-10ah-lithium-battery-vision-lfp12-10-lifepo4-128wh-terminal-t2-l151-w65-h94","status":"publish","type":"product","link":"https:\/\/akum.lv\/en\/prece\/12-8v-10ah-lithium-battery-vision-lfp12-10-lifepo4-128wh-terminal-t2-l151-w65-h94\/","title":{"rendered":"12.8V-10Ah LiFePO4 Lithium Battery VISION LFP12-10 (128Wh) Terminal-T2 L151 W65 H94"},"content":{"rendered":"","protected":false},"excerpt":{"rendered":"<p>12.8V-10Ah Lithium Battery VISION LFP12-10 LiFePO4 (128Wh) Terminal-T2 L151 W65 H94<\/p>\n<p><img loading=\"lazy\" decoding=\"async\" class=\"alignnone size-full wp-image-11436\" src=\"https:\/\/akum.lv\/wp-content\/uploads\/2021\/12\/pdf-icon.png\" alt=\"\" width=\"50\" height=\"50\" \/> &#8211;<\/p>\n<p>Volt\/Ampere: 12,8V &#8211; 10Ah<br \/>\nCikli: 2500 (pie 100% izl\u0101des)<br \/>\nPole position: 3<br \/>\nTermin\u0101la tips: T2 &#8211; 6,3 mm.<br \/>\nBluetooth: N\u0113<br \/>\nLitija tips: LiFePO4<br \/>\nSvars: 1,5 kg.<br \/>\nMaksim\u0101lais uzl\u0101des spriegums: 14,6V<br \/>\nMaksim\u0101l\u0101 uzl\u0101des str\u0101va: 20A<br \/>\nMaksim\u0101l\u0101 izl\u0101des str\u0101va: 35A 10 sekundes.<br \/>\nMaksim\u0101l\u0101 izl\u0101des str\u0101va: 10A nep\u0101rtraukti<br \/>\nAizsardz\u012bba: izsl\u0113dzas, ja ener\u0123ijas pat\u0113ri\u0146\u0161 p\u0101rsniedz 240 W.<br \/>\nS\u0101kotn\u0113jais efekts: n\u0113<br \/>\nTemps. slodze: 0 -60 gr\u0101di<br \/>\nTemps. izl\u0101de: -30 -60 gr\u0101di<br \/>\nSeri\u0101lais savienojums: N\u0113<br \/>\nParal\u0113lais savienojums: N\u0113<br \/>\nIzm\u0113rs (LxWxH): 151x65x94<\/p>\n<p>\u0412\u043e\u043b\u044c\u0442\/\u0410\u043c\u043f\u0435\u0440: 12,8\u0412 &#8211; 10\u0410\u0447<br \/>\n\u0426\u0438\u043a\u043b\u044b: 2500 (\u043f\u0440\u0438 100% \u0440\u0430\u0437\u0440\u044f\u0434\u0435)<br \/>\n\u041f\u043e\u0443\u043b-\u043f\u043e\u0437\u0438\u0446\u0438\u044f: 3<br \/>\n\u0422\u0438\u043f \u0442\u0435\u0440\u043c\u0438\u043d\u0430\u043b\u0430: \u04222 &#8211; 6,3 \u043c\u043c.<br \/>\nBluetooth: \u041d\u0435\u0442<br \/>\n\u0422\u0438\u043f \u043b\u0438\u0442\u0438\u044f: LiFePO4<br \/>\n\u0412\u0435\u0441: 1,5 \u043a\u0433.<br \/>\n\u041c\u0430\u043a\u0441\u0438\u043c\u0430\u043b\u044c\u043d\u043e\u0435 \u043d\u0430\u043f\u0440\u044f\u0436\u0435\u043d\u0438\u0435 \u0437\u0430\u0440\u044f\u0434\u0430: 14,6\u0412<br \/>\n\u041c\u0430\u043a\u0441\u0438\u043c\u0430\u043b\u044c\u043d\u044b\u0439 \u0437\u0430\u0440\u044f\u0434\u043d\u044b\u0439 \u0442\u043e\u043a: 20\u0410<br \/>\n\u041c\u0430\u043a\u0441\u0438\u043c\u0430\u043b\u044c\u043d\u044b\u0439 \u0442\u043e\u043a \u0440\u0430\u0437\u0440\u044f\u0434\u0430: 35\u0410 \u0432 \u0442\u0435\u0447\u0435\u043d\u0438\u0435 10 \u0441\u0435\u043a\u0443\u043d\u0434.<br \/>\n\u041c\u0430\u043a\u0441\u0438\u043c\u0430\u043b\u044c\u043d\u044b\u0439 \u0442\u043e\u043a \u0440\u0430\u0437\u0440\u044f\u0434\u0430: 10\u0410 \u043d\u0435\u043f\u0440\u0435\u0440\u044b\u0432\u043d\u043e<br \/>\n\u0417\u0430\u0449\u0438\u0442\u0430: \u043e\u0442\u043a\u043b\u044e\u0447\u0430\u0435\u0442\u0441\u044f, \u043a\u043e\u0433\u0434\u0430 \u043f\u043e\u0442\u0440\u0435\u0431\u043b\u044f\u0435\u043c\u0430\u044f \u043c\u043e\u0449\u043d\u043e\u0441\u0442\u044c \u043f\u0440\u0435\u0432\u044b\u0448\u0430\u0435\u0442 240 \u0412\u0442.<br \/>\n\u041d\u0430\u0447\u0430\u043b\u044c\u043d\u044b\u0439 \u044d\u0444\u0444\u0435\u043a\u0442: \u043d\u0435\u0442<br \/>\n\u0422\u0435\u043c\u043f. \u043d\u0430\u0433\u0440\u0443\u0437\u043a\u0430: 0 -60 \u0433\u0440\u0430\u0434\u0443\u0441\u043e\u0432<br \/>\n\u0422\u0435\u043c\u043f. \u0440\u0430\u0437\u0440\u044f\u0434: -30 -60 \u0433\u0440\u0430\u0434\u0443\u0441\u043e\u0432<br \/>\n\u041f\u043e\u0441\u043b\u0435\u0434\u043e\u0432\u0430\u0442\u0435\u043b\u044c\u043d\u043e\u0435 \u043f\u043e\u0434\u043a\u043b\u044e\u0447\u0435\u043d\u0438\u0435: \u041d\u0435\u0442<br \/>\n\u041f\u0430\u0440\u0430\u043b\u043b\u0435\u043b\u044c\u043d\u043e\u0435 \u0441\u043e\u0435\u0434\u0438\u043d\u0435\u043d\u0438\u0435: \u041d\u0435\u0442<br \/>\n\u0420\u0430\u0437\u043c\u0435\u0440 (\u0414x\u0428x\u0412): 151x65x94<\/p>\n<p>Volt\/Amp: 12.8V &#8211; 10Ah<br \/>\nCycles: 2500 (at 100% discharge)<br \/>\nPole position: 3<br \/>\nTerminal type: T2 &#8211; 6.3 mm.<br \/>\nBluetooth: No<br \/>\nLithium type: LiFePO4<br \/>\nWeight: 1.5 kg.<br \/>\nMaximum charging voltage: 14.6V<br \/>\nMaximum charging current: 20A<br \/>\nMaximum discharge current: 35A for 10 seconds.<br \/>\nMaximum discharge current: 10A continuously<br \/>\nProtection: turns off when the power consumption exceeds 240W.<br \/>\nInitial effect: no<br \/>\nTemp. load: 0 -60 degrees<br \/>\nTemp. discharge: -30 -60 degrees<br \/>\nSeries connection: No<br \/>\nParallel connection: No<br \/>\nSize (LxWxH): 151x65x94<\/p>\n<p>&nbsp;<\/p>\n<p>&nbsp;<\/p>\n","protected":false},"featured_media":16867,"template":"","meta":[],"pwb-brand":[860],"product_brand":[],"product_cat":[638,131],"product_tag":[],"class_list":{"0":"post-16869","1":"product","2":"type-product","3":"status-publish","4":"has-post-thumbnail","6":"pwb-brand-vision-en","7":"product_cat-lifepo4-lithium-batteries","8":"product_cat-akumulatori-udens-transportu-en","10":"first","11":"instock","12":"taxable","13":"shipping-taxable","14":"purchasable","15":"product-type-simple"},"yoast_head":"<!-- This site is optimized with the Yoast SEO plugin v26.7 - https:\/\/yoast.com\/wordpress\/plugins\/seo\/ -->\n<title>12.8V-10Ah LiFePO4 Lithium Battery VISION LFP12-10 (128Wh) Terminal-T2 L151 W65 H94 - www.akum.lv<\/title>\n<meta name=\"robots\" content=\"index, follow, max-snippet:-1, max-image-preview:large, max-video-preview:-1\" \/>\n<link rel=\"canonical\" href=\"https:\/\/akum.lv\/en\/prece\/12-8v-10ah-lithium-battery-vision-lfp12-10-lifepo4-128wh-terminal-t2-l151-w65-h94\/\" \/>\n<meta property=\"og:locale\" content=\"en_US\" \/>\n<meta property=\"og:type\" content=\"article\" \/>\n<meta property=\"og:title\" content=\"12.8V-10Ah LiFePO4 Lithium Battery VISION LFP12-10 (128Wh) Terminal-T2 L151 W65 H94 - www.akum.lv\" \/>\n<meta property=\"og:description\" content=\"12.8V-10Ah Lithium Battery VISION LFP12-10 LiFePO4 (128Wh) Terminal-T2 L151 W65 H94   -  Volt\/Ampere: 12,8V - 10Ah Cikli: 2500 (pie 100% izl\u0101des) Pole position: 3 Termin\u0101la tips: T2 - 6,3 mm. Bluetooth: N\u0113 Litija tips: LiFePO4 Svars: 1,5 kg. Maksim\u0101lais uzl\u0101des spriegums: 14,6V Maksim\u0101l\u0101 uzl\u0101des str\u0101va: 20A Maksim\u0101l\u0101 izl\u0101des str\u0101va: 35A 10 sekundes. Maksim\u0101l\u0101 izl\u0101des str\u0101va: 10A nep\u0101rtraukti Aizsardz\u012bba: izsl\u0113dzas, ja ener\u0123ijas pat\u0113ri\u0146\u0161 p\u0101rsniedz 240 W. S\u0101kotn\u0113jais efekts: n\u0113 Temps. slodze: 0 -60 gr\u0101di Temps. izl\u0101de: -30 -60 gr\u0101di Seri\u0101lais savienojums: N\u0113 Paral\u0113lais savienojums: N\u0113 Izm\u0113rs (LxWxH): 151x65x94  \u0412\u043e\u043b\u044c\u0442\/\u0410\u043c\u043f\u0435\u0440: 12,8\u0412 - 10\u0410\u0447 \u0426\u0438\u043a\u043b\u044b: 2500 (\u043f\u0440\u0438 100% \u0440\u0430\u0437\u0440\u044f\u0434\u0435) \u041f\u043e\u0443\u043b-\u043f\u043e\u0437\u0438\u0446\u0438\u044f: 3 \u0422\u0438\u043f \u0442\u0435\u0440\u043c\u0438\u043d\u0430\u043b\u0430: \u04222 - 6,3 \u043c\u043c. Bluetooth: \u041d\u0435\u0442 \u0422\u0438\u043f \u043b\u0438\u0442\u0438\u044f: LiFePO4 \u0412\u0435\u0441: 1,5 \u043a\u0433. \u041c\u0430\u043a\u0441\u0438\u043c\u0430\u043b\u044c\u043d\u043e\u0435 \u043d\u0430\u043f\u0440\u044f\u0436\u0435\u043d\u0438\u0435 \u0437\u0430\u0440\u044f\u0434\u0430: 14,6\u0412 \u041c\u0430\u043a\u0441\u0438\u043c\u0430\u043b\u044c\u043d\u044b\u0439 \u0437\u0430\u0440\u044f\u0434\u043d\u044b\u0439 \u0442\u043e\u043a: 20\u0410 \u041c\u0430\u043a\u0441\u0438\u043c\u0430\u043b\u044c\u043d\u044b\u0439 \u0442\u043e\u043a \u0440\u0430\u0437\u0440\u044f\u0434\u0430: 35\u0410 \u0432 \u0442\u0435\u0447\u0435\u043d\u0438\u0435 10 \u0441\u0435\u043a\u0443\u043d\u0434. \u041c\u0430\u043a\u0441\u0438\u043c\u0430\u043b\u044c\u043d\u044b\u0439 \u0442\u043e\u043a \u0440\u0430\u0437\u0440\u044f\u0434\u0430: 10\u0410 \u043d\u0435\u043f\u0440\u0435\u0440\u044b\u0432\u043d\u043e \u0417\u0430\u0449\u0438\u0442\u0430: \u043e\u0442\u043a\u043b\u044e\u0447\u0430\u0435\u0442\u0441\u044f, \u043a\u043e\u0433\u0434\u0430 \u043f\u043e\u0442\u0440\u0435\u0431\u043b\u044f\u0435\u043c\u0430\u044f \u043c\u043e\u0449\u043d\u043e\u0441\u0442\u044c \u043f\u0440\u0435\u0432\u044b\u0448\u0430\u0435\u0442 240 \u0412\u0442. \u041d\u0430\u0447\u0430\u043b\u044c\u043d\u044b\u0439 \u044d\u0444\u0444\u0435\u043a\u0442: \u043d\u0435\u0442 \u0422\u0435\u043c\u043f. \u043d\u0430\u0433\u0440\u0443\u0437\u043a\u0430: 0 -60 \u0433\u0440\u0430\u0434\u0443\u0441\u043e\u0432 \u0422\u0435\u043c\u043f. \u0440\u0430\u0437\u0440\u044f\u0434: -30 -60 \u0433\u0440\u0430\u0434\u0443\u0441\u043e\u0432 \u041f\u043e\u0441\u043b\u0435\u0434\u043e\u0432\u0430\u0442\u0435\u043b\u044c\u043d\u043e\u0435 \u043f\u043e\u0434\u043a\u043b\u044e\u0447\u0435\u043d\u0438\u0435: \u041d\u0435\u0442 \u041f\u0430\u0440\u0430\u043b\u043b\u0435\u043b\u044c\u043d\u043e\u0435 \u0441\u043e\u0435\u0434\u0438\u043d\u0435\u043d\u0438\u0435: \u041d\u0435\u0442 \u0420\u0430\u0437\u043c\u0435\u0440 (\u0414x\u0428x\u0412): 151x65x94  Volt\/Amp: 12.8V - 10Ah Cycles: 2500 (at 100% discharge) Pole position: 3 Terminal type: T2 - 6.3 mm. Bluetooth: No Lithium type: LiFePO4 Weight: 1.5 kg. Maximum charging voltage: 14.6V Maximum charging current: 20A Maximum discharge current: 35A for 10 seconds. Maximum discharge current: 10A continuously Protection: turns off when the power consumption exceeds 240W. Initial effect: no Temp. load: 0 -60 degrees Temp. discharge: -30 -60 degrees Series connection: No Parallel connection: No Size (LxWxH): 151x65x94  &nbsp;  &nbsp;\" \/>\n<meta property=\"og:url\" content=\"https:\/\/akum.lv\/en\/prece\/12-8v-10ah-lithium-battery-vision-lfp12-10-lifepo4-128wh-terminal-t2-l151-w65-h94\/\" \/>\n<meta property=\"og:site_name\" content=\"www.akum.lv\" \/>\n<meta property=\"article:modified_time\" content=\"2025-03-14T12:08:00+00:00\" \/>\n<meta property=\"og:image\" content=\"https:\/\/akum.lv\/wp-content\/uploads\/2025\/01\/lfp12-10.jpg\" \/>\n\t<meta property=\"og:image:width\" content=\"400\" \/>\n\t<meta property=\"og:image:height\" content=\"400\" \/>\n\t<meta property=\"og:image:type\" content=\"image\/jpeg\" \/>\n<meta name=\"twitter:card\" content=\"summary_large_image\" \/>\n<meta name=\"twitter:label1\" content=\"Est. reading time\" \/>\n\t<meta name=\"twitter:data1\" content=\"1 minute\" \/>\n<script type=\"application\/ld+json\" class=\"yoast-schema-graph\">{\"@context\":\"https:\/\/schema.org\",\"@graph\":[{\"@type\":\"WebPage\",\"@id\":\"https:\/\/akum.lv\/en\/prece\/12-8v-10ah-lithium-battery-vision-lfp12-10-lifepo4-128wh-terminal-t2-l151-w65-h94\/\",\"url\":\"https:\/\/akum.lv\/en\/prece\/12-8v-10ah-lithium-battery-vision-lfp12-10-lifepo4-128wh-terminal-t2-l151-w65-h94\/\",\"name\":\"12.8V-10Ah LiFePO4 Lithium Battery VISION LFP12-10 (128Wh) Terminal-T2 L151 W65 H94 - www.akum.lv\",\"isPartOf\":{\"@id\":\"https:\/\/akum.lv\/#website\"},\"primaryImageOfPage\":{\"@id\":\"https:\/\/akum.lv\/en\/prece\/12-8v-10ah-lithium-battery-vision-lfp12-10-lifepo4-128wh-terminal-t2-l151-w65-h94\/#primaryimage\"},\"image\":{\"@id\":\"https:\/\/akum.lv\/en\/prece\/12-8v-10ah-lithium-battery-vision-lfp12-10-lifepo4-128wh-terminal-t2-l151-w65-h94\/#primaryimage\"},\"thumbnailUrl\":\"https:\/\/akum.lv\/wp-content\/uploads\/2025\/01\/lfp12-10.jpg\",\"datePublished\":\"2025-01-17T11:55:30+00:00\",\"dateModified\":\"2025-03-14T12:08:00+00:00\",\"breadcrumb\":{\"@id\":\"https:\/\/akum.lv\/en\/prece\/12-8v-10ah-lithium-battery-vision-lfp12-10-lifepo4-128wh-terminal-t2-l151-w65-h94\/#breadcrumb\"},\"inLanguage\":\"en-US\",\"potentialAction\":[{\"@type\":\"ReadAction\",\"target\":[\"https:\/\/akum.lv\/en\/prece\/12-8v-10ah-lithium-battery-vision-lfp12-10-lifepo4-128wh-terminal-t2-l151-w65-h94\/\"]}]},{\"@type\":\"ImageObject\",\"inLanguage\":\"en-US\",\"@id\":\"https:\/\/akum.lv\/en\/prece\/12-8v-10ah-lithium-battery-vision-lfp12-10-lifepo4-128wh-terminal-t2-l151-w65-h94\/#primaryimage\",\"url\":\"https:\/\/akum.lv\/wp-content\/uploads\/2025\/01\/lfp12-10.jpg\",\"contentUrl\":\"https:\/\/akum.lv\/wp-content\/uploads\/2025\/01\/lfp12-10.jpg\",\"width\":400,\"height\":400},{\"@type\":\"BreadcrumbList\",\"@id\":\"https:\/\/akum.lv\/en\/prece\/12-8v-10ah-lithium-battery-vision-lfp12-10-lifepo4-128wh-terminal-t2-l151-w65-h94\/#breadcrumb\",\"itemListElement\":[{\"@type\":\"ListItem\",\"position\":1,\"name\":\"\u0413\u043b\u0430\u0432\u043d\u0430\u044f \u0441\u0442\u0440\u0430\u043d\u0438\u0446\u0430\",\"item\":\"https:\/\/akum.lv\/en\/\"},{\"@type\":\"ListItem\",\"position\":2,\"name\":\"PRECES\",\"item\":\"https:\/\/akum.lv\/produkti-preces\/\"},{\"@type\":\"ListItem\",\"position\":3,\"name\":\"12.8V-10Ah LiFePO4 Lithium Battery VISION LFP12-10 (128Wh) Terminal-T2 L151 W65 H94\"}]},{\"@type\":\"WebSite\",\"@id\":\"https:\/\/akum.lv\/#website\",\"url\":\"https:\/\/akum.lv\/\",\"name\":\"www.akum.lv\",\"description\":\"Akumulatoru p\u0101rdev\u0113js | \u041f\u0440\u043e\u0434\u0430\u0432\u0435\u0446 \u0430\u043a\u043a\u0443\u043c\u0443\u043b\u044f\u0442\u043e\u0440\u043e\u0432 | Battery seller\",\"publisher\":{\"@id\":\"https:\/\/akum.lv\/#organization\"},\"potentialAction\":[{\"@type\":\"SearchAction\",\"target\":{\"@type\":\"EntryPoint\",\"urlTemplate\":\"https:\/\/akum.lv\/?s={search_term_string}\"},\"query-input\":{\"@type\":\"PropertyValueSpecification\",\"valueRequired\":true,\"valueName\":\"search_term_string\"}}],\"inLanguage\":\"en-US\"},{\"@type\":\"Organization\",\"@id\":\"https:\/\/akum.lv\/#organization\",\"name\":\"HubEnergy\",\"url\":\"https:\/\/akum.lv\/\",\"logo\":{\"@type\":\"ImageObject\",\"inLanguage\":\"en-US\",\"@id\":\"https:\/\/akum.lv\/#\/schema\/logo\/image\/\",\"url\":\"https:\/\/akum.lv\/wp-content\/uploads\/2018\/08\/Logo-hub-energy-2018-seller-dark-blue.png\",\"contentUrl\":\"https:\/\/akum.lv\/wp-content\/uploads\/2018\/08\/Logo-hub-energy-2018-seller-dark-blue.png\",\"width\":381,\"height\":75,\"caption\":\"HubEnergy\"},\"image\":{\"@id\":\"https:\/\/akum.lv\/#\/schema\/logo\/image\/\"}}]}<\/script>\n<!-- \/ Yoast SEO plugin. -->","yoast_head_json":{"title":"12.8V-10Ah LiFePO4 Lithium Battery VISION LFP12-10 (128Wh) Terminal-T2 L151 W65 H94 - www.akum.lv","robots":{"index":"index","follow":"follow","max-snippet":"max-snippet:-1","max-image-preview":"max-image-preview:large","max-video-preview":"max-video-preview:-1"},"canonical":"https:\/\/akum.lv\/en\/prece\/12-8v-10ah-lithium-battery-vision-lfp12-10-lifepo4-128wh-terminal-t2-l151-w65-h94\/","og_locale":"en_US","og_type":"article","og_title":"12.8V-10Ah LiFePO4 Lithium Battery VISION LFP12-10 (128Wh) Terminal-T2 L151 W65 H94 - www.akum.lv","og_description":"12.8V-10Ah Lithium Battery VISION LFP12-10 LiFePO4 (128Wh) Terminal-T2 L151 W65 H94   -  Volt\/Ampere: 12,8V - 10Ah Cikli: 2500 (pie 100% izl\u0101des) Pole position: 3 Termin\u0101la tips: T2 - 6,3 mm. Bluetooth: N\u0113 Litija tips: LiFePO4 Svars: 1,5 kg. Maksim\u0101lais uzl\u0101des spriegums: 14,6V Maksim\u0101l\u0101 uzl\u0101des str\u0101va: 20A Maksim\u0101l\u0101 izl\u0101des str\u0101va: 35A 10 sekundes. Maksim\u0101l\u0101 izl\u0101des str\u0101va: 10A nep\u0101rtraukti Aizsardz\u012bba: izsl\u0113dzas, ja ener\u0123ijas pat\u0113ri\u0146\u0161 p\u0101rsniedz 240 W. S\u0101kotn\u0113jais efekts: n\u0113 Temps. slodze: 0 -60 gr\u0101di Temps. izl\u0101de: -30 -60 gr\u0101di Seri\u0101lais savienojums: N\u0113 Paral\u0113lais savienojums: N\u0113 Izm\u0113rs (LxWxH): 151x65x94  \u0412\u043e\u043b\u044c\u0442\/\u0410\u043c\u043f\u0435\u0440: 12,8\u0412 - 10\u0410\u0447 \u0426\u0438\u043a\u043b\u044b: 2500 (\u043f\u0440\u0438 100% \u0440\u0430\u0437\u0440\u044f\u0434\u0435) \u041f\u043e\u0443\u043b-\u043f\u043e\u0437\u0438\u0446\u0438\u044f: 3 \u0422\u0438\u043f \u0442\u0435\u0440\u043c\u0438\u043d\u0430\u043b\u0430: \u04222 - 6,3 \u043c\u043c. Bluetooth: \u041d\u0435\u0442 \u0422\u0438\u043f \u043b\u0438\u0442\u0438\u044f: LiFePO4 \u0412\u0435\u0441: 1,5 \u043a\u0433. \u041c\u0430\u043a\u0441\u0438\u043c\u0430\u043b\u044c\u043d\u043e\u0435 \u043d\u0430\u043f\u0440\u044f\u0436\u0435\u043d\u0438\u0435 \u0437\u0430\u0440\u044f\u0434\u0430: 14,6\u0412 \u041c\u0430\u043a\u0441\u0438\u043c\u0430\u043b\u044c\u043d\u044b\u0439 \u0437\u0430\u0440\u044f\u0434\u043d\u044b\u0439 \u0442\u043e\u043a: 20\u0410 \u041c\u0430\u043a\u0441\u0438\u043c\u0430\u043b\u044c\u043d\u044b\u0439 \u0442\u043e\u043a \u0440\u0430\u0437\u0440\u044f\u0434\u0430: 35\u0410 \u0432 \u0442\u0435\u0447\u0435\u043d\u0438\u0435 10 \u0441\u0435\u043a\u0443\u043d\u0434. \u041c\u0430\u043a\u0441\u0438\u043c\u0430\u043b\u044c\u043d\u044b\u0439 \u0442\u043e\u043a \u0440\u0430\u0437\u0440\u044f\u0434\u0430: 10\u0410 \u043d\u0435\u043f\u0440\u0435\u0440\u044b\u0432\u043d\u043e \u0417\u0430\u0449\u0438\u0442\u0430: \u043e\u0442\u043a\u043b\u044e\u0447\u0430\u0435\u0442\u0441\u044f, \u043a\u043e\u0433\u0434\u0430 \u043f\u043e\u0442\u0440\u0435\u0431\u043b\u044f\u0435\u043c\u0430\u044f \u043c\u043e\u0449\u043d\u043e\u0441\u0442\u044c \u043f\u0440\u0435\u0432\u044b\u0448\u0430\u0435\u0442 240 \u0412\u0442. \u041d\u0430\u0447\u0430\u043b\u044c\u043d\u044b\u0439 \u044d\u0444\u0444\u0435\u043a\u0442: \u043d\u0435\u0442 \u0422\u0435\u043c\u043f. \u043d\u0430\u0433\u0440\u0443\u0437\u043a\u0430: 0 -60 \u0433\u0440\u0430\u0434\u0443\u0441\u043e\u0432 \u0422\u0435\u043c\u043f. \u0440\u0430\u0437\u0440\u044f\u0434: -30 -60 \u0433\u0440\u0430\u0434\u0443\u0441\u043e\u0432 \u041f\u043e\u0441\u043b\u0435\u0434\u043e\u0432\u0430\u0442\u0435\u043b\u044c\u043d\u043e\u0435 \u043f\u043e\u0434\u043a\u043b\u044e\u0447\u0435\u043d\u0438\u0435: \u041d\u0435\u0442 \u041f\u0430\u0440\u0430\u043b\u043b\u0435\u043b\u044c\u043d\u043e\u0435 \u0441\u043e\u0435\u0434\u0438\u043d\u0435\u043d\u0438\u0435: \u041d\u0435\u0442 \u0420\u0430\u0437\u043c\u0435\u0440 (\u0414x\u0428x\u0412): 151x65x94  Volt\/Amp: 12.8V - 10Ah Cycles: 2500 (at 100% discharge) Pole position: 3 Terminal type: T2 - 6.3 mm. Bluetooth: No Lithium type: LiFePO4 Weight: 1.5 kg. Maximum charging voltage: 14.6V Maximum charging current: 20A Maximum discharge current: 35A for 10 seconds. Maximum discharge current: 10A continuously Protection: turns off when the power consumption exceeds 240W. Initial effect: no Temp. load: 0 -60 degrees Temp. discharge: -30 -60 degrees Series connection: No Parallel connection: No Size (LxWxH): 151x65x94  &nbsp;  &nbsp;","og_url":"https:\/\/akum.lv\/en\/prece\/12-8v-10ah-lithium-battery-vision-lfp12-10-lifepo4-128wh-terminal-t2-l151-w65-h94\/","og_site_name":"www.akum.lv","article_modified_time":"2025-03-14T12:08:00+00:00","og_image":[{"width":400,"height":400,"url":"https:\/\/akum.lv\/wp-content\/uploads\/2025\/01\/lfp12-10.jpg","type":"image\/jpeg"}],"twitter_card":"summary_large_image","twitter_misc":{"Est. reading time":"1 minute"},"schema":{"@context":"https:\/\/schema.org","@graph":[{"@type":"WebPage","@id":"https:\/\/akum.lv\/en\/prece\/12-8v-10ah-lithium-battery-vision-lfp12-10-lifepo4-128wh-terminal-t2-l151-w65-h94\/","url":"https:\/\/akum.lv\/en\/prece\/12-8v-10ah-lithium-battery-vision-lfp12-10-lifepo4-128wh-terminal-t2-l151-w65-h94\/","name":"12.8V-10Ah LiFePO4 Lithium Battery VISION LFP12-10 (128Wh) Terminal-T2 L151 W65 H94 - www.akum.lv","isPartOf":{"@id":"https:\/\/akum.lv\/#website"},"primaryImageOfPage":{"@id":"https:\/\/akum.lv\/en\/prece\/12-8v-10ah-lithium-battery-vision-lfp12-10-lifepo4-128wh-terminal-t2-l151-w65-h94\/#primaryimage"},"image":{"@id":"https:\/\/akum.lv\/en\/prece\/12-8v-10ah-lithium-battery-vision-lfp12-10-lifepo4-128wh-terminal-t2-l151-w65-h94\/#primaryimage"},"thumbnailUrl":"https:\/\/akum.lv\/wp-content\/uploads\/2025\/01\/lfp12-10.jpg","datePublished":"2025-01-17T11:55:30+00:00","dateModified":"2025-03-14T12:08:00+00:00","breadcrumb":{"@id":"https:\/\/akum.lv\/en\/prece\/12-8v-10ah-lithium-battery-vision-lfp12-10-lifepo4-128wh-terminal-t2-l151-w65-h94\/#breadcrumb"},"inLanguage":"en-US","potentialAction":[{"@type":"ReadAction","target":["https:\/\/akum.lv\/en\/prece\/12-8v-10ah-lithium-battery-vision-lfp12-10-lifepo4-128wh-terminal-t2-l151-w65-h94\/"]}]},{"@type":"ImageObject","inLanguage":"en-US","@id":"https:\/\/akum.lv\/en\/prece\/12-8v-10ah-lithium-battery-vision-lfp12-10-lifepo4-128wh-terminal-t2-l151-w65-h94\/#primaryimage","url":"https:\/\/akum.lv\/wp-content\/uploads\/2025\/01\/lfp12-10.jpg","contentUrl":"https:\/\/akum.lv\/wp-content\/uploads\/2025\/01\/lfp12-10.jpg","width":400,"height":400},{"@type":"BreadcrumbList","@id":"https:\/\/akum.lv\/en\/prece\/12-8v-10ah-lithium-battery-vision-lfp12-10-lifepo4-128wh-terminal-t2-l151-w65-h94\/#breadcrumb","itemListElement":[{"@type":"ListItem","position":1,"name":"\u0413\u043b\u0430\u0432\u043d\u0430\u044f \u0441\u0442\u0440\u0430\u043d\u0438\u0446\u0430","item":"https:\/\/akum.lv\/en\/"},{"@type":"ListItem","position":2,"name":"PRECES","item":"https:\/\/akum.lv\/produkti-preces\/"},{"@type":"ListItem","position":3,"name":"12.8V-10Ah LiFePO4 Lithium Battery VISION LFP12-10 (128Wh) Terminal-T2 L151 W65 H94"}]},{"@type":"WebSite","@id":"https:\/\/akum.lv\/#website","url":"https:\/\/akum.lv\/","name":"www.akum.lv","description":"Akumulatoru p\u0101rdev\u0113js | \u041f\u0440\u043e\u0434\u0430\u0432\u0435\u0446 \u0430\u043a\u043a\u0443\u043c\u0443\u043b\u044f\u0442\u043e\u0440\u043e\u0432 | Battery seller","publisher":{"@id":"https:\/\/akum.lv\/#organization"},"potentialAction":[{"@type":"SearchAction","target":{"@type":"EntryPoint","urlTemplate":"https:\/\/akum.lv\/?s={search_term_string}"},"query-input":{"@type":"PropertyValueSpecification","valueRequired":true,"valueName":"search_term_string"}}],"inLanguage":"en-US"},{"@type":"Organization","@id":"https:\/\/akum.lv\/#organization","name":"HubEnergy","url":"https:\/\/akum.lv\/","logo":{"@type":"ImageObject","inLanguage":"en-US","@id":"https:\/\/akum.lv\/#\/schema\/logo\/image\/","url":"https:\/\/akum.lv\/wp-content\/uploads\/2018\/08\/Logo-hub-energy-2018-seller-dark-blue.png","contentUrl":"https:\/\/akum.lv\/wp-content\/uploads\/2018\/08\/Logo-hub-energy-2018-seller-dark-blue.png","width":381,"height":75,"caption":"HubEnergy"},"image":{"@id":"https:\/\/akum.lv\/#\/schema\/logo\/image\/"}}]}},"brands":[{"id":860,"name":"VISION","slug":"vision-en"}],"_links":{"self":[{"href":"https:\/\/akum.lv\/en\/wp-json\/wp\/v2\/product\/16869","targetHints":{"allow":["GET"]}}],"collection":[{"href":"https:\/\/akum.lv\/en\/wp-json\/wp\/v2\/product"}],"about":[{"href":"https:\/\/akum.lv\/en\/wp-json\/wp\/v2\/types\/product"}],"wp:featuredmedia":[{"embeddable":true,"href":"https:\/\/akum.lv\/en\/wp-json\/wp\/v2\/media\/16867"}],"wp:attachment":[{"href":"https:\/\/akum.lv\/en\/wp-json\/wp\/v2\/media?parent=16869"}],"wp:term":[{"taxonomy":"pwb-brand","embeddable":true,"href":"https:\/\/akum.lv\/en\/wp-json\/wp\/v2\/pwb-brand?post=16869"},{"taxonomy":"product_brand","embeddable":true,"href":"https:\/\/akum.lv\/en\/wp-json\/wp\/v2\/product_brand?post=16869"},{"taxonomy":"product_cat","embeddable":true,"href":"https:\/\/akum.lv\/en\/wp-json\/wp\/v2\/product_cat?post=16869"},{"taxonomy":"product_tag","embeddable":true,"href":"https:\/\/akum.lv\/en\/wp-json\/wp\/v2\/product_tag?post=16869"}],"curies":[{"name":"wp","href":"https:\/\/api.w.org\/{rel}","templated":true}]}}