{"id":16113,"date":"2024-06-06T12:44:03","date_gmt":"2024-06-06T12:44:03","guid":{"rendered":"https:\/\/akum.lv\/prece\/exide-solition-light-traction-batteries-for-cleaning-machine-baterijas-tirisanas-masinai\/"},"modified":"2025-03-14T12:18:56","modified_gmt":"2025-03-14T12:18:56","slug":"exide-solition-light-traction-batteries-for-cleaning-machine-baterijas-tirisanas-masinai","status":"publish","type":"product","link":"https:\/\/akum.lv\/en\/prece\/exide-solition-light-traction-batteries-for-cleaning-machine-baterijas-tirisanas-masinai\/","title":{"rendered":"EXIDE LiFePO4 Solition Light Traction Batteries for Cleaning Machine (Baterijas t\u012br\u012b\u0161anas ma\u0161\u012bnai)"},"content":{"rendered":"","protected":false},"excerpt":{"rendered":"<p>EXIDE Solition Light Traction Batteries (LiFePO4) for Cleaning Machine (Baterijas t\u012br\u012b\u0161anas ma\u0161\u012bnai)<\/p>\n<p><strong>Gel Aplication Lithium Aplication Cena\/Price<\/strong><br \/>\n2 x GF12076V\u00a0 \u00a0 \u00a0 1 x LTB2450\u00a0 \u00a0 \u00a0 \u00a0 \u00a0 \u00a0 \u00a0 \u00a0&#8211; 806,16 EUR<br \/>\n2 x GF12076V\u00a0 \u00a0 \u00a0 2 x LTB24 25\u00a0 \u00a0 \u00a0 \u00a0 \u00a0 \u00a0 \u00a0&#8211; 831,88 EUR<br \/>\n2 x GF12076V\u00a0 \u00a0 \u00a0 2 x LTB2450\u00a0 \u00a0 \u00a0 \u00a0 \u00a0 \u00a0 \u00a0 &#8211; 1551,83 EUR<br \/>\n2 x GF12105V\u00a0 \u00a0 \u00a0 \u00a02 x LTB2450\u00a0 \u00a0 \u00a0 \u00a0 \u00a0 \u00a0 \u00a0 &#8211; 1551,83 EUR<br \/>\n4 x GF06180V\u00a0 \u00a0 \u00a03 x LTB2450\u00a0 \u00a0 \u00a0 \u00a0 \u00a0 \u00a0 \u00a0 &#8211; 2295,98 EUR<br \/>\n4 x GF06180V\u00a0 \u00a0 \u00a02 x LTB24100\u00a0 \u00a0 \u00a0 \u00a0 \u00a0 \u00a0 \u00a0&#8211; 3164,15 EUR<br \/>\n4 x GF06240V\u00a0 \u00a0 4 x LTB2450\u00a0 \u00a0 \u00a0 \u00a0 \u00a0 \u00a0 \u00a0 &#8211; 3041,64 EUR<br \/>\n4 x GF06240V\u00a0 \u00a0 2 x LTB24100\u00a0 \u00a0 \u00a0 \u00a0 \u00a0 \u00a0 \u00a0&#8211; 3164,15 EUR<\/p>\n<p><img loading=\"lazy\" decoding=\"async\" class=\"alignnone size-full wp-image-11436\" src=\"https:\/\/akum.lv\/wp-content\/uploads\/2021\/12\/pdf-icon.png\" alt=\"\" width=\"50\" height=\"50\" \/> <strong>&#8211; <a href=\"https:\/\/akum.lv\/wp-content\/uploads\/2024\/06\/exide-lithium_ltb2-eng.pdf\">EXIDE Lithium_LTB2 (eng)<\/a><\/strong><\/p>\n<p><img loading=\"lazy\" decoding=\"async\" class=\"alignnone size-full wp-image-11436\" src=\"https:\/\/akum.lv\/wp-content\/uploads\/2021\/12\/pdf-icon.png\" alt=\"\" width=\"50\" height=\"50\" \/> <strong>&#8211; <a href=\"https:\/\/akum.lv\/wp-content\/uploads\/2024\/06\/230413_solition_ltb_technical_data_sheet.pdf\">230413_Solition_LTB_Technical_Data_Sheet<\/a><\/strong><\/p>\n","protected":false},"featured_media":16111,"template":"","meta":[],"pwb-brand":[337],"product_brand":[],"product_cat":[638,615],"product_tag":[],"class_list":{"0":"post-16113","1":"product","2":"type-product","3":"status-publish","4":"has-post-thumbnail","6":"pwb-brand-exide-technologies-en","7":"product_cat-lifepo4-lithium-batteries","8":"product_cat-batteries-cleaning-equipment","10":"first","11":"instock","12":"taxable","13":"shipping-taxable","14":"purchasable","15":"product-type-simple"},"yoast_head":"<!-- This site is optimized with the Yoast SEO plugin v26.7 - https:\/\/yoast.com\/wordpress\/plugins\/seo\/ -->\n<title>EXIDE LiFePO4 Solition Light Traction Batteries for Cleaning Machine (Baterijas t\u012br\u012b\u0161anas ma\u0161\u012bnai) - www.akum.lv<\/title>\n<meta name=\"robots\" content=\"index, follow, max-snippet:-1, max-image-preview:large, max-video-preview:-1\" \/>\n<link rel=\"canonical\" href=\"https:\/\/akum.lv\/en\/prece\/exide-solition-light-traction-batteries-for-cleaning-machine-baterijas-tirisanas-masinai\/\" \/>\n<meta property=\"og:locale\" content=\"en_US\" \/>\n<meta property=\"og:type\" content=\"article\" \/>\n<meta property=\"og:title\" content=\"EXIDE LiFePO4 Solition Light Traction Batteries for Cleaning Machine (Baterijas t\u012br\u012b\u0161anas ma\u0161\u012bnai) - www.akum.lv\" \/>\n<meta property=\"og:description\" content=\"EXIDE Solition Light Traction Batteries (LiFePO4) for Cleaning Machine (Baterijas t\u012br\u012b\u0161anas ma\u0161\u012bnai)  Gel Aplication Lithium Aplication Cena\/Price 2 x GF12076V\u00a0 \u00a0 \u00a0 1 x LTB2450\u00a0 \u00a0 \u00a0 \u00a0 \u00a0 \u00a0 \u00a0 \u00a0- 806,16 EUR 2 x GF12076V\u00a0 \u00a0 \u00a0 2 x LTB24 25\u00a0 \u00a0 \u00a0 \u00a0 \u00a0 \u00a0 \u00a0- 831,88 EUR 2 x GF12076V\u00a0 \u00a0 \u00a0 2 x LTB2450\u00a0 \u00a0 \u00a0 \u00a0 \u00a0 \u00a0 \u00a0 - 1551,83 EUR 2 x GF12105V\u00a0 \u00a0 \u00a0 \u00a02 x LTB2450\u00a0 \u00a0 \u00a0 \u00a0 \u00a0 \u00a0 \u00a0 - 1551,83 EUR 4 x GF06180V\u00a0 \u00a0 \u00a03 x LTB2450\u00a0 \u00a0 \u00a0 \u00a0 \u00a0 \u00a0 \u00a0 - 2295,98 EUR 4 x GF06180V\u00a0 \u00a0 \u00a02 x LTB24100\u00a0 \u00a0 \u00a0 \u00a0 \u00a0 \u00a0 \u00a0- 3164,15 EUR 4 x GF06240V\u00a0 \u00a0 4 x LTB2450\u00a0 \u00a0 \u00a0 \u00a0 \u00a0 \u00a0 \u00a0 - 3041,64 EUR 4 x GF06240V\u00a0 \u00a0 2 x LTB24100\u00a0 \u00a0 \u00a0 \u00a0 \u00a0 \u00a0 \u00a0- 3164,15 EUR   - EXIDE Lithium_LTB2 (eng)   - 230413_Solition_LTB_Technical_Data_Sheet\" \/>\n<meta property=\"og:url\" content=\"https:\/\/akum.lv\/en\/prece\/exide-solition-light-traction-batteries-for-cleaning-machine-baterijas-tirisanas-masinai\/\" \/>\n<meta property=\"og:site_name\" content=\"www.akum.lv\" \/>\n<meta property=\"article:modified_time\" content=\"2025-03-14T12:18:56+00:00\" \/>\n<meta property=\"og:image\" content=\"https:\/\/akum.lv\/wp-content\/uploads\/2024\/06\/exide-ltb-lifepo4.jpg\" \/>\n\t<meta property=\"og:image:width\" content=\"464\" \/>\n\t<meta property=\"og:image:height\" content=\"306\" \/>\n\t<meta property=\"og:image:type\" content=\"image\/jpeg\" \/>\n<meta name=\"twitter:card\" content=\"summary_large_image\" \/>\n<meta name=\"twitter:label1\" content=\"Est. reading time\" \/>\n\t<meta name=\"twitter:data1\" content=\"1 minute\" \/>\n<script type=\"application\/ld+json\" class=\"yoast-schema-graph\">{\"@context\":\"https:\/\/schema.org\",\"@graph\":[{\"@type\":\"WebPage\",\"@id\":\"https:\/\/akum.lv\/en\/prece\/exide-solition-light-traction-batteries-for-cleaning-machine-baterijas-tirisanas-masinai\/\",\"url\":\"https:\/\/akum.lv\/en\/prece\/exide-solition-light-traction-batteries-for-cleaning-machine-baterijas-tirisanas-masinai\/\",\"name\":\"EXIDE LiFePO4 Solition Light Traction Batteries for Cleaning Machine (Baterijas t\u012br\u012b\u0161anas ma\u0161\u012bnai) - www.akum.lv\",\"isPartOf\":{\"@id\":\"https:\/\/akum.lv\/#website\"},\"primaryImageOfPage\":{\"@id\":\"https:\/\/akum.lv\/en\/prece\/exide-solition-light-traction-batteries-for-cleaning-machine-baterijas-tirisanas-masinai\/#primaryimage\"},\"image\":{\"@id\":\"https:\/\/akum.lv\/en\/prece\/exide-solition-light-traction-batteries-for-cleaning-machine-baterijas-tirisanas-masinai\/#primaryimage\"},\"thumbnailUrl\":\"https:\/\/akum.lv\/wp-content\/uploads\/2024\/06\/exide-ltb-lifepo4.jpg\",\"datePublished\":\"2024-06-06T12:44:03+00:00\",\"dateModified\":\"2025-03-14T12:18:56+00:00\",\"breadcrumb\":{\"@id\":\"https:\/\/akum.lv\/en\/prece\/exide-solition-light-traction-batteries-for-cleaning-machine-baterijas-tirisanas-masinai\/#breadcrumb\"},\"inLanguage\":\"en-US\",\"potentialAction\":[{\"@type\":\"ReadAction\",\"target\":[\"https:\/\/akum.lv\/en\/prece\/exide-solition-light-traction-batteries-for-cleaning-machine-baterijas-tirisanas-masinai\/\"]}]},{\"@type\":\"ImageObject\",\"inLanguage\":\"en-US\",\"@id\":\"https:\/\/akum.lv\/en\/prece\/exide-solition-light-traction-batteries-for-cleaning-machine-baterijas-tirisanas-masinai\/#primaryimage\",\"url\":\"https:\/\/akum.lv\/wp-content\/uploads\/2024\/06\/exide-ltb-lifepo4.jpg\",\"contentUrl\":\"https:\/\/akum.lv\/wp-content\/uploads\/2024\/06\/exide-ltb-lifepo4.jpg\",\"width\":464,\"height\":306},{\"@type\":\"BreadcrumbList\",\"@id\":\"https:\/\/akum.lv\/en\/prece\/exide-solition-light-traction-batteries-for-cleaning-machine-baterijas-tirisanas-masinai\/#breadcrumb\",\"itemListElement\":[{\"@type\":\"ListItem\",\"position\":1,\"name\":\"\u0413\u043b\u0430\u0432\u043d\u0430\u044f \u0441\u0442\u0440\u0430\u043d\u0438\u0446\u0430\",\"item\":\"https:\/\/akum.lv\/en\/\"},{\"@type\":\"ListItem\",\"position\":2,\"name\":\"PRECES\",\"item\":\"https:\/\/akum.lv\/produkti-preces\/\"},{\"@type\":\"ListItem\",\"position\":3,\"name\":\"EXIDE LiFePO4 Solition Light Traction Batteries for Cleaning Machine (Baterijas t\u012br\u012b\u0161anas ma\u0161\u012bnai)\"}]},{\"@type\":\"WebSite\",\"@id\":\"https:\/\/akum.lv\/#website\",\"url\":\"https:\/\/akum.lv\/\",\"name\":\"www.akum.lv\",\"description\":\"Akumulatoru p\u0101rdev\u0113js | \u041f\u0440\u043e\u0434\u0430\u0432\u0435\u0446 \u0430\u043a\u043a\u0443\u043c\u0443\u043b\u044f\u0442\u043e\u0440\u043e\u0432 | Battery seller\",\"publisher\":{\"@id\":\"https:\/\/akum.lv\/#organization\"},\"potentialAction\":[{\"@type\":\"SearchAction\",\"target\":{\"@type\":\"EntryPoint\",\"urlTemplate\":\"https:\/\/akum.lv\/?s={search_term_string}\"},\"query-input\":{\"@type\":\"PropertyValueSpecification\",\"valueRequired\":true,\"valueName\":\"search_term_string\"}}],\"inLanguage\":\"en-US\"},{\"@type\":\"Organization\",\"@id\":\"https:\/\/akum.lv\/#organization\",\"name\":\"HubEnergy\",\"url\":\"https:\/\/akum.lv\/\",\"logo\":{\"@type\":\"ImageObject\",\"inLanguage\":\"en-US\",\"@id\":\"https:\/\/akum.lv\/#\/schema\/logo\/image\/\",\"url\":\"https:\/\/akum.lv\/wp-content\/uploads\/2018\/08\/Logo-hub-energy-2018-seller-dark-blue.png\",\"contentUrl\":\"https:\/\/akum.lv\/wp-content\/uploads\/2018\/08\/Logo-hub-energy-2018-seller-dark-blue.png\",\"width\":381,\"height\":75,\"caption\":\"HubEnergy\"},\"image\":{\"@id\":\"https:\/\/akum.lv\/#\/schema\/logo\/image\/\"}}]}<\/script>\n<!-- \/ Yoast SEO plugin. -->","yoast_head_json":{"title":"EXIDE LiFePO4 Solition Light Traction Batteries for Cleaning Machine (Baterijas t\u012br\u012b\u0161anas ma\u0161\u012bnai) - www.akum.lv","robots":{"index":"index","follow":"follow","max-snippet":"max-snippet:-1","max-image-preview":"max-image-preview:large","max-video-preview":"max-video-preview:-1"},"canonical":"https:\/\/akum.lv\/en\/prece\/exide-solition-light-traction-batteries-for-cleaning-machine-baterijas-tirisanas-masinai\/","og_locale":"en_US","og_type":"article","og_title":"EXIDE LiFePO4 Solition Light Traction Batteries for Cleaning Machine (Baterijas t\u012br\u012b\u0161anas ma\u0161\u012bnai) - www.akum.lv","og_description":"EXIDE Solition Light Traction Batteries (LiFePO4) for Cleaning Machine (Baterijas t\u012br\u012b\u0161anas ma\u0161\u012bnai)  Gel Aplication Lithium Aplication Cena\/Price 2 x GF12076V\u00a0 \u00a0 \u00a0 1 x LTB2450\u00a0 \u00a0 \u00a0 \u00a0 \u00a0 \u00a0 \u00a0 \u00a0- 806,16 EUR 2 x GF12076V\u00a0 \u00a0 \u00a0 2 x LTB24 25\u00a0 \u00a0 \u00a0 \u00a0 \u00a0 \u00a0 \u00a0- 831,88 EUR 2 x GF12076V\u00a0 \u00a0 \u00a0 2 x LTB2450\u00a0 \u00a0 \u00a0 \u00a0 \u00a0 \u00a0 \u00a0 - 1551,83 EUR 2 x GF12105V\u00a0 \u00a0 \u00a0 \u00a02 x LTB2450\u00a0 \u00a0 \u00a0 \u00a0 \u00a0 \u00a0 \u00a0 - 1551,83 EUR 4 x GF06180V\u00a0 \u00a0 \u00a03 x LTB2450\u00a0 \u00a0 \u00a0 \u00a0 \u00a0 \u00a0 \u00a0 - 2295,98 EUR 4 x GF06180V\u00a0 \u00a0 \u00a02 x LTB24100\u00a0 \u00a0 \u00a0 \u00a0 \u00a0 \u00a0 \u00a0- 3164,15 EUR 4 x GF06240V\u00a0 \u00a0 4 x LTB2450\u00a0 \u00a0 \u00a0 \u00a0 \u00a0 \u00a0 \u00a0 - 3041,64 EUR 4 x GF06240V\u00a0 \u00a0 2 x LTB24100\u00a0 \u00a0 \u00a0 \u00a0 \u00a0 \u00a0 \u00a0- 3164,15 EUR   - EXIDE Lithium_LTB2 (eng)   - 230413_Solition_LTB_Technical_Data_Sheet","og_url":"https:\/\/akum.lv\/en\/prece\/exide-solition-light-traction-batteries-for-cleaning-machine-baterijas-tirisanas-masinai\/","og_site_name":"www.akum.lv","article_modified_time":"2025-03-14T12:18:56+00:00","og_image":[{"width":464,"height":306,"url":"https:\/\/akum.lv\/wp-content\/uploads\/2024\/06\/exide-ltb-lifepo4.jpg","type":"image\/jpeg"}],"twitter_card":"summary_large_image","twitter_misc":{"Est. reading time":"1 minute"},"schema":{"@context":"https:\/\/schema.org","@graph":[{"@type":"WebPage","@id":"https:\/\/akum.lv\/en\/prece\/exide-solition-light-traction-batteries-for-cleaning-machine-baterijas-tirisanas-masinai\/","url":"https:\/\/akum.lv\/en\/prece\/exide-solition-light-traction-batteries-for-cleaning-machine-baterijas-tirisanas-masinai\/","name":"EXIDE LiFePO4 Solition Light Traction Batteries for Cleaning Machine (Baterijas t\u012br\u012b\u0161anas ma\u0161\u012bnai) - www.akum.lv","isPartOf":{"@id":"https:\/\/akum.lv\/#website"},"primaryImageOfPage":{"@id":"https:\/\/akum.lv\/en\/prece\/exide-solition-light-traction-batteries-for-cleaning-machine-baterijas-tirisanas-masinai\/#primaryimage"},"image":{"@id":"https:\/\/akum.lv\/en\/prece\/exide-solition-light-traction-batteries-for-cleaning-machine-baterijas-tirisanas-masinai\/#primaryimage"},"thumbnailUrl":"https:\/\/akum.lv\/wp-content\/uploads\/2024\/06\/exide-ltb-lifepo4.jpg","datePublished":"2024-06-06T12:44:03+00:00","dateModified":"2025-03-14T12:18:56+00:00","breadcrumb":{"@id":"https:\/\/akum.lv\/en\/prece\/exide-solition-light-traction-batteries-for-cleaning-machine-baterijas-tirisanas-masinai\/#breadcrumb"},"inLanguage":"en-US","potentialAction":[{"@type":"ReadAction","target":["https:\/\/akum.lv\/en\/prece\/exide-solition-light-traction-batteries-for-cleaning-machine-baterijas-tirisanas-masinai\/"]}]},{"@type":"ImageObject","inLanguage":"en-US","@id":"https:\/\/akum.lv\/en\/prece\/exide-solition-light-traction-batteries-for-cleaning-machine-baterijas-tirisanas-masinai\/#primaryimage","url":"https:\/\/akum.lv\/wp-content\/uploads\/2024\/06\/exide-ltb-lifepo4.jpg","contentUrl":"https:\/\/akum.lv\/wp-content\/uploads\/2024\/06\/exide-ltb-lifepo4.jpg","width":464,"height":306},{"@type":"BreadcrumbList","@id":"https:\/\/akum.lv\/en\/prece\/exide-solition-light-traction-batteries-for-cleaning-machine-baterijas-tirisanas-masinai\/#breadcrumb","itemListElement":[{"@type":"ListItem","position":1,"name":"\u0413\u043b\u0430\u0432\u043d\u0430\u044f \u0441\u0442\u0440\u0430\u043d\u0438\u0446\u0430","item":"https:\/\/akum.lv\/en\/"},{"@type":"ListItem","position":2,"name":"PRECES","item":"https:\/\/akum.lv\/produkti-preces\/"},{"@type":"ListItem","position":3,"name":"EXIDE LiFePO4 Solition Light Traction Batteries for Cleaning Machine (Baterijas t\u012br\u012b\u0161anas ma\u0161\u012bnai)"}]},{"@type":"WebSite","@id":"https:\/\/akum.lv\/#website","url":"https:\/\/akum.lv\/","name":"www.akum.lv","description":"Akumulatoru p\u0101rdev\u0113js | \u041f\u0440\u043e\u0434\u0430\u0432\u0435\u0446 \u0430\u043a\u043a\u0443\u043c\u0443\u043b\u044f\u0442\u043e\u0440\u043e\u0432 | Battery seller","publisher":{"@id":"https:\/\/akum.lv\/#organization"},"potentialAction":[{"@type":"SearchAction","target":{"@type":"EntryPoint","urlTemplate":"https:\/\/akum.lv\/?s={search_term_string}"},"query-input":{"@type":"PropertyValueSpecification","valueRequired":true,"valueName":"search_term_string"}}],"inLanguage":"en-US"},{"@type":"Organization","@id":"https:\/\/akum.lv\/#organization","name":"HubEnergy","url":"https:\/\/akum.lv\/","logo":{"@type":"ImageObject","inLanguage":"en-US","@id":"https:\/\/akum.lv\/#\/schema\/logo\/image\/","url":"https:\/\/akum.lv\/wp-content\/uploads\/2018\/08\/Logo-hub-energy-2018-seller-dark-blue.png","contentUrl":"https:\/\/akum.lv\/wp-content\/uploads\/2018\/08\/Logo-hub-energy-2018-seller-dark-blue.png","width":381,"height":75,"caption":"HubEnergy"},"image":{"@id":"https:\/\/akum.lv\/#\/schema\/logo\/image\/"}}]}},"brands":[{"id":337,"name":"EXIDE TECHNOLOGIES","slug":"exide-technologies-en"}],"_links":{"self":[{"href":"https:\/\/akum.lv\/en\/wp-json\/wp\/v2\/product\/16113","targetHints":{"allow":["GET"]}}],"collection":[{"href":"https:\/\/akum.lv\/en\/wp-json\/wp\/v2\/product"}],"about":[{"href":"https:\/\/akum.lv\/en\/wp-json\/wp\/v2\/types\/product"}],"wp:featuredmedia":[{"embeddable":true,"href":"https:\/\/akum.lv\/en\/wp-json\/wp\/v2\/media\/16111"}],"wp:attachment":[{"href":"https:\/\/akum.lv\/en\/wp-json\/wp\/v2\/media?parent=16113"}],"wp:term":[{"taxonomy":"pwb-brand","embeddable":true,"href":"https:\/\/akum.lv\/en\/wp-json\/wp\/v2\/pwb-brand?post=16113"},{"taxonomy":"product_brand","embeddable":true,"href":"https:\/\/akum.lv\/en\/wp-json\/wp\/v2\/product_brand?post=16113"},{"taxonomy":"product_cat","embeddable":true,"href":"https:\/\/akum.lv\/en\/wp-json\/wp\/v2\/product_cat?post=16113"},{"taxonomy":"product_tag","embeddable":true,"href":"https:\/\/akum.lv\/en\/wp-json\/wp\/v2\/product_tag?post=16113"}],"curies":[{"name":"wp","href":"https:\/\/api.w.org\/{rel}","templated":true}]}}