{"id":15180,"date":"2023-08-03T00:11:32","date_gmt":"2023-08-03T00:11:32","guid":{"rendered":"https:\/\/akum.lv\/\u0442\u043e\u0432\u0430\u0440\/forex-capasity-tester-12v-25a-akumulatoru-testeris\/"},"modified":"2023-08-04T10:20:53","modified_gmt":"2023-08-04T10:20:53","slug":"forex-capasity-tester-12v-25a-akumulatoru-testeris","status":"publish","type":"product","link":"https:\/\/akum.lv\/en\/prece\/forex-capasity-tester-12v-25a-akumulatoru-testeris\/","title":{"rendered":"FOREX capasity tester 12V-25A (akumulatoru testeris)"},"content":{"rendered":"","protected":false},"excerpt":{"rendered":"<p>FOREX capasity tester 12V-25A (akumulatoru testeris)<\/p>\n<p><img loading=\"lazy\" decoding=\"async\" class=\"alignnone size-full wp-image-11436\" src=\"https:\/\/akum.lv\/wp-content\/uploads\/2021\/12\/pdf-icon.png\" alt=\"\" width=\"50\" height=\"50\" \/><strong> &#8211; <a href=\"https:\/\/akum.lv\/wp-content\/uploads\/2023\/08\/datasheet_forex_captest_1225_pd.pdf\">Datasheet_FOREX_Captest_1225_PD<\/a><\/strong><\/p>\n<p>Ar \u0161o procesora kontrol\u0113to kapacit\u0101tes testeri varat izm\u0113r\u012bt akumulatoru jaudu.<br \/>\nVarat iestat\u012bt atsl\u0113g\u0161anas spriegumu (sprieguma robe\u017eu, pie kuras v\u0113laties p\u0101rtraukt izl\u0101di), izl\u0101des str\u0101vu un uzl\u0101des laiku starp cikliem.<br \/>\nJ\u016bs varat ieprogramm\u0113t 1-8 ciklus.<br \/>\nTesteris m\u0113ra uzl\u0101d\u0113to\/izl\u0101d\u0113to Ah un laiku, kas pag\u0101jis kop\u0161 katra cikla s\u0101kuma.<br \/>\nTestera pievieno\u0161ana akumulatoram.<br \/>\nP\u0113c testera pievieno\u0161anas akumulatoram da\u017eas sekundes tiek par\u0101d\u012bta testera programmat\u016bras versija un s\u0113rijas numurs.<br \/>\nP\u0113c tam displej\u0101 var redz\u0113t akumulatora spriegumu.<\/p>\n<p>\u0421 \u043f\u043e\u043c\u043e\u0449\u044c\u044e \u044d\u0442\u043e\u0433\u043e \u0442\u0435\u0441\u0442\u0435\u0440\u0430 \u0435\u043c\u043a\u043e\u0441\u0442\u0438, \u0443\u043f\u0440\u0430\u0432\u043b\u044f\u0435\u043c\u043e\u0433\u043e \u043f\u0440\u043e\u0446\u0435\u0441\u0441\u043e\u0440\u043e\u043c, \u0432\u044b \u043c\u043e\u0436\u0435\u0442\u0435 \u0438\u0437\u043c\u0435\u0440\u0438\u0442\u044c \u0435\u043c\u043a\u043e\u0441\u0442\u044c \u0431\u0430\u0442\u0430\u0440\u0435\u0439.<br \/>\n\u0412\u044b \u043c\u043e\u0436\u0435\u0442\u0435 \u0443\u0441\u0442\u0430\u043d\u043e\u0432\u0438\u0442\u044c \u043d\u0430\u043f\u0440\u044f\u0436\u0435\u043d\u0438\u0435 \u043e\u0442\u043a\u043b\u044e\u0447\u0435\u043d\u0438\u044f (\u043f\u0440\u0435\u0434\u0435\u043b \u043d\u0430\u043f\u0440\u044f\u0436\u0435\u043d\u0438\u044f, \u043f\u0440\u0438 \u043a\u043e\u0442\u043e\u0440\u043e\u043c \u0432\u044b \u0445\u043e\u0442\u0438\u0442\u0435 \u043e\u0441\u0442\u0430\u043d\u043e\u0432\u0438\u0442\u044c \u0440\u0430\u0437\u0440\u044f\u0434), \u0442\u043e\u043a \u0440\u0430\u0437\u0440\u044f\u0434\u0430 \u0438 \u0432\u0440\u0435\u043c\u044f \u0437\u0430\u0440\u044f\u0434\u043a\u0438 \u043c\u0435\u0436\u0434\u0443 \u0446\u0438\u043a\u043b\u0430\u043c\u0438.<br \/>\n\u0412\u044b \u043c\u043e\u0436\u0435\u0442\u0435 \u0437\u0430\u043f\u0440\u043e\u0433\u0440\u0430\u043c\u043c\u0438\u0440\u043e\u0432\u0430\u0442\u044c 1-8 \u0446\u0438\u043a\u043b\u043e\u0432.<br \/>\n\u0422\u0435\u0441\u0442\u0435\u0440 \u0438\u0437\u043c\u0435\u0440\u044f\u0435\u0442 \u0437\u0430\u0440\u044f\u0436\u0435\u043d\u043d\u0443\u044e\/\u0440\u0430\u0437\u0440\u044f\u0436\u0435\u043d\u043d\u0443\u044e \u0410\u0447 \u0438 \u0432\u0440\u0435\u043c\u044f, \u043f\u0440\u043e\u0448\u0435\u0434\u0448\u0435\u0435 \u0441 \u043d\u0430\u0447\u0430\u043b\u0430 \u043a\u0430\u0436\u0434\u043e\u0433\u043e \u0446\u0438\u043a\u043b\u0430.<br \/>\n\u041f\u043e\u0434\u043a\u043b\u044e\u0447\u0435\u043d\u0438\u0435 \u0442\u0435\u0441\u0442\u0435\u0440\u0430 \u043a \u0430\u043a\u043a\u0443\u043c\u0443\u043b\u044f\u0442\u043e\u0440\u0443.<br \/>\n\u041f\u043e\u0441\u043b\u0435 \u043f\u043e\u0434\u043a\u043b\u044e\u0447\u0435\u043d\u0438\u044f \u0442\u0435\u0441\u0442\u0435\u0440\u0430 \u043a \u0430\u043a\u043a\u0443\u043c\u0443\u043b\u044f\u0442\u043e\u0440\u0443 \u043d\u0430 \u043d\u0435\u0441\u043a\u043e\u043b\u044c\u043a\u043e \u0441\u0435\u043a\u0443\u043d\u0434 \u043e\u0442\u043e\u0431\u0440\u0430\u0436\u0430\u0435\u0442\u0441\u044f \u0432\u0435\u0440\u0441\u0438\u044f \u043f\u0440\u043e\u0433\u0440\u0430\u043c\u043c\u043d\u043e\u0433\u043e \u043e\u0431\u0435\u0441\u043f\u0435\u0447\u0435\u043d\u0438\u044f \u0438 \u0441\u0435\u0440\u0438\u0439\u043d\u044b\u0439 \u043d\u043e\u043c\u0435\u0440 \u0442\u0435\u0441\u0442\u0435\u0440\u0430.<br \/>\n\u041f\u043e\u0441\u043b\u0435 \u044d\u0442\u043e\u0433\u043e \u0432\u044b \u043c\u043e\u0436\u0435\u0442\u0435 \u0443\u0432\u0438\u0434\u0435\u0442\u044c \u043d\u0430\u043f\u0440\u044f\u0436\u0435\u043d\u0438\u0435 \u0431\u0430\u0442\u0430\u0440\u0435\u0438 \u043d\u0430 \u0434\u0438\u0441\u043f\u043b\u0435\u0435.<\/p>\n<p>With this processor controlled capacity tester, you can measure the capacity of batteries.<br \/>\nYou can set the cut-off voltage (voltage limit at which you want to stop discharging), the discharging current, and the charging time between cycles.<br \/>\nYou can program 1-8 cycles.<br \/>\nThe tester measures the charged\/discharged Ah and the time elapsed since the start of each cycle.<br \/>\nConnecting the tester to the battery.<br \/>\nAfter connecting the tester to the battery, the software version and serial number of the tester are displayed for a few seconds.<br \/>\nAfter that, you can see the battery voltage on the display.<\/p>\n<p>&nbsp;<\/p>\n","protected":false},"featured_media":15183,"template":"","meta":[],"pwb-brand":[],"product_brand":[],"product_cat":[552],"product_tag":[],"class_list":{"0":"post-15180","1":"product","2":"type-product","3":"status-publish","4":"has-post-thumbnail","6":"product_cat-battery-testers","7":"pif-has-gallery","9":"first","10":"instock","11":"taxable","12":"shipping-taxable","13":"purchasable","14":"product-type-simple"},"yoast_head":"<!-- This site is optimized with the Yoast SEO plugin v26.7 - https:\/\/yoast.com\/wordpress\/plugins\/seo\/ -->\n<title>FOREX capasity tester 12V-25A (akumulatoru testeris) - www.akum.lv<\/title>\n<meta name=\"robots\" content=\"index, follow, max-snippet:-1, max-image-preview:large, max-video-preview:-1\" \/>\n<link rel=\"canonical\" href=\"https:\/\/akum.lv\/prece\/forex-capasity-tester-12v-25a-akumulatoru-testeris\/\" \/>\n<meta property=\"og:locale\" content=\"en_US\" \/>\n<meta property=\"og:type\" content=\"article\" \/>\n<meta property=\"og:title\" content=\"FOREX capasity tester 12V-25A (akumulatoru testeris) - www.akum.lv\" \/>\n<meta property=\"og:description\" content=\"FOREX capasity tester 12V-25A (akumulatoru testeris)   - Datasheet_FOREX_Captest_1225_PD  Ar \u0161o procesora kontrol\u0113to kapacit\u0101tes testeri varat izm\u0113r\u012bt akumulatoru jaudu. Varat iestat\u012bt atsl\u0113g\u0161anas spriegumu (sprieguma robe\u017eu, pie kuras v\u0113laties p\u0101rtraukt izl\u0101di), izl\u0101des str\u0101vu un uzl\u0101des laiku starp cikliem. J\u016bs varat ieprogramm\u0113t 1-8 ciklus. Testeris m\u0113ra uzl\u0101d\u0113to\/izl\u0101d\u0113to Ah un laiku, kas pag\u0101jis kop\u0161 katra cikla s\u0101kuma. Testera pievieno\u0161ana akumulatoram. P\u0113c testera pievieno\u0161anas akumulatoram da\u017eas sekundes tiek par\u0101d\u012bta testera programmat\u016bras versija un s\u0113rijas numurs. P\u0113c tam displej\u0101 var redz\u0113t akumulatora spriegumu.  \u0421 \u043f\u043e\u043c\u043e\u0449\u044c\u044e \u044d\u0442\u043e\u0433\u043e \u0442\u0435\u0441\u0442\u0435\u0440\u0430 \u0435\u043c\u043a\u043e\u0441\u0442\u0438, \u0443\u043f\u0440\u0430\u0432\u043b\u044f\u0435\u043c\u043e\u0433\u043e \u043f\u0440\u043e\u0446\u0435\u0441\u0441\u043e\u0440\u043e\u043c, \u0432\u044b \u043c\u043e\u0436\u0435\u0442\u0435 \u0438\u0437\u043c\u0435\u0440\u0438\u0442\u044c \u0435\u043c\u043a\u043e\u0441\u0442\u044c \u0431\u0430\u0442\u0430\u0440\u0435\u0439. \u0412\u044b \u043c\u043e\u0436\u0435\u0442\u0435 \u0443\u0441\u0442\u0430\u043d\u043e\u0432\u0438\u0442\u044c \u043d\u0430\u043f\u0440\u044f\u0436\u0435\u043d\u0438\u0435 \u043e\u0442\u043a\u043b\u044e\u0447\u0435\u043d\u0438\u044f (\u043f\u0440\u0435\u0434\u0435\u043b \u043d\u0430\u043f\u0440\u044f\u0436\u0435\u043d\u0438\u044f, \u043f\u0440\u0438 \u043a\u043e\u0442\u043e\u0440\u043e\u043c \u0432\u044b \u0445\u043e\u0442\u0438\u0442\u0435 \u043e\u0441\u0442\u0430\u043d\u043e\u0432\u0438\u0442\u044c \u0440\u0430\u0437\u0440\u044f\u0434), \u0442\u043e\u043a \u0440\u0430\u0437\u0440\u044f\u0434\u0430 \u0438 \u0432\u0440\u0435\u043c\u044f \u0437\u0430\u0440\u044f\u0434\u043a\u0438 \u043c\u0435\u0436\u0434\u0443 \u0446\u0438\u043a\u043b\u0430\u043c\u0438. \u0412\u044b \u043c\u043e\u0436\u0435\u0442\u0435 \u0437\u0430\u043f\u0440\u043e\u0433\u0440\u0430\u043c\u043c\u0438\u0440\u043e\u0432\u0430\u0442\u044c 1-8 \u0446\u0438\u043a\u043b\u043e\u0432. \u0422\u0435\u0441\u0442\u0435\u0440 \u0438\u0437\u043c\u0435\u0440\u044f\u0435\u0442 \u0437\u0430\u0440\u044f\u0436\u0435\u043d\u043d\u0443\u044e\/\u0440\u0430\u0437\u0440\u044f\u0436\u0435\u043d\u043d\u0443\u044e \u0410\u0447 \u0438 \u0432\u0440\u0435\u043c\u044f, \u043f\u0440\u043e\u0448\u0435\u0434\u0448\u0435\u0435 \u0441 \u043d\u0430\u0447\u0430\u043b\u0430 \u043a\u0430\u0436\u0434\u043e\u0433\u043e \u0446\u0438\u043a\u043b\u0430. \u041f\u043e\u0434\u043a\u043b\u044e\u0447\u0435\u043d\u0438\u0435 \u0442\u0435\u0441\u0442\u0435\u0440\u0430 \u043a \u0430\u043a\u043a\u0443\u043c\u0443\u043b\u044f\u0442\u043e\u0440\u0443. \u041f\u043e\u0441\u043b\u0435 \u043f\u043e\u0434\u043a\u043b\u044e\u0447\u0435\u043d\u0438\u044f \u0442\u0435\u0441\u0442\u0435\u0440\u0430 \u043a \u0430\u043a\u043a\u0443\u043c\u0443\u043b\u044f\u0442\u043e\u0440\u0443 \u043d\u0430 \u043d\u0435\u0441\u043a\u043e\u043b\u044c\u043a\u043e \u0441\u0435\u043a\u0443\u043d\u0434 \u043e\u0442\u043e\u0431\u0440\u0430\u0436\u0430\u0435\u0442\u0441\u044f \u0432\u0435\u0440\u0441\u0438\u044f \u043f\u0440\u043e\u0433\u0440\u0430\u043c\u043c\u043d\u043e\u0433\u043e \u043e\u0431\u0435\u0441\u043f\u0435\u0447\u0435\u043d\u0438\u044f \u0438 \u0441\u0435\u0440\u0438\u0439\u043d\u044b\u0439 \u043d\u043e\u043c\u0435\u0440 \u0442\u0435\u0441\u0442\u0435\u0440\u0430. \u041f\u043e\u0441\u043b\u0435 \u044d\u0442\u043e\u0433\u043e \u0432\u044b \u043c\u043e\u0436\u0435\u0442\u0435 \u0443\u0432\u0438\u0434\u0435\u0442\u044c \u043d\u0430\u043f\u0440\u044f\u0436\u0435\u043d\u0438\u0435 \u0431\u0430\u0442\u0430\u0440\u0435\u0438 \u043d\u0430 \u0434\u0438\u0441\u043f\u043b\u0435\u0435.  With this processor controlled capacity tester, you can measure the capacity of batteries. You can set the cut-off voltage (voltage limit at which you want to stop discharging), the discharging current, and the charging time between cycles. You can program 1-8 cycles. The tester measures the charged\/discharged Ah and the time elapsed since the start of each cycle. Connecting the tester to the battery. After connecting the tester to the battery, the software version and serial number of the tester are displayed for a few seconds. After that, you can see the battery voltage on the display.  &nbsp;\" \/>\n<meta property=\"og:url\" content=\"https:\/\/akum.lv\/prece\/forex-capasity-tester-12v-25a-akumulatoru-testeris\/\" \/>\n<meta property=\"og:site_name\" content=\"www.akum.lv\" \/>\n<meta property=\"article:modified_time\" content=\"2023-08-04T10:20:53+00:00\" \/>\n<meta property=\"og:image\" content=\"https:\/\/akum.lv\/wp-content\/uploads\/2023\/08\/tester-forex-12v-25a.jpg\" \/>\n\t<meta property=\"og:image:width\" content=\"600\" \/>\n\t<meta property=\"og:image:height\" content=\"450\" \/>\n\t<meta property=\"og:image:type\" content=\"image\/jpeg\" \/>\n<meta name=\"twitter:card\" content=\"summary_large_image\" \/>\n<script type=\"application\/ld+json\" class=\"yoast-schema-graph\">{\"@context\":\"https:\/\/schema.org\",\"@graph\":[{\"@type\":\"WebPage\",\"@id\":\"https:\/\/akum.lv\/prece\/forex-capasity-tester-12v-25a-akumulatoru-testeris\/\",\"url\":\"https:\/\/akum.lv\/prece\/forex-capasity-tester-12v-25a-akumulatoru-testeris\/\",\"name\":\"FOREX capasity tester 12V-25A (akumulatoru testeris) - www.akum.lv\",\"isPartOf\":{\"@id\":\"https:\/\/akum.lv\/#website\"},\"primaryImageOfPage\":{\"@id\":\"https:\/\/akum.lv\/prece\/forex-capasity-tester-12v-25a-akumulatoru-testeris\/#primaryimage\"},\"image\":{\"@id\":\"https:\/\/akum.lv\/prece\/forex-capasity-tester-12v-25a-akumulatoru-testeris\/#primaryimage\"},\"thumbnailUrl\":\"https:\/\/akum.lv\/wp-content\/uploads\/2023\/08\/tester-forex-12v-25a.jpg\",\"datePublished\":\"2023-08-03T00:11:32+00:00\",\"dateModified\":\"2023-08-04T10:20:53+00:00\",\"breadcrumb\":{\"@id\":\"https:\/\/akum.lv\/prece\/forex-capasity-tester-12v-25a-akumulatoru-testeris\/#breadcrumb\"},\"inLanguage\":\"en-US\",\"potentialAction\":[{\"@type\":\"ReadAction\",\"target\":[\"https:\/\/akum.lv\/prece\/forex-capasity-tester-12v-25a-akumulatoru-testeris\/\"]}]},{\"@type\":\"ImageObject\",\"inLanguage\":\"en-US\",\"@id\":\"https:\/\/akum.lv\/prece\/forex-capasity-tester-12v-25a-akumulatoru-testeris\/#primaryimage\",\"url\":\"https:\/\/akum.lv\/wp-content\/uploads\/2023\/08\/tester-forex-12v-25a.jpg\",\"contentUrl\":\"https:\/\/akum.lv\/wp-content\/uploads\/2023\/08\/tester-forex-12v-25a.jpg\",\"width\":600,\"height\":450},{\"@type\":\"BreadcrumbList\",\"@id\":\"https:\/\/akum.lv\/prece\/forex-capasity-tester-12v-25a-akumulatoru-testeris\/#breadcrumb\",\"itemListElement\":[{\"@type\":\"ListItem\",\"position\":1,\"name\":\"\u0413\u043b\u0430\u0432\u043d\u0430\u044f \u0441\u0442\u0440\u0430\u043d\u0438\u0446\u0430\",\"item\":\"https:\/\/akum.lv\/en\/\"},{\"@type\":\"ListItem\",\"position\":2,\"name\":\"PRECES\",\"item\":\"https:\/\/akum.lv\/produkti-preces\/\"},{\"@type\":\"ListItem\",\"position\":3,\"name\":\"FOREX capasity tester 12V-25A (akumulatoru testeris)\"}]},{\"@type\":\"WebSite\",\"@id\":\"https:\/\/akum.lv\/#website\",\"url\":\"https:\/\/akum.lv\/\",\"name\":\"www.akum.lv\",\"description\":\"Akumulatoru p\u0101rdev\u0113js | \u041f\u0440\u043e\u0434\u0430\u0432\u0435\u0446 \u0430\u043a\u043a\u0443\u043c\u0443\u043b\u044f\u0442\u043e\u0440\u043e\u0432 | Battery seller\",\"publisher\":{\"@id\":\"https:\/\/akum.lv\/#organization\"},\"potentialAction\":[{\"@type\":\"SearchAction\",\"target\":{\"@type\":\"EntryPoint\",\"urlTemplate\":\"https:\/\/akum.lv\/?s={search_term_string}\"},\"query-input\":{\"@type\":\"PropertyValueSpecification\",\"valueRequired\":true,\"valueName\":\"search_term_string\"}}],\"inLanguage\":\"en-US\"},{\"@type\":\"Organization\",\"@id\":\"https:\/\/akum.lv\/#organization\",\"name\":\"HubEnergy\",\"url\":\"https:\/\/akum.lv\/\",\"logo\":{\"@type\":\"ImageObject\",\"inLanguage\":\"en-US\",\"@id\":\"https:\/\/akum.lv\/#\/schema\/logo\/image\/\",\"url\":\"https:\/\/akum.lv\/wp-content\/uploads\/2018\/08\/Logo-hub-energy-2018-seller-dark-blue.png\",\"contentUrl\":\"https:\/\/akum.lv\/wp-content\/uploads\/2018\/08\/Logo-hub-energy-2018-seller-dark-blue.png\",\"width\":381,\"height\":75,\"caption\":\"HubEnergy\"},\"image\":{\"@id\":\"https:\/\/akum.lv\/#\/schema\/logo\/image\/\"}}]}<\/script>\n<!-- \/ Yoast SEO plugin. -->","yoast_head_json":{"title":"FOREX capasity tester 12V-25A (akumulatoru testeris) - www.akum.lv","robots":{"index":"index","follow":"follow","max-snippet":"max-snippet:-1","max-image-preview":"max-image-preview:large","max-video-preview":"max-video-preview:-1"},"canonical":"https:\/\/akum.lv\/prece\/forex-capasity-tester-12v-25a-akumulatoru-testeris\/","og_locale":"en_US","og_type":"article","og_title":"FOREX capasity tester 12V-25A (akumulatoru testeris) - www.akum.lv","og_description":"FOREX capasity tester 12V-25A (akumulatoru testeris)   - Datasheet_FOREX_Captest_1225_PD  Ar \u0161o procesora kontrol\u0113to kapacit\u0101tes testeri varat izm\u0113r\u012bt akumulatoru jaudu. Varat iestat\u012bt atsl\u0113g\u0161anas spriegumu (sprieguma robe\u017eu, pie kuras v\u0113laties p\u0101rtraukt izl\u0101di), izl\u0101des str\u0101vu un uzl\u0101des laiku starp cikliem. J\u016bs varat ieprogramm\u0113t 1-8 ciklus. Testeris m\u0113ra uzl\u0101d\u0113to\/izl\u0101d\u0113to Ah un laiku, kas pag\u0101jis kop\u0161 katra cikla s\u0101kuma. Testera pievieno\u0161ana akumulatoram. P\u0113c testera pievieno\u0161anas akumulatoram da\u017eas sekundes tiek par\u0101d\u012bta testera programmat\u016bras versija un s\u0113rijas numurs. P\u0113c tam displej\u0101 var redz\u0113t akumulatora spriegumu.  \u0421 \u043f\u043e\u043c\u043e\u0449\u044c\u044e \u044d\u0442\u043e\u0433\u043e \u0442\u0435\u0441\u0442\u0435\u0440\u0430 \u0435\u043c\u043a\u043e\u0441\u0442\u0438, \u0443\u043f\u0440\u0430\u0432\u043b\u044f\u0435\u043c\u043e\u0433\u043e \u043f\u0440\u043e\u0446\u0435\u0441\u0441\u043e\u0440\u043e\u043c, \u0432\u044b \u043c\u043e\u0436\u0435\u0442\u0435 \u0438\u0437\u043c\u0435\u0440\u0438\u0442\u044c \u0435\u043c\u043a\u043e\u0441\u0442\u044c \u0431\u0430\u0442\u0430\u0440\u0435\u0439. \u0412\u044b \u043c\u043e\u0436\u0435\u0442\u0435 \u0443\u0441\u0442\u0430\u043d\u043e\u0432\u0438\u0442\u044c \u043d\u0430\u043f\u0440\u044f\u0436\u0435\u043d\u0438\u0435 \u043e\u0442\u043a\u043b\u044e\u0447\u0435\u043d\u0438\u044f (\u043f\u0440\u0435\u0434\u0435\u043b \u043d\u0430\u043f\u0440\u044f\u0436\u0435\u043d\u0438\u044f, \u043f\u0440\u0438 \u043a\u043e\u0442\u043e\u0440\u043e\u043c \u0432\u044b \u0445\u043e\u0442\u0438\u0442\u0435 \u043e\u0441\u0442\u0430\u043d\u043e\u0432\u0438\u0442\u044c \u0440\u0430\u0437\u0440\u044f\u0434), \u0442\u043e\u043a \u0440\u0430\u0437\u0440\u044f\u0434\u0430 \u0438 \u0432\u0440\u0435\u043c\u044f \u0437\u0430\u0440\u044f\u0434\u043a\u0438 \u043c\u0435\u0436\u0434\u0443 \u0446\u0438\u043a\u043b\u0430\u043c\u0438. \u0412\u044b \u043c\u043e\u0436\u0435\u0442\u0435 \u0437\u0430\u043f\u0440\u043e\u0433\u0440\u0430\u043c\u043c\u0438\u0440\u043e\u0432\u0430\u0442\u044c 1-8 \u0446\u0438\u043a\u043b\u043e\u0432. \u0422\u0435\u0441\u0442\u0435\u0440 \u0438\u0437\u043c\u0435\u0440\u044f\u0435\u0442 \u0437\u0430\u0440\u044f\u0436\u0435\u043d\u043d\u0443\u044e\/\u0440\u0430\u0437\u0440\u044f\u0436\u0435\u043d\u043d\u0443\u044e \u0410\u0447 \u0438 \u0432\u0440\u0435\u043c\u044f, \u043f\u0440\u043e\u0448\u0435\u0434\u0448\u0435\u0435 \u0441 \u043d\u0430\u0447\u0430\u043b\u0430 \u043a\u0430\u0436\u0434\u043e\u0433\u043e \u0446\u0438\u043a\u043b\u0430. \u041f\u043e\u0434\u043a\u043b\u044e\u0447\u0435\u043d\u0438\u0435 \u0442\u0435\u0441\u0442\u0435\u0440\u0430 \u043a \u0430\u043a\u043a\u0443\u043c\u0443\u043b\u044f\u0442\u043e\u0440\u0443. \u041f\u043e\u0441\u043b\u0435 \u043f\u043e\u0434\u043a\u043b\u044e\u0447\u0435\u043d\u0438\u044f \u0442\u0435\u0441\u0442\u0435\u0440\u0430 \u043a \u0430\u043a\u043a\u0443\u043c\u0443\u043b\u044f\u0442\u043e\u0440\u0443 \u043d\u0430 \u043d\u0435\u0441\u043a\u043e\u043b\u044c\u043a\u043e \u0441\u0435\u043a\u0443\u043d\u0434 \u043e\u0442\u043e\u0431\u0440\u0430\u0436\u0430\u0435\u0442\u0441\u044f \u0432\u0435\u0440\u0441\u0438\u044f \u043f\u0440\u043e\u0433\u0440\u0430\u043c\u043c\u043d\u043e\u0433\u043e \u043e\u0431\u0435\u0441\u043f\u0435\u0447\u0435\u043d\u0438\u044f \u0438 \u0441\u0435\u0440\u0438\u0439\u043d\u044b\u0439 \u043d\u043e\u043c\u0435\u0440 \u0442\u0435\u0441\u0442\u0435\u0440\u0430. \u041f\u043e\u0441\u043b\u0435 \u044d\u0442\u043e\u0433\u043e \u0432\u044b \u043c\u043e\u0436\u0435\u0442\u0435 \u0443\u0432\u0438\u0434\u0435\u0442\u044c \u043d\u0430\u043f\u0440\u044f\u0436\u0435\u043d\u0438\u0435 \u0431\u0430\u0442\u0430\u0440\u0435\u0438 \u043d\u0430 \u0434\u0438\u0441\u043f\u043b\u0435\u0435.  With this processor controlled capacity tester, you can measure the capacity of batteries. You can set the cut-off voltage (voltage limit at which you want to stop discharging), the discharging current, and the charging time between cycles. You can program 1-8 cycles. The tester measures the charged\/discharged Ah and the time elapsed since the start of each cycle. Connecting the tester to the battery. After connecting the tester to the battery, the software version and serial number of the tester are displayed for a few seconds. After that, you can see the battery voltage on the display.  &nbsp;","og_url":"https:\/\/akum.lv\/prece\/forex-capasity-tester-12v-25a-akumulatoru-testeris\/","og_site_name":"www.akum.lv","article_modified_time":"2023-08-04T10:20:53+00:00","og_image":[{"width":600,"height":450,"url":"https:\/\/akum.lv\/wp-content\/uploads\/2023\/08\/tester-forex-12v-25a.jpg","type":"image\/jpeg"}],"twitter_card":"summary_large_image","schema":{"@context":"https:\/\/schema.org","@graph":[{"@type":"WebPage","@id":"https:\/\/akum.lv\/prece\/forex-capasity-tester-12v-25a-akumulatoru-testeris\/","url":"https:\/\/akum.lv\/prece\/forex-capasity-tester-12v-25a-akumulatoru-testeris\/","name":"FOREX capasity tester 12V-25A (akumulatoru testeris) - www.akum.lv","isPartOf":{"@id":"https:\/\/akum.lv\/#website"},"primaryImageOfPage":{"@id":"https:\/\/akum.lv\/prece\/forex-capasity-tester-12v-25a-akumulatoru-testeris\/#primaryimage"},"image":{"@id":"https:\/\/akum.lv\/prece\/forex-capasity-tester-12v-25a-akumulatoru-testeris\/#primaryimage"},"thumbnailUrl":"https:\/\/akum.lv\/wp-content\/uploads\/2023\/08\/tester-forex-12v-25a.jpg","datePublished":"2023-08-03T00:11:32+00:00","dateModified":"2023-08-04T10:20:53+00:00","breadcrumb":{"@id":"https:\/\/akum.lv\/prece\/forex-capasity-tester-12v-25a-akumulatoru-testeris\/#breadcrumb"},"inLanguage":"en-US","potentialAction":[{"@type":"ReadAction","target":["https:\/\/akum.lv\/prece\/forex-capasity-tester-12v-25a-akumulatoru-testeris\/"]}]},{"@type":"ImageObject","inLanguage":"en-US","@id":"https:\/\/akum.lv\/prece\/forex-capasity-tester-12v-25a-akumulatoru-testeris\/#primaryimage","url":"https:\/\/akum.lv\/wp-content\/uploads\/2023\/08\/tester-forex-12v-25a.jpg","contentUrl":"https:\/\/akum.lv\/wp-content\/uploads\/2023\/08\/tester-forex-12v-25a.jpg","width":600,"height":450},{"@type":"BreadcrumbList","@id":"https:\/\/akum.lv\/prece\/forex-capasity-tester-12v-25a-akumulatoru-testeris\/#breadcrumb","itemListElement":[{"@type":"ListItem","position":1,"name":"\u0413\u043b\u0430\u0432\u043d\u0430\u044f \u0441\u0442\u0440\u0430\u043d\u0438\u0446\u0430","item":"https:\/\/akum.lv\/en\/"},{"@type":"ListItem","position":2,"name":"PRECES","item":"https:\/\/akum.lv\/produkti-preces\/"},{"@type":"ListItem","position":3,"name":"FOREX capasity tester 12V-25A (akumulatoru testeris)"}]},{"@type":"WebSite","@id":"https:\/\/akum.lv\/#website","url":"https:\/\/akum.lv\/","name":"www.akum.lv","description":"Akumulatoru p\u0101rdev\u0113js | \u041f\u0440\u043e\u0434\u0430\u0432\u0435\u0446 \u0430\u043a\u043a\u0443\u043c\u0443\u043b\u044f\u0442\u043e\u0440\u043e\u0432 | Battery seller","publisher":{"@id":"https:\/\/akum.lv\/#organization"},"potentialAction":[{"@type":"SearchAction","target":{"@type":"EntryPoint","urlTemplate":"https:\/\/akum.lv\/?s={search_term_string}"},"query-input":{"@type":"PropertyValueSpecification","valueRequired":true,"valueName":"search_term_string"}}],"inLanguage":"en-US"},{"@type":"Organization","@id":"https:\/\/akum.lv\/#organization","name":"HubEnergy","url":"https:\/\/akum.lv\/","logo":{"@type":"ImageObject","inLanguage":"en-US","@id":"https:\/\/akum.lv\/#\/schema\/logo\/image\/","url":"https:\/\/akum.lv\/wp-content\/uploads\/2018\/08\/Logo-hub-energy-2018-seller-dark-blue.png","contentUrl":"https:\/\/akum.lv\/wp-content\/uploads\/2018\/08\/Logo-hub-energy-2018-seller-dark-blue.png","width":381,"height":75,"caption":"HubEnergy"},"image":{"@id":"https:\/\/akum.lv\/#\/schema\/logo\/image\/"}}]}},"brands":[],"_links":{"self":[{"href":"https:\/\/akum.lv\/en\/wp-json\/wp\/v2\/product\/15180","targetHints":{"allow":["GET"]}}],"collection":[{"href":"https:\/\/akum.lv\/en\/wp-json\/wp\/v2\/product"}],"about":[{"href":"https:\/\/akum.lv\/en\/wp-json\/wp\/v2\/types\/product"}],"wp:featuredmedia":[{"embeddable":true,"href":"https:\/\/akum.lv\/en\/wp-json\/wp\/v2\/media\/15183"}],"wp:attachment":[{"href":"https:\/\/akum.lv\/en\/wp-json\/wp\/v2\/media?parent=15180"}],"wp:term":[{"taxonomy":"pwb-brand","embeddable":true,"href":"https:\/\/akum.lv\/en\/wp-json\/wp\/v2\/pwb-brand?post=15180"},{"taxonomy":"product_brand","embeddable":true,"href":"https:\/\/akum.lv\/en\/wp-json\/wp\/v2\/product_brand?post=15180"},{"taxonomy":"product_cat","embeddable":true,"href":"https:\/\/akum.lv\/en\/wp-json\/wp\/v2\/product_cat?post=15180"},{"taxonomy":"product_tag","embeddable":true,"href":"https:\/\/akum.lv\/en\/wp-json\/wp\/v2\/product_tag?post=15180"}],"curies":[{"name":"wp","href":"https:\/\/api.w.org\/{rel}","templated":true}]}}