{"id":15102,"date":"2023-07-20T10:50:43","date_gmt":"2023-07-20T10:50:43","guid":{"rendered":"https:\/\/akum.lv\/\u0442\u043e\u0432\u0430\u0440\/12-8v-180ah-lithium-battery-ultimatron-ulm-12-180-lifepo4-2304wh-l357-w338-h152-with-bluetooth\/"},"modified":"2025-03-14T12:20:15","modified_gmt":"2025-03-14T12:20:15","slug":"12-8v-180ah-lithium-battery-ultimatron-ulm-12-180-lifepo4-2304wh-l357-w338-h152-with-bluetooth","status":"publish","type":"product","link":"https:\/\/akum.lv\/en\/prece\/12-8v-180ah-lithium-battery-ultimatron-ulm-12-180-lifepo4-2304wh-l357-w338-h152-with-bluetooth\/","title":{"rendered":"12.8V-180Ah LiFePO4 Lithium battery ULTIMATRON ULM-12-180 (2304Wh) L357 W338 H152 (with Bluetooth)"},"content":{"rendered":"","protected":false},"excerpt":{"rendered":"<p>12.8V-180Ah Lithium battery ULTIMATRON ULM-12-180 LiFePO4 (2304Wh) L357 W338 H152 (with Bluetooth)<\/p>\n<p><img loading=\"lazy\" decoding=\"async\" class=\"alignnone size-full wp-image-11436\" src=\"https:\/\/akum.lv\/wp-content\/uploads\/2021\/12\/pdf-icon.png\" alt=\"\" width=\"50\" height=\"50\" \/> <strong>&#8211; <a href=\"https:\/\/akum.lv\/wp-content\/uploads\/2023\/07\/datasheet-ultimatron-12v180ah-underseat-en.pdf\">Datasheet Ultimatron 12V180Ah underseat-EN<\/a><\/strong><\/p>\n<p><em><strong>Speci\u0101ls akumulatora korpuss, kura augstums ir tikai 152 mm, \u013cauj to uzst\u0101d\u012bt viet\u0101s, kur nav iesp\u0113jams uzst\u0101d\u012bt akumulatoru parastaj\u0101 korpus\u0101!<\/strong><\/em><br \/>\n<em><strong>\u0421\u043f\u0435\u0446\u0438\u0430\u043b\u044c\u043d\u044b\u0439 \u043a\u043e\u0440\u043f\u0443\u0441 \u0431\u0430\u0442\u0430\u0440\u0435\u0438 \u0441 \u0432\u044b\u0441\u043e\u0442\u043e\u0439 \u0432\u0441\u0435\u0433\u043e 152 \u043c\u043c \u043f\u043e\u0437\u0432\u043e\u043b\u044f\u0435\u0442 \u0435\u0435 \u0443\u0441\u0442\u0430\u043d\u0430\u0432\u043b\u0438\u0432\u0430\u0442\u044c \u0432 \u0442\u0435\u0445 \u043c\u0435\u0441\u0442\u0430\u0445, \u0433\u0434\u0435 \u043d\u0435 \u0432\u043e\u0437\u043c\u043e\u0436\u043d\u043e \u0443\u0441\u0442\u0430\u043d\u043e\u0432\u0438\u0442\u044c \u0431\u0430\u0442\u0430\u0440\u0435\u044e \u0432 \u043e\u0431\u044b\u0447\u043d\u043e\u043c \u043a\u043e\u0440\u043f\u0443\u0441\u0435!<\/strong><\/em><br \/>\n<em><strong>The special case of this battery with a height of only 152 mm allows it to be installed in places where it is not possible to install a battery in a conventional case!<\/strong><\/em><\/p>\n<p>Pielietojums:<br \/>\nT\u012br\u012b\u0161anas ma\u0161\u012bnas<br \/>\n\u0160\u0137\u0113rveida pac\u0113l\u0101ji<br \/>\nNoliktavas ma\u0161\u012bnas<br \/>\nRehabilit\u0101cijas tehnolo\u0123ija<br \/>\nKemperi, karav\u0101nas, laivas, jahtas<br \/>\nSaules sist\u0113mas<br \/>\nSkrejrite\u0146i<\/p>\n<p>\u041f\u0440\u0438\u043c\u0435\u043d\u0435\u043d\u0438\u0435:<br \/>\n\u041e\u0447\u0438\u0441\u0442\u0438\u0442\u0435\u043b\u044c\u043d\u044b\u0435 \u043c\u0430\u0448\u0438\u043d\u044b<br \/>\n\u041d\u043e\u0436\u043d\u0438\u0447\u043d\u044b\u0435 \u043f\u043e\u0434\u044a\u0435\u043c\u043d\u0438\u043a\u0438<br \/>\n\u0421\u043a\u043b\u0430\u0434\u0441\u043a\u0438\u0435 \u043c\u0430\u0448\u0438\u043d\u044b<br \/>\n\u0422\u0435\u0445\u043d\u043e\u043b\u043e\u0433\u0438\u044f \u0440\u0435\u0430\u0431\u0438\u043b\u0438\u0442\u0430\u0446\u0438\u0438<br \/>\n\u041a\u0435\u043c\u043f\u0435\u0440\u044b, \u043a\u0430\u0440\u0430\u0432\u0430\u043d\u044b, \u043b\u043e\u0434\u043a\u0438, \u044f\u0445\u0442\u044b<br \/>\n\u0421\u043e\u043b\u043d\u0435\u0447\u043d\u044b\u0435 \u0441\u0438\u0441\u0442\u0435\u043c\u044b<br \/>\n\u0421\u043a\u0443\u0442\u0435\u0440\u044b<\/p>\n<p>Application:<br \/>\nCleaning machines<br \/>\nScissor lifts<br \/>\nWarehouse machines<br \/>\nRehabilitation technology<br \/>\nCampervans, caravans, boats, jahts<br \/>\nSolar systems<br \/>\nScooters<\/p>\n","protected":false},"featured_media":15067,"template":"","meta":[],"pwb-brand":[839],"product_brand":[],"product_cat":[638,487,131,128,126,161],"product_tag":[],"class_list":{"0":"post-15102","1":"product","2":"type-product","3":"status-publish","4":"has-post-thumbnail","6":"pwb-brand-ultimatron-en","7":"product_cat-lifepo4-lithium-batteries","8":"product_cat-green-energy","9":"product_cat-akumulatori-udens-transportu-en","10":"product_cat-akumulatori-laivu-elektromotoriem-eholotei","11":"product_cat-akumulatori-laivam-un-jahtam-en","12":"product_cat-akumulatori-elektro-transportam","13":"pif-has-gallery","15":"first","16":"instock","17":"taxable","18":"shipping-taxable","19":"purchasable","20":"product-type-simple"},"yoast_head":"<!-- This site is optimized with the Yoast SEO plugin v26.7 - https:\/\/yoast.com\/wordpress\/plugins\/seo\/ -->\n<title>12.8V-180Ah LiFePO4 Lithium battery ULTIMATRON ULM-12-180 (2304Wh) L357 W338 H152 (with Bluetooth) - www.akum.lv<\/title>\n<meta name=\"robots\" content=\"index, follow, max-snippet:-1, max-image-preview:large, max-video-preview:-1\" \/>\n<link rel=\"canonical\" href=\"https:\/\/akum.lv\/en\/prece\/12-8v-180ah-lithium-battery-ultimatron-ulm-12-180-lifepo4-2304wh-l357-w338-h152-with-bluetooth\/\" \/>\n<meta property=\"og:locale\" content=\"en_US\" \/>\n<meta property=\"og:type\" content=\"article\" \/>\n<meta property=\"og:title\" content=\"12.8V-180Ah LiFePO4 Lithium battery ULTIMATRON ULM-12-180 (2304Wh) L357 W338 H152 (with Bluetooth) - www.akum.lv\" \/>\n<meta property=\"og:description\" content=\"12.8V-180Ah Lithium battery ULTIMATRON ULM-12-180 LiFePO4 (2304Wh) L357 W338 H152 (with Bluetooth)   - Datasheet Ultimatron 12V180Ah underseat-EN  Speci\u0101ls akumulatora korpuss, kura augstums ir tikai 152 mm, \u013cauj to uzst\u0101d\u012bt viet\u0101s, kur nav iesp\u0113jams uzst\u0101d\u012bt akumulatoru parastaj\u0101 korpus\u0101! \u0421\u043f\u0435\u0446\u0438\u0430\u043b\u044c\u043d\u044b\u0439 \u043a\u043e\u0440\u043f\u0443\u0441 \u0431\u0430\u0442\u0430\u0440\u0435\u0438 \u0441 \u0432\u044b\u0441\u043e\u0442\u043e\u0439 \u0432\u0441\u0435\u0433\u043e 152 \u043c\u043c \u043f\u043e\u0437\u0432\u043e\u043b\u044f\u0435\u0442 \u0435\u0435 \u0443\u0441\u0442\u0430\u043d\u0430\u0432\u043b\u0438\u0432\u0430\u0442\u044c \u0432 \u0442\u0435\u0445 \u043c\u0435\u0441\u0442\u0430\u0445, \u0433\u0434\u0435 \u043d\u0435 \u0432\u043e\u0437\u043c\u043e\u0436\u043d\u043e \u0443\u0441\u0442\u0430\u043d\u043e\u0432\u0438\u0442\u044c \u0431\u0430\u0442\u0430\u0440\u0435\u044e \u0432 \u043e\u0431\u044b\u0447\u043d\u043e\u043c \u043a\u043e\u0440\u043f\u0443\u0441\u0435! The special case of this battery with a height of only 152 mm allows it to be installed in places where it is not possible to install a battery in a conventional case!  Pielietojums: T\u012br\u012b\u0161anas ma\u0161\u012bnas \u0160\u0137\u0113rveida pac\u0113l\u0101ji Noliktavas ma\u0161\u012bnas Rehabilit\u0101cijas tehnolo\u0123ija Kemperi, karav\u0101nas, laivas, jahtas Saules sist\u0113mas Skrejrite\u0146i  \u041f\u0440\u0438\u043c\u0435\u043d\u0435\u043d\u0438\u0435: \u041e\u0447\u0438\u0441\u0442\u0438\u0442\u0435\u043b\u044c\u043d\u044b\u0435 \u043c\u0430\u0448\u0438\u043d\u044b \u041d\u043e\u0436\u043d\u0438\u0447\u043d\u044b\u0435 \u043f\u043e\u0434\u044a\u0435\u043c\u043d\u0438\u043a\u0438 \u0421\u043a\u043b\u0430\u0434\u0441\u043a\u0438\u0435 \u043c\u0430\u0448\u0438\u043d\u044b \u0422\u0435\u0445\u043d\u043e\u043b\u043e\u0433\u0438\u044f \u0440\u0435\u0430\u0431\u0438\u043b\u0438\u0442\u0430\u0446\u0438\u0438 \u041a\u0435\u043c\u043f\u0435\u0440\u044b, \u043a\u0430\u0440\u0430\u0432\u0430\u043d\u044b, \u043b\u043e\u0434\u043a\u0438, \u044f\u0445\u0442\u044b \u0421\u043e\u043b\u043d\u0435\u0447\u043d\u044b\u0435 \u0441\u0438\u0441\u0442\u0435\u043c\u044b \u0421\u043a\u0443\u0442\u0435\u0440\u044b  Application: Cleaning machines Scissor lifts Warehouse machines Rehabilitation technology Campervans, caravans, boats, jahts Solar systems Scooters\" \/>\n<meta property=\"og:url\" content=\"https:\/\/akum.lv\/en\/prece\/12-8v-180ah-lithium-battery-ultimatron-ulm-12-180-lifepo4-2304wh-l357-w338-h152-with-bluetooth\/\" \/>\n<meta property=\"og:site_name\" content=\"www.akum.lv\" \/>\n<meta property=\"article:modified_time\" content=\"2025-03-14T12:20:15+00:00\" \/>\n<meta property=\"og:image\" content=\"https:\/\/akum.lv\/wp-content\/uploads\/2023\/07\/ulm12v180ah-1.jpg\" \/>\n\t<meta property=\"og:image:width\" content=\"470\" \/>\n\t<meta property=\"og:image:height\" content=\"396\" \/>\n\t<meta property=\"og:image:type\" content=\"image\/jpeg\" \/>\n<meta name=\"twitter:card\" content=\"summary_large_image\" \/>\n<meta name=\"twitter:label1\" content=\"Est. reading time\" \/>\n\t<meta name=\"twitter:data1\" content=\"1 minute\" \/>\n<script type=\"application\/ld+json\" class=\"yoast-schema-graph\">{\"@context\":\"https:\/\/schema.org\",\"@graph\":[{\"@type\":\"WebPage\",\"@id\":\"https:\/\/akum.lv\/en\/prece\/12-8v-180ah-lithium-battery-ultimatron-ulm-12-180-lifepo4-2304wh-l357-w338-h152-with-bluetooth\/\",\"url\":\"https:\/\/akum.lv\/en\/prece\/12-8v-180ah-lithium-battery-ultimatron-ulm-12-180-lifepo4-2304wh-l357-w338-h152-with-bluetooth\/\",\"name\":\"12.8V-180Ah LiFePO4 Lithium battery ULTIMATRON ULM-12-180 (2304Wh) L357 W338 H152 (with Bluetooth) - www.akum.lv\",\"isPartOf\":{\"@id\":\"https:\/\/akum.lv\/#website\"},\"primaryImageOfPage\":{\"@id\":\"https:\/\/akum.lv\/en\/prece\/12-8v-180ah-lithium-battery-ultimatron-ulm-12-180-lifepo4-2304wh-l357-w338-h152-with-bluetooth\/#primaryimage\"},\"image\":{\"@id\":\"https:\/\/akum.lv\/en\/prece\/12-8v-180ah-lithium-battery-ultimatron-ulm-12-180-lifepo4-2304wh-l357-w338-h152-with-bluetooth\/#primaryimage\"},\"thumbnailUrl\":\"https:\/\/akum.lv\/wp-content\/uploads\/2023\/07\/ulm12v180ah-1.jpg\",\"datePublished\":\"2023-07-20T10:50:43+00:00\",\"dateModified\":\"2025-03-14T12:20:15+00:00\",\"breadcrumb\":{\"@id\":\"https:\/\/akum.lv\/en\/prece\/12-8v-180ah-lithium-battery-ultimatron-ulm-12-180-lifepo4-2304wh-l357-w338-h152-with-bluetooth\/#breadcrumb\"},\"inLanguage\":\"en-US\",\"potentialAction\":[{\"@type\":\"ReadAction\",\"target\":[\"https:\/\/akum.lv\/en\/prece\/12-8v-180ah-lithium-battery-ultimatron-ulm-12-180-lifepo4-2304wh-l357-w338-h152-with-bluetooth\/\"]}]},{\"@type\":\"ImageObject\",\"inLanguage\":\"en-US\",\"@id\":\"https:\/\/akum.lv\/en\/prece\/12-8v-180ah-lithium-battery-ultimatron-ulm-12-180-lifepo4-2304wh-l357-w338-h152-with-bluetooth\/#primaryimage\",\"url\":\"https:\/\/akum.lv\/wp-content\/uploads\/2023\/07\/ulm12v180ah-1.jpg\",\"contentUrl\":\"https:\/\/akum.lv\/wp-content\/uploads\/2023\/07\/ulm12v180ah-1.jpg\",\"width\":470,\"height\":396},{\"@type\":\"BreadcrumbList\",\"@id\":\"https:\/\/akum.lv\/en\/prece\/12-8v-180ah-lithium-battery-ultimatron-ulm-12-180-lifepo4-2304wh-l357-w338-h152-with-bluetooth\/#breadcrumb\",\"itemListElement\":[{\"@type\":\"ListItem\",\"position\":1,\"name\":\"\u0413\u043b\u0430\u0432\u043d\u0430\u044f \u0441\u0442\u0440\u0430\u043d\u0438\u0446\u0430\",\"item\":\"https:\/\/akum.lv\/en\/\"},{\"@type\":\"ListItem\",\"position\":2,\"name\":\"PRECES\",\"item\":\"https:\/\/akum.lv\/produkti-preces\/\"},{\"@type\":\"ListItem\",\"position\":3,\"name\":\"12.8V-180Ah LiFePO4 Lithium battery ULTIMATRON ULM-12-180 (2304Wh) L357 W338 H152 (with Bluetooth)\"}]},{\"@type\":\"WebSite\",\"@id\":\"https:\/\/akum.lv\/#website\",\"url\":\"https:\/\/akum.lv\/\",\"name\":\"www.akum.lv\",\"description\":\"Akumulatoru p\u0101rdev\u0113js | \u041f\u0440\u043e\u0434\u0430\u0432\u0435\u0446 \u0430\u043a\u043a\u0443\u043c\u0443\u043b\u044f\u0442\u043e\u0440\u043e\u0432 | Battery seller\",\"publisher\":{\"@id\":\"https:\/\/akum.lv\/#organization\"},\"potentialAction\":[{\"@type\":\"SearchAction\",\"target\":{\"@type\":\"EntryPoint\",\"urlTemplate\":\"https:\/\/akum.lv\/?s={search_term_string}\"},\"query-input\":{\"@type\":\"PropertyValueSpecification\",\"valueRequired\":true,\"valueName\":\"search_term_string\"}}],\"inLanguage\":\"en-US\"},{\"@type\":\"Organization\",\"@id\":\"https:\/\/akum.lv\/#organization\",\"name\":\"HubEnergy\",\"url\":\"https:\/\/akum.lv\/\",\"logo\":{\"@type\":\"ImageObject\",\"inLanguage\":\"en-US\",\"@id\":\"https:\/\/akum.lv\/#\/schema\/logo\/image\/\",\"url\":\"https:\/\/akum.lv\/wp-content\/uploads\/2018\/08\/Logo-hub-energy-2018-seller-dark-blue.png\",\"contentUrl\":\"https:\/\/akum.lv\/wp-content\/uploads\/2018\/08\/Logo-hub-energy-2018-seller-dark-blue.png\",\"width\":381,\"height\":75,\"caption\":\"HubEnergy\"},\"image\":{\"@id\":\"https:\/\/akum.lv\/#\/schema\/logo\/image\/\"}}]}<\/script>\n<!-- \/ Yoast SEO plugin. -->","yoast_head_json":{"title":"12.8V-180Ah LiFePO4 Lithium battery ULTIMATRON ULM-12-180 (2304Wh) L357 W338 H152 (with Bluetooth) - www.akum.lv","robots":{"index":"index","follow":"follow","max-snippet":"max-snippet:-1","max-image-preview":"max-image-preview:large","max-video-preview":"max-video-preview:-1"},"canonical":"https:\/\/akum.lv\/en\/prece\/12-8v-180ah-lithium-battery-ultimatron-ulm-12-180-lifepo4-2304wh-l357-w338-h152-with-bluetooth\/","og_locale":"en_US","og_type":"article","og_title":"12.8V-180Ah LiFePO4 Lithium battery ULTIMATRON ULM-12-180 (2304Wh) L357 W338 H152 (with Bluetooth) - www.akum.lv","og_description":"12.8V-180Ah Lithium battery ULTIMATRON ULM-12-180 LiFePO4 (2304Wh) L357 W338 H152 (with Bluetooth)   - Datasheet Ultimatron 12V180Ah underseat-EN  Speci\u0101ls akumulatora korpuss, kura augstums ir tikai 152 mm, \u013cauj to uzst\u0101d\u012bt viet\u0101s, kur nav iesp\u0113jams uzst\u0101d\u012bt akumulatoru parastaj\u0101 korpus\u0101! \u0421\u043f\u0435\u0446\u0438\u0430\u043b\u044c\u043d\u044b\u0439 \u043a\u043e\u0440\u043f\u0443\u0441 \u0431\u0430\u0442\u0430\u0440\u0435\u0438 \u0441 \u0432\u044b\u0441\u043e\u0442\u043e\u0439 \u0432\u0441\u0435\u0433\u043e 152 \u043c\u043c \u043f\u043e\u0437\u0432\u043e\u043b\u044f\u0435\u0442 \u0435\u0435 \u0443\u0441\u0442\u0430\u043d\u0430\u0432\u043b\u0438\u0432\u0430\u0442\u044c \u0432 \u0442\u0435\u0445 \u043c\u0435\u0441\u0442\u0430\u0445, \u0433\u0434\u0435 \u043d\u0435 \u0432\u043e\u0437\u043c\u043e\u0436\u043d\u043e \u0443\u0441\u0442\u0430\u043d\u043e\u0432\u0438\u0442\u044c \u0431\u0430\u0442\u0430\u0440\u0435\u044e \u0432 \u043e\u0431\u044b\u0447\u043d\u043e\u043c \u043a\u043e\u0440\u043f\u0443\u0441\u0435! The special case of this battery with a height of only 152 mm allows it to be installed in places where it is not possible to install a battery in a conventional case!  Pielietojums: T\u012br\u012b\u0161anas ma\u0161\u012bnas \u0160\u0137\u0113rveida pac\u0113l\u0101ji Noliktavas ma\u0161\u012bnas Rehabilit\u0101cijas tehnolo\u0123ija Kemperi, karav\u0101nas, laivas, jahtas Saules sist\u0113mas Skrejrite\u0146i  \u041f\u0440\u0438\u043c\u0435\u043d\u0435\u043d\u0438\u0435: \u041e\u0447\u0438\u0441\u0442\u0438\u0442\u0435\u043b\u044c\u043d\u044b\u0435 \u043c\u0430\u0448\u0438\u043d\u044b \u041d\u043e\u0436\u043d\u0438\u0447\u043d\u044b\u0435 \u043f\u043e\u0434\u044a\u0435\u043c\u043d\u0438\u043a\u0438 \u0421\u043a\u043b\u0430\u0434\u0441\u043a\u0438\u0435 \u043c\u0430\u0448\u0438\u043d\u044b \u0422\u0435\u0445\u043d\u043e\u043b\u043e\u0433\u0438\u044f \u0440\u0435\u0430\u0431\u0438\u043b\u0438\u0442\u0430\u0446\u0438\u0438 \u041a\u0435\u043c\u043f\u0435\u0440\u044b, \u043a\u0430\u0440\u0430\u0432\u0430\u043d\u044b, \u043b\u043e\u0434\u043a\u0438, \u044f\u0445\u0442\u044b \u0421\u043e\u043b\u043d\u0435\u0447\u043d\u044b\u0435 \u0441\u0438\u0441\u0442\u0435\u043c\u044b \u0421\u043a\u0443\u0442\u0435\u0440\u044b  Application: Cleaning machines Scissor lifts Warehouse machines Rehabilitation technology Campervans, caravans, boats, jahts Solar systems Scooters","og_url":"https:\/\/akum.lv\/en\/prece\/12-8v-180ah-lithium-battery-ultimatron-ulm-12-180-lifepo4-2304wh-l357-w338-h152-with-bluetooth\/","og_site_name":"www.akum.lv","article_modified_time":"2025-03-14T12:20:15+00:00","og_image":[{"width":470,"height":396,"url":"https:\/\/akum.lv\/wp-content\/uploads\/2023\/07\/ulm12v180ah-1.jpg","type":"image\/jpeg"}],"twitter_card":"summary_large_image","twitter_misc":{"Est. reading time":"1 minute"},"schema":{"@context":"https:\/\/schema.org","@graph":[{"@type":"WebPage","@id":"https:\/\/akum.lv\/en\/prece\/12-8v-180ah-lithium-battery-ultimatron-ulm-12-180-lifepo4-2304wh-l357-w338-h152-with-bluetooth\/","url":"https:\/\/akum.lv\/en\/prece\/12-8v-180ah-lithium-battery-ultimatron-ulm-12-180-lifepo4-2304wh-l357-w338-h152-with-bluetooth\/","name":"12.8V-180Ah LiFePO4 Lithium battery ULTIMATRON ULM-12-180 (2304Wh) L357 W338 H152 (with Bluetooth) - www.akum.lv","isPartOf":{"@id":"https:\/\/akum.lv\/#website"},"primaryImageOfPage":{"@id":"https:\/\/akum.lv\/en\/prece\/12-8v-180ah-lithium-battery-ultimatron-ulm-12-180-lifepo4-2304wh-l357-w338-h152-with-bluetooth\/#primaryimage"},"image":{"@id":"https:\/\/akum.lv\/en\/prece\/12-8v-180ah-lithium-battery-ultimatron-ulm-12-180-lifepo4-2304wh-l357-w338-h152-with-bluetooth\/#primaryimage"},"thumbnailUrl":"https:\/\/akum.lv\/wp-content\/uploads\/2023\/07\/ulm12v180ah-1.jpg","datePublished":"2023-07-20T10:50:43+00:00","dateModified":"2025-03-14T12:20:15+00:00","breadcrumb":{"@id":"https:\/\/akum.lv\/en\/prece\/12-8v-180ah-lithium-battery-ultimatron-ulm-12-180-lifepo4-2304wh-l357-w338-h152-with-bluetooth\/#breadcrumb"},"inLanguage":"en-US","potentialAction":[{"@type":"ReadAction","target":["https:\/\/akum.lv\/en\/prece\/12-8v-180ah-lithium-battery-ultimatron-ulm-12-180-lifepo4-2304wh-l357-w338-h152-with-bluetooth\/"]}]},{"@type":"ImageObject","inLanguage":"en-US","@id":"https:\/\/akum.lv\/en\/prece\/12-8v-180ah-lithium-battery-ultimatron-ulm-12-180-lifepo4-2304wh-l357-w338-h152-with-bluetooth\/#primaryimage","url":"https:\/\/akum.lv\/wp-content\/uploads\/2023\/07\/ulm12v180ah-1.jpg","contentUrl":"https:\/\/akum.lv\/wp-content\/uploads\/2023\/07\/ulm12v180ah-1.jpg","width":470,"height":396},{"@type":"BreadcrumbList","@id":"https:\/\/akum.lv\/en\/prece\/12-8v-180ah-lithium-battery-ultimatron-ulm-12-180-lifepo4-2304wh-l357-w338-h152-with-bluetooth\/#breadcrumb","itemListElement":[{"@type":"ListItem","position":1,"name":"\u0413\u043b\u0430\u0432\u043d\u0430\u044f \u0441\u0442\u0440\u0430\u043d\u0438\u0446\u0430","item":"https:\/\/akum.lv\/en\/"},{"@type":"ListItem","position":2,"name":"PRECES","item":"https:\/\/akum.lv\/produkti-preces\/"},{"@type":"ListItem","position":3,"name":"12.8V-180Ah LiFePO4 Lithium battery ULTIMATRON ULM-12-180 (2304Wh) L357 W338 H152 (with Bluetooth)"}]},{"@type":"WebSite","@id":"https:\/\/akum.lv\/#website","url":"https:\/\/akum.lv\/","name":"www.akum.lv","description":"Akumulatoru p\u0101rdev\u0113js | \u041f\u0440\u043e\u0434\u0430\u0432\u0435\u0446 \u0430\u043a\u043a\u0443\u043c\u0443\u043b\u044f\u0442\u043e\u0440\u043e\u0432 | Battery seller","publisher":{"@id":"https:\/\/akum.lv\/#organization"},"potentialAction":[{"@type":"SearchAction","target":{"@type":"EntryPoint","urlTemplate":"https:\/\/akum.lv\/?s={search_term_string}"},"query-input":{"@type":"PropertyValueSpecification","valueRequired":true,"valueName":"search_term_string"}}],"inLanguage":"en-US"},{"@type":"Organization","@id":"https:\/\/akum.lv\/#organization","name":"HubEnergy","url":"https:\/\/akum.lv\/","logo":{"@type":"ImageObject","inLanguage":"en-US","@id":"https:\/\/akum.lv\/#\/schema\/logo\/image\/","url":"https:\/\/akum.lv\/wp-content\/uploads\/2018\/08\/Logo-hub-energy-2018-seller-dark-blue.png","contentUrl":"https:\/\/akum.lv\/wp-content\/uploads\/2018\/08\/Logo-hub-energy-2018-seller-dark-blue.png","width":381,"height":75,"caption":"HubEnergy"},"image":{"@id":"https:\/\/akum.lv\/#\/schema\/logo\/image\/"}}]}},"brands":[{"id":839,"name":"ULTIMATRON","slug":"ultimatron-en"}],"_links":{"self":[{"href":"https:\/\/akum.lv\/en\/wp-json\/wp\/v2\/product\/15102","targetHints":{"allow":["GET"]}}],"collection":[{"href":"https:\/\/akum.lv\/en\/wp-json\/wp\/v2\/product"}],"about":[{"href":"https:\/\/akum.lv\/en\/wp-json\/wp\/v2\/types\/product"}],"wp:featuredmedia":[{"embeddable":true,"href":"https:\/\/akum.lv\/en\/wp-json\/wp\/v2\/media\/15067"}],"wp:attachment":[{"href":"https:\/\/akum.lv\/en\/wp-json\/wp\/v2\/media?parent=15102"}],"wp:term":[{"taxonomy":"pwb-brand","embeddable":true,"href":"https:\/\/akum.lv\/en\/wp-json\/wp\/v2\/pwb-brand?post=15102"},{"taxonomy":"product_brand","embeddable":true,"href":"https:\/\/akum.lv\/en\/wp-json\/wp\/v2\/product_brand?post=15102"},{"taxonomy":"product_cat","embeddable":true,"href":"https:\/\/akum.lv\/en\/wp-json\/wp\/v2\/product_cat?post=15102"},{"taxonomy":"product_tag","embeddable":true,"href":"https:\/\/akum.lv\/en\/wp-json\/wp\/v2\/product_tag?post=15102"}],"curies":[{"name":"wp","href":"https:\/\/api.w.org\/{rel}","templated":true}]}}