{"id":14693,"date":"2023-04-03T19:07:26","date_gmt":"2023-04-03T19:07:26","guid":{"rendered":"https:\/\/akum.lv\/\u0442\u043e\u0432\u0430\u0440\/ssb-battery-gmbh-sbl-76-12hr_12v-1831w-agm-c10-65ah-12v-f-11-m6-10-12-y-l350-w167-h182\/"},"modified":"2025-07-30T12:10:11","modified_gmt":"2025-07-30T12:10:11","slug":"ssb-battery-gmbh-sbl-76-12hr_12v-1831w-agm-c10-65ah-12v-f-11-m6-10-12-y-l350-w167-h182","status":"publish","type":"product","link":"https:\/\/akum.lv\/en\/prece\/ssb-battery-gmbh-sbl-76-12hr_12v-1831w-agm-c10-65ah-12v-f-11-m6-10-12-y-l350-w167-h182\/","title":{"rendered":"SSB battery GmbH SBL 76-12HR_12V 1831W AGM \/ C10-65Ah-12V \/ F-11 M6 (10-12 y) L350 W167 H182"},"content":{"rendered":"","protected":false},"excerpt":{"rendered":"<p>SSB battery GmbH SBL 76-12HR_12V 1831W AGM \/ C10-65Ah-12V \/ F-11 M6 (10-12 y) L350 W167 H182<\/p>\n<p><img loading=\"lazy\" decoding=\"async\" class=\"alignnone size-full wp-image-11436\" src=\"https:\/\/akum.lv\/wp-content\/uploads\/2021\/12\/pdf-icon.png\" alt=\"\" width=\"50\" height=\"50\" \/> <strong>&#8211; <a href=\"https:\/\/akum.lv\/wp-content\/uploads\/2023\/04\/ssb_sbl-76-12hr.pdf\">SSB_SBL 76-12HR<\/a><\/strong><\/p>\n<p>SIA ,,HUB ENERGY,, \u2013 ofici\u0101lais bateriju izplat\u012bt\u0101js ,,SSB battery GmbH,, Latvij\u0101, Lietuv\u0101 un Igaunij\u0101<br \/>\nSIA ,,HUB ENERGY,, \u2013 \u043e\u0444\u0438\u0446\u0438\u0430\u043b\u044c\u043d\u044b\u0439 \u0434\u0438\u0441\u0442\u0440\u0438\u0431\u044c\u044e\u0442\u043e\u0440 \u0431\u0430\u0442\u0430\u0440\u0435\u0439 ,,SSB battery GmbH,, \u0432 \u041b\u0430\u0442\u0432\u0438\u0438, \u041b\u0438\u0442\u0432\u0435 \u0438 \u042d\u0441\u0442\u043e\u043d\u0438\u0438<br \/>\nSIA ,,HUB ENERGY,, \u2013 official distributor of batteries ,,SSB battery GmbH,, in Latvia, Lithuania and Estonia<\/p>\n","protected":false},"featured_media":14697,"template":"","meta":[],"pwb-brand":[344],"product_brand":[],"product_cat":[375,442,160,185,510,899],"product_tag":[],"class_list":{"0":"post-14693","1":"product","2":"type-product","3":"status-publish","4":"has-post-thumbnail","6":"pwb-brand-ssb-batteries-gmbh-en","7":"product_cat-agm-technology-batteries-eng","8":"product_cat-agm-12v-batteries","9":"product_cat-agm-akumulatori-signalizacijas-drosibas-sistemam","10":"product_cat-ups-telecom-batteries","11":"product_cat-ssb-battery-gmbh","12":"product_cat-ssb-sbl-hr-series","14":"first","15":"instock","16":"taxable","17":"shipping-taxable","18":"purchasable","19":"product-type-simple"},"yoast_head":"<!-- This site is optimized with the Yoast SEO plugin v26.7 - https:\/\/yoast.com\/wordpress\/plugins\/seo\/ -->\n<title>SSB battery GmbH SBL 76-12HR_12V 1831W AGM \/ C10-65Ah-12V \/ F-11 M6 (10-12 y) L350 W167 H182 - www.akum.lv<\/title>\n<meta name=\"robots\" content=\"index, follow, max-snippet:-1, max-image-preview:large, max-video-preview:-1\" \/>\n<link rel=\"canonical\" href=\"https:\/\/akum.lv\/en\/prece\/ssb-battery-gmbh-sbl-76-12hr_12v-1831w-agm-c10-65ah-12v-f-11-m6-10-12-y-l350-w167-h182\/\" \/>\n<meta property=\"og:locale\" content=\"en_US\" \/>\n<meta property=\"og:type\" content=\"article\" \/>\n<meta property=\"og:title\" content=\"SSB battery GmbH SBL 76-12HR_12V 1831W AGM \/ C10-65Ah-12V \/ F-11 M6 (10-12 y) L350 W167 H182 - www.akum.lv\" \/>\n<meta property=\"og:description\" content=\"SSB battery GmbH SBL 76-12HR_12V 1831W AGM \/ C10-65Ah-12V \/ F-11 M6 (10-12 y) L350 W167 H182   - SSB_SBL 76-12HR  SIA ,,HUB ENERGY,, \u2013 ofici\u0101lais bateriju izplat\u012bt\u0101js ,,SSB battery GmbH,, Latvij\u0101, Lietuv\u0101 un Igaunij\u0101 SIA ,,HUB ENERGY,, \u2013 \u043e\u0444\u0438\u0446\u0438\u0430\u043b\u044c\u043d\u044b\u0439 \u0434\u0438\u0441\u0442\u0440\u0438\u0431\u044c\u044e\u0442\u043e\u0440 \u0431\u0430\u0442\u0430\u0440\u0435\u0439 ,,SSB battery GmbH,, \u0432 \u041b\u0430\u0442\u0432\u0438\u0438, \u041b\u0438\u0442\u0432\u0435 \u0438 \u042d\u0441\u0442\u043e\u043d\u0438\u0438 SIA ,,HUB ENERGY,, \u2013 official distributor of batteries ,,SSB battery GmbH,, in Latvia, Lithuania and Estonia\" \/>\n<meta property=\"og:url\" content=\"https:\/\/akum.lv\/en\/prece\/ssb-battery-gmbh-sbl-76-12hr_12v-1831w-agm-c10-65ah-12v-f-11-m6-10-12-y-l350-w167-h182\/\" \/>\n<meta property=\"og:site_name\" content=\"www.akum.lv\" \/>\n<meta property=\"article:modified_time\" content=\"2025-07-30T12:10:11+00:00\" \/>\n<meta property=\"og:image\" content=\"https:\/\/akum.lv\/wp-content\/uploads\/2023\/04\/sbl-76-12hr.jpg\" \/>\n\t<meta property=\"og:image:width\" content=\"450\" \/>\n\t<meta property=\"og:image:height\" content=\"259\" \/>\n\t<meta property=\"og:image:type\" content=\"image\/jpeg\" \/>\n<meta name=\"twitter:card\" content=\"summary_large_image\" \/>\n<meta name=\"twitter:label1\" content=\"Est. reading time\" \/>\n\t<meta name=\"twitter:data1\" content=\"1 minute\" \/>\n<script type=\"application\/ld+json\" class=\"yoast-schema-graph\">{\"@context\":\"https:\/\/schema.org\",\"@graph\":[{\"@type\":\"WebPage\",\"@id\":\"https:\/\/akum.lv\/en\/prece\/ssb-battery-gmbh-sbl-76-12hr_12v-1831w-agm-c10-65ah-12v-f-11-m6-10-12-y-l350-w167-h182\/\",\"url\":\"https:\/\/akum.lv\/en\/prece\/ssb-battery-gmbh-sbl-76-12hr_12v-1831w-agm-c10-65ah-12v-f-11-m6-10-12-y-l350-w167-h182\/\",\"name\":\"SSB battery GmbH SBL 76-12HR_12V 1831W AGM \/ C10-65Ah-12V \/ F-11 M6 (10-12 y) L350 W167 H182 - www.akum.lv\",\"isPartOf\":{\"@id\":\"https:\/\/akum.lv\/#website\"},\"primaryImageOfPage\":{\"@id\":\"https:\/\/akum.lv\/en\/prece\/ssb-battery-gmbh-sbl-76-12hr_12v-1831w-agm-c10-65ah-12v-f-11-m6-10-12-y-l350-w167-h182\/#primaryimage\"},\"image\":{\"@id\":\"https:\/\/akum.lv\/en\/prece\/ssb-battery-gmbh-sbl-76-12hr_12v-1831w-agm-c10-65ah-12v-f-11-m6-10-12-y-l350-w167-h182\/#primaryimage\"},\"thumbnailUrl\":\"https:\/\/akum.lv\/wp-content\/uploads\/2023\/04\/sbl-76-12hr.jpg\",\"datePublished\":\"2023-04-03T19:07:26+00:00\",\"dateModified\":\"2025-07-30T12:10:11+00:00\",\"breadcrumb\":{\"@id\":\"https:\/\/akum.lv\/en\/prece\/ssb-battery-gmbh-sbl-76-12hr_12v-1831w-agm-c10-65ah-12v-f-11-m6-10-12-y-l350-w167-h182\/#breadcrumb\"},\"inLanguage\":\"en-US\",\"potentialAction\":[{\"@type\":\"ReadAction\",\"target\":[\"https:\/\/akum.lv\/en\/prece\/ssb-battery-gmbh-sbl-76-12hr_12v-1831w-agm-c10-65ah-12v-f-11-m6-10-12-y-l350-w167-h182\/\"]}]},{\"@type\":\"ImageObject\",\"inLanguage\":\"en-US\",\"@id\":\"https:\/\/akum.lv\/en\/prece\/ssb-battery-gmbh-sbl-76-12hr_12v-1831w-agm-c10-65ah-12v-f-11-m6-10-12-y-l350-w167-h182\/#primaryimage\",\"url\":\"https:\/\/akum.lv\/wp-content\/uploads\/2023\/04\/sbl-76-12hr.jpg\",\"contentUrl\":\"https:\/\/akum.lv\/wp-content\/uploads\/2023\/04\/sbl-76-12hr.jpg\",\"width\":450,\"height\":259},{\"@type\":\"BreadcrumbList\",\"@id\":\"https:\/\/akum.lv\/en\/prece\/ssb-battery-gmbh-sbl-76-12hr_12v-1831w-agm-c10-65ah-12v-f-11-m6-10-12-y-l350-w167-h182\/#breadcrumb\",\"itemListElement\":[{\"@type\":\"ListItem\",\"position\":1,\"name\":\"\u0413\u043b\u0430\u0432\u043d\u0430\u044f \u0441\u0442\u0440\u0430\u043d\u0438\u0446\u0430\",\"item\":\"https:\/\/akum.lv\/en\/\"},{\"@type\":\"ListItem\",\"position\":2,\"name\":\"PRECES\",\"item\":\"https:\/\/akum.lv\/produkti-preces\/\"},{\"@type\":\"ListItem\",\"position\":3,\"name\":\"SSB battery GmbH SBL 76-12HR_12V 1831W AGM \/ C10-65Ah-12V \/ F-11 M6 (10-12 y) L350 W167 H182\"}]},{\"@type\":\"WebSite\",\"@id\":\"https:\/\/akum.lv\/#website\",\"url\":\"https:\/\/akum.lv\/\",\"name\":\"www.akum.lv\",\"description\":\"Akumulatoru p\u0101rdev\u0113js | \u041f\u0440\u043e\u0434\u0430\u0432\u0435\u0446 \u0430\u043a\u043a\u0443\u043c\u0443\u043b\u044f\u0442\u043e\u0440\u043e\u0432 | Battery seller\",\"publisher\":{\"@id\":\"https:\/\/akum.lv\/#organization\"},\"potentialAction\":[{\"@type\":\"SearchAction\",\"target\":{\"@type\":\"EntryPoint\",\"urlTemplate\":\"https:\/\/akum.lv\/?s={search_term_string}\"},\"query-input\":{\"@type\":\"PropertyValueSpecification\",\"valueRequired\":true,\"valueName\":\"search_term_string\"}}],\"inLanguage\":\"en-US\"},{\"@type\":\"Organization\",\"@id\":\"https:\/\/akum.lv\/#organization\",\"name\":\"HubEnergy\",\"url\":\"https:\/\/akum.lv\/\",\"logo\":{\"@type\":\"ImageObject\",\"inLanguage\":\"en-US\",\"@id\":\"https:\/\/akum.lv\/#\/schema\/logo\/image\/\",\"url\":\"https:\/\/akum.lv\/wp-content\/uploads\/2018\/08\/Logo-hub-energy-2018-seller-dark-blue.png\",\"contentUrl\":\"https:\/\/akum.lv\/wp-content\/uploads\/2018\/08\/Logo-hub-energy-2018-seller-dark-blue.png\",\"width\":381,\"height\":75,\"caption\":\"HubEnergy\"},\"image\":{\"@id\":\"https:\/\/akum.lv\/#\/schema\/logo\/image\/\"}}]}<\/script>\n<!-- \/ Yoast SEO plugin. -->","yoast_head_json":{"title":"SSB battery GmbH SBL 76-12HR_12V 1831W AGM \/ C10-65Ah-12V \/ F-11 M6 (10-12 y) L350 W167 H182 - www.akum.lv","robots":{"index":"index","follow":"follow","max-snippet":"max-snippet:-1","max-image-preview":"max-image-preview:large","max-video-preview":"max-video-preview:-1"},"canonical":"https:\/\/akum.lv\/en\/prece\/ssb-battery-gmbh-sbl-76-12hr_12v-1831w-agm-c10-65ah-12v-f-11-m6-10-12-y-l350-w167-h182\/","og_locale":"en_US","og_type":"article","og_title":"SSB battery GmbH SBL 76-12HR_12V 1831W AGM \/ C10-65Ah-12V \/ F-11 M6 (10-12 y) L350 W167 H182 - www.akum.lv","og_description":"SSB battery GmbH SBL 76-12HR_12V 1831W AGM \/ C10-65Ah-12V \/ F-11 M6 (10-12 y) L350 W167 H182   - SSB_SBL 76-12HR  SIA ,,HUB ENERGY,, \u2013 ofici\u0101lais bateriju izplat\u012bt\u0101js ,,SSB battery GmbH,, Latvij\u0101, Lietuv\u0101 un Igaunij\u0101 SIA ,,HUB ENERGY,, \u2013 \u043e\u0444\u0438\u0446\u0438\u0430\u043b\u044c\u043d\u044b\u0439 \u0434\u0438\u0441\u0442\u0440\u0438\u0431\u044c\u044e\u0442\u043e\u0440 \u0431\u0430\u0442\u0430\u0440\u0435\u0439 ,,SSB battery GmbH,, \u0432 \u041b\u0430\u0442\u0432\u0438\u0438, \u041b\u0438\u0442\u0432\u0435 \u0438 \u042d\u0441\u0442\u043e\u043d\u0438\u0438 SIA ,,HUB ENERGY,, \u2013 official distributor of batteries ,,SSB battery GmbH,, in Latvia, Lithuania and Estonia","og_url":"https:\/\/akum.lv\/en\/prece\/ssb-battery-gmbh-sbl-76-12hr_12v-1831w-agm-c10-65ah-12v-f-11-m6-10-12-y-l350-w167-h182\/","og_site_name":"www.akum.lv","article_modified_time":"2025-07-30T12:10:11+00:00","og_image":[{"width":450,"height":259,"url":"https:\/\/akum.lv\/wp-content\/uploads\/2023\/04\/sbl-76-12hr.jpg","type":"image\/jpeg"}],"twitter_card":"summary_large_image","twitter_misc":{"Est. reading time":"1 minute"},"schema":{"@context":"https:\/\/schema.org","@graph":[{"@type":"WebPage","@id":"https:\/\/akum.lv\/en\/prece\/ssb-battery-gmbh-sbl-76-12hr_12v-1831w-agm-c10-65ah-12v-f-11-m6-10-12-y-l350-w167-h182\/","url":"https:\/\/akum.lv\/en\/prece\/ssb-battery-gmbh-sbl-76-12hr_12v-1831w-agm-c10-65ah-12v-f-11-m6-10-12-y-l350-w167-h182\/","name":"SSB battery GmbH SBL 76-12HR_12V 1831W AGM \/ C10-65Ah-12V \/ F-11 M6 (10-12 y) L350 W167 H182 - www.akum.lv","isPartOf":{"@id":"https:\/\/akum.lv\/#website"},"primaryImageOfPage":{"@id":"https:\/\/akum.lv\/en\/prece\/ssb-battery-gmbh-sbl-76-12hr_12v-1831w-agm-c10-65ah-12v-f-11-m6-10-12-y-l350-w167-h182\/#primaryimage"},"image":{"@id":"https:\/\/akum.lv\/en\/prece\/ssb-battery-gmbh-sbl-76-12hr_12v-1831w-agm-c10-65ah-12v-f-11-m6-10-12-y-l350-w167-h182\/#primaryimage"},"thumbnailUrl":"https:\/\/akum.lv\/wp-content\/uploads\/2023\/04\/sbl-76-12hr.jpg","datePublished":"2023-04-03T19:07:26+00:00","dateModified":"2025-07-30T12:10:11+00:00","breadcrumb":{"@id":"https:\/\/akum.lv\/en\/prece\/ssb-battery-gmbh-sbl-76-12hr_12v-1831w-agm-c10-65ah-12v-f-11-m6-10-12-y-l350-w167-h182\/#breadcrumb"},"inLanguage":"en-US","potentialAction":[{"@type":"ReadAction","target":["https:\/\/akum.lv\/en\/prece\/ssb-battery-gmbh-sbl-76-12hr_12v-1831w-agm-c10-65ah-12v-f-11-m6-10-12-y-l350-w167-h182\/"]}]},{"@type":"ImageObject","inLanguage":"en-US","@id":"https:\/\/akum.lv\/en\/prece\/ssb-battery-gmbh-sbl-76-12hr_12v-1831w-agm-c10-65ah-12v-f-11-m6-10-12-y-l350-w167-h182\/#primaryimage","url":"https:\/\/akum.lv\/wp-content\/uploads\/2023\/04\/sbl-76-12hr.jpg","contentUrl":"https:\/\/akum.lv\/wp-content\/uploads\/2023\/04\/sbl-76-12hr.jpg","width":450,"height":259},{"@type":"BreadcrumbList","@id":"https:\/\/akum.lv\/en\/prece\/ssb-battery-gmbh-sbl-76-12hr_12v-1831w-agm-c10-65ah-12v-f-11-m6-10-12-y-l350-w167-h182\/#breadcrumb","itemListElement":[{"@type":"ListItem","position":1,"name":"\u0413\u043b\u0430\u0432\u043d\u0430\u044f \u0441\u0442\u0440\u0430\u043d\u0438\u0446\u0430","item":"https:\/\/akum.lv\/en\/"},{"@type":"ListItem","position":2,"name":"PRECES","item":"https:\/\/akum.lv\/produkti-preces\/"},{"@type":"ListItem","position":3,"name":"SSB battery GmbH SBL 76-12HR_12V 1831W AGM \/ C10-65Ah-12V \/ F-11 M6 (10-12 y) L350 W167 H182"}]},{"@type":"WebSite","@id":"https:\/\/akum.lv\/#website","url":"https:\/\/akum.lv\/","name":"www.akum.lv","description":"Akumulatoru p\u0101rdev\u0113js | \u041f\u0440\u043e\u0434\u0430\u0432\u0435\u0446 \u0430\u043a\u043a\u0443\u043c\u0443\u043b\u044f\u0442\u043e\u0440\u043e\u0432 | Battery seller","publisher":{"@id":"https:\/\/akum.lv\/#organization"},"potentialAction":[{"@type":"SearchAction","target":{"@type":"EntryPoint","urlTemplate":"https:\/\/akum.lv\/?s={search_term_string}"},"query-input":{"@type":"PropertyValueSpecification","valueRequired":true,"valueName":"search_term_string"}}],"inLanguage":"en-US"},{"@type":"Organization","@id":"https:\/\/akum.lv\/#organization","name":"HubEnergy","url":"https:\/\/akum.lv\/","logo":{"@type":"ImageObject","inLanguage":"en-US","@id":"https:\/\/akum.lv\/#\/schema\/logo\/image\/","url":"https:\/\/akum.lv\/wp-content\/uploads\/2018\/08\/Logo-hub-energy-2018-seller-dark-blue.png","contentUrl":"https:\/\/akum.lv\/wp-content\/uploads\/2018\/08\/Logo-hub-energy-2018-seller-dark-blue.png","width":381,"height":75,"caption":"HubEnergy"},"image":{"@id":"https:\/\/akum.lv\/#\/schema\/logo\/image\/"}}]}},"brands":[{"id":344,"name":"SSB Batteries GmbH","slug":"ssb-batteries-gmbh-en"}],"_links":{"self":[{"href":"https:\/\/akum.lv\/en\/wp-json\/wp\/v2\/product\/14693","targetHints":{"allow":["GET"]}}],"collection":[{"href":"https:\/\/akum.lv\/en\/wp-json\/wp\/v2\/product"}],"about":[{"href":"https:\/\/akum.lv\/en\/wp-json\/wp\/v2\/types\/product"}],"wp:featuredmedia":[{"embeddable":true,"href":"https:\/\/akum.lv\/en\/wp-json\/wp\/v2\/media\/14697"}],"wp:attachment":[{"href":"https:\/\/akum.lv\/en\/wp-json\/wp\/v2\/media?parent=14693"}],"wp:term":[{"taxonomy":"pwb-brand","embeddable":true,"href":"https:\/\/akum.lv\/en\/wp-json\/wp\/v2\/pwb-brand?post=14693"},{"taxonomy":"product_brand","embeddable":true,"href":"https:\/\/akum.lv\/en\/wp-json\/wp\/v2\/product_brand?post=14693"},{"taxonomy":"product_cat","embeddable":true,"href":"https:\/\/akum.lv\/en\/wp-json\/wp\/v2\/product_cat?post=14693"},{"taxonomy":"product_tag","embeddable":true,"href":"https:\/\/akum.lv\/en\/wp-json\/wp\/v2\/product_tag?post=14693"}],"curies":[{"name":"wp","href":"https:\/\/api.w.org\/{rel}","templated":true}]}}