{"id":14371,"date":"2023-02-15T14:01:03","date_gmt":"2023-02-15T14:01:03","guid":{"rendered":"https:\/\/akum.lv\/prece\/mwc80-12-mwpower-battery-pb-carbon-vrla-deep-cycle-12v-80ah-m6-l258-w168-h211-mm\/"},"modified":"2026-03-06T12:24:19","modified_gmt":"2026-03-06T12:24:19","slug":"mwc80-12-mwpower-battery-pb-carbon-vrla-deep-cycle-12v-80ah-m6-l258-w168-h211-mm","status":"publish","type":"product","link":"https:\/\/akum.lv\/en\/prece\/mwc80-12-mwpower-battery-pb-carbon-vrla-deep-cycle-12v-80ah-m6-l258-w168-h211-mm\/","title":{"rendered":"MWC80-12 MWPower battery \/ Pb-Carbon VRLA Deep Cycle \/ 12V-80Ah \/ M6 \/ L258 W168 H211 mm"},"content":{"rendered":"","protected":false},"excerpt":{"rendered":"<p>MWC110-12 MWPower battery \/ Pb-Carbon VRLA Deep Cycle \/ 12V-110Ah \/ M8 \/ L330 W171 H219 mm<\/p>\n<p>Lead-Carbon DEEP CYCLE battery<\/p>\n<p><img loading=\"lazy\" decoding=\"async\" class=\"alignnone size-full wp-image-11436\" src=\"https:\/\/akum.lv\/wp-content\/uploads\/2021\/12\/pdf-icon.png\" alt=\"\" width=\"50\" height=\"50\" \/> <strong>&#8211; <a href=\"https:\/\/akum.lv\/wp-content\/uploads\/2023\/02\/mwc-80-12_datasheet.pdf\">MWC 80-12_Datasheet<\/a><\/strong><\/p>\n<p><strong>Pieteikums \/ \u041f\u0440\u0438\u043c\u0435\u043d\u0435\u043d\u0438\u044f \/ Applications<\/strong><\/p>\n<p>UPS sist\u0113mas \/ \u0421\u0438\u0441\u0442\u0435\u043c\u044b \u0418\u0411\u041f \/ UPS systems<br \/>\nGolfa rati\u0146i (ma\u0161inas) \/ \u0413\u043e\u043b\u044c\u0444 \u043a\u0430\u0440 \/ Golf carts<br \/>\nPacel\u0161anas platforma \/ \u041f\u043e\u0434\u044a\u0435\u043c\u043d\u0430\u044f \u043f\u043b\u0430\u0442\u0444\u043e\u0440\u043c\u0430 \/ Aerial work platform<br \/>\nJ\u016bras transports \/ \u041c\u043e\u0440\u0441\u043a\u043e\u0439 \u0442\u0440\u0430\u043d\u0441\u043f\u043e\u0440\u0442 \/ Marine<br \/>\nP\u0101rvietojama m\u0101ja, kemperis, karavans \/ \u041c\u043e\u0431\u0438\u043b\u044c\u043d\u044b\u0439 \u0434\u043e\u043c, \u043a\u0435\u043c\u043f\u0435\u0440, \u043a\u0430\u0440\u0430\u0432\u0430\u043d \/ Mobile home, camper, caravan<br \/>\nT\u012br\u012b\u0161anas ma\u0161\u012bnas \/ \u0427\u0438\u0441\u0442\u044f\u0449\u0438\u0435 \u043c\u0430\u0448\u0438\u043d\u044b \/ Cleaning machines<br \/>\nRati\u0146kr\u0113sls \/ \u0418\u043d\u0432\u0430\u043b\u0438\u0434\u043d\u0430\u044f \u043a\u043e\u043b\u044f\u0441\u043a\u0430 \/ Wheelchair<br \/>\nSaules ener\u0123ija \/ \u0421\u043e\u043b\u043d\u0435\u0447\u043d\u0430\u044f \u044d\u043d\u0435\u0440\u0433\u0438\u044f \/ Solar energy<br \/>\nV\u0113ja ener\u0123ija \/ \u0412\u0435\u0442\u0440\u044f\u043d\u0430\u044f \u044d\u043d\u0435\u0440\u0433\u0438\u044f \/ Wind energy<\/p>\n","protected":false},"featured_media":14357,"template":"","meta":[],"pwb-brand":[336],"product_brand":[],"product_cat":[487,648,185,131,128,126,161,130,517,615],"product_tag":[],"class_list":{"0":"post-14371","1":"product","2":"type-product","3":"status-publish","4":"has-post-thumbnail","6":"pwb-brand-mw-power-en","7":"product_cat-green-energy","8":"product_cat-lead-carbon-batteries-new-en","9":"product_cat-ups-telecom-batteries","10":"product_cat-akumulatori-udens-transportu-en","11":"product_cat-akumulatori-laivu-elektromotoriem-eholotei","12":"product_cat-akumulatori-laivam-un-jahtam-en","13":"product_cat-akumulatori-elektro-transportam","14":"product_cat-batteries-for-scissor-platforms-construction-and-warehouse-machinery","15":"product_cat-mw-power-batteries-en","16":"product_cat-batteries-cleaning-equipment","18":"first","19":"instock","20":"taxable","21":"shipping-taxable","22":"purchasable","23":"product-type-simple"},"yoast_head":"<!-- This site is optimized with the Yoast SEO plugin v26.7 - https:\/\/yoast.com\/wordpress\/plugins\/seo\/ -->\n<title>MWC80-12 MWPower battery \/ Pb-Carbon VRLA Deep Cycle \/ 12V-80Ah \/ M6 \/ L258 W168 H211 mm - www.akum.lv<\/title>\n<meta name=\"robots\" content=\"index, follow, max-snippet:-1, max-image-preview:large, max-video-preview:-1\" \/>\n<link rel=\"canonical\" href=\"https:\/\/akum.lv\/en\/prece\/mwc80-12-mwpower-battery-pb-carbon-vrla-deep-cycle-12v-80ah-m6-l258-w168-h211-mm\/\" \/>\n<meta property=\"og:locale\" content=\"en_US\" \/>\n<meta property=\"og:type\" content=\"article\" \/>\n<meta property=\"og:title\" content=\"MWC80-12 MWPower battery \/ Pb-Carbon VRLA Deep Cycle \/ 12V-80Ah \/ M6 \/ L258 W168 H211 mm - www.akum.lv\" \/>\n<meta property=\"og:description\" content=\"MWC110-12 MWPower battery \/ Pb-Carbon VRLA Deep Cycle \/ 12V-110Ah \/ M8 \/ L330 W171 H219 mm  Lead-Carbon DEEP CYCLE battery   - MWC 80-12_Datasheet  Pieteikums \/ \u041f\u0440\u0438\u043c\u0435\u043d\u0435\u043d\u0438\u044f \/ Applications  UPS sist\u0113mas \/ \u0421\u0438\u0441\u0442\u0435\u043c\u044b \u0418\u0411\u041f \/ UPS systems Golfa rati\u0146i (ma\u0161inas) \/ \u0413\u043e\u043b\u044c\u0444 \u043a\u0430\u0440 \/ Golf carts Pacel\u0161anas platforma \/ \u041f\u043e\u0434\u044a\u0435\u043c\u043d\u0430\u044f \u043f\u043b\u0430\u0442\u0444\u043e\u0440\u043c\u0430 \/ Aerial work platform J\u016bras transports \/ \u041c\u043e\u0440\u0441\u043a\u043e\u0439 \u0442\u0440\u0430\u043d\u0441\u043f\u043e\u0440\u0442 \/ Marine P\u0101rvietojama m\u0101ja, kemperis, karavans \/ \u041c\u043e\u0431\u0438\u043b\u044c\u043d\u044b\u0439 \u0434\u043e\u043c, \u043a\u0435\u043c\u043f\u0435\u0440, \u043a\u0430\u0440\u0430\u0432\u0430\u043d \/ Mobile home, camper, caravan T\u012br\u012b\u0161anas ma\u0161\u012bnas \/ \u0427\u0438\u0441\u0442\u044f\u0449\u0438\u0435 \u043c\u0430\u0448\u0438\u043d\u044b \/ Cleaning machines Rati\u0146kr\u0113sls \/ \u0418\u043d\u0432\u0430\u043b\u0438\u0434\u043d\u0430\u044f \u043a\u043e\u043b\u044f\u0441\u043a\u0430 \/ Wheelchair Saules ener\u0123ija \/ \u0421\u043e\u043b\u043d\u0435\u0447\u043d\u0430\u044f \u044d\u043d\u0435\u0440\u0433\u0438\u044f \/ Solar energy V\u0113ja ener\u0123ija \/ \u0412\u0435\u0442\u0440\u044f\u043d\u0430\u044f \u044d\u043d\u0435\u0440\u0433\u0438\u044f \/ Wind energy\" \/>\n<meta property=\"og:url\" content=\"https:\/\/akum.lv\/en\/prece\/mwc80-12-mwpower-battery-pb-carbon-vrla-deep-cycle-12v-80ah-m6-l258-w168-h211-mm\/\" \/>\n<meta property=\"og:site_name\" content=\"www.akum.lv\" \/>\n<meta property=\"article:modified_time\" content=\"2026-03-06T12:24:19+00:00\" \/>\n<meta property=\"og:image\" content=\"https:\/\/akum.lv\/wp-content\/uploads\/2020\/10\/mwc-80-12.jpg\" \/>\n\t<meta property=\"og:image:width\" content=\"450\" \/>\n\t<meta property=\"og:image:height\" content=\"300\" \/>\n\t<meta property=\"og:image:type\" content=\"image\/jpeg\" \/>\n<meta name=\"twitter:card\" content=\"summary_large_image\" \/>\n<meta name=\"twitter:label1\" content=\"Est. reading time\" \/>\n\t<meta name=\"twitter:data1\" content=\"1 minute\" \/>\n<script type=\"application\/ld+json\" class=\"yoast-schema-graph\">{\"@context\":\"https:\/\/schema.org\",\"@graph\":[{\"@type\":\"WebPage\",\"@id\":\"https:\/\/akum.lv\/en\/prece\/mwc80-12-mwpower-battery-pb-carbon-vrla-deep-cycle-12v-80ah-m6-l258-w168-h211-mm\/\",\"url\":\"https:\/\/akum.lv\/en\/prece\/mwc80-12-mwpower-battery-pb-carbon-vrla-deep-cycle-12v-80ah-m6-l258-w168-h211-mm\/\",\"name\":\"MWC80-12 MWPower battery \/ Pb-Carbon VRLA Deep Cycle \/ 12V-80Ah \/ M6 \/ L258 W168 H211 mm - www.akum.lv\",\"isPartOf\":{\"@id\":\"https:\/\/akum.lv\/#website\"},\"primaryImageOfPage\":{\"@id\":\"https:\/\/akum.lv\/en\/prece\/mwc80-12-mwpower-battery-pb-carbon-vrla-deep-cycle-12v-80ah-m6-l258-w168-h211-mm\/#primaryimage\"},\"image\":{\"@id\":\"https:\/\/akum.lv\/en\/prece\/mwc80-12-mwpower-battery-pb-carbon-vrla-deep-cycle-12v-80ah-m6-l258-w168-h211-mm\/#primaryimage\"},\"thumbnailUrl\":\"https:\/\/akum.lv\/wp-content\/uploads\/2020\/10\/mwc-80-12.jpg\",\"datePublished\":\"2023-02-15T14:01:03+00:00\",\"dateModified\":\"2026-03-06T12:24:19+00:00\",\"breadcrumb\":{\"@id\":\"https:\/\/akum.lv\/en\/prece\/mwc80-12-mwpower-battery-pb-carbon-vrla-deep-cycle-12v-80ah-m6-l258-w168-h211-mm\/#breadcrumb\"},\"inLanguage\":\"en-US\",\"potentialAction\":[{\"@type\":\"ReadAction\",\"target\":[\"https:\/\/akum.lv\/en\/prece\/mwc80-12-mwpower-battery-pb-carbon-vrla-deep-cycle-12v-80ah-m6-l258-w168-h211-mm\/\"]}]},{\"@type\":\"ImageObject\",\"inLanguage\":\"en-US\",\"@id\":\"https:\/\/akum.lv\/en\/prece\/mwc80-12-mwpower-battery-pb-carbon-vrla-deep-cycle-12v-80ah-m6-l258-w168-h211-mm\/#primaryimage\",\"url\":\"https:\/\/akum.lv\/wp-content\/uploads\/2020\/10\/mwc-80-12.jpg\",\"contentUrl\":\"https:\/\/akum.lv\/wp-content\/uploads\/2020\/10\/mwc-80-12.jpg\",\"width\":450,\"height\":300},{\"@type\":\"BreadcrumbList\",\"@id\":\"https:\/\/akum.lv\/en\/prece\/mwc80-12-mwpower-battery-pb-carbon-vrla-deep-cycle-12v-80ah-m6-l258-w168-h211-mm\/#breadcrumb\",\"itemListElement\":[{\"@type\":\"ListItem\",\"position\":1,\"name\":\"\u0413\u043b\u0430\u0432\u043d\u0430\u044f \u0441\u0442\u0440\u0430\u043d\u0438\u0446\u0430\",\"item\":\"https:\/\/akum.lv\/en\/\"},{\"@type\":\"ListItem\",\"position\":2,\"name\":\"PRECES\",\"item\":\"https:\/\/akum.lv\/produkti-preces\/\"},{\"@type\":\"ListItem\",\"position\":3,\"name\":\"MWC80-12 MWPower battery \/ Pb-Carbon VRLA Deep Cycle \/ 12V-80Ah \/ M6 \/ L258 W168 H211 mm\"}]},{\"@type\":\"WebSite\",\"@id\":\"https:\/\/akum.lv\/#website\",\"url\":\"https:\/\/akum.lv\/\",\"name\":\"www.akum.lv\",\"description\":\"Akumulatoru p\u0101rdev\u0113js | \u041f\u0440\u043e\u0434\u0430\u0432\u0435\u0446 \u0430\u043a\u043a\u0443\u043c\u0443\u043b\u044f\u0442\u043e\u0440\u043e\u0432 | Battery seller\",\"publisher\":{\"@id\":\"https:\/\/akum.lv\/#organization\"},\"potentialAction\":[{\"@type\":\"SearchAction\",\"target\":{\"@type\":\"EntryPoint\",\"urlTemplate\":\"https:\/\/akum.lv\/?s={search_term_string}\"},\"query-input\":{\"@type\":\"PropertyValueSpecification\",\"valueRequired\":true,\"valueName\":\"search_term_string\"}}],\"inLanguage\":\"en-US\"},{\"@type\":\"Organization\",\"@id\":\"https:\/\/akum.lv\/#organization\",\"name\":\"HubEnergy\",\"url\":\"https:\/\/akum.lv\/\",\"logo\":{\"@type\":\"ImageObject\",\"inLanguage\":\"en-US\",\"@id\":\"https:\/\/akum.lv\/#\/schema\/logo\/image\/\",\"url\":\"https:\/\/akum.lv\/wp-content\/uploads\/2018\/08\/Logo-hub-energy-2018-seller-dark-blue.png\",\"contentUrl\":\"https:\/\/akum.lv\/wp-content\/uploads\/2018\/08\/Logo-hub-energy-2018-seller-dark-blue.png\",\"width\":381,\"height\":75,\"caption\":\"HubEnergy\"},\"image\":{\"@id\":\"https:\/\/akum.lv\/#\/schema\/logo\/image\/\"}}]}<\/script>\n<!-- \/ Yoast SEO plugin. -->","yoast_head_json":{"title":"MWC80-12 MWPower battery \/ Pb-Carbon VRLA Deep Cycle \/ 12V-80Ah \/ M6 \/ L258 W168 H211 mm - www.akum.lv","robots":{"index":"index","follow":"follow","max-snippet":"max-snippet:-1","max-image-preview":"max-image-preview:large","max-video-preview":"max-video-preview:-1"},"canonical":"https:\/\/akum.lv\/en\/prece\/mwc80-12-mwpower-battery-pb-carbon-vrla-deep-cycle-12v-80ah-m6-l258-w168-h211-mm\/","og_locale":"en_US","og_type":"article","og_title":"MWC80-12 MWPower battery \/ Pb-Carbon VRLA Deep Cycle \/ 12V-80Ah \/ M6 \/ L258 W168 H211 mm - www.akum.lv","og_description":"MWC110-12 MWPower battery \/ Pb-Carbon VRLA Deep Cycle \/ 12V-110Ah \/ M8 \/ L330 W171 H219 mm  Lead-Carbon DEEP CYCLE battery   - MWC 80-12_Datasheet  Pieteikums \/ \u041f\u0440\u0438\u043c\u0435\u043d\u0435\u043d\u0438\u044f \/ Applications  UPS sist\u0113mas \/ \u0421\u0438\u0441\u0442\u0435\u043c\u044b \u0418\u0411\u041f \/ UPS systems Golfa rati\u0146i (ma\u0161inas) \/ \u0413\u043e\u043b\u044c\u0444 \u043a\u0430\u0440 \/ Golf carts Pacel\u0161anas platforma \/ \u041f\u043e\u0434\u044a\u0435\u043c\u043d\u0430\u044f \u043f\u043b\u0430\u0442\u0444\u043e\u0440\u043c\u0430 \/ Aerial work platform J\u016bras transports \/ \u041c\u043e\u0440\u0441\u043a\u043e\u0439 \u0442\u0440\u0430\u043d\u0441\u043f\u043e\u0440\u0442 \/ Marine P\u0101rvietojama m\u0101ja, kemperis, karavans \/ \u041c\u043e\u0431\u0438\u043b\u044c\u043d\u044b\u0439 \u0434\u043e\u043c, \u043a\u0435\u043c\u043f\u0435\u0440, \u043a\u0430\u0440\u0430\u0432\u0430\u043d \/ Mobile home, camper, caravan T\u012br\u012b\u0161anas ma\u0161\u012bnas \/ \u0427\u0438\u0441\u0442\u044f\u0449\u0438\u0435 \u043c\u0430\u0448\u0438\u043d\u044b \/ Cleaning machines Rati\u0146kr\u0113sls \/ \u0418\u043d\u0432\u0430\u043b\u0438\u0434\u043d\u0430\u044f \u043a\u043e\u043b\u044f\u0441\u043a\u0430 \/ Wheelchair Saules ener\u0123ija \/ \u0421\u043e\u043b\u043d\u0435\u0447\u043d\u0430\u044f \u044d\u043d\u0435\u0440\u0433\u0438\u044f \/ Solar energy V\u0113ja ener\u0123ija \/ \u0412\u0435\u0442\u0440\u044f\u043d\u0430\u044f \u044d\u043d\u0435\u0440\u0433\u0438\u044f \/ Wind energy","og_url":"https:\/\/akum.lv\/en\/prece\/mwc80-12-mwpower-battery-pb-carbon-vrla-deep-cycle-12v-80ah-m6-l258-w168-h211-mm\/","og_site_name":"www.akum.lv","article_modified_time":"2026-03-06T12:24:19+00:00","og_image":[{"width":450,"height":300,"url":"https:\/\/akum.lv\/wp-content\/uploads\/2020\/10\/mwc-80-12.jpg","type":"image\/jpeg"}],"twitter_card":"summary_large_image","twitter_misc":{"Est. reading time":"1 minute"},"schema":{"@context":"https:\/\/schema.org","@graph":[{"@type":"WebPage","@id":"https:\/\/akum.lv\/en\/prece\/mwc80-12-mwpower-battery-pb-carbon-vrla-deep-cycle-12v-80ah-m6-l258-w168-h211-mm\/","url":"https:\/\/akum.lv\/en\/prece\/mwc80-12-mwpower-battery-pb-carbon-vrla-deep-cycle-12v-80ah-m6-l258-w168-h211-mm\/","name":"MWC80-12 MWPower battery \/ Pb-Carbon VRLA Deep Cycle \/ 12V-80Ah \/ M6 \/ L258 W168 H211 mm - www.akum.lv","isPartOf":{"@id":"https:\/\/akum.lv\/#website"},"primaryImageOfPage":{"@id":"https:\/\/akum.lv\/en\/prece\/mwc80-12-mwpower-battery-pb-carbon-vrla-deep-cycle-12v-80ah-m6-l258-w168-h211-mm\/#primaryimage"},"image":{"@id":"https:\/\/akum.lv\/en\/prece\/mwc80-12-mwpower-battery-pb-carbon-vrla-deep-cycle-12v-80ah-m6-l258-w168-h211-mm\/#primaryimage"},"thumbnailUrl":"https:\/\/akum.lv\/wp-content\/uploads\/2020\/10\/mwc-80-12.jpg","datePublished":"2023-02-15T14:01:03+00:00","dateModified":"2026-03-06T12:24:19+00:00","breadcrumb":{"@id":"https:\/\/akum.lv\/en\/prece\/mwc80-12-mwpower-battery-pb-carbon-vrla-deep-cycle-12v-80ah-m6-l258-w168-h211-mm\/#breadcrumb"},"inLanguage":"en-US","potentialAction":[{"@type":"ReadAction","target":["https:\/\/akum.lv\/en\/prece\/mwc80-12-mwpower-battery-pb-carbon-vrla-deep-cycle-12v-80ah-m6-l258-w168-h211-mm\/"]}]},{"@type":"ImageObject","inLanguage":"en-US","@id":"https:\/\/akum.lv\/en\/prece\/mwc80-12-mwpower-battery-pb-carbon-vrla-deep-cycle-12v-80ah-m6-l258-w168-h211-mm\/#primaryimage","url":"https:\/\/akum.lv\/wp-content\/uploads\/2020\/10\/mwc-80-12.jpg","contentUrl":"https:\/\/akum.lv\/wp-content\/uploads\/2020\/10\/mwc-80-12.jpg","width":450,"height":300},{"@type":"BreadcrumbList","@id":"https:\/\/akum.lv\/en\/prece\/mwc80-12-mwpower-battery-pb-carbon-vrla-deep-cycle-12v-80ah-m6-l258-w168-h211-mm\/#breadcrumb","itemListElement":[{"@type":"ListItem","position":1,"name":"\u0413\u043b\u0430\u0432\u043d\u0430\u044f \u0441\u0442\u0440\u0430\u043d\u0438\u0446\u0430","item":"https:\/\/akum.lv\/en\/"},{"@type":"ListItem","position":2,"name":"PRECES","item":"https:\/\/akum.lv\/produkti-preces\/"},{"@type":"ListItem","position":3,"name":"MWC80-12 MWPower battery \/ Pb-Carbon VRLA Deep Cycle \/ 12V-80Ah \/ M6 \/ L258 W168 H211 mm"}]},{"@type":"WebSite","@id":"https:\/\/akum.lv\/#website","url":"https:\/\/akum.lv\/","name":"www.akum.lv","description":"Akumulatoru p\u0101rdev\u0113js | \u041f\u0440\u043e\u0434\u0430\u0432\u0435\u0446 \u0430\u043a\u043a\u0443\u043c\u0443\u043b\u044f\u0442\u043e\u0440\u043e\u0432 | Battery seller","publisher":{"@id":"https:\/\/akum.lv\/#organization"},"potentialAction":[{"@type":"SearchAction","target":{"@type":"EntryPoint","urlTemplate":"https:\/\/akum.lv\/?s={search_term_string}"},"query-input":{"@type":"PropertyValueSpecification","valueRequired":true,"valueName":"search_term_string"}}],"inLanguage":"en-US"},{"@type":"Organization","@id":"https:\/\/akum.lv\/#organization","name":"HubEnergy","url":"https:\/\/akum.lv\/","logo":{"@type":"ImageObject","inLanguage":"en-US","@id":"https:\/\/akum.lv\/#\/schema\/logo\/image\/","url":"https:\/\/akum.lv\/wp-content\/uploads\/2018\/08\/Logo-hub-energy-2018-seller-dark-blue.png","contentUrl":"https:\/\/akum.lv\/wp-content\/uploads\/2018\/08\/Logo-hub-energy-2018-seller-dark-blue.png","width":381,"height":75,"caption":"HubEnergy"},"image":{"@id":"https:\/\/akum.lv\/#\/schema\/logo\/image\/"}}]}},"brands":[{"id":336,"name":"MW POWER","slug":"mw-power-en"}],"_links":{"self":[{"href":"https:\/\/akum.lv\/en\/wp-json\/wp\/v2\/product\/14371","targetHints":{"allow":["GET"]}}],"collection":[{"href":"https:\/\/akum.lv\/en\/wp-json\/wp\/v2\/product"}],"about":[{"href":"https:\/\/akum.lv\/en\/wp-json\/wp\/v2\/types\/product"}],"wp:featuredmedia":[{"embeddable":true,"href":"https:\/\/akum.lv\/en\/wp-json\/wp\/v2\/media\/14357"}],"wp:attachment":[{"href":"https:\/\/akum.lv\/en\/wp-json\/wp\/v2\/media?parent=14371"}],"wp:term":[{"taxonomy":"pwb-brand","embeddable":true,"href":"https:\/\/akum.lv\/en\/wp-json\/wp\/v2\/pwb-brand?post=14371"},{"taxonomy":"product_brand","embeddable":true,"href":"https:\/\/akum.lv\/en\/wp-json\/wp\/v2\/product_brand?post=14371"},{"taxonomy":"product_cat","embeddable":true,"href":"https:\/\/akum.lv\/en\/wp-json\/wp\/v2\/product_cat?post=14371"},{"taxonomy":"product_tag","embeddable":true,"href":"https:\/\/akum.lv\/en\/wp-json\/wp\/v2\/product_tag?post=14371"}],"curies":[{"name":"wp","href":"https:\/\/api.w.org\/{rel}","templated":true}]}}