{"id":13584,"date":"2022-10-18T10:58:19","date_gmt":"2022-10-18T10:58:19","guid":{"rendered":"https:\/\/akum.lv\/?post_type=product&#038;p=13584"},"modified":"2024-08-05T12:25:09","modified_gmt":"2024-08-05T12:25:09","slug":"sbl-75-12i_ssb-akumulators-agm-79-2ah-12v-terminal-fo-11-m6-10-12-g-l258-w166-h211","status":"publish","type":"product","link":"https:\/\/akum.lv\/en\/prece\/sbl-75-12i_ssb-akumulators-agm-79-2ah-12v-terminal-fo-11-m6-10-12-g-l258-w166-h211\/","title":{"rendered":"SBL 75-12i_SSB akumulators \/ AGM \/ 79,2Ah-12V \/ terminal FO-11 M6 (10-12 g.) L258 W166 H211"},"content":{"rendered":"","protected":false},"excerpt":{"rendered":"<p>SBL75-12i_SSB akumulators \/ AGM \/ 79,2Ah-12V \/ terminal FO-11 M6 (10-12 g.) L258 W166 H211, 24.00 kg<\/p>\n<p><em><strong>Vairumtirgot\u0101jiem \u012bpa\u0161as cenas!<\/strong><\/em><br \/>\n<em><strong>\u041e\u043f\u0442\u043e\u0432\u0438\u043a\u0430\u043c \u0441\u043f\u0435\u0446\u0438\u0430\u043b\u044c\u043d\u044b\u0435 \u0446\u0435\u043d\u044b!<\/strong><\/em><br \/>\n<em><strong>Wholesalers special prices!<\/strong><\/em><\/p>\n<p>Garantijas atbalsts 24 m\u0113ne\u0161i un garantijas pagarin\u0101\u0161anas iesp\u0113ja!<br \/>\n\u0413\u0430\u0440\u0430\u043d\u0442\u0438\u0439\u043d\u0430\u044f \u043f\u043e\u0434\u0434\u0435\u0440\u0436\u043a\u0430 24 \u043c\u0435\u0441\u044f\u0446\u0430 \u0438 \u0432\u043e\u0437\u043c\u043e\u0436\u043d\u043e\u0441\u0442\u044c \u0440\u0430\u0441\u0448\u0438\u0440\u0435\u043d\u0438\u044f \u0433\u0430\u0440\u0430\u043d\u0442\u0438\u0438!<\/p>\n<p><strong><img loading=\"lazy\" decoding=\"async\" class=\"alignnone size-full wp-image-11436\" src=\"https:\/\/akum.lv\/wp-content\/uploads\/2021\/12\/pdf-icon.png\" alt=\"\" width=\"50\" height=\"50\" \/> &#8211; <a href=\"https:\/\/akum.lv\/wp-content\/uploads\/2020\/02\/SBL-75-12i-.pdf\">SBL 75-12i<\/a><\/strong><\/p>\n<p>SBL 75-12i is a high performance battery with 10-12 years lifetime in standby service or more than 400 cycles at 50% depth of discharge in cycle service.<\/p>\n<p>SIA ,,HUB ENERGY,, \u2013 ofici\u0101lais bateriju izplat\u012bt\u0101js ,,SSB battery GmbH,, Latvij\u0101, Lietuv\u0101 un Igaunij\u0101<br \/>\nSIA ,,HUB ENERGY,, \u2013 \u043e\u0444\u0438\u0446\u0438\u0430\u043b\u044c\u043d\u044b\u0439 \u0434\u0438\u0441\u0442\u0440\u0438\u0431\u044c\u044e\u0442\u043e\u0440 \u0431\u0430\u0442\u0430\u0440\u0435\u0439 ,,SSB battery GmbH,, \u0432 \u041b\u0430\u0442\u0432\u0438\u0438, \u041b\u0438\u0442\u0432\u0435 \u0438 \u042d\u0441\u0442\u043e\u043d\u0438\u0438<br \/>\nSIA ,,HUB ENERGY,, \u2013 official distributor of batteries ,,SSB battery GmbH,, in Latvia, Lithuania and Estonia<\/p>\n<p>\u0160\u012bs preces ir pieejamas p\u0113c pas\u016bt\u012bjuma!<br \/>\nPieg\u0101des laiks 3-5 darba dienas.<\/p>\n<p>\u042d\u0442\u0438 \u0442\u043e\u0432\u0430\u0440\u044b \u0434\u043e\u0441\u0442\u0443\u043f\u043d\u044b \u043f\u043e\u0434 \u0437\u0430\u043a\u0430\u0437!<br \/>\n\u0412\u0440\u0435\u043c\u044f \u043f\u043e\u0441\u0442\u0430\u0432\u043a\u0438 3-5 \u0440\u0430\u0431\u043e\u0447\u0438\u0445 \u0434\u043d\u0435\u0439<\/p>\n","protected":false},"featured_media":7232,"template":"","meta":[],"pwb-brand":[344],"product_brand":[],"product_cat":[375,442,160,185,510,575],"product_tag":[],"class_list":{"0":"post-13584","1":"product","2":"type-product","3":"status-publish","4":"has-post-thumbnail","6":"pwb-brand-ssb-batteries-gmbh-en","7":"product_cat-agm-technology-batteries-eng","8":"product_cat-agm-12v-batteries","9":"product_cat-agm-akumulatori-signalizacijas-drosibas-sistemam","10":"product_cat-ups-telecom-batteries","11":"product_cat-ssb-battery-gmbh","12":"product_cat-ssb-sbl-series-en","14":"first","15":"instock","16":"taxable","17":"shipping-taxable","18":"purchasable","19":"product-type-simple"},"yoast_head":"<!-- This site is optimized with the Yoast SEO plugin v26.7 - https:\/\/yoast.com\/wordpress\/plugins\/seo\/ -->\n<title>SBL 75-12i_SSB akumulators \/ AGM \/ 79,2Ah-12V \/ terminal FO-11 M6 (10-12 g.) L258 W166 H211 - www.akum.lv<\/title>\n<meta name=\"robots\" content=\"index, follow, max-snippet:-1, max-image-preview:large, max-video-preview:-1\" \/>\n<link rel=\"canonical\" href=\"https:\/\/akum.lv\/en\/prece\/sbl-75-12i_ssb-akumulators-agm-79-2ah-12v-terminal-fo-11-m6-10-12-g-l258-w166-h211\/\" \/>\n<meta property=\"og:locale\" content=\"en_US\" \/>\n<meta property=\"og:type\" content=\"article\" \/>\n<meta property=\"og:title\" content=\"SBL 75-12i_SSB akumulators \/ AGM \/ 79,2Ah-12V \/ terminal FO-11 M6 (10-12 g.) L258 W166 H211 - www.akum.lv\" \/>\n<meta property=\"og:description\" content=\"SBL75-12i_SSB akumulators \/ AGM \/ 79,2Ah-12V \/ terminal FO-11 M6 (10-12 g.) L258 W166 H211, 24.00 kg  Vairumtirgot\u0101jiem \u012bpa\u0161as cenas! \u041e\u043f\u0442\u043e\u0432\u0438\u043a\u0430\u043c \u0441\u043f\u0435\u0446\u0438\u0430\u043b\u044c\u043d\u044b\u0435 \u0446\u0435\u043d\u044b! Wholesalers special prices!  Garantijas atbalsts 24 m\u0113ne\u0161i un garantijas pagarin\u0101\u0161anas iesp\u0113ja! \u0413\u0430\u0440\u0430\u043d\u0442\u0438\u0439\u043d\u0430\u044f \u043f\u043e\u0434\u0434\u0435\u0440\u0436\u043a\u0430 24 \u043c\u0435\u0441\u044f\u0446\u0430 \u0438 \u0432\u043e\u0437\u043c\u043e\u0436\u043d\u043e\u0441\u0442\u044c \u0440\u0430\u0441\u0448\u0438\u0440\u0435\u043d\u0438\u044f \u0433\u0430\u0440\u0430\u043d\u0442\u0438\u0438!   - SBL 75-12i  SBL 75-12i is a high performance battery with 10-12 years lifetime in standby service or more than 400 cycles at 50% depth of discharge in cycle service.  SIA ,,HUB ENERGY,, \u2013 ofici\u0101lais bateriju izplat\u012bt\u0101js ,,SSB battery GmbH,, Latvij\u0101, Lietuv\u0101 un Igaunij\u0101 SIA ,,HUB ENERGY,, \u2013 \u043e\u0444\u0438\u0446\u0438\u0430\u043b\u044c\u043d\u044b\u0439 \u0434\u0438\u0441\u0442\u0440\u0438\u0431\u044c\u044e\u0442\u043e\u0440 \u0431\u0430\u0442\u0430\u0440\u0435\u0439 ,,SSB battery GmbH,, \u0432 \u041b\u0430\u0442\u0432\u0438\u0438, \u041b\u0438\u0442\u0432\u0435 \u0438 \u042d\u0441\u0442\u043e\u043d\u0438\u0438 SIA ,,HUB ENERGY,, \u2013 official distributor of batteries ,,SSB battery GmbH,, in Latvia, Lithuania and Estonia  \u0160\u012bs preces ir pieejamas p\u0113c pas\u016bt\u012bjuma! Pieg\u0101des laiks 3-5 darba dienas.  \u042d\u0442\u0438 \u0442\u043e\u0432\u0430\u0440\u044b \u0434\u043e\u0441\u0442\u0443\u043f\u043d\u044b \u043f\u043e\u0434 \u0437\u0430\u043a\u0430\u0437! \u0412\u0440\u0435\u043c\u044f \u043f\u043e\u0441\u0442\u0430\u0432\u043a\u0438 3-5 \u0440\u0430\u0431\u043e\u0447\u0438\u0445 \u0434\u043d\u0435\u0439\" \/>\n<meta property=\"og:url\" content=\"https:\/\/akum.lv\/en\/prece\/sbl-75-12i_ssb-akumulators-agm-79-2ah-12v-terminal-fo-11-m6-10-12-g-l258-w166-h211\/\" \/>\n<meta property=\"og:site_name\" content=\"www.akum.lv\" \/>\n<meta property=\"article:modified_time\" content=\"2024-08-05T12:25:09+00:00\" \/>\n<meta property=\"og:image\" content=\"https:\/\/akum.lv\/wp-content\/uploads\/2020\/02\/SBL75-12i.jpg\" \/>\n\t<meta property=\"og:image:width\" content=\"400\" \/>\n\t<meta property=\"og:image:height\" content=\"384\" \/>\n\t<meta property=\"og:image:type\" content=\"image\/jpeg\" \/>\n<meta name=\"twitter:card\" content=\"summary_large_image\" \/>\n<script type=\"application\/ld+json\" class=\"yoast-schema-graph\">{\"@context\":\"https:\/\/schema.org\",\"@graph\":[{\"@type\":\"WebPage\",\"@id\":\"https:\/\/akum.lv\/en\/prece\/sbl-75-12i_ssb-akumulators-agm-79-2ah-12v-terminal-fo-11-m6-10-12-g-l258-w166-h211\/\",\"url\":\"https:\/\/akum.lv\/en\/prece\/sbl-75-12i_ssb-akumulators-agm-79-2ah-12v-terminal-fo-11-m6-10-12-g-l258-w166-h211\/\",\"name\":\"SBL 75-12i_SSB akumulators \/ AGM \/ 79,2Ah-12V \/ terminal FO-11 M6 (10-12 g.) L258 W166 H211 - www.akum.lv\",\"isPartOf\":{\"@id\":\"https:\/\/akum.lv\/#website\"},\"primaryImageOfPage\":{\"@id\":\"https:\/\/akum.lv\/en\/prece\/sbl-75-12i_ssb-akumulators-agm-79-2ah-12v-terminal-fo-11-m6-10-12-g-l258-w166-h211\/#primaryimage\"},\"image\":{\"@id\":\"https:\/\/akum.lv\/en\/prece\/sbl-75-12i_ssb-akumulators-agm-79-2ah-12v-terminal-fo-11-m6-10-12-g-l258-w166-h211\/#primaryimage\"},\"thumbnailUrl\":\"https:\/\/akum.lv\/wp-content\/uploads\/2020\/02\/SBL75-12i.jpg\",\"datePublished\":\"2022-10-18T10:58:19+00:00\",\"dateModified\":\"2024-08-05T12:25:09+00:00\",\"breadcrumb\":{\"@id\":\"https:\/\/akum.lv\/en\/prece\/sbl-75-12i_ssb-akumulators-agm-79-2ah-12v-terminal-fo-11-m6-10-12-g-l258-w166-h211\/#breadcrumb\"},\"inLanguage\":\"en-US\",\"potentialAction\":[{\"@type\":\"ReadAction\",\"target\":[\"https:\/\/akum.lv\/en\/prece\/sbl-75-12i_ssb-akumulators-agm-79-2ah-12v-terminal-fo-11-m6-10-12-g-l258-w166-h211\/\"]}]},{\"@type\":\"ImageObject\",\"inLanguage\":\"en-US\",\"@id\":\"https:\/\/akum.lv\/en\/prece\/sbl-75-12i_ssb-akumulators-agm-79-2ah-12v-terminal-fo-11-m6-10-12-g-l258-w166-h211\/#primaryimage\",\"url\":\"https:\/\/akum.lv\/wp-content\/uploads\/2020\/02\/SBL75-12i.jpg\",\"contentUrl\":\"https:\/\/akum.lv\/wp-content\/uploads\/2020\/02\/SBL75-12i.jpg\",\"width\":400,\"height\":384},{\"@type\":\"BreadcrumbList\",\"@id\":\"https:\/\/akum.lv\/en\/prece\/sbl-75-12i_ssb-akumulators-agm-79-2ah-12v-terminal-fo-11-m6-10-12-g-l258-w166-h211\/#breadcrumb\",\"itemListElement\":[{\"@type\":\"ListItem\",\"position\":1,\"name\":\"\u0413\u043b\u0430\u0432\u043d\u0430\u044f \u0441\u0442\u0440\u0430\u043d\u0438\u0446\u0430\",\"item\":\"https:\/\/akum.lv\/en\/\"},{\"@type\":\"ListItem\",\"position\":2,\"name\":\"PRECES\",\"item\":\"https:\/\/akum.lv\/produkti-preces\/\"},{\"@type\":\"ListItem\",\"position\":3,\"name\":\"SBL 75-12i_SSB akumulators \/ AGM \/ 79,2Ah-12V \/ terminal FO-11 M6 (10-12 g.) L258 W166 H211\"}]},{\"@type\":\"WebSite\",\"@id\":\"https:\/\/akum.lv\/#website\",\"url\":\"https:\/\/akum.lv\/\",\"name\":\"www.akum.lv\",\"description\":\"Akumulatoru p\u0101rdev\u0113js | \u041f\u0440\u043e\u0434\u0430\u0432\u0435\u0446 \u0430\u043a\u043a\u0443\u043c\u0443\u043b\u044f\u0442\u043e\u0440\u043e\u0432 | Battery seller\",\"publisher\":{\"@id\":\"https:\/\/akum.lv\/#organization\"},\"potentialAction\":[{\"@type\":\"SearchAction\",\"target\":{\"@type\":\"EntryPoint\",\"urlTemplate\":\"https:\/\/akum.lv\/?s={search_term_string}\"},\"query-input\":{\"@type\":\"PropertyValueSpecification\",\"valueRequired\":true,\"valueName\":\"search_term_string\"}}],\"inLanguage\":\"en-US\"},{\"@type\":\"Organization\",\"@id\":\"https:\/\/akum.lv\/#organization\",\"name\":\"HubEnergy\",\"url\":\"https:\/\/akum.lv\/\",\"logo\":{\"@type\":\"ImageObject\",\"inLanguage\":\"en-US\",\"@id\":\"https:\/\/akum.lv\/#\/schema\/logo\/image\/\",\"url\":\"https:\/\/akum.lv\/wp-content\/uploads\/2018\/08\/Logo-hub-energy-2018-seller-dark-blue.png\",\"contentUrl\":\"https:\/\/akum.lv\/wp-content\/uploads\/2018\/08\/Logo-hub-energy-2018-seller-dark-blue.png\",\"width\":381,\"height\":75,\"caption\":\"HubEnergy\"},\"image\":{\"@id\":\"https:\/\/akum.lv\/#\/schema\/logo\/image\/\"}}]}<\/script>\n<!-- \/ Yoast SEO plugin. -->","yoast_head_json":{"title":"SBL 75-12i_SSB akumulators \/ AGM \/ 79,2Ah-12V \/ terminal FO-11 M6 (10-12 g.) L258 W166 H211 - www.akum.lv","robots":{"index":"index","follow":"follow","max-snippet":"max-snippet:-1","max-image-preview":"max-image-preview:large","max-video-preview":"max-video-preview:-1"},"canonical":"https:\/\/akum.lv\/en\/prece\/sbl-75-12i_ssb-akumulators-agm-79-2ah-12v-terminal-fo-11-m6-10-12-g-l258-w166-h211\/","og_locale":"en_US","og_type":"article","og_title":"SBL 75-12i_SSB akumulators \/ AGM \/ 79,2Ah-12V \/ terminal FO-11 M6 (10-12 g.) L258 W166 H211 - www.akum.lv","og_description":"SBL75-12i_SSB akumulators \/ AGM \/ 79,2Ah-12V \/ terminal FO-11 M6 (10-12 g.) L258 W166 H211, 24.00 kg  Vairumtirgot\u0101jiem \u012bpa\u0161as cenas! \u041e\u043f\u0442\u043e\u0432\u0438\u043a\u0430\u043c \u0441\u043f\u0435\u0446\u0438\u0430\u043b\u044c\u043d\u044b\u0435 \u0446\u0435\u043d\u044b! Wholesalers special prices!  Garantijas atbalsts 24 m\u0113ne\u0161i un garantijas pagarin\u0101\u0161anas iesp\u0113ja! \u0413\u0430\u0440\u0430\u043d\u0442\u0438\u0439\u043d\u0430\u044f \u043f\u043e\u0434\u0434\u0435\u0440\u0436\u043a\u0430 24 \u043c\u0435\u0441\u044f\u0446\u0430 \u0438 \u0432\u043e\u0437\u043c\u043e\u0436\u043d\u043e\u0441\u0442\u044c \u0440\u0430\u0441\u0448\u0438\u0440\u0435\u043d\u0438\u044f \u0433\u0430\u0440\u0430\u043d\u0442\u0438\u0438!   - SBL 75-12i  SBL 75-12i is a high performance battery with 10-12 years lifetime in standby service or more than 400 cycles at 50% depth of discharge in cycle service.  SIA ,,HUB ENERGY,, \u2013 ofici\u0101lais bateriju izplat\u012bt\u0101js ,,SSB battery GmbH,, Latvij\u0101, Lietuv\u0101 un Igaunij\u0101 SIA ,,HUB ENERGY,, \u2013 \u043e\u0444\u0438\u0446\u0438\u0430\u043b\u044c\u043d\u044b\u0439 \u0434\u0438\u0441\u0442\u0440\u0438\u0431\u044c\u044e\u0442\u043e\u0440 \u0431\u0430\u0442\u0430\u0440\u0435\u0439 ,,SSB battery GmbH,, \u0432 \u041b\u0430\u0442\u0432\u0438\u0438, \u041b\u0438\u0442\u0432\u0435 \u0438 \u042d\u0441\u0442\u043e\u043d\u0438\u0438 SIA ,,HUB ENERGY,, \u2013 official distributor of batteries ,,SSB battery GmbH,, in Latvia, Lithuania and Estonia  \u0160\u012bs preces ir pieejamas p\u0113c pas\u016bt\u012bjuma! Pieg\u0101des laiks 3-5 darba dienas.  \u042d\u0442\u0438 \u0442\u043e\u0432\u0430\u0440\u044b \u0434\u043e\u0441\u0442\u0443\u043f\u043d\u044b \u043f\u043e\u0434 \u0437\u0430\u043a\u0430\u0437! \u0412\u0440\u0435\u043c\u044f \u043f\u043e\u0441\u0442\u0430\u0432\u043a\u0438 3-5 \u0440\u0430\u0431\u043e\u0447\u0438\u0445 \u0434\u043d\u0435\u0439","og_url":"https:\/\/akum.lv\/en\/prece\/sbl-75-12i_ssb-akumulators-agm-79-2ah-12v-terminal-fo-11-m6-10-12-g-l258-w166-h211\/","og_site_name":"www.akum.lv","article_modified_time":"2024-08-05T12:25:09+00:00","og_image":[{"width":400,"height":384,"url":"https:\/\/akum.lv\/wp-content\/uploads\/2020\/02\/SBL75-12i.jpg","type":"image\/jpeg"}],"twitter_card":"summary_large_image","schema":{"@context":"https:\/\/schema.org","@graph":[{"@type":"WebPage","@id":"https:\/\/akum.lv\/en\/prece\/sbl-75-12i_ssb-akumulators-agm-79-2ah-12v-terminal-fo-11-m6-10-12-g-l258-w166-h211\/","url":"https:\/\/akum.lv\/en\/prece\/sbl-75-12i_ssb-akumulators-agm-79-2ah-12v-terminal-fo-11-m6-10-12-g-l258-w166-h211\/","name":"SBL 75-12i_SSB akumulators \/ AGM \/ 79,2Ah-12V \/ terminal FO-11 M6 (10-12 g.) L258 W166 H211 - www.akum.lv","isPartOf":{"@id":"https:\/\/akum.lv\/#website"},"primaryImageOfPage":{"@id":"https:\/\/akum.lv\/en\/prece\/sbl-75-12i_ssb-akumulators-agm-79-2ah-12v-terminal-fo-11-m6-10-12-g-l258-w166-h211\/#primaryimage"},"image":{"@id":"https:\/\/akum.lv\/en\/prece\/sbl-75-12i_ssb-akumulators-agm-79-2ah-12v-terminal-fo-11-m6-10-12-g-l258-w166-h211\/#primaryimage"},"thumbnailUrl":"https:\/\/akum.lv\/wp-content\/uploads\/2020\/02\/SBL75-12i.jpg","datePublished":"2022-10-18T10:58:19+00:00","dateModified":"2024-08-05T12:25:09+00:00","breadcrumb":{"@id":"https:\/\/akum.lv\/en\/prece\/sbl-75-12i_ssb-akumulators-agm-79-2ah-12v-terminal-fo-11-m6-10-12-g-l258-w166-h211\/#breadcrumb"},"inLanguage":"en-US","potentialAction":[{"@type":"ReadAction","target":["https:\/\/akum.lv\/en\/prece\/sbl-75-12i_ssb-akumulators-agm-79-2ah-12v-terminal-fo-11-m6-10-12-g-l258-w166-h211\/"]}]},{"@type":"ImageObject","inLanguage":"en-US","@id":"https:\/\/akum.lv\/en\/prece\/sbl-75-12i_ssb-akumulators-agm-79-2ah-12v-terminal-fo-11-m6-10-12-g-l258-w166-h211\/#primaryimage","url":"https:\/\/akum.lv\/wp-content\/uploads\/2020\/02\/SBL75-12i.jpg","contentUrl":"https:\/\/akum.lv\/wp-content\/uploads\/2020\/02\/SBL75-12i.jpg","width":400,"height":384},{"@type":"BreadcrumbList","@id":"https:\/\/akum.lv\/en\/prece\/sbl-75-12i_ssb-akumulators-agm-79-2ah-12v-terminal-fo-11-m6-10-12-g-l258-w166-h211\/#breadcrumb","itemListElement":[{"@type":"ListItem","position":1,"name":"\u0413\u043b\u0430\u0432\u043d\u0430\u044f \u0441\u0442\u0440\u0430\u043d\u0438\u0446\u0430","item":"https:\/\/akum.lv\/en\/"},{"@type":"ListItem","position":2,"name":"PRECES","item":"https:\/\/akum.lv\/produkti-preces\/"},{"@type":"ListItem","position":3,"name":"SBL 75-12i_SSB akumulators \/ AGM \/ 79,2Ah-12V \/ terminal FO-11 M6 (10-12 g.) L258 W166 H211"}]},{"@type":"WebSite","@id":"https:\/\/akum.lv\/#website","url":"https:\/\/akum.lv\/","name":"www.akum.lv","description":"Akumulatoru p\u0101rdev\u0113js | \u041f\u0440\u043e\u0434\u0430\u0432\u0435\u0446 \u0430\u043a\u043a\u0443\u043c\u0443\u043b\u044f\u0442\u043e\u0440\u043e\u0432 | Battery seller","publisher":{"@id":"https:\/\/akum.lv\/#organization"},"potentialAction":[{"@type":"SearchAction","target":{"@type":"EntryPoint","urlTemplate":"https:\/\/akum.lv\/?s={search_term_string}"},"query-input":{"@type":"PropertyValueSpecification","valueRequired":true,"valueName":"search_term_string"}}],"inLanguage":"en-US"},{"@type":"Organization","@id":"https:\/\/akum.lv\/#organization","name":"HubEnergy","url":"https:\/\/akum.lv\/","logo":{"@type":"ImageObject","inLanguage":"en-US","@id":"https:\/\/akum.lv\/#\/schema\/logo\/image\/","url":"https:\/\/akum.lv\/wp-content\/uploads\/2018\/08\/Logo-hub-energy-2018-seller-dark-blue.png","contentUrl":"https:\/\/akum.lv\/wp-content\/uploads\/2018\/08\/Logo-hub-energy-2018-seller-dark-blue.png","width":381,"height":75,"caption":"HubEnergy"},"image":{"@id":"https:\/\/akum.lv\/#\/schema\/logo\/image\/"}}]}},"brands":[{"id":344,"name":"SSB Batteries GmbH","slug":"ssb-batteries-gmbh-en"}],"_links":{"self":[{"href":"https:\/\/akum.lv\/en\/wp-json\/wp\/v2\/product\/13584","targetHints":{"allow":["GET"]}}],"collection":[{"href":"https:\/\/akum.lv\/en\/wp-json\/wp\/v2\/product"}],"about":[{"href":"https:\/\/akum.lv\/en\/wp-json\/wp\/v2\/types\/product"}],"wp:featuredmedia":[{"embeddable":true,"href":"https:\/\/akum.lv\/en\/wp-json\/wp\/v2\/media\/7232"}],"wp:attachment":[{"href":"https:\/\/akum.lv\/en\/wp-json\/wp\/v2\/media?parent=13584"}],"wp:term":[{"taxonomy":"pwb-brand","embeddable":true,"href":"https:\/\/akum.lv\/en\/wp-json\/wp\/v2\/pwb-brand?post=13584"},{"taxonomy":"product_brand","embeddable":true,"href":"https:\/\/akum.lv\/en\/wp-json\/wp\/v2\/product_brand?post=13584"},{"taxonomy":"product_cat","embeddable":true,"href":"https:\/\/akum.lv\/en\/wp-json\/wp\/v2\/product_cat?post=13584"},{"taxonomy":"product_tag","embeddable":true,"href":"https:\/\/akum.lv\/en\/wp-json\/wp\/v2\/product_tag?post=13584"}],"curies":[{"name":"wp","href":"https:\/\/api.w.org\/{rel}","templated":true}]}}