{"id":12693,"date":"2022-07-07T10:31:04","date_gmt":"2022-07-07T10:31:04","guid":{"rendered":"https:\/\/akum.lv\/product\/victron-interface-mk3-usb-ve-bus-to-usb\/"},"modified":"2023-02-03T14:14:42","modified_gmt":"2023-02-03T14:14:42","slug":"victron-interface-mk3-usb-ve-bus-to-usb","status":"publish","type":"product","link":"https:\/\/akum.lv\/en\/prece\/victron-interface-mk3-usb-ve-bus-to-usb\/","title":{"rendered":"Victron interface MK3-USB (VE. Bus to USB)"},"content":{"rendered":"","protected":false},"excerpt":{"rendered":"<p>Victron interface MK3-USB (VE. Bus to USB)<\/p>\n<p><img loading=\"lazy\" decoding=\"async\" class=\"alignnone size-full wp-image-11436\" src=\"https:\/\/akum.lv\/wp-content\/uploads\/2021\/12\/pdf-icon.png\" alt=\"\" width=\"50\" height=\"50\" \/><strong> &#8211; <a href=\"https:\/\/akum.lv\/wp-content\/uploads\/2022\/07\/VE_Bus_Configuration_guide-en.pdf\">VE_Bus_Configuration_guide-en<\/a><\/strong><\/p>\n<p>Izmantojiet MK3-USB, lai pievienotu datoram \u0161\u0101das ier\u012bces turpm\u0101kai iestat\u012b\u0161anai: Multi, MultiGrid, MultiPlus, MultiPlus-II, Quattro, Inverter (tikai mode\u013ciem ar VE.Bus sakaru portu), ECOmulti, EasySolar, EasyPlus.<\/p>\n<p>\u0418\u0441\u043f\u043e\u043b\u044c\u0437\u0443\u0439\u0442\u0435 MK3-USB \u0434\u043b\u044f \u043f\u043e\u0434\u043a\u043b\u044e\u0447\u0435\u043d\u0438\u044f \u0441\u043b\u0435\u0434\u0443\u044e\u0449\u0438\u0445 \u0443\u0441\u0442\u0440\u043e\u0439\u0441\u0442\u0432 \u043a \u043a\u043e\u043c\u043f\u044c\u044e\u0442\u0435\u0440\u0443 \u0434\u043b\u044f \u0434\u0430\u043b\u044c\u043d\u0435\u0439\u0448\u0435\u0439 \u043d\u0430\u0441\u0442\u0440\u043e\u0439\u043a\u0438: Multi, MultiGrid, MultiPlus, MultiPlus-II, Quattro, Inverter (\u0442\u043e\u043b\u044c\u043a\u043e \u043c\u043e\u0434\u0435\u043b\u0438 \u0441 \u043a\u043e\u043c\u043c\u0443\u043d\u0438\u043a\u0430\u0446\u0438\u043e\u043d\u043d\u044b\u043c \u043f\u043e\u0440\u0442\u043e\u043c VE.Bus), ECOmulti, EasySolar, EasyPlus.<\/p>\n","protected":false},"featured_media":12691,"template":"","meta":[],"pwb-brand":[730],"product_brand":[],"product_cat":[644],"product_tag":[],"class_list":{"0":"post-12693","1":"product","2":"type-product","3":"status-publish","4":"has-post-thumbnail","6":"pwb-brand-victron-energy-en","7":"product_cat-solar-inverters-chargers-controllers","9":"first","10":"instock","11":"taxable","12":"shipping-taxable","13":"purchasable","14":"product-type-simple"},"yoast_head":"<!-- This site is optimized with the Yoast SEO plugin v26.7 - https:\/\/yoast.com\/wordpress\/plugins\/seo\/ -->\n<title>Victron interface MK3-USB (VE. Bus to USB) - www.akum.lv<\/title>\n<meta name=\"robots\" content=\"index, follow, max-snippet:-1, max-image-preview:large, max-video-preview:-1\" \/>\n<link rel=\"canonical\" href=\"https:\/\/akum.lv\/en\/prece\/victron-interface-mk3-usb-ve-bus-to-usb\/\" \/>\n<meta property=\"og:locale\" content=\"en_US\" \/>\n<meta property=\"og:type\" content=\"article\" \/>\n<meta property=\"og:title\" content=\"Victron interface MK3-USB (VE. Bus to USB) - www.akum.lv\" \/>\n<meta property=\"og:description\" content=\"Victron interface MK3-USB (VE. Bus to USB)   - VE_Bus_Configuration_guide-en  Izmantojiet MK3-USB, lai pievienotu datoram \u0161\u0101das ier\u012bces turpm\u0101kai iestat\u012b\u0161anai: Multi, MultiGrid, MultiPlus, MultiPlus-II, Quattro, Inverter (tikai mode\u013ciem ar VE.Bus sakaru portu), ECOmulti, EasySolar, EasyPlus.  \u0418\u0441\u043f\u043e\u043b\u044c\u0437\u0443\u0439\u0442\u0435 MK3-USB \u0434\u043b\u044f \u043f\u043e\u0434\u043a\u043b\u044e\u0447\u0435\u043d\u0438\u044f \u0441\u043b\u0435\u0434\u0443\u044e\u0449\u0438\u0445 \u0443\u0441\u0442\u0440\u043e\u0439\u0441\u0442\u0432 \u043a \u043a\u043e\u043c\u043f\u044c\u044e\u0442\u0435\u0440\u0443 \u0434\u043b\u044f \u0434\u0430\u043b\u044c\u043d\u0435\u0439\u0448\u0435\u0439 \u043d\u0430\u0441\u0442\u0440\u043e\u0439\u043a\u0438: Multi, MultiGrid, MultiPlus, MultiPlus-II, Quattro, Inverter (\u0442\u043e\u043b\u044c\u043a\u043e \u043c\u043e\u0434\u0435\u043b\u0438 \u0441 \u043a\u043e\u043c\u043c\u0443\u043d\u0438\u043a\u0430\u0446\u0438\u043e\u043d\u043d\u044b\u043c \u043f\u043e\u0440\u0442\u043e\u043c VE.Bus), ECOmulti, EasySolar, EasyPlus.\" \/>\n<meta property=\"og:url\" content=\"https:\/\/akum.lv\/en\/prece\/victron-interface-mk3-usb-ve-bus-to-usb\/\" \/>\n<meta property=\"og:site_name\" content=\"www.akum.lv\" \/>\n<meta property=\"article:modified_time\" content=\"2023-02-03T14:14:42+00:00\" \/>\n<meta property=\"og:image\" content=\"https:\/\/akum.lv\/wp-content\/uploads\/2022\/07\/Victron-MK3-USB.jpg\" \/>\n\t<meta property=\"og:image:width\" content=\"400\" \/>\n\t<meta property=\"og:image:height\" content=\"277\" \/>\n\t<meta property=\"og:image:type\" content=\"image\/jpeg\" \/>\n<meta name=\"twitter:card\" content=\"summary_large_image\" \/>\n<script type=\"application\/ld+json\" class=\"yoast-schema-graph\">{\"@context\":\"https:\/\/schema.org\",\"@graph\":[{\"@type\":\"WebPage\",\"@id\":\"https:\/\/akum.lv\/en\/prece\/victron-interface-mk3-usb-ve-bus-to-usb\/\",\"url\":\"https:\/\/akum.lv\/en\/prece\/victron-interface-mk3-usb-ve-bus-to-usb\/\",\"name\":\"Victron interface MK3-USB (VE. Bus to USB) - www.akum.lv\",\"isPartOf\":{\"@id\":\"https:\/\/akum.lv\/#website\"},\"primaryImageOfPage\":{\"@id\":\"https:\/\/akum.lv\/en\/prece\/victron-interface-mk3-usb-ve-bus-to-usb\/#primaryimage\"},\"image\":{\"@id\":\"https:\/\/akum.lv\/en\/prece\/victron-interface-mk3-usb-ve-bus-to-usb\/#primaryimage\"},\"thumbnailUrl\":\"https:\/\/akum.lv\/wp-content\/uploads\/2022\/07\/Victron-MK3-USB.jpg\",\"datePublished\":\"2022-07-07T10:31:04+00:00\",\"dateModified\":\"2023-02-03T14:14:42+00:00\",\"breadcrumb\":{\"@id\":\"https:\/\/akum.lv\/en\/prece\/victron-interface-mk3-usb-ve-bus-to-usb\/#breadcrumb\"},\"inLanguage\":\"en-US\",\"potentialAction\":[{\"@type\":\"ReadAction\",\"target\":[\"https:\/\/akum.lv\/en\/prece\/victron-interface-mk3-usb-ve-bus-to-usb\/\"]}]},{\"@type\":\"ImageObject\",\"inLanguage\":\"en-US\",\"@id\":\"https:\/\/akum.lv\/en\/prece\/victron-interface-mk3-usb-ve-bus-to-usb\/#primaryimage\",\"url\":\"https:\/\/akum.lv\/wp-content\/uploads\/2022\/07\/Victron-MK3-USB.jpg\",\"contentUrl\":\"https:\/\/akum.lv\/wp-content\/uploads\/2022\/07\/Victron-MK3-USB.jpg\",\"width\":400,\"height\":277},{\"@type\":\"BreadcrumbList\",\"@id\":\"https:\/\/akum.lv\/en\/prece\/victron-interface-mk3-usb-ve-bus-to-usb\/#breadcrumb\",\"itemListElement\":[{\"@type\":\"ListItem\",\"position\":1,\"name\":\"\u0413\u043b\u0430\u0432\u043d\u0430\u044f \u0441\u0442\u0440\u0430\u043d\u0438\u0446\u0430\",\"item\":\"https:\/\/akum.lv\/en\/\"},{\"@type\":\"ListItem\",\"position\":2,\"name\":\"PRECES\",\"item\":\"https:\/\/akum.lv\/produkti-preces\/\"},{\"@type\":\"ListItem\",\"position\":3,\"name\":\"Victron interface MK3-USB (VE. Bus to USB)\"}]},{\"@type\":\"WebSite\",\"@id\":\"https:\/\/akum.lv\/#website\",\"url\":\"https:\/\/akum.lv\/\",\"name\":\"www.akum.lv\",\"description\":\"Akumulatoru p\u0101rdev\u0113js | \u041f\u0440\u043e\u0434\u0430\u0432\u0435\u0446 \u0430\u043a\u043a\u0443\u043c\u0443\u043b\u044f\u0442\u043e\u0440\u043e\u0432 | Battery seller\",\"publisher\":{\"@id\":\"https:\/\/akum.lv\/#organization\"},\"potentialAction\":[{\"@type\":\"SearchAction\",\"target\":{\"@type\":\"EntryPoint\",\"urlTemplate\":\"https:\/\/akum.lv\/?s={search_term_string}\"},\"query-input\":{\"@type\":\"PropertyValueSpecification\",\"valueRequired\":true,\"valueName\":\"search_term_string\"}}],\"inLanguage\":\"en-US\"},{\"@type\":\"Organization\",\"@id\":\"https:\/\/akum.lv\/#organization\",\"name\":\"HubEnergy\",\"url\":\"https:\/\/akum.lv\/\",\"logo\":{\"@type\":\"ImageObject\",\"inLanguage\":\"en-US\",\"@id\":\"https:\/\/akum.lv\/#\/schema\/logo\/image\/\",\"url\":\"https:\/\/akum.lv\/wp-content\/uploads\/2018\/08\/Logo-hub-energy-2018-seller-dark-blue.png\",\"contentUrl\":\"https:\/\/akum.lv\/wp-content\/uploads\/2018\/08\/Logo-hub-energy-2018-seller-dark-blue.png\",\"width\":381,\"height\":75,\"caption\":\"HubEnergy\"},\"image\":{\"@id\":\"https:\/\/akum.lv\/#\/schema\/logo\/image\/\"}}]}<\/script>\n<!-- \/ Yoast SEO plugin. -->","yoast_head_json":{"title":"Victron interface MK3-USB (VE. Bus to USB) - www.akum.lv","robots":{"index":"index","follow":"follow","max-snippet":"max-snippet:-1","max-image-preview":"max-image-preview:large","max-video-preview":"max-video-preview:-1"},"canonical":"https:\/\/akum.lv\/en\/prece\/victron-interface-mk3-usb-ve-bus-to-usb\/","og_locale":"en_US","og_type":"article","og_title":"Victron interface MK3-USB (VE. Bus to USB) - www.akum.lv","og_description":"Victron interface MK3-USB (VE. Bus to USB)   - VE_Bus_Configuration_guide-en  Izmantojiet MK3-USB, lai pievienotu datoram \u0161\u0101das ier\u012bces turpm\u0101kai iestat\u012b\u0161anai: Multi, MultiGrid, MultiPlus, MultiPlus-II, Quattro, Inverter (tikai mode\u013ciem ar VE.Bus sakaru portu), ECOmulti, EasySolar, EasyPlus.  \u0418\u0441\u043f\u043e\u043b\u044c\u0437\u0443\u0439\u0442\u0435 MK3-USB \u0434\u043b\u044f \u043f\u043e\u0434\u043a\u043b\u044e\u0447\u0435\u043d\u0438\u044f \u0441\u043b\u0435\u0434\u0443\u044e\u0449\u0438\u0445 \u0443\u0441\u0442\u0440\u043e\u0439\u0441\u0442\u0432 \u043a \u043a\u043e\u043c\u043f\u044c\u044e\u0442\u0435\u0440\u0443 \u0434\u043b\u044f \u0434\u0430\u043b\u044c\u043d\u0435\u0439\u0448\u0435\u0439 \u043d\u0430\u0441\u0442\u0440\u043e\u0439\u043a\u0438: Multi, MultiGrid, MultiPlus, MultiPlus-II, Quattro, Inverter (\u0442\u043e\u043b\u044c\u043a\u043e \u043c\u043e\u0434\u0435\u043b\u0438 \u0441 \u043a\u043e\u043c\u043c\u0443\u043d\u0438\u043a\u0430\u0446\u0438\u043e\u043d\u043d\u044b\u043c \u043f\u043e\u0440\u0442\u043e\u043c VE.Bus), ECOmulti, EasySolar, EasyPlus.","og_url":"https:\/\/akum.lv\/en\/prece\/victron-interface-mk3-usb-ve-bus-to-usb\/","og_site_name":"www.akum.lv","article_modified_time":"2023-02-03T14:14:42+00:00","og_image":[{"width":400,"height":277,"url":"https:\/\/akum.lv\/wp-content\/uploads\/2022\/07\/Victron-MK3-USB.jpg","type":"image\/jpeg"}],"twitter_card":"summary_large_image","schema":{"@context":"https:\/\/schema.org","@graph":[{"@type":"WebPage","@id":"https:\/\/akum.lv\/en\/prece\/victron-interface-mk3-usb-ve-bus-to-usb\/","url":"https:\/\/akum.lv\/en\/prece\/victron-interface-mk3-usb-ve-bus-to-usb\/","name":"Victron interface MK3-USB (VE. Bus to USB) - www.akum.lv","isPartOf":{"@id":"https:\/\/akum.lv\/#website"},"primaryImageOfPage":{"@id":"https:\/\/akum.lv\/en\/prece\/victron-interface-mk3-usb-ve-bus-to-usb\/#primaryimage"},"image":{"@id":"https:\/\/akum.lv\/en\/prece\/victron-interface-mk3-usb-ve-bus-to-usb\/#primaryimage"},"thumbnailUrl":"https:\/\/akum.lv\/wp-content\/uploads\/2022\/07\/Victron-MK3-USB.jpg","datePublished":"2022-07-07T10:31:04+00:00","dateModified":"2023-02-03T14:14:42+00:00","breadcrumb":{"@id":"https:\/\/akum.lv\/en\/prece\/victron-interface-mk3-usb-ve-bus-to-usb\/#breadcrumb"},"inLanguage":"en-US","potentialAction":[{"@type":"ReadAction","target":["https:\/\/akum.lv\/en\/prece\/victron-interface-mk3-usb-ve-bus-to-usb\/"]}]},{"@type":"ImageObject","inLanguage":"en-US","@id":"https:\/\/akum.lv\/en\/prece\/victron-interface-mk3-usb-ve-bus-to-usb\/#primaryimage","url":"https:\/\/akum.lv\/wp-content\/uploads\/2022\/07\/Victron-MK3-USB.jpg","contentUrl":"https:\/\/akum.lv\/wp-content\/uploads\/2022\/07\/Victron-MK3-USB.jpg","width":400,"height":277},{"@type":"BreadcrumbList","@id":"https:\/\/akum.lv\/en\/prece\/victron-interface-mk3-usb-ve-bus-to-usb\/#breadcrumb","itemListElement":[{"@type":"ListItem","position":1,"name":"\u0413\u043b\u0430\u0432\u043d\u0430\u044f \u0441\u0442\u0440\u0430\u043d\u0438\u0446\u0430","item":"https:\/\/akum.lv\/en\/"},{"@type":"ListItem","position":2,"name":"PRECES","item":"https:\/\/akum.lv\/produkti-preces\/"},{"@type":"ListItem","position":3,"name":"Victron interface MK3-USB (VE. Bus to USB)"}]},{"@type":"WebSite","@id":"https:\/\/akum.lv\/#website","url":"https:\/\/akum.lv\/","name":"www.akum.lv","description":"Akumulatoru p\u0101rdev\u0113js | \u041f\u0440\u043e\u0434\u0430\u0432\u0435\u0446 \u0430\u043a\u043a\u0443\u043c\u0443\u043b\u044f\u0442\u043e\u0440\u043e\u0432 | Battery seller","publisher":{"@id":"https:\/\/akum.lv\/#organization"},"potentialAction":[{"@type":"SearchAction","target":{"@type":"EntryPoint","urlTemplate":"https:\/\/akum.lv\/?s={search_term_string}"},"query-input":{"@type":"PropertyValueSpecification","valueRequired":true,"valueName":"search_term_string"}}],"inLanguage":"en-US"},{"@type":"Organization","@id":"https:\/\/akum.lv\/#organization","name":"HubEnergy","url":"https:\/\/akum.lv\/","logo":{"@type":"ImageObject","inLanguage":"en-US","@id":"https:\/\/akum.lv\/#\/schema\/logo\/image\/","url":"https:\/\/akum.lv\/wp-content\/uploads\/2018\/08\/Logo-hub-energy-2018-seller-dark-blue.png","contentUrl":"https:\/\/akum.lv\/wp-content\/uploads\/2018\/08\/Logo-hub-energy-2018-seller-dark-blue.png","width":381,"height":75,"caption":"HubEnergy"},"image":{"@id":"https:\/\/akum.lv\/#\/schema\/logo\/image\/"}}]}},"brands":[{"id":730,"name":"VICTRON ENERGY","slug":"victron-energy-en"}],"_links":{"self":[{"href":"https:\/\/akum.lv\/en\/wp-json\/wp\/v2\/product\/12693","targetHints":{"allow":["GET"]}}],"collection":[{"href":"https:\/\/akum.lv\/en\/wp-json\/wp\/v2\/product"}],"about":[{"href":"https:\/\/akum.lv\/en\/wp-json\/wp\/v2\/types\/product"}],"wp:featuredmedia":[{"embeddable":true,"href":"https:\/\/akum.lv\/en\/wp-json\/wp\/v2\/media\/12691"}],"wp:attachment":[{"href":"https:\/\/akum.lv\/en\/wp-json\/wp\/v2\/media?parent=12693"}],"wp:term":[{"taxonomy":"pwb-brand","embeddable":true,"href":"https:\/\/akum.lv\/en\/wp-json\/wp\/v2\/pwb-brand?post=12693"},{"taxonomy":"product_brand","embeddable":true,"href":"https:\/\/akum.lv\/en\/wp-json\/wp\/v2\/product_brand?post=12693"},{"taxonomy":"product_cat","embeddable":true,"href":"https:\/\/akum.lv\/en\/wp-json\/wp\/v2\/product_cat?post=12693"},{"taxonomy":"product_tag","embeddable":true,"href":"https:\/\/akum.lv\/en\/wp-json\/wp\/v2\/product_tag?post=12693"}],"curies":[{"name":"wp","href":"https:\/\/api.w.org\/{rel}","templated":true}]}}