{"id":12409,"date":"2022-06-07T11:18:32","date_gmt":"2022-06-07T11:18:32","guid":{"rendered":"https:\/\/akum.lv\/product\/gnb-sprinter-p-xp-p12v875-12v-41ah-c10-1157w-l200-w169-h176-m-m6-napw120875hp0mc\/"},"modified":"2026-01-09T12:03:12","modified_gmt":"2026-01-09T12:03:12","slug":"gnb-sprinter-p-xp-p12v875-12v-41ah-c10-1157w-l200-w169-h176-m-m6-napw120875hp0mc","status":"publish","type":"product","link":"https:\/\/akum.lv\/en\/prece\/gnb-sprinter-p-xp-p12v875-12v-41ah-c10-1157w-l200-w169-h176-m-m6-napw120875hp0mc\/","title":{"rendered":"GNB Sprinter P-XP P12V875 12V-41Ah \/ C10 \/ 1157W L200 W169 H176 (M-M6) NAPW120875HP0MC"},"content":{"rendered":"","protected":false},"excerpt":{"rendered":"<p><strong>Sprinter P12V875<\/strong><\/p>\n<p><strong>GNB Sprinter P-XP P12V875 12V-41Ah \/ C10 \/ 1157W L200 W169 H176 (M-M6) NAPW120875HP0MC<\/strong><\/p>\n<p><img loading=\"lazy\" decoding=\"async\" class=\"alignnone size-full wp-image-11436\" src=\"https:\/\/akum.lv\/wp-content\/uploads\/2021\/12\/pdf-icon.png\" alt=\"\" width=\"50\" height=\"50\" \/> <strong>&#8211; <a href=\"https:\/\/akum.lv\/wp-content\/uploads\/2020\/03\/Sprinter_P_XP_en.pdf\">Sprinter_P_XP_en<\/a><\/strong><\/p>\n<p>Cena nor\u0101d\u012bta bez PVN, cen\u0101 iek\u013cauta pieg\u0101de Latvijas robe\u017e\u0101s.<br \/>\nCena var main\u012bties atkar\u012bb\u0101 no pas\u016bt\u012bjuma apjoma.<br \/>\nAkumulatoru izgatavo\u0161anas un pieg\u0101des laiks klientam tiek apspriests pas\u016btot.<br \/>\n\u0426\u0435\u043d\u0430 \u0443\u043a\u0430\u0437\u0430\u043d\u0430 \u0431\u0435\u0437 \u041d\u0414\u0421, \u0432 \u0446\u0435\u043d\u0443 \u0432\u043a\u043b\u044e\u0447\u0435\u043d\u0430 \u0434\u043e\u0441\u0442\u0430\u0432\u043a\u0430 \u043f\u043e \u041b\u0430\u0442\u0432\u0438\u0438.<br \/>\n\u0426\u0435\u043d\u0430 \u043c\u043e\u0436\u0435\u0442 \u043c\u0435\u043d\u044f\u0442\u0441\u044f \u0432 \u0437\u0430\u0432\u0438\u0441\u0438\u043c\u043e\u0441\u0442\u0438 \u043e\u0442 \u043e\u0431\u044c\u0435\u043c\u0430 \u0437\u0430\u043a\u0430\u0437\u0430.<br \/>\n\u0412\u0440\u0435\u043c\u044f \u0438\u0437\u0433\u043e\u0442\u043e\u0432\u043b\u0435\u043d\u0438\u0435 \u0438 \u0434\u043e\u0441\u0442\u0430\u0432\u043a\u0430 \u0431\u0430\u0442\u0430\u0440\u0435\u0439 \u0437\u0430\u043a\u0430\u0437\u0447\u0438\u043a\u0443 \u043e\u0433\u043e\u0432\u0430\u0440\u0438\u0432\u0430\u0435\u0442\u0441\u044f \u043f\u0440\u0438 \u0437\u0430\u043a\u0430\u0437\u0435.<\/p>\n","protected":false},"featured_media":12407,"template":"","meta":[],"pwb-brand":[],"product_brand":[],"product_cat":[588,745,442,160,185,549],"product_tag":[],"class_list":{"0":"post-12409","1":"product","2":"type-product","3":"status-publish","4":"has-post-thumbnail","6":"product_cat-gnb-sprinter-agm-batteries","7":"product_cat-sprinter-p-xp-agm","8":"product_cat-agm-12v-batteries","9":"product_cat-agm-akumulatori-signalizacijas-drosibas-sistemam","10":"product_cat-ups-telecom-batteries","11":"product_cat-vds-certified-batteries","13":"first","14":"instock","15":"taxable","16":"shipping-taxable","17":"purchasable","18":"product-type-simple"},"yoast_head":"<!-- This site is optimized with the Yoast SEO plugin v26.7 - https:\/\/yoast.com\/wordpress\/plugins\/seo\/ -->\n<title>GNB Sprinter P-XP P12V875 12V-41Ah \/ C10 \/ 1157W L200 W169 H176 (M-M6) NAPW120875HP0MC - www.akum.lv<\/title>\n<meta name=\"robots\" content=\"index, follow, max-snippet:-1, max-image-preview:large, max-video-preview:-1\" \/>\n<link rel=\"canonical\" href=\"https:\/\/akum.lv\/en\/prece\/gnb-sprinter-p-xp-p12v875-12v-41ah-c10-1157w-l200-w169-h176-m-m6-napw120875hp0mc\/\" \/>\n<meta property=\"og:locale\" content=\"en_US\" \/>\n<meta property=\"og:type\" content=\"article\" \/>\n<meta property=\"og:title\" content=\"GNB Sprinter P-XP P12V875 12V-41Ah \/ C10 \/ 1157W L200 W169 H176 (M-M6) NAPW120875HP0MC - www.akum.lv\" \/>\n<meta property=\"og:description\" content=\"Sprinter P12V875  GNB Sprinter P-XP P12V875 12V-41Ah \/ C10 \/ 1157W L200 W169 H176 (M-M6) NAPW120875HP0MC   - Sprinter_P_XP_en  Cena nor\u0101d\u012bta bez PVN, cen\u0101 iek\u013cauta pieg\u0101de Latvijas robe\u017e\u0101s. Cena var main\u012bties atkar\u012bb\u0101 no pas\u016bt\u012bjuma apjoma. Akumulatoru izgatavo\u0161anas un pieg\u0101des laiks klientam tiek apspriests pas\u016btot. \u0426\u0435\u043d\u0430 \u0443\u043a\u0430\u0437\u0430\u043d\u0430 \u0431\u0435\u0437 \u041d\u0414\u0421, \u0432 \u0446\u0435\u043d\u0443 \u0432\u043a\u043b\u044e\u0447\u0435\u043d\u0430 \u0434\u043e\u0441\u0442\u0430\u0432\u043a\u0430 \u043f\u043e \u041b\u0430\u0442\u0432\u0438\u0438. \u0426\u0435\u043d\u0430 \u043c\u043e\u0436\u0435\u0442 \u043c\u0435\u043d\u044f\u0442\u0441\u044f \u0432 \u0437\u0430\u0432\u0438\u0441\u0438\u043c\u043e\u0441\u0442\u0438 \u043e\u0442 \u043e\u0431\u044c\u0435\u043c\u0430 \u0437\u0430\u043a\u0430\u0437\u0430. \u0412\u0440\u0435\u043c\u044f \u0438\u0437\u0433\u043e\u0442\u043e\u0432\u043b\u0435\u043d\u0438\u0435 \u0438 \u0434\u043e\u0441\u0442\u0430\u0432\u043a\u0430 \u0431\u0430\u0442\u0430\u0440\u0435\u0439 \u0437\u0430\u043a\u0430\u0437\u0447\u0438\u043a\u0443 \u043e\u0433\u043e\u0432\u0430\u0440\u0438\u0432\u0430\u0435\u0442\u0441\u044f \u043f\u0440\u0438 \u0437\u0430\u043a\u0430\u0437\u0435.\" \/>\n<meta property=\"og:url\" content=\"https:\/\/akum.lv\/en\/prece\/gnb-sprinter-p-xp-p12v875-12v-41ah-c10-1157w-l200-w169-h176-m-m6-napw120875hp0mc\/\" \/>\n<meta property=\"og:site_name\" content=\"www.akum.lv\" \/>\n<meta property=\"article:modified_time\" content=\"2026-01-09T12:03:12+00:00\" \/>\n<meta property=\"og:image\" content=\"https:\/\/akum.lv\/wp-content\/uploads\/2022\/06\/Sprinter-P-XP-P12V875.jpg\" \/>\n\t<meta property=\"og:image:width\" content=\"400\" \/>\n\t<meta property=\"og:image:height\" content=\"370\" \/>\n\t<meta property=\"og:image:type\" content=\"image\/jpeg\" \/>\n<meta name=\"twitter:card\" content=\"summary_large_image\" \/>\n<meta name=\"twitter:label1\" content=\"Est. reading time\" \/>\n\t<meta name=\"twitter:data1\" content=\"1 minute\" \/>\n<script type=\"application\/ld+json\" class=\"yoast-schema-graph\">{\"@context\":\"https:\/\/schema.org\",\"@graph\":[{\"@type\":\"WebPage\",\"@id\":\"https:\/\/akum.lv\/en\/prece\/gnb-sprinter-p-xp-p12v875-12v-41ah-c10-1157w-l200-w169-h176-m-m6-napw120875hp0mc\/\",\"url\":\"https:\/\/akum.lv\/en\/prece\/gnb-sprinter-p-xp-p12v875-12v-41ah-c10-1157w-l200-w169-h176-m-m6-napw120875hp0mc\/\",\"name\":\"GNB Sprinter P-XP P12V875 12V-41Ah \/ C10 \/ 1157W L200 W169 H176 (M-M6) NAPW120875HP0MC - www.akum.lv\",\"isPartOf\":{\"@id\":\"https:\/\/akum.lv\/#website\"},\"primaryImageOfPage\":{\"@id\":\"https:\/\/akum.lv\/en\/prece\/gnb-sprinter-p-xp-p12v875-12v-41ah-c10-1157w-l200-w169-h176-m-m6-napw120875hp0mc\/#primaryimage\"},\"image\":{\"@id\":\"https:\/\/akum.lv\/en\/prece\/gnb-sprinter-p-xp-p12v875-12v-41ah-c10-1157w-l200-w169-h176-m-m6-napw120875hp0mc\/#primaryimage\"},\"thumbnailUrl\":\"https:\/\/akum.lv\/wp-content\/uploads\/2022\/06\/Sprinter-P-XP-P12V875.jpg\",\"datePublished\":\"2022-06-07T11:18:32+00:00\",\"dateModified\":\"2026-01-09T12:03:12+00:00\",\"breadcrumb\":{\"@id\":\"https:\/\/akum.lv\/en\/prece\/gnb-sprinter-p-xp-p12v875-12v-41ah-c10-1157w-l200-w169-h176-m-m6-napw120875hp0mc\/#breadcrumb\"},\"inLanguage\":\"en-US\",\"potentialAction\":[{\"@type\":\"ReadAction\",\"target\":[\"https:\/\/akum.lv\/en\/prece\/gnb-sprinter-p-xp-p12v875-12v-41ah-c10-1157w-l200-w169-h176-m-m6-napw120875hp0mc\/\"]}]},{\"@type\":\"ImageObject\",\"inLanguage\":\"en-US\",\"@id\":\"https:\/\/akum.lv\/en\/prece\/gnb-sprinter-p-xp-p12v875-12v-41ah-c10-1157w-l200-w169-h176-m-m6-napw120875hp0mc\/#primaryimage\",\"url\":\"https:\/\/akum.lv\/wp-content\/uploads\/2022\/06\/Sprinter-P-XP-P12V875.jpg\",\"contentUrl\":\"https:\/\/akum.lv\/wp-content\/uploads\/2022\/06\/Sprinter-P-XP-P12V875.jpg\",\"width\":400,\"height\":370},{\"@type\":\"BreadcrumbList\",\"@id\":\"https:\/\/akum.lv\/en\/prece\/gnb-sprinter-p-xp-p12v875-12v-41ah-c10-1157w-l200-w169-h176-m-m6-napw120875hp0mc\/#breadcrumb\",\"itemListElement\":[{\"@type\":\"ListItem\",\"position\":1,\"name\":\"\u0413\u043b\u0430\u0432\u043d\u0430\u044f \u0441\u0442\u0440\u0430\u043d\u0438\u0446\u0430\",\"item\":\"https:\/\/akum.lv\/en\/\"},{\"@type\":\"ListItem\",\"position\":2,\"name\":\"PRECES\",\"item\":\"https:\/\/akum.lv\/produkti-preces\/\"},{\"@type\":\"ListItem\",\"position\":3,\"name\":\"GNB Sprinter P-XP P12V875 12V-41Ah \/ C10 \/ 1157W L200 W169 H176 (M-M6) NAPW120875HP0MC\"}]},{\"@type\":\"WebSite\",\"@id\":\"https:\/\/akum.lv\/#website\",\"url\":\"https:\/\/akum.lv\/\",\"name\":\"www.akum.lv\",\"description\":\"Akumulatoru p\u0101rdev\u0113js | \u041f\u0440\u043e\u0434\u0430\u0432\u0435\u0446 \u0430\u043a\u043a\u0443\u043c\u0443\u043b\u044f\u0442\u043e\u0440\u043e\u0432 | Battery seller\",\"publisher\":{\"@id\":\"https:\/\/akum.lv\/#organization\"},\"potentialAction\":[{\"@type\":\"SearchAction\",\"target\":{\"@type\":\"EntryPoint\",\"urlTemplate\":\"https:\/\/akum.lv\/?s={search_term_string}\"},\"query-input\":{\"@type\":\"PropertyValueSpecification\",\"valueRequired\":true,\"valueName\":\"search_term_string\"}}],\"inLanguage\":\"en-US\"},{\"@type\":\"Organization\",\"@id\":\"https:\/\/akum.lv\/#organization\",\"name\":\"HubEnergy\",\"url\":\"https:\/\/akum.lv\/\",\"logo\":{\"@type\":\"ImageObject\",\"inLanguage\":\"en-US\",\"@id\":\"https:\/\/akum.lv\/#\/schema\/logo\/image\/\",\"url\":\"https:\/\/akum.lv\/wp-content\/uploads\/2018\/08\/Logo-hub-energy-2018-seller-dark-blue.png\",\"contentUrl\":\"https:\/\/akum.lv\/wp-content\/uploads\/2018\/08\/Logo-hub-energy-2018-seller-dark-blue.png\",\"width\":381,\"height\":75,\"caption\":\"HubEnergy\"},\"image\":{\"@id\":\"https:\/\/akum.lv\/#\/schema\/logo\/image\/\"}}]}<\/script>\n<!-- \/ Yoast SEO plugin. -->","yoast_head_json":{"title":"GNB Sprinter P-XP P12V875 12V-41Ah \/ C10 \/ 1157W L200 W169 H176 (M-M6) NAPW120875HP0MC - www.akum.lv","robots":{"index":"index","follow":"follow","max-snippet":"max-snippet:-1","max-image-preview":"max-image-preview:large","max-video-preview":"max-video-preview:-1"},"canonical":"https:\/\/akum.lv\/en\/prece\/gnb-sprinter-p-xp-p12v875-12v-41ah-c10-1157w-l200-w169-h176-m-m6-napw120875hp0mc\/","og_locale":"en_US","og_type":"article","og_title":"GNB Sprinter P-XP P12V875 12V-41Ah \/ C10 \/ 1157W L200 W169 H176 (M-M6) NAPW120875HP0MC - www.akum.lv","og_description":"Sprinter P12V875  GNB Sprinter P-XP P12V875 12V-41Ah \/ C10 \/ 1157W L200 W169 H176 (M-M6) NAPW120875HP0MC   - Sprinter_P_XP_en  Cena nor\u0101d\u012bta bez PVN, cen\u0101 iek\u013cauta pieg\u0101de Latvijas robe\u017e\u0101s. Cena var main\u012bties atkar\u012bb\u0101 no pas\u016bt\u012bjuma apjoma. Akumulatoru izgatavo\u0161anas un pieg\u0101des laiks klientam tiek apspriests pas\u016btot. \u0426\u0435\u043d\u0430 \u0443\u043a\u0430\u0437\u0430\u043d\u0430 \u0431\u0435\u0437 \u041d\u0414\u0421, \u0432 \u0446\u0435\u043d\u0443 \u0432\u043a\u043b\u044e\u0447\u0435\u043d\u0430 \u0434\u043e\u0441\u0442\u0430\u0432\u043a\u0430 \u043f\u043e \u041b\u0430\u0442\u0432\u0438\u0438. \u0426\u0435\u043d\u0430 \u043c\u043e\u0436\u0435\u0442 \u043c\u0435\u043d\u044f\u0442\u0441\u044f \u0432 \u0437\u0430\u0432\u0438\u0441\u0438\u043c\u043e\u0441\u0442\u0438 \u043e\u0442 \u043e\u0431\u044c\u0435\u043c\u0430 \u0437\u0430\u043a\u0430\u0437\u0430. \u0412\u0440\u0435\u043c\u044f \u0438\u0437\u0433\u043e\u0442\u043e\u0432\u043b\u0435\u043d\u0438\u0435 \u0438 \u0434\u043e\u0441\u0442\u0430\u0432\u043a\u0430 \u0431\u0430\u0442\u0430\u0440\u0435\u0439 \u0437\u0430\u043a\u0430\u0437\u0447\u0438\u043a\u0443 \u043e\u0433\u043e\u0432\u0430\u0440\u0438\u0432\u0430\u0435\u0442\u0441\u044f \u043f\u0440\u0438 \u0437\u0430\u043a\u0430\u0437\u0435.","og_url":"https:\/\/akum.lv\/en\/prece\/gnb-sprinter-p-xp-p12v875-12v-41ah-c10-1157w-l200-w169-h176-m-m6-napw120875hp0mc\/","og_site_name":"www.akum.lv","article_modified_time":"2026-01-09T12:03:12+00:00","og_image":[{"width":400,"height":370,"url":"https:\/\/akum.lv\/wp-content\/uploads\/2022\/06\/Sprinter-P-XP-P12V875.jpg","type":"image\/jpeg"}],"twitter_card":"summary_large_image","twitter_misc":{"Est. reading time":"1 minute"},"schema":{"@context":"https:\/\/schema.org","@graph":[{"@type":"WebPage","@id":"https:\/\/akum.lv\/en\/prece\/gnb-sprinter-p-xp-p12v875-12v-41ah-c10-1157w-l200-w169-h176-m-m6-napw120875hp0mc\/","url":"https:\/\/akum.lv\/en\/prece\/gnb-sprinter-p-xp-p12v875-12v-41ah-c10-1157w-l200-w169-h176-m-m6-napw120875hp0mc\/","name":"GNB Sprinter P-XP P12V875 12V-41Ah \/ C10 \/ 1157W L200 W169 H176 (M-M6) NAPW120875HP0MC - www.akum.lv","isPartOf":{"@id":"https:\/\/akum.lv\/#website"},"primaryImageOfPage":{"@id":"https:\/\/akum.lv\/en\/prece\/gnb-sprinter-p-xp-p12v875-12v-41ah-c10-1157w-l200-w169-h176-m-m6-napw120875hp0mc\/#primaryimage"},"image":{"@id":"https:\/\/akum.lv\/en\/prece\/gnb-sprinter-p-xp-p12v875-12v-41ah-c10-1157w-l200-w169-h176-m-m6-napw120875hp0mc\/#primaryimage"},"thumbnailUrl":"https:\/\/akum.lv\/wp-content\/uploads\/2022\/06\/Sprinter-P-XP-P12V875.jpg","datePublished":"2022-06-07T11:18:32+00:00","dateModified":"2026-01-09T12:03:12+00:00","breadcrumb":{"@id":"https:\/\/akum.lv\/en\/prece\/gnb-sprinter-p-xp-p12v875-12v-41ah-c10-1157w-l200-w169-h176-m-m6-napw120875hp0mc\/#breadcrumb"},"inLanguage":"en-US","potentialAction":[{"@type":"ReadAction","target":["https:\/\/akum.lv\/en\/prece\/gnb-sprinter-p-xp-p12v875-12v-41ah-c10-1157w-l200-w169-h176-m-m6-napw120875hp0mc\/"]}]},{"@type":"ImageObject","inLanguage":"en-US","@id":"https:\/\/akum.lv\/en\/prece\/gnb-sprinter-p-xp-p12v875-12v-41ah-c10-1157w-l200-w169-h176-m-m6-napw120875hp0mc\/#primaryimage","url":"https:\/\/akum.lv\/wp-content\/uploads\/2022\/06\/Sprinter-P-XP-P12V875.jpg","contentUrl":"https:\/\/akum.lv\/wp-content\/uploads\/2022\/06\/Sprinter-P-XP-P12V875.jpg","width":400,"height":370},{"@type":"BreadcrumbList","@id":"https:\/\/akum.lv\/en\/prece\/gnb-sprinter-p-xp-p12v875-12v-41ah-c10-1157w-l200-w169-h176-m-m6-napw120875hp0mc\/#breadcrumb","itemListElement":[{"@type":"ListItem","position":1,"name":"\u0413\u043b\u0430\u0432\u043d\u0430\u044f \u0441\u0442\u0440\u0430\u043d\u0438\u0446\u0430","item":"https:\/\/akum.lv\/en\/"},{"@type":"ListItem","position":2,"name":"PRECES","item":"https:\/\/akum.lv\/produkti-preces\/"},{"@type":"ListItem","position":3,"name":"GNB Sprinter P-XP P12V875 12V-41Ah \/ C10 \/ 1157W L200 W169 H176 (M-M6) NAPW120875HP0MC"}]},{"@type":"WebSite","@id":"https:\/\/akum.lv\/#website","url":"https:\/\/akum.lv\/","name":"www.akum.lv","description":"Akumulatoru p\u0101rdev\u0113js | \u041f\u0440\u043e\u0434\u0430\u0432\u0435\u0446 \u0430\u043a\u043a\u0443\u043c\u0443\u043b\u044f\u0442\u043e\u0440\u043e\u0432 | Battery seller","publisher":{"@id":"https:\/\/akum.lv\/#organization"},"potentialAction":[{"@type":"SearchAction","target":{"@type":"EntryPoint","urlTemplate":"https:\/\/akum.lv\/?s={search_term_string}"},"query-input":{"@type":"PropertyValueSpecification","valueRequired":true,"valueName":"search_term_string"}}],"inLanguage":"en-US"},{"@type":"Organization","@id":"https:\/\/akum.lv\/#organization","name":"HubEnergy","url":"https:\/\/akum.lv\/","logo":{"@type":"ImageObject","inLanguage":"en-US","@id":"https:\/\/akum.lv\/#\/schema\/logo\/image\/","url":"https:\/\/akum.lv\/wp-content\/uploads\/2018\/08\/Logo-hub-energy-2018-seller-dark-blue.png","contentUrl":"https:\/\/akum.lv\/wp-content\/uploads\/2018\/08\/Logo-hub-energy-2018-seller-dark-blue.png","width":381,"height":75,"caption":"HubEnergy"},"image":{"@id":"https:\/\/akum.lv\/#\/schema\/logo\/image\/"}}]}},"brands":[],"_links":{"self":[{"href":"https:\/\/akum.lv\/en\/wp-json\/wp\/v2\/product\/12409","targetHints":{"allow":["GET"]}}],"collection":[{"href":"https:\/\/akum.lv\/en\/wp-json\/wp\/v2\/product"}],"about":[{"href":"https:\/\/akum.lv\/en\/wp-json\/wp\/v2\/types\/product"}],"wp:featuredmedia":[{"embeddable":true,"href":"https:\/\/akum.lv\/en\/wp-json\/wp\/v2\/media\/12407"}],"wp:attachment":[{"href":"https:\/\/akum.lv\/en\/wp-json\/wp\/v2\/media?parent=12409"}],"wp:term":[{"taxonomy":"pwb-brand","embeddable":true,"href":"https:\/\/akum.lv\/en\/wp-json\/wp\/v2\/pwb-brand?post=12409"},{"taxonomy":"product_brand","embeddable":true,"href":"https:\/\/akum.lv\/en\/wp-json\/wp\/v2\/product_brand?post=12409"},{"taxonomy":"product_cat","embeddable":true,"href":"https:\/\/akum.lv\/en\/wp-json\/wp\/v2\/product_cat?post=12409"},{"taxonomy":"product_tag","embeddable":true,"href":"https:\/\/akum.lv\/en\/wp-json\/wp\/v2\/product_tag?post=12409"}],"curies":[{"name":"wp","href":"https:\/\/api.w.org\/{rel}","templated":true}]}}