{"id":12400,"date":"2022-06-01T10:53:26","date_gmt":"2022-06-01T10:53:26","guid":{"rendered":"https:\/\/akum.lv\/product\/xtar-vc4-processor-charger-for-li-ion-and-ni-mh-cylindrical-batteries-universals-ladetajs\/"},"modified":"2023-03-15T13:37:06","modified_gmt":"2023-03-15T13:37:06","slug":"xtar-vc4-processor-charger-for-li-ion-and-ni-mh-cylindrical-batteries-universals-ladetajs","status":"publish","type":"product","link":"https:\/\/akum.lv\/en\/prece\/xtar-vc4-processor-charger-for-li-ion-and-ni-mh-cylindrical-batteries-universals-ladetajs\/","title":{"rendered":"XTAR VC4 processor charger for Li-ion and Ni-Mh cylindrical batteries (univers\u0101ls l\u0101d\u0113t\u0101js)"},"content":{"rendered":"","protected":false},"excerpt":{"rendered":"<p>Charger for Li-ion cylindrical batteries and Ni-Mh Xtar VC4<\/p>\n<p>Universal processor Charger for Ni-Mh and Li-ion batteries in sizes: AA, AAA, R14, R20, 14500, 14650, 16340, 17500.17670, 18350, 18500, 18650, 18700, 20700, 21700, 22650, 25500, 26650<br \/>\nThree-stage charging method Li-ion TC\/CC\/CV<br \/>\nFour independent charging channels<br \/>\nLCD display<br \/>\nReactivation of deeply discharged cells and 0V cells<br \/>\nMeasurement of cell capacity<br \/>\nCharging current for 1-2 rechargeable batteries: Max 2x 1A (only 2 extreme Channels)<br \/>\nCharging current for 3-4 rechargeable batteries: Max 4x 0.5 A<br \/>\nCharging voltage: Li-ion 4, 2V<br \/>\nPowered by USB-no power supply included<br \/>\nProtection: Thermal, short-circuit, before the reverse insertion of the battery<\/p>\n<p>Univers\u0101ls procesora l\u0101d\u0113t\u0101js Ni-Mh un Li-ion akumulatoriem ar izm\u0113riem: AA, AAA, R14, R20, 14500, 14650, 16340, 17500, 17670, 18350, 18500, 18650, 18500, 18650, 18500, 18650, 18500, 18650, 18500, 18650, 18500, 18650, 18500, 18650, 18500, 18650, 18500, 18650, 18500, 6,5,20<br \/>\nTr\u012bspak\u0101pju uzl\u0101des metode Li-ion TC\/CC\/CV<br \/>\n\u010cetri neatkar\u012bgi uzl\u0101des kan\u0101li<br \/>\nLCD displejs<br \/>\nDzi\u013ci izl\u0101d\u0113tu \u0161\u016bnu un 0V \u0161\u016bnu reaktiv\u0101cija<br \/>\n\u0160\u016bnu kapacit\u0101tes m\u0113r\u012b\u0161ana<br \/>\nUzl\u0101des str\u0101va 1-2 akumulatoriem: maks. 2x 1A (tikai 2 gala kan\u0101li)<br \/>\nUzl\u0101des str\u0101va 3-4 akumulatoriem: maks. 4x 0,5 A<br \/>\nUzl\u0101des spriegums: Li-ion 4, 2V<br \/>\nDarbojas ar USB baro\u0161anas avotu, kas nav iek\u013cauts komplekt\u0101<br \/>\nAizsardz\u012bba: termisks, \u012bssavienojums, pirms akumulatora atk\u0101rtotas ievieto\u0161anas<\/p>\n<p>\u0423\u043d\u0438\u0432\u0435\u0440\u0441\u0430\u043b\u044c\u043d\u043e\u0435 \u043f\u0440\u043e\u0446\u0435\u0441\u0441\u043e\u0440\u043d\u043e\u0435 \u0437\u0430\u0440\u044f\u0434\u043d\u043e\u0435 \u0443\u0441\u0442\u0440\u043e\u0439\u0441\u0442\u0432\u043e \u0434\u043b\u044f Ni-Mh \u0438 Li-ion \u0430\u043a\u043a\u0443\u043c\u0443\u043b\u044f\u0442\u043e\u0440\u043e\u0432 \u0442\u0438\u043f\u043e\u0440\u0430\u0437\u043c\u0435\u0440\u043e\u0432: AA, AAA, R14, R20, 14500, 14650, 16340, 17500, 17670, 18350, 18500, 18650, 18700, 20700, 21700, 22650, 25500, 26650<br \/>\n\u0422\u0440\u0435\u0445\u0441\u0442\u0443\u043f\u0435\u043d\u0447\u0430\u0442\u044b\u0439 \u043c\u0435\u0442\u043e\u0434 \u0437\u0430\u0440\u044f\u0434\u043a\u0438 Li-ion TC\/CC\/CV<br \/>\n\u0427\u0435\u0442\u044b\u0440\u0435 \u043d\u0435\u0437\u0430\u0432\u0438\u0441\u0438\u043c\u044b\u0445 \u043a\u0430\u043d\u0430\u043b\u0430 \u0437\u0430\u0440\u044f\u0434\u043a\u0438<br \/>\n\u0416\u041a \u0434\u0438\u0441\u043f\u043b\u0435\u0439<br \/>\n\u0420\u0435\u0430\u043a\u0442\u0438\u0432\u0430\u0446\u0438\u044f \u0433\u043b\u0443\u0431\u043e\u043a\u043e \u0440\u0430\u0437\u0440\u044f\u0436\u0435\u043d\u043d\u044b\u0445 \u044d\u043b\u0435\u043c\u0435\u043d\u0442\u043e\u0432 \u0438 \u044d\u043b\u0435\u043c\u0435\u043d\u0442\u043e\u0432 0V<br \/>\n\u0418\u0437\u043c\u0435\u0440\u0435\u043d\u0438\u0435 \u0435\u043c\u043a\u043e\u0441\u0442\u0438 \u044f\u0447\u0435\u0439\u043a\u0438<br \/>\n\u0417\u0430\u0440\u044f\u0434\u043d\u044b\u0439 \u0442\u043e\u043a \u0434\u043b\u044f 1-2 \u0430\u043a\u043a\u0443\u043c\u0443\u043b\u044f\u0442\u043e\u0440\u043e\u0432: \u043c\u0430\u043a\u0441. 2x 1A (\u0442\u043e\u043b\u044c\u043a\u043e 2 \u043a\u0440\u0430\u0439\u043d\u0438\u0445 \u043a\u0430\u043d\u0430\u043b\u0430)<br \/>\n\u0417\u0430\u0440\u044f\u0434\u043d\u044b\u0439 \u0442\u043e\u043a \u0434\u043b\u044f 3-4 \u0430\u043a\u043a\u0443\u043c\u0443\u043b\u044f\u0442\u043e\u0440\u043e\u0432: \u043c\u0430\u043a\u0441. 4x 0,5 \u0410<br \/>\n\u041d\u0430\u043f\u0440\u044f\u0436\u0435\u043d\u0438\u0435 \u0437\u0430\u0440\u044f\u0434\u043a\u0438: Li-ion 4, 2\u0412<br \/>\n\u041f\u0438\u0442\u0430\u043d\u0438\u0435 \u043e\u0442 USB-\u0431\u043b\u043e\u043a \u043f\u0438\u0442\u0430\u043d\u0438\u044f \u043d\u0435 \u0432\u0445\u043e\u0434\u0438\u0442 \u0432 \u043a\u043e\u043c\u043f\u043b\u0435\u043a\u0442<br \/>\n\u0417\u0430\u0449\u0438\u0442\u0430: \u0422\u0435\u0440\u043c\u0438\u0447\u0435\u0441\u043a\u0430\u044f, \u041a\u0417, \u043f\u0435\u0440\u0435\u0434 \u043e\u0431\u0440\u0430\u0442\u043d\u043e\u0439 \u0432\u0441\u0442\u0430\u0432\u043a\u043e\u0439 \u0430\u043a\u043a\u0443\u043c\u0443\u043b\u044f\u0442\u043e\u0440\u0430<\/p>\n","protected":false},"featured_media":12398,"template":"","meta":[],"pwb-brand":[659],"product_brand":[],"product_cat":[187,466],"product_tag":[],"class_list":{"0":"post-12400","1":"product","2":"type-product","3":"status-publish","4":"has-post-thumbnail","6":"pwb-brand-xtar-en","7":"product_cat-lithium-batteries-18650","8":"product_cat-chargers-for-ni-cd-ni-mh-lithium-batteries","10":"first","11":"instock","12":"taxable","13":"shipping-taxable","14":"purchasable","15":"product-type-simple"},"yoast_head":"<!-- This site is optimized with the Yoast SEO plugin v26.7 - https:\/\/yoast.com\/wordpress\/plugins\/seo\/ -->\n<title>XTAR VC4 processor charger for Li-ion and Ni-Mh cylindrical batteries (univers\u0101ls l\u0101d\u0113t\u0101js) - www.akum.lv<\/title>\n<meta name=\"robots\" content=\"index, follow, max-snippet:-1, max-image-preview:large, max-video-preview:-1\" \/>\n<link rel=\"canonical\" href=\"https:\/\/akum.lv\/prece\/xtar-vc4-processor-charger-for-li-ion-and-ni-mh-cylindrical-batteries-universals-ladetajs\/\" \/>\n<meta property=\"og:locale\" content=\"en_US\" \/>\n<meta property=\"og:type\" content=\"article\" \/>\n<meta property=\"og:title\" content=\"XTAR VC4 processor charger for Li-ion and Ni-Mh cylindrical batteries (univers\u0101ls l\u0101d\u0113t\u0101js) - www.akum.lv\" \/>\n<meta property=\"og:description\" content=\"Charger for Li-ion cylindrical batteries and Ni-Mh Xtar VC4  Universal processor Charger for Ni-Mh and Li-ion batteries in sizes: AA, AAA, R14, R20, 14500, 14650, 16340, 17500.17670, 18350, 18500, 18650, 18700, 20700, 21700, 22650, 25500, 26650 Three-stage charging method Li-ion TC\/CC\/CV Four independent charging channels LCD display Reactivation of deeply discharged cells and 0V cells Measurement of cell capacity Charging current for 1-2 rechargeable batteries: Max 2x 1A (only 2 extreme Channels) Charging current for 3-4 rechargeable batteries: Max 4x 0.5 A Charging voltage: Li-ion 4, 2V Powered by USB-no power supply included Protection: Thermal, short-circuit, before the reverse insertion of the battery  Univers\u0101ls procesora l\u0101d\u0113t\u0101js Ni-Mh un Li-ion akumulatoriem ar izm\u0113riem: AA, AAA, R14, R20, 14500, 14650, 16340, 17500, 17670, 18350, 18500, 18650, 18500, 18650, 18500, 18650, 18500, 18650, 18500, 18650, 18500, 18650, 18500, 18650, 18500, 18650, 18500, 18650, 18500, 6,5,20 Tr\u012bspak\u0101pju uzl\u0101des metode Li-ion TC\/CC\/CV \u010cetri neatkar\u012bgi uzl\u0101des kan\u0101li LCD displejs Dzi\u013ci izl\u0101d\u0113tu \u0161\u016bnu un 0V \u0161\u016bnu reaktiv\u0101cija \u0160\u016bnu kapacit\u0101tes m\u0113r\u012b\u0161ana Uzl\u0101des str\u0101va 1-2 akumulatoriem: maks. 2x 1A (tikai 2 gala kan\u0101li) Uzl\u0101des str\u0101va 3-4 akumulatoriem: maks. 4x 0,5 A Uzl\u0101des spriegums: Li-ion 4, 2V Darbojas ar USB baro\u0161anas avotu, kas nav iek\u013cauts komplekt\u0101 Aizsardz\u012bba: termisks, \u012bssavienojums, pirms akumulatora atk\u0101rtotas ievieto\u0161anas  \u0423\u043d\u0438\u0432\u0435\u0440\u0441\u0430\u043b\u044c\u043d\u043e\u0435 \u043f\u0440\u043e\u0446\u0435\u0441\u0441\u043e\u0440\u043d\u043e\u0435 \u0437\u0430\u0440\u044f\u0434\u043d\u043e\u0435 \u0443\u0441\u0442\u0440\u043e\u0439\u0441\u0442\u0432\u043e \u0434\u043b\u044f Ni-Mh \u0438 Li-ion \u0430\u043a\u043a\u0443\u043c\u0443\u043b\u044f\u0442\u043e\u0440\u043e\u0432 \u0442\u0438\u043f\u043e\u0440\u0430\u0437\u043c\u0435\u0440\u043e\u0432: AA, AAA, R14, R20, 14500, 14650, 16340, 17500, 17670, 18350, 18500, 18650, 18700, 20700, 21700, 22650, 25500, 26650 \u0422\u0440\u0435\u0445\u0441\u0442\u0443\u043f\u0435\u043d\u0447\u0430\u0442\u044b\u0439 \u043c\u0435\u0442\u043e\u0434 \u0437\u0430\u0440\u044f\u0434\u043a\u0438 Li-ion TC\/CC\/CV \u0427\u0435\u0442\u044b\u0440\u0435 \u043d\u0435\u0437\u0430\u0432\u0438\u0441\u0438\u043c\u044b\u0445 \u043a\u0430\u043d\u0430\u043b\u0430 \u0437\u0430\u0440\u044f\u0434\u043a\u0438 \u0416\u041a \u0434\u0438\u0441\u043f\u043b\u0435\u0439 \u0420\u0435\u0430\u043a\u0442\u0438\u0432\u0430\u0446\u0438\u044f \u0433\u043b\u0443\u0431\u043e\u043a\u043e \u0440\u0430\u0437\u0440\u044f\u0436\u0435\u043d\u043d\u044b\u0445 \u044d\u043b\u0435\u043c\u0435\u043d\u0442\u043e\u0432 \u0438 \u044d\u043b\u0435\u043c\u0435\u043d\u0442\u043e\u0432 0V \u0418\u0437\u043c\u0435\u0440\u0435\u043d\u0438\u0435 \u0435\u043c\u043a\u043e\u0441\u0442\u0438 \u044f\u0447\u0435\u0439\u043a\u0438 \u0417\u0430\u0440\u044f\u0434\u043d\u044b\u0439 \u0442\u043e\u043a \u0434\u043b\u044f 1-2 \u0430\u043a\u043a\u0443\u043c\u0443\u043b\u044f\u0442\u043e\u0440\u043e\u0432: \u043c\u0430\u043a\u0441. 2x 1A (\u0442\u043e\u043b\u044c\u043a\u043e 2 \u043a\u0440\u0430\u0439\u043d\u0438\u0445 \u043a\u0430\u043d\u0430\u043b\u0430) \u0417\u0430\u0440\u044f\u0434\u043d\u044b\u0439 \u0442\u043e\u043a \u0434\u043b\u044f 3-4 \u0430\u043a\u043a\u0443\u043c\u0443\u043b\u044f\u0442\u043e\u0440\u043e\u0432: \u043c\u0430\u043a\u0441. 4x 0,5 \u0410 \u041d\u0430\u043f\u0440\u044f\u0436\u0435\u043d\u0438\u0435 \u0437\u0430\u0440\u044f\u0434\u043a\u0438: Li-ion 4, 2\u0412 \u041f\u0438\u0442\u0430\u043d\u0438\u0435 \u043e\u0442 USB-\u0431\u043b\u043e\u043a \u043f\u0438\u0442\u0430\u043d\u0438\u044f \u043d\u0435 \u0432\u0445\u043e\u0434\u0438\u0442 \u0432 \u043a\u043e\u043c\u043f\u043b\u0435\u043a\u0442 \u0417\u0430\u0449\u0438\u0442\u0430: \u0422\u0435\u0440\u043c\u0438\u0447\u0435\u0441\u043a\u0430\u044f, \u041a\u0417, \u043f\u0435\u0440\u0435\u0434 \u043e\u0431\u0440\u0430\u0442\u043d\u043e\u0439 \u0432\u0441\u0442\u0430\u0432\u043a\u043e\u0439 \u0430\u043a\u043a\u0443\u043c\u0443\u043b\u044f\u0442\u043e\u0440\u0430\" \/>\n<meta property=\"og:url\" content=\"https:\/\/akum.lv\/prece\/xtar-vc4-processor-charger-for-li-ion-and-ni-mh-cylindrical-batteries-universals-ladetajs\/\" \/>\n<meta property=\"og:site_name\" content=\"www.akum.lv\" \/>\n<meta property=\"article:modified_time\" content=\"2023-03-15T13:37:06+00:00\" \/>\n<meta property=\"og:image\" content=\"https:\/\/akum.lv\/wp-content\/uploads\/2022\/06\/Xtar-VC4.jpg\" \/>\n\t<meta property=\"og:image:width\" content=\"380\" \/>\n\t<meta property=\"og:image:height\" content=\"496\" \/>\n\t<meta property=\"og:image:type\" content=\"image\/jpeg\" \/>\n<meta name=\"twitter:card\" content=\"summary_large_image\" \/>\n<script type=\"application\/ld+json\" class=\"yoast-schema-graph\">{\"@context\":\"https:\/\/schema.org\",\"@graph\":[{\"@type\":\"WebPage\",\"@id\":\"https:\/\/akum.lv\/prece\/xtar-vc4-processor-charger-for-li-ion-and-ni-mh-cylindrical-batteries-universals-ladetajs\/\",\"url\":\"https:\/\/akum.lv\/prece\/xtar-vc4-processor-charger-for-li-ion-and-ni-mh-cylindrical-batteries-universals-ladetajs\/\",\"name\":\"XTAR VC4 processor charger for Li-ion and Ni-Mh cylindrical batteries (univers\u0101ls l\u0101d\u0113t\u0101js) - www.akum.lv\",\"isPartOf\":{\"@id\":\"https:\/\/akum.lv\/#website\"},\"primaryImageOfPage\":{\"@id\":\"https:\/\/akum.lv\/prece\/xtar-vc4-processor-charger-for-li-ion-and-ni-mh-cylindrical-batteries-universals-ladetajs\/#primaryimage\"},\"image\":{\"@id\":\"https:\/\/akum.lv\/prece\/xtar-vc4-processor-charger-for-li-ion-and-ni-mh-cylindrical-batteries-universals-ladetajs\/#primaryimage\"},\"thumbnailUrl\":\"https:\/\/akum.lv\/wp-content\/uploads\/2022\/06\/Xtar-VC4.jpg\",\"datePublished\":\"2022-06-01T10:53:26+00:00\",\"dateModified\":\"2023-03-15T13:37:06+00:00\",\"breadcrumb\":{\"@id\":\"https:\/\/akum.lv\/prece\/xtar-vc4-processor-charger-for-li-ion-and-ni-mh-cylindrical-batteries-universals-ladetajs\/#breadcrumb\"},\"inLanguage\":\"en-US\",\"potentialAction\":[{\"@type\":\"ReadAction\",\"target\":[\"https:\/\/akum.lv\/prece\/xtar-vc4-processor-charger-for-li-ion-and-ni-mh-cylindrical-batteries-universals-ladetajs\/\"]}]},{\"@type\":\"ImageObject\",\"inLanguage\":\"en-US\",\"@id\":\"https:\/\/akum.lv\/prece\/xtar-vc4-processor-charger-for-li-ion-and-ni-mh-cylindrical-batteries-universals-ladetajs\/#primaryimage\",\"url\":\"https:\/\/akum.lv\/wp-content\/uploads\/2022\/06\/Xtar-VC4.jpg\",\"contentUrl\":\"https:\/\/akum.lv\/wp-content\/uploads\/2022\/06\/Xtar-VC4.jpg\",\"width\":380,\"height\":496},{\"@type\":\"BreadcrumbList\",\"@id\":\"https:\/\/akum.lv\/prece\/xtar-vc4-processor-charger-for-li-ion-and-ni-mh-cylindrical-batteries-universals-ladetajs\/#breadcrumb\",\"itemListElement\":[{\"@type\":\"ListItem\",\"position\":1,\"name\":\"\u0413\u043b\u0430\u0432\u043d\u0430\u044f \u0441\u0442\u0440\u0430\u043d\u0438\u0446\u0430\",\"item\":\"https:\/\/akum.lv\/en\/\"},{\"@type\":\"ListItem\",\"position\":2,\"name\":\"PRECES\",\"item\":\"https:\/\/akum.lv\/produkti-preces\/\"},{\"@type\":\"ListItem\",\"position\":3,\"name\":\"XTAR VC4 processor charger for Li-ion and Ni-Mh cylindrical batteries (univers\u0101ls l\u0101d\u0113t\u0101js)\"}]},{\"@type\":\"WebSite\",\"@id\":\"https:\/\/akum.lv\/#website\",\"url\":\"https:\/\/akum.lv\/\",\"name\":\"www.akum.lv\",\"description\":\"Akumulatoru p\u0101rdev\u0113js | \u041f\u0440\u043e\u0434\u0430\u0432\u0435\u0446 \u0430\u043a\u043a\u0443\u043c\u0443\u043b\u044f\u0442\u043e\u0440\u043e\u0432 | Battery seller\",\"publisher\":{\"@id\":\"https:\/\/akum.lv\/#organization\"},\"potentialAction\":[{\"@type\":\"SearchAction\",\"target\":{\"@type\":\"EntryPoint\",\"urlTemplate\":\"https:\/\/akum.lv\/?s={search_term_string}\"},\"query-input\":{\"@type\":\"PropertyValueSpecification\",\"valueRequired\":true,\"valueName\":\"search_term_string\"}}],\"inLanguage\":\"en-US\"},{\"@type\":\"Organization\",\"@id\":\"https:\/\/akum.lv\/#organization\",\"name\":\"HubEnergy\",\"url\":\"https:\/\/akum.lv\/\",\"logo\":{\"@type\":\"ImageObject\",\"inLanguage\":\"en-US\",\"@id\":\"https:\/\/akum.lv\/#\/schema\/logo\/image\/\",\"url\":\"https:\/\/akum.lv\/wp-content\/uploads\/2018\/08\/Logo-hub-energy-2018-seller-dark-blue.png\",\"contentUrl\":\"https:\/\/akum.lv\/wp-content\/uploads\/2018\/08\/Logo-hub-energy-2018-seller-dark-blue.png\",\"width\":381,\"height\":75,\"caption\":\"HubEnergy\"},\"image\":{\"@id\":\"https:\/\/akum.lv\/#\/schema\/logo\/image\/\"}}]}<\/script>\n<!-- \/ Yoast SEO plugin. -->","yoast_head_json":{"title":"XTAR VC4 processor charger for Li-ion and Ni-Mh cylindrical batteries (univers\u0101ls l\u0101d\u0113t\u0101js) - www.akum.lv","robots":{"index":"index","follow":"follow","max-snippet":"max-snippet:-1","max-image-preview":"max-image-preview:large","max-video-preview":"max-video-preview:-1"},"canonical":"https:\/\/akum.lv\/prece\/xtar-vc4-processor-charger-for-li-ion-and-ni-mh-cylindrical-batteries-universals-ladetajs\/","og_locale":"en_US","og_type":"article","og_title":"XTAR VC4 processor charger for Li-ion and Ni-Mh cylindrical batteries (univers\u0101ls l\u0101d\u0113t\u0101js) - www.akum.lv","og_description":"Charger for Li-ion cylindrical batteries and Ni-Mh Xtar VC4  Universal processor Charger for Ni-Mh and Li-ion batteries in sizes: AA, AAA, R14, R20, 14500, 14650, 16340, 17500.17670, 18350, 18500, 18650, 18700, 20700, 21700, 22650, 25500, 26650 Three-stage charging method Li-ion TC\/CC\/CV Four independent charging channels LCD display Reactivation of deeply discharged cells and 0V cells Measurement of cell capacity Charging current for 1-2 rechargeable batteries: Max 2x 1A (only 2 extreme Channels) Charging current for 3-4 rechargeable batteries: Max 4x 0.5 A Charging voltage: Li-ion 4, 2V Powered by USB-no power supply included Protection: Thermal, short-circuit, before the reverse insertion of the battery  Univers\u0101ls procesora l\u0101d\u0113t\u0101js Ni-Mh un Li-ion akumulatoriem ar izm\u0113riem: AA, AAA, R14, R20, 14500, 14650, 16340, 17500, 17670, 18350, 18500, 18650, 18500, 18650, 18500, 18650, 18500, 18650, 18500, 18650, 18500, 18650, 18500, 18650, 18500, 18650, 18500, 18650, 18500, 6,5,20 Tr\u012bspak\u0101pju uzl\u0101des metode Li-ion TC\/CC\/CV \u010cetri neatkar\u012bgi uzl\u0101des kan\u0101li LCD displejs Dzi\u013ci izl\u0101d\u0113tu \u0161\u016bnu un 0V \u0161\u016bnu reaktiv\u0101cija \u0160\u016bnu kapacit\u0101tes m\u0113r\u012b\u0161ana Uzl\u0101des str\u0101va 1-2 akumulatoriem: maks. 2x 1A (tikai 2 gala kan\u0101li) Uzl\u0101des str\u0101va 3-4 akumulatoriem: maks. 4x 0,5 A Uzl\u0101des spriegums: Li-ion 4, 2V Darbojas ar USB baro\u0161anas avotu, kas nav iek\u013cauts komplekt\u0101 Aizsardz\u012bba: termisks, \u012bssavienojums, pirms akumulatora atk\u0101rtotas ievieto\u0161anas  \u0423\u043d\u0438\u0432\u0435\u0440\u0441\u0430\u043b\u044c\u043d\u043e\u0435 \u043f\u0440\u043e\u0446\u0435\u0441\u0441\u043e\u0440\u043d\u043e\u0435 \u0437\u0430\u0440\u044f\u0434\u043d\u043e\u0435 \u0443\u0441\u0442\u0440\u043e\u0439\u0441\u0442\u0432\u043e \u0434\u043b\u044f Ni-Mh \u0438 Li-ion \u0430\u043a\u043a\u0443\u043c\u0443\u043b\u044f\u0442\u043e\u0440\u043e\u0432 \u0442\u0438\u043f\u043e\u0440\u0430\u0437\u043c\u0435\u0440\u043e\u0432: AA, AAA, R14, R20, 14500, 14650, 16340, 17500, 17670, 18350, 18500, 18650, 18700, 20700, 21700, 22650, 25500, 26650 \u0422\u0440\u0435\u0445\u0441\u0442\u0443\u043f\u0435\u043d\u0447\u0430\u0442\u044b\u0439 \u043c\u0435\u0442\u043e\u0434 \u0437\u0430\u0440\u044f\u0434\u043a\u0438 Li-ion TC\/CC\/CV \u0427\u0435\u0442\u044b\u0440\u0435 \u043d\u0435\u0437\u0430\u0432\u0438\u0441\u0438\u043c\u044b\u0445 \u043a\u0430\u043d\u0430\u043b\u0430 \u0437\u0430\u0440\u044f\u0434\u043a\u0438 \u0416\u041a \u0434\u0438\u0441\u043f\u043b\u0435\u0439 \u0420\u0435\u0430\u043a\u0442\u0438\u0432\u0430\u0446\u0438\u044f \u0433\u043b\u0443\u0431\u043e\u043a\u043e \u0440\u0430\u0437\u0440\u044f\u0436\u0435\u043d\u043d\u044b\u0445 \u044d\u043b\u0435\u043c\u0435\u043d\u0442\u043e\u0432 \u0438 \u044d\u043b\u0435\u043c\u0435\u043d\u0442\u043e\u0432 0V \u0418\u0437\u043c\u0435\u0440\u0435\u043d\u0438\u0435 \u0435\u043c\u043a\u043e\u0441\u0442\u0438 \u044f\u0447\u0435\u0439\u043a\u0438 \u0417\u0430\u0440\u044f\u0434\u043d\u044b\u0439 \u0442\u043e\u043a \u0434\u043b\u044f 1-2 \u0430\u043a\u043a\u0443\u043c\u0443\u043b\u044f\u0442\u043e\u0440\u043e\u0432: \u043c\u0430\u043a\u0441. 2x 1A (\u0442\u043e\u043b\u044c\u043a\u043e 2 \u043a\u0440\u0430\u0439\u043d\u0438\u0445 \u043a\u0430\u043d\u0430\u043b\u0430) \u0417\u0430\u0440\u044f\u0434\u043d\u044b\u0439 \u0442\u043e\u043a \u0434\u043b\u044f 3-4 \u0430\u043a\u043a\u0443\u043c\u0443\u043b\u044f\u0442\u043e\u0440\u043e\u0432: \u043c\u0430\u043a\u0441. 4x 0,5 \u0410 \u041d\u0430\u043f\u0440\u044f\u0436\u0435\u043d\u0438\u0435 \u0437\u0430\u0440\u044f\u0434\u043a\u0438: Li-ion 4, 2\u0412 \u041f\u0438\u0442\u0430\u043d\u0438\u0435 \u043e\u0442 USB-\u0431\u043b\u043e\u043a \u043f\u0438\u0442\u0430\u043d\u0438\u044f \u043d\u0435 \u0432\u0445\u043e\u0434\u0438\u0442 \u0432 \u043a\u043e\u043c\u043f\u043b\u0435\u043a\u0442 \u0417\u0430\u0449\u0438\u0442\u0430: \u0422\u0435\u0440\u043c\u0438\u0447\u0435\u0441\u043a\u0430\u044f, \u041a\u0417, \u043f\u0435\u0440\u0435\u0434 \u043e\u0431\u0440\u0430\u0442\u043d\u043e\u0439 \u0432\u0441\u0442\u0430\u0432\u043a\u043e\u0439 \u0430\u043a\u043a\u0443\u043c\u0443\u043b\u044f\u0442\u043e\u0440\u0430","og_url":"https:\/\/akum.lv\/prece\/xtar-vc4-processor-charger-for-li-ion-and-ni-mh-cylindrical-batteries-universals-ladetajs\/","og_site_name":"www.akum.lv","article_modified_time":"2023-03-15T13:37:06+00:00","og_image":[{"width":380,"height":496,"url":"https:\/\/akum.lv\/wp-content\/uploads\/2022\/06\/Xtar-VC4.jpg","type":"image\/jpeg"}],"twitter_card":"summary_large_image","schema":{"@context":"https:\/\/schema.org","@graph":[{"@type":"WebPage","@id":"https:\/\/akum.lv\/prece\/xtar-vc4-processor-charger-for-li-ion-and-ni-mh-cylindrical-batteries-universals-ladetajs\/","url":"https:\/\/akum.lv\/prece\/xtar-vc4-processor-charger-for-li-ion-and-ni-mh-cylindrical-batteries-universals-ladetajs\/","name":"XTAR VC4 processor charger for Li-ion and Ni-Mh cylindrical batteries (univers\u0101ls l\u0101d\u0113t\u0101js) - www.akum.lv","isPartOf":{"@id":"https:\/\/akum.lv\/#website"},"primaryImageOfPage":{"@id":"https:\/\/akum.lv\/prece\/xtar-vc4-processor-charger-for-li-ion-and-ni-mh-cylindrical-batteries-universals-ladetajs\/#primaryimage"},"image":{"@id":"https:\/\/akum.lv\/prece\/xtar-vc4-processor-charger-for-li-ion-and-ni-mh-cylindrical-batteries-universals-ladetajs\/#primaryimage"},"thumbnailUrl":"https:\/\/akum.lv\/wp-content\/uploads\/2022\/06\/Xtar-VC4.jpg","datePublished":"2022-06-01T10:53:26+00:00","dateModified":"2023-03-15T13:37:06+00:00","breadcrumb":{"@id":"https:\/\/akum.lv\/prece\/xtar-vc4-processor-charger-for-li-ion-and-ni-mh-cylindrical-batteries-universals-ladetajs\/#breadcrumb"},"inLanguage":"en-US","potentialAction":[{"@type":"ReadAction","target":["https:\/\/akum.lv\/prece\/xtar-vc4-processor-charger-for-li-ion-and-ni-mh-cylindrical-batteries-universals-ladetajs\/"]}]},{"@type":"ImageObject","inLanguage":"en-US","@id":"https:\/\/akum.lv\/prece\/xtar-vc4-processor-charger-for-li-ion-and-ni-mh-cylindrical-batteries-universals-ladetajs\/#primaryimage","url":"https:\/\/akum.lv\/wp-content\/uploads\/2022\/06\/Xtar-VC4.jpg","contentUrl":"https:\/\/akum.lv\/wp-content\/uploads\/2022\/06\/Xtar-VC4.jpg","width":380,"height":496},{"@type":"BreadcrumbList","@id":"https:\/\/akum.lv\/prece\/xtar-vc4-processor-charger-for-li-ion-and-ni-mh-cylindrical-batteries-universals-ladetajs\/#breadcrumb","itemListElement":[{"@type":"ListItem","position":1,"name":"\u0413\u043b\u0430\u0432\u043d\u0430\u044f \u0441\u0442\u0440\u0430\u043d\u0438\u0446\u0430","item":"https:\/\/akum.lv\/en\/"},{"@type":"ListItem","position":2,"name":"PRECES","item":"https:\/\/akum.lv\/produkti-preces\/"},{"@type":"ListItem","position":3,"name":"XTAR VC4 processor charger for Li-ion and Ni-Mh cylindrical batteries (univers\u0101ls l\u0101d\u0113t\u0101js)"}]},{"@type":"WebSite","@id":"https:\/\/akum.lv\/#website","url":"https:\/\/akum.lv\/","name":"www.akum.lv","description":"Akumulatoru p\u0101rdev\u0113js | \u041f\u0440\u043e\u0434\u0430\u0432\u0435\u0446 \u0430\u043a\u043a\u0443\u043c\u0443\u043b\u044f\u0442\u043e\u0440\u043e\u0432 | Battery seller","publisher":{"@id":"https:\/\/akum.lv\/#organization"},"potentialAction":[{"@type":"SearchAction","target":{"@type":"EntryPoint","urlTemplate":"https:\/\/akum.lv\/?s={search_term_string}"},"query-input":{"@type":"PropertyValueSpecification","valueRequired":true,"valueName":"search_term_string"}}],"inLanguage":"en-US"},{"@type":"Organization","@id":"https:\/\/akum.lv\/#organization","name":"HubEnergy","url":"https:\/\/akum.lv\/","logo":{"@type":"ImageObject","inLanguage":"en-US","@id":"https:\/\/akum.lv\/#\/schema\/logo\/image\/","url":"https:\/\/akum.lv\/wp-content\/uploads\/2018\/08\/Logo-hub-energy-2018-seller-dark-blue.png","contentUrl":"https:\/\/akum.lv\/wp-content\/uploads\/2018\/08\/Logo-hub-energy-2018-seller-dark-blue.png","width":381,"height":75,"caption":"HubEnergy"},"image":{"@id":"https:\/\/akum.lv\/#\/schema\/logo\/image\/"}}]}},"brands":[{"id":659,"name":"Xtar","slug":"xtar-en"}],"_links":{"self":[{"href":"https:\/\/akum.lv\/en\/wp-json\/wp\/v2\/product\/12400","targetHints":{"allow":["GET"]}}],"collection":[{"href":"https:\/\/akum.lv\/en\/wp-json\/wp\/v2\/product"}],"about":[{"href":"https:\/\/akum.lv\/en\/wp-json\/wp\/v2\/types\/product"}],"wp:featuredmedia":[{"embeddable":true,"href":"https:\/\/akum.lv\/en\/wp-json\/wp\/v2\/media\/12398"}],"wp:attachment":[{"href":"https:\/\/akum.lv\/en\/wp-json\/wp\/v2\/media?parent=12400"}],"wp:term":[{"taxonomy":"pwb-brand","embeddable":true,"href":"https:\/\/akum.lv\/en\/wp-json\/wp\/v2\/pwb-brand?post=12400"},{"taxonomy":"product_brand","embeddable":true,"href":"https:\/\/akum.lv\/en\/wp-json\/wp\/v2\/product_brand?post=12400"},{"taxonomy":"product_cat","embeddable":true,"href":"https:\/\/akum.lv\/en\/wp-json\/wp\/v2\/product_cat?post=12400"},{"taxonomy":"product_tag","embeddable":true,"href":"https:\/\/akum.lv\/en\/wp-json\/wp\/v2\/product_tag?post=12400"}],"curies":[{"name":"wp","href":"https:\/\/api.w.org\/{rel}","templated":true}]}}