{"id":11825,"date":"2022-03-03T10:59:00","date_gmt":"2022-03-03T10:59:00","guid":{"rendered":"https:\/\/akum.lv\/product\/exide-el600-efb-carbon-boost-12v-60ah-en-640a-l242-w175-h190-akumulators\/"},"modified":"2025-10-16T12:02:42","modified_gmt":"2025-10-16T12:02:42","slug":"exide-el600-efb-carbon-boost-12v-60ah-en-640a-l242-w175-h190-akumulators","status":"publish","type":"product","link":"https:\/\/akum.lv\/en\/prece\/exide-el600-efb-carbon-boost-12v-60ah-en-640a-l242-w175-h190-akumulators\/","title":{"rendered":"EXIDE-EL600 EFB Carbon Boost 12V-60Ah \/ EN 640A \/ L242 \/ W175 \/ H190 Akumulators (-\/+)"},"content":{"rendered":"","protected":false},"excerpt":{"rendered":"<p>EXIDE-EL600 EFB Carbon Boost 12V-60Ah \/ EN 640A \/ L242 \/ W175 \/ H190 Akumulators (-\/+)<\/p>\n<p><img loading=\"lazy\" decoding=\"async\" class=\"alignnone size-full wp-image-11436\" src=\"https:\/\/akum.lv\/wp-content\/uploads\/2021\/12\/pdf-icon.png\" alt=\"\" width=\"50\" height=\"50\" \/><strong> &#8211; <a href=\"https:\/\/akum.lv\/wp-content\/uploads\/2022\/03\/EXIDE-EL600.pdf\">EXIDE EL600<\/a><\/strong><\/p>\n<p><img loading=\"lazy\" decoding=\"async\" class=\"alignnone size-full wp-image-11436\" src=\"https:\/\/akum.lv\/wp-content\/uploads\/2021\/12\/pdf-icon.png\" alt=\"\" width=\"50\" height=\"50\" \/> &#8211; <strong><a href=\"https:\/\/akum.lv\/wp-content\/uploads\/2021\/12\/Exide_Light-Vehicle_leaflet_2021_.pdf\">Exide_Light Vehicle_leaflet_2021_<\/a><\/strong><\/p>\n<p>Garantija 24 m\u0113ne\u0161i; \u0413\u0430\u0440\u0430\u043d\u0442\u0438\u044f 24 \u043c\u0435\u0441\u044f\u0446\u0430<\/p>\n<p><span style=\"color: #ff0000;\"><em>M\u0113s garant\u0113jam, ka pie mums ieg\u0101d\u0101tais akumulators ir jauns un piln\u012bb\u0101 gatavs lieto\u0161anai!<\/em><\/span><br \/>\n<span style=\"color: #ff0000;\"><em>Pirms nodo\u0161anas pirc\u0113jam akumulatoram tiek veikts demonstr\u0101cijas tests!<\/em><\/span><br \/>\n<span style=\"color: #ff0000;\"><em>P\u0101rbaudi veic \u012bpa\u0161s profesion\u0101ls testeris, kas par\u0101d\u012bs akumulatora patieso st\u0101vokli.<\/em><\/span><\/p>\n<p><span style=\"color: #ff0000;\"><em>\u041c\u044b \u0433\u0430\u0440\u0430\u043d\u0442\u0438\u0440\u0443\u0435\u043c, \u0447\u0442\u043e \u043f\u0440\u0438\u043e\u0431\u0440\u0435\u0442\u0435\u043d\u043d\u044b\u0439 \u0443 \u043d\u0430\u0441 \u0430\u043a\u043a\u0443\u043c\u0443\u043b\u044f\u0442\u043e\u0440 \u043d\u043e\u0432\u044b\u0439 \u0438 \u043f\u043e\u043b\u043d\u043e\u0441\u0442\u044c\u044e \u0433\u043e\u0442\u043e\u0432 \u043a \u0440\u0430\u0431\u043e\u0442\u0435!<\/em><\/span><br \/>\n<span style=\"color: #ff0000;\"><em>\u0410\u043a\u043a\u0443\u043c\u0443\u043b\u044f\u0442\u043e\u0440 \u043f\u0435\u0440\u0435\u0434 \u043f\u0435\u0440\u0435\u0434\u0430\u0447\u0435\u0439 \u0437\u0430\u043a\u0430\u0437\u0447\u0438\u043a\u0443 \u043f\u0440\u043e\u0445\u043e\u0434\u0438\u0442 \u0434\u0435\u043c\u043e\u043d\u0441\u0442\u0440\u0430\u0446\u0438\u043e\u043d\u043d\u044b\u0439 \u0442\u0435\u0441\u0442!<\/em><\/span><br \/>\n<span style=\"color: #ff0000;\"><em>\u0422\u0435\u0441\u0442 \u043f\u0440\u043e\u0432\u043e\u0434\u0438\u0442\u0441\u044f \u0441\u043f\u0435\u0446\u0438\u0430\u043b\u044c\u043d\u044b\u043c \u043f\u0440\u043e\u0444\u0435\u0441\u0441\u0438\u043e\u043d\u0430\u043b\u044c\u043d\u044b\u043c \u0442\u0435\u0441\u0442\u0435\u0440\u043e\u043c, \u043a\u043e\u0442\u043e\u0440\u044b\u0439 \u043f\u043e\u043a\u0430\u0436\u0435\u0442 \u0440\u0435\u0430\u043b\u044c\u043d\u043e\u0435 \u0441\u043e\u0441\u0442\u043e\u044f\u043d\u0438\u0435 \u0430\u043a\u043a\u0443\u043c\u0443\u043b\u044f\u0442\u043e\u0440\u0430.<\/em><\/span><\/p>\n","protected":false},"featured_media":17964,"template":"","meta":[],"pwb-brand":[337],"product_brand":[],"product_cat":[140,145],"product_tag":[],"class_list":{"0":"post-11825","1":"product","2":"type-product","3":"status-publish","4":"has-post-thumbnail","6":"pwb-brand-exide-technologies-en","7":"product_cat-starter-batteries","8":"product_cat-startera-akumulatori-vieglajiem-automobiliem","9":"pif-has-gallery","11":"first","12":"instock","13":"taxable","14":"shipping-taxable","15":"purchasable","16":"product-type-simple"},"yoast_head":"<!-- This site is optimized with the Yoast SEO plugin v26.7 - https:\/\/yoast.com\/wordpress\/plugins\/seo\/ -->\n<title>EXIDE-EL600 EFB Carbon Boost 12V-60Ah \/ EN 640A \/ L242 \/ W175 \/ H190 Akumulators (-\/+) - www.akum.lv<\/title>\n<meta name=\"robots\" content=\"index, follow, max-snippet:-1, max-image-preview:large, max-video-preview:-1\" \/>\n<link rel=\"canonical\" href=\"https:\/\/akum.lv\/en\/prece\/exide-el600-efb-carbon-boost-12v-60ah-en-640a-l242-w175-h190-akumulators\/\" \/>\n<meta property=\"og:locale\" content=\"en_US\" \/>\n<meta property=\"og:type\" content=\"article\" \/>\n<meta property=\"og:title\" content=\"EXIDE-EL600 EFB Carbon Boost 12V-60Ah \/ EN 640A \/ L242 \/ W175 \/ H190 Akumulators (-\/+) - www.akum.lv\" \/>\n<meta property=\"og:description\" content=\"EXIDE-EL600 EFB Carbon Boost 12V-60Ah \/ EN 640A \/ L242 \/ W175 \/ H190 Akumulators (-\/+)   - EXIDE EL600   - Exide_Light Vehicle_leaflet_2021_  Garantija 24 m\u0113ne\u0161i; \u0413\u0430\u0440\u0430\u043d\u0442\u0438\u044f 24 \u043c\u0435\u0441\u044f\u0446\u0430  M\u0113s garant\u0113jam, ka pie mums ieg\u0101d\u0101tais akumulators ir jauns un piln\u012bb\u0101 gatavs lieto\u0161anai! Pirms nodo\u0161anas pirc\u0113jam akumulatoram tiek veikts demonstr\u0101cijas tests! P\u0101rbaudi veic \u012bpa\u0161s profesion\u0101ls testeris, kas par\u0101d\u012bs akumulatora patieso st\u0101vokli.  \u041c\u044b \u0433\u0430\u0440\u0430\u043d\u0442\u0438\u0440\u0443\u0435\u043c, \u0447\u0442\u043e \u043f\u0440\u0438\u043e\u0431\u0440\u0435\u0442\u0435\u043d\u043d\u044b\u0439 \u0443 \u043d\u0430\u0441 \u0430\u043a\u043a\u0443\u043c\u0443\u043b\u044f\u0442\u043e\u0440 \u043d\u043e\u0432\u044b\u0439 \u0438 \u043f\u043e\u043b\u043d\u043e\u0441\u0442\u044c\u044e \u0433\u043e\u0442\u043e\u0432 \u043a \u0440\u0430\u0431\u043e\u0442\u0435! \u0410\u043a\u043a\u0443\u043c\u0443\u043b\u044f\u0442\u043e\u0440 \u043f\u0435\u0440\u0435\u0434 \u043f\u0435\u0440\u0435\u0434\u0430\u0447\u0435\u0439 \u0437\u0430\u043a\u0430\u0437\u0447\u0438\u043a\u0443 \u043f\u0440\u043e\u0445\u043e\u0434\u0438\u0442 \u0434\u0435\u043c\u043e\u043d\u0441\u0442\u0440\u0430\u0446\u0438\u043e\u043d\u043d\u044b\u0439 \u0442\u0435\u0441\u0442! \u0422\u0435\u0441\u0442 \u043f\u0440\u043e\u0432\u043e\u0434\u0438\u0442\u0441\u044f \u0441\u043f\u0435\u0446\u0438\u0430\u043b\u044c\u043d\u044b\u043c \u043f\u0440\u043e\u0444\u0435\u0441\u0441\u0438\u043e\u043d\u0430\u043b\u044c\u043d\u044b\u043c \u0442\u0435\u0441\u0442\u0435\u0440\u043e\u043c, \u043a\u043e\u0442\u043e\u0440\u044b\u0439 \u043f\u043e\u043a\u0430\u0436\u0435\u0442 \u0440\u0435\u0430\u043b\u044c\u043d\u043e\u0435 \u0441\u043e\u0441\u0442\u043e\u044f\u043d\u0438\u0435 \u0430\u043a\u043a\u0443\u043c\u0443\u043b\u044f\u0442\u043e\u0440\u0430.\" \/>\n<meta property=\"og:url\" content=\"https:\/\/akum.lv\/en\/prece\/exide-el600-efb-carbon-boost-12v-60ah-en-640a-l242-w175-h190-akumulators\/\" \/>\n<meta property=\"og:site_name\" content=\"www.akum.lv\" \/>\n<meta property=\"article:modified_time\" content=\"2025-10-16T12:02:42+00:00\" \/>\n<meta property=\"og:image\" content=\"https:\/\/akum.lv\/wp-content\/uploads\/2022\/03\/exide-el600.jpeg\" \/>\n\t<meta property=\"og:image:width\" content=\"400\" \/>\n\t<meta property=\"og:image:height\" content=\"413\" \/>\n\t<meta property=\"og:image:type\" content=\"image\/jpeg\" \/>\n<meta name=\"twitter:card\" content=\"summary_large_image\" \/>\n<script type=\"application\/ld+json\" class=\"yoast-schema-graph\">{\"@context\":\"https:\/\/schema.org\",\"@graph\":[{\"@type\":\"WebPage\",\"@id\":\"https:\/\/akum.lv\/en\/prece\/exide-el600-efb-carbon-boost-12v-60ah-en-640a-l242-w175-h190-akumulators\/\",\"url\":\"https:\/\/akum.lv\/en\/prece\/exide-el600-efb-carbon-boost-12v-60ah-en-640a-l242-w175-h190-akumulators\/\",\"name\":\"EXIDE-EL600 EFB Carbon Boost 12V-60Ah \/ EN 640A \/ L242 \/ W175 \/ H190 Akumulators (-\/+) - www.akum.lv\",\"isPartOf\":{\"@id\":\"https:\/\/akum.lv\/#website\"},\"primaryImageOfPage\":{\"@id\":\"https:\/\/akum.lv\/en\/prece\/exide-el600-efb-carbon-boost-12v-60ah-en-640a-l242-w175-h190-akumulators\/#primaryimage\"},\"image\":{\"@id\":\"https:\/\/akum.lv\/en\/prece\/exide-el600-efb-carbon-boost-12v-60ah-en-640a-l242-w175-h190-akumulators\/#primaryimage\"},\"thumbnailUrl\":\"https:\/\/akum.lv\/wp-content\/uploads\/2022\/03\/exide-el600.jpeg\",\"datePublished\":\"2022-03-03T10:59:00+00:00\",\"dateModified\":\"2025-10-16T12:02:42+00:00\",\"breadcrumb\":{\"@id\":\"https:\/\/akum.lv\/en\/prece\/exide-el600-efb-carbon-boost-12v-60ah-en-640a-l242-w175-h190-akumulators\/#breadcrumb\"},\"inLanguage\":\"en-US\",\"potentialAction\":[{\"@type\":\"ReadAction\",\"target\":[\"https:\/\/akum.lv\/en\/prece\/exide-el600-efb-carbon-boost-12v-60ah-en-640a-l242-w175-h190-akumulators\/\"]}]},{\"@type\":\"ImageObject\",\"inLanguage\":\"en-US\",\"@id\":\"https:\/\/akum.lv\/en\/prece\/exide-el600-efb-carbon-boost-12v-60ah-en-640a-l242-w175-h190-akumulators\/#primaryimage\",\"url\":\"https:\/\/akum.lv\/wp-content\/uploads\/2022\/03\/exide-el600.jpeg\",\"contentUrl\":\"https:\/\/akum.lv\/wp-content\/uploads\/2022\/03\/exide-el600.jpeg\",\"width\":400,\"height\":413},{\"@type\":\"BreadcrumbList\",\"@id\":\"https:\/\/akum.lv\/en\/prece\/exide-el600-efb-carbon-boost-12v-60ah-en-640a-l242-w175-h190-akumulators\/#breadcrumb\",\"itemListElement\":[{\"@type\":\"ListItem\",\"position\":1,\"name\":\"\u0413\u043b\u0430\u0432\u043d\u0430\u044f \u0441\u0442\u0440\u0430\u043d\u0438\u0446\u0430\",\"item\":\"https:\/\/akum.lv\/en\/\"},{\"@type\":\"ListItem\",\"position\":2,\"name\":\"PRECES\",\"item\":\"https:\/\/akum.lv\/produkti-preces\/\"},{\"@type\":\"ListItem\",\"position\":3,\"name\":\"EXIDE-EL600 EFB Carbon Boost 12V-60Ah \/ EN 640A \/ L242 \/ W175 \/ H190 Akumulators (-\/+)\"}]},{\"@type\":\"WebSite\",\"@id\":\"https:\/\/akum.lv\/#website\",\"url\":\"https:\/\/akum.lv\/\",\"name\":\"www.akum.lv\",\"description\":\"Akumulatoru p\u0101rdev\u0113js | \u041f\u0440\u043e\u0434\u0430\u0432\u0435\u0446 \u0430\u043a\u043a\u0443\u043c\u0443\u043b\u044f\u0442\u043e\u0440\u043e\u0432 | Battery seller\",\"publisher\":{\"@id\":\"https:\/\/akum.lv\/#organization\"},\"potentialAction\":[{\"@type\":\"SearchAction\",\"target\":{\"@type\":\"EntryPoint\",\"urlTemplate\":\"https:\/\/akum.lv\/?s={search_term_string}\"},\"query-input\":{\"@type\":\"PropertyValueSpecification\",\"valueRequired\":true,\"valueName\":\"search_term_string\"}}],\"inLanguage\":\"en-US\"},{\"@type\":\"Organization\",\"@id\":\"https:\/\/akum.lv\/#organization\",\"name\":\"HubEnergy\",\"url\":\"https:\/\/akum.lv\/\",\"logo\":{\"@type\":\"ImageObject\",\"inLanguage\":\"en-US\",\"@id\":\"https:\/\/akum.lv\/#\/schema\/logo\/image\/\",\"url\":\"https:\/\/akum.lv\/wp-content\/uploads\/2018\/08\/Logo-hub-energy-2018-seller-dark-blue.png\",\"contentUrl\":\"https:\/\/akum.lv\/wp-content\/uploads\/2018\/08\/Logo-hub-energy-2018-seller-dark-blue.png\",\"width\":381,\"height\":75,\"caption\":\"HubEnergy\"},\"image\":{\"@id\":\"https:\/\/akum.lv\/#\/schema\/logo\/image\/\"}}]}<\/script>\n<!-- \/ Yoast SEO plugin. -->","yoast_head_json":{"title":"EXIDE-EL600 EFB Carbon Boost 12V-60Ah \/ EN 640A \/ L242 \/ W175 \/ H190 Akumulators (-\/+) - www.akum.lv","robots":{"index":"index","follow":"follow","max-snippet":"max-snippet:-1","max-image-preview":"max-image-preview:large","max-video-preview":"max-video-preview:-1"},"canonical":"https:\/\/akum.lv\/en\/prece\/exide-el600-efb-carbon-boost-12v-60ah-en-640a-l242-w175-h190-akumulators\/","og_locale":"en_US","og_type":"article","og_title":"EXIDE-EL600 EFB Carbon Boost 12V-60Ah \/ EN 640A \/ L242 \/ W175 \/ H190 Akumulators (-\/+) - www.akum.lv","og_description":"EXIDE-EL600 EFB Carbon Boost 12V-60Ah \/ EN 640A \/ L242 \/ W175 \/ H190 Akumulators (-\/+)   - EXIDE EL600   - Exide_Light Vehicle_leaflet_2021_  Garantija 24 m\u0113ne\u0161i; \u0413\u0430\u0440\u0430\u043d\u0442\u0438\u044f 24 \u043c\u0435\u0441\u044f\u0446\u0430  M\u0113s garant\u0113jam, ka pie mums ieg\u0101d\u0101tais akumulators ir jauns un piln\u012bb\u0101 gatavs lieto\u0161anai! Pirms nodo\u0161anas pirc\u0113jam akumulatoram tiek veikts demonstr\u0101cijas tests! P\u0101rbaudi veic \u012bpa\u0161s profesion\u0101ls testeris, kas par\u0101d\u012bs akumulatora patieso st\u0101vokli.  \u041c\u044b \u0433\u0430\u0440\u0430\u043d\u0442\u0438\u0440\u0443\u0435\u043c, \u0447\u0442\u043e \u043f\u0440\u0438\u043e\u0431\u0440\u0435\u0442\u0435\u043d\u043d\u044b\u0439 \u0443 \u043d\u0430\u0441 \u0430\u043a\u043a\u0443\u043c\u0443\u043b\u044f\u0442\u043e\u0440 \u043d\u043e\u0432\u044b\u0439 \u0438 \u043f\u043e\u043b\u043d\u043e\u0441\u0442\u044c\u044e \u0433\u043e\u0442\u043e\u0432 \u043a \u0440\u0430\u0431\u043e\u0442\u0435! \u0410\u043a\u043a\u0443\u043c\u0443\u043b\u044f\u0442\u043e\u0440 \u043f\u0435\u0440\u0435\u0434 \u043f\u0435\u0440\u0435\u0434\u0430\u0447\u0435\u0439 \u0437\u0430\u043a\u0430\u0437\u0447\u0438\u043a\u0443 \u043f\u0440\u043e\u0445\u043e\u0434\u0438\u0442 \u0434\u0435\u043c\u043e\u043d\u0441\u0442\u0440\u0430\u0446\u0438\u043e\u043d\u043d\u044b\u0439 \u0442\u0435\u0441\u0442! \u0422\u0435\u0441\u0442 \u043f\u0440\u043e\u0432\u043e\u0434\u0438\u0442\u0441\u044f \u0441\u043f\u0435\u0446\u0438\u0430\u043b\u044c\u043d\u044b\u043c \u043f\u0440\u043e\u0444\u0435\u0441\u0441\u0438\u043e\u043d\u0430\u043b\u044c\u043d\u044b\u043c \u0442\u0435\u0441\u0442\u0435\u0440\u043e\u043c, \u043a\u043e\u0442\u043e\u0440\u044b\u0439 \u043f\u043e\u043a\u0430\u0436\u0435\u0442 \u0440\u0435\u0430\u043b\u044c\u043d\u043e\u0435 \u0441\u043e\u0441\u0442\u043e\u044f\u043d\u0438\u0435 \u0430\u043a\u043a\u0443\u043c\u0443\u043b\u044f\u0442\u043e\u0440\u0430.","og_url":"https:\/\/akum.lv\/en\/prece\/exide-el600-efb-carbon-boost-12v-60ah-en-640a-l242-w175-h190-akumulators\/","og_site_name":"www.akum.lv","article_modified_time":"2025-10-16T12:02:42+00:00","og_image":[{"width":400,"height":413,"url":"https:\/\/akum.lv\/wp-content\/uploads\/2022\/03\/exide-el600.jpeg","type":"image\/jpeg"}],"twitter_card":"summary_large_image","schema":{"@context":"https:\/\/schema.org","@graph":[{"@type":"WebPage","@id":"https:\/\/akum.lv\/en\/prece\/exide-el600-efb-carbon-boost-12v-60ah-en-640a-l242-w175-h190-akumulators\/","url":"https:\/\/akum.lv\/en\/prece\/exide-el600-efb-carbon-boost-12v-60ah-en-640a-l242-w175-h190-akumulators\/","name":"EXIDE-EL600 EFB Carbon Boost 12V-60Ah \/ EN 640A \/ L242 \/ W175 \/ H190 Akumulators (-\/+) - www.akum.lv","isPartOf":{"@id":"https:\/\/akum.lv\/#website"},"primaryImageOfPage":{"@id":"https:\/\/akum.lv\/en\/prece\/exide-el600-efb-carbon-boost-12v-60ah-en-640a-l242-w175-h190-akumulators\/#primaryimage"},"image":{"@id":"https:\/\/akum.lv\/en\/prece\/exide-el600-efb-carbon-boost-12v-60ah-en-640a-l242-w175-h190-akumulators\/#primaryimage"},"thumbnailUrl":"https:\/\/akum.lv\/wp-content\/uploads\/2022\/03\/exide-el600.jpeg","datePublished":"2022-03-03T10:59:00+00:00","dateModified":"2025-10-16T12:02:42+00:00","breadcrumb":{"@id":"https:\/\/akum.lv\/en\/prece\/exide-el600-efb-carbon-boost-12v-60ah-en-640a-l242-w175-h190-akumulators\/#breadcrumb"},"inLanguage":"en-US","potentialAction":[{"@type":"ReadAction","target":["https:\/\/akum.lv\/en\/prece\/exide-el600-efb-carbon-boost-12v-60ah-en-640a-l242-w175-h190-akumulators\/"]}]},{"@type":"ImageObject","inLanguage":"en-US","@id":"https:\/\/akum.lv\/en\/prece\/exide-el600-efb-carbon-boost-12v-60ah-en-640a-l242-w175-h190-akumulators\/#primaryimage","url":"https:\/\/akum.lv\/wp-content\/uploads\/2022\/03\/exide-el600.jpeg","contentUrl":"https:\/\/akum.lv\/wp-content\/uploads\/2022\/03\/exide-el600.jpeg","width":400,"height":413},{"@type":"BreadcrumbList","@id":"https:\/\/akum.lv\/en\/prece\/exide-el600-efb-carbon-boost-12v-60ah-en-640a-l242-w175-h190-akumulators\/#breadcrumb","itemListElement":[{"@type":"ListItem","position":1,"name":"\u0413\u043b\u0430\u0432\u043d\u0430\u044f \u0441\u0442\u0440\u0430\u043d\u0438\u0446\u0430","item":"https:\/\/akum.lv\/en\/"},{"@type":"ListItem","position":2,"name":"PRECES","item":"https:\/\/akum.lv\/produkti-preces\/"},{"@type":"ListItem","position":3,"name":"EXIDE-EL600 EFB Carbon Boost 12V-60Ah \/ EN 640A \/ L242 \/ W175 \/ H190 Akumulators (-\/+)"}]},{"@type":"WebSite","@id":"https:\/\/akum.lv\/#website","url":"https:\/\/akum.lv\/","name":"www.akum.lv","description":"Akumulatoru p\u0101rdev\u0113js | \u041f\u0440\u043e\u0434\u0430\u0432\u0435\u0446 \u0430\u043a\u043a\u0443\u043c\u0443\u043b\u044f\u0442\u043e\u0440\u043e\u0432 | Battery seller","publisher":{"@id":"https:\/\/akum.lv\/#organization"},"potentialAction":[{"@type":"SearchAction","target":{"@type":"EntryPoint","urlTemplate":"https:\/\/akum.lv\/?s={search_term_string}"},"query-input":{"@type":"PropertyValueSpecification","valueRequired":true,"valueName":"search_term_string"}}],"inLanguage":"en-US"},{"@type":"Organization","@id":"https:\/\/akum.lv\/#organization","name":"HubEnergy","url":"https:\/\/akum.lv\/","logo":{"@type":"ImageObject","inLanguage":"en-US","@id":"https:\/\/akum.lv\/#\/schema\/logo\/image\/","url":"https:\/\/akum.lv\/wp-content\/uploads\/2018\/08\/Logo-hub-energy-2018-seller-dark-blue.png","contentUrl":"https:\/\/akum.lv\/wp-content\/uploads\/2018\/08\/Logo-hub-energy-2018-seller-dark-blue.png","width":381,"height":75,"caption":"HubEnergy"},"image":{"@id":"https:\/\/akum.lv\/#\/schema\/logo\/image\/"}}]}},"brands":[{"id":337,"name":"EXIDE TECHNOLOGIES","slug":"exide-technologies-en"}],"_links":{"self":[{"href":"https:\/\/akum.lv\/en\/wp-json\/wp\/v2\/product\/11825","targetHints":{"allow":["GET"]}}],"collection":[{"href":"https:\/\/akum.lv\/en\/wp-json\/wp\/v2\/product"}],"about":[{"href":"https:\/\/akum.lv\/en\/wp-json\/wp\/v2\/types\/product"}],"wp:featuredmedia":[{"embeddable":true,"href":"https:\/\/akum.lv\/en\/wp-json\/wp\/v2\/media\/17964"}],"wp:attachment":[{"href":"https:\/\/akum.lv\/en\/wp-json\/wp\/v2\/media?parent=11825"}],"wp:term":[{"taxonomy":"pwb-brand","embeddable":true,"href":"https:\/\/akum.lv\/en\/wp-json\/wp\/v2\/pwb-brand?post=11825"},{"taxonomy":"product_brand","embeddable":true,"href":"https:\/\/akum.lv\/en\/wp-json\/wp\/v2\/product_brand?post=11825"},{"taxonomy":"product_cat","embeddable":true,"href":"https:\/\/akum.lv\/en\/wp-json\/wp\/v2\/product_cat?post=11825"},{"taxonomy":"product_tag","embeddable":true,"href":"https:\/\/akum.lv\/en\/wp-json\/wp\/v2\/product_tag?post=11825"}],"curies":[{"name":"wp","href":"https:\/\/api.w.org\/{rel}","templated":true}]}}