{"id":11170,"date":"2021-11-03T10:21:56","date_gmt":"2021-11-03T10:21:56","guid":{"rendered":"https:\/\/akum.lv\/?post_type=product&#038;p=11170"},"modified":"2025-02-24T12:06:33","modified_gmt":"2025-02-24T12:06:33","slug":"gf-12-105-v-sonnenschein-gf-v_gel-battery-12v-c5-105ah-c20-120ah-345-174-283-a-terminal-2","status":"publish","type":"product","link":"https:\/\/akum.lv\/en\/prece\/gf-12-105-v-sonnenschein-gf-v_gel-battery-12v-c5-105ah-c20-120ah-345-174-283-a-terminal-2\/","title":{"rendered":"GF 12 105 V Sonnenschein GF-V_GEL battery 12V \/ C5-105Ah; C20-120Ah (345*174*283) A-Terminal"},"content":{"rendered":"","protected":false},"excerpt":{"rendered":"<p>GF 12 105 V Sonnenschein GF-V_GEL battery 12V \/ C5-105Ah; C20-120Ah (345*174*283) A-Terminal<\/p>\n<p><strong><img loading=\"lazy\" decoding=\"async\" class=\"alignnone size-full wp-image-11436\" src=\"https:\/\/akum.lv\/wp-content\/uploads\/2021\/12\/pdf-icon.png\" alt=\"\" width=\"50\" height=\"50\" \/> &#8211; <a href=\"https:\/\/akum.lv\/wp-content\/uploads\/2019\/01\/GNB_MP_Block_Overview_GF_en.pdf\">GNB_MP_Block_Overview_GF_en<\/a><\/strong><\/p>\n<p>Sonnenschein GF-V Range (dryfit\u00ae traction block)<br \/>\nMotive Power &gt; Sonnenschein GF &#8211; V Range<br \/>\nThe GF-V block battery range is designed for hard industrial use. This includes applications such as cleaning machines, pallet trucks, automatic guided vehicles, mobile elevating work platforms, electric cars and buses.<\/p>\n<p>&gt; Battery technology: VRLA (valve regulated lead-acid)<br \/>\n&gt; Maintenance-free (no topping up during the whole<br \/>\nservice life)<br \/>\n&gt; Very high intrinsic safety<br \/>\n&gt; Robust, safe and reliable<br \/>\n&gt; Low self-discharge rate<br \/>\n&gt; 700 cycles in accordance with IEC 60254-1<\/p>\n<p>HUB ENERGY &#8211; oficialais izplat\u012bt\u0101js Latvij\u0101 ,,EXIDE &amp; SONNENSCHEIN Batteries,,<br \/>\nHUB ENERGY &#8211; \u0434\u0438\u0441\u0442\u0440\u0438\u0431\u044c\u044e\u0442\u043e\u0440 \u0431\u0430\u0442\u0430\u0440\u0435\u0439 ,,EXIDE &amp; SONNENSCHEIN Batteries,, \u0432 \u041b\u0430\u0442\u0432\u0438\u0438<br \/>\nHUB ENERGY &#8211; official distributor of batteries ,,EXIDE &amp; SONNENSCHEIN Batteries,, in Latvia<\/p>\n","protected":false},"featured_media":17185,"template":"","meta":[],"pwb-brand":[337],"product_brand":[],"product_cat":[487,378,546,154,131,128,126,161,130,615],"product_tag":[],"class_list":{"0":"post-11170","1":"product","2":"type-product","3":"status-publish","4":"has-post-thumbnail","6":"pwb-brand-exide-technologies-en","7":"product_cat-green-energy","8":"product_cat-akumulators-gel-technologies","9":"product_cat-12v-gel-en","10":"product_cat-batteries-gel-deep-cycle","11":"product_cat-akumulatori-udens-transportu-en","12":"product_cat-akumulatori-laivu-elektromotoriem-eholotei","13":"product_cat-akumulatori-laivam-un-jahtam-en","14":"product_cat-akumulatori-elektro-transportam","15":"product_cat-batteries-for-scissor-platforms-construction-and-warehouse-machinery","16":"product_cat-batteries-cleaning-equipment","17":"pif-has-gallery","19":"first","20":"instock","21":"taxable","22":"shipping-taxable","23":"purchasable","24":"product-type-simple"},"yoast_head":"<!-- This site is optimized with the Yoast SEO plugin v26.7 - https:\/\/yoast.com\/wordpress\/plugins\/seo\/ -->\n<title>GF 12 105 V Sonnenschein GF-V_GEL battery 12V \/ C5-105Ah; C20-120Ah (345*174*283) A-Terminal - www.akum.lv<\/title>\n<meta name=\"robots\" content=\"index, follow, max-snippet:-1, max-image-preview:large, max-video-preview:-1\" \/>\n<link rel=\"canonical\" href=\"https:\/\/akum.lv\/en\/prece\/gf-12-105-v-sonnenschein-gf-v_gel-battery-12v-c5-105ah-c20-120ah-345-174-283-a-terminal-2\/\" \/>\n<meta property=\"og:locale\" content=\"en_US\" \/>\n<meta property=\"og:type\" content=\"article\" \/>\n<meta property=\"og:title\" content=\"GF 12 105 V Sonnenschein GF-V_GEL battery 12V \/ C5-105Ah; C20-120Ah (345*174*283) A-Terminal - www.akum.lv\" \/>\n<meta property=\"og:description\" content=\"GF 12 105 V Sonnenschein GF-V_GEL battery 12V \/ C5-105Ah; C20-120Ah (345*174*283) A-Terminal   - GNB_MP_Block_Overview_GF_en  Sonnenschein GF-V Range (dryfit\u00ae traction block) Motive Power &gt; Sonnenschein GF - V Range The GF-V block battery range is designed for hard industrial use. This includes applications such as cleaning machines, pallet trucks, automatic guided vehicles, mobile elevating work platforms, electric cars and buses.  &gt; Battery technology: VRLA (valve regulated lead-acid) &gt; Maintenance-free (no topping up during the whole service life) &gt; Very high intrinsic safety &gt; Robust, safe and reliable &gt; Low self-discharge rate &gt; 700 cycles in accordance with IEC 60254-1  HUB ENERGY - oficialais izplat\u012bt\u0101js Latvij\u0101 ,,EXIDE &amp; SONNENSCHEIN Batteries,, HUB ENERGY - \u0434\u0438\u0441\u0442\u0440\u0438\u0431\u044c\u044e\u0442\u043e\u0440 \u0431\u0430\u0442\u0430\u0440\u0435\u0439 ,,EXIDE &amp; SONNENSCHEIN Batteries,, \u0432 \u041b\u0430\u0442\u0432\u0438\u0438 HUB ENERGY - official distributor of batteries ,,EXIDE &amp; SONNENSCHEIN Batteries,, in Latvia\" \/>\n<meta property=\"og:url\" content=\"https:\/\/akum.lv\/en\/prece\/gf-12-105-v-sonnenschein-gf-v_gel-battery-12v-c5-105ah-c20-120ah-345-174-283-a-terminal-2\/\" \/>\n<meta property=\"og:site_name\" content=\"www.akum.lv\" \/>\n<meta property=\"article:modified_time\" content=\"2025-02-24T12:06:33+00:00\" \/>\n<meta property=\"og:image\" content=\"https:\/\/akum.lv\/wp-content\/uploads\/2021\/11\/gf12105v-1.jpg\" \/>\n\t<meta property=\"og:image:width\" content=\"400\" \/>\n\t<meta property=\"og:image:height\" content=\"400\" \/>\n\t<meta property=\"og:image:type\" content=\"image\/jpeg\" \/>\n<meta name=\"twitter:card\" content=\"summary_large_image\" \/>\n<meta name=\"twitter:label1\" content=\"Est. reading time\" \/>\n\t<meta name=\"twitter:data1\" content=\"1 minute\" \/>\n<script type=\"application\/ld+json\" class=\"yoast-schema-graph\">{\"@context\":\"https:\/\/schema.org\",\"@graph\":[{\"@type\":\"WebPage\",\"@id\":\"https:\/\/akum.lv\/en\/prece\/gf-12-105-v-sonnenschein-gf-v_gel-battery-12v-c5-105ah-c20-120ah-345-174-283-a-terminal-2\/\",\"url\":\"https:\/\/akum.lv\/en\/prece\/gf-12-105-v-sonnenschein-gf-v_gel-battery-12v-c5-105ah-c20-120ah-345-174-283-a-terminal-2\/\",\"name\":\"GF 12 105 V Sonnenschein GF-V_GEL battery 12V \/ C5-105Ah; C20-120Ah (345*174*283) A-Terminal - www.akum.lv\",\"isPartOf\":{\"@id\":\"https:\/\/akum.lv\/#website\"},\"primaryImageOfPage\":{\"@id\":\"https:\/\/akum.lv\/en\/prece\/gf-12-105-v-sonnenschein-gf-v_gel-battery-12v-c5-105ah-c20-120ah-345-174-283-a-terminal-2\/#primaryimage\"},\"image\":{\"@id\":\"https:\/\/akum.lv\/en\/prece\/gf-12-105-v-sonnenschein-gf-v_gel-battery-12v-c5-105ah-c20-120ah-345-174-283-a-terminal-2\/#primaryimage\"},\"thumbnailUrl\":\"https:\/\/akum.lv\/wp-content\/uploads\/2021\/11\/gf12105v-1.jpg\",\"datePublished\":\"2021-11-03T10:21:56+00:00\",\"dateModified\":\"2025-02-24T12:06:33+00:00\",\"breadcrumb\":{\"@id\":\"https:\/\/akum.lv\/en\/prece\/gf-12-105-v-sonnenschein-gf-v_gel-battery-12v-c5-105ah-c20-120ah-345-174-283-a-terminal-2\/#breadcrumb\"},\"inLanguage\":\"en-US\",\"potentialAction\":[{\"@type\":\"ReadAction\",\"target\":[\"https:\/\/akum.lv\/en\/prece\/gf-12-105-v-sonnenschein-gf-v_gel-battery-12v-c5-105ah-c20-120ah-345-174-283-a-terminal-2\/\"]}]},{\"@type\":\"ImageObject\",\"inLanguage\":\"en-US\",\"@id\":\"https:\/\/akum.lv\/en\/prece\/gf-12-105-v-sonnenschein-gf-v_gel-battery-12v-c5-105ah-c20-120ah-345-174-283-a-terminal-2\/#primaryimage\",\"url\":\"https:\/\/akum.lv\/wp-content\/uploads\/2021\/11\/gf12105v-1.jpg\",\"contentUrl\":\"https:\/\/akum.lv\/wp-content\/uploads\/2021\/11\/gf12105v-1.jpg\",\"width\":400,\"height\":400},{\"@type\":\"BreadcrumbList\",\"@id\":\"https:\/\/akum.lv\/en\/prece\/gf-12-105-v-sonnenschein-gf-v_gel-battery-12v-c5-105ah-c20-120ah-345-174-283-a-terminal-2\/#breadcrumb\",\"itemListElement\":[{\"@type\":\"ListItem\",\"position\":1,\"name\":\"\u0413\u043b\u0430\u0432\u043d\u0430\u044f \u0441\u0442\u0440\u0430\u043d\u0438\u0446\u0430\",\"item\":\"https:\/\/akum.lv\/en\/\"},{\"@type\":\"ListItem\",\"position\":2,\"name\":\"PRECES\",\"item\":\"https:\/\/akum.lv\/produkti-preces\/\"},{\"@type\":\"ListItem\",\"position\":3,\"name\":\"GF 12 105 V Sonnenschein GF-V_GEL battery 12V \/ C5-105Ah; C20-120Ah (345*174*283) A-Terminal\"}]},{\"@type\":\"WebSite\",\"@id\":\"https:\/\/akum.lv\/#website\",\"url\":\"https:\/\/akum.lv\/\",\"name\":\"www.akum.lv\",\"description\":\"Akumulatoru p\u0101rdev\u0113js | \u041f\u0440\u043e\u0434\u0430\u0432\u0435\u0446 \u0430\u043a\u043a\u0443\u043c\u0443\u043b\u044f\u0442\u043e\u0440\u043e\u0432 | Battery seller\",\"publisher\":{\"@id\":\"https:\/\/akum.lv\/#organization\"},\"potentialAction\":[{\"@type\":\"SearchAction\",\"target\":{\"@type\":\"EntryPoint\",\"urlTemplate\":\"https:\/\/akum.lv\/?s={search_term_string}\"},\"query-input\":{\"@type\":\"PropertyValueSpecification\",\"valueRequired\":true,\"valueName\":\"search_term_string\"}}],\"inLanguage\":\"en-US\"},{\"@type\":\"Organization\",\"@id\":\"https:\/\/akum.lv\/#organization\",\"name\":\"HubEnergy\",\"url\":\"https:\/\/akum.lv\/\",\"logo\":{\"@type\":\"ImageObject\",\"inLanguage\":\"en-US\",\"@id\":\"https:\/\/akum.lv\/#\/schema\/logo\/image\/\",\"url\":\"https:\/\/akum.lv\/wp-content\/uploads\/2018\/08\/Logo-hub-energy-2018-seller-dark-blue.png\",\"contentUrl\":\"https:\/\/akum.lv\/wp-content\/uploads\/2018\/08\/Logo-hub-energy-2018-seller-dark-blue.png\",\"width\":381,\"height\":75,\"caption\":\"HubEnergy\"},\"image\":{\"@id\":\"https:\/\/akum.lv\/#\/schema\/logo\/image\/\"}}]}<\/script>\n<!-- \/ Yoast SEO plugin. -->","yoast_head_json":{"title":"GF 12 105 V Sonnenschein GF-V_GEL battery 12V \/ C5-105Ah; C20-120Ah (345*174*283) A-Terminal - www.akum.lv","robots":{"index":"index","follow":"follow","max-snippet":"max-snippet:-1","max-image-preview":"max-image-preview:large","max-video-preview":"max-video-preview:-1"},"canonical":"https:\/\/akum.lv\/en\/prece\/gf-12-105-v-sonnenschein-gf-v_gel-battery-12v-c5-105ah-c20-120ah-345-174-283-a-terminal-2\/","og_locale":"en_US","og_type":"article","og_title":"GF 12 105 V Sonnenschein GF-V_GEL battery 12V \/ C5-105Ah; C20-120Ah (345*174*283) A-Terminal - www.akum.lv","og_description":"GF 12 105 V Sonnenschein GF-V_GEL battery 12V \/ C5-105Ah; C20-120Ah (345*174*283) A-Terminal   - GNB_MP_Block_Overview_GF_en  Sonnenschein GF-V Range (dryfit\u00ae traction block) Motive Power &gt; Sonnenschein GF - V Range The GF-V block battery range is designed for hard industrial use. This includes applications such as cleaning machines, pallet trucks, automatic guided vehicles, mobile elevating work platforms, electric cars and buses.  &gt; Battery technology: VRLA (valve regulated lead-acid) &gt; Maintenance-free (no topping up during the whole service life) &gt; Very high intrinsic safety &gt; Robust, safe and reliable &gt; Low self-discharge rate &gt; 700 cycles in accordance with IEC 60254-1  HUB ENERGY - oficialais izplat\u012bt\u0101js Latvij\u0101 ,,EXIDE &amp; SONNENSCHEIN Batteries,, HUB ENERGY - \u0434\u0438\u0441\u0442\u0440\u0438\u0431\u044c\u044e\u0442\u043e\u0440 \u0431\u0430\u0442\u0430\u0440\u0435\u0439 ,,EXIDE &amp; SONNENSCHEIN Batteries,, \u0432 \u041b\u0430\u0442\u0432\u0438\u0438 HUB ENERGY - official distributor of batteries ,,EXIDE &amp; SONNENSCHEIN Batteries,, in Latvia","og_url":"https:\/\/akum.lv\/en\/prece\/gf-12-105-v-sonnenschein-gf-v_gel-battery-12v-c5-105ah-c20-120ah-345-174-283-a-terminal-2\/","og_site_name":"www.akum.lv","article_modified_time":"2025-02-24T12:06:33+00:00","og_image":[{"width":400,"height":400,"url":"https:\/\/akum.lv\/wp-content\/uploads\/2021\/11\/gf12105v-1.jpg","type":"image\/jpeg"}],"twitter_card":"summary_large_image","twitter_misc":{"Est. reading time":"1 minute"},"schema":{"@context":"https:\/\/schema.org","@graph":[{"@type":"WebPage","@id":"https:\/\/akum.lv\/en\/prece\/gf-12-105-v-sonnenschein-gf-v_gel-battery-12v-c5-105ah-c20-120ah-345-174-283-a-terminal-2\/","url":"https:\/\/akum.lv\/en\/prece\/gf-12-105-v-sonnenschein-gf-v_gel-battery-12v-c5-105ah-c20-120ah-345-174-283-a-terminal-2\/","name":"GF 12 105 V Sonnenschein GF-V_GEL battery 12V \/ C5-105Ah; C20-120Ah (345*174*283) A-Terminal - www.akum.lv","isPartOf":{"@id":"https:\/\/akum.lv\/#website"},"primaryImageOfPage":{"@id":"https:\/\/akum.lv\/en\/prece\/gf-12-105-v-sonnenschein-gf-v_gel-battery-12v-c5-105ah-c20-120ah-345-174-283-a-terminal-2\/#primaryimage"},"image":{"@id":"https:\/\/akum.lv\/en\/prece\/gf-12-105-v-sonnenschein-gf-v_gel-battery-12v-c5-105ah-c20-120ah-345-174-283-a-terminal-2\/#primaryimage"},"thumbnailUrl":"https:\/\/akum.lv\/wp-content\/uploads\/2021\/11\/gf12105v-1.jpg","datePublished":"2021-11-03T10:21:56+00:00","dateModified":"2025-02-24T12:06:33+00:00","breadcrumb":{"@id":"https:\/\/akum.lv\/en\/prece\/gf-12-105-v-sonnenschein-gf-v_gel-battery-12v-c5-105ah-c20-120ah-345-174-283-a-terminal-2\/#breadcrumb"},"inLanguage":"en-US","potentialAction":[{"@type":"ReadAction","target":["https:\/\/akum.lv\/en\/prece\/gf-12-105-v-sonnenschein-gf-v_gel-battery-12v-c5-105ah-c20-120ah-345-174-283-a-terminal-2\/"]}]},{"@type":"ImageObject","inLanguage":"en-US","@id":"https:\/\/akum.lv\/en\/prece\/gf-12-105-v-sonnenschein-gf-v_gel-battery-12v-c5-105ah-c20-120ah-345-174-283-a-terminal-2\/#primaryimage","url":"https:\/\/akum.lv\/wp-content\/uploads\/2021\/11\/gf12105v-1.jpg","contentUrl":"https:\/\/akum.lv\/wp-content\/uploads\/2021\/11\/gf12105v-1.jpg","width":400,"height":400},{"@type":"BreadcrumbList","@id":"https:\/\/akum.lv\/en\/prece\/gf-12-105-v-sonnenschein-gf-v_gel-battery-12v-c5-105ah-c20-120ah-345-174-283-a-terminal-2\/#breadcrumb","itemListElement":[{"@type":"ListItem","position":1,"name":"\u0413\u043b\u0430\u0432\u043d\u0430\u044f \u0441\u0442\u0440\u0430\u043d\u0438\u0446\u0430","item":"https:\/\/akum.lv\/en\/"},{"@type":"ListItem","position":2,"name":"PRECES","item":"https:\/\/akum.lv\/produkti-preces\/"},{"@type":"ListItem","position":3,"name":"GF 12 105 V Sonnenschein GF-V_GEL battery 12V \/ C5-105Ah; C20-120Ah (345*174*283) A-Terminal"}]},{"@type":"WebSite","@id":"https:\/\/akum.lv\/#website","url":"https:\/\/akum.lv\/","name":"www.akum.lv","description":"Akumulatoru p\u0101rdev\u0113js | \u041f\u0440\u043e\u0434\u0430\u0432\u0435\u0446 \u0430\u043a\u043a\u0443\u043c\u0443\u043b\u044f\u0442\u043e\u0440\u043e\u0432 | Battery seller","publisher":{"@id":"https:\/\/akum.lv\/#organization"},"potentialAction":[{"@type":"SearchAction","target":{"@type":"EntryPoint","urlTemplate":"https:\/\/akum.lv\/?s={search_term_string}"},"query-input":{"@type":"PropertyValueSpecification","valueRequired":true,"valueName":"search_term_string"}}],"inLanguage":"en-US"},{"@type":"Organization","@id":"https:\/\/akum.lv\/#organization","name":"HubEnergy","url":"https:\/\/akum.lv\/","logo":{"@type":"ImageObject","inLanguage":"en-US","@id":"https:\/\/akum.lv\/#\/schema\/logo\/image\/","url":"https:\/\/akum.lv\/wp-content\/uploads\/2018\/08\/Logo-hub-energy-2018-seller-dark-blue.png","contentUrl":"https:\/\/akum.lv\/wp-content\/uploads\/2018\/08\/Logo-hub-energy-2018-seller-dark-blue.png","width":381,"height":75,"caption":"HubEnergy"},"image":{"@id":"https:\/\/akum.lv\/#\/schema\/logo\/image\/"}}]}},"brands":[{"id":337,"name":"EXIDE TECHNOLOGIES","slug":"exide-technologies-en"}],"_links":{"self":[{"href":"https:\/\/akum.lv\/en\/wp-json\/wp\/v2\/product\/11170","targetHints":{"allow":["GET"]}}],"collection":[{"href":"https:\/\/akum.lv\/en\/wp-json\/wp\/v2\/product"}],"about":[{"href":"https:\/\/akum.lv\/en\/wp-json\/wp\/v2\/types\/product"}],"wp:featuredmedia":[{"embeddable":true,"href":"https:\/\/akum.lv\/en\/wp-json\/wp\/v2\/media\/17185"}],"wp:attachment":[{"href":"https:\/\/akum.lv\/en\/wp-json\/wp\/v2\/media?parent=11170"}],"wp:term":[{"taxonomy":"pwb-brand","embeddable":true,"href":"https:\/\/akum.lv\/en\/wp-json\/wp\/v2\/pwb-brand?post=11170"},{"taxonomy":"product_brand","embeddable":true,"href":"https:\/\/akum.lv\/en\/wp-json\/wp\/v2\/product_brand?post=11170"},{"taxonomy":"product_cat","embeddable":true,"href":"https:\/\/akum.lv\/en\/wp-json\/wp\/v2\/product_cat?post=11170"},{"taxonomy":"product_tag","embeddable":true,"href":"https:\/\/akum.lv\/en\/wp-json\/wp\/v2\/product_tag?post=11170"}],"curies":[{"name":"wp","href":"https:\/\/api.w.org\/{rel}","templated":true}]}}