{"id":10831,"date":"2021-09-22T10:36:57","date_gmt":"2021-09-22T10:36:57","guid":{"rendered":"https:\/\/akum.lv\/?post_type=product&#038;p=10831"},"modified":"2025-12-03T09:23:52","modified_gmt":"2025-12-03T09:23:52","slug":"exide-ek600-agm-start-stop-12v-60ah-en-680a-l242-w175-h190-akumulators-kopirovat","status":"publish","type":"product","link":"https:\/\/akum.lv\/en\/prece\/exide-ek600-agm-start-stop-12v-60ah-en-680a-l242-w175-h190-akumulators-kopirovat\/","title":{"rendered":"EXIDE-EK620 AGM Start &#038; Stop 12V-62Ah \/ EN 680A \/ L242 \/ W175 \/ H190 Akumulators (-\/+)"},"content":{"rendered":"","protected":false},"excerpt":{"rendered":"<p>EXIDE-EK600 AGM Start &amp; Stop 12V-60Ah \/ EN 680A \/ L242 \/ W175 \/ H190 Akumulators (-\/+)<\/p>\n<p><strong><img loading=\"lazy\" decoding=\"async\" class=\"alignnone wp-image-6286\" src=\"https:\/\/akum.lv\/wp-content\/uploads\/2019\/08\/pdf-icon-png-100px.png\" alt=\"\" width=\"50\" height=\"50\" srcset=\"https:\/\/akum.lv\/wp-content\/uploads\/2019\/08\/pdf-icon-png-100px.png 120w, https:\/\/akum.lv\/wp-content\/uploads\/2019\/08\/pdf-icon-png-100px-100x100.png 100w\" sizes=\"auto, (max-width: 50px) 100vw, 50px\" \/>\u00a0\u2013 <span style=\"color: #0000ff;\"><a style=\"color: #0000ff;\" href=\"https:\/\/akum.lv\/wp-content\/uploads\/2019\/02\/EXIDE-Light-Vehicle_Battery-Solutions.pdf\">EXIDE Light Vehicle_Battery Solutions<\/a><\/span><\/strong><\/p>\n<p><img loading=\"lazy\" decoding=\"async\" class=\"alignnone wp-image-6286\" src=\"https:\/\/akum.lv\/wp-content\/uploads\/2019\/08\/pdf-icon-png-100px.png\" alt=\"\" width=\"50\" height=\"50\" srcset=\"https:\/\/akum.lv\/wp-content\/uploads\/2019\/08\/pdf-icon-png-100px.png 120w, https:\/\/akum.lv\/wp-content\/uploads\/2019\/08\/pdf-icon-png-100px-100x100.png 100w\" sizes=\"auto, (max-width: 50px) 100vw, 50px\" \/> <strong>&#8211; <a href=\"https:\/\/akum.lv\/wp-content\/uploads\/2021\/09\/ek620_pdf.pdf\">EK620_pdf<\/a><\/strong><\/p>\n<p>Garantija 24 m\u0113ne\u0161i; \u0413\u0430\u0440\u0430\u043d\u0442\u0438\u044f 24 \u043c\u0435\u0441\u044f\u0446\u0430<\/p>\n<p><em><span style=\"color: #ff0000;\">M\u0113s garant\u0113jam, ka pie mums ieg\u0101d\u0101tais akumulators ir jauns un piln\u012bb\u0101 gatavs lieto\u0161anai!<\/span><\/em><br \/>\n<em><span style=\"color: #ff0000;\">Pirms nodo\u0161anas pirc\u0113jam akumulatoram tiek veikts demonstr\u0101cijas tests!<\/span><\/em><br \/>\n<em><span style=\"color: #ff0000;\">P\u0101rbaudi veic \u012bpa\u0161s profesion\u0101ls testeris, kas par\u0101d\u012bs akumulatora patieso st\u0101vokli.<\/span><\/em><\/p>\n<p><em><span style=\"color: #ff0000;\">\u041c\u044b \u0433\u0430\u0440\u0430\u043d\u0442\u0438\u0440\u0443\u0435\u043c, \u0447\u0442\u043e \u043f\u0440\u0438\u043e\u0431\u0440\u0435\u0442\u0435\u043d\u043d\u044b\u0439 \u0443 \u043d\u0430\u0441 \u0430\u043a\u043a\u0443\u043c\u0443\u043b\u044f\u0442\u043e\u0440 \u043d\u043e\u0432\u044b\u0439 \u0438 \u043f\u043e\u043b\u043d\u043e\u0441\u0442\u044c\u044e \u0433\u043e\u0442\u043e\u0432 \u043a \u0440\u0430\u0431\u043e\u0442\u0435!<\/span><\/em><br \/>\n<em><span style=\"color: #ff0000;\">\u0410\u043a\u043a\u0443\u043c\u0443\u043b\u044f\u0442\u043e\u0440 \u043f\u0435\u0440\u0435\u0434 \u043f\u0435\u0440\u0435\u0434\u0430\u0447\u0435\u0439 \u0437\u0430\u043a\u0430\u0437\u0447\u0438\u043a\u0443 \u043f\u0440\u043e\u0445\u043e\u0434\u0438\u0442 \u0434\u0435\u043c\u043e\u043d\u0441\u0442\u0440\u0430\u0446\u0438\u043e\u043d\u043d\u044b\u0439 \u0442\u0435\u0441\u0442!<\/span><\/em><br \/>\n<em><span style=\"color: #ff0000;\">\u0422\u0435\u0441\u0442 \u043f\u0440\u043e\u0432\u043e\u0434\u0438\u0442\u0441\u044f \u0441\u043f\u0435\u0446\u0438\u0430\u043b\u044c\u043d\u044b\u043c \u043f\u0440\u043e\u0444\u0435\u0441\u0441\u0438\u043e\u043d\u0430\u043b\u044c\u043d\u044b\u043c \u0442\u0435\u0441\u0442\u0435\u0440\u043e\u043c, \u043a\u043e\u0442\u043e\u0440\u044b\u0439 \u043f\u043e\u043a\u0430\u0436\u0435\u0442 \u0440\u0435\u0430\u043b\u044c\u043d\u043e\u0435 \u0441\u043e\u0441\u0442\u043e\u044f\u043d\u0438\u0435 \u0430\u043a\u043a\u0443\u043c\u0443\u043b\u044f\u0442\u043e\u0440\u0430.<\/span><\/em><\/p>\n","protected":false},"featured_media":16156,"template":"","meta":[],"pwb-brand":[337],"product_brand":[],"product_cat":[375,442,140,145,131,126],"product_tag":[],"class_list":{"0":"post-10831","1":"product","2":"type-product","3":"status-publish","4":"has-post-thumbnail","6":"pwb-brand-exide-technologies-en","7":"product_cat-agm-technology-batteries-eng","8":"product_cat-agm-12v-batteries","9":"product_cat-starter-batteries","10":"product_cat-startera-akumulatori-vieglajiem-automobiliem","11":"product_cat-akumulatori-udens-transportu-en","12":"product_cat-akumulatori-laivam-un-jahtam-en","14":"first","15":"instock","16":"taxable","17":"shipping-taxable","18":"purchasable","19":"product-type-simple"},"yoast_head":"<!-- This site is optimized with the Yoast SEO plugin v26.7 - https:\/\/yoast.com\/wordpress\/plugins\/seo\/ -->\n<title>EXIDE-EK620 AGM Start &amp; Stop 12V-62Ah \/ EN 680A \/ L242 \/ W175 \/ H190 Akumulators (-\/+) - www.akum.lv<\/title>\n<meta name=\"robots\" content=\"index, follow, max-snippet:-1, max-image-preview:large, max-video-preview:-1\" \/>\n<link rel=\"canonical\" href=\"https:\/\/akum.lv\/en\/prece\/exide-ek600-agm-start-stop-12v-60ah-en-680a-l242-w175-h190-akumulators-kopirovat\/\" \/>\n<meta property=\"og:locale\" content=\"en_US\" \/>\n<meta property=\"og:type\" content=\"article\" \/>\n<meta property=\"og:title\" content=\"EXIDE-EK620 AGM Start &amp; Stop 12V-62Ah \/ EN 680A \/ L242 \/ W175 \/ H190 Akumulators (-\/+) - www.akum.lv\" \/>\n<meta property=\"og:description\" content=\"EXIDE-EK600 AGM Start &amp; Stop 12V-60Ah \/ EN 680A \/ L242 \/ W175 \/ H190 Akumulators (-\/+)  \u00a0\u2013 EXIDE Light Vehicle_Battery Solutions   - EK620_pdf  Garantija 24 m\u0113ne\u0161i; \u0413\u0430\u0440\u0430\u043d\u0442\u0438\u044f 24 \u043c\u0435\u0441\u044f\u0446\u0430  M\u0113s garant\u0113jam, ka pie mums ieg\u0101d\u0101tais akumulators ir jauns un piln\u012bb\u0101 gatavs lieto\u0161anai! Pirms nodo\u0161anas pirc\u0113jam akumulatoram tiek veikts demonstr\u0101cijas tests! P\u0101rbaudi veic \u012bpa\u0161s profesion\u0101ls testeris, kas par\u0101d\u012bs akumulatora patieso st\u0101vokli.  \u041c\u044b \u0433\u0430\u0440\u0430\u043d\u0442\u0438\u0440\u0443\u0435\u043c, \u0447\u0442\u043e \u043f\u0440\u0438\u043e\u0431\u0440\u0435\u0442\u0435\u043d\u043d\u044b\u0439 \u0443 \u043d\u0430\u0441 \u0430\u043a\u043a\u0443\u043c\u0443\u043b\u044f\u0442\u043e\u0440 \u043d\u043e\u0432\u044b\u0439 \u0438 \u043f\u043e\u043b\u043d\u043e\u0441\u0442\u044c\u044e \u0433\u043e\u0442\u043e\u0432 \u043a \u0440\u0430\u0431\u043e\u0442\u0435! \u0410\u043a\u043a\u0443\u043c\u0443\u043b\u044f\u0442\u043e\u0440 \u043f\u0435\u0440\u0435\u0434 \u043f\u0435\u0440\u0435\u0434\u0430\u0447\u0435\u0439 \u0437\u0430\u043a\u0430\u0437\u0447\u0438\u043a\u0443 \u043f\u0440\u043e\u0445\u043e\u0434\u0438\u0442 \u0434\u0435\u043c\u043e\u043d\u0441\u0442\u0440\u0430\u0446\u0438\u043e\u043d\u043d\u044b\u0439 \u0442\u0435\u0441\u0442! \u0422\u0435\u0441\u0442 \u043f\u0440\u043e\u0432\u043e\u0434\u0438\u0442\u0441\u044f \u0441\u043f\u0435\u0446\u0438\u0430\u043b\u044c\u043d\u044b\u043c \u043f\u0440\u043e\u0444\u0435\u0441\u0441\u0438\u043e\u043d\u0430\u043b\u044c\u043d\u044b\u043c \u0442\u0435\u0441\u0442\u0435\u0440\u043e\u043c, \u043a\u043e\u0442\u043e\u0440\u044b\u0439 \u043f\u043e\u043a\u0430\u0436\u0435\u0442 \u0440\u0435\u0430\u043b\u044c\u043d\u043e\u0435 \u0441\u043e\u0441\u0442\u043e\u044f\u043d\u0438\u0435 \u0430\u043a\u043a\u0443\u043c\u0443\u043b\u044f\u0442\u043e\u0440\u0430.\" \/>\n<meta property=\"og:url\" content=\"https:\/\/akum.lv\/en\/prece\/exide-ek600-agm-start-stop-12v-60ah-en-680a-l242-w175-h190-akumulators-kopirovat\/\" \/>\n<meta property=\"og:site_name\" content=\"www.akum.lv\" \/>\n<meta property=\"article:modified_time\" content=\"2025-12-03T09:23:52+00:00\" \/>\n<meta property=\"og:image\" content=\"https:\/\/akum.lv\/wp-content\/uploads\/2021\/09\/ek620.jpg\" \/>\n\t<meta property=\"og:image:width\" content=\"400\" \/>\n\t<meta property=\"og:image:height\" content=\"368\" \/>\n\t<meta property=\"og:image:type\" content=\"image\/jpeg\" \/>\n<meta name=\"twitter:card\" content=\"summary_large_image\" \/>\n<meta name=\"twitter:label1\" content=\"Est. reading time\" \/>\n\t<meta name=\"twitter:data1\" content=\"1 minute\" \/>\n<script type=\"application\/ld+json\" class=\"yoast-schema-graph\">{\"@context\":\"https:\/\/schema.org\",\"@graph\":[{\"@type\":\"WebPage\",\"@id\":\"https:\/\/akum.lv\/en\/prece\/exide-ek600-agm-start-stop-12v-60ah-en-680a-l242-w175-h190-akumulators-kopirovat\/\",\"url\":\"https:\/\/akum.lv\/en\/prece\/exide-ek600-agm-start-stop-12v-60ah-en-680a-l242-w175-h190-akumulators-kopirovat\/\",\"name\":\"EXIDE-EK620 AGM Start & Stop 12V-62Ah \/ EN 680A \/ L242 \/ W175 \/ H190 Akumulators (-\/+) - www.akum.lv\",\"isPartOf\":{\"@id\":\"https:\/\/akum.lv\/#website\"},\"primaryImageOfPage\":{\"@id\":\"https:\/\/akum.lv\/en\/prece\/exide-ek600-agm-start-stop-12v-60ah-en-680a-l242-w175-h190-akumulators-kopirovat\/#primaryimage\"},\"image\":{\"@id\":\"https:\/\/akum.lv\/en\/prece\/exide-ek600-agm-start-stop-12v-60ah-en-680a-l242-w175-h190-akumulators-kopirovat\/#primaryimage\"},\"thumbnailUrl\":\"https:\/\/akum.lv\/wp-content\/uploads\/2021\/09\/ek620.jpg\",\"datePublished\":\"2021-09-22T10:36:57+00:00\",\"dateModified\":\"2025-12-03T09:23:52+00:00\",\"breadcrumb\":{\"@id\":\"https:\/\/akum.lv\/en\/prece\/exide-ek600-agm-start-stop-12v-60ah-en-680a-l242-w175-h190-akumulators-kopirovat\/#breadcrumb\"},\"inLanguage\":\"en-US\",\"potentialAction\":[{\"@type\":\"ReadAction\",\"target\":[\"https:\/\/akum.lv\/en\/prece\/exide-ek600-agm-start-stop-12v-60ah-en-680a-l242-w175-h190-akumulators-kopirovat\/\"]}]},{\"@type\":\"ImageObject\",\"inLanguage\":\"en-US\",\"@id\":\"https:\/\/akum.lv\/en\/prece\/exide-ek600-agm-start-stop-12v-60ah-en-680a-l242-w175-h190-akumulators-kopirovat\/#primaryimage\",\"url\":\"https:\/\/akum.lv\/wp-content\/uploads\/2021\/09\/ek620.jpg\",\"contentUrl\":\"https:\/\/akum.lv\/wp-content\/uploads\/2021\/09\/ek620.jpg\",\"width\":400,\"height\":368},{\"@type\":\"BreadcrumbList\",\"@id\":\"https:\/\/akum.lv\/en\/prece\/exide-ek600-agm-start-stop-12v-60ah-en-680a-l242-w175-h190-akumulators-kopirovat\/#breadcrumb\",\"itemListElement\":[{\"@type\":\"ListItem\",\"position\":1,\"name\":\"\u0413\u043b\u0430\u0432\u043d\u0430\u044f \u0441\u0442\u0440\u0430\u043d\u0438\u0446\u0430\",\"item\":\"https:\/\/akum.lv\/en\/\"},{\"@type\":\"ListItem\",\"position\":2,\"name\":\"PRECES\",\"item\":\"https:\/\/akum.lv\/produkti-preces\/\"},{\"@type\":\"ListItem\",\"position\":3,\"name\":\"EXIDE-EK620 AGM Start &#038; Stop 12V-62Ah \/ EN 680A \/ L242 \/ W175 \/ H190 Akumulators (-\/+)\"}]},{\"@type\":\"WebSite\",\"@id\":\"https:\/\/akum.lv\/#website\",\"url\":\"https:\/\/akum.lv\/\",\"name\":\"www.akum.lv\",\"description\":\"Akumulatoru p\u0101rdev\u0113js | \u041f\u0440\u043e\u0434\u0430\u0432\u0435\u0446 \u0430\u043a\u043a\u0443\u043c\u0443\u043b\u044f\u0442\u043e\u0440\u043e\u0432 | Battery seller\",\"publisher\":{\"@id\":\"https:\/\/akum.lv\/#organization\"},\"potentialAction\":[{\"@type\":\"SearchAction\",\"target\":{\"@type\":\"EntryPoint\",\"urlTemplate\":\"https:\/\/akum.lv\/?s={search_term_string}\"},\"query-input\":{\"@type\":\"PropertyValueSpecification\",\"valueRequired\":true,\"valueName\":\"search_term_string\"}}],\"inLanguage\":\"en-US\"},{\"@type\":\"Organization\",\"@id\":\"https:\/\/akum.lv\/#organization\",\"name\":\"HubEnergy\",\"url\":\"https:\/\/akum.lv\/\",\"logo\":{\"@type\":\"ImageObject\",\"inLanguage\":\"en-US\",\"@id\":\"https:\/\/akum.lv\/#\/schema\/logo\/image\/\",\"url\":\"https:\/\/akum.lv\/wp-content\/uploads\/2018\/08\/Logo-hub-energy-2018-seller-dark-blue.png\",\"contentUrl\":\"https:\/\/akum.lv\/wp-content\/uploads\/2018\/08\/Logo-hub-energy-2018-seller-dark-blue.png\",\"width\":381,\"height\":75,\"caption\":\"HubEnergy\"},\"image\":{\"@id\":\"https:\/\/akum.lv\/#\/schema\/logo\/image\/\"}}]}<\/script>\n<!-- \/ Yoast SEO plugin. -->","yoast_head_json":{"title":"EXIDE-EK620 AGM Start & Stop 12V-62Ah \/ EN 680A \/ L242 \/ W175 \/ H190 Akumulators (-\/+) - www.akum.lv","robots":{"index":"index","follow":"follow","max-snippet":"max-snippet:-1","max-image-preview":"max-image-preview:large","max-video-preview":"max-video-preview:-1"},"canonical":"https:\/\/akum.lv\/en\/prece\/exide-ek600-agm-start-stop-12v-60ah-en-680a-l242-w175-h190-akumulators-kopirovat\/","og_locale":"en_US","og_type":"article","og_title":"EXIDE-EK620 AGM Start & Stop 12V-62Ah \/ EN 680A \/ L242 \/ W175 \/ H190 Akumulators (-\/+) - www.akum.lv","og_description":"EXIDE-EK600 AGM Start &amp; Stop 12V-60Ah \/ EN 680A \/ L242 \/ W175 \/ H190 Akumulators (-\/+)  \u00a0\u2013 EXIDE Light Vehicle_Battery Solutions   - EK620_pdf  Garantija 24 m\u0113ne\u0161i; \u0413\u0430\u0440\u0430\u043d\u0442\u0438\u044f 24 \u043c\u0435\u0441\u044f\u0446\u0430  M\u0113s garant\u0113jam, ka pie mums ieg\u0101d\u0101tais akumulators ir jauns un piln\u012bb\u0101 gatavs lieto\u0161anai! Pirms nodo\u0161anas pirc\u0113jam akumulatoram tiek veikts demonstr\u0101cijas tests! P\u0101rbaudi veic \u012bpa\u0161s profesion\u0101ls testeris, kas par\u0101d\u012bs akumulatora patieso st\u0101vokli.  \u041c\u044b \u0433\u0430\u0440\u0430\u043d\u0442\u0438\u0440\u0443\u0435\u043c, \u0447\u0442\u043e \u043f\u0440\u0438\u043e\u0431\u0440\u0435\u0442\u0435\u043d\u043d\u044b\u0439 \u0443 \u043d\u0430\u0441 \u0430\u043a\u043a\u0443\u043c\u0443\u043b\u044f\u0442\u043e\u0440 \u043d\u043e\u0432\u044b\u0439 \u0438 \u043f\u043e\u043b\u043d\u043e\u0441\u0442\u044c\u044e \u0433\u043e\u0442\u043e\u0432 \u043a \u0440\u0430\u0431\u043e\u0442\u0435! \u0410\u043a\u043a\u0443\u043c\u0443\u043b\u044f\u0442\u043e\u0440 \u043f\u0435\u0440\u0435\u0434 \u043f\u0435\u0440\u0435\u0434\u0430\u0447\u0435\u0439 \u0437\u0430\u043a\u0430\u0437\u0447\u0438\u043a\u0443 \u043f\u0440\u043e\u0445\u043e\u0434\u0438\u0442 \u0434\u0435\u043c\u043e\u043d\u0441\u0442\u0440\u0430\u0446\u0438\u043e\u043d\u043d\u044b\u0439 \u0442\u0435\u0441\u0442! \u0422\u0435\u0441\u0442 \u043f\u0440\u043e\u0432\u043e\u0434\u0438\u0442\u0441\u044f \u0441\u043f\u0435\u0446\u0438\u0430\u043b\u044c\u043d\u044b\u043c \u043f\u0440\u043e\u0444\u0435\u0441\u0441\u0438\u043e\u043d\u0430\u043b\u044c\u043d\u044b\u043c \u0442\u0435\u0441\u0442\u0435\u0440\u043e\u043c, \u043a\u043e\u0442\u043e\u0440\u044b\u0439 \u043f\u043e\u043a\u0430\u0436\u0435\u0442 \u0440\u0435\u0430\u043b\u044c\u043d\u043e\u0435 \u0441\u043e\u0441\u0442\u043e\u044f\u043d\u0438\u0435 \u0430\u043a\u043a\u0443\u043c\u0443\u043b\u044f\u0442\u043e\u0440\u0430.","og_url":"https:\/\/akum.lv\/en\/prece\/exide-ek600-agm-start-stop-12v-60ah-en-680a-l242-w175-h190-akumulators-kopirovat\/","og_site_name":"www.akum.lv","article_modified_time":"2025-12-03T09:23:52+00:00","og_image":[{"width":400,"height":368,"url":"https:\/\/akum.lv\/wp-content\/uploads\/2021\/09\/ek620.jpg","type":"image\/jpeg"}],"twitter_card":"summary_large_image","twitter_misc":{"Est. reading time":"1 minute"},"schema":{"@context":"https:\/\/schema.org","@graph":[{"@type":"WebPage","@id":"https:\/\/akum.lv\/en\/prece\/exide-ek600-agm-start-stop-12v-60ah-en-680a-l242-w175-h190-akumulators-kopirovat\/","url":"https:\/\/akum.lv\/en\/prece\/exide-ek600-agm-start-stop-12v-60ah-en-680a-l242-w175-h190-akumulators-kopirovat\/","name":"EXIDE-EK620 AGM Start & Stop 12V-62Ah \/ EN 680A \/ L242 \/ W175 \/ H190 Akumulators (-\/+) - www.akum.lv","isPartOf":{"@id":"https:\/\/akum.lv\/#website"},"primaryImageOfPage":{"@id":"https:\/\/akum.lv\/en\/prece\/exide-ek600-agm-start-stop-12v-60ah-en-680a-l242-w175-h190-akumulators-kopirovat\/#primaryimage"},"image":{"@id":"https:\/\/akum.lv\/en\/prece\/exide-ek600-agm-start-stop-12v-60ah-en-680a-l242-w175-h190-akumulators-kopirovat\/#primaryimage"},"thumbnailUrl":"https:\/\/akum.lv\/wp-content\/uploads\/2021\/09\/ek620.jpg","datePublished":"2021-09-22T10:36:57+00:00","dateModified":"2025-12-03T09:23:52+00:00","breadcrumb":{"@id":"https:\/\/akum.lv\/en\/prece\/exide-ek600-agm-start-stop-12v-60ah-en-680a-l242-w175-h190-akumulators-kopirovat\/#breadcrumb"},"inLanguage":"en-US","potentialAction":[{"@type":"ReadAction","target":["https:\/\/akum.lv\/en\/prece\/exide-ek600-agm-start-stop-12v-60ah-en-680a-l242-w175-h190-akumulators-kopirovat\/"]}]},{"@type":"ImageObject","inLanguage":"en-US","@id":"https:\/\/akum.lv\/en\/prece\/exide-ek600-agm-start-stop-12v-60ah-en-680a-l242-w175-h190-akumulators-kopirovat\/#primaryimage","url":"https:\/\/akum.lv\/wp-content\/uploads\/2021\/09\/ek620.jpg","contentUrl":"https:\/\/akum.lv\/wp-content\/uploads\/2021\/09\/ek620.jpg","width":400,"height":368},{"@type":"BreadcrumbList","@id":"https:\/\/akum.lv\/en\/prece\/exide-ek600-agm-start-stop-12v-60ah-en-680a-l242-w175-h190-akumulators-kopirovat\/#breadcrumb","itemListElement":[{"@type":"ListItem","position":1,"name":"\u0413\u043b\u0430\u0432\u043d\u0430\u044f \u0441\u0442\u0440\u0430\u043d\u0438\u0446\u0430","item":"https:\/\/akum.lv\/en\/"},{"@type":"ListItem","position":2,"name":"PRECES","item":"https:\/\/akum.lv\/produkti-preces\/"},{"@type":"ListItem","position":3,"name":"EXIDE-EK620 AGM Start &#038; Stop 12V-62Ah \/ EN 680A \/ L242 \/ W175 \/ H190 Akumulators (-\/+)"}]},{"@type":"WebSite","@id":"https:\/\/akum.lv\/#website","url":"https:\/\/akum.lv\/","name":"www.akum.lv","description":"Akumulatoru p\u0101rdev\u0113js | \u041f\u0440\u043e\u0434\u0430\u0432\u0435\u0446 \u0430\u043a\u043a\u0443\u043c\u0443\u043b\u044f\u0442\u043e\u0440\u043e\u0432 | Battery seller","publisher":{"@id":"https:\/\/akum.lv\/#organization"},"potentialAction":[{"@type":"SearchAction","target":{"@type":"EntryPoint","urlTemplate":"https:\/\/akum.lv\/?s={search_term_string}"},"query-input":{"@type":"PropertyValueSpecification","valueRequired":true,"valueName":"search_term_string"}}],"inLanguage":"en-US"},{"@type":"Organization","@id":"https:\/\/akum.lv\/#organization","name":"HubEnergy","url":"https:\/\/akum.lv\/","logo":{"@type":"ImageObject","inLanguage":"en-US","@id":"https:\/\/akum.lv\/#\/schema\/logo\/image\/","url":"https:\/\/akum.lv\/wp-content\/uploads\/2018\/08\/Logo-hub-energy-2018-seller-dark-blue.png","contentUrl":"https:\/\/akum.lv\/wp-content\/uploads\/2018\/08\/Logo-hub-energy-2018-seller-dark-blue.png","width":381,"height":75,"caption":"HubEnergy"},"image":{"@id":"https:\/\/akum.lv\/#\/schema\/logo\/image\/"}}]}},"brands":[{"id":337,"name":"EXIDE TECHNOLOGIES","slug":"exide-technologies-en"}],"_links":{"self":[{"href":"https:\/\/akum.lv\/en\/wp-json\/wp\/v2\/product\/10831","targetHints":{"allow":["GET"]}}],"collection":[{"href":"https:\/\/akum.lv\/en\/wp-json\/wp\/v2\/product"}],"about":[{"href":"https:\/\/akum.lv\/en\/wp-json\/wp\/v2\/types\/product"}],"wp:featuredmedia":[{"embeddable":true,"href":"https:\/\/akum.lv\/en\/wp-json\/wp\/v2\/media\/16156"}],"wp:attachment":[{"href":"https:\/\/akum.lv\/en\/wp-json\/wp\/v2\/media?parent=10831"}],"wp:term":[{"taxonomy":"pwb-brand","embeddable":true,"href":"https:\/\/akum.lv\/en\/wp-json\/wp\/v2\/pwb-brand?post=10831"},{"taxonomy":"product_brand","embeddable":true,"href":"https:\/\/akum.lv\/en\/wp-json\/wp\/v2\/product_brand?post=10831"},{"taxonomy":"product_cat","embeddable":true,"href":"https:\/\/akum.lv\/en\/wp-json\/wp\/v2\/product_cat?post=10831"},{"taxonomy":"product_tag","embeddable":true,"href":"https:\/\/akum.lv\/en\/wp-json\/wp\/v2\/product_tag?post=10831"}],"curies":[{"name":"wp","href":"https:\/\/api.w.org\/{rel}","templated":true}]}}