{"id":10465,"date":"2021-06-14T09:50:36","date_gmt":"2021-06-14T09:50:36","guid":{"rendered":"https:\/\/akum.lv\/product\/lotus-tc-12-universal-charger-12v-2a-6a-12a-24v-2a-6a-led-indication-ip65-ladesanas-ierice\/"},"modified":"2025-07-24T11:00:16","modified_gmt":"2025-07-24T11:00:16","slug":"lotus-tc-12-universal-charger-12v-2a-6a-12a-24v-2a-6a-led-indication-ip65-ladesanas-ierice","status":"publish","type":"product","link":"https:\/\/akum.lv\/en\/prece\/lotus-tc-12-universal-charger-12v-2a-6a-12a-24v-2a-6a-led-indication-ip65-ladesanas-ierice\/","title":{"rendered":"LOTUS TC-12 universal charger 12V-2A-6A-12A\/24V-2A-6A LED indication (IP65) l\u0101d\u0113\u0161anas ier\u012bce"},"content":{"rendered":"","protected":false},"excerpt":{"rendered":"<p>LOTUS TC-12 universal charger 12V-2A-6A-12A\/24V-2A-6A LED indication (IP65) l\u0101d\u0113\u0161anas ier\u012bce<\/p>\n<p>LOTUS TC-12 l\u0101d\u0113t\u0101js bija apr\u012bkots ar t\u0101d\u0101m funkcij\u0101m k\u0101:<br \/>\nautom\u0101tiski p\u0101rsl\u0113dzas uz apkopes \/ miega re\u017e\u012bmu.<br \/>\n\u0430tbalst\u012bt visu veidu svina sk\u0101bes, GEL un AGM baterijas.<br \/>\nuzl\u0101des indikators un darb\u012bba<br \/>\naizsardz\u012bba pret p\u0101rslodzi<br \/>\n\u012bssl\u0113guma aizsardz\u012bba<br \/>\npret\u0113j\u0101 polarit\u0101tes aizsardz\u012bba<br \/>\nsealed IP65 kompaktais korpuss (\u016bdensnecaurlaid\u012bgs)<br \/>\nfunkciju atjaunot dzi\u013ci izl\u0101d\u0113jies akumulators.<\/p>\n<p>Modelis: TC-12<br \/>\nIeejas spriegums: 220 &#8211; 240 V ~ 50\/60 Hz<br \/>\nIzejas spriegums: 12 V \/ 24 V<br \/>\n12V &#8211; 2A \/ 6A \/ 12A<br \/>\n24V &#8211; 2A \/ 6A<br \/>\nUzglab\u0101\u0161anas temperat\u016bras diapazons: no 0 \u00b0 C l\u012bdz 40 \u00b0 C<br \/>\nDro\u0161\u012bbas klase: 2<br \/>\nAtbalst\u012bt\u0101 akumulatora jauda: 12 V 20 Ah &#8211; 180 Ah<br \/>\nAtbalst\u012bt\u0101 akumulatora jauda: 24 V 20 Ah &#8211; 100 Ah<br \/>\nNomin\u0101l\u0101 jauda: 240W<br \/>\nUzl\u0101des str\u0101va: 1.0A \/ 5.0A<\/p>\n","protected":false},"featured_media":10457,"template":"","meta":[],"pwb-brand":[694],"product_brand":[],"product_cat":[252],"product_tag":[],"class_list":{"0":"post-10465","1":"product","2":"type-product","3":"status-publish","4":"has-post-thumbnail","6":"pwb-brand-lotus-en","7":"product_cat-chargers-for-lead-acid-and-lifepo4-batteries","8":"pif-has-gallery","10":"first","11":"instock","12":"taxable","13":"shipping-taxable","14":"purchasable","15":"product-type-simple"},"yoast_head":"<!-- This site is optimized with the Yoast SEO plugin v26.7 - https:\/\/yoast.com\/wordpress\/plugins\/seo\/ -->\n<title>LOTUS TC-12 universal charger 12V-2A-6A-12A\/24V-2A-6A LED indication (IP65) l\u0101d\u0113\u0161anas ier\u012bce - www.akum.lv<\/title>\n<meta name=\"robots\" content=\"index, follow, max-snippet:-1, max-image-preview:large, max-video-preview:-1\" \/>\n<link rel=\"canonical\" href=\"https:\/\/akum.lv\/en\/prece\/lotus-tc-12-universal-charger-12v-2a-6a-12a-24v-2a-6a-led-indication-ip65-ladesanas-ierice\/\" \/>\n<meta property=\"og:locale\" content=\"en_US\" \/>\n<meta property=\"og:type\" content=\"article\" \/>\n<meta property=\"og:title\" content=\"LOTUS TC-12 universal charger 12V-2A-6A-12A\/24V-2A-6A LED indication (IP65) l\u0101d\u0113\u0161anas ier\u012bce - www.akum.lv\" \/>\n<meta property=\"og:description\" content=\"LOTUS TC-12 universal charger 12V-2A-6A-12A\/24V-2A-6A LED indication (IP65) l\u0101d\u0113\u0161anas ier\u012bce  LOTUS TC-12 l\u0101d\u0113t\u0101js bija apr\u012bkots ar t\u0101d\u0101m funkcij\u0101m k\u0101: autom\u0101tiski p\u0101rsl\u0113dzas uz apkopes \/ miega re\u017e\u012bmu. \u0430tbalst\u012bt visu veidu svina sk\u0101bes, GEL un AGM baterijas. uzl\u0101des indikators un darb\u012bba aizsardz\u012bba pret p\u0101rslodzi \u012bssl\u0113guma aizsardz\u012bba pret\u0113j\u0101 polarit\u0101tes aizsardz\u012bba sealed IP65 kompaktais korpuss (\u016bdensnecaurlaid\u012bgs) funkciju atjaunot dzi\u013ci izl\u0101d\u0113jies akumulators.  Modelis: TC-12 Ieejas spriegums: 220 - 240 V ~ 50\/60 Hz Izejas spriegums: 12 V \/ 24 V 12V - 2A \/ 6A \/ 12A 24V - 2A \/ 6A Uzglab\u0101\u0161anas temperat\u016bras diapazons: no 0 \u00b0 C l\u012bdz 40 \u00b0 C Dro\u0161\u012bbas klase: 2 Atbalst\u012bt\u0101 akumulatora jauda: 12 V 20 Ah - 180 Ah Atbalst\u012bt\u0101 akumulatora jauda: 24 V 20 Ah - 100 Ah Nomin\u0101l\u0101 jauda: 240W Uzl\u0101des str\u0101va: 1.0A \/ 5.0A\" \/>\n<meta property=\"og:url\" content=\"https:\/\/akum.lv\/en\/prece\/lotus-tc-12-universal-charger-12v-2a-6a-12a-24v-2a-6a-led-indication-ip65-ladesanas-ierice\/\" \/>\n<meta property=\"og:site_name\" content=\"www.akum.lv\" \/>\n<meta property=\"article:modified_time\" content=\"2025-07-24T11:00:16+00:00\" \/>\n<meta property=\"og:image\" content=\"https:\/\/akum.lv\/wp-content\/uploads\/2021\/06\/LOTUS-TC-12.jpg\" \/>\n\t<meta property=\"og:image:width\" content=\"450\" \/>\n\t<meta property=\"og:image:height\" content=\"337\" \/>\n\t<meta property=\"og:image:type\" content=\"image\/jpeg\" \/>\n<meta name=\"twitter:card\" content=\"summary_large_image\" \/>\n<script type=\"application\/ld+json\" class=\"yoast-schema-graph\">{\"@context\":\"https:\/\/schema.org\",\"@graph\":[{\"@type\":\"WebPage\",\"@id\":\"https:\/\/akum.lv\/en\/prece\/lotus-tc-12-universal-charger-12v-2a-6a-12a-24v-2a-6a-led-indication-ip65-ladesanas-ierice\/\",\"url\":\"https:\/\/akum.lv\/en\/prece\/lotus-tc-12-universal-charger-12v-2a-6a-12a-24v-2a-6a-led-indication-ip65-ladesanas-ierice\/\",\"name\":\"LOTUS TC-12 universal charger 12V-2A-6A-12A\/24V-2A-6A LED indication (IP65) l\u0101d\u0113\u0161anas ier\u012bce - www.akum.lv\",\"isPartOf\":{\"@id\":\"https:\/\/akum.lv\/#website\"},\"primaryImageOfPage\":{\"@id\":\"https:\/\/akum.lv\/en\/prece\/lotus-tc-12-universal-charger-12v-2a-6a-12a-24v-2a-6a-led-indication-ip65-ladesanas-ierice\/#primaryimage\"},\"image\":{\"@id\":\"https:\/\/akum.lv\/en\/prece\/lotus-tc-12-universal-charger-12v-2a-6a-12a-24v-2a-6a-led-indication-ip65-ladesanas-ierice\/#primaryimage\"},\"thumbnailUrl\":\"https:\/\/akum.lv\/wp-content\/uploads\/2021\/06\/LOTUS-TC-12.jpg\",\"datePublished\":\"2021-06-14T09:50:36+00:00\",\"dateModified\":\"2025-07-24T11:00:16+00:00\",\"breadcrumb\":{\"@id\":\"https:\/\/akum.lv\/en\/prece\/lotus-tc-12-universal-charger-12v-2a-6a-12a-24v-2a-6a-led-indication-ip65-ladesanas-ierice\/#breadcrumb\"},\"inLanguage\":\"en-US\",\"potentialAction\":[{\"@type\":\"ReadAction\",\"target\":[\"https:\/\/akum.lv\/en\/prece\/lotus-tc-12-universal-charger-12v-2a-6a-12a-24v-2a-6a-led-indication-ip65-ladesanas-ierice\/\"]}]},{\"@type\":\"ImageObject\",\"inLanguage\":\"en-US\",\"@id\":\"https:\/\/akum.lv\/en\/prece\/lotus-tc-12-universal-charger-12v-2a-6a-12a-24v-2a-6a-led-indication-ip65-ladesanas-ierice\/#primaryimage\",\"url\":\"https:\/\/akum.lv\/wp-content\/uploads\/2021\/06\/LOTUS-TC-12.jpg\",\"contentUrl\":\"https:\/\/akum.lv\/wp-content\/uploads\/2021\/06\/LOTUS-TC-12.jpg\",\"width\":450,\"height\":337},{\"@type\":\"BreadcrumbList\",\"@id\":\"https:\/\/akum.lv\/en\/prece\/lotus-tc-12-universal-charger-12v-2a-6a-12a-24v-2a-6a-led-indication-ip65-ladesanas-ierice\/#breadcrumb\",\"itemListElement\":[{\"@type\":\"ListItem\",\"position\":1,\"name\":\"\u0413\u043b\u0430\u0432\u043d\u0430\u044f \u0441\u0442\u0440\u0430\u043d\u0438\u0446\u0430\",\"item\":\"https:\/\/akum.lv\/en\/\"},{\"@type\":\"ListItem\",\"position\":2,\"name\":\"PRECES\",\"item\":\"https:\/\/akum.lv\/produkti-preces\/\"},{\"@type\":\"ListItem\",\"position\":3,\"name\":\"LOTUS TC-12 universal charger 12V-2A-6A-12A\/24V-2A-6A LED indication (IP65) l\u0101d\u0113\u0161anas ier\u012bce\"}]},{\"@type\":\"WebSite\",\"@id\":\"https:\/\/akum.lv\/#website\",\"url\":\"https:\/\/akum.lv\/\",\"name\":\"www.akum.lv\",\"description\":\"Akumulatoru p\u0101rdev\u0113js | \u041f\u0440\u043e\u0434\u0430\u0432\u0435\u0446 \u0430\u043a\u043a\u0443\u043c\u0443\u043b\u044f\u0442\u043e\u0440\u043e\u0432 | Battery seller\",\"publisher\":{\"@id\":\"https:\/\/akum.lv\/#organization\"},\"potentialAction\":[{\"@type\":\"SearchAction\",\"target\":{\"@type\":\"EntryPoint\",\"urlTemplate\":\"https:\/\/akum.lv\/?s={search_term_string}\"},\"query-input\":{\"@type\":\"PropertyValueSpecification\",\"valueRequired\":true,\"valueName\":\"search_term_string\"}}],\"inLanguage\":\"en-US\"},{\"@type\":\"Organization\",\"@id\":\"https:\/\/akum.lv\/#organization\",\"name\":\"HubEnergy\",\"url\":\"https:\/\/akum.lv\/\",\"logo\":{\"@type\":\"ImageObject\",\"inLanguage\":\"en-US\",\"@id\":\"https:\/\/akum.lv\/#\/schema\/logo\/image\/\",\"url\":\"https:\/\/akum.lv\/wp-content\/uploads\/2018\/08\/Logo-hub-energy-2018-seller-dark-blue.png\",\"contentUrl\":\"https:\/\/akum.lv\/wp-content\/uploads\/2018\/08\/Logo-hub-energy-2018-seller-dark-blue.png\",\"width\":381,\"height\":75,\"caption\":\"HubEnergy\"},\"image\":{\"@id\":\"https:\/\/akum.lv\/#\/schema\/logo\/image\/\"}}]}<\/script>\n<!-- \/ Yoast SEO plugin. -->","yoast_head_json":{"title":"LOTUS TC-12 universal charger 12V-2A-6A-12A\/24V-2A-6A LED indication (IP65) l\u0101d\u0113\u0161anas ier\u012bce - www.akum.lv","robots":{"index":"index","follow":"follow","max-snippet":"max-snippet:-1","max-image-preview":"max-image-preview:large","max-video-preview":"max-video-preview:-1"},"canonical":"https:\/\/akum.lv\/en\/prece\/lotus-tc-12-universal-charger-12v-2a-6a-12a-24v-2a-6a-led-indication-ip65-ladesanas-ierice\/","og_locale":"en_US","og_type":"article","og_title":"LOTUS TC-12 universal charger 12V-2A-6A-12A\/24V-2A-6A LED indication (IP65) l\u0101d\u0113\u0161anas ier\u012bce - www.akum.lv","og_description":"LOTUS TC-12 universal charger 12V-2A-6A-12A\/24V-2A-6A LED indication (IP65) l\u0101d\u0113\u0161anas ier\u012bce  LOTUS TC-12 l\u0101d\u0113t\u0101js bija apr\u012bkots ar t\u0101d\u0101m funkcij\u0101m k\u0101: autom\u0101tiski p\u0101rsl\u0113dzas uz apkopes \/ miega re\u017e\u012bmu. \u0430tbalst\u012bt visu veidu svina sk\u0101bes, GEL un AGM baterijas. uzl\u0101des indikators un darb\u012bba aizsardz\u012bba pret p\u0101rslodzi \u012bssl\u0113guma aizsardz\u012bba pret\u0113j\u0101 polarit\u0101tes aizsardz\u012bba sealed IP65 kompaktais korpuss (\u016bdensnecaurlaid\u012bgs) funkciju atjaunot dzi\u013ci izl\u0101d\u0113jies akumulators.  Modelis: TC-12 Ieejas spriegums: 220 - 240 V ~ 50\/60 Hz Izejas spriegums: 12 V \/ 24 V 12V - 2A \/ 6A \/ 12A 24V - 2A \/ 6A Uzglab\u0101\u0161anas temperat\u016bras diapazons: no 0 \u00b0 C l\u012bdz 40 \u00b0 C Dro\u0161\u012bbas klase: 2 Atbalst\u012bt\u0101 akumulatora jauda: 12 V 20 Ah - 180 Ah Atbalst\u012bt\u0101 akumulatora jauda: 24 V 20 Ah - 100 Ah Nomin\u0101l\u0101 jauda: 240W Uzl\u0101des str\u0101va: 1.0A \/ 5.0A","og_url":"https:\/\/akum.lv\/en\/prece\/lotus-tc-12-universal-charger-12v-2a-6a-12a-24v-2a-6a-led-indication-ip65-ladesanas-ierice\/","og_site_name":"www.akum.lv","article_modified_time":"2025-07-24T11:00:16+00:00","og_image":[{"width":450,"height":337,"url":"https:\/\/akum.lv\/wp-content\/uploads\/2021\/06\/LOTUS-TC-12.jpg","type":"image\/jpeg"}],"twitter_card":"summary_large_image","schema":{"@context":"https:\/\/schema.org","@graph":[{"@type":"WebPage","@id":"https:\/\/akum.lv\/en\/prece\/lotus-tc-12-universal-charger-12v-2a-6a-12a-24v-2a-6a-led-indication-ip65-ladesanas-ierice\/","url":"https:\/\/akum.lv\/en\/prece\/lotus-tc-12-universal-charger-12v-2a-6a-12a-24v-2a-6a-led-indication-ip65-ladesanas-ierice\/","name":"LOTUS TC-12 universal charger 12V-2A-6A-12A\/24V-2A-6A LED indication (IP65) l\u0101d\u0113\u0161anas ier\u012bce - www.akum.lv","isPartOf":{"@id":"https:\/\/akum.lv\/#website"},"primaryImageOfPage":{"@id":"https:\/\/akum.lv\/en\/prece\/lotus-tc-12-universal-charger-12v-2a-6a-12a-24v-2a-6a-led-indication-ip65-ladesanas-ierice\/#primaryimage"},"image":{"@id":"https:\/\/akum.lv\/en\/prece\/lotus-tc-12-universal-charger-12v-2a-6a-12a-24v-2a-6a-led-indication-ip65-ladesanas-ierice\/#primaryimage"},"thumbnailUrl":"https:\/\/akum.lv\/wp-content\/uploads\/2021\/06\/LOTUS-TC-12.jpg","datePublished":"2021-06-14T09:50:36+00:00","dateModified":"2025-07-24T11:00:16+00:00","breadcrumb":{"@id":"https:\/\/akum.lv\/en\/prece\/lotus-tc-12-universal-charger-12v-2a-6a-12a-24v-2a-6a-led-indication-ip65-ladesanas-ierice\/#breadcrumb"},"inLanguage":"en-US","potentialAction":[{"@type":"ReadAction","target":["https:\/\/akum.lv\/en\/prece\/lotus-tc-12-universal-charger-12v-2a-6a-12a-24v-2a-6a-led-indication-ip65-ladesanas-ierice\/"]}]},{"@type":"ImageObject","inLanguage":"en-US","@id":"https:\/\/akum.lv\/en\/prece\/lotus-tc-12-universal-charger-12v-2a-6a-12a-24v-2a-6a-led-indication-ip65-ladesanas-ierice\/#primaryimage","url":"https:\/\/akum.lv\/wp-content\/uploads\/2021\/06\/LOTUS-TC-12.jpg","contentUrl":"https:\/\/akum.lv\/wp-content\/uploads\/2021\/06\/LOTUS-TC-12.jpg","width":450,"height":337},{"@type":"BreadcrumbList","@id":"https:\/\/akum.lv\/en\/prece\/lotus-tc-12-universal-charger-12v-2a-6a-12a-24v-2a-6a-led-indication-ip65-ladesanas-ierice\/#breadcrumb","itemListElement":[{"@type":"ListItem","position":1,"name":"\u0413\u043b\u0430\u0432\u043d\u0430\u044f \u0441\u0442\u0440\u0430\u043d\u0438\u0446\u0430","item":"https:\/\/akum.lv\/en\/"},{"@type":"ListItem","position":2,"name":"PRECES","item":"https:\/\/akum.lv\/produkti-preces\/"},{"@type":"ListItem","position":3,"name":"LOTUS TC-12 universal charger 12V-2A-6A-12A\/24V-2A-6A LED indication (IP65) l\u0101d\u0113\u0161anas ier\u012bce"}]},{"@type":"WebSite","@id":"https:\/\/akum.lv\/#website","url":"https:\/\/akum.lv\/","name":"www.akum.lv","description":"Akumulatoru p\u0101rdev\u0113js | \u041f\u0440\u043e\u0434\u0430\u0432\u0435\u0446 \u0430\u043a\u043a\u0443\u043c\u0443\u043b\u044f\u0442\u043e\u0440\u043e\u0432 | Battery seller","publisher":{"@id":"https:\/\/akum.lv\/#organization"},"potentialAction":[{"@type":"SearchAction","target":{"@type":"EntryPoint","urlTemplate":"https:\/\/akum.lv\/?s={search_term_string}"},"query-input":{"@type":"PropertyValueSpecification","valueRequired":true,"valueName":"search_term_string"}}],"inLanguage":"en-US"},{"@type":"Organization","@id":"https:\/\/akum.lv\/#organization","name":"HubEnergy","url":"https:\/\/akum.lv\/","logo":{"@type":"ImageObject","inLanguage":"en-US","@id":"https:\/\/akum.lv\/#\/schema\/logo\/image\/","url":"https:\/\/akum.lv\/wp-content\/uploads\/2018\/08\/Logo-hub-energy-2018-seller-dark-blue.png","contentUrl":"https:\/\/akum.lv\/wp-content\/uploads\/2018\/08\/Logo-hub-energy-2018-seller-dark-blue.png","width":381,"height":75,"caption":"HubEnergy"},"image":{"@id":"https:\/\/akum.lv\/#\/schema\/logo\/image\/"}}]}},"brands":[{"id":694,"name":"LOTUS","slug":"lotus-en"}],"_links":{"self":[{"href":"https:\/\/akum.lv\/en\/wp-json\/wp\/v2\/product\/10465","targetHints":{"allow":["GET"]}}],"collection":[{"href":"https:\/\/akum.lv\/en\/wp-json\/wp\/v2\/product"}],"about":[{"href":"https:\/\/akum.lv\/en\/wp-json\/wp\/v2\/types\/product"}],"wp:featuredmedia":[{"embeddable":true,"href":"https:\/\/akum.lv\/en\/wp-json\/wp\/v2\/media\/10457"}],"wp:attachment":[{"href":"https:\/\/akum.lv\/en\/wp-json\/wp\/v2\/media?parent=10465"}],"wp:term":[{"taxonomy":"pwb-brand","embeddable":true,"href":"https:\/\/akum.lv\/en\/wp-json\/wp\/v2\/pwb-brand?post=10465"},{"taxonomy":"product_brand","embeddable":true,"href":"https:\/\/akum.lv\/en\/wp-json\/wp\/v2\/product_brand?post=10465"},{"taxonomy":"product_cat","embeddable":true,"href":"https:\/\/akum.lv\/en\/wp-json\/wp\/v2\/product_cat?post=10465"},{"taxonomy":"product_tag","embeddable":true,"href":"https:\/\/akum.lv\/en\/wp-json\/wp\/v2\/product_tag?post=10465"}],"curies":[{"name":"wp","href":"https:\/\/api.w.org\/{rel}","templated":true}]}}