{"id":10332,"date":"2021-05-13T14:47:33","date_gmt":"2021-05-13T14:47:33","guid":{"rendered":"https:\/\/akum.lv\/product\/reco-stc-10-universal-charger-12v-2a-5a-10a-24v-2a-5a-lcd-display-ip65-ladesanas-ierice\/"},"modified":"2025-07-24T10:54:29","modified_gmt":"2025-07-24T10:54:29","slug":"reco-stc-10-universal-charger-12v-2a-5a-10a-24v-2a-5a-lcd-display-ip65-ladesanas-ierice","status":"publish","type":"product","link":"https:\/\/akum.lv\/en\/prece\/reco-stc-10-universal-charger-12v-2a-5a-10a-24v-2a-5a-lcd-display-ip65-ladesanas-ierice\/","title":{"rendered":"RECO STC-10 Universal charger 12V-2A;5A;10A\/24V-2A;5A LCD display (IP65) l\u0101d\u0113\u0161anas ier\u012bce"},"content":{"rendered":"","protected":false},"excerpt":{"rendered":"<p>RECO STC-10 Universal charger 12V-2A;5A;10A\/24V-2A;5A LCD display (IP65) l\u0101d\u0113\u0161anas ier\u012bce<\/p>\n<p>Autom\u0101tiskais l\u0101d\u0113t\u0101js (taisngriezis) 2A\/5A\/10A, paredz\u0113ts 12V un 2A\/5A paredz\u0113ts 24V svina-sk\u0101bes akumulatoru uzl\u0101d\u0113\u0161anai. Iek\u013cautas ar\u012b bez apkopes veiktas VRLA baterijas (AGM un GEL), \u0161\u0137idr\u0101s sk\u0101bes elektrol\u012bta baterijas un MF (bez apkopes) baterijas.<\/p>\n<p>Izgatavot\u0101js neatbild par zaud\u0113jumiem, kas radu\u0161ies nepareizas autom\u0101tisk\u0101 l\u0101d\u0113t\u0101ja lieto\u0161anas d\u0113\u013c. Sadz\u012bves l\u0101d\u0113t\u0101js nav paredz\u0113ts komerci\u0101lai lieto\u0161anai.<\/p>\n<p>Ier\u012bces funkcijas:<br \/>\n&#8211; \u013cauj akumulatoriem uzl\u0101d\u0113t gandr\u012bz pilnu ori\u0123in\u0101lo ietilp\u012bbu<br \/>\n&#8211; piln\u012bb\u0101 autom\u0101tiska uzl\u0101de, diagnostika, sprieguma uztur\u0113\u0161ana un uztur\u0113\u0161anas re\u017e\u012bmi<br \/>\n&#8211; atbilsto\u0161i piesardz\u012bbas pas\u0101kumi pret akumulatoru p\u0101rm\u0113r\u012bgu uzl\u0101di<br \/>\n&#8211; elektroniska aizsardz\u012bba pret lietot\u0101ju k\u013c\u016bd\u0101m<br \/>\n&#8211; aizsardz\u012bba pret dzirksteli, aizsardz\u012bba pret p\u0101rkar\u0161anu un \u012bssavienojumu<br \/>\n&#8211; tam ir ener\u0123ijas \u0123eneratora darb\u012bbas re\u017e\u012bms (13,6 V \/ 4 A) &#8211; JAUDAS RE\u017d\u012aMS 13,6 V<br \/>\n&#8211; 12 V baterijas: \u0161is re\u017e\u012bms ir piem\u0113rots baterij\u0101m ar jaudu 14 &#8211; 230 Ah. Taisngriezis nodro\u0161ina past\u0101v\u012bgu spriegumu 13,6 V. \u0160is re\u017e\u012bms ir noder\u012bgs instal\u0101cij\u0101s, kur nepiecie\u0161ams augst\u0101kais akumulatora l\u012bmenis, piem\u0113ram, elektriskos rati\u0146kr\u0113slos.<br \/>\n&#8211; var uzl\u0101d\u0113t dzi\u013ci izl\u0101d\u0113tas baterijas (5 V)<\/p>\n<p>Ier\u012bces parametri un tehniskie dati:<br \/>\nIeejas spriegums 200 &#8211; 260 V, 50 Hz<br \/>\n12V \/ 24V izejas spriegums (autom\u0101tiskais sl\u0113dzis)<br \/>\nUzl\u0101des spriegums 14.4V \/ 14.7V \/ 28.8V \/ 29.4V<br \/>\nUzl\u0101des l\u012bme\u0146a indik\u0101cija<br \/>\nUzl\u0101des str\u0101va 10A 12V un 5A 24V Jauda 240 W<br \/>\nApk\u0101rt\u0113j\u0101 temperat\u016bra no -10\u00b0C l\u012bdz + 40\u00b0C<br \/>\nIP65 aizsardz\u012bbas pak\u0101pe<\/p>\n<p>&nbsp;<\/p>\n","protected":false},"featured_media":10327,"template":"","meta":[],"pwb-brand":[853],"product_brand":[],"product_cat":[252],"product_tag":[],"class_list":{"0":"post-10332","1":"product","2":"type-product","3":"status-publish","4":"has-post-thumbnail","6":"pwb-brand-reco-polska-en","7":"product_cat-chargers-for-lead-acid-and-lifepo4-batteries","8":"pif-has-gallery","10":"first","11":"instock","12":"taxable","13":"shipping-taxable","14":"purchasable","15":"product-type-simple"},"yoast_head":"<!-- This site is optimized with the Yoast SEO plugin v26.7 - https:\/\/yoast.com\/wordpress\/plugins\/seo\/ -->\n<title>RECO STC-10 Universal charger 12V-2A;5A;10A\/24V-2A;5A LCD display (IP65) l\u0101d\u0113\u0161anas ier\u012bce - www.akum.lv<\/title>\n<meta name=\"robots\" content=\"index, follow, max-snippet:-1, max-image-preview:large, max-video-preview:-1\" \/>\n<link rel=\"canonical\" href=\"https:\/\/akum.lv\/en\/prece\/reco-stc-10-universal-charger-12v-2a-5a-10a-24v-2a-5a-lcd-display-ip65-ladesanas-ierice\/\" \/>\n<meta property=\"og:locale\" content=\"en_US\" \/>\n<meta property=\"og:type\" content=\"article\" \/>\n<meta property=\"og:title\" content=\"RECO STC-10 Universal charger 12V-2A;5A;10A\/24V-2A;5A LCD display (IP65) l\u0101d\u0113\u0161anas ier\u012bce - www.akum.lv\" \/>\n<meta property=\"og:description\" content=\"RECO STC-10 Universal charger 12V-2A;5A;10A\/24V-2A;5A LCD display (IP65) l\u0101d\u0113\u0161anas ier\u012bce  Autom\u0101tiskais l\u0101d\u0113t\u0101js (taisngriezis) 2A\/5A\/10A, paredz\u0113ts 12V un 2A\/5A paredz\u0113ts 24V svina-sk\u0101bes akumulatoru uzl\u0101d\u0113\u0161anai. Iek\u013cautas ar\u012b bez apkopes veiktas VRLA baterijas (AGM un GEL), \u0161\u0137idr\u0101s sk\u0101bes elektrol\u012bta baterijas un MF (bez apkopes) baterijas.  Izgatavot\u0101js neatbild par zaud\u0113jumiem, kas radu\u0161ies nepareizas autom\u0101tisk\u0101 l\u0101d\u0113t\u0101ja lieto\u0161anas d\u0113\u013c. Sadz\u012bves l\u0101d\u0113t\u0101js nav paredz\u0113ts komerci\u0101lai lieto\u0161anai.  Ier\u012bces funkcijas: - \u013cauj akumulatoriem uzl\u0101d\u0113t gandr\u012bz pilnu ori\u0123in\u0101lo ietilp\u012bbu - piln\u012bb\u0101 autom\u0101tiska uzl\u0101de, diagnostika, sprieguma uztur\u0113\u0161ana un uztur\u0113\u0161anas re\u017e\u012bmi - atbilsto\u0161i piesardz\u012bbas pas\u0101kumi pret akumulatoru p\u0101rm\u0113r\u012bgu uzl\u0101di - elektroniska aizsardz\u012bba pret lietot\u0101ju k\u013c\u016bd\u0101m - aizsardz\u012bba pret dzirksteli, aizsardz\u012bba pret p\u0101rkar\u0161anu un \u012bssavienojumu - tam ir ener\u0123ijas \u0123eneratora darb\u012bbas re\u017e\u012bms (13,6 V \/ 4 A) - JAUDAS RE\u017d\u012aMS 13,6 V - 12 V baterijas: \u0161is re\u017e\u012bms ir piem\u0113rots baterij\u0101m ar jaudu 14 - 230 Ah. Taisngriezis nodro\u0161ina past\u0101v\u012bgu spriegumu 13,6 V. \u0160is re\u017e\u012bms ir noder\u012bgs instal\u0101cij\u0101s, kur nepiecie\u0161ams augst\u0101kais akumulatora l\u012bmenis, piem\u0113ram, elektriskos rati\u0146kr\u0113slos. - var uzl\u0101d\u0113t dzi\u013ci izl\u0101d\u0113tas baterijas (5 V)  Ier\u012bces parametri un tehniskie dati: Ieejas spriegums 200 - 260 V, 50 Hz 12V \/ 24V izejas spriegums (autom\u0101tiskais sl\u0113dzis) Uzl\u0101des spriegums 14.4V \/ 14.7V \/ 28.8V \/ 29.4V Uzl\u0101des l\u012bme\u0146a indik\u0101cija Uzl\u0101des str\u0101va 10A 12V un 5A 24V Jauda 240 W Apk\u0101rt\u0113j\u0101 temperat\u016bra no -10\u00b0C l\u012bdz + 40\u00b0C IP65 aizsardz\u012bbas pak\u0101pe  &nbsp;\" \/>\n<meta property=\"og:url\" content=\"https:\/\/akum.lv\/en\/prece\/reco-stc-10-universal-charger-12v-2a-5a-10a-24v-2a-5a-lcd-display-ip65-ladesanas-ierice\/\" \/>\n<meta property=\"og:site_name\" content=\"www.akum.lv\" \/>\n<meta property=\"article:modified_time\" content=\"2025-07-24T10:54:29+00:00\" \/>\n<meta property=\"og:image\" content=\"https:\/\/akum.lv\/wp-content\/uploads\/2021\/05\/RECO-STC-10-12V-24V.jpg\" \/>\n\t<meta property=\"og:image:width\" content=\"450\" \/>\n\t<meta property=\"og:image:height\" content=\"219\" \/>\n\t<meta property=\"og:image:type\" content=\"image\/jpeg\" \/>\n<meta name=\"twitter:card\" content=\"summary_large_image\" \/>\n<meta name=\"twitter:label1\" content=\"Est. reading time\" \/>\n\t<meta name=\"twitter:data1\" content=\"1 minute\" \/>\n<script type=\"application\/ld+json\" class=\"yoast-schema-graph\">{\"@context\":\"https:\/\/schema.org\",\"@graph\":[{\"@type\":\"WebPage\",\"@id\":\"https:\/\/akum.lv\/en\/prece\/reco-stc-10-universal-charger-12v-2a-5a-10a-24v-2a-5a-lcd-display-ip65-ladesanas-ierice\/\",\"url\":\"https:\/\/akum.lv\/en\/prece\/reco-stc-10-universal-charger-12v-2a-5a-10a-24v-2a-5a-lcd-display-ip65-ladesanas-ierice\/\",\"name\":\"RECO STC-10 Universal charger 12V-2A;5A;10A\/24V-2A;5A LCD display (IP65) l\u0101d\u0113\u0161anas ier\u012bce - www.akum.lv\",\"isPartOf\":{\"@id\":\"https:\/\/akum.lv\/#website\"},\"primaryImageOfPage\":{\"@id\":\"https:\/\/akum.lv\/en\/prece\/reco-stc-10-universal-charger-12v-2a-5a-10a-24v-2a-5a-lcd-display-ip65-ladesanas-ierice\/#primaryimage\"},\"image\":{\"@id\":\"https:\/\/akum.lv\/en\/prece\/reco-stc-10-universal-charger-12v-2a-5a-10a-24v-2a-5a-lcd-display-ip65-ladesanas-ierice\/#primaryimage\"},\"thumbnailUrl\":\"https:\/\/akum.lv\/wp-content\/uploads\/2021\/05\/RECO-STC-10-12V-24V.jpg\",\"datePublished\":\"2021-05-13T14:47:33+00:00\",\"dateModified\":\"2025-07-24T10:54:29+00:00\",\"breadcrumb\":{\"@id\":\"https:\/\/akum.lv\/en\/prece\/reco-stc-10-universal-charger-12v-2a-5a-10a-24v-2a-5a-lcd-display-ip65-ladesanas-ierice\/#breadcrumb\"},\"inLanguage\":\"en-US\",\"potentialAction\":[{\"@type\":\"ReadAction\",\"target\":[\"https:\/\/akum.lv\/en\/prece\/reco-stc-10-universal-charger-12v-2a-5a-10a-24v-2a-5a-lcd-display-ip65-ladesanas-ierice\/\"]}]},{\"@type\":\"ImageObject\",\"inLanguage\":\"en-US\",\"@id\":\"https:\/\/akum.lv\/en\/prece\/reco-stc-10-universal-charger-12v-2a-5a-10a-24v-2a-5a-lcd-display-ip65-ladesanas-ierice\/#primaryimage\",\"url\":\"https:\/\/akum.lv\/wp-content\/uploads\/2021\/05\/RECO-STC-10-12V-24V.jpg\",\"contentUrl\":\"https:\/\/akum.lv\/wp-content\/uploads\/2021\/05\/RECO-STC-10-12V-24V.jpg\",\"width\":450,\"height\":219},{\"@type\":\"BreadcrumbList\",\"@id\":\"https:\/\/akum.lv\/en\/prece\/reco-stc-10-universal-charger-12v-2a-5a-10a-24v-2a-5a-lcd-display-ip65-ladesanas-ierice\/#breadcrumb\",\"itemListElement\":[{\"@type\":\"ListItem\",\"position\":1,\"name\":\"\u0413\u043b\u0430\u0432\u043d\u0430\u044f \u0441\u0442\u0440\u0430\u043d\u0438\u0446\u0430\",\"item\":\"https:\/\/akum.lv\/en\/\"},{\"@type\":\"ListItem\",\"position\":2,\"name\":\"PRECES\",\"item\":\"https:\/\/akum.lv\/produkti-preces\/\"},{\"@type\":\"ListItem\",\"position\":3,\"name\":\"RECO STC-10 Universal charger 12V-2A;5A;10A\/24V-2A;5A LCD display (IP65) l\u0101d\u0113\u0161anas ier\u012bce\"}]},{\"@type\":\"WebSite\",\"@id\":\"https:\/\/akum.lv\/#website\",\"url\":\"https:\/\/akum.lv\/\",\"name\":\"www.akum.lv\",\"description\":\"Akumulatoru p\u0101rdev\u0113js | \u041f\u0440\u043e\u0434\u0430\u0432\u0435\u0446 \u0430\u043a\u043a\u0443\u043c\u0443\u043b\u044f\u0442\u043e\u0440\u043e\u0432 | Battery seller\",\"publisher\":{\"@id\":\"https:\/\/akum.lv\/#organization\"},\"potentialAction\":[{\"@type\":\"SearchAction\",\"target\":{\"@type\":\"EntryPoint\",\"urlTemplate\":\"https:\/\/akum.lv\/?s={search_term_string}\"},\"query-input\":{\"@type\":\"PropertyValueSpecification\",\"valueRequired\":true,\"valueName\":\"search_term_string\"}}],\"inLanguage\":\"en-US\"},{\"@type\":\"Organization\",\"@id\":\"https:\/\/akum.lv\/#organization\",\"name\":\"HubEnergy\",\"url\":\"https:\/\/akum.lv\/\",\"logo\":{\"@type\":\"ImageObject\",\"inLanguage\":\"en-US\",\"@id\":\"https:\/\/akum.lv\/#\/schema\/logo\/image\/\",\"url\":\"https:\/\/akum.lv\/wp-content\/uploads\/2018\/08\/Logo-hub-energy-2018-seller-dark-blue.png\",\"contentUrl\":\"https:\/\/akum.lv\/wp-content\/uploads\/2018\/08\/Logo-hub-energy-2018-seller-dark-blue.png\",\"width\":381,\"height\":75,\"caption\":\"HubEnergy\"},\"image\":{\"@id\":\"https:\/\/akum.lv\/#\/schema\/logo\/image\/\"}}]}<\/script>\n<!-- \/ Yoast SEO plugin. -->","yoast_head_json":{"title":"RECO STC-10 Universal charger 12V-2A;5A;10A\/24V-2A;5A LCD display (IP65) l\u0101d\u0113\u0161anas ier\u012bce - www.akum.lv","robots":{"index":"index","follow":"follow","max-snippet":"max-snippet:-1","max-image-preview":"max-image-preview:large","max-video-preview":"max-video-preview:-1"},"canonical":"https:\/\/akum.lv\/en\/prece\/reco-stc-10-universal-charger-12v-2a-5a-10a-24v-2a-5a-lcd-display-ip65-ladesanas-ierice\/","og_locale":"en_US","og_type":"article","og_title":"RECO STC-10 Universal charger 12V-2A;5A;10A\/24V-2A;5A LCD display (IP65) l\u0101d\u0113\u0161anas ier\u012bce - www.akum.lv","og_description":"RECO STC-10 Universal charger 12V-2A;5A;10A\/24V-2A;5A LCD display (IP65) l\u0101d\u0113\u0161anas ier\u012bce  Autom\u0101tiskais l\u0101d\u0113t\u0101js (taisngriezis) 2A\/5A\/10A, paredz\u0113ts 12V un 2A\/5A paredz\u0113ts 24V svina-sk\u0101bes akumulatoru uzl\u0101d\u0113\u0161anai. Iek\u013cautas ar\u012b bez apkopes veiktas VRLA baterijas (AGM un GEL), \u0161\u0137idr\u0101s sk\u0101bes elektrol\u012bta baterijas un MF (bez apkopes) baterijas.  Izgatavot\u0101js neatbild par zaud\u0113jumiem, kas radu\u0161ies nepareizas autom\u0101tisk\u0101 l\u0101d\u0113t\u0101ja lieto\u0161anas d\u0113\u013c. Sadz\u012bves l\u0101d\u0113t\u0101js nav paredz\u0113ts komerci\u0101lai lieto\u0161anai.  Ier\u012bces funkcijas: - \u013cauj akumulatoriem uzl\u0101d\u0113t gandr\u012bz pilnu ori\u0123in\u0101lo ietilp\u012bbu - piln\u012bb\u0101 autom\u0101tiska uzl\u0101de, diagnostika, sprieguma uztur\u0113\u0161ana un uztur\u0113\u0161anas re\u017e\u012bmi - atbilsto\u0161i piesardz\u012bbas pas\u0101kumi pret akumulatoru p\u0101rm\u0113r\u012bgu uzl\u0101di - elektroniska aizsardz\u012bba pret lietot\u0101ju k\u013c\u016bd\u0101m - aizsardz\u012bba pret dzirksteli, aizsardz\u012bba pret p\u0101rkar\u0161anu un \u012bssavienojumu - tam ir ener\u0123ijas \u0123eneratora darb\u012bbas re\u017e\u012bms (13,6 V \/ 4 A) - JAUDAS RE\u017d\u012aMS 13,6 V - 12 V baterijas: \u0161is re\u017e\u012bms ir piem\u0113rots baterij\u0101m ar jaudu 14 - 230 Ah. Taisngriezis nodro\u0161ina past\u0101v\u012bgu spriegumu 13,6 V. \u0160is re\u017e\u012bms ir noder\u012bgs instal\u0101cij\u0101s, kur nepiecie\u0161ams augst\u0101kais akumulatora l\u012bmenis, piem\u0113ram, elektriskos rati\u0146kr\u0113slos. - var uzl\u0101d\u0113t dzi\u013ci izl\u0101d\u0113tas baterijas (5 V)  Ier\u012bces parametri un tehniskie dati: Ieejas spriegums 200 - 260 V, 50 Hz 12V \/ 24V izejas spriegums (autom\u0101tiskais sl\u0113dzis) Uzl\u0101des spriegums 14.4V \/ 14.7V \/ 28.8V \/ 29.4V Uzl\u0101des l\u012bme\u0146a indik\u0101cija Uzl\u0101des str\u0101va 10A 12V un 5A 24V Jauda 240 W Apk\u0101rt\u0113j\u0101 temperat\u016bra no -10\u00b0C l\u012bdz + 40\u00b0C IP65 aizsardz\u012bbas pak\u0101pe  &nbsp;","og_url":"https:\/\/akum.lv\/en\/prece\/reco-stc-10-universal-charger-12v-2a-5a-10a-24v-2a-5a-lcd-display-ip65-ladesanas-ierice\/","og_site_name":"www.akum.lv","article_modified_time":"2025-07-24T10:54:29+00:00","og_image":[{"width":450,"height":219,"url":"https:\/\/akum.lv\/wp-content\/uploads\/2021\/05\/RECO-STC-10-12V-24V.jpg","type":"image\/jpeg"}],"twitter_card":"summary_large_image","twitter_misc":{"Est. reading time":"1 minute"},"schema":{"@context":"https:\/\/schema.org","@graph":[{"@type":"WebPage","@id":"https:\/\/akum.lv\/en\/prece\/reco-stc-10-universal-charger-12v-2a-5a-10a-24v-2a-5a-lcd-display-ip65-ladesanas-ierice\/","url":"https:\/\/akum.lv\/en\/prece\/reco-stc-10-universal-charger-12v-2a-5a-10a-24v-2a-5a-lcd-display-ip65-ladesanas-ierice\/","name":"RECO STC-10 Universal charger 12V-2A;5A;10A\/24V-2A;5A LCD display (IP65) l\u0101d\u0113\u0161anas ier\u012bce - www.akum.lv","isPartOf":{"@id":"https:\/\/akum.lv\/#website"},"primaryImageOfPage":{"@id":"https:\/\/akum.lv\/en\/prece\/reco-stc-10-universal-charger-12v-2a-5a-10a-24v-2a-5a-lcd-display-ip65-ladesanas-ierice\/#primaryimage"},"image":{"@id":"https:\/\/akum.lv\/en\/prece\/reco-stc-10-universal-charger-12v-2a-5a-10a-24v-2a-5a-lcd-display-ip65-ladesanas-ierice\/#primaryimage"},"thumbnailUrl":"https:\/\/akum.lv\/wp-content\/uploads\/2021\/05\/RECO-STC-10-12V-24V.jpg","datePublished":"2021-05-13T14:47:33+00:00","dateModified":"2025-07-24T10:54:29+00:00","breadcrumb":{"@id":"https:\/\/akum.lv\/en\/prece\/reco-stc-10-universal-charger-12v-2a-5a-10a-24v-2a-5a-lcd-display-ip65-ladesanas-ierice\/#breadcrumb"},"inLanguage":"en-US","potentialAction":[{"@type":"ReadAction","target":["https:\/\/akum.lv\/en\/prece\/reco-stc-10-universal-charger-12v-2a-5a-10a-24v-2a-5a-lcd-display-ip65-ladesanas-ierice\/"]}]},{"@type":"ImageObject","inLanguage":"en-US","@id":"https:\/\/akum.lv\/en\/prece\/reco-stc-10-universal-charger-12v-2a-5a-10a-24v-2a-5a-lcd-display-ip65-ladesanas-ierice\/#primaryimage","url":"https:\/\/akum.lv\/wp-content\/uploads\/2021\/05\/RECO-STC-10-12V-24V.jpg","contentUrl":"https:\/\/akum.lv\/wp-content\/uploads\/2021\/05\/RECO-STC-10-12V-24V.jpg","width":450,"height":219},{"@type":"BreadcrumbList","@id":"https:\/\/akum.lv\/en\/prece\/reco-stc-10-universal-charger-12v-2a-5a-10a-24v-2a-5a-lcd-display-ip65-ladesanas-ierice\/#breadcrumb","itemListElement":[{"@type":"ListItem","position":1,"name":"\u0413\u043b\u0430\u0432\u043d\u0430\u044f \u0441\u0442\u0440\u0430\u043d\u0438\u0446\u0430","item":"https:\/\/akum.lv\/en\/"},{"@type":"ListItem","position":2,"name":"PRECES","item":"https:\/\/akum.lv\/produkti-preces\/"},{"@type":"ListItem","position":3,"name":"RECO STC-10 Universal charger 12V-2A;5A;10A\/24V-2A;5A LCD display (IP65) l\u0101d\u0113\u0161anas ier\u012bce"}]},{"@type":"WebSite","@id":"https:\/\/akum.lv\/#website","url":"https:\/\/akum.lv\/","name":"www.akum.lv","description":"Akumulatoru p\u0101rdev\u0113js | \u041f\u0440\u043e\u0434\u0430\u0432\u0435\u0446 \u0430\u043a\u043a\u0443\u043c\u0443\u043b\u044f\u0442\u043e\u0440\u043e\u0432 | Battery seller","publisher":{"@id":"https:\/\/akum.lv\/#organization"},"potentialAction":[{"@type":"SearchAction","target":{"@type":"EntryPoint","urlTemplate":"https:\/\/akum.lv\/?s={search_term_string}"},"query-input":{"@type":"PropertyValueSpecification","valueRequired":true,"valueName":"search_term_string"}}],"inLanguage":"en-US"},{"@type":"Organization","@id":"https:\/\/akum.lv\/#organization","name":"HubEnergy","url":"https:\/\/akum.lv\/","logo":{"@type":"ImageObject","inLanguage":"en-US","@id":"https:\/\/akum.lv\/#\/schema\/logo\/image\/","url":"https:\/\/akum.lv\/wp-content\/uploads\/2018\/08\/Logo-hub-energy-2018-seller-dark-blue.png","contentUrl":"https:\/\/akum.lv\/wp-content\/uploads\/2018\/08\/Logo-hub-energy-2018-seller-dark-blue.png","width":381,"height":75,"caption":"HubEnergy"},"image":{"@id":"https:\/\/akum.lv\/#\/schema\/logo\/image\/"}}]}},"brands":[{"id":853,"name":"RECO POLSKA","slug":"reco-polska-en"}],"_links":{"self":[{"href":"https:\/\/akum.lv\/en\/wp-json\/wp\/v2\/product\/10332","targetHints":{"allow":["GET"]}}],"collection":[{"href":"https:\/\/akum.lv\/en\/wp-json\/wp\/v2\/product"}],"about":[{"href":"https:\/\/akum.lv\/en\/wp-json\/wp\/v2\/types\/product"}],"wp:featuredmedia":[{"embeddable":true,"href":"https:\/\/akum.lv\/en\/wp-json\/wp\/v2\/media\/10327"}],"wp:attachment":[{"href":"https:\/\/akum.lv\/en\/wp-json\/wp\/v2\/media?parent=10332"}],"wp:term":[{"taxonomy":"pwb-brand","embeddable":true,"href":"https:\/\/akum.lv\/en\/wp-json\/wp\/v2\/pwb-brand?post=10332"},{"taxonomy":"product_brand","embeddable":true,"href":"https:\/\/akum.lv\/en\/wp-json\/wp\/v2\/product_brand?post=10332"},{"taxonomy":"product_cat","embeddable":true,"href":"https:\/\/akum.lv\/en\/wp-json\/wp\/v2\/product_cat?post=10332"},{"taxonomy":"product_tag","embeddable":true,"href":"https:\/\/akum.lv\/en\/wp-json\/wp\/v2\/product_tag?post=10332"}],"curies":[{"name":"wp","href":"https:\/\/api.w.org\/{rel}","templated":true}]}}