{"id":10322,"date":"2021-05-13T14:33:10","date_gmt":"2021-05-13T14:33:10","guid":{"rendered":"https:\/\/akum.lv\/product\/tuborg-tc-3-0-universal-charger-6v-12v-3a-led-indication-ip65-ladesanas-ierice\/"},"modified":"2021-06-14T09:01:21","modified_gmt":"2021-06-14T09:01:21","slug":"tuborg-tc-3-0-universal-charger-6v-12v-3a-led-indication-ip65-ladesanas-ierice","status":"publish","type":"product","link":"https:\/\/akum.lv\/en\/prece\/tuborg-tc-3-0-universal-charger-6v-12v-3a-led-indication-ip65-ladesanas-ierice\/","title":{"rendered":"TUBORG TC-3.0 universal charger 6V\/12V-3A LED indication (IP65) l\u0101d\u0113\u0161anas ier\u012bce"},"content":{"rendered":"","protected":false},"excerpt":{"rendered":"<p>TUBORG TC-3.0 universal charger 6V\/12V-3A LED indication (IP65) l\u0101d\u0113\u0161anas ier\u012bce<\/p>\n<p>Modelis: TC-3.0<br \/>\nIeejas spriegums: 100\u2013240 V mai\u0146str\u0101va, 50\/60 Hz<br \/>\nIzejas spriegums: 6V \/ 12V DC<br \/>\nUzl\u0101des str\u0101va: 6V &#8211; 1,5A; 12V &#8211; 3A Maks<br \/>\nAtbalst\u012bt\u0101 akumulatora jauda: 6V 1,2Ah &#8211; 30Ah<br \/>\nAtbalst\u012bt\u0101 akumulatora jauda: 12V 1,2Ah &#8211; 60Ah<br \/>\nBateriju veidi: 6V \/ 12V svina akumulatori (WET, MF, AGM un GEL)<br \/>\nAizsardz\u012bba: pret \u012bssavienojumiem<br \/>\nAizsardz\u012bba: IP65<\/p>\n<p>Model: TC-3.0<br \/>\nInput voltage: 100-240V AC, 50 \/ 60Hz<br \/>\nOutput voltage: 6V \/ 12V DC<br \/>\nCharging current: 6V &#8211; 1.5A; 12V &#8211; 3A Max<br \/>\nSupported battery capacity: 6V 1.2Ah &#8211; 30Ah<br \/>\nSupported battery capacity: 12V 1.2Ah &#8211; 60Ah<br \/>\nBattery types: 6V \/ 12V lead batteries (WET, MF, AGM and GEL)<br \/>\nProtections: Against short-circuits<br \/>\nProtection: IP65<\/p>\n<p>\u041c\u043e\u0434\u0435\u043b\u044c: TC-3.0<br \/>\n\u0412\u0445\u043e\u0434\u043d\u043e\u0435 \u043d\u0430\u043f\u0440\u044f\u0436\u0435\u043d\u0438\u0435: 100-240 \u0412 \u043f\u0435\u0440\u0435\u043c\u0435\u043d\u043d\u043e\u0433\u043e \u0442\u043e\u043a\u0430, 50\/60 \u0413\u0446<br \/>\n\u0412\u044b\u0445\u043e\u0434\u043d\u043e\u0435 \u043d\u0430\u043f\u0440\u044f\u0436\u0435\u043d\u0438\u0435: 6 \u0412 \/ 12 \u0412 \u043f\u043e\u0441\u0442\u043e\u044f\u043d\u043d\u043e\u0433\u043e \u0442\u043e\u043a\u0430<br \/>\n\u0417\u0430\u0440\u044f\u0434\u043d\u044b\u0439 \u0442\u043e\u043a: 6\u0412 &#8211; 1,5\u0410; 12 \u0412 &#8211; 3 \u0410 \u043c\u0430\u043a\u0441.<br \/>\n\u041f\u043e\u0434\u0434\u0435\u0440\u0436\u0438\u0432\u0430\u0435\u043c\u0430\u044f \u0435\u043c\u043a\u043e\u0441\u0442\u044c \u0430\u043a\u043a\u0443\u043c\u0443\u043b\u044f\u0442\u043e\u0440\u0430: 6 \u0412, 1,2 \u0410\u0447 &#8211; 30 \u0410\u0447<br \/>\n\u041f\u043e\u0434\u0434\u0435\u0440\u0436\u0438\u0432\u0430\u0435\u043c\u0430\u044f \u0435\u043c\u043a\u043e\u0441\u0442\u044c \u0430\u043a\u043a\u0443\u043c\u0443\u043b\u044f\u0442\u043e\u0440\u0430: 12 \u0412, 1,2 \u0410\u0447 &#8211; 60 \u0410\u0447<br \/>\n\u0422\u0438\u043f\u044b \u0431\u0430\u0442\u0430\u0440\u0435\u0439: \u0441\u0432\u0438\u043d\u0446\u043e\u0432\u044b\u0435 \u0431\u0430\u0442\u0430\u0440\u0435\u0438 6 \u0412 \/ 12 \u0412 (WET, MF, AGM \u0438 GEL)<br \/>\n\u0417\u0430\u0449\u0438\u0442\u0430: \u043e\u0442 \u043a\u043e\u0440\u043e\u0442\u043a\u0438\u0445 \u0437\u0430\u043c\u044b\u043a\u0430\u043d\u0438\u0439<br \/>\n\u0417\u0430\u0449\u0438\u0442\u0430: IP65<\/p>\n","protected":false},"featured_media":10317,"template":"","meta":[],"pwb-brand":[641],"product_brand":[],"product_cat":[252],"product_tag":[],"class_list":{"0":"post-10322","1":"product","2":"type-product","3":"status-publish","4":"has-post-thumbnail","6":"pwb-brand-tuborg-en","7":"product_cat-chargers-for-lead-acid-and-lifepo4-batteries","8":"pif-has-gallery","10":"first","11":"instock","12":"taxable","13":"shipping-taxable","14":"purchasable","15":"product-type-simple"},"yoast_head":"<!-- This site is optimized with the Yoast SEO plugin v26.7 - https:\/\/yoast.com\/wordpress\/plugins\/seo\/ -->\n<title>TUBORG TC-3.0 universal charger 6V\/12V-3A LED indication (IP65) l\u0101d\u0113\u0161anas ier\u012bce - www.akum.lv<\/title>\n<meta name=\"robots\" content=\"index, follow, max-snippet:-1, max-image-preview:large, max-video-preview:-1\" \/>\n<link rel=\"canonical\" href=\"https:\/\/akum.lv\/en\/prece\/tuborg-tc-3-0-universal-charger-6v-12v-3a-led-indication-ip65-ladesanas-ierice\/\" \/>\n<meta property=\"og:locale\" content=\"en_US\" \/>\n<meta property=\"og:type\" content=\"article\" \/>\n<meta property=\"og:title\" content=\"TUBORG TC-3.0 universal charger 6V\/12V-3A LED indication (IP65) l\u0101d\u0113\u0161anas ier\u012bce - www.akum.lv\" \/>\n<meta property=\"og:description\" content=\"TUBORG TC-3.0 universal charger 6V\/12V-3A LED indication (IP65) l\u0101d\u0113\u0161anas ier\u012bce  Modelis: TC-3.0 Ieejas spriegums: 100\u2013240 V mai\u0146str\u0101va, 50\/60 Hz Izejas spriegums: 6V \/ 12V DC Uzl\u0101des str\u0101va: 6V - 1,5A; 12V - 3A Maks Atbalst\u012bt\u0101 akumulatora jauda: 6V 1,2Ah - 30Ah Atbalst\u012bt\u0101 akumulatora jauda: 12V 1,2Ah - 60Ah Bateriju veidi: 6V \/ 12V svina akumulatori (WET, MF, AGM un GEL) Aizsardz\u012bba: pret \u012bssavienojumiem Aizsardz\u012bba: IP65  Model: TC-3.0 Input voltage: 100-240V AC, 50 \/ 60Hz Output voltage: 6V \/ 12V DC Charging current: 6V - 1.5A; 12V - 3A Max Supported battery capacity: 6V 1.2Ah - 30Ah Supported battery capacity: 12V 1.2Ah - 60Ah Battery types: 6V \/ 12V lead batteries (WET, MF, AGM and GEL) Protections: Against short-circuits Protection: IP65  \u041c\u043e\u0434\u0435\u043b\u044c: TC-3.0 \u0412\u0445\u043e\u0434\u043d\u043e\u0435 \u043d\u0430\u043f\u0440\u044f\u0436\u0435\u043d\u0438\u0435: 100-240 \u0412 \u043f\u0435\u0440\u0435\u043c\u0435\u043d\u043d\u043e\u0433\u043e \u0442\u043e\u043a\u0430, 50\/60 \u0413\u0446 \u0412\u044b\u0445\u043e\u0434\u043d\u043e\u0435 \u043d\u0430\u043f\u0440\u044f\u0436\u0435\u043d\u0438\u0435: 6 \u0412 \/ 12 \u0412 \u043f\u043e\u0441\u0442\u043e\u044f\u043d\u043d\u043e\u0433\u043e \u0442\u043e\u043a\u0430 \u0417\u0430\u0440\u044f\u0434\u043d\u044b\u0439 \u0442\u043e\u043a: 6\u0412 - 1,5\u0410; 12 \u0412 - 3 \u0410 \u043c\u0430\u043a\u0441. \u041f\u043e\u0434\u0434\u0435\u0440\u0436\u0438\u0432\u0430\u0435\u043c\u0430\u044f \u0435\u043c\u043a\u043e\u0441\u0442\u044c \u0430\u043a\u043a\u0443\u043c\u0443\u043b\u044f\u0442\u043e\u0440\u0430: 6 \u0412, 1,2 \u0410\u0447 - 30 \u0410\u0447 \u041f\u043e\u0434\u0434\u0435\u0440\u0436\u0438\u0432\u0430\u0435\u043c\u0430\u044f \u0435\u043c\u043a\u043e\u0441\u0442\u044c \u0430\u043a\u043a\u0443\u043c\u0443\u043b\u044f\u0442\u043e\u0440\u0430: 12 \u0412, 1,2 \u0410\u0447 - 60 \u0410\u0447 \u0422\u0438\u043f\u044b \u0431\u0430\u0442\u0430\u0440\u0435\u0439: \u0441\u0432\u0438\u043d\u0446\u043e\u0432\u044b\u0435 \u0431\u0430\u0442\u0430\u0440\u0435\u0438 6 \u0412 \/ 12 \u0412 (WET, MF, AGM \u0438 GEL) \u0417\u0430\u0449\u0438\u0442\u0430: \u043e\u0442 \u043a\u043e\u0440\u043e\u0442\u043a\u0438\u0445 \u0437\u0430\u043c\u044b\u043a\u0430\u043d\u0438\u0439 \u0417\u0430\u0449\u0438\u0442\u0430: IP65\" \/>\n<meta property=\"og:url\" content=\"https:\/\/akum.lv\/en\/prece\/tuborg-tc-3-0-universal-charger-6v-12v-3a-led-indication-ip65-ladesanas-ierice\/\" \/>\n<meta property=\"og:site_name\" content=\"www.akum.lv\" \/>\n<meta property=\"article:modified_time\" content=\"2021-06-14T09:01:21+00:00\" \/>\n<meta property=\"og:image\" content=\"https:\/\/akum.lv\/wp-content\/uploads\/2021\/05\/TUBORG-charger-TC-3.0.jpg\" \/>\n\t<meta property=\"og:image:width\" content=\"400\" \/>\n\t<meta property=\"og:image:height\" content=\"300\" \/>\n\t<meta property=\"og:image:type\" content=\"image\/jpeg\" \/>\n<meta name=\"twitter:card\" content=\"summary_large_image\" \/>\n<script type=\"application\/ld+json\" class=\"yoast-schema-graph\">{\"@context\":\"https:\/\/schema.org\",\"@graph\":[{\"@type\":\"WebPage\",\"@id\":\"https:\/\/akum.lv\/en\/prece\/tuborg-tc-3-0-universal-charger-6v-12v-3a-led-indication-ip65-ladesanas-ierice\/\",\"url\":\"https:\/\/akum.lv\/en\/prece\/tuborg-tc-3-0-universal-charger-6v-12v-3a-led-indication-ip65-ladesanas-ierice\/\",\"name\":\"TUBORG TC-3.0 universal charger 6V\/12V-3A LED indication (IP65) l\u0101d\u0113\u0161anas ier\u012bce - www.akum.lv\",\"isPartOf\":{\"@id\":\"https:\/\/akum.lv\/#website\"},\"primaryImageOfPage\":{\"@id\":\"https:\/\/akum.lv\/en\/prece\/tuborg-tc-3-0-universal-charger-6v-12v-3a-led-indication-ip65-ladesanas-ierice\/#primaryimage\"},\"image\":{\"@id\":\"https:\/\/akum.lv\/en\/prece\/tuborg-tc-3-0-universal-charger-6v-12v-3a-led-indication-ip65-ladesanas-ierice\/#primaryimage\"},\"thumbnailUrl\":\"https:\/\/akum.lv\/wp-content\/uploads\/2021\/05\/TUBORG-charger-TC-3.0.jpg\",\"datePublished\":\"2021-05-13T14:33:10+00:00\",\"dateModified\":\"2021-06-14T09:01:21+00:00\",\"breadcrumb\":{\"@id\":\"https:\/\/akum.lv\/en\/prece\/tuborg-tc-3-0-universal-charger-6v-12v-3a-led-indication-ip65-ladesanas-ierice\/#breadcrumb\"},\"inLanguage\":\"en-US\",\"potentialAction\":[{\"@type\":\"ReadAction\",\"target\":[\"https:\/\/akum.lv\/en\/prece\/tuborg-tc-3-0-universal-charger-6v-12v-3a-led-indication-ip65-ladesanas-ierice\/\"]}]},{\"@type\":\"ImageObject\",\"inLanguage\":\"en-US\",\"@id\":\"https:\/\/akum.lv\/en\/prece\/tuborg-tc-3-0-universal-charger-6v-12v-3a-led-indication-ip65-ladesanas-ierice\/#primaryimage\",\"url\":\"https:\/\/akum.lv\/wp-content\/uploads\/2021\/05\/TUBORG-charger-TC-3.0.jpg\",\"contentUrl\":\"https:\/\/akum.lv\/wp-content\/uploads\/2021\/05\/TUBORG-charger-TC-3.0.jpg\",\"width\":400,\"height\":300},{\"@type\":\"BreadcrumbList\",\"@id\":\"https:\/\/akum.lv\/en\/prece\/tuborg-tc-3-0-universal-charger-6v-12v-3a-led-indication-ip65-ladesanas-ierice\/#breadcrumb\",\"itemListElement\":[{\"@type\":\"ListItem\",\"position\":1,\"name\":\"\u0413\u043b\u0430\u0432\u043d\u0430\u044f \u0441\u0442\u0440\u0430\u043d\u0438\u0446\u0430\",\"item\":\"https:\/\/akum.lv\/en\/\"},{\"@type\":\"ListItem\",\"position\":2,\"name\":\"PRECES\",\"item\":\"https:\/\/akum.lv\/produkti-preces\/\"},{\"@type\":\"ListItem\",\"position\":3,\"name\":\"TUBORG TC-3.0 universal charger 6V\/12V-3A LED indication (IP65) l\u0101d\u0113\u0161anas ier\u012bce\"}]},{\"@type\":\"WebSite\",\"@id\":\"https:\/\/akum.lv\/#website\",\"url\":\"https:\/\/akum.lv\/\",\"name\":\"www.akum.lv\",\"description\":\"Akumulatoru p\u0101rdev\u0113js | \u041f\u0440\u043e\u0434\u0430\u0432\u0435\u0446 \u0430\u043a\u043a\u0443\u043c\u0443\u043b\u044f\u0442\u043e\u0440\u043e\u0432 | Battery seller\",\"publisher\":{\"@id\":\"https:\/\/akum.lv\/#organization\"},\"potentialAction\":[{\"@type\":\"SearchAction\",\"target\":{\"@type\":\"EntryPoint\",\"urlTemplate\":\"https:\/\/akum.lv\/?s={search_term_string}\"},\"query-input\":{\"@type\":\"PropertyValueSpecification\",\"valueRequired\":true,\"valueName\":\"search_term_string\"}}],\"inLanguage\":\"en-US\"},{\"@type\":\"Organization\",\"@id\":\"https:\/\/akum.lv\/#organization\",\"name\":\"HubEnergy\",\"url\":\"https:\/\/akum.lv\/\",\"logo\":{\"@type\":\"ImageObject\",\"inLanguage\":\"en-US\",\"@id\":\"https:\/\/akum.lv\/#\/schema\/logo\/image\/\",\"url\":\"https:\/\/akum.lv\/wp-content\/uploads\/2018\/08\/Logo-hub-energy-2018-seller-dark-blue.png\",\"contentUrl\":\"https:\/\/akum.lv\/wp-content\/uploads\/2018\/08\/Logo-hub-energy-2018-seller-dark-blue.png\",\"width\":381,\"height\":75,\"caption\":\"HubEnergy\"},\"image\":{\"@id\":\"https:\/\/akum.lv\/#\/schema\/logo\/image\/\"}}]}<\/script>\n<!-- \/ Yoast SEO plugin. -->","yoast_head_json":{"title":"TUBORG TC-3.0 universal charger 6V\/12V-3A LED indication (IP65) l\u0101d\u0113\u0161anas ier\u012bce - www.akum.lv","robots":{"index":"index","follow":"follow","max-snippet":"max-snippet:-1","max-image-preview":"max-image-preview:large","max-video-preview":"max-video-preview:-1"},"canonical":"https:\/\/akum.lv\/en\/prece\/tuborg-tc-3-0-universal-charger-6v-12v-3a-led-indication-ip65-ladesanas-ierice\/","og_locale":"en_US","og_type":"article","og_title":"TUBORG TC-3.0 universal charger 6V\/12V-3A LED indication (IP65) l\u0101d\u0113\u0161anas ier\u012bce - www.akum.lv","og_description":"TUBORG TC-3.0 universal charger 6V\/12V-3A LED indication (IP65) l\u0101d\u0113\u0161anas ier\u012bce  Modelis: TC-3.0 Ieejas spriegums: 100\u2013240 V mai\u0146str\u0101va, 50\/60 Hz Izejas spriegums: 6V \/ 12V DC Uzl\u0101des str\u0101va: 6V - 1,5A; 12V - 3A Maks Atbalst\u012bt\u0101 akumulatora jauda: 6V 1,2Ah - 30Ah Atbalst\u012bt\u0101 akumulatora jauda: 12V 1,2Ah - 60Ah Bateriju veidi: 6V \/ 12V svina akumulatori (WET, MF, AGM un GEL) Aizsardz\u012bba: pret \u012bssavienojumiem Aizsardz\u012bba: IP65  Model: TC-3.0 Input voltage: 100-240V AC, 50 \/ 60Hz Output voltage: 6V \/ 12V DC Charging current: 6V - 1.5A; 12V - 3A Max Supported battery capacity: 6V 1.2Ah - 30Ah Supported battery capacity: 12V 1.2Ah - 60Ah Battery types: 6V \/ 12V lead batteries (WET, MF, AGM and GEL) Protections: Against short-circuits Protection: IP65  \u041c\u043e\u0434\u0435\u043b\u044c: TC-3.0 \u0412\u0445\u043e\u0434\u043d\u043e\u0435 \u043d\u0430\u043f\u0440\u044f\u0436\u0435\u043d\u0438\u0435: 100-240 \u0412 \u043f\u0435\u0440\u0435\u043c\u0435\u043d\u043d\u043e\u0433\u043e \u0442\u043e\u043a\u0430, 50\/60 \u0413\u0446 \u0412\u044b\u0445\u043e\u0434\u043d\u043e\u0435 \u043d\u0430\u043f\u0440\u044f\u0436\u0435\u043d\u0438\u0435: 6 \u0412 \/ 12 \u0412 \u043f\u043e\u0441\u0442\u043e\u044f\u043d\u043d\u043e\u0433\u043e \u0442\u043e\u043a\u0430 \u0417\u0430\u0440\u044f\u0434\u043d\u044b\u0439 \u0442\u043e\u043a: 6\u0412 - 1,5\u0410; 12 \u0412 - 3 \u0410 \u043c\u0430\u043a\u0441. \u041f\u043e\u0434\u0434\u0435\u0440\u0436\u0438\u0432\u0430\u0435\u043c\u0430\u044f \u0435\u043c\u043a\u043e\u0441\u0442\u044c \u0430\u043a\u043a\u0443\u043c\u0443\u043b\u044f\u0442\u043e\u0440\u0430: 6 \u0412, 1,2 \u0410\u0447 - 30 \u0410\u0447 \u041f\u043e\u0434\u0434\u0435\u0440\u0436\u0438\u0432\u0430\u0435\u043c\u0430\u044f \u0435\u043c\u043a\u043e\u0441\u0442\u044c \u0430\u043a\u043a\u0443\u043c\u0443\u043b\u044f\u0442\u043e\u0440\u0430: 12 \u0412, 1,2 \u0410\u0447 - 60 \u0410\u0447 \u0422\u0438\u043f\u044b \u0431\u0430\u0442\u0430\u0440\u0435\u0439: \u0441\u0432\u0438\u043d\u0446\u043e\u0432\u044b\u0435 \u0431\u0430\u0442\u0430\u0440\u0435\u0438 6 \u0412 \/ 12 \u0412 (WET, MF, AGM \u0438 GEL) \u0417\u0430\u0449\u0438\u0442\u0430: \u043e\u0442 \u043a\u043e\u0440\u043e\u0442\u043a\u0438\u0445 \u0437\u0430\u043c\u044b\u043a\u0430\u043d\u0438\u0439 \u0417\u0430\u0449\u0438\u0442\u0430: IP65","og_url":"https:\/\/akum.lv\/en\/prece\/tuborg-tc-3-0-universal-charger-6v-12v-3a-led-indication-ip65-ladesanas-ierice\/","og_site_name":"www.akum.lv","article_modified_time":"2021-06-14T09:01:21+00:00","og_image":[{"width":400,"height":300,"url":"https:\/\/akum.lv\/wp-content\/uploads\/2021\/05\/TUBORG-charger-TC-3.0.jpg","type":"image\/jpeg"}],"twitter_card":"summary_large_image","schema":{"@context":"https:\/\/schema.org","@graph":[{"@type":"WebPage","@id":"https:\/\/akum.lv\/en\/prece\/tuborg-tc-3-0-universal-charger-6v-12v-3a-led-indication-ip65-ladesanas-ierice\/","url":"https:\/\/akum.lv\/en\/prece\/tuborg-tc-3-0-universal-charger-6v-12v-3a-led-indication-ip65-ladesanas-ierice\/","name":"TUBORG TC-3.0 universal charger 6V\/12V-3A LED indication (IP65) l\u0101d\u0113\u0161anas ier\u012bce - www.akum.lv","isPartOf":{"@id":"https:\/\/akum.lv\/#website"},"primaryImageOfPage":{"@id":"https:\/\/akum.lv\/en\/prece\/tuborg-tc-3-0-universal-charger-6v-12v-3a-led-indication-ip65-ladesanas-ierice\/#primaryimage"},"image":{"@id":"https:\/\/akum.lv\/en\/prece\/tuborg-tc-3-0-universal-charger-6v-12v-3a-led-indication-ip65-ladesanas-ierice\/#primaryimage"},"thumbnailUrl":"https:\/\/akum.lv\/wp-content\/uploads\/2021\/05\/TUBORG-charger-TC-3.0.jpg","datePublished":"2021-05-13T14:33:10+00:00","dateModified":"2021-06-14T09:01:21+00:00","breadcrumb":{"@id":"https:\/\/akum.lv\/en\/prece\/tuborg-tc-3-0-universal-charger-6v-12v-3a-led-indication-ip65-ladesanas-ierice\/#breadcrumb"},"inLanguage":"en-US","potentialAction":[{"@type":"ReadAction","target":["https:\/\/akum.lv\/en\/prece\/tuborg-tc-3-0-universal-charger-6v-12v-3a-led-indication-ip65-ladesanas-ierice\/"]}]},{"@type":"ImageObject","inLanguage":"en-US","@id":"https:\/\/akum.lv\/en\/prece\/tuborg-tc-3-0-universal-charger-6v-12v-3a-led-indication-ip65-ladesanas-ierice\/#primaryimage","url":"https:\/\/akum.lv\/wp-content\/uploads\/2021\/05\/TUBORG-charger-TC-3.0.jpg","contentUrl":"https:\/\/akum.lv\/wp-content\/uploads\/2021\/05\/TUBORG-charger-TC-3.0.jpg","width":400,"height":300},{"@type":"BreadcrumbList","@id":"https:\/\/akum.lv\/en\/prece\/tuborg-tc-3-0-universal-charger-6v-12v-3a-led-indication-ip65-ladesanas-ierice\/#breadcrumb","itemListElement":[{"@type":"ListItem","position":1,"name":"\u0413\u043b\u0430\u0432\u043d\u0430\u044f \u0441\u0442\u0440\u0430\u043d\u0438\u0446\u0430","item":"https:\/\/akum.lv\/en\/"},{"@type":"ListItem","position":2,"name":"PRECES","item":"https:\/\/akum.lv\/produkti-preces\/"},{"@type":"ListItem","position":3,"name":"TUBORG TC-3.0 universal charger 6V\/12V-3A LED indication (IP65) l\u0101d\u0113\u0161anas ier\u012bce"}]},{"@type":"WebSite","@id":"https:\/\/akum.lv\/#website","url":"https:\/\/akum.lv\/","name":"www.akum.lv","description":"Akumulatoru p\u0101rdev\u0113js | \u041f\u0440\u043e\u0434\u0430\u0432\u0435\u0446 \u0430\u043a\u043a\u0443\u043c\u0443\u043b\u044f\u0442\u043e\u0440\u043e\u0432 | Battery seller","publisher":{"@id":"https:\/\/akum.lv\/#organization"},"potentialAction":[{"@type":"SearchAction","target":{"@type":"EntryPoint","urlTemplate":"https:\/\/akum.lv\/?s={search_term_string}"},"query-input":{"@type":"PropertyValueSpecification","valueRequired":true,"valueName":"search_term_string"}}],"inLanguage":"en-US"},{"@type":"Organization","@id":"https:\/\/akum.lv\/#organization","name":"HubEnergy","url":"https:\/\/akum.lv\/","logo":{"@type":"ImageObject","inLanguage":"en-US","@id":"https:\/\/akum.lv\/#\/schema\/logo\/image\/","url":"https:\/\/akum.lv\/wp-content\/uploads\/2018\/08\/Logo-hub-energy-2018-seller-dark-blue.png","contentUrl":"https:\/\/akum.lv\/wp-content\/uploads\/2018\/08\/Logo-hub-energy-2018-seller-dark-blue.png","width":381,"height":75,"caption":"HubEnergy"},"image":{"@id":"https:\/\/akum.lv\/#\/schema\/logo\/image\/"}}]}},"brands":[{"id":641,"name":"TUBORG","slug":"tuborg-en"}],"_links":{"self":[{"href":"https:\/\/akum.lv\/en\/wp-json\/wp\/v2\/product\/10322","targetHints":{"allow":["GET"]}}],"collection":[{"href":"https:\/\/akum.lv\/en\/wp-json\/wp\/v2\/product"}],"about":[{"href":"https:\/\/akum.lv\/en\/wp-json\/wp\/v2\/types\/product"}],"wp:featuredmedia":[{"embeddable":true,"href":"https:\/\/akum.lv\/en\/wp-json\/wp\/v2\/media\/10317"}],"wp:attachment":[{"href":"https:\/\/akum.lv\/en\/wp-json\/wp\/v2\/media?parent=10322"}],"wp:term":[{"taxonomy":"pwb-brand","embeddable":true,"href":"https:\/\/akum.lv\/en\/wp-json\/wp\/v2\/pwb-brand?post=10322"},{"taxonomy":"product_brand","embeddable":true,"href":"https:\/\/akum.lv\/en\/wp-json\/wp\/v2\/product_brand?post=10322"},{"taxonomy":"product_cat","embeddable":true,"href":"https:\/\/akum.lv\/en\/wp-json\/wp\/v2\/product_cat?post=10322"},{"taxonomy":"product_tag","embeddable":true,"href":"https:\/\/akum.lv\/en\/wp-json\/wp\/v2\/product_tag?post=10322"}],"curies":[{"name":"wp","href":"https:\/\/api.w.org\/{rel}","templated":true}]}}