{"id":10255,"date":"2021-04-21T10:27:10","date_gmt":"2021-04-21T10:27:10","guid":{"rendered":"https:\/\/akum.lv\/product\/portativais-elektromobiliem-ladetaja-16a-type-1\/"},"modified":"2021-04-26T19:18:01","modified_gmt":"2021-04-26T19:18:01","slug":"portativais-elektromobiliem-ladetaja-16a-type-1","status":"publish","type":"product","link":"https:\/\/akum.lv\/en\/prece\/portativais-elektromobiliem-ladetaja-16a-type-1\/","title":{"rendered":"Portable electric car EV charger 16A PLUG TYPE-1 &#038; TYPE-2"},"content":{"rendered":"","protected":false},"excerpt":{"rendered":"<p>Portable electric car EV charger 16A PLUG TYPE-1 &amp; TYPE-2<\/p>\n<p>Izmantojot p\u0101rn\u0113s\u0101jamo l\u0101d\u0113t\u0101ju, j\u016bs varat viegli un dro\u0161i uzl\u0101d\u0113t elektrisko automa\u0161\u012bnu no standarta m\u0101jsaimniec\u012bbas kontaktligzdas.<\/p>\n<p>\u041f\u043e\u0440\u0442\u0430\u0442\u0438\u0432\u043d\u043e\u0435 \u0437\u0430\u0440\u044f\u0434\u043d\u043e\u0435 \u0443\u0441\u0442\u0440\u043e\u0439\u0441\u0442\u0432\u043e<br \/>\n\u0421 \u043f\u043e\u043c\u043e\u0449\u044c\u044e \u043f\u043e\u0440\u0442\u0430\u0442\u0438\u0432\u043d\u043e\u0433\u043e \u0437\u0430\u0440\u044f\u0434\u043d\u043e\u0433\u043e \u0443\u0441\u0442\u0440\u043e\u0439\u0441\u0442\u0432\u0430 \u0432\u044b \u043c\u043e\u0436\u0435\u0442\u0435 \u043b\u0435\u0433\u043a\u043e \u0438 \u0431\u0435\u0437\u043e\u043f\u0430\u0441\u043d\u043e \u0437\u0430\u0440\u044f\u0436\u0430\u0442\u044c \u0441\u0432\u043e\u0439 \u044d\u043b\u0435\u043a\u0442\u0440\u043e\u043c\u043e\u0431\u0438\u043b\u044c \u043e\u0442 \u0441\u0442\u0430\u043d\u0434\u0430\u0440\u0442\u043d\u043e\u0439 \u0431\u044b\u0442\u043e\u0432\u043e\u0439 \u0440\u043e\u0437\u0435\u0442\u043a\u0438.<\/p>\n<p>Portable charger<br \/>\nWith a portable charger you can easily and safely charge your electric car from a standard household power outlet.<\/p>\n<p>Install plug type 1 plug<br \/>\nRated Voltage (V) 250<br \/>\nRated Frequency (Hz) 50 \/ 60<br \/>\nAdjustable Current 6A min.- 16A max.<br \/>\nRated Power (kW) 3,8<br \/>\nCharging Cable Length 5m<br \/>\nOperating Temperature -30 \u00b0C to +65<br \/>\nStorage Temperature -40 \u00b0C to +80<br \/>\nProtection Class IP65<br \/>\nControl Box Size (mm) 255 x 109 x 55<br \/>\nWeight (kg) 3,4<\/p>\n","protected":false},"featured_media":10253,"template":"","meta":[],"pwb-brand":[],"product_brand":[],"product_cat":[709],"product_tag":[],"class_list":{"0":"post-10255","1":"product","2":"type-product","3":"status-publish","4":"has-post-thumbnail","6":"product_cat-charging-stations-for-electric-vehicles","7":"pif-has-gallery","9":"first","10":"instock","11":"featured","12":"taxable","13":"shipping-taxable","14":"purchasable","15":"product-type-simple"},"yoast_head":"<!-- This site is optimized with the Yoast SEO plugin v26.7 - https:\/\/yoast.com\/wordpress\/plugins\/seo\/ -->\n<title>Portable electric car EV charger 16A PLUG TYPE-1 &amp; TYPE-2 - www.akum.lv<\/title>\n<meta name=\"robots\" content=\"index, follow, max-snippet:-1, max-image-preview:large, max-video-preview:-1\" \/>\n<link rel=\"canonical\" href=\"https:\/\/akum.lv\/prece\/portativais-elektromobiliem-ladetaja-16a-type-1\/\" \/>\n<meta property=\"og:locale\" content=\"en_US\" \/>\n<meta property=\"og:type\" content=\"article\" \/>\n<meta property=\"og:title\" content=\"Portable electric car EV charger 16A PLUG TYPE-1 &amp; TYPE-2 - www.akum.lv\" \/>\n<meta property=\"og:description\" content=\"Portable electric car EV charger 16A PLUG TYPE-1 &amp; TYPE-2  Izmantojot p\u0101rn\u0113s\u0101jamo l\u0101d\u0113t\u0101ju, j\u016bs varat viegli un dro\u0161i uzl\u0101d\u0113t elektrisko automa\u0161\u012bnu no standarta m\u0101jsaimniec\u012bbas kontaktligzdas.  \u041f\u043e\u0440\u0442\u0430\u0442\u0438\u0432\u043d\u043e\u0435 \u0437\u0430\u0440\u044f\u0434\u043d\u043e\u0435 \u0443\u0441\u0442\u0440\u043e\u0439\u0441\u0442\u0432\u043e \u0421 \u043f\u043e\u043c\u043e\u0449\u044c\u044e \u043f\u043e\u0440\u0442\u0430\u0442\u0438\u0432\u043d\u043e\u0433\u043e \u0437\u0430\u0440\u044f\u0434\u043d\u043e\u0433\u043e \u0443\u0441\u0442\u0440\u043e\u0439\u0441\u0442\u0432\u0430 \u0432\u044b \u043c\u043e\u0436\u0435\u0442\u0435 \u043b\u0435\u0433\u043a\u043e \u0438 \u0431\u0435\u0437\u043e\u043f\u0430\u0441\u043d\u043e \u0437\u0430\u0440\u044f\u0436\u0430\u0442\u044c \u0441\u0432\u043e\u0439 \u044d\u043b\u0435\u043a\u0442\u0440\u043e\u043c\u043e\u0431\u0438\u043b\u044c \u043e\u0442 \u0441\u0442\u0430\u043d\u0434\u0430\u0440\u0442\u043d\u043e\u0439 \u0431\u044b\u0442\u043e\u0432\u043e\u0439 \u0440\u043e\u0437\u0435\u0442\u043a\u0438.  Portable charger With a portable charger you can easily and safely charge your electric car from a standard household power outlet.  Install plug type 1 plug Rated Voltage (V) 250 Rated Frequency (Hz) 50 \/ 60 Adjustable Current 6A min.- 16A max. Rated Power (kW) 3,8 Charging Cable Length 5m Operating Temperature -30 \u00b0C to +65 Storage Temperature -40 \u00b0C to +80 Protection Class IP65 Control Box Size (mm) 255 x 109 x 55 Weight (kg) 3,4\" \/>\n<meta property=\"og:url\" content=\"https:\/\/akum.lv\/prece\/portativais-elektromobiliem-ladetaja-16a-type-1\/\" \/>\n<meta property=\"og:site_name\" content=\"www.akum.lv\" \/>\n<meta property=\"article:modified_time\" content=\"2021-04-26T19:18:01+00:00\" \/>\n<meta property=\"og:image\" content=\"https:\/\/akum.lv\/wp-content\/uploads\/2021\/04\/AQTRON-portablecharger.jpg\" \/>\n\t<meta property=\"og:image:width\" content=\"600\" \/>\n\t<meta property=\"og:image:height\" content=\"600\" \/>\n\t<meta property=\"og:image:type\" content=\"image\/jpeg\" \/>\n<meta name=\"twitter:card\" content=\"summary_large_image\" \/>\n<script type=\"application\/ld+json\" class=\"yoast-schema-graph\">{\"@context\":\"https:\/\/schema.org\",\"@graph\":[{\"@type\":\"WebPage\",\"@id\":\"https:\/\/akum.lv\/prece\/portativais-elektromobiliem-ladetaja-16a-type-1\/\",\"url\":\"https:\/\/akum.lv\/prece\/portativais-elektromobiliem-ladetaja-16a-type-1\/\",\"name\":\"Portable electric car EV charger 16A PLUG TYPE-1 & TYPE-2 - www.akum.lv\",\"isPartOf\":{\"@id\":\"https:\/\/akum.lv\/#website\"},\"primaryImageOfPage\":{\"@id\":\"https:\/\/akum.lv\/prece\/portativais-elektromobiliem-ladetaja-16a-type-1\/#primaryimage\"},\"image\":{\"@id\":\"https:\/\/akum.lv\/prece\/portativais-elektromobiliem-ladetaja-16a-type-1\/#primaryimage\"},\"thumbnailUrl\":\"https:\/\/akum.lv\/wp-content\/uploads\/2021\/04\/AQTRON-portablecharger.jpg\",\"datePublished\":\"2021-04-21T10:27:10+00:00\",\"dateModified\":\"2021-04-26T19:18:01+00:00\",\"breadcrumb\":{\"@id\":\"https:\/\/akum.lv\/prece\/portativais-elektromobiliem-ladetaja-16a-type-1\/#breadcrumb\"},\"inLanguage\":\"en-US\",\"potentialAction\":[{\"@type\":\"ReadAction\",\"target\":[\"https:\/\/akum.lv\/prece\/portativais-elektromobiliem-ladetaja-16a-type-1\/\"]}]},{\"@type\":\"ImageObject\",\"inLanguage\":\"en-US\",\"@id\":\"https:\/\/akum.lv\/prece\/portativais-elektromobiliem-ladetaja-16a-type-1\/#primaryimage\",\"url\":\"https:\/\/akum.lv\/wp-content\/uploads\/2021\/04\/AQTRON-portablecharger.jpg\",\"contentUrl\":\"https:\/\/akum.lv\/wp-content\/uploads\/2021\/04\/AQTRON-portablecharger.jpg\",\"width\":600,\"height\":600},{\"@type\":\"BreadcrumbList\",\"@id\":\"https:\/\/akum.lv\/prece\/portativais-elektromobiliem-ladetaja-16a-type-1\/#breadcrumb\",\"itemListElement\":[{\"@type\":\"ListItem\",\"position\":1,\"name\":\"\u0413\u043b\u0430\u0432\u043d\u0430\u044f \u0441\u0442\u0440\u0430\u043d\u0438\u0446\u0430\",\"item\":\"https:\/\/akum.lv\/en\/\"},{\"@type\":\"ListItem\",\"position\":2,\"name\":\"PRECES\",\"item\":\"https:\/\/akum.lv\/produkti-preces\/\"},{\"@type\":\"ListItem\",\"position\":3,\"name\":\"Portable electric car EV charger 16A PLUG TYPE-1 &#038; TYPE-2\"}]},{\"@type\":\"WebSite\",\"@id\":\"https:\/\/akum.lv\/#website\",\"url\":\"https:\/\/akum.lv\/\",\"name\":\"www.akum.lv\",\"description\":\"Akumulatoru p\u0101rdev\u0113js | \u041f\u0440\u043e\u0434\u0430\u0432\u0435\u0446 \u0430\u043a\u043a\u0443\u043c\u0443\u043b\u044f\u0442\u043e\u0440\u043e\u0432 | Battery seller\",\"publisher\":{\"@id\":\"https:\/\/akum.lv\/#organization\"},\"potentialAction\":[{\"@type\":\"SearchAction\",\"target\":{\"@type\":\"EntryPoint\",\"urlTemplate\":\"https:\/\/akum.lv\/?s={search_term_string}\"},\"query-input\":{\"@type\":\"PropertyValueSpecification\",\"valueRequired\":true,\"valueName\":\"search_term_string\"}}],\"inLanguage\":\"en-US\"},{\"@type\":\"Organization\",\"@id\":\"https:\/\/akum.lv\/#organization\",\"name\":\"HubEnergy\",\"url\":\"https:\/\/akum.lv\/\",\"logo\":{\"@type\":\"ImageObject\",\"inLanguage\":\"en-US\",\"@id\":\"https:\/\/akum.lv\/#\/schema\/logo\/image\/\",\"url\":\"https:\/\/akum.lv\/wp-content\/uploads\/2018\/08\/Logo-hub-energy-2018-seller-dark-blue.png\",\"contentUrl\":\"https:\/\/akum.lv\/wp-content\/uploads\/2018\/08\/Logo-hub-energy-2018-seller-dark-blue.png\",\"width\":381,\"height\":75,\"caption\":\"HubEnergy\"},\"image\":{\"@id\":\"https:\/\/akum.lv\/#\/schema\/logo\/image\/\"}}]}<\/script>\n<!-- \/ Yoast SEO plugin. -->","yoast_head_json":{"title":"Portable electric car EV charger 16A PLUG TYPE-1 & TYPE-2 - www.akum.lv","robots":{"index":"index","follow":"follow","max-snippet":"max-snippet:-1","max-image-preview":"max-image-preview:large","max-video-preview":"max-video-preview:-1"},"canonical":"https:\/\/akum.lv\/prece\/portativais-elektromobiliem-ladetaja-16a-type-1\/","og_locale":"en_US","og_type":"article","og_title":"Portable electric car EV charger 16A PLUG TYPE-1 & TYPE-2 - www.akum.lv","og_description":"Portable electric car EV charger 16A PLUG TYPE-1 &amp; TYPE-2  Izmantojot p\u0101rn\u0113s\u0101jamo l\u0101d\u0113t\u0101ju, j\u016bs varat viegli un dro\u0161i uzl\u0101d\u0113t elektrisko automa\u0161\u012bnu no standarta m\u0101jsaimniec\u012bbas kontaktligzdas.  \u041f\u043e\u0440\u0442\u0430\u0442\u0438\u0432\u043d\u043e\u0435 \u0437\u0430\u0440\u044f\u0434\u043d\u043e\u0435 \u0443\u0441\u0442\u0440\u043e\u0439\u0441\u0442\u0432\u043e \u0421 \u043f\u043e\u043c\u043e\u0449\u044c\u044e \u043f\u043e\u0440\u0442\u0430\u0442\u0438\u0432\u043d\u043e\u0433\u043e \u0437\u0430\u0440\u044f\u0434\u043d\u043e\u0433\u043e \u0443\u0441\u0442\u0440\u043e\u0439\u0441\u0442\u0432\u0430 \u0432\u044b \u043c\u043e\u0436\u0435\u0442\u0435 \u043b\u0435\u0433\u043a\u043e \u0438 \u0431\u0435\u0437\u043e\u043f\u0430\u0441\u043d\u043e \u0437\u0430\u0440\u044f\u0436\u0430\u0442\u044c \u0441\u0432\u043e\u0439 \u044d\u043b\u0435\u043a\u0442\u0440\u043e\u043c\u043e\u0431\u0438\u043b\u044c \u043e\u0442 \u0441\u0442\u0430\u043d\u0434\u0430\u0440\u0442\u043d\u043e\u0439 \u0431\u044b\u0442\u043e\u0432\u043e\u0439 \u0440\u043e\u0437\u0435\u0442\u043a\u0438.  Portable charger With a portable charger you can easily and safely charge your electric car from a standard household power outlet.  Install plug type 1 plug Rated Voltage (V) 250 Rated Frequency (Hz) 50 \/ 60 Adjustable Current 6A min.- 16A max. Rated Power (kW) 3,8 Charging Cable Length 5m Operating Temperature -30 \u00b0C to +65 Storage Temperature -40 \u00b0C to +80 Protection Class IP65 Control Box Size (mm) 255 x 109 x 55 Weight (kg) 3,4","og_url":"https:\/\/akum.lv\/prece\/portativais-elektromobiliem-ladetaja-16a-type-1\/","og_site_name":"www.akum.lv","article_modified_time":"2021-04-26T19:18:01+00:00","og_image":[{"width":600,"height":600,"url":"https:\/\/akum.lv\/wp-content\/uploads\/2021\/04\/AQTRON-portablecharger.jpg","type":"image\/jpeg"}],"twitter_card":"summary_large_image","schema":{"@context":"https:\/\/schema.org","@graph":[{"@type":"WebPage","@id":"https:\/\/akum.lv\/prece\/portativais-elektromobiliem-ladetaja-16a-type-1\/","url":"https:\/\/akum.lv\/prece\/portativais-elektromobiliem-ladetaja-16a-type-1\/","name":"Portable electric car EV charger 16A PLUG TYPE-1 & TYPE-2 - www.akum.lv","isPartOf":{"@id":"https:\/\/akum.lv\/#website"},"primaryImageOfPage":{"@id":"https:\/\/akum.lv\/prece\/portativais-elektromobiliem-ladetaja-16a-type-1\/#primaryimage"},"image":{"@id":"https:\/\/akum.lv\/prece\/portativais-elektromobiliem-ladetaja-16a-type-1\/#primaryimage"},"thumbnailUrl":"https:\/\/akum.lv\/wp-content\/uploads\/2021\/04\/AQTRON-portablecharger.jpg","datePublished":"2021-04-21T10:27:10+00:00","dateModified":"2021-04-26T19:18:01+00:00","breadcrumb":{"@id":"https:\/\/akum.lv\/prece\/portativais-elektromobiliem-ladetaja-16a-type-1\/#breadcrumb"},"inLanguage":"en-US","potentialAction":[{"@type":"ReadAction","target":["https:\/\/akum.lv\/prece\/portativais-elektromobiliem-ladetaja-16a-type-1\/"]}]},{"@type":"ImageObject","inLanguage":"en-US","@id":"https:\/\/akum.lv\/prece\/portativais-elektromobiliem-ladetaja-16a-type-1\/#primaryimage","url":"https:\/\/akum.lv\/wp-content\/uploads\/2021\/04\/AQTRON-portablecharger.jpg","contentUrl":"https:\/\/akum.lv\/wp-content\/uploads\/2021\/04\/AQTRON-portablecharger.jpg","width":600,"height":600},{"@type":"BreadcrumbList","@id":"https:\/\/akum.lv\/prece\/portativais-elektromobiliem-ladetaja-16a-type-1\/#breadcrumb","itemListElement":[{"@type":"ListItem","position":1,"name":"\u0413\u043b\u0430\u0432\u043d\u0430\u044f \u0441\u0442\u0440\u0430\u043d\u0438\u0446\u0430","item":"https:\/\/akum.lv\/en\/"},{"@type":"ListItem","position":2,"name":"PRECES","item":"https:\/\/akum.lv\/produkti-preces\/"},{"@type":"ListItem","position":3,"name":"Portable electric car EV charger 16A PLUG TYPE-1 &#038; TYPE-2"}]},{"@type":"WebSite","@id":"https:\/\/akum.lv\/#website","url":"https:\/\/akum.lv\/","name":"www.akum.lv","description":"Akumulatoru p\u0101rdev\u0113js | \u041f\u0440\u043e\u0434\u0430\u0432\u0435\u0446 \u0430\u043a\u043a\u0443\u043c\u0443\u043b\u044f\u0442\u043e\u0440\u043e\u0432 | Battery seller","publisher":{"@id":"https:\/\/akum.lv\/#organization"},"potentialAction":[{"@type":"SearchAction","target":{"@type":"EntryPoint","urlTemplate":"https:\/\/akum.lv\/?s={search_term_string}"},"query-input":{"@type":"PropertyValueSpecification","valueRequired":true,"valueName":"search_term_string"}}],"inLanguage":"en-US"},{"@type":"Organization","@id":"https:\/\/akum.lv\/#organization","name":"HubEnergy","url":"https:\/\/akum.lv\/","logo":{"@type":"ImageObject","inLanguage":"en-US","@id":"https:\/\/akum.lv\/#\/schema\/logo\/image\/","url":"https:\/\/akum.lv\/wp-content\/uploads\/2018\/08\/Logo-hub-energy-2018-seller-dark-blue.png","contentUrl":"https:\/\/akum.lv\/wp-content\/uploads\/2018\/08\/Logo-hub-energy-2018-seller-dark-blue.png","width":381,"height":75,"caption":"HubEnergy"},"image":{"@id":"https:\/\/akum.lv\/#\/schema\/logo\/image\/"}}]}},"brands":[],"_links":{"self":[{"href":"https:\/\/akum.lv\/en\/wp-json\/wp\/v2\/product\/10255","targetHints":{"allow":["GET"]}}],"collection":[{"href":"https:\/\/akum.lv\/en\/wp-json\/wp\/v2\/product"}],"about":[{"href":"https:\/\/akum.lv\/en\/wp-json\/wp\/v2\/types\/product"}],"wp:featuredmedia":[{"embeddable":true,"href":"https:\/\/akum.lv\/en\/wp-json\/wp\/v2\/media\/10253"}],"wp:attachment":[{"href":"https:\/\/akum.lv\/en\/wp-json\/wp\/v2\/media?parent=10255"}],"wp:term":[{"taxonomy":"pwb-brand","embeddable":true,"href":"https:\/\/akum.lv\/en\/wp-json\/wp\/v2\/pwb-brand?post=10255"},{"taxonomy":"product_brand","embeddable":true,"href":"https:\/\/akum.lv\/en\/wp-json\/wp\/v2\/product_brand?post=10255"},{"taxonomy":"product_cat","embeddable":true,"href":"https:\/\/akum.lv\/en\/wp-json\/wp\/v2\/product_cat?post=10255"},{"taxonomy":"product_tag","embeddable":true,"href":"https:\/\/akum.lv\/en\/wp-json\/wp\/v2\/product_tag?post=10255"}],"curies":[{"name":"wp","href":"https:\/\/api.w.org\/{rel}","templated":true}]}}