{"id":10190,"date":"2021-03-23T09:10:30","date_gmt":"2021-03-23T09:10:30","guid":{"rendered":"https:\/\/akum.lv\/product\/mw-power-mw-sc8e-universal-charger-12v-8a-24v-4a-lcd-display-ip65-ladesanas-ierice\/"},"modified":"2026-04-14T11:15:45","modified_gmt":"2026-04-14T11:15:45","slug":"mw-power-mw-sc8e-universal-charger-12v-8a-24v-4a-lcd-display-ip65-ladesanas-ierice","status":"publish","type":"product","link":"https:\/\/akum.lv\/en\/prece\/mw-power-mw-sc8e-universal-charger-12v-8a-24v-4a-lcd-display-ip65-ladesanas-ierice\/","title":{"rendered":"MW Power MW-SC8E universal charger 12V-8A\/24V-4A LCD display (IP65) l\u0101d\u0113\u0161anas ier\u012bce"},"content":{"rendered":"","protected":false},"excerpt":{"rendered":"<p><strong>MW Power MW-SC8E universal charger 12V-8A\/24V-4A LCD display (IP65) l\u0101d\u0113\u0161anas ier\u012bce<\/strong><\/p>\n<p><img loading=\"lazy\" decoding=\"async\" class=\"alignnone  wp-image-8116\" src=\"https:\/\/akum.lv\/wp-content\/uploads\/2020\/06\/AKCIJA.jpg\" alt=\"\" width=\"176\" height=\"74\" \/><\/p>\n<p>APRAKSTS<br \/>\nProdukts ir piem\u0113rots uzl\u0101d\u0113\u0161anai 12 V un 24 V svina sk\u0101bes akumulatoru SLA, SLI, GEL un AGM baterij\u0101m ar ietilp\u012bbu uzl\u0101d\u0113jiet akumulatorus l\u012bdz 140Ah, akumulatoru uztur\u0113\u0161anu l\u012bdz 240Ah (12 V) vai uzl\u0101d\u0113jiet akumulatorus l\u012bdz 80Ah, akumulatoru uztur\u0113\u0161anu l\u012bdz 240Ah (24 V).<\/p>\n<p>NEVIENOJIET L\u0100D\u0112T\u0100JU AKUMULATORAM KAD AUTOMAS\u012aNA TIEK IEDARBIN\u0100TA!<br \/>\nTAS VAR KAIT\u0112T J\u016aSU AKUMULATORAM UN LADE\u0160ANA IER\u012aCEI.<\/p>\n<p>A. Savienojiet l\u0101d\u0113t\u0101ju ar akumulatoru, k\u0101 aprakst\u012bts iepriek\u0161.<br \/>\nB. Pievienojiet l\u0101d\u0113t\u0101ju mai\u0146str\u0101vas kontaktligzdai.<br \/>\nC. Nospiediet BATTERY pogu, lai izv\u0113l\u0113tos akumulatora veidu, kuru uzl\u0101d\u0113sit.<br \/>\nD. Nospiediet pogu MODE, lai izv\u0113l\u0113tos uzl\u0101des l\u012bmeni.<br \/>\nE. Nospiediet START \/ STOP pogu, lai s\u0101ktu uzl\u0101di. Ja v\u0113laties jebkur\u0101 laik\u0101 p\u0101rtraukt uzl\u0101di vai main\u012bt iestat\u012bjumu, v\u0113lreiz nospiediet pogu START \/ STOP.<\/p>\n<p>PIEZ\u012aME. Ja l\u0101d\u0113t\u0101js neatrod pareizi pievienotu akumulatoru, LCD mirgo LCD displeja apgaismojums, un LCD ekr\u0101n\u0101 par\u0101d\u012bsies DTC, un uzl\u0101des process beigsies.<br \/>\nF. Lai nodro\u0161in\u0101tu uzl\u0101di uztur\u0113\u0161anas laik\u0101, l\u0101d\u0113t\u0101ju vienm\u0113r var pievienot akumulatoram. Tom\u0113r ieteicams periodiski p\u0101rbaud\u012bt akumulatoru.<br \/>\nG. Kad l\u0101d\u0113\u0161ana ir pabeigta, vispirms atvienojiet l\u0101d\u0113t\u0101ju no elektr\u012bbas kontaktligzdas un p\u0113c tam atvienojiet baterijas, izmantojot l\u0101d\u0113t\u0101ju.<\/p>\n","protected":false},"featured_media":10194,"template":"","meta":[],"pwb-brand":[336],"product_brand":[],"product_cat":[857,252],"product_tag":[],"class_list":{"0":"post-10190","1":"product","2":"type-product","3":"status-publish","4":"has-post-thumbnail","6":"pwb-brand-mw-power-en","7":"product_cat-sale","8":"product_cat-chargers-for-lead-acid-and-lifepo4-batteries","9":"pif-has-gallery","11":"first","12":"instock","13":"taxable","14":"shipping-taxable","15":"purchasable","16":"product-type-simple"},"yoast_head":"<!-- This site is optimized with the Yoast SEO plugin v26.7 - https:\/\/yoast.com\/wordpress\/plugins\/seo\/ -->\n<title>MW Power MW-SC8E universal charger 12V-8A\/24V-4A LCD display (IP65) l\u0101d\u0113\u0161anas ier\u012bce - www.akum.lv<\/title>\n<meta name=\"robots\" content=\"index, follow, max-snippet:-1, max-image-preview:large, max-video-preview:-1\" \/>\n<link rel=\"canonical\" href=\"https:\/\/akum.lv\/en\/prece\/mw-power-mw-sc8e-universal-charger-12v-8a-24v-4a-lcd-display-ip65-ladesanas-ierice\/\" \/>\n<meta property=\"og:locale\" content=\"en_US\" \/>\n<meta property=\"og:type\" content=\"article\" \/>\n<meta property=\"og:title\" content=\"MW Power MW-SC8E universal charger 12V-8A\/24V-4A LCD display (IP65) l\u0101d\u0113\u0161anas ier\u012bce - www.akum.lv\" \/>\n<meta property=\"og:description\" content=\"MW Power MW-SC8E universal charger 12V-8A\/24V-4A LCD display (IP65) l\u0101d\u0113\u0161anas ier\u012bce    APRAKSTS Produkts ir piem\u0113rots uzl\u0101d\u0113\u0161anai 12 V un 24 V svina sk\u0101bes akumulatoru SLA, SLI, GEL un AGM baterij\u0101m ar ietilp\u012bbu uzl\u0101d\u0113jiet akumulatorus l\u012bdz 140Ah, akumulatoru uztur\u0113\u0161anu l\u012bdz 240Ah (12 V) vai uzl\u0101d\u0113jiet akumulatorus l\u012bdz 80Ah, akumulatoru uztur\u0113\u0161anu l\u012bdz 240Ah (24 V).  NEVIENOJIET L\u0100D\u0112T\u0100JU AKUMULATORAM KAD AUTOMAS\u012aNA TIEK IEDARBIN\u0100TA! TAS VAR KAIT\u0112T J\u016aSU AKUMULATORAM UN LADE\u0160ANA IER\u012aCEI.  A. Savienojiet l\u0101d\u0113t\u0101ju ar akumulatoru, k\u0101 aprakst\u012bts iepriek\u0161. B. Pievienojiet l\u0101d\u0113t\u0101ju mai\u0146str\u0101vas kontaktligzdai. C. Nospiediet BATTERY pogu, lai izv\u0113l\u0113tos akumulatora veidu, kuru uzl\u0101d\u0113sit. D. Nospiediet pogu MODE, lai izv\u0113l\u0113tos uzl\u0101des l\u012bmeni. E. Nospiediet START \/ STOP pogu, lai s\u0101ktu uzl\u0101di. Ja v\u0113laties jebkur\u0101 laik\u0101 p\u0101rtraukt uzl\u0101di vai main\u012bt iestat\u012bjumu, v\u0113lreiz nospiediet pogu START \/ STOP.  PIEZ\u012aME. Ja l\u0101d\u0113t\u0101js neatrod pareizi pievienotu akumulatoru, LCD mirgo LCD displeja apgaismojums, un LCD ekr\u0101n\u0101 par\u0101d\u012bsies DTC, un uzl\u0101des process beigsies. F. Lai nodro\u0161in\u0101tu uzl\u0101di uztur\u0113\u0161anas laik\u0101, l\u0101d\u0113t\u0101ju vienm\u0113r var pievienot akumulatoram. Tom\u0113r ieteicams periodiski p\u0101rbaud\u012bt akumulatoru. G. Kad l\u0101d\u0113\u0161ana ir pabeigta, vispirms atvienojiet l\u0101d\u0113t\u0101ju no elektr\u012bbas kontaktligzdas un p\u0113c tam atvienojiet baterijas, izmantojot l\u0101d\u0113t\u0101ju.\" \/>\n<meta property=\"og:url\" content=\"https:\/\/akum.lv\/en\/prece\/mw-power-mw-sc8e-universal-charger-12v-8a-24v-4a-lcd-display-ip65-ladesanas-ierice\/\" \/>\n<meta property=\"og:site_name\" content=\"www.akum.lv\" \/>\n<meta property=\"article:modified_time\" content=\"2026-04-14T11:15:45+00:00\" \/>\n<meta property=\"og:image\" content=\"https:\/\/akum.lv\/wp-content\/uploads\/2021\/03\/MW-SC8E.jpg\" \/>\n\t<meta property=\"og:image:width\" content=\"500\" \/>\n\t<meta property=\"og:image:height\" content=\"247\" \/>\n\t<meta property=\"og:image:type\" content=\"image\/jpeg\" \/>\n<meta name=\"twitter:card\" content=\"summary_large_image\" \/>\n<meta name=\"twitter:label1\" content=\"Est. reading time\" \/>\n\t<meta name=\"twitter:data1\" content=\"1 minute\" \/>\n<script type=\"application\/ld+json\" class=\"yoast-schema-graph\">{\"@context\":\"https:\/\/schema.org\",\"@graph\":[{\"@type\":\"WebPage\",\"@id\":\"https:\/\/akum.lv\/en\/prece\/mw-power-mw-sc8e-universal-charger-12v-8a-24v-4a-lcd-display-ip65-ladesanas-ierice\/\",\"url\":\"https:\/\/akum.lv\/en\/prece\/mw-power-mw-sc8e-universal-charger-12v-8a-24v-4a-lcd-display-ip65-ladesanas-ierice\/\",\"name\":\"MW Power MW-SC8E universal charger 12V-8A\/24V-4A LCD display (IP65) l\u0101d\u0113\u0161anas ier\u012bce - www.akum.lv\",\"isPartOf\":{\"@id\":\"https:\/\/akum.lv\/#website\"},\"primaryImageOfPage\":{\"@id\":\"https:\/\/akum.lv\/en\/prece\/mw-power-mw-sc8e-universal-charger-12v-8a-24v-4a-lcd-display-ip65-ladesanas-ierice\/#primaryimage\"},\"image\":{\"@id\":\"https:\/\/akum.lv\/en\/prece\/mw-power-mw-sc8e-universal-charger-12v-8a-24v-4a-lcd-display-ip65-ladesanas-ierice\/#primaryimage\"},\"thumbnailUrl\":\"https:\/\/akum.lv\/wp-content\/uploads\/2021\/03\/MW-SC8E.jpg\",\"datePublished\":\"2021-03-23T09:10:30+00:00\",\"dateModified\":\"2026-04-14T11:15:45+00:00\",\"breadcrumb\":{\"@id\":\"https:\/\/akum.lv\/en\/prece\/mw-power-mw-sc8e-universal-charger-12v-8a-24v-4a-lcd-display-ip65-ladesanas-ierice\/#breadcrumb\"},\"inLanguage\":\"en-US\",\"potentialAction\":[{\"@type\":\"ReadAction\",\"target\":[\"https:\/\/akum.lv\/en\/prece\/mw-power-mw-sc8e-universal-charger-12v-8a-24v-4a-lcd-display-ip65-ladesanas-ierice\/\"]}]},{\"@type\":\"ImageObject\",\"inLanguage\":\"en-US\",\"@id\":\"https:\/\/akum.lv\/en\/prece\/mw-power-mw-sc8e-universal-charger-12v-8a-24v-4a-lcd-display-ip65-ladesanas-ierice\/#primaryimage\",\"url\":\"https:\/\/akum.lv\/wp-content\/uploads\/2021\/03\/MW-SC8E.jpg\",\"contentUrl\":\"https:\/\/akum.lv\/wp-content\/uploads\/2021\/03\/MW-SC8E.jpg\",\"width\":500,\"height\":247},{\"@type\":\"BreadcrumbList\",\"@id\":\"https:\/\/akum.lv\/en\/prece\/mw-power-mw-sc8e-universal-charger-12v-8a-24v-4a-lcd-display-ip65-ladesanas-ierice\/#breadcrumb\",\"itemListElement\":[{\"@type\":\"ListItem\",\"position\":1,\"name\":\"\u0413\u043b\u0430\u0432\u043d\u0430\u044f \u0441\u0442\u0440\u0430\u043d\u0438\u0446\u0430\",\"item\":\"https:\/\/akum.lv\/en\/\"},{\"@type\":\"ListItem\",\"position\":2,\"name\":\"PRECES\",\"item\":\"https:\/\/akum.lv\/produkti-preces\/\"},{\"@type\":\"ListItem\",\"position\":3,\"name\":\"MW Power MW-SC8E universal charger 12V-8A\/24V-4A LCD display (IP65) l\u0101d\u0113\u0161anas ier\u012bce\"}]},{\"@type\":\"WebSite\",\"@id\":\"https:\/\/akum.lv\/#website\",\"url\":\"https:\/\/akum.lv\/\",\"name\":\"www.akum.lv\",\"description\":\"Akumulatoru p\u0101rdev\u0113js | \u041f\u0440\u043e\u0434\u0430\u0432\u0435\u0446 \u0430\u043a\u043a\u0443\u043c\u0443\u043b\u044f\u0442\u043e\u0440\u043e\u0432 | Battery seller\",\"publisher\":{\"@id\":\"https:\/\/akum.lv\/#organization\"},\"potentialAction\":[{\"@type\":\"SearchAction\",\"target\":{\"@type\":\"EntryPoint\",\"urlTemplate\":\"https:\/\/akum.lv\/?s={search_term_string}\"},\"query-input\":{\"@type\":\"PropertyValueSpecification\",\"valueRequired\":true,\"valueName\":\"search_term_string\"}}],\"inLanguage\":\"en-US\"},{\"@type\":\"Organization\",\"@id\":\"https:\/\/akum.lv\/#organization\",\"name\":\"HubEnergy\",\"url\":\"https:\/\/akum.lv\/\",\"logo\":{\"@type\":\"ImageObject\",\"inLanguage\":\"en-US\",\"@id\":\"https:\/\/akum.lv\/#\/schema\/logo\/image\/\",\"url\":\"https:\/\/akum.lv\/wp-content\/uploads\/2018\/08\/Logo-hub-energy-2018-seller-dark-blue.png\",\"contentUrl\":\"https:\/\/akum.lv\/wp-content\/uploads\/2018\/08\/Logo-hub-energy-2018-seller-dark-blue.png\",\"width\":381,\"height\":75,\"caption\":\"HubEnergy\"},\"image\":{\"@id\":\"https:\/\/akum.lv\/#\/schema\/logo\/image\/\"}}]}<\/script>\n<!-- \/ Yoast SEO plugin. -->","yoast_head_json":{"title":"MW Power MW-SC8E universal charger 12V-8A\/24V-4A LCD display (IP65) l\u0101d\u0113\u0161anas ier\u012bce - www.akum.lv","robots":{"index":"index","follow":"follow","max-snippet":"max-snippet:-1","max-image-preview":"max-image-preview:large","max-video-preview":"max-video-preview:-1"},"canonical":"https:\/\/akum.lv\/en\/prece\/mw-power-mw-sc8e-universal-charger-12v-8a-24v-4a-lcd-display-ip65-ladesanas-ierice\/","og_locale":"en_US","og_type":"article","og_title":"MW Power MW-SC8E universal charger 12V-8A\/24V-4A LCD display (IP65) l\u0101d\u0113\u0161anas ier\u012bce - www.akum.lv","og_description":"MW Power MW-SC8E universal charger 12V-8A\/24V-4A LCD display (IP65) l\u0101d\u0113\u0161anas ier\u012bce    APRAKSTS Produkts ir piem\u0113rots uzl\u0101d\u0113\u0161anai 12 V un 24 V svina sk\u0101bes akumulatoru SLA, SLI, GEL un AGM baterij\u0101m ar ietilp\u012bbu uzl\u0101d\u0113jiet akumulatorus l\u012bdz 140Ah, akumulatoru uztur\u0113\u0161anu l\u012bdz 240Ah (12 V) vai uzl\u0101d\u0113jiet akumulatorus l\u012bdz 80Ah, akumulatoru uztur\u0113\u0161anu l\u012bdz 240Ah (24 V).  NEVIENOJIET L\u0100D\u0112T\u0100JU AKUMULATORAM KAD AUTOMAS\u012aNA TIEK IEDARBIN\u0100TA! TAS VAR KAIT\u0112T J\u016aSU AKUMULATORAM UN LADE\u0160ANA IER\u012aCEI.  A. Savienojiet l\u0101d\u0113t\u0101ju ar akumulatoru, k\u0101 aprakst\u012bts iepriek\u0161. B. Pievienojiet l\u0101d\u0113t\u0101ju mai\u0146str\u0101vas kontaktligzdai. C. Nospiediet BATTERY pogu, lai izv\u0113l\u0113tos akumulatora veidu, kuru uzl\u0101d\u0113sit. D. Nospiediet pogu MODE, lai izv\u0113l\u0113tos uzl\u0101des l\u012bmeni. E. Nospiediet START \/ STOP pogu, lai s\u0101ktu uzl\u0101di. Ja v\u0113laties jebkur\u0101 laik\u0101 p\u0101rtraukt uzl\u0101di vai main\u012bt iestat\u012bjumu, v\u0113lreiz nospiediet pogu START \/ STOP.  PIEZ\u012aME. Ja l\u0101d\u0113t\u0101js neatrod pareizi pievienotu akumulatoru, LCD mirgo LCD displeja apgaismojums, un LCD ekr\u0101n\u0101 par\u0101d\u012bsies DTC, un uzl\u0101des process beigsies. F. Lai nodro\u0161in\u0101tu uzl\u0101di uztur\u0113\u0161anas laik\u0101, l\u0101d\u0113t\u0101ju vienm\u0113r var pievienot akumulatoram. Tom\u0113r ieteicams periodiski p\u0101rbaud\u012bt akumulatoru. G. Kad l\u0101d\u0113\u0161ana ir pabeigta, vispirms atvienojiet l\u0101d\u0113t\u0101ju no elektr\u012bbas kontaktligzdas un p\u0113c tam atvienojiet baterijas, izmantojot l\u0101d\u0113t\u0101ju.","og_url":"https:\/\/akum.lv\/en\/prece\/mw-power-mw-sc8e-universal-charger-12v-8a-24v-4a-lcd-display-ip65-ladesanas-ierice\/","og_site_name":"www.akum.lv","article_modified_time":"2026-04-14T11:15:45+00:00","og_image":[{"width":500,"height":247,"url":"https:\/\/akum.lv\/wp-content\/uploads\/2021\/03\/MW-SC8E.jpg","type":"image\/jpeg"}],"twitter_card":"summary_large_image","twitter_misc":{"Est. reading time":"1 minute"},"schema":{"@context":"https:\/\/schema.org","@graph":[{"@type":"WebPage","@id":"https:\/\/akum.lv\/en\/prece\/mw-power-mw-sc8e-universal-charger-12v-8a-24v-4a-lcd-display-ip65-ladesanas-ierice\/","url":"https:\/\/akum.lv\/en\/prece\/mw-power-mw-sc8e-universal-charger-12v-8a-24v-4a-lcd-display-ip65-ladesanas-ierice\/","name":"MW Power MW-SC8E universal charger 12V-8A\/24V-4A LCD display (IP65) l\u0101d\u0113\u0161anas ier\u012bce - www.akum.lv","isPartOf":{"@id":"https:\/\/akum.lv\/#website"},"primaryImageOfPage":{"@id":"https:\/\/akum.lv\/en\/prece\/mw-power-mw-sc8e-universal-charger-12v-8a-24v-4a-lcd-display-ip65-ladesanas-ierice\/#primaryimage"},"image":{"@id":"https:\/\/akum.lv\/en\/prece\/mw-power-mw-sc8e-universal-charger-12v-8a-24v-4a-lcd-display-ip65-ladesanas-ierice\/#primaryimage"},"thumbnailUrl":"https:\/\/akum.lv\/wp-content\/uploads\/2021\/03\/MW-SC8E.jpg","datePublished":"2021-03-23T09:10:30+00:00","dateModified":"2026-04-14T11:15:45+00:00","breadcrumb":{"@id":"https:\/\/akum.lv\/en\/prece\/mw-power-mw-sc8e-universal-charger-12v-8a-24v-4a-lcd-display-ip65-ladesanas-ierice\/#breadcrumb"},"inLanguage":"en-US","potentialAction":[{"@type":"ReadAction","target":["https:\/\/akum.lv\/en\/prece\/mw-power-mw-sc8e-universal-charger-12v-8a-24v-4a-lcd-display-ip65-ladesanas-ierice\/"]}]},{"@type":"ImageObject","inLanguage":"en-US","@id":"https:\/\/akum.lv\/en\/prece\/mw-power-mw-sc8e-universal-charger-12v-8a-24v-4a-lcd-display-ip65-ladesanas-ierice\/#primaryimage","url":"https:\/\/akum.lv\/wp-content\/uploads\/2021\/03\/MW-SC8E.jpg","contentUrl":"https:\/\/akum.lv\/wp-content\/uploads\/2021\/03\/MW-SC8E.jpg","width":500,"height":247},{"@type":"BreadcrumbList","@id":"https:\/\/akum.lv\/en\/prece\/mw-power-mw-sc8e-universal-charger-12v-8a-24v-4a-lcd-display-ip65-ladesanas-ierice\/#breadcrumb","itemListElement":[{"@type":"ListItem","position":1,"name":"\u0413\u043b\u0430\u0432\u043d\u0430\u044f \u0441\u0442\u0440\u0430\u043d\u0438\u0446\u0430","item":"https:\/\/akum.lv\/en\/"},{"@type":"ListItem","position":2,"name":"PRECES","item":"https:\/\/akum.lv\/produkti-preces\/"},{"@type":"ListItem","position":3,"name":"MW Power MW-SC8E universal charger 12V-8A\/24V-4A LCD display (IP65) l\u0101d\u0113\u0161anas ier\u012bce"}]},{"@type":"WebSite","@id":"https:\/\/akum.lv\/#website","url":"https:\/\/akum.lv\/","name":"www.akum.lv","description":"Akumulatoru p\u0101rdev\u0113js | \u041f\u0440\u043e\u0434\u0430\u0432\u0435\u0446 \u0430\u043a\u043a\u0443\u043c\u0443\u043b\u044f\u0442\u043e\u0440\u043e\u0432 | Battery seller","publisher":{"@id":"https:\/\/akum.lv\/#organization"},"potentialAction":[{"@type":"SearchAction","target":{"@type":"EntryPoint","urlTemplate":"https:\/\/akum.lv\/?s={search_term_string}"},"query-input":{"@type":"PropertyValueSpecification","valueRequired":true,"valueName":"search_term_string"}}],"inLanguage":"en-US"},{"@type":"Organization","@id":"https:\/\/akum.lv\/#organization","name":"HubEnergy","url":"https:\/\/akum.lv\/","logo":{"@type":"ImageObject","inLanguage":"en-US","@id":"https:\/\/akum.lv\/#\/schema\/logo\/image\/","url":"https:\/\/akum.lv\/wp-content\/uploads\/2018\/08\/Logo-hub-energy-2018-seller-dark-blue.png","contentUrl":"https:\/\/akum.lv\/wp-content\/uploads\/2018\/08\/Logo-hub-energy-2018-seller-dark-blue.png","width":381,"height":75,"caption":"HubEnergy"},"image":{"@id":"https:\/\/akum.lv\/#\/schema\/logo\/image\/"}}]}},"brands":[{"id":336,"name":"MW POWER","slug":"mw-power-en"}],"_links":{"self":[{"href":"https:\/\/akum.lv\/en\/wp-json\/wp\/v2\/product\/10190","targetHints":{"allow":["GET"]}}],"collection":[{"href":"https:\/\/akum.lv\/en\/wp-json\/wp\/v2\/product"}],"about":[{"href":"https:\/\/akum.lv\/en\/wp-json\/wp\/v2\/types\/product"}],"wp:featuredmedia":[{"embeddable":true,"href":"https:\/\/akum.lv\/en\/wp-json\/wp\/v2\/media\/10194"}],"wp:attachment":[{"href":"https:\/\/akum.lv\/en\/wp-json\/wp\/v2\/media?parent=10190"}],"wp:term":[{"taxonomy":"pwb-brand","embeddable":true,"href":"https:\/\/akum.lv\/en\/wp-json\/wp\/v2\/pwb-brand?post=10190"},{"taxonomy":"product_brand","embeddable":true,"href":"https:\/\/akum.lv\/en\/wp-json\/wp\/v2\/product_brand?post=10190"},{"taxonomy":"product_cat","embeddable":true,"href":"https:\/\/akum.lv\/en\/wp-json\/wp\/v2\/product_cat?post=10190"},{"taxonomy":"product_tag","embeddable":true,"href":"https:\/\/akum.lv\/en\/wp-json\/wp\/v2\/product_tag?post=10190"}],"curies":[{"name":"wp","href":"https:\/\/api.w.org\/{rel}","templated":true}]}}