{"id":15715,"date":"2022-07-28T09:46:45","date_gmt":"2022-07-28T09:46:45","guid":{"rendered":"https:\/\/akum.lv\/par-mums\/"},"modified":"2024-01-12T12:21:20","modified_gmt":"2024-01-12T12:21:20","slug":"par-mums","status":"publish","type":"page","link":"https:\/\/akum.lv\/en\/par-mums\/","title":{"rendered":"PAR MUMS"},"content":{"rendered":"\n<section class=\"sh-section sh-section-f45ed3e8ab1f2ae0d5b4da8f2b6074c2 fw-main-row sh-section-visibility-everywhere\">\n\t\n\t\n\t<div class=\"sh-section-container container\">\n\t\t<div class=\"fw-row\">\n\t\n<div class=\"sh-column sh-column-718938f8e915f6a616102f1ddcd5a412 fw-col-xs-12\" >\n\n\t\n\t<div class=\"sh-column-wrapper\">\n\t\t\n<div class=\"sh-heading  \" id=\"heading-a6c03f89539bb0a7528e503b960e7b43\">\n\t<div class=\"sh-element-margin\">\n\n\t\t\n\t\t\t<h2 class=\"sh-heading-content size-l text-center\">\n\t\t\t\tPAMATINFORM\u0100CIJA PAR FIRMU\t\t\t<\/h2>\n\n\t\t\n\t<\/div>\n<\/div>\n\t<\/div>\n\n\n\t\t\n\n<\/div>\n<\/div>\n\n<div class=\"fw-row\">\n\t\n<div class=\"sh-column sh-column-718938f8e915f6a616102f1ddcd5a412 fw-col-xs-12\" >\n\n\t\n\t<div class=\"sh-column-wrapper\">\n\t\t\n<div class=\"sh-heading  \" id=\"heading-59be0cf943882ae3a987e43296a61557\">\n\t<div class=\"sh-element-margin\">\n\n\t\t\n\t\t\t<h2 class=\"sh-heading-content size-m text-center\">\n\t\t\t\tHUB ENERGY - vairumtirdzniec\u012bbas uz\u0146\u0113mums un izplat\u012bt\u0101js\t\t\t<\/h2>\n\n\t\t\n\t<\/div>\n<\/div>\n\t<\/div>\n\n\n\t\t\n\n<\/div>\n<\/div>\n\n<div class=\"fw-row\">\n\t\n<div class=\"sh-column sh-column-718938f8e915f6a616102f1ddcd5a412 fw-col-xs-12\" >\n\n\t\n\t<div class=\"sh-column-wrapper\">\n\t\t\n<div id=\"text-block-11ea40aec34bc515fa6f960eca7557f9\" class=\"sh-text-block\">\n\t<p>We, SIA ,,HUB ENERGY,, are a wholesale company and are also distributors.<br \/>Our distribution certificates are also available on our website.<br \/>We offer a wide range of all types of batteries, modern chargers for all types of batteries, primary batteries from leading brands and other accessories.<br \/>We also provide high-quality advice on the operation of batteries and chargers to our customers!<\/p><\/div>\n\t<\/div>\n\n\n\t\t\n\n<\/div>\n<\/div>\n\n\t<\/div>\n<\/section>\n\n","protected":false},"excerpt":{"rendered":"<p>PAMATINFORM\u0100CIJA PAR FIRMU HUB ENERGY &#8211; vairumtirdzniec\u012bbas uz\u0146\u0113mums un izplat\u012bt\u0101js We, SIA ,,HUB ENERGY,, are a wholesale company and are also distributors.Our distribution certificates are also available on our website.We offer a wide range of all types of batteries, modern chargers for all types of&#8230;<\/p>\n","protected":false},"author":2,"featured_media":0,"parent":0,"menu_order":0,"comment_status":"closed","ping_status":"closed","template":"","meta":{"footnotes":""},"class_list":["post-15715","page","type-page","status-publish","hentry"],"yoast_head":"<!-- This site is optimized with the Yoast SEO plugin v26.7 - https:\/\/yoast.com\/wordpress\/plugins\/seo\/ -->\n<title>PAR MUMS - www.akum.lv<\/title>\n<meta name=\"description\" content=\"Pie mums pirc\u0113js vienm\u0113r atrad\u012bs pla\u0161a sortimenta da\u017e\u0101ds akumulatoru baterijas un baterijas, m\u016bsdien\u012bgas uzl\u0101d\u0113jamas ier\u012bces visa veida akumulatoriem un citus aksesu\u0101rus priek\u0161 bateriju apkopes un kop\u0161anas.\" \/>\n<meta name=\"robots\" content=\"index, follow, max-snippet:-1, max-image-preview:large, max-video-preview:-1\" \/>\n<link rel=\"canonical\" href=\"https:\/\/akum.lv\/par-mums\/\" \/>\n<meta property=\"og:locale\" content=\"en_US\" \/>\n<meta property=\"og:type\" content=\"article\" \/>\n<meta property=\"og:title\" content=\"PAR MUMS - www.akum.lv\" \/>\n<meta property=\"og:description\" content=\"Pie mums pirc\u0113js vienm\u0113r atrad\u012bs pla\u0161a sortimenta da\u017e\u0101ds akumulatoru baterijas un baterijas, m\u016bsdien\u012bgas uzl\u0101d\u0113jamas ier\u012bces visa veida akumulatoriem un citus aksesu\u0101rus priek\u0161 bateriju apkopes un kop\u0161anas.\" \/>\n<meta property=\"og:url\" content=\"https:\/\/akum.lv\/par-mums\/\" \/>\n<meta property=\"og:site_name\" content=\"www.akum.lv\" \/>\n<meta property=\"article:modified_time\" content=\"2024-01-12T12:21:20+00:00\" \/>\n<meta name=\"twitter:card\" content=\"summary_large_image\" \/>\n<meta name=\"twitter:label1\" content=\"Est. reading time\" \/>\n\t<meta name=\"twitter:data1\" content=\"1 minute\" \/>\n<script type=\"application\/ld+json\" class=\"yoast-schema-graph\">{\"@context\":\"https:\/\/schema.org\",\"@graph\":[{\"@type\":\"WebPage\",\"@id\":\"https:\/\/akum.lv\/par-mums\/\",\"url\":\"https:\/\/akum.lv\/par-mums\/\",\"name\":\"PAR MUMS - www.akum.lv\",\"isPartOf\":{\"@id\":\"https:\/\/akum.lv\/#website\"},\"datePublished\":\"2022-07-28T09:46:45+00:00\",\"dateModified\":\"2024-01-12T12:21:20+00:00\",\"description\":\"Pie mums pirc\u0113js vienm\u0113r atrad\u012bs pla\u0161a sortimenta da\u017e\u0101ds akumulatoru baterijas un baterijas, m\u016bsdien\u012bgas uzl\u0101d\u0113jamas ier\u012bces visa veida akumulatoriem un citus aksesu\u0101rus priek\u0161 bateriju apkopes un kop\u0161anas.\",\"breadcrumb\":{\"@id\":\"https:\/\/akum.lv\/par-mums\/#breadcrumb\"},\"inLanguage\":\"en-US\",\"potentialAction\":[{\"@type\":\"ReadAction\",\"target\":[\"https:\/\/akum.lv\/par-mums\/\"]}]},{\"@type\":\"BreadcrumbList\",\"@id\":\"https:\/\/akum.lv\/par-mums\/#breadcrumb\",\"itemListElement\":[{\"@type\":\"ListItem\",\"position\":1,\"name\":\"\u0413\u043b\u0430\u0432\u043d\u0430\u044f \u0441\u0442\u0440\u0430\u043d\u0438\u0446\u0430\",\"item\":\"https:\/\/akum.lv\/en\/\"},{\"@type\":\"ListItem\",\"position\":2,\"name\":\"PAR MUMS\"}]},{\"@type\":\"WebSite\",\"@id\":\"https:\/\/akum.lv\/#website\",\"url\":\"https:\/\/akum.lv\/\",\"name\":\"www.akum.lv\",\"description\":\"Akumulatoru p\u0101rdev\u0113js | \u041f\u0440\u043e\u0434\u0430\u0432\u0435\u0446 \u0430\u043a\u043a\u0443\u043c\u0443\u043b\u044f\u0442\u043e\u0440\u043e\u0432 | Battery seller\",\"publisher\":{\"@id\":\"https:\/\/akum.lv\/#organization\"},\"potentialAction\":[{\"@type\":\"SearchAction\",\"target\":{\"@type\":\"EntryPoint\",\"urlTemplate\":\"https:\/\/akum.lv\/?s={search_term_string}\"},\"query-input\":{\"@type\":\"PropertyValueSpecification\",\"valueRequired\":true,\"valueName\":\"search_term_string\"}}],\"inLanguage\":\"en-US\"},{\"@type\":\"Organization\",\"@id\":\"https:\/\/akum.lv\/#organization\",\"name\":\"HubEnergy\",\"url\":\"https:\/\/akum.lv\/\",\"logo\":{\"@type\":\"ImageObject\",\"inLanguage\":\"en-US\",\"@id\":\"https:\/\/akum.lv\/#\/schema\/logo\/image\/\",\"url\":\"https:\/\/akum.lv\/wp-content\/uploads\/2018\/08\/Logo-hub-energy-2018-seller-dark-blue.png\",\"contentUrl\":\"https:\/\/akum.lv\/wp-content\/uploads\/2018\/08\/Logo-hub-energy-2018-seller-dark-blue.png\",\"width\":381,\"height\":75,\"caption\":\"HubEnergy\"},\"image\":{\"@id\":\"https:\/\/akum.lv\/#\/schema\/logo\/image\/\"}}]}<\/script>\n<!-- \/ Yoast SEO plugin. -->","yoast_head_json":{"title":"PAR MUMS - www.akum.lv","description":"Pie mums pirc\u0113js vienm\u0113r atrad\u012bs pla\u0161a sortimenta da\u017e\u0101ds akumulatoru baterijas un baterijas, m\u016bsdien\u012bgas uzl\u0101d\u0113jamas ier\u012bces visa veida akumulatoriem un citus aksesu\u0101rus priek\u0161 bateriju apkopes un kop\u0161anas.","robots":{"index":"index","follow":"follow","max-snippet":"max-snippet:-1","max-image-preview":"max-image-preview:large","max-video-preview":"max-video-preview:-1"},"canonical":"https:\/\/akum.lv\/par-mums\/","og_locale":"en_US","og_type":"article","og_title":"PAR MUMS - www.akum.lv","og_description":"Pie mums pirc\u0113js vienm\u0113r atrad\u012bs pla\u0161a sortimenta da\u017e\u0101ds akumulatoru baterijas un baterijas, m\u016bsdien\u012bgas uzl\u0101d\u0113jamas ier\u012bces visa veida akumulatoriem un citus aksesu\u0101rus priek\u0161 bateriju apkopes un kop\u0161anas.","og_url":"https:\/\/akum.lv\/par-mums\/","og_site_name":"www.akum.lv","article_modified_time":"2024-01-12T12:21:20+00:00","twitter_card":"summary_large_image","twitter_misc":{"Est. reading time":"1 minute"},"schema":{"@context":"https:\/\/schema.org","@graph":[{"@type":"WebPage","@id":"https:\/\/akum.lv\/par-mums\/","url":"https:\/\/akum.lv\/par-mums\/","name":"PAR MUMS - www.akum.lv","isPartOf":{"@id":"https:\/\/akum.lv\/#website"},"datePublished":"2022-07-28T09:46:45+00:00","dateModified":"2024-01-12T12:21:20+00:00","description":"Pie mums pirc\u0113js vienm\u0113r atrad\u012bs pla\u0161a sortimenta da\u017e\u0101ds akumulatoru baterijas un baterijas, m\u016bsdien\u012bgas uzl\u0101d\u0113jamas ier\u012bces visa veida akumulatoriem un citus aksesu\u0101rus priek\u0161 bateriju apkopes un kop\u0161anas.","breadcrumb":{"@id":"https:\/\/akum.lv\/par-mums\/#breadcrumb"},"inLanguage":"en-US","potentialAction":[{"@type":"ReadAction","target":["https:\/\/akum.lv\/par-mums\/"]}]},{"@type":"BreadcrumbList","@id":"https:\/\/akum.lv\/par-mums\/#breadcrumb","itemListElement":[{"@type":"ListItem","position":1,"name":"\u0413\u043b\u0430\u0432\u043d\u0430\u044f \u0441\u0442\u0440\u0430\u043d\u0438\u0446\u0430","item":"https:\/\/akum.lv\/en\/"},{"@type":"ListItem","position":2,"name":"PAR MUMS"}]},{"@type":"WebSite","@id":"https:\/\/akum.lv\/#website","url":"https:\/\/akum.lv\/","name":"www.akum.lv","description":"Akumulatoru p\u0101rdev\u0113js | \u041f\u0440\u043e\u0434\u0430\u0432\u0435\u0446 \u0430\u043a\u043a\u0443\u043c\u0443\u043b\u044f\u0442\u043e\u0440\u043e\u0432 | Battery seller","publisher":{"@id":"https:\/\/akum.lv\/#organization"},"potentialAction":[{"@type":"SearchAction","target":{"@type":"EntryPoint","urlTemplate":"https:\/\/akum.lv\/?s={search_term_string}"},"query-input":{"@type":"PropertyValueSpecification","valueRequired":true,"valueName":"search_term_string"}}],"inLanguage":"en-US"},{"@type":"Organization","@id":"https:\/\/akum.lv\/#organization","name":"HubEnergy","url":"https:\/\/akum.lv\/","logo":{"@type":"ImageObject","inLanguage":"en-US","@id":"https:\/\/akum.lv\/#\/schema\/logo\/image\/","url":"https:\/\/akum.lv\/wp-content\/uploads\/2018\/08\/Logo-hub-energy-2018-seller-dark-blue.png","contentUrl":"https:\/\/akum.lv\/wp-content\/uploads\/2018\/08\/Logo-hub-energy-2018-seller-dark-blue.png","width":381,"height":75,"caption":"HubEnergy"},"image":{"@id":"https:\/\/akum.lv\/#\/schema\/logo\/image\/"}}]}},"_links":{"self":[{"href":"https:\/\/akum.lv\/en\/wp-json\/wp\/v2\/pages\/15715","targetHints":{"allow":["GET"]}}],"collection":[{"href":"https:\/\/akum.lv\/en\/wp-json\/wp\/v2\/pages"}],"about":[{"href":"https:\/\/akum.lv\/en\/wp-json\/wp\/v2\/types\/page"}],"author":[{"embeddable":true,"href":"https:\/\/akum.lv\/en\/wp-json\/wp\/v2\/users\/2"}],"replies":[{"embeddable":true,"href":"https:\/\/akum.lv\/en\/wp-json\/wp\/v2\/comments?post=15715"}],"version-history":[{"count":3,"href":"https:\/\/akum.lv\/en\/wp-json\/wp\/v2\/pages\/15715\/revisions"}],"predecessor-version":[{"id":15724,"href":"https:\/\/akum.lv\/en\/wp-json\/wp\/v2\/pages\/15715\/revisions\/15724"}],"wp:attachment":[{"href":"https:\/\/akum.lv\/en\/wp-json\/wp\/v2\/media?parent=15715"}],"curies":[{"name":"wp","href":"https:\/\/api.w.org\/{rel}","templated":true}]}}